{"id":291578,"date":"2024-04-18T13:42:50","date_gmt":"2024-04-18T11:42:50","guid":{"rendered":"https:\/\/miomiorun.com\/prodotto\/sptize-hybrid-jacket-donna\/"},"modified":"2026-05-08T22:05:23","modified_gmt":"2026-05-08T20:05:23","slug":"sptize-hybrid-jacket-femme","status":"publish","type":"product","link":"https:\/\/www.miomiorun.com\/fr\/produit\/sptize-hybrid-jacket-femme\/","title":{"rendered":"Sptize Hybrid Jacket femme"},"content":{"rendered":"<div class=\"product-attribute product-attribute-passion\"><strong>Veste Spitze Hybrid<\/strong> pour femme : chaude et robuste, id\u00e9ale pour les sports de montagne. Coupe-vent et respirante, cette veste \u00e0 capuche en nylon 4-way-stretch vous offre une libert\u00e9 de mouvement maximale pour le ski et les sports de montagne.<\/div>\n<div><\/div>\n<div class=\"product-attribute product-attribute-passion\">Le traitement <strong>DWR<\/strong> vous prot\u00e8ge de la pluie fine, de la poussi\u00e8re et de la salet\u00e9. La tige en <strong>Cordura\u00ae<\/strong> monocouche avec membrane Pro-Meteo r\u00e9siste \u00e0 l&#8217;abrasion lorsque vous explorez la nature. Partiellement doubl\u00e9e en tissu <strong>OCTA\u00ae<\/strong>, cette veste isolante \u00e0 s\u00e9chage rapide vous garde au chaud sans vous alourdir. Le molleton stretch contrast\u00e9 ajoute une touche de style \u00e0 vos aventures, tandis que les poches zipp\u00e9es pour les mains et la poitrine vous permettent de transporter de petits objets tels que votre t\u00e9l\u00e9phone et vos en-cas.<\/div>\n<div><\/div>\n<div class=\"product-attribute product-attribute-passion\" style=\"text-align: center;\">\n<p><strong>La veste Spitze Hybrid pour femme est un v\u00eatement polyvalent que vous pouvez porter toute l&#8217;ann\u00e9e, parfait pour l&#8217;escalade par temps froid et les randonn\u00e9es estivales en haute altitude.<\/strong><\/p>\n<h3 style=\"text-align: left;\">Caract\u00e9ristiques :<\/h3>\n<ul class=\"tw-list-disc\" style=\"text-align: left;\">\n<li class=\"tw-text-xs\">Veste \u00e0 capuche pour femme<\/li>\n<li class=\"tw-text-xs\">Tissu en nylon extensible DWR avec structure \u00e0 double tissage gaufr\u00e9, r\u00e9sistant \u00e0 la d\u00e9chirure et \u00e0 l&#8217;abrasion<\/li>\n<li class=\"tw-text-xs\">Empi\u00e8cement sup\u00e9rieur et manches en nylon Cordura\u00ae DWR avec structure double-ripstop<\/li>\n<li class=\"tw-text-xs\">Tissu polaire extensible contrast\u00e9<\/li>\n<li class=\"tw-text-xs\">Partiellement doubl\u00e9 en tissu OCTA\u00ae 100 % polyester<\/li>\n<li class=\"tw-text-xs\">Fermeture \u00e0 glissi\u00e8re sur le devant, poches zipp\u00e9es pour les mains, poches zipp\u00e9es au niveau de la poitrine<\/li>\n<li class=\"tw-text-xs\">Poignets et ourlets \u00e9lastiqu\u00e9s<\/li>\n<li class=\"tw-text-xs\">Poignets avec trous pour le pouce<\/li>\n<li class=\"tw-text-xs\">V\u00eatement id\u00e9al pour l&#8217;escalade et diverses activit\u00e9s de plein air<\/li>\n<li class=\"tw-text-xs\">Poids : 280,0 g<\/li>\n<\/ul>\n<p style=\"text-align: left;\">\n<\/div>\n<p>&nbsp;<\/p>\n<div class=\"content__image-wrapper tw-w-fit\">\n<div class=\"content__image tw-relative tw-w-[5rem]\"><img loading=\"lazy\" decoding=\"async\" class=\"tw-absolute tw-top-0 tw-left-0 tw-w-full tw-h-full\" src=\"https:\/\/www.montura.com\/cdn\/shop\/files\/004_Breathable_Black.svg?v=1709125473&amp;width=200\" srcset=\"\/\/www.montura.com\/cdn\/shop\/files\/004_Breathable_Black.svg?v=1709125473&amp;width=200 200w\" alt=\"\" width=\"102\" height=\"102\" \/>RESPIRANT<strong>: <\/strong>Gr\u00e2ce aux tissus respirants, ce v\u00eatement favorise la transpiration naturelle de la peau et maintient le corps \u00e0 une temp\u00e9rature optimale.<\/div>\n<\/div>\n<div><\/div>\n<div><\/div>\n<div><\/div>\n<div><\/div>\n<div><\/div>\n<div class=\"product-attribute product-attribute-passion\">\n<div class=\"product info detailed\">\n<div class=\"product data items\" role=\"tablist\">\n<div class=\"content__image-wrapper tw-w-fit\">\n<div class=\"content__image tw-relative tw-w-[5rem]\"><img loading=\"lazy\" decoding=\"async\" class=\"tw-absolute tw-top-0 tw-left-0 tw-w-full tw-h-full\" src=\"https:\/\/www.montura.com\/cdn\/shop\/files\/003_Windproof_Black.svg?v=1709125529&amp;width=200\" srcset=\"\/\/www.montura.com\/cdn\/shop\/files\/003_Windproof_Black.svg?v=1709125529&amp;width=200 200w\" alt=\"\" width=\"102\" height=\"102\" \/> <strong>R\u00c9SISTANT AU VENT <\/strong>: Le tissu emp\u00eache le vent de p\u00e9n\u00e9trer, r\u00e9duisant ainsi le risque de refroidissement.<\/div>\n<\/div>\n<\/div>\n<\/div>\n<\/div>\n<div><\/div>\n<div><\/div>\n<h3>Id\u00e9al pour :<\/h3>\n<div class=\"content__image-wrapper tw-w-fit\">\n<div class=\"content__image tw-relative tw-w-[5rem]\"><\/div>\n<\/div>\n<div><\/div>\n<div><\/div>\n<div>\n<div class=\"content__image-wrapper tw-w-fit\">\n<div class=\"content__image tw-relative tw-w-[5rem]\"><img loading=\"lazy\" decoding=\"async\" class=\"tw-absolute tw-top-0 tw-left-0 tw-w-full tw-h-full\" src=\"https:\/\/www.montura.com\/cdn\/shop\/files\/019_Climbing_Black.svg?v=1709126445&amp;width=200\" srcset=\"\/\/www.montura.com\/cdn\/shop\/files\/019_Climbing_Black.svg?v=1709126445&amp;width=200 200w\" alt=\"\" width=\"102\" height=\"135\" \/> <strong>L&#8217;ESCALADE<\/strong><\/div>\n<\/div>\n<\/div>\n<div><\/div>\n<div><\/div>\n<div><\/div>\n<div>\n<div class=\"content__image-wrapper tw-w-fit\">\n<div class=\"content__image tw-relative tw-w-[5rem]\">\n<div class=\"content__image-wrapper tw-w-fit\">\n<div class=\"content__image tw-relative tw-w-[5rem]\"><img loading=\"lazy\" decoding=\"async\" class=\"tw-absolute tw-top-0 tw-left-0 tw-w-full tw-h-full\" src=\"https:\/\/www.montura.com\/cdn\/shop\/files\/018_Mountaineering_Black.svg?v=1709126427&amp;width=200\" srcset=\"\/\/www.montura.com\/cdn\/shop\/files\/018_Mountaineering_Black.svg?v=1709126427&amp;width=200 200w\" alt=\"\" width=\"103\" height=\"103\" \/><strong>MOUNTAINEER<\/strong><\/div>\n<\/div>\n<\/div>\n<\/div>\n<\/div>\n","protected":false},"excerpt":{"rendered":"<ul>\n<li>Veste id\u00e9ale pour vos excursions en montagne.<\/li>\n<li>Elle offre une excellente protection contre la pluie l\u00e9g\u00e8re et le vent.<\/li>\n<\/ul>\n","protected":false},"featured_media":246698,"template":"","meta":{"_acf_changed":false,"inline_featured_image":false},"product_brand":[],"product_cat":[22599,22596,22595],"product_tag":[23512,23514],"class_list":{"0":"post-291578","1":"product","2":"type-product","3":"status-publish","4":"has-post-thumbnail","6":"product_cat-vestes","7":"product_cat-vetements-pour-femmes","8":"product_cat-femme","9":"product_tag-montura-fr","10":"product_tag-montura-femme","11":"pa_attivita-marcher","12":"pa_attivita-outdoor-fr","13":"pa_colore-sptize-hybrid-jacket-w-vinaccia-light-ro-fr","14":"pa_marca-montura-fr","15":"pa_sesso-femme","16":"pa_size-medium-fr","17":"pa_size-large-fr","19":"first","20":"instock","21":"sale","22":"taxable","23":"shipping-taxable","24":"purchasable","25":"product-type-variable","26":"wvs-archive-product-wrapper"},"acf":[],"yoast_head":"<!-- This site is optimized with the Yoast SEO plugin v26.8 - https:\/\/yoast.com\/product\/yoast-seo-wordpress\/ -->\n<title>Montura Sptize Hybrid Jacket femme - Veste d&#039;\u00e9t\u00e9 - MioMioRun<\/title>\n<meta name=\"description\" content=\"Veste Spitze Hybrid pour femme : chaude et robuste, id\u00e9ale pour les sports de montagne. coupe-vent et respirante avec capuche en nylon extensible dans les 4 sens.\" \/>\n<meta name=\"robots\" content=\"index, follow, max-snippet:-1, max-image-preview:large, max-video-preview:-1\" \/>\n<link rel=\"canonical\" href=\"https:\/\/www.miomiorun.com\/fr\/produit\/sptize-hybrid-jacket-femme\/\" \/>\n<meta property=\"og:locale\" content=\"fr_FR\" \/>\n<meta property=\"og:type\" content=\"article\" \/>\n<meta property=\"og:title\" content=\"Montura Sptize Hybrid Jacket femme - Veste d&#039;\u00e9t\u00e9 - MioMioRun\" \/>\n<meta property=\"og:description\" content=\"Veste Spitze Hybrid pour femme : chaude et robuste, id\u00e9ale pour les sports de montagne. coupe-vent et respirante avec capuche en nylon extensible dans les 4 sens.\" \/>\n<meta property=\"og:url\" content=\"https:\/\/www.miomiorun.com\/fr\/produit\/sptize-hybrid-jacket-femme\/\" \/>\n<meta property=\"og:site_name\" content=\"MioMioRun\" \/>\n<meta property=\"article:publisher\" content=\"https:\/\/www.facebook.com\/miomiorun\/\" \/>\n<meta property=\"article:modified_time\" content=\"2026-05-08T20:05:23+00:00\" \/>\n<meta property=\"og:image\" content=\"https:\/\/www.miomiorun.com\/app\/uploads\/2024\/04\/Montura-Sptize-hybrid-jacket-W-vinaccia-light-ro-MJAF53W-1401.webp\" \/>\n\t<meta property=\"og:image:width\" content=\"600\" \/>\n\t<meta property=\"og:image:height\" content=\"600\" \/>\n\t<meta property=\"og:image:type\" content=\"image\/webp\" \/>\n<meta name=\"twitter:card\" content=\"summary_large_image\" \/>\n<meta name=\"twitter:label1\" content=\"Est. reading time\" \/>\n\t<meta name=\"twitter:data1\" content=\"2 minutes\" \/>\n<script type=\"application\/ld+json\" class=\"yoast-schema-graph\">{\"@context\":\"https:\/\/schema.org\",\"@graph\":[{\"@type\":\"WebPage\",\"@id\":\"https:\/\/www.miomiorun.com\/fr\/produit\/sptize-hybrid-jacket-femme\/\",\"url\":\"https:\/\/www.miomiorun.com\/fr\/produit\/sptize-hybrid-jacket-femme\/\",\"name\":\"Montura Sptize Hybrid Jacket femme - Veste d'\u00e9t\u00e9 - MioMioRun\",\"isPartOf\":{\"@id\":\"https:\/\/www.miomiorun.com\/fr\/#website\"},\"primaryImageOfPage\":{\"@id\":\"https:\/\/www.miomiorun.com\/fr\/produit\/sptize-hybrid-jacket-femme\/#primaryimage\"},\"image\":{\"@id\":\"https:\/\/www.miomiorun.com\/fr\/produit\/sptize-hybrid-jacket-femme\/#primaryimage\"},\"thumbnailUrl\":\"https:\/\/www.miomiorun.com\/app\/uploads\/2024\/04\/Montura-Sptize-hybrid-jacket-W-vinaccia-light-ro-MJAF53W-1401.webp\",\"datePublished\":\"2024-04-18T11:42:50+00:00\",\"dateModified\":\"2026-05-08T20:05:23+00:00\",\"description\":\"Veste Spitze Hybrid pour femme : chaude et robuste, id\u00e9ale pour les sports de montagne. coupe-vent et respirante avec capuche en nylon extensible dans les 4 sens.\",\"breadcrumb\":{\"@id\":\"https:\/\/www.miomiorun.com\/fr\/produit\/sptize-hybrid-jacket-femme\/#breadcrumb\"},\"inLanguage\":\"fr-FR\",\"potentialAction\":[{\"@type\":\"ReadAction\",\"target\":[\"https:\/\/www.miomiorun.com\/fr\/produit\/sptize-hybrid-jacket-femme\/\"]}]},{\"@type\":\"ImageObject\",\"inLanguage\":\"fr-FR\",\"@id\":\"https:\/\/www.miomiorun.com\/fr\/produit\/sptize-hybrid-jacket-femme\/#primaryimage\",\"url\":\"https:\/\/www.miomiorun.com\/app\/uploads\/2024\/04\/Montura-Sptize-hybrid-jacket-W-vinaccia-light-ro-MJAF53W-1401.webp\",\"contentUrl\":\"https:\/\/www.miomiorun.com\/app\/uploads\/2024\/04\/Montura-Sptize-hybrid-jacket-W-vinaccia-light-ro-MJAF53W-1401.webp\",\"width\":600,\"height\":600,\"caption\":\"Montura Sptize hybrid jacket W vinaccia light ro MJAF53W 1401\"},{\"@type\":\"BreadcrumbList\",\"@id\":\"https:\/\/www.miomiorun.com\/fr\/produit\/sptize-hybrid-jacket-femme\/#breadcrumb\",\"itemListElement\":[{\"@type\":\"ListItem\",\"position\":1,\"name\":\"Home\",\"item\":\"https:\/\/www.miomiorun.com\/fr\/home-page\/\"},{\"@type\":\"ListItem\",\"position\":2,\"name\":\"Shop\",\"item\":\"https:\/\/www.miomiorun.com\/shop\/\"},{\"@type\":\"ListItem\",\"position\":3,\"name\":\"Sptize Hybrid Jacket femme\"}]},{\"@type\":\"WebSite\",\"@id\":\"https:\/\/www.miomiorun.com\/fr\/#website\",\"url\":\"https:\/\/www.miomiorun.com\/fr\/\",\"name\":\"MioMioRun\",\"description\":\"Boutique 100% running et trail\",\"publisher\":{\"@id\":\"https:\/\/www.miomiorun.com\/fr\/#organization\"},\"potentialAction\":[{\"@type\":\"SearchAction\",\"target\":{\"@type\":\"EntryPoint\",\"urlTemplate\":\"https:\/\/www.miomiorun.com\/fr\/?s={search_term_string}\"},\"query-input\":{\"@type\":\"PropertyValueSpecification\",\"valueRequired\":true,\"valueName\":\"search_term_string\"}}],\"inLanguage\":\"fr-FR\"},{\"@type\":\"Organization\",\"@id\":\"https:\/\/www.miomiorun.com\/fr\/#organization\",\"name\":\"MioMio Run\",\"url\":\"https:\/\/www.miomiorun.com\/fr\/\",\"logo\":{\"@type\":\"ImageObject\",\"inLanguage\":\"fr-FR\",\"@id\":\"https:\/\/www.miomiorun.com\/fr\/#\/schema\/logo\/image\/\",\"url\":\"https:\/\/www.miomiorun.com\/app\/uploads\/2019\/12\/logomio.png\",\"contentUrl\":\"https:\/\/www.miomiorun.com\/app\/uploads\/2019\/12\/logomio.png\",\"width\":115,\"height\":82,\"caption\":\"MioMio Run\"},\"image\":{\"@id\":\"https:\/\/www.miomiorun.com\/fr\/#\/schema\/logo\/image\/\"},\"sameAs\":[\"https:\/\/www.facebook.com\/miomiorun\/\",\"https:\/\/www.instagram.com\/miomiorun\/\"]}]}<\/script>\n<!-- \/ Yoast SEO plugin. -->","yoast_head_json":{"title":"Montura Sptize Hybrid Jacket femme - Veste d'\u00e9t\u00e9 - MioMioRun","description":"Veste Spitze Hybrid pour femme : chaude et robuste, id\u00e9ale pour les sports de montagne. coupe-vent et respirante avec capuche en nylon extensible dans les 4 sens.","robots":{"index":"index","follow":"follow","max-snippet":"max-snippet:-1","max-image-preview":"max-image-preview:large","max-video-preview":"max-video-preview:-1"},"canonical":"https:\/\/www.miomiorun.com\/fr\/produit\/sptize-hybrid-jacket-femme\/","og_locale":"fr_FR","og_type":"article","og_title":"Montura Sptize Hybrid Jacket femme - Veste d'\u00e9t\u00e9 - MioMioRun","og_description":"Veste Spitze Hybrid pour femme : chaude et robuste, id\u00e9ale pour les sports de montagne. coupe-vent et respirante avec capuche en nylon extensible dans les 4 sens.","og_url":"https:\/\/www.miomiorun.com\/fr\/produit\/sptize-hybrid-jacket-femme\/","og_site_name":"MioMioRun","article_publisher":"https:\/\/www.facebook.com\/miomiorun\/","article_modified_time":"2026-05-08T20:05:23+00:00","og_image":[{"width":600,"height":600,"url":"https:\/\/www.miomiorun.com\/app\/uploads\/2024\/04\/Montura-Sptize-hybrid-jacket-W-vinaccia-light-ro-MJAF53W-1401.webp","type":"image\/webp"}],"twitter_card":"summary_large_image","twitter_misc":{"Est. reading time":"2 minutes"},"schema":{"@context":"https:\/\/schema.org","@graph":[{"@type":"WebPage","@id":"https:\/\/www.miomiorun.com\/fr\/produit\/sptize-hybrid-jacket-femme\/","url":"https:\/\/www.miomiorun.com\/fr\/produit\/sptize-hybrid-jacket-femme\/","name":"Montura Sptize Hybrid Jacket femme - Veste d'\u00e9t\u00e9 - MioMioRun","isPartOf":{"@id":"https:\/\/www.miomiorun.com\/fr\/#website"},"primaryImageOfPage":{"@id":"https:\/\/www.miomiorun.com\/fr\/produit\/sptize-hybrid-jacket-femme\/#primaryimage"},"image":{"@id":"https:\/\/www.miomiorun.com\/fr\/produit\/sptize-hybrid-jacket-femme\/#primaryimage"},"thumbnailUrl":"https:\/\/www.miomiorun.com\/app\/uploads\/2024\/04\/Montura-Sptize-hybrid-jacket-W-vinaccia-light-ro-MJAF53W-1401.webp","datePublished":"2024-04-18T11:42:50+00:00","dateModified":"2026-05-08T20:05:23+00:00","description":"Veste Spitze Hybrid pour femme : chaude et robuste, id\u00e9ale pour les sports de montagne. coupe-vent et respirante avec capuche en nylon extensible dans les 4 sens.","breadcrumb":{"@id":"https:\/\/www.miomiorun.com\/fr\/produit\/sptize-hybrid-jacket-femme\/#breadcrumb"},"inLanguage":"fr-FR","potentialAction":[{"@type":"ReadAction","target":["https:\/\/www.miomiorun.com\/fr\/produit\/sptize-hybrid-jacket-femme\/"]}]},{"@type":"ImageObject","inLanguage":"fr-FR","@id":"https:\/\/www.miomiorun.com\/fr\/produit\/sptize-hybrid-jacket-femme\/#primaryimage","url":"https:\/\/www.miomiorun.com\/app\/uploads\/2024\/04\/Montura-Sptize-hybrid-jacket-W-vinaccia-light-ro-MJAF53W-1401.webp","contentUrl":"https:\/\/www.miomiorun.com\/app\/uploads\/2024\/04\/Montura-Sptize-hybrid-jacket-W-vinaccia-light-ro-MJAF53W-1401.webp","width":600,"height":600,"caption":"Montura Sptize hybrid jacket W vinaccia light ro MJAF53W 1401"},{"@type":"BreadcrumbList","@id":"https:\/\/www.miomiorun.com\/fr\/produit\/sptize-hybrid-jacket-femme\/#breadcrumb","itemListElement":[{"@type":"ListItem","position":1,"name":"Home","item":"https:\/\/www.miomiorun.com\/fr\/home-page\/"},{"@type":"ListItem","position":2,"name":"Shop","item":"https:\/\/www.miomiorun.com\/shop\/"},{"@type":"ListItem","position":3,"name":"Sptize Hybrid Jacket femme"}]},{"@type":"WebSite","@id":"https:\/\/www.miomiorun.com\/fr\/#website","url":"https:\/\/www.miomiorun.com\/fr\/","name":"MioMioRun","description":"Boutique 100% running et trail","publisher":{"@id":"https:\/\/www.miomiorun.com\/fr\/#organization"},"potentialAction":[{"@type":"SearchAction","target":{"@type":"EntryPoint","urlTemplate":"https:\/\/www.miomiorun.com\/fr\/?s={search_term_string}"},"query-input":{"@type":"PropertyValueSpecification","valueRequired":true,"valueName":"search_term_string"}}],"inLanguage":"fr-FR"},{"@type":"Organization","@id":"https:\/\/www.miomiorun.com\/fr\/#organization","name":"MioMio Run","url":"https:\/\/www.miomiorun.com\/fr\/","logo":{"@type":"ImageObject","inLanguage":"fr-FR","@id":"https:\/\/www.miomiorun.com\/fr\/#\/schema\/logo\/image\/","url":"https:\/\/www.miomiorun.com\/app\/uploads\/2019\/12\/logomio.png","contentUrl":"https:\/\/www.miomiorun.com\/app\/uploads\/2019\/12\/logomio.png","width":115,"height":82,"caption":"MioMio Run"},"image":{"@id":"https:\/\/www.miomiorun.com\/fr\/#\/schema\/logo\/image\/"},"sameAs":["https:\/\/www.facebook.com\/miomiorun\/","https:\/\/www.instagram.com\/miomiorun\/"]}]}},"_links":{"self":[{"href":"https:\/\/www.miomiorun.com\/fr\/wp-json\/wp\/v2\/product\/291578","targetHints":{"allow":["GET"]}}],"collection":[{"href":"https:\/\/www.miomiorun.com\/fr\/wp-json\/wp\/v2\/product"}],"about":[{"href":"https:\/\/www.miomiorun.com\/fr\/wp-json\/wp\/v2\/types\/product"}],"wp:featuredmedia":[{"embeddable":true,"href":"https:\/\/www.miomiorun.com\/fr\/wp-json\/wp\/v2\/media\/246698"}],"wp:attachment":[{"href":"https:\/\/www.miomiorun.com\/fr\/wp-json\/wp\/v2\/media?parent=291578"}],"wp:term":[{"taxonomy":"product_brand","embeddable":true,"href":"https:\/\/www.miomiorun.com\/fr\/wp-json\/wp\/v2\/product_brand?post=291578"},{"taxonomy":"product_cat","embeddable":true,"href":"https:\/\/www.miomiorun.com\/fr\/wp-json\/wp\/v2\/product_cat?post=291578"},{"taxonomy":"product_tag","embeddable":true,"href":"https:\/\/www.miomiorun.com\/fr\/wp-json\/wp\/v2\/product_tag?post=291578"}],"curies":[{"name":"wp","href":"https:\/\/api.w.org\/{rel}","templated":true}]}}