{"id":291576,"date":"2024-04-18T14:17:38","date_gmt":"2024-04-18T12:17:38","guid":{"rendered":"https:\/\/miomiorun.com\/prodotto\/mountain-trek-pants-uomo\/"},"modified":"2025-06-13T16:28:01","modified_gmt":"2025-06-13T14:28:01","slug":"mountain-trek-pants-homme","status":"publish","type":"product","link":"https:\/\/www.miomiorun.com\/fr\/produit\/mountain-trek-pants-homme\/","title":{"rendered":"Mountain Trek Pants homme"},"content":{"rendered":"<p>Pantalon <strong>Mountain Trek<\/strong> pour homme : Confortable et extensible, id\u00e9al pour la randonn\u00e9e. Gr\u00e2ce \u00e0 la ceinture \u00e9lastiqu\u00e9e avec des passants de ceinture qui assurent un ajustement parfait \u00e0 tout moment, ce pantalon vous permet d&#8217;entreprendre n&#8217;importe quelle randonn\u00e9e en tout confort.<\/p>\n<p>Lorsqu&#8217;il fait chaud, le tissu respirant absorbe et \u00e9vacue la sueur de la peau et vous aide \u00e0 garder votre temp\u00e9rature corporelle sous contr\u00f4le. Les deux poches lat\u00e9rales ouvertes et la poche arri\u00e8re zipp\u00e9e vous offrent tout l&#8217;espace n\u00e9cessaire pour garder vos effets personnels en s\u00e9curit\u00e9.<\/p>\n<p style=\"text-align: center;\"><strong>Que vous partiez pour une petite randonn\u00e9e le week-end ou pour un trekking plus long, le pantalon Mountain Trek pour homme est pr\u00eat \u00e0 l&#8217;emploi.<\/strong><\/p>\n<p>&nbsp;<\/p>\n<p><strong>Caract\u00e9ristiques :<\/strong><\/p>\n<ul class=\"tw-list-disc\">\n<li class=\"tw-text-xs\">Pantalon long pour homme<\/li>\n<li class=\"tw-text-xs\">Tissu nylon extensible<\/li>\n<li class=\"tw-text-xs\">Ceinture avec \u00e9lastique et passants, ouverture par bouton et fermeture \u00e0 glissi\u00e8re<\/li>\n<li class=\"tw-text-xs\">Poches mains zipp\u00e9es, poche arri\u00e8re zipp\u00e9e<\/li>\n<li class=\"tw-text-xs\">V\u00eatement id\u00e9al pour diverses activit\u00e9s de plein air et de loisirs<\/li>\n<li class=\"tw-text-xs\">Poids : 240,0 g<\/li>\n<\/ul>\n<p>&nbsp;<\/p>\n<div class=\"content__image-wrapper tw-w-fit\">\n<div class=\"content__image tw-relative tw-w-[5rem]\"><img loading=\"lazy\" decoding=\"async\" class=\"tw-absolute tw-top-0 tw-left-0 tw-w-full tw-h-full\" src=\"https:\/\/www.montura.com\/cdn\/shop\/files\/004_Breathable_Black.svg?v=1709125473&amp;width=200\" srcset=\"\/\/www.montura.com\/cdn\/shop\/files\/004_Breathable_Black.svg?v=1709125473&amp;width=200 200w\" alt=\"\" width=\"102\" height=\"102\" \/> <strong>RESPIRANT : <\/strong>Gr\u00e2ce \u00e0 des tissus respirants, ce v\u00eatement favorise la transpiration naturelle de la peau et maintient le corps \u00e0 une temp\u00e9rature optimale.<\/div>\n<\/div>\n<div><\/div>\n<div><\/div>\n<div><\/div>\n<div><\/div>\n<div><\/div>\n<h3>Id\u00e9al pour :<\/h3>\n<p>&nbsp;<\/p>\n<div class=\"content__image-wrapper tw-w-fit\">\n<div class=\"content__image tw-relative tw-w-[5rem]\"><img loading=\"lazy\" decoding=\"async\" class=\"tw-absolute tw-top-0 tw-left-0 tw-w-full tw-h-full\" src=\"https:\/\/www.montura.com\/cdn\/shop\/files\/017_TrekkingHiking_Black.svg?v=1709126467&amp;width=200\" srcset=\"\/\/www.montura.com\/cdn\/shop\/files\/017_TrekkingHiking_Black.svg?v=1709126467&amp;width=200 200w\" alt=\"\" width=\"102\" height=\"102\" \/> <strong>LE TREKKING \/ LA RANDONN\u00c9E<\/strong><\/div>\n<\/div>\n","protected":false},"excerpt":{"rendered":"<ul>\n<li>Pantalon d&#8217;\u00e9t\u00e9 long.<\/li>\n<li>Id\u00e9al pour les activit\u00e9s de plein air en montagne.<\/li>\n<\/ul>\n","protected":false},"featured_media":246702,"template":"","meta":{"_acf_changed":false,"inline_featured_image":false},"product_brand":[],"product_cat":[24450,24482],"product_tag":[23512,23524],"class_list":{"0":"post-291576","1":"product","2":"type-product","3":"status-publish","4":"has-post-thumbnail","6":"product_cat-pantalon-long-fr-3","7":"product_cat-vetements-pour-hommes-fr","8":"product_tag-montura-fr","9":"product_tag-montura-homme","10":"pa_attivita-marcher","11":"pa_attivita-outdoor-fr","12":"pa_colore-mountain-trek-pants-nero-fr","13":"pa_marca-montura-fr","14":"pa_sesso-homme","15":"pa_size-small-fr","16":"pa_size-large-fr","17":"pa_size-extra-large-fr","19":"first","20":"instock","21":"sale","22":"taxable","23":"shipping-taxable","24":"purchasable","25":"product-type-variable","26":"wvs-archive-product-wrapper"},"acf":[],"yoast_head":"<!-- This site is optimized with the Yoast SEO plugin v26.8 - https:\/\/yoast.com\/product\/yoast-seo-wordpress\/ -->\n<title>Montura Mountain Trek Pants homme - pantalon de montagne- MioMioRun<\/title>\n<meta name=\"description\" content=\"Pantalon Mountain Trek pour homme : confortable et \u00e9lastique, id\u00e9al pour la randonn\u00e9e. Gr\u00e2ce \u00e0 la ceinture \u00e9lastiqu\u00e9e qui assure un ajustement parfait.\" \/>\n<meta name=\"robots\" content=\"index, follow, max-snippet:-1, max-image-preview:large, max-video-preview:-1\" \/>\n<link rel=\"canonical\" href=\"https:\/\/www.miomiorun.com\/fr\/produit\/mountain-trek-pants-homme\/\" \/>\n<meta property=\"og:locale\" content=\"fr_FR\" \/>\n<meta property=\"og:type\" content=\"article\" \/>\n<meta property=\"og:title\" content=\"Montura Mountain Trek Pants homme - pantalon de montagne- MioMioRun\" \/>\n<meta property=\"og:description\" content=\"Pantalon Mountain Trek pour homme : confortable et \u00e9lastique, id\u00e9al pour la randonn\u00e9e. Gr\u00e2ce \u00e0 la ceinture \u00e9lastiqu\u00e9e qui assure un ajustement parfait.\" \/>\n<meta property=\"og:url\" content=\"https:\/\/www.miomiorun.com\/fr\/produit\/mountain-trek-pants-homme\/\" \/>\n<meta property=\"og:site_name\" content=\"MioMioRun\" \/>\n<meta property=\"article:publisher\" content=\"https:\/\/www.facebook.com\/miomiorun\/\" \/>\n<meta property=\"article:modified_time\" content=\"2025-06-13T14:28:01+00:00\" \/>\n<meta property=\"og:image\" content=\"https:\/\/www.miomiorun.com\/app\/uploads\/2024\/04\/Montura-Mountain-trek-pants-nero-MPLA64X-90.webp\" \/>\n\t<meta property=\"og:image:width\" content=\"600\" \/>\n\t<meta property=\"og:image:height\" content=\"600\" \/>\n\t<meta property=\"og:image:type\" content=\"image\/webp\" \/>\n<meta name=\"twitter:card\" content=\"summary_large_image\" \/>\n<meta name=\"twitter:label1\" content=\"Est. reading time\" \/>\n\t<meta name=\"twitter:data1\" content=\"1 minute\" \/>\n<script type=\"application\/ld+json\" class=\"yoast-schema-graph\">{\"@context\":\"https:\/\/schema.org\",\"@graph\":[{\"@type\":\"WebPage\",\"@id\":\"https:\/\/www.miomiorun.com\/fr\/produit\/mountain-trek-pants-homme\/\",\"url\":\"https:\/\/www.miomiorun.com\/fr\/produit\/mountain-trek-pants-homme\/\",\"name\":\"Montura Mountain Trek Pants homme - pantalon de montagne- MioMioRun\",\"isPartOf\":{\"@id\":\"https:\/\/www.miomiorun.com\/fr\/#website\"},\"primaryImageOfPage\":{\"@id\":\"https:\/\/www.miomiorun.com\/fr\/produit\/mountain-trek-pants-homme\/#primaryimage\"},\"image\":{\"@id\":\"https:\/\/www.miomiorun.com\/fr\/produit\/mountain-trek-pants-homme\/#primaryimage\"},\"thumbnailUrl\":\"https:\/\/www.miomiorun.com\/app\/uploads\/2024\/04\/Montura-Mountain-trek-pants-nero-MPLA64X-90.webp\",\"datePublished\":\"2024-04-18T12:17:38+00:00\",\"dateModified\":\"2025-06-13T14:28:01+00:00\",\"description\":\"Pantalon Mountain Trek pour homme : confortable et \u00e9lastique, id\u00e9al pour la randonn\u00e9e. Gr\u00e2ce \u00e0 la ceinture \u00e9lastiqu\u00e9e qui assure un ajustement parfait.\",\"breadcrumb\":{\"@id\":\"https:\/\/www.miomiorun.com\/fr\/produit\/mountain-trek-pants-homme\/#breadcrumb\"},\"inLanguage\":\"fr-FR\",\"potentialAction\":[{\"@type\":\"ReadAction\",\"target\":[\"https:\/\/www.miomiorun.com\/fr\/produit\/mountain-trek-pants-homme\/\"]}]},{\"@type\":\"ImageObject\",\"inLanguage\":\"fr-FR\",\"@id\":\"https:\/\/www.miomiorun.com\/fr\/produit\/mountain-trek-pants-homme\/#primaryimage\",\"url\":\"https:\/\/www.miomiorun.com\/app\/uploads\/2024\/04\/Montura-Mountain-trek-pants-nero-MPLA64X-90.webp\",\"contentUrl\":\"https:\/\/www.miomiorun.com\/app\/uploads\/2024\/04\/Montura-Mountain-trek-pants-nero-MPLA64X-90.webp\",\"width\":600,\"height\":600,\"caption\":\"Montura Mountain trek pants nero MPLA64X 90\"},{\"@type\":\"BreadcrumbList\",\"@id\":\"https:\/\/www.miomiorun.com\/fr\/produit\/mountain-trek-pants-homme\/#breadcrumb\",\"itemListElement\":[{\"@type\":\"ListItem\",\"position\":1,\"name\":\"Home\",\"item\":\"https:\/\/www.miomiorun.com\/fr\/home-page\/\"},{\"@type\":\"ListItem\",\"position\":2,\"name\":\"Shop\",\"item\":\"https:\/\/www.miomiorun.com\/shop\/\"},{\"@type\":\"ListItem\",\"position\":3,\"name\":\"Mountain Trek Pants homme\"}]},{\"@type\":\"WebSite\",\"@id\":\"https:\/\/www.miomiorun.com\/fr\/#website\",\"url\":\"https:\/\/www.miomiorun.com\/fr\/\",\"name\":\"MioMioRun\",\"description\":\"Boutique 100% running et trail\",\"publisher\":{\"@id\":\"https:\/\/www.miomiorun.com\/fr\/#organization\"},\"potentialAction\":[{\"@type\":\"SearchAction\",\"target\":{\"@type\":\"EntryPoint\",\"urlTemplate\":\"https:\/\/www.miomiorun.com\/fr\/?s={search_term_string}\"},\"query-input\":{\"@type\":\"PropertyValueSpecification\",\"valueRequired\":true,\"valueName\":\"search_term_string\"}}],\"inLanguage\":\"fr-FR\"},{\"@type\":\"Organization\",\"@id\":\"https:\/\/www.miomiorun.com\/fr\/#organization\",\"name\":\"MioMio Run\",\"url\":\"https:\/\/www.miomiorun.com\/fr\/\",\"logo\":{\"@type\":\"ImageObject\",\"inLanguage\":\"fr-FR\",\"@id\":\"https:\/\/www.miomiorun.com\/fr\/#\/schema\/logo\/image\/\",\"url\":\"https:\/\/www.miomiorun.com\/app\/uploads\/2019\/12\/logomio.png\",\"contentUrl\":\"https:\/\/www.miomiorun.com\/app\/uploads\/2019\/12\/logomio.png\",\"width\":115,\"height\":82,\"caption\":\"MioMio Run\"},\"image\":{\"@id\":\"https:\/\/www.miomiorun.com\/fr\/#\/schema\/logo\/image\/\"},\"sameAs\":[\"https:\/\/www.facebook.com\/miomiorun\/\",\"https:\/\/www.instagram.com\/miomiorun\/\"]}]}<\/script>\n<!-- \/ Yoast SEO plugin. -->","yoast_head_json":{"title":"Montura Mountain Trek Pants homme - pantalon de montagne- MioMioRun","description":"Pantalon Mountain Trek pour homme : confortable et \u00e9lastique, id\u00e9al pour la randonn\u00e9e. Gr\u00e2ce \u00e0 la ceinture \u00e9lastiqu\u00e9e qui assure un ajustement parfait.","robots":{"index":"index","follow":"follow","max-snippet":"max-snippet:-1","max-image-preview":"max-image-preview:large","max-video-preview":"max-video-preview:-1"},"canonical":"https:\/\/www.miomiorun.com\/fr\/produit\/mountain-trek-pants-homme\/","og_locale":"fr_FR","og_type":"article","og_title":"Montura Mountain Trek Pants homme - pantalon de montagne- MioMioRun","og_description":"Pantalon Mountain Trek pour homme : confortable et \u00e9lastique, id\u00e9al pour la randonn\u00e9e. Gr\u00e2ce \u00e0 la ceinture \u00e9lastiqu\u00e9e qui assure un ajustement parfait.","og_url":"https:\/\/www.miomiorun.com\/fr\/produit\/mountain-trek-pants-homme\/","og_site_name":"MioMioRun","article_publisher":"https:\/\/www.facebook.com\/miomiorun\/","article_modified_time":"2025-06-13T14:28:01+00:00","og_image":[{"width":600,"height":600,"url":"https:\/\/www.miomiorun.com\/app\/uploads\/2024\/04\/Montura-Mountain-trek-pants-nero-MPLA64X-90.webp","type":"image\/webp"}],"twitter_card":"summary_large_image","twitter_misc":{"Est. reading time":"1 minute"},"schema":{"@context":"https:\/\/schema.org","@graph":[{"@type":"WebPage","@id":"https:\/\/www.miomiorun.com\/fr\/produit\/mountain-trek-pants-homme\/","url":"https:\/\/www.miomiorun.com\/fr\/produit\/mountain-trek-pants-homme\/","name":"Montura Mountain Trek Pants homme - pantalon de montagne- MioMioRun","isPartOf":{"@id":"https:\/\/www.miomiorun.com\/fr\/#website"},"primaryImageOfPage":{"@id":"https:\/\/www.miomiorun.com\/fr\/produit\/mountain-trek-pants-homme\/#primaryimage"},"image":{"@id":"https:\/\/www.miomiorun.com\/fr\/produit\/mountain-trek-pants-homme\/#primaryimage"},"thumbnailUrl":"https:\/\/www.miomiorun.com\/app\/uploads\/2024\/04\/Montura-Mountain-trek-pants-nero-MPLA64X-90.webp","datePublished":"2024-04-18T12:17:38+00:00","dateModified":"2025-06-13T14:28:01+00:00","description":"Pantalon Mountain Trek pour homme : confortable et \u00e9lastique, id\u00e9al pour la randonn\u00e9e. Gr\u00e2ce \u00e0 la ceinture \u00e9lastiqu\u00e9e qui assure un ajustement parfait.","breadcrumb":{"@id":"https:\/\/www.miomiorun.com\/fr\/produit\/mountain-trek-pants-homme\/#breadcrumb"},"inLanguage":"fr-FR","potentialAction":[{"@type":"ReadAction","target":["https:\/\/www.miomiorun.com\/fr\/produit\/mountain-trek-pants-homme\/"]}]},{"@type":"ImageObject","inLanguage":"fr-FR","@id":"https:\/\/www.miomiorun.com\/fr\/produit\/mountain-trek-pants-homme\/#primaryimage","url":"https:\/\/www.miomiorun.com\/app\/uploads\/2024\/04\/Montura-Mountain-trek-pants-nero-MPLA64X-90.webp","contentUrl":"https:\/\/www.miomiorun.com\/app\/uploads\/2024\/04\/Montura-Mountain-trek-pants-nero-MPLA64X-90.webp","width":600,"height":600,"caption":"Montura Mountain trek pants nero MPLA64X 90"},{"@type":"BreadcrumbList","@id":"https:\/\/www.miomiorun.com\/fr\/produit\/mountain-trek-pants-homme\/#breadcrumb","itemListElement":[{"@type":"ListItem","position":1,"name":"Home","item":"https:\/\/www.miomiorun.com\/fr\/home-page\/"},{"@type":"ListItem","position":2,"name":"Shop","item":"https:\/\/www.miomiorun.com\/shop\/"},{"@type":"ListItem","position":3,"name":"Mountain Trek Pants homme"}]},{"@type":"WebSite","@id":"https:\/\/www.miomiorun.com\/fr\/#website","url":"https:\/\/www.miomiorun.com\/fr\/","name":"MioMioRun","description":"Boutique 100% running et trail","publisher":{"@id":"https:\/\/www.miomiorun.com\/fr\/#organization"},"potentialAction":[{"@type":"SearchAction","target":{"@type":"EntryPoint","urlTemplate":"https:\/\/www.miomiorun.com\/fr\/?s={search_term_string}"},"query-input":{"@type":"PropertyValueSpecification","valueRequired":true,"valueName":"search_term_string"}}],"inLanguage":"fr-FR"},{"@type":"Organization","@id":"https:\/\/www.miomiorun.com\/fr\/#organization","name":"MioMio Run","url":"https:\/\/www.miomiorun.com\/fr\/","logo":{"@type":"ImageObject","inLanguage":"fr-FR","@id":"https:\/\/www.miomiorun.com\/fr\/#\/schema\/logo\/image\/","url":"https:\/\/www.miomiorun.com\/app\/uploads\/2019\/12\/logomio.png","contentUrl":"https:\/\/www.miomiorun.com\/app\/uploads\/2019\/12\/logomio.png","width":115,"height":82,"caption":"MioMio Run"},"image":{"@id":"https:\/\/www.miomiorun.com\/fr\/#\/schema\/logo\/image\/"},"sameAs":["https:\/\/www.facebook.com\/miomiorun\/","https:\/\/www.instagram.com\/miomiorun\/"]}]}},"_links":{"self":[{"href":"https:\/\/www.miomiorun.com\/fr\/wp-json\/wp\/v2\/product\/291576","targetHints":{"allow":["GET"]}}],"collection":[{"href":"https:\/\/www.miomiorun.com\/fr\/wp-json\/wp\/v2\/product"}],"about":[{"href":"https:\/\/www.miomiorun.com\/fr\/wp-json\/wp\/v2\/types\/product"}],"wp:featuredmedia":[{"embeddable":true,"href":"https:\/\/www.miomiorun.com\/fr\/wp-json\/wp\/v2\/media\/246702"}],"wp:attachment":[{"href":"https:\/\/www.miomiorun.com\/fr\/wp-json\/wp\/v2\/media?parent=291576"}],"wp:term":[{"taxonomy":"product_brand","embeddable":true,"href":"https:\/\/www.miomiorun.com\/fr\/wp-json\/wp\/v2\/product_brand?post=291576"},{"taxonomy":"product_cat","embeddable":true,"href":"https:\/\/www.miomiorun.com\/fr\/wp-json\/wp\/v2\/product_cat?post=291576"},{"taxonomy":"product_tag","embeddable":true,"href":"https:\/\/www.miomiorun.com\/fr\/wp-json\/wp\/v2\/product_tag?post=291576"}],"curies":[{"name":"wp","href":"https:\/\/api.w.org\/{rel}","templated":true}]}}