{"id":291575,"date":"2024-04-18T14:35:02","date_gmt":"2024-04-18T12:35:02","guid":{"rendered":"https:\/\/miomiorun.com\/prodotto\/stretch-shape-bermuda-donna\/"},"modified":"2025-06-13T16:29:22","modified_gmt":"2025-06-13T14:29:22","slug":"stretch-shape-bermuda-femme","status":"publish","type":"product","link":"https:\/\/www.miomiorun.com\/fr\/produit\/stretch-shape-bermuda-femme\/","title":{"rendered":"Stretch Shape bermuda femme"},"content":{"rendered":"<p>Bermuda <strong>Stretch Shape<\/strong> pour femmes : d\u00e9perlant et respirant, id\u00e9al pour vos aventures estivales.Fabriqu\u00e9 en nylon respirant avec un traitement d\u00e9perlant durable, ce short est id\u00e9al pour le trekking et l&#8217;escalade en \u00e9t\u00e9.<\/p>\n<p>La mati\u00e8re l\u00e9g\u00e8re \u00e0 s\u00e9chage rapide est r\u00e9sistante \u00e0 l&#8217;abrasion et aux d\u00e9chirures. Le tissu en nylon extensible dans les 4 sens et la ceinture \u00e9lastiqu\u00e9e vous offrent une libert\u00e9 de mouvement et un confort maximum lorsque vous abordez des mont\u00e9es raides en randonn\u00e9e ou lors d&#8217;approches et de passages dynamiques en escalade.<\/p>\n<p>La poche lat\u00e9rale ouverte vous permet d&#8217;acc\u00e9der rapidement \u00e0 vos effets personnels, tandis que les poches zipp\u00e9es pour les mains gardent les accessoires essentiels en s\u00e9curit\u00e9.<\/p>\n<p style=\"text-align: center;\"><strong>Pour les aventures estivales qui exigent souplesse et l\u00e9g\u00e8ret\u00e9, choisissez le bermuda Stretch Shape pour femme.<\/strong><\/p>\n<p><strong>Caract\u00e9ristiques :<\/strong><\/p>\n<ul class=\"tw-list-disc\">\n<li class=\"tw-text-xs\">Bermuda pour femmes<\/li>\n<li class=\"tw-text-xs\">Tissu en nylon DWR extensible dans les 4 sens<\/li>\n<li class=\"tw-text-xs\">Taille \u00e9lastiqu\u00e9e<\/li>\n<li class=\"tw-text-xs\">Poches zipp\u00e9es sur les mains, poche ouverte sur la hanche<\/li>\n<li class=\"tw-text-xs\">V\u00eatement id\u00e9al pour l&#8217;escalade, diverses activit\u00e9s de plein air et les loisirs<\/li>\n<li>Poids : 120,0 g<\/li>\n<\/ul>\n<p>&nbsp;<\/p>\n<div class=\"content__image-wrapper tw-w-fit\">\n<div class=\"content__image tw-relative tw-w-[5rem]\"><img loading=\"lazy\" decoding=\"async\" class=\"tw-absolute tw-top-0 tw-left-0 tw-w-full tw-h-full\" src=\"https:\/\/www.montura.com\/cdn\/shop\/files\/004_Breathable_Black.svg?v=1709125473&amp;width=200\" srcset=\"\/\/www.montura.com\/cdn\/shop\/files\/004_Breathable_Black.svg?v=1709125473&amp;width=200 200w\" alt=\"\" width=\"103\" height=\"103\" \/><\/div>\n<div>\n<h3 class=\"tw-text-s tw-pt-[1.2rem] tw-pb-[0.4rem] tw-font-medium\">Respirant<\/h3>\n<p class=\"tw-text-greyish-brown tw-text-xs tw-pt-[0.4rem]\">Gr\u00e2ce \u00e0 des tissus respirants, ce v\u00eatement favorise la transpiration naturelle de la peau et maintient le corps \u00e0 une temp\u00e9rature optimale en permanence.<\/p>\n<\/div>\n<\/div>\n<p>&nbsp;<\/p>\n<div class=\"content__image-wrapper tw-w-fit\">\n<div class=\"content__image tw-relative tw-w-[5rem]\"><img loading=\"lazy\" decoding=\"async\" class=\"tw-absolute tw-top-0 tw-left-0 tw-w-full tw-h-full\" src=\"https:\/\/www.montura.com\/cdn\/shop\/files\/002_WaterResistantDWR_Black.svg?v=1709125500&amp;width=200\" srcset=\"\/\/www.montura.com\/cdn\/shop\/files\/002_WaterResistantDWR_Black.svg?v=1709125500&amp;width=200 200w\" alt=\"\" width=\"102\" height=\"102\" \/><\/div>\n<div>\n<h3 class=\"tw-text-s tw-pt-[1.2rem] tw-pb-[0.4rem] tw-font-medium\">D\u00e9perlant (DWR)<\/h3>\n<p class=\"tw-text-greyish-brown tw-text-xs tw-pt-[0.4rem]\">Une couche d\u00e9perlante appliqu\u00e9e sur le tissu offre une l\u00e9g\u00e8re protection contre l&#8217;humidit\u00e9 ext\u00e9rieure.<\/p>\n<\/div>\n<h3>Id\u00e9al pour :<\/h3>\n<\/div>\n<p>&nbsp;<\/p>\n<div class=\"content__image-wrapper tw-w-fit\">\n<div class=\"content__image tw-relative tw-w-[5rem]\"><img loading=\"lazy\" decoding=\"async\" class=\"tw-absolute tw-top-0 tw-left-0 tw-w-full tw-h-full\" src=\"https:\/\/www.montura.com\/cdn\/shop\/files\/017_TrekkingHiking_Black.svg?v=1709126467&amp;width=200\" srcset=\"\/\/www.montura.com\/cdn\/shop\/files\/017_TrekkingHiking_Black.svg?v=1709126467&amp;width=200 200w\" alt=\"\" width=\"102\" height=\"102\" \/> <strong>LE TREKKING\/LA RANDONN\u00c9E<\/strong><\/div>\n<\/div>\n<div><\/div>\n<div><\/div>\n<div>\n<div class=\"content__image-wrapper tw-w-fit\">\n<div class=\"content__image tw-relative tw-w-[5rem]\"><img loading=\"lazy\" decoding=\"async\" class=\"tw-absolute tw-top-0 tw-left-0 tw-w-full tw-h-full\" src=\"https:\/\/www.montura.com\/cdn\/shop\/files\/019_Climbing_Black.svg?v=1709126445&amp;width=200\" srcset=\"\/\/www.montura.com\/cdn\/shop\/files\/019_Climbing_Black.svg?v=1709126445&amp;width=200 200w\" alt=\"\" width=\"103\" height=\"136\" \/> <strong>ESCALADE<\/strong><\/div>\n<\/div>\n<\/div>\n","protected":false},"excerpt":{"rendered":"<ul>\n<li>Pantalon id\u00e9al pour le trekking ou l&#8217;escalade en \u00e9t\u00e9.<\/li>\n<li>Fabriqu\u00e9 dans une mati\u00e8re respirante pour garder votre peau au sec malgr\u00e9 l&#8217;effort.<\/li>\n<\/ul>\n","protected":false},"featured_media":246710,"template":"","meta":{"_acf_changed":false,"inline_featured_image":false},"product_brand":[],"product_cat":[22602,22596,22595],"product_tag":[23512,23514],"class_list":{"0":"post-291575","1":"product","2":"type-product","3":"status-publish","4":"has-post-thumbnail","6":"product_cat-pantalon-court","7":"product_cat-vetements-pour-femmes","8":"product_cat-femme","9":"product_tag-montura-fr","10":"product_tag-montura-femme","11":"pa_attivita-marcher","12":"pa_attivita-outdoor-fr","13":"pa_colore-stretch-shape-bermuda-w-black-fr","14":"pa_colore-stretch-shape-bermuda-w-nero-care-blue-fr","15":"pa_marca-montura-fr","16":"pa_sesso-femme","17":"pa_size-small-fr","18":"pa_size-medium-fr","20":"first","21":"instock","22":"sale","23":"taxable","24":"shipping-taxable","25":"purchasable","26":"product-type-variable","27":"wvs-archive-product-wrapper"},"acf":[],"yoast_head":"<!-- This site is optimized with the Yoast SEO plugin v26.8 - https:\/\/yoast.com\/product\/yoast-seo-wordpress\/ -->\n<title>Montura Stretch Shape bermuda femme - Shorts pour femmes - MioMioRun<\/title>\n<meta name=\"description\" content=\"Bermuda Stretch Shape pour femme : d\u00e9perlant et respirant, id\u00e9al pour vos aventures estivales. Fabriqu\u00e9 en nylon respirant\" \/>\n<meta name=\"robots\" content=\"index, follow, max-snippet:-1, max-image-preview:large, max-video-preview:-1\" \/>\n<link rel=\"canonical\" href=\"https:\/\/www.miomiorun.com\/fr\/produit\/stretch-shape-bermuda-femme\/\" \/>\n<meta property=\"og:locale\" content=\"fr_FR\" \/>\n<meta property=\"og:type\" content=\"article\" \/>\n<meta property=\"og:title\" content=\"Montura Stretch Shape bermuda femme - Shorts pour femmes - MioMioRun\" \/>\n<meta property=\"og:description\" content=\"Bermuda Stretch Shape pour femme : d\u00e9perlant et respirant, id\u00e9al pour vos aventures estivales. Fabriqu\u00e9 en nylon respirant\" \/>\n<meta property=\"og:url\" content=\"https:\/\/www.miomiorun.com\/fr\/produit\/stretch-shape-bermuda-femme\/\" \/>\n<meta property=\"og:site_name\" content=\"MioMioRun\" \/>\n<meta property=\"article:publisher\" content=\"https:\/\/www.facebook.com\/miomiorun\/\" \/>\n<meta property=\"article:modified_time\" content=\"2025-06-13T14:29:22+00:00\" \/>\n<meta property=\"og:image\" content=\"https:\/\/www.miomiorun.com\/app\/uploads\/2024\/04\/Montura-Stretch-shape-bermuda-W-nero-care-blue-MPBG14W-9028.webp\" \/>\n\t<meta property=\"og:image:width\" content=\"600\" \/>\n\t<meta property=\"og:image:height\" content=\"600\" \/>\n\t<meta property=\"og:image:type\" content=\"image\/webp\" \/>\n<meta name=\"twitter:card\" content=\"summary_large_image\" \/>\n<meta name=\"twitter:label1\" content=\"Est. reading time\" \/>\n\t<meta name=\"twitter:data1\" content=\"1 minute\" \/>\n<script type=\"application\/ld+json\" class=\"yoast-schema-graph\">{\"@context\":\"https:\/\/schema.org\",\"@graph\":[{\"@type\":\"WebPage\",\"@id\":\"https:\/\/www.miomiorun.com\/fr\/produit\/stretch-shape-bermuda-femme\/\",\"url\":\"https:\/\/www.miomiorun.com\/fr\/produit\/stretch-shape-bermuda-femme\/\",\"name\":\"Montura Stretch Shape bermuda femme - Shorts pour femmes - MioMioRun\",\"isPartOf\":{\"@id\":\"https:\/\/www.miomiorun.com\/fr\/#website\"},\"primaryImageOfPage\":{\"@id\":\"https:\/\/www.miomiorun.com\/fr\/produit\/stretch-shape-bermuda-femme\/#primaryimage\"},\"image\":{\"@id\":\"https:\/\/www.miomiorun.com\/fr\/produit\/stretch-shape-bermuda-femme\/#primaryimage\"},\"thumbnailUrl\":\"https:\/\/www.miomiorun.com\/app\/uploads\/2024\/04\/Montura-Stretch-shape-bermuda-W-nero-care-blue-MPBG14W-9028.webp\",\"datePublished\":\"2024-04-18T12:35:02+00:00\",\"dateModified\":\"2025-06-13T14:29:22+00:00\",\"description\":\"Bermuda Stretch Shape pour femme : d\u00e9perlant et respirant, id\u00e9al pour vos aventures estivales. Fabriqu\u00e9 en nylon respirant\",\"breadcrumb\":{\"@id\":\"https:\/\/www.miomiorun.com\/fr\/produit\/stretch-shape-bermuda-femme\/#breadcrumb\"},\"inLanguage\":\"fr-FR\",\"potentialAction\":[{\"@type\":\"ReadAction\",\"target\":[\"https:\/\/www.miomiorun.com\/fr\/produit\/stretch-shape-bermuda-femme\/\"]}]},{\"@type\":\"ImageObject\",\"inLanguage\":\"fr-FR\",\"@id\":\"https:\/\/www.miomiorun.com\/fr\/produit\/stretch-shape-bermuda-femme\/#primaryimage\",\"url\":\"https:\/\/www.miomiorun.com\/app\/uploads\/2024\/04\/Montura-Stretch-shape-bermuda-W-nero-care-blue-MPBG14W-9028.webp\",\"contentUrl\":\"https:\/\/www.miomiorun.com\/app\/uploads\/2024\/04\/Montura-Stretch-shape-bermuda-W-nero-care-blue-MPBG14W-9028.webp\",\"width\":600,\"height\":600,\"caption\":\"Montura Stretch shape bermuda W nero care blue MPBG14W 9028\"},{\"@type\":\"BreadcrumbList\",\"@id\":\"https:\/\/www.miomiorun.com\/fr\/produit\/stretch-shape-bermuda-femme\/#breadcrumb\",\"itemListElement\":[{\"@type\":\"ListItem\",\"position\":1,\"name\":\"Home\",\"item\":\"https:\/\/www.miomiorun.com\/fr\/home-page\/\"},{\"@type\":\"ListItem\",\"position\":2,\"name\":\"Shop\",\"item\":\"https:\/\/www.miomiorun.com\/shop\/\"},{\"@type\":\"ListItem\",\"position\":3,\"name\":\"Stretch Shape bermuda femme\"}]},{\"@type\":\"WebSite\",\"@id\":\"https:\/\/www.miomiorun.com\/fr\/#website\",\"url\":\"https:\/\/www.miomiorun.com\/fr\/\",\"name\":\"MioMioRun\",\"description\":\"Boutique 100% running et trail\",\"publisher\":{\"@id\":\"https:\/\/www.miomiorun.com\/fr\/#organization\"},\"potentialAction\":[{\"@type\":\"SearchAction\",\"target\":{\"@type\":\"EntryPoint\",\"urlTemplate\":\"https:\/\/www.miomiorun.com\/fr\/?s={search_term_string}\"},\"query-input\":{\"@type\":\"PropertyValueSpecification\",\"valueRequired\":true,\"valueName\":\"search_term_string\"}}],\"inLanguage\":\"fr-FR\"},{\"@type\":\"Organization\",\"@id\":\"https:\/\/www.miomiorun.com\/fr\/#organization\",\"name\":\"MioMio Run\",\"url\":\"https:\/\/www.miomiorun.com\/fr\/\",\"logo\":{\"@type\":\"ImageObject\",\"inLanguage\":\"fr-FR\",\"@id\":\"https:\/\/www.miomiorun.com\/fr\/#\/schema\/logo\/image\/\",\"url\":\"https:\/\/www.miomiorun.com\/app\/uploads\/2019\/12\/logomio.png\",\"contentUrl\":\"https:\/\/www.miomiorun.com\/app\/uploads\/2019\/12\/logomio.png\",\"width\":115,\"height\":82,\"caption\":\"MioMio Run\"},\"image\":{\"@id\":\"https:\/\/www.miomiorun.com\/fr\/#\/schema\/logo\/image\/\"},\"sameAs\":[\"https:\/\/www.facebook.com\/miomiorun\/\",\"https:\/\/www.instagram.com\/miomiorun\/\"]}]}<\/script>\n<!-- \/ Yoast SEO plugin. -->","yoast_head_json":{"title":"Montura Stretch Shape bermuda femme - Shorts pour femmes - MioMioRun","description":"Bermuda Stretch Shape pour femme : d\u00e9perlant et respirant, id\u00e9al pour vos aventures estivales. Fabriqu\u00e9 en nylon respirant","robots":{"index":"index","follow":"follow","max-snippet":"max-snippet:-1","max-image-preview":"max-image-preview:large","max-video-preview":"max-video-preview:-1"},"canonical":"https:\/\/www.miomiorun.com\/fr\/produit\/stretch-shape-bermuda-femme\/","og_locale":"fr_FR","og_type":"article","og_title":"Montura Stretch Shape bermuda femme - Shorts pour femmes - MioMioRun","og_description":"Bermuda Stretch Shape pour femme : d\u00e9perlant et respirant, id\u00e9al pour vos aventures estivales. Fabriqu\u00e9 en nylon respirant","og_url":"https:\/\/www.miomiorun.com\/fr\/produit\/stretch-shape-bermuda-femme\/","og_site_name":"MioMioRun","article_publisher":"https:\/\/www.facebook.com\/miomiorun\/","article_modified_time":"2025-06-13T14:29:22+00:00","og_image":[{"width":600,"height":600,"url":"https:\/\/www.miomiorun.com\/app\/uploads\/2024\/04\/Montura-Stretch-shape-bermuda-W-nero-care-blue-MPBG14W-9028.webp","type":"image\/webp"}],"twitter_card":"summary_large_image","twitter_misc":{"Est. reading time":"1 minute"},"schema":{"@context":"https:\/\/schema.org","@graph":[{"@type":"WebPage","@id":"https:\/\/www.miomiorun.com\/fr\/produit\/stretch-shape-bermuda-femme\/","url":"https:\/\/www.miomiorun.com\/fr\/produit\/stretch-shape-bermuda-femme\/","name":"Montura Stretch Shape bermuda femme - Shorts pour femmes - MioMioRun","isPartOf":{"@id":"https:\/\/www.miomiorun.com\/fr\/#website"},"primaryImageOfPage":{"@id":"https:\/\/www.miomiorun.com\/fr\/produit\/stretch-shape-bermuda-femme\/#primaryimage"},"image":{"@id":"https:\/\/www.miomiorun.com\/fr\/produit\/stretch-shape-bermuda-femme\/#primaryimage"},"thumbnailUrl":"https:\/\/www.miomiorun.com\/app\/uploads\/2024\/04\/Montura-Stretch-shape-bermuda-W-nero-care-blue-MPBG14W-9028.webp","datePublished":"2024-04-18T12:35:02+00:00","dateModified":"2025-06-13T14:29:22+00:00","description":"Bermuda Stretch Shape pour femme : d\u00e9perlant et respirant, id\u00e9al pour vos aventures estivales. Fabriqu\u00e9 en nylon respirant","breadcrumb":{"@id":"https:\/\/www.miomiorun.com\/fr\/produit\/stretch-shape-bermuda-femme\/#breadcrumb"},"inLanguage":"fr-FR","potentialAction":[{"@type":"ReadAction","target":["https:\/\/www.miomiorun.com\/fr\/produit\/stretch-shape-bermuda-femme\/"]}]},{"@type":"ImageObject","inLanguage":"fr-FR","@id":"https:\/\/www.miomiorun.com\/fr\/produit\/stretch-shape-bermuda-femme\/#primaryimage","url":"https:\/\/www.miomiorun.com\/app\/uploads\/2024\/04\/Montura-Stretch-shape-bermuda-W-nero-care-blue-MPBG14W-9028.webp","contentUrl":"https:\/\/www.miomiorun.com\/app\/uploads\/2024\/04\/Montura-Stretch-shape-bermuda-W-nero-care-blue-MPBG14W-9028.webp","width":600,"height":600,"caption":"Montura Stretch shape bermuda W nero care blue MPBG14W 9028"},{"@type":"BreadcrumbList","@id":"https:\/\/www.miomiorun.com\/fr\/produit\/stretch-shape-bermuda-femme\/#breadcrumb","itemListElement":[{"@type":"ListItem","position":1,"name":"Home","item":"https:\/\/www.miomiorun.com\/fr\/home-page\/"},{"@type":"ListItem","position":2,"name":"Shop","item":"https:\/\/www.miomiorun.com\/shop\/"},{"@type":"ListItem","position":3,"name":"Stretch Shape bermuda femme"}]},{"@type":"WebSite","@id":"https:\/\/www.miomiorun.com\/fr\/#website","url":"https:\/\/www.miomiorun.com\/fr\/","name":"MioMioRun","description":"Boutique 100% running et trail","publisher":{"@id":"https:\/\/www.miomiorun.com\/fr\/#organization"},"potentialAction":[{"@type":"SearchAction","target":{"@type":"EntryPoint","urlTemplate":"https:\/\/www.miomiorun.com\/fr\/?s={search_term_string}"},"query-input":{"@type":"PropertyValueSpecification","valueRequired":true,"valueName":"search_term_string"}}],"inLanguage":"fr-FR"},{"@type":"Organization","@id":"https:\/\/www.miomiorun.com\/fr\/#organization","name":"MioMio Run","url":"https:\/\/www.miomiorun.com\/fr\/","logo":{"@type":"ImageObject","inLanguage":"fr-FR","@id":"https:\/\/www.miomiorun.com\/fr\/#\/schema\/logo\/image\/","url":"https:\/\/www.miomiorun.com\/app\/uploads\/2019\/12\/logomio.png","contentUrl":"https:\/\/www.miomiorun.com\/app\/uploads\/2019\/12\/logomio.png","width":115,"height":82,"caption":"MioMio Run"},"image":{"@id":"https:\/\/www.miomiorun.com\/fr\/#\/schema\/logo\/image\/"},"sameAs":["https:\/\/www.facebook.com\/miomiorun\/","https:\/\/www.instagram.com\/miomiorun\/"]}]}},"_links":{"self":[{"href":"https:\/\/www.miomiorun.com\/fr\/wp-json\/wp\/v2\/product\/291575","targetHints":{"allow":["GET"]}}],"collection":[{"href":"https:\/\/www.miomiorun.com\/fr\/wp-json\/wp\/v2\/product"}],"about":[{"href":"https:\/\/www.miomiorun.com\/fr\/wp-json\/wp\/v2\/types\/product"}],"wp:featuredmedia":[{"embeddable":true,"href":"https:\/\/www.miomiorun.com\/fr\/wp-json\/wp\/v2\/media\/246710"}],"wp:attachment":[{"href":"https:\/\/www.miomiorun.com\/fr\/wp-json\/wp\/v2\/media?parent=291575"}],"wp:term":[{"taxonomy":"product_brand","embeddable":true,"href":"https:\/\/www.miomiorun.com\/fr\/wp-json\/wp\/v2\/product_brand?post=291575"},{"taxonomy":"product_cat","embeddable":true,"href":"https:\/\/www.miomiorun.com\/fr\/wp-json\/wp\/v2\/product_cat?post=291575"},{"taxonomy":"product_tag","embeddable":true,"href":"https:\/\/www.miomiorun.com\/fr\/wp-json\/wp\/v2\/product_tag?post=291575"}],"curies":[{"name":"wp","href":"https:\/\/api.w.org\/{rel}","templated":true}]}}