{"id":291516,"date":"2024-04-20T11:59:46","date_gmt":"2024-04-20T09:59:46","guid":{"rendered":"https:\/\/miomiorun.com\/prodotto\/racerback-2-0-sports-bra-donna\/"},"modified":"2026-05-08T22:04:57","modified_gmt":"2026-05-08T20:04:57","slug":"racerback-2-0-sports-bra-femme","status":"publish","type":"product","link":"https:\/\/www.miomiorun.com\/fr\/produit\/racerback-2-0-sports-bra-femme\/","title":{"rendered":"Racerback 2.0 Sports Bra femme"},"content":{"rendered":"<h2 style=\"text-align: center;\">Vous recherchez un soutien-gorge de sport polyvalent qui offre en m\u00eame temps un bon maintien pour la course \u00e0 pied ?<\/h2>\n<h3 style=\"text-align: center;\">Vous \u00eates au bon endroit.<\/h3>\n<p>Ce soutien-gorge vous couvre aussi bien sur le dos que sur le devant. Con\u00e7ue pour la course \u00e0 pied, la brassi\u00e8re de sport <strong>Racerback 2.0<\/strong> offre un soutien \u00e9lev\u00e9 et un style \u00e9l\u00e9gant. Les bonnets lisses et int\u00e9gr\u00e9s sont con\u00e7us pour r\u00e9duire les mouvements, tandis que les bretelles r\u00e9glables et la fermeture au dos offrent un ajustement personnalis\u00e9.<\/p>\n<h3>Id\u00e9al pour :<\/h3>\n<div class=\"m-long-description__best-for-icon\" aria-hidden=\"true\"><img loading=\"lazy\" decoding=\"async\" class=\"a-responsive-image__img\" src=\"https:\/\/www.brooksrunning.com\/on\/demandware.static\/-\/Sites-brooks-master-catalog\/default\/dw3b544e99\/specs\/PDP-BestFor-BRA-Run-Ready-Molded-Support.svg\" alt=\"\" width=\"50\" height=\"50\" \/> Les m\u00e8res allaitantes<\/div>\n<div aria-hidden=\"true\"><\/div>\n<div aria-hidden=\"true\">\n<div class=\"m-long-description__best-for-icon\" aria-hidden=\"true\"><img loading=\"lazy\" decoding=\"async\" class=\"a-responsive-image__img\" src=\"https:\/\/www.brooksrunning.com\/on\/demandware.static\/-\/Sites-brooks-master-catalog\/default\/dw5b5ea622\/specs\/PDP-BestFor-BRA-Adjustable.svg\" alt=\"\" width=\"49\" height=\"49\" \/> Adaptabilit\u00e9<\/div>\n<\/div>\n<div aria-hidden=\"true\"><\/div>\n<div aria-hidden=\"true\">\n<div class=\"m-long-description__best-for-icon\" aria-hidden=\"true\"><img loading=\"lazy\" decoding=\"async\" class=\"a-responsive-image__img\" src=\"https:\/\/www.brooksrunning.com\/on\/demandware.static\/-\/Sites-brooks-master-catalog\/default\/dwa8ae3057\/specs\/PDP-BestFor-FTW-Outdoor-Training.svg\" alt=\"\" width=\"49\" height=\"58\" \/> Polyvalence<\/div>\n<\/div>\n<div aria-hidden=\"true\"><\/div>\n<div aria-hidden=\"true\">\n<div class=\"m-long-description__best-for-icon\" aria-hidden=\"true\"><\/div>\n<\/div>\n<div aria-hidden=\"true\">\n<div class=\"m-long-description__best-for-icon\" aria-hidden=\"true\"><img loading=\"lazy\" decoding=\"async\" class=\"a-responsive-image__img\" src=\"https:\/\/www.brooksrunning.com\/on\/demandware.static\/-\/Sites-brooks-master-catalog\/default\/dw313003df\/specs\/PDP-BestFor-APP-BRA-Chafe-Free-Design.svg\" alt=\"\" width=\"53\" height=\"53\" \/>Dimensions plus importantes<\/div>\n<\/div>\n<h3 aria-hidden=\"true\">Caract\u00e9ristiques :<\/h3>\n<ul>\n<li class=\"m-long-description__feature\">Soutien \u00e9lev\u00e9<\/li>\n<li class=\"m-long-description__feature\">Ajustement \u00e9tanche<\/li>\n<li class=\"m-long-description__feature\">Confortable et s\u00fbr<\/li>\n<\/ul>\n<p>&nbsp;<\/p>\n<p>&nbsp;<\/p>\n","protected":false},"excerpt":{"rendered":"<ul>\n<li>Soutien-gorge de sport id\u00e9al<\/li>\n<li>Peut \u00eatre port\u00e9 toute la journ\u00e9e<\/li>\n<\/ul>\n","protected":false},"featured_media":246850,"template":"","meta":{"_acf_changed":false,"inline_featured_image":false},"product_brand":[],"product_cat":[22600,22596,22595],"product_tag":[23462,23656],"class_list":{"0":"post-291516","1":"product","2":"type-product","3":"status-publish","4":"has-post-thumbnail","6":"product_cat-sous-vetements","7":"product_cat-vetements-pour-femmes","8":"product_cat-femme","9":"product_tag-brooks-fr","10":"product_tag-brooks-femme","11":"pa_attivita-fitness-fr","12":"pa_attivita-marcher","13":"pa_attivita-running-fr","14":"pa_colore-racerback-2-0-sports-bra-black-fr","15":"pa_marca-brooks-fr","16":"pa_sesso-femme","17":"pa_size-44d-fr","19":"first","20":"instock","21":"sale","22":"taxable","23":"shipping-taxable","24":"purchasable","25":"product-type-variable","26":"wvs-archive-product-wrapper"},"acf":[],"yoast_head":"<!-- This site is optimized with the Yoast SEO plugin v26.8 - https:\/\/yoast.com\/product\/yoast-seo-wordpress\/ -->\n<title>Brooks Racerback 2.0 Sports Bra femme - Soutien-gorge de course- MioMioRun<\/title>\n<meta name=\"description\" content=\"Ce soutien-gorge s&#039;occupe \u00e9galement de vos \u00e9paules et de votre front. Con\u00e7ue pour la course \u00e0 pied, la brassi\u00e8re de sport Racerback 2.0 offre un soutien \u00e9lev\u00e9.\" \/>\n<meta name=\"robots\" content=\"index, follow, max-snippet:-1, max-image-preview:large, max-video-preview:-1\" \/>\n<link rel=\"canonical\" href=\"https:\/\/www.miomiorun.com\/fr\/produit\/racerback-2-0-sports-bra-femme\/\" \/>\n<meta property=\"og:locale\" content=\"fr_FR\" \/>\n<meta property=\"og:type\" content=\"article\" \/>\n<meta property=\"og:title\" content=\"Brooks Racerback 2.0 Sports Bra femme - Soutien-gorge de course- MioMioRun\" \/>\n<meta property=\"og:description\" content=\"Ce soutien-gorge s&#039;occupe \u00e9galement de vos \u00e9paules et de votre front. Con\u00e7ue pour la course \u00e0 pied, la brassi\u00e8re de sport Racerback 2.0 offre un soutien \u00e9lev\u00e9.\" \/>\n<meta property=\"og:url\" content=\"https:\/\/www.miomiorun.com\/fr\/produit\/racerback-2-0-sports-bra-femme\/\" \/>\n<meta property=\"og:site_name\" content=\"MioMioRun\" \/>\n<meta property=\"article:publisher\" content=\"https:\/\/www.facebook.com\/miomiorun\/\" \/>\n<meta property=\"article:modified_time\" content=\"2026-05-08T20:04:57+00:00\" \/>\n<meta property=\"og:image\" content=\"https:\/\/www.miomiorun.com\/app\/uploads\/2024\/05\/brooks-racerback-2-sports-bra-black-350085001.webp\" \/>\n\t<meta property=\"og:image:width\" content=\"600\" \/>\n\t<meta property=\"og:image:height\" content=\"600\" \/>\n\t<meta property=\"og:image:type\" content=\"image\/webp\" \/>\n<meta name=\"twitter:card\" content=\"summary_large_image\" \/>\n<meta name=\"twitter:label1\" content=\"Est. reading time\" \/>\n\t<meta name=\"twitter:data1\" content=\"1 minute\" \/>\n<script type=\"application\/ld+json\" class=\"yoast-schema-graph\">{\"@context\":\"https:\/\/schema.org\",\"@graph\":[{\"@type\":\"WebPage\",\"@id\":\"https:\/\/www.miomiorun.com\/fr\/produit\/racerback-2-0-sports-bra-femme\/\",\"url\":\"https:\/\/www.miomiorun.com\/fr\/produit\/racerback-2-0-sports-bra-femme\/\",\"name\":\"Brooks Racerback 2.0 Sports Bra femme - Soutien-gorge de course- MioMioRun\",\"isPartOf\":{\"@id\":\"https:\/\/www.miomiorun.com\/fr\/#website\"},\"primaryImageOfPage\":{\"@id\":\"https:\/\/www.miomiorun.com\/fr\/produit\/racerback-2-0-sports-bra-femme\/#primaryimage\"},\"image\":{\"@id\":\"https:\/\/www.miomiorun.com\/fr\/produit\/racerback-2-0-sports-bra-femme\/#primaryimage\"},\"thumbnailUrl\":\"https:\/\/www.miomiorun.com\/app\/uploads\/2024\/05\/brooks-racerback-2-sports-bra-black-350085001.webp\",\"datePublished\":\"2024-04-20T09:59:46+00:00\",\"dateModified\":\"2026-05-08T20:04:57+00:00\",\"description\":\"Ce soutien-gorge s'occupe \u00e9galement de vos \u00e9paules et de votre front. Con\u00e7ue pour la course \u00e0 pied, la brassi\u00e8re de sport Racerback 2.0 offre un soutien \u00e9lev\u00e9.\",\"breadcrumb\":{\"@id\":\"https:\/\/www.miomiorun.com\/fr\/produit\/racerback-2-0-sports-bra-femme\/#breadcrumb\"},\"inLanguage\":\"fr-FR\",\"potentialAction\":[{\"@type\":\"ReadAction\",\"target\":[\"https:\/\/www.miomiorun.com\/fr\/produit\/racerback-2-0-sports-bra-femme\/\"]}]},{\"@type\":\"ImageObject\",\"inLanguage\":\"fr-FR\",\"@id\":\"https:\/\/www.miomiorun.com\/fr\/produit\/racerback-2-0-sports-bra-femme\/#primaryimage\",\"url\":\"https:\/\/www.miomiorun.com\/app\/uploads\/2024\/05\/brooks-racerback-2-sports-bra-black-350085001.webp\",\"contentUrl\":\"https:\/\/www.miomiorun.com\/app\/uploads\/2024\/05\/brooks-racerback-2-sports-bra-black-350085001.webp\",\"width\":600,\"height\":600,\"caption\":\"brooks racerback 2 sports bra black 350085001\"},{\"@type\":\"BreadcrumbList\",\"@id\":\"https:\/\/www.miomiorun.com\/fr\/produit\/racerback-2-0-sports-bra-femme\/#breadcrumb\",\"itemListElement\":[{\"@type\":\"ListItem\",\"position\":1,\"name\":\"Home\",\"item\":\"https:\/\/www.miomiorun.com\/fr\/home-page\/\"},{\"@type\":\"ListItem\",\"position\":2,\"name\":\"Shop\",\"item\":\"https:\/\/www.miomiorun.com\/shop\/\"},{\"@type\":\"ListItem\",\"position\":3,\"name\":\"Racerback 2.0 Sports Bra femme\"}]},{\"@type\":\"WebSite\",\"@id\":\"https:\/\/www.miomiorun.com\/fr\/#website\",\"url\":\"https:\/\/www.miomiorun.com\/fr\/\",\"name\":\"MioMioRun\",\"description\":\"Boutique 100% running et trail\",\"publisher\":{\"@id\":\"https:\/\/www.miomiorun.com\/fr\/#organization\"},\"potentialAction\":[{\"@type\":\"SearchAction\",\"target\":{\"@type\":\"EntryPoint\",\"urlTemplate\":\"https:\/\/www.miomiorun.com\/fr\/?s={search_term_string}\"},\"query-input\":{\"@type\":\"PropertyValueSpecification\",\"valueRequired\":true,\"valueName\":\"search_term_string\"}}],\"inLanguage\":\"fr-FR\"},{\"@type\":\"Organization\",\"@id\":\"https:\/\/www.miomiorun.com\/fr\/#organization\",\"name\":\"MioMio Run\",\"url\":\"https:\/\/www.miomiorun.com\/fr\/\",\"logo\":{\"@type\":\"ImageObject\",\"inLanguage\":\"fr-FR\",\"@id\":\"https:\/\/www.miomiorun.com\/fr\/#\/schema\/logo\/image\/\",\"url\":\"https:\/\/www.miomiorun.com\/app\/uploads\/2019\/12\/logomio.png\",\"contentUrl\":\"https:\/\/www.miomiorun.com\/app\/uploads\/2019\/12\/logomio.png\",\"width\":115,\"height\":82,\"caption\":\"MioMio Run\"},\"image\":{\"@id\":\"https:\/\/www.miomiorun.com\/fr\/#\/schema\/logo\/image\/\"},\"sameAs\":[\"https:\/\/www.facebook.com\/miomiorun\/\",\"https:\/\/www.instagram.com\/miomiorun\/\"]}]}<\/script>\n<!-- \/ Yoast SEO plugin. -->","yoast_head_json":{"title":"Brooks Racerback 2.0 Sports Bra femme - Soutien-gorge de course- MioMioRun","description":"Ce soutien-gorge s'occupe \u00e9galement de vos \u00e9paules et de votre front. Con\u00e7ue pour la course \u00e0 pied, la brassi\u00e8re de sport Racerback 2.0 offre un soutien \u00e9lev\u00e9.","robots":{"index":"index","follow":"follow","max-snippet":"max-snippet:-1","max-image-preview":"max-image-preview:large","max-video-preview":"max-video-preview:-1"},"canonical":"https:\/\/www.miomiorun.com\/fr\/produit\/racerback-2-0-sports-bra-femme\/","og_locale":"fr_FR","og_type":"article","og_title":"Brooks Racerback 2.0 Sports Bra femme - Soutien-gorge de course- MioMioRun","og_description":"Ce soutien-gorge s'occupe \u00e9galement de vos \u00e9paules et de votre front. Con\u00e7ue pour la course \u00e0 pied, la brassi\u00e8re de sport Racerback 2.0 offre un soutien \u00e9lev\u00e9.","og_url":"https:\/\/www.miomiorun.com\/fr\/produit\/racerback-2-0-sports-bra-femme\/","og_site_name":"MioMioRun","article_publisher":"https:\/\/www.facebook.com\/miomiorun\/","article_modified_time":"2026-05-08T20:04:57+00:00","og_image":[{"width":600,"height":600,"url":"https:\/\/www.miomiorun.com\/app\/uploads\/2024\/05\/brooks-racerback-2-sports-bra-black-350085001.webp","type":"image\/webp"}],"twitter_card":"summary_large_image","twitter_misc":{"Est. reading time":"1 minute"},"schema":{"@context":"https:\/\/schema.org","@graph":[{"@type":"WebPage","@id":"https:\/\/www.miomiorun.com\/fr\/produit\/racerback-2-0-sports-bra-femme\/","url":"https:\/\/www.miomiorun.com\/fr\/produit\/racerback-2-0-sports-bra-femme\/","name":"Brooks Racerback 2.0 Sports Bra femme - Soutien-gorge de course- MioMioRun","isPartOf":{"@id":"https:\/\/www.miomiorun.com\/fr\/#website"},"primaryImageOfPage":{"@id":"https:\/\/www.miomiorun.com\/fr\/produit\/racerback-2-0-sports-bra-femme\/#primaryimage"},"image":{"@id":"https:\/\/www.miomiorun.com\/fr\/produit\/racerback-2-0-sports-bra-femme\/#primaryimage"},"thumbnailUrl":"https:\/\/www.miomiorun.com\/app\/uploads\/2024\/05\/brooks-racerback-2-sports-bra-black-350085001.webp","datePublished":"2024-04-20T09:59:46+00:00","dateModified":"2026-05-08T20:04:57+00:00","description":"Ce soutien-gorge s'occupe \u00e9galement de vos \u00e9paules et de votre front. Con\u00e7ue pour la course \u00e0 pied, la brassi\u00e8re de sport Racerback 2.0 offre un soutien \u00e9lev\u00e9.","breadcrumb":{"@id":"https:\/\/www.miomiorun.com\/fr\/produit\/racerback-2-0-sports-bra-femme\/#breadcrumb"},"inLanguage":"fr-FR","potentialAction":[{"@type":"ReadAction","target":["https:\/\/www.miomiorun.com\/fr\/produit\/racerback-2-0-sports-bra-femme\/"]}]},{"@type":"ImageObject","inLanguage":"fr-FR","@id":"https:\/\/www.miomiorun.com\/fr\/produit\/racerback-2-0-sports-bra-femme\/#primaryimage","url":"https:\/\/www.miomiorun.com\/app\/uploads\/2024\/05\/brooks-racerback-2-sports-bra-black-350085001.webp","contentUrl":"https:\/\/www.miomiorun.com\/app\/uploads\/2024\/05\/brooks-racerback-2-sports-bra-black-350085001.webp","width":600,"height":600,"caption":"brooks racerback 2 sports bra black 350085001"},{"@type":"BreadcrumbList","@id":"https:\/\/www.miomiorun.com\/fr\/produit\/racerback-2-0-sports-bra-femme\/#breadcrumb","itemListElement":[{"@type":"ListItem","position":1,"name":"Home","item":"https:\/\/www.miomiorun.com\/fr\/home-page\/"},{"@type":"ListItem","position":2,"name":"Shop","item":"https:\/\/www.miomiorun.com\/shop\/"},{"@type":"ListItem","position":3,"name":"Racerback 2.0 Sports Bra femme"}]},{"@type":"WebSite","@id":"https:\/\/www.miomiorun.com\/fr\/#website","url":"https:\/\/www.miomiorun.com\/fr\/","name":"MioMioRun","description":"Boutique 100% running et trail","publisher":{"@id":"https:\/\/www.miomiorun.com\/fr\/#organization"},"potentialAction":[{"@type":"SearchAction","target":{"@type":"EntryPoint","urlTemplate":"https:\/\/www.miomiorun.com\/fr\/?s={search_term_string}"},"query-input":{"@type":"PropertyValueSpecification","valueRequired":true,"valueName":"search_term_string"}}],"inLanguage":"fr-FR"},{"@type":"Organization","@id":"https:\/\/www.miomiorun.com\/fr\/#organization","name":"MioMio Run","url":"https:\/\/www.miomiorun.com\/fr\/","logo":{"@type":"ImageObject","inLanguage":"fr-FR","@id":"https:\/\/www.miomiorun.com\/fr\/#\/schema\/logo\/image\/","url":"https:\/\/www.miomiorun.com\/app\/uploads\/2019\/12\/logomio.png","contentUrl":"https:\/\/www.miomiorun.com\/app\/uploads\/2019\/12\/logomio.png","width":115,"height":82,"caption":"MioMio Run"},"image":{"@id":"https:\/\/www.miomiorun.com\/fr\/#\/schema\/logo\/image\/"},"sameAs":["https:\/\/www.facebook.com\/miomiorun\/","https:\/\/www.instagram.com\/miomiorun\/"]}]}},"_links":{"self":[{"href":"https:\/\/www.miomiorun.com\/fr\/wp-json\/wp\/v2\/product\/291516","targetHints":{"allow":["GET"]}}],"collection":[{"href":"https:\/\/www.miomiorun.com\/fr\/wp-json\/wp\/v2\/product"}],"about":[{"href":"https:\/\/www.miomiorun.com\/fr\/wp-json\/wp\/v2\/types\/product"}],"wp:featuredmedia":[{"embeddable":true,"href":"https:\/\/www.miomiorun.com\/fr\/wp-json\/wp\/v2\/media\/246850"}],"wp:attachment":[{"href":"https:\/\/www.miomiorun.com\/fr\/wp-json\/wp\/v2\/media?parent=291516"}],"wp:term":[{"taxonomy":"product_brand","embeddable":true,"href":"https:\/\/www.miomiorun.com\/fr\/wp-json\/wp\/v2\/product_brand?post=291516"},{"taxonomy":"product_cat","embeddable":true,"href":"https:\/\/www.miomiorun.com\/fr\/wp-json\/wp\/v2\/product_cat?post=291516"},{"taxonomy":"product_tag","embeddable":true,"href":"https:\/\/www.miomiorun.com\/fr\/wp-json\/wp\/v2\/product_tag?post=291516"}],"curies":[{"name":"wp","href":"https:\/\/api.w.org\/{rel}","templated":true}]}}