{"id":291509,"date":"2024-04-23T13:16:51","date_gmt":"2024-04-23T11:16:51","guid":{"rendered":"https:\/\/miomiorun.com\/prodotto\/neotrail-pro-fx-one-superlite\/"},"modified":"2026-05-08T18:47:35","modified_gmt":"2026-05-08T16:47:35","slug":"neotrail-pro-fx-one-superlite","status":"publish","type":"product","link":"https:\/\/www.miomiorun.com\/fr\/produit\/neotrail-pro-fx-one-superlite\/","title":{"rendered":"Neotrail Pro Fx.One Superlite"},"content":{"rendered":"<p>Avec seulement 120 g (120 cm), le <strong>Neotrail Pro FX.One Superlite<\/strong> est le b\u00e2ton le plus l\u00e9ger jamais d\u00e9velopp\u00e9 par LEKI.<\/p>\n<p>100% optimis\u00e9 en termes de poids, il est parfait pour les terrains techniques. La poign\u00e9e Spartan est bas\u00e9e sur les commentaires des athl\u00e8tes de haut niveau et combine minimalisme et polyvalence.<\/p>\n<p>Il est \u00e9quip\u00e9 d&#8217;une sangle <strong>D-Loop Mesh<\/strong> ultral\u00e9g\u00e8re et \u00e0 s\u00e9chage rapide, et le nouveau mat\u00e9riau de la boucle garantit une respirabilit\u00e9 et une rapidit\u00e9 de s\u00e9chage maximales. Gr\u00e2ce au bouton situ\u00e9 sur la poign\u00e9e, la sangle peut \u00eatre r\u00e9gl\u00e9e en quelques secondes, ce qui permet de ne pas perdre de temps pendant la course.<\/p>\n<p>La poign\u00e9e l\u00e9g\u00e8re en mousse a des c\u00f4t\u00e9s aplatis pour une meilleure utilisation pendant la course. Le b\u00e2ton ultra-l\u00e9ger d&#8217;un diam\u00e8tre de 14 mm est optimis\u00e9 pour un poids minimum gr\u00e2ce \u00e0 un carbone de haute qualit\u00e9.<\/p>\n<h3>REMARQUE SUR LE PRODUIT<\/h3>\n<p>Le produit est optimis\u00e9 pour le poids et con\u00e7u pour une utilisation en comp\u00e9tition. Il n\u00e9cessite une utilisation particuli\u00e8rement experte et prudente et n&#8217;est pas con\u00e7u comme un outil d&#8217;entra\u00eenement quotidien.<\/p>\n<div class=\"col-7 col-lg-6 product-highlight-content-container\">\n<div class=\"product-highlight-headline\">\n<div style=\"width: 1280px;\" class=\"wp-video\"><video class=\"wp-video-shortcode\" id=\"video-291509-1\" width=\"1280\" height=\"720\" loop autoplay preload=\"metadata\" controls=\"controls\"><source type=\"video\/mp4\" src=\"https:\/\/www.miomiorun.com\/app\/uploads\/2024\/04\/65425891new.mp4?_=1\" \/><a href=\"https:\/\/www.miomiorun.com\/app\/uploads\/2024\/04\/65425891new.mp4\">https:\/\/www.miomiorun.com\/app\/uploads\/2024\/04\/65425891new.mp4<\/a><\/video><\/div>\n<h2>Syst\u00e8me de pr\u00e9hension<\/h2>\n<\/div>\n<\/div>\n<p><img loading=\"lazy\" decoding=\"async\" class=\"\" src=\"https:\/\/res.cloudinary.com\/leki-lenhart-gmbh\/iu\/c_fit,h_840,w_600\/f_auto\/q_auto\/media\/c8\/48\/eb\/1709634064\/poles_grips_pas%20system_Icon?_a=AAFIKBs\" width=\"153\" height=\"153\" data-src=\"https:\/\/res.cloudinary.com\/leki-lenhart-gmbh\/iu\/c_fit,h_840,w_600\/f_auto\/q_auto\/media\/c8\/48\/eb\/1709634064\/poles_grips_pas%20system_Icon?_a=AAFIKBs\" \/><\/p>\n<div class=\"col-7 col-lg-6 product-highlight-content-container\">\n<div class=\"product-highlight-headline\">\n<h3 class=\"product-headline\">Syst\u00e8me PAS<\/h3>\n<\/div>\n<div class=\"product-highlight-content\">\n<p>Poign\u00e9e PAS avec \u0153illet sans syst\u00e8me de gants int\u00e9gr\u00e9<\/p>\n<\/div>\n<\/div>\n<p>&nbsp;<\/p>\n<h2><\/h2>\n<h2>Poign\u00e9e<\/h2>\n<p><img loading=\"lazy\" decoding=\"async\" class=\"\" src=\"https:\/\/res.cloudinary.com\/leki-lenhart-gmbh\/iu\/c_fit,h_840,w_600\/f_auto\/q_auto\/media\/ca\/a2\/92\/1709624866\/poles_grip_spartan_Icon?_a=AAFIKBs\" width=\"153\" height=\"153\" data-src=\"https:\/\/res.cloudinary.com\/leki-lenhart-gmbh\/iu\/c_fit,h_840,w_600\/f_auto\/q_auto\/media\/ca\/a2\/92\/1709624866\/poles_grip_spartan_Icon?_a=AAFIKBs\" \/><\/p>\n<div class=\"col-7 col-lg-6 product-highlight-content-container\">\n<div class=\"product-highlight-headline\">\n<h3 class=\"product-headline\">Spartan Ultra<\/h3>\n<\/div>\n<div class=\"product-highlight-content\">\n<p>Grip en mousse extr\u00eamement l\u00e9ger. Parfait pour les terrains techniques, les conditions extr\u00eames et une libert\u00e9 maximale.<\/p>\n<\/div>\n<\/div>\n<p>&nbsp;<\/p>\n<p>&nbsp;<\/p>\n<p>&nbsp;<\/p>\n<h2>Sangle<\/h2>\n<p><img loading=\"lazy\" decoding=\"async\" class=\"\" src=\"https:\/\/res.cloudinary.com\/leki-lenhart-gmbh\/iu\/c_fit,h_1050,w_750\/f_auto\/q_auto\/media\/e1\/72\/f1\/1643896000\/Lock%20Security%20Strap_Icon?_a=AAAH2AI\" width=\"151\" height=\"151\" \/><\/p>\n<div class=\"col-7 col-lg-6 product-highlight-content-container\">\n<div class=\"product-highlight-headline\">\n<h3 class=\"product-headline\">Courroie de s\u00e9curit\u00e9 avec serrure<\/h3>\n<\/div>\n<div class=\"product-highlight-content\">\n<p>Sangle r\u00e9glable avec fermeture de s\u00e9curit\u00e9. Robuste et respirant, il assure un confort maximal.<\/p>\n<\/div>\n<\/div>\n<p>&nbsp;<\/p>\n<h3><\/h3>\n<h2>Syst\u00e8me de pliage<\/h2>\n<p>&nbsp;<\/p>\n<div class=\"col-7 col-lg-6 product-highlight-content-container\">\n<div class=\"product-highlight-headline\"><\/div>\n<div class=\"product-highlight-content\">\n<p><img loading=\"lazy\" decoding=\"async\" class=\"\" src=\"https:\/\/res.cloudinary.com\/leki-lenhart-gmbh\/iu\/c_fit,h_840,w_600\/f_auto\/q_auto\/media\/07\/b5\/dc\/1642579033\/PB_Icon?_a=AAAH2AI\" width=\"152\" height=\"152\" data-src=\"https:\/\/res.cloudinary.com\/leki-lenhart-gmbh\/iu\/c_fit,h_840,w_600\/f_auto\/q_auto\/media\/07\/b5\/dc\/1642579033\/PB_Icon?_a=AAAH2AI\" \/><\/p>\n<div class=\"col-7 col-lg-6 product-highlight-content-container\">\n<div class=\"product-highlight-headline\">\n<h3 class=\"product-headline\">Bouton-poussoir<\/h3>\n<\/div>\n<div class=\"product-highlight-content\">\n<p>Le syst\u00e8me de bouton-poussoir permet d&#8217;ouvrir et de fermer rapidement les b\u00e2tons pliants en appuyant sur un bouton.<\/p>\n<\/div>\n<\/div>\n<\/div>\n<\/div>\n<h3><\/h3>\n<h3><\/h3>\n<h2>Mat\u00e9riau du tube<\/h2>\n<p><img loading=\"lazy\" decoding=\"async\" class=\"\" src=\"https:\/\/res.cloudinary.com\/leki-lenhart-gmbh\/iu\/c_fit,h_1050,w_750\/f_auto\/q_auto\/media\/cb\/91\/d1\/1642586379\/Material_Icon?_a=AAAH2AI\" width=\"151\" height=\"151\" \/><\/p>\n<div class=\"col-7 col-lg-6 product-highlight-content-container\">\n<div class=\"col-7 col-lg-6 product-highlight-content-container\">\n<div class=\"product-highlight-headline\">\n<h3 class=\"product-headline\">Carbone<\/h3>\n<\/div>\n<div class=\"product-highlight-content\">\n<p>Carbone HRC (Highest Racing Carbon) Max<\/p>\n<\/div>\n<\/div>\n<h2><\/h2>\n<h2 class=\"product-highlight-content\">Rondelle<\/h2>\n<p>&nbsp;<\/p>\n<div class=\"col-7 col-lg-6 product-highlight-content-container\">\n<div class=\"product-highlight-headline\">\n<h3><img loading=\"lazy\" decoding=\"async\" class=\"\" src=\"https:\/\/res.cloudinary.com\/leki-lenhart-gmbh\/iu\/c_fit,h_840,w_600\/f_auto\/q_auto\/media\/30\/f6\/c9\/1645612656\/Trail%20Running%20Teller_Icon?_a=AAAH2AI\" width=\"151\" height=\"151\" data-src=\"https:\/\/res.cloudinary.com\/leki-lenhart-gmbh\/iu\/c_fit,h_840,w_600\/f_auto\/q_auto\/media\/30\/f6\/c9\/1645612656\/Trail%20Running%20Teller_Icon?_a=AAAH2AI\" \/><\/h3>\n<div class=\"col-7 col-lg-6 product-highlight-content-container\">\n<div class=\"product-highlight-headline\">\n<h3 class=\"product-headline\">Rondelle Trail Running<\/h3>\n<\/div>\n<div class=\"product-highlight-content\">\n<p>Plaque l\u00e9g\u00e8re minimaliste.<\/p>\n<\/div>\n<\/div>\n<\/div>\n<\/div>\n<\/div>\n<p>&nbsp;<\/p>\n<p>&nbsp;<\/p>\n<h2>Pointe<\/h2>\n<p><img loading=\"lazy\" decoding=\"async\" class=\"\" src=\"https:\/\/res.cloudinary.com\/leki-lenhart-gmbh\/iu\/c_fit,h_840,w_600\/f_auto\/q_auto\/media\/20\/e1\/81\/1637918587\/Trail%20Tip_Icon?_a=AAAH2AI\" width=\"150\" height=\"150\" data-src=\"https:\/\/res.cloudinary.com\/leki-lenhart-gmbh\/iu\/c_fit,h_840,w_600\/f_auto\/q_auto\/media\/20\/e1\/81\/1637918587\/Trail%20Tip_Icon?_a=AAAH2AI\" \/><\/p>\n<div class=\"col-7 col-lg-6 product-highlight-content-container\">\n<div class=\"product-highlight-headline\">\n<h3 class=\"product-headline\">Pointe Trail<\/h3>\n<\/div>\n<div class=\"product-highlight-content\">\n<p>Combinaison simple de pointes pour une d\u00e9marche technique optimale et une adh\u00e9rence maximale sur tous les terrains.<\/p>\n<\/div>\n<\/div>\n<p>&nbsp;<\/p>\n<p>&nbsp;<\/p>\n<p>&nbsp;<\/p>\n<h2 class=\"headline-beta\">Toutes les caract\u00e9ristiques<\/h2>\n<table class=\"table product-detail-properties-table\">\n<tbody>\n<tr class=\"properties-row\">\n<th class=\"properties-label\">Activit\u00e9 :<\/th>\n<td class=\"properties-value\">Course \u00e0 pied sur sentier<\/td>\n<\/tr>\n<tr class=\"properties-row\">\n<th class=\"properties-label\">Groupe d&#8217;\u00e2ge<\/th>\n<td class=\"properties-value\">Adultes<\/td>\n<\/tr>\n<tr class=\"properties-row\">\n<th class=\"properties-label\">Genre :<\/th>\n<td class=\"properties-value\">Unisexe<\/td>\n<\/tr>\n<tr class=\"properties-row\">\n<th class=\"properties-label\">Sizerun :<\/th>\n<td class=\"properties-value\">105 &#8211; 130 cm (par paliers de 5 cm)<\/td>\n<\/tr>\n<tr class=\"properties-row\">\n<th class=\"properties-label\">Construction :<\/th>\n<td class=\"properties-value\">Longueur fixe | Pliable<\/td>\n<\/tr>\n<tr class=\"properties-row\">\n<th class=\"properties-label\">Taille de l&#8217;emballage<\/th>\n<td class=\"properties-value\">35 cm<\/td>\n<\/tr>\n<tr class=\"properties-row\">\n<th class=\"properties-label\">Poids :<\/th>\n<td class=\"properties-value\">117 g<\/td>\n<\/tr>\n<tr class=\"properties-row\">\n<th class=\"properties-label\">Segments :<\/th>\n<td class=\"properties-value\">4<\/td>\n<\/tr>\n<tr class=\"properties-row\">\n<th class=\"properties-label\">Diam\u00e8tre :<\/th>\n<td class=\"properties-value\">14|12|12|12 mm<\/td>\n<\/tr>\n<tr class=\"properties-row\">\n<th class=\"properties-label\">G\u00e9om\u00e9trie du tube :<\/th>\n<td class=\"properties-value\">Sans profil<\/td>\n<\/tr>\n<tr class=\"properties-row\">\n<th class=\"properties-label\">Forme du tube :<\/th>\n<td class=\"properties-value\">Cylindrique<\/td>\n<\/tr>\n<tr class=\"properties-row\">\n<th class=\"properties-label\">Poign\u00e9e :<\/th>\n<td class=\"properties-value\">Spartan Ultra<\/td>\n<\/tr>\n<tr class=\"properties-row\">\n<th class=\"properties-label\">Strap :<\/th>\n<td class=\"properties-value\">Sangle de s\u00e9curit\u00e9<\/td>\n<\/tr>\n<tr class=\"properties-row\">\n<th class=\"properties-label\">Extension de la poign\u00e9e :<\/th>\n<td class=\"properties-value\">Mousse 1K<\/td>\n<\/tr>\n<tr class=\"properties-row\">\n<th class=\"properties-label\">Mat\u00e9riau du tube<\/th>\n<td class=\"properties-value\">Carbone (HRC max)<\/td>\n<\/tr>\n<tr class=\"properties-row\">\n<th class=\"properties-label\">Partie sup\u00e9rieure du tube :<\/th>\n<td class=\"properties-value\">Carbone<\/td>\n<\/tr>\n<tr class=\"properties-row\">\n<th class=\"properties-label\">Section centrale du tube (1) :<\/th>\n<td class=\"properties-value\">Carbone<\/td>\n<\/tr>\n<tr class=\"properties-row\">\n<th class=\"properties-label\">Section centrale du tube (2) :<\/th>\n<td class=\"properties-value\">Carbone<\/td>\n<\/tr>\n<tr class=\"properties-row\">\n<th class=\"properties-label\">Partie inf\u00e9rieure du tube :<\/th>\n<td class=\"properties-value\">Carbone<\/td>\n<\/tr>\n<tr class=\"properties-row\">\n<th class=\"properties-label\">Syst\u00e8me de pliage :<\/th>\n<td class=\"properties-value\">Bouton-poussoir<\/td>\n<\/tr>\n<tr class=\"properties-row\">\n<th class=\"properties-label\">Laveuse :<\/th>\n<td class=\"properties-value\">Raclette pour la course \u00e0 pied<\/td>\n<\/tr>\n<tr class=\"properties-row\">\n<th class=\"properties-label\">Conseil :<\/th>\n<td class=\"properties-value\">Pointe Trail Running<\/td>\n<\/tr>\n<tr class=\"properties-row\">\n<th class=\"properties-label\">Taille de l&#8217;embout :<\/th>\n<td class=\"properties-value\">Taille unique<\/td>\n<\/tr>\n<\/tbody>\n<\/table>\n","protected":false},"excerpt":{"rendered":"<ul>\n<li>B\u00e2tons id\u00e9aux pour les athl\u00e8tes experts.<\/li>\n<li>Pour une utilisation en comp\u00e9tition.<\/li>\n<li>Les plus l\u00e9gers de Leki.<\/li>\n<\/ul>\n","protected":false},"featured_media":247104,"template":"","meta":{"_acf_changed":false,"inline_featured_image":false},"product_brand":[],"product_cat":[22538,22539],"product_tag":[23596],"class_list":{"0":"post-291509","1":"product","2":"type-product","3":"status-publish","4":"has-post-thumbnail","6":"product_cat-accessoires","7":"product_cat-batons","8":"product_tag-leki-fr","9":"pa_attivita-marcher","10":"pa_attivita-outdoor-fr","11":"pa_attivita-trail-fr","12":"pa_colore-neotrail-pro-fx-one-sl-bright-red-violet","13":"pa_colore-neotrail-pro-fx-one-sl-naturalcarbon","14":"pa_marca-leki-fr","15":"pa_misura-110-cm-fr","16":"pa_misura-115-cm-fr","17":"pa_misura-120-cm-fr","18":"pa_misura-125-cm-fr","19":"pa_misura-130-cm-fr","20":"pa_sesso-femme","21":"pa_sesso-homme","23":"first","24":"instock","25":"sale","26":"taxable","27":"shipping-taxable","28":"purchasable","29":"product-type-variable","30":"wvs-archive-product-wrapper"},"acf":[],"yoast_head":"<!-- This site is optimized with the Yoast SEO plugin v26.8 - https:\/\/yoast.com\/product\/yoast-seo-wordpress\/ -->\n<title>Leki Neotrail Pro Fx.One Superlite - B\u00e2tons de course- MioMioRun.com<\/title>\n<meta name=\"description\" content=\"Le Neotrail Pro FX.One Superlite, avec seulement 120 g (120 cm), est le b\u00e2ton le plus l\u00e9ger jamais d\u00e9velopp\u00e9 par LEKI. 100% optimis\u00e9 en termes de poids.\" \/>\n<meta name=\"robots\" content=\"index, follow, max-snippet:-1, max-image-preview:large, max-video-preview:-1\" \/>\n<link rel=\"canonical\" href=\"https:\/\/www.miomiorun.com\/fr\/produit\/neotrail-pro-fx-one-superlite\/\" \/>\n<meta property=\"og:locale\" content=\"fr_FR\" \/>\n<meta property=\"og:type\" content=\"article\" \/>\n<meta property=\"og:title\" content=\"Leki Neotrail Pro Fx.One Superlite - B\u00e2tons de course- MioMioRun.com\" \/>\n<meta property=\"og:description\" content=\"Le Neotrail Pro FX.One Superlite, avec seulement 120 g (120 cm), est le b\u00e2ton le plus l\u00e9ger jamais d\u00e9velopp\u00e9 par LEKI. 100% optimis\u00e9 en termes de poids.\" \/>\n<meta property=\"og:url\" content=\"https:\/\/www.miomiorun.com\/fr\/produit\/neotrail-pro-fx-one-superlite\/\" \/>\n<meta property=\"og:site_name\" content=\"MioMioRun\" \/>\n<meta property=\"article:publisher\" content=\"https:\/\/www.facebook.com\/miomiorun\/\" \/>\n<meta property=\"article:modified_time\" content=\"2026-05-08T16:47:35+00:00\" \/>\n<meta property=\"og:image\" content=\"https:\/\/www.miomiorun.com\/app\/uploads\/2024\/04\/leki-Neotrail-Pro-FX-One-Superlite-naturalcarbon-65425891.webp\" \/>\n\t<meta property=\"og:image:width\" content=\"600\" \/>\n\t<meta property=\"og:image:height\" content=\"600\" \/>\n\t<meta property=\"og:image:type\" content=\"image\/webp\" \/>\n<meta name=\"twitter:card\" content=\"summary_large_image\" \/>\n<meta name=\"twitter:label1\" content=\"Est. reading time\" \/>\n\t<meta name=\"twitter:data1\" content=\"2 minutes\" \/>\n<script type=\"application\/ld+json\" class=\"yoast-schema-graph\">{\"@context\":\"https:\/\/schema.org\",\"@graph\":[{\"@type\":\"WebPage\",\"@id\":\"https:\/\/www.miomiorun.com\/fr\/produit\/neotrail-pro-fx-one-superlite\/\",\"url\":\"https:\/\/www.miomiorun.com\/fr\/produit\/neotrail-pro-fx-one-superlite\/\",\"name\":\"Leki Neotrail Pro Fx.One Superlite - B\u00e2tons de course- MioMioRun.com\",\"isPartOf\":{\"@id\":\"https:\/\/www.miomiorun.com\/fr\/#website\"},\"primaryImageOfPage\":{\"@id\":\"https:\/\/www.miomiorun.com\/fr\/produit\/neotrail-pro-fx-one-superlite\/#primaryimage\"},\"image\":{\"@id\":\"https:\/\/www.miomiorun.com\/fr\/produit\/neotrail-pro-fx-one-superlite\/#primaryimage\"},\"thumbnailUrl\":\"https:\/\/www.miomiorun.com\/app\/uploads\/2024\/04\/leki-Neotrail-Pro-FX-One-Superlite-naturalcarbon-65425891.webp\",\"datePublished\":\"2024-04-23T11:16:51+00:00\",\"dateModified\":\"2026-05-08T16:47:35+00:00\",\"description\":\"Le Neotrail Pro FX.One Superlite, avec seulement 120 g (120 cm), est le b\u00e2ton le plus l\u00e9ger jamais d\u00e9velopp\u00e9 par LEKI. 100% optimis\u00e9 en termes de poids.\",\"breadcrumb\":{\"@id\":\"https:\/\/www.miomiorun.com\/fr\/produit\/neotrail-pro-fx-one-superlite\/#breadcrumb\"},\"inLanguage\":\"fr-FR\",\"potentialAction\":[{\"@type\":\"ReadAction\",\"target\":[\"https:\/\/www.miomiorun.com\/fr\/produit\/neotrail-pro-fx-one-superlite\/\"]}]},{\"@type\":\"ImageObject\",\"inLanguage\":\"fr-FR\",\"@id\":\"https:\/\/www.miomiorun.com\/fr\/produit\/neotrail-pro-fx-one-superlite\/#primaryimage\",\"url\":\"https:\/\/www.miomiorun.com\/app\/uploads\/2024\/04\/leki-Neotrail-Pro-FX-One-Superlite-naturalcarbon-65425891.webp\",\"contentUrl\":\"https:\/\/www.miomiorun.com\/app\/uploads\/2024\/04\/leki-Neotrail-Pro-FX-One-Superlite-naturalcarbon-65425891.webp\",\"width\":600,\"height\":600,\"caption\":\"leki Neotrail Pro FX One Superlite naturalcarbon 65425891\"},{\"@type\":\"BreadcrumbList\",\"@id\":\"https:\/\/www.miomiorun.com\/fr\/produit\/neotrail-pro-fx-one-superlite\/#breadcrumb\",\"itemListElement\":[{\"@type\":\"ListItem\",\"position\":1,\"name\":\"Home\",\"item\":\"https:\/\/www.miomiorun.com\/fr\/home-page\/\"},{\"@type\":\"ListItem\",\"position\":2,\"name\":\"Shop\",\"item\":\"https:\/\/www.miomiorun.com\/shop\/\"},{\"@type\":\"ListItem\",\"position\":3,\"name\":\"Neotrail Pro Fx.One Superlite\"}]},{\"@type\":\"WebSite\",\"@id\":\"https:\/\/www.miomiorun.com\/fr\/#website\",\"url\":\"https:\/\/www.miomiorun.com\/fr\/\",\"name\":\"MioMioRun\",\"description\":\"Boutique 100% running et trail\",\"publisher\":{\"@id\":\"https:\/\/www.miomiorun.com\/fr\/#organization\"},\"potentialAction\":[{\"@type\":\"SearchAction\",\"target\":{\"@type\":\"EntryPoint\",\"urlTemplate\":\"https:\/\/www.miomiorun.com\/fr\/?s={search_term_string}\"},\"query-input\":{\"@type\":\"PropertyValueSpecification\",\"valueRequired\":true,\"valueName\":\"search_term_string\"}}],\"inLanguage\":\"fr-FR\"},{\"@type\":\"Organization\",\"@id\":\"https:\/\/www.miomiorun.com\/fr\/#organization\",\"name\":\"MioMio Run\",\"url\":\"https:\/\/www.miomiorun.com\/fr\/\",\"logo\":{\"@type\":\"ImageObject\",\"inLanguage\":\"fr-FR\",\"@id\":\"https:\/\/www.miomiorun.com\/fr\/#\/schema\/logo\/image\/\",\"url\":\"https:\/\/www.miomiorun.com\/app\/uploads\/2019\/12\/logomio.png\",\"contentUrl\":\"https:\/\/www.miomiorun.com\/app\/uploads\/2019\/12\/logomio.png\",\"width\":115,\"height\":82,\"caption\":\"MioMio Run\"},\"image\":{\"@id\":\"https:\/\/www.miomiorun.com\/fr\/#\/schema\/logo\/image\/\"},\"sameAs\":[\"https:\/\/www.facebook.com\/miomiorun\/\",\"https:\/\/www.instagram.com\/miomiorun\/\"]}]}<\/script>\n<!-- \/ Yoast SEO plugin. -->","yoast_head_json":{"title":"Leki Neotrail Pro Fx.One Superlite - B\u00e2tons de course- MioMioRun.com","description":"Le Neotrail Pro FX.One Superlite, avec seulement 120 g (120 cm), est le b\u00e2ton le plus l\u00e9ger jamais d\u00e9velopp\u00e9 par LEKI. 100% optimis\u00e9 en termes de poids.","robots":{"index":"index","follow":"follow","max-snippet":"max-snippet:-1","max-image-preview":"max-image-preview:large","max-video-preview":"max-video-preview:-1"},"canonical":"https:\/\/www.miomiorun.com\/fr\/produit\/neotrail-pro-fx-one-superlite\/","og_locale":"fr_FR","og_type":"article","og_title":"Leki Neotrail Pro Fx.One Superlite - B\u00e2tons de course- MioMioRun.com","og_description":"Le Neotrail Pro FX.One Superlite, avec seulement 120 g (120 cm), est le b\u00e2ton le plus l\u00e9ger jamais d\u00e9velopp\u00e9 par LEKI. 100% optimis\u00e9 en termes de poids.","og_url":"https:\/\/www.miomiorun.com\/fr\/produit\/neotrail-pro-fx-one-superlite\/","og_site_name":"MioMioRun","article_publisher":"https:\/\/www.facebook.com\/miomiorun\/","article_modified_time":"2026-05-08T16:47:35+00:00","og_image":[{"width":600,"height":600,"url":"https:\/\/www.miomiorun.com\/app\/uploads\/2024\/04\/leki-Neotrail-Pro-FX-One-Superlite-naturalcarbon-65425891.webp","type":"image\/webp"}],"twitter_card":"summary_large_image","twitter_misc":{"Est. reading time":"2 minutes"},"schema":{"@context":"https:\/\/schema.org","@graph":[{"@type":"WebPage","@id":"https:\/\/www.miomiorun.com\/fr\/produit\/neotrail-pro-fx-one-superlite\/","url":"https:\/\/www.miomiorun.com\/fr\/produit\/neotrail-pro-fx-one-superlite\/","name":"Leki Neotrail Pro Fx.One Superlite - B\u00e2tons de course- MioMioRun.com","isPartOf":{"@id":"https:\/\/www.miomiorun.com\/fr\/#website"},"primaryImageOfPage":{"@id":"https:\/\/www.miomiorun.com\/fr\/produit\/neotrail-pro-fx-one-superlite\/#primaryimage"},"image":{"@id":"https:\/\/www.miomiorun.com\/fr\/produit\/neotrail-pro-fx-one-superlite\/#primaryimage"},"thumbnailUrl":"https:\/\/www.miomiorun.com\/app\/uploads\/2024\/04\/leki-Neotrail-Pro-FX-One-Superlite-naturalcarbon-65425891.webp","datePublished":"2024-04-23T11:16:51+00:00","dateModified":"2026-05-08T16:47:35+00:00","description":"Le Neotrail Pro FX.One Superlite, avec seulement 120 g (120 cm), est le b\u00e2ton le plus l\u00e9ger jamais d\u00e9velopp\u00e9 par LEKI. 100% optimis\u00e9 en termes de poids.","breadcrumb":{"@id":"https:\/\/www.miomiorun.com\/fr\/produit\/neotrail-pro-fx-one-superlite\/#breadcrumb"},"inLanguage":"fr-FR","potentialAction":[{"@type":"ReadAction","target":["https:\/\/www.miomiorun.com\/fr\/produit\/neotrail-pro-fx-one-superlite\/"]}]},{"@type":"ImageObject","inLanguage":"fr-FR","@id":"https:\/\/www.miomiorun.com\/fr\/produit\/neotrail-pro-fx-one-superlite\/#primaryimage","url":"https:\/\/www.miomiorun.com\/app\/uploads\/2024\/04\/leki-Neotrail-Pro-FX-One-Superlite-naturalcarbon-65425891.webp","contentUrl":"https:\/\/www.miomiorun.com\/app\/uploads\/2024\/04\/leki-Neotrail-Pro-FX-One-Superlite-naturalcarbon-65425891.webp","width":600,"height":600,"caption":"leki Neotrail Pro FX One Superlite naturalcarbon 65425891"},{"@type":"BreadcrumbList","@id":"https:\/\/www.miomiorun.com\/fr\/produit\/neotrail-pro-fx-one-superlite\/#breadcrumb","itemListElement":[{"@type":"ListItem","position":1,"name":"Home","item":"https:\/\/www.miomiorun.com\/fr\/home-page\/"},{"@type":"ListItem","position":2,"name":"Shop","item":"https:\/\/www.miomiorun.com\/shop\/"},{"@type":"ListItem","position":3,"name":"Neotrail Pro Fx.One Superlite"}]},{"@type":"WebSite","@id":"https:\/\/www.miomiorun.com\/fr\/#website","url":"https:\/\/www.miomiorun.com\/fr\/","name":"MioMioRun","description":"Boutique 100% running et trail","publisher":{"@id":"https:\/\/www.miomiorun.com\/fr\/#organization"},"potentialAction":[{"@type":"SearchAction","target":{"@type":"EntryPoint","urlTemplate":"https:\/\/www.miomiorun.com\/fr\/?s={search_term_string}"},"query-input":{"@type":"PropertyValueSpecification","valueRequired":true,"valueName":"search_term_string"}}],"inLanguage":"fr-FR"},{"@type":"Organization","@id":"https:\/\/www.miomiorun.com\/fr\/#organization","name":"MioMio Run","url":"https:\/\/www.miomiorun.com\/fr\/","logo":{"@type":"ImageObject","inLanguage":"fr-FR","@id":"https:\/\/www.miomiorun.com\/fr\/#\/schema\/logo\/image\/","url":"https:\/\/www.miomiorun.com\/app\/uploads\/2019\/12\/logomio.png","contentUrl":"https:\/\/www.miomiorun.com\/app\/uploads\/2019\/12\/logomio.png","width":115,"height":82,"caption":"MioMio Run"},"image":{"@id":"https:\/\/www.miomiorun.com\/fr\/#\/schema\/logo\/image\/"},"sameAs":["https:\/\/www.facebook.com\/miomiorun\/","https:\/\/www.instagram.com\/miomiorun\/"]}]}},"_links":{"self":[{"href":"https:\/\/www.miomiorun.com\/fr\/wp-json\/wp\/v2\/product\/291509","targetHints":{"allow":["GET"]}}],"collection":[{"href":"https:\/\/www.miomiorun.com\/fr\/wp-json\/wp\/v2\/product"}],"about":[{"href":"https:\/\/www.miomiorun.com\/fr\/wp-json\/wp\/v2\/types\/product"}],"wp:featuredmedia":[{"embeddable":true,"href":"https:\/\/www.miomiorun.com\/fr\/wp-json\/wp\/v2\/media\/247104"}],"wp:attachment":[{"href":"https:\/\/www.miomiorun.com\/fr\/wp-json\/wp\/v2\/media?parent=291509"}],"wp:term":[{"taxonomy":"product_brand","embeddable":true,"href":"https:\/\/www.miomiorun.com\/fr\/wp-json\/wp\/v2\/product_brand?post=291509"},{"taxonomy":"product_cat","embeddable":true,"href":"https:\/\/www.miomiorun.com\/fr\/wp-json\/wp\/v2\/product_cat?post=291509"},{"taxonomy":"product_tag","embeddable":true,"href":"https:\/\/www.miomiorun.com\/fr\/wp-json\/wp\/v2\/product_tag?post=291509"}],"curies":[{"name":"wp","href":"https:\/\/api.w.org\/{rel}","templated":true}]}}