{"id":291507,"date":"2024-04-23T14:32:15","date_gmt":"2024-04-23T12:32:15","guid":{"rendered":"https:\/\/miomiorun.com\/prodotto\/pinnacle-series-waistpack\/"},"modified":"2026-05-08T22:04:33","modified_gmt":"2026-05-08T20:04:33","slug":"pinnacle-series-waistpack","status":"publish","type":"product","link":"https:\/\/www.miomiorun.com\/fr\/produit\/pinnacle-series-waistpack\/","title":{"rendered":"Pinnacle Series Waistpack"},"content":{"rendered":"<p>Con\u00e7u pour le coureur minimaliste, le <strong>Pinnacle Series Waistpack<\/strong> a tout pour plaire. \u00c9l\u00e9gant et confortable, il est dot\u00e9 de quatre poches externes et d&#8217;un acc\u00e8s rapide et efficace aux bouteilles d&#8217;eau. L\u00e9g\u00e8re et sans rebond, cette ceinture contient juste ce dont vous avez besoin sans compromettre la performance.<\/p>\n<p>&nbsp;<\/p>\n<h3 dir=\"ltr\" data-placeholder=\"Traduzione\">Caract\u00e9ristiques :<\/h3>\n<ul>\n<li dir=\"ltr\" data-placeholder=\"Traduzione\">\n<p id=\"tw-target-text\" class=\"tw-data-text tw-text-large XcVN5d tw-ta\" dir=\"ltr\" data-placeholder=\"Traduzione\"><span class=\"Y2IQFc\" lang=\"it\"><span class=\"metafield-multi_line_text_field\">Bouteille d&#8217;eau souple de 591 ml avec bouchon de fermeture.<\/span><\/span><\/p>\n<\/li>\n<li dir=\"ltr\" data-placeholder=\"Traduzione\">\n<p id=\"tw-target-text\" class=\"tw-data-text tw-text-large XcVN5d tw-ta\" dir=\"ltr\" data-placeholder=\"Traduzione\"><span class=\"Y2IQFc\" lang=\"it\"><span class=\"metafield-multi_line_text_field\">Poche frontale zipp\u00e9e pour le t\u00e9l\u00e9phone.<\/span><\/span><\/p>\n<\/li>\n<li dir=\"ltr\" data-placeholder=\"Traduzione\">\n<p id=\"tw-target-text\" class=\"tw-data-text tw-text-large XcVN5d tw-ta\" dir=\"ltr\" data-placeholder=\"Traduzione\"><span class=\"Y2IQFc\" lang=\"it\"><span class=\"metafield-multi_line_text_field\">Deux poches lat\u00e9rales pour les cl\u00e9s ou la nourriture.<br \/>\n<\/span><\/span><\/p>\n<\/li>\n<li dir=\"ltr\" data-placeholder=\"Traduzione\">\n<p id=\"tw-target-text\" class=\"tw-data-text tw-text-large XcVN5d tw-ta\" dir=\"ltr\" data-placeholder=\"Traduzione\"><span class=\"Y2IQFc\" lang=\"it\"><span class=\"metafield-multi_line_text_field\">Poche d&#8217;hydratation au centre du dos, doubl\u00e9e de mousse pour plus de stabilit\u00e9, plus une large boucle pour la dext\u00e9rit\u00e9 lors de l&#8217;ouverture de la poche.<\/span><\/span><\/p>\n<\/li>\n<li dir=\"ltr\" data-placeholder=\"Traduzione\">\n<p id=\"tw-target-text\" class=\"tw-data-text tw-text-large XcVN5d tw-ta\" dir=\"ltr\" data-placeholder=\"Traduzione\"><span class=\"Y2IQFc\" lang=\"it\"><span class=\"metafield-multi_line_text_field\">Languettes de compression sur les deux c\u00f4t\u00e9s de la poche ; les languettes se tirent pour comprimer la gourde souple pendant que l&#8217;on boit de l&#8217;eau.<\/span><\/span><\/p>\n<\/li>\n<\/ul>\n<p><strong>Poids<\/strong>: 113,40 g<\/p>\n<p><strong>Capacit\u00e9 de stockage<\/strong>: 0,5 litre<\/p>\n<p>&nbsp;<\/p>\n<p dir=\"ltr\" data-placeholder=\"Traduzione\">\n","protected":false},"excerpt":{"rendered":"<ul>\n<li>Ceinture serr\u00e9e \u00e0 porter lors d&#8217;activit\u00e9s sportives.<\/li>\n<li>Id\u00e9ale pour transporter cl\u00e9s, t\u00e9l\u00e9phone et bouteille d&#8217;eau.<\/li>\n<\/ul>\n","protected":false},"featured_media":247072,"template":"","meta":{"_acf_changed":false,"inline_featured_image":false},"product_brand":[],"product_cat":[22588,22587,22538],"product_tag":[23511],"class_list":{"0":"post-291507","1":"product","2":"type-product","3":"status-publish","4":"has-post-thumbnail","6":"product_cat-ceintures","7":"product_cat-sacs-a-dos-et-ceintures","8":"product_cat-accessoires","9":"product_tag-nathan-fr","10":"pa_attivita-marcher","11":"pa_attivita-outdoor-fr","12":"pa_attivita-running-fr","13":"pa_attivita-trail-fr","14":"pa_marca-nathan-fr","15":"pa_sesso-femme","16":"pa_sesso-homme","17":"pa_size-s-m-fr","18":"pa_size-l-xl-fr","20":"first","21":"instock","22":"sale","23":"taxable","24":"shipping-taxable","25":"purchasable","26":"product-type-variable","27":"wvs-archive-product-wrapper"},"acf":[],"yoast_head":"<!-- This site is optimized with the Yoast SEO plugin v26.8 - https:\/\/yoast.com\/product\/yoast-seo-wordpress\/ -->\n<title>Nathan Pinnacle Series Waistpack - ceinture de course - MioMioRun .com<\/title>\n<meta name=\"description\" content=\"le sac de taille Pinnacle Series a tout pour plaire. \u00c9l\u00e9gant et confortable, il est dot\u00e9 de poches et d&#039;un acc\u00e8s rapide \u00e0 la bouteille d&#039;eau.\" \/>\n<meta name=\"robots\" content=\"index, follow, max-snippet:-1, max-image-preview:large, max-video-preview:-1\" \/>\n<link rel=\"canonical\" href=\"https:\/\/www.miomiorun.com\/fr\/produit\/pinnacle-series-waistpack\/\" \/>\n<meta property=\"og:locale\" content=\"fr_FR\" \/>\n<meta property=\"og:type\" content=\"article\" \/>\n<meta property=\"og:title\" content=\"Nathan Pinnacle Series Waistpack - ceinture de course - MioMioRun .com\" \/>\n<meta property=\"og:description\" content=\"le sac de taille Pinnacle Series a tout pour plaire. \u00c9l\u00e9gant et confortable, il est dot\u00e9 de poches et d&#039;un acc\u00e8s rapide \u00e0 la bouteille d&#039;eau.\" \/>\n<meta property=\"og:url\" content=\"https:\/\/www.miomiorun.com\/fr\/produit\/pinnacle-series-waistpack\/\" \/>\n<meta property=\"og:site_name\" content=\"MioMioRun\" \/>\n<meta property=\"article:publisher\" content=\"https:\/\/www.facebook.com\/miomiorun\/\" \/>\n<meta property=\"article:modified_time\" content=\"2026-05-08T20:04:33+00:00\" \/>\n<meta property=\"og:image\" content=\"https:\/\/www.miomiorun.com\/app\/uploads\/2024\/04\/nathan-Pinnacle-series-waistback-40220.webp\" \/>\n\t<meta property=\"og:image:width\" content=\"600\" \/>\n\t<meta property=\"og:image:height\" content=\"600\" \/>\n\t<meta property=\"og:image:type\" content=\"image\/webp\" \/>\n<meta name=\"twitter:card\" content=\"summary_large_image\" \/>\n<meta name=\"twitter:label1\" content=\"Est. reading time\" \/>\n\t<meta name=\"twitter:data1\" content=\"1 minute\" \/>\n<script type=\"application\/ld+json\" class=\"yoast-schema-graph\">{\"@context\":\"https:\/\/schema.org\",\"@graph\":[{\"@type\":\"WebPage\",\"@id\":\"https:\/\/www.miomiorun.com\/fr\/produit\/pinnacle-series-waistpack\/\",\"url\":\"https:\/\/www.miomiorun.com\/fr\/produit\/pinnacle-series-waistpack\/\",\"name\":\"Nathan Pinnacle Series Waistpack - ceinture de course - MioMioRun .com\",\"isPartOf\":{\"@id\":\"https:\/\/www.miomiorun.com\/fr\/#website\"},\"primaryImageOfPage\":{\"@id\":\"https:\/\/www.miomiorun.com\/fr\/produit\/pinnacle-series-waistpack\/#primaryimage\"},\"image\":{\"@id\":\"https:\/\/www.miomiorun.com\/fr\/produit\/pinnacle-series-waistpack\/#primaryimage\"},\"thumbnailUrl\":\"https:\/\/www.miomiorun.com\/app\/uploads\/2024\/04\/nathan-Pinnacle-series-waistback-40220.webp\",\"datePublished\":\"2024-04-23T12:32:15+00:00\",\"dateModified\":\"2026-05-08T20:04:33+00:00\",\"description\":\"le sac de taille Pinnacle Series a tout pour plaire. \u00c9l\u00e9gant et confortable, il est dot\u00e9 de poches et d'un acc\u00e8s rapide \u00e0 la bouteille d'eau.\",\"breadcrumb\":{\"@id\":\"https:\/\/www.miomiorun.com\/fr\/produit\/pinnacle-series-waistpack\/#breadcrumb\"},\"inLanguage\":\"fr-FR\",\"potentialAction\":[{\"@type\":\"ReadAction\",\"target\":[\"https:\/\/www.miomiorun.com\/fr\/produit\/pinnacle-series-waistpack\/\"]}]},{\"@type\":\"ImageObject\",\"inLanguage\":\"fr-FR\",\"@id\":\"https:\/\/www.miomiorun.com\/fr\/produit\/pinnacle-series-waistpack\/#primaryimage\",\"url\":\"https:\/\/www.miomiorun.com\/app\/uploads\/2024\/04\/nathan-Pinnacle-series-waistback-40220.webp\",\"contentUrl\":\"https:\/\/www.miomiorun.com\/app\/uploads\/2024\/04\/nathan-Pinnacle-series-waistback-40220.webp\",\"width\":600,\"height\":600,\"caption\":\"nathan Pinnacle series waistback 40220\"},{\"@type\":\"BreadcrumbList\",\"@id\":\"https:\/\/www.miomiorun.com\/fr\/produit\/pinnacle-series-waistpack\/#breadcrumb\",\"itemListElement\":[{\"@type\":\"ListItem\",\"position\":1,\"name\":\"Home\",\"item\":\"https:\/\/www.miomiorun.com\/fr\/home-page\/\"},{\"@type\":\"ListItem\",\"position\":2,\"name\":\"Shop\",\"item\":\"https:\/\/www.miomiorun.com\/shop\/\"},{\"@type\":\"ListItem\",\"position\":3,\"name\":\"Pinnacle Series Waistpack\"}]},{\"@type\":\"WebSite\",\"@id\":\"https:\/\/www.miomiorun.com\/fr\/#website\",\"url\":\"https:\/\/www.miomiorun.com\/fr\/\",\"name\":\"MioMioRun\",\"description\":\"Boutique 100% running et trail\",\"publisher\":{\"@id\":\"https:\/\/www.miomiorun.com\/fr\/#organization\"},\"potentialAction\":[{\"@type\":\"SearchAction\",\"target\":{\"@type\":\"EntryPoint\",\"urlTemplate\":\"https:\/\/www.miomiorun.com\/fr\/?s={search_term_string}\"},\"query-input\":{\"@type\":\"PropertyValueSpecification\",\"valueRequired\":true,\"valueName\":\"search_term_string\"}}],\"inLanguage\":\"fr-FR\"},{\"@type\":\"Organization\",\"@id\":\"https:\/\/www.miomiorun.com\/fr\/#organization\",\"name\":\"MioMio Run\",\"url\":\"https:\/\/www.miomiorun.com\/fr\/\",\"logo\":{\"@type\":\"ImageObject\",\"inLanguage\":\"fr-FR\",\"@id\":\"https:\/\/www.miomiorun.com\/fr\/#\/schema\/logo\/image\/\",\"url\":\"https:\/\/www.miomiorun.com\/app\/uploads\/2019\/12\/logomio.png\",\"contentUrl\":\"https:\/\/www.miomiorun.com\/app\/uploads\/2019\/12\/logomio.png\",\"width\":115,\"height\":82,\"caption\":\"MioMio Run\"},\"image\":{\"@id\":\"https:\/\/www.miomiorun.com\/fr\/#\/schema\/logo\/image\/\"},\"sameAs\":[\"https:\/\/www.facebook.com\/miomiorun\/\",\"https:\/\/www.instagram.com\/miomiorun\/\"]}]}<\/script>\n<!-- \/ Yoast SEO plugin. -->","yoast_head_json":{"title":"Nathan Pinnacle Series Waistpack - ceinture de course - MioMioRun .com","description":"le sac de taille Pinnacle Series a tout pour plaire. \u00c9l\u00e9gant et confortable, il est dot\u00e9 de poches et d'un acc\u00e8s rapide \u00e0 la bouteille d'eau.","robots":{"index":"index","follow":"follow","max-snippet":"max-snippet:-1","max-image-preview":"max-image-preview:large","max-video-preview":"max-video-preview:-1"},"canonical":"https:\/\/www.miomiorun.com\/fr\/produit\/pinnacle-series-waistpack\/","og_locale":"fr_FR","og_type":"article","og_title":"Nathan Pinnacle Series Waistpack - ceinture de course - MioMioRun .com","og_description":"le sac de taille Pinnacle Series a tout pour plaire. \u00c9l\u00e9gant et confortable, il est dot\u00e9 de poches et d'un acc\u00e8s rapide \u00e0 la bouteille d'eau.","og_url":"https:\/\/www.miomiorun.com\/fr\/produit\/pinnacle-series-waistpack\/","og_site_name":"MioMioRun","article_publisher":"https:\/\/www.facebook.com\/miomiorun\/","article_modified_time":"2026-05-08T20:04:33+00:00","og_image":[{"width":600,"height":600,"url":"https:\/\/www.miomiorun.com\/app\/uploads\/2024\/04\/nathan-Pinnacle-series-waistback-40220.webp","type":"image\/webp"}],"twitter_card":"summary_large_image","twitter_misc":{"Est. reading time":"1 minute"},"schema":{"@context":"https:\/\/schema.org","@graph":[{"@type":"WebPage","@id":"https:\/\/www.miomiorun.com\/fr\/produit\/pinnacle-series-waistpack\/","url":"https:\/\/www.miomiorun.com\/fr\/produit\/pinnacle-series-waistpack\/","name":"Nathan Pinnacle Series Waistpack - ceinture de course - MioMioRun .com","isPartOf":{"@id":"https:\/\/www.miomiorun.com\/fr\/#website"},"primaryImageOfPage":{"@id":"https:\/\/www.miomiorun.com\/fr\/produit\/pinnacle-series-waistpack\/#primaryimage"},"image":{"@id":"https:\/\/www.miomiorun.com\/fr\/produit\/pinnacle-series-waistpack\/#primaryimage"},"thumbnailUrl":"https:\/\/www.miomiorun.com\/app\/uploads\/2024\/04\/nathan-Pinnacle-series-waistback-40220.webp","datePublished":"2024-04-23T12:32:15+00:00","dateModified":"2026-05-08T20:04:33+00:00","description":"le sac de taille Pinnacle Series a tout pour plaire. \u00c9l\u00e9gant et confortable, il est dot\u00e9 de poches et d'un acc\u00e8s rapide \u00e0 la bouteille d'eau.","breadcrumb":{"@id":"https:\/\/www.miomiorun.com\/fr\/produit\/pinnacle-series-waistpack\/#breadcrumb"},"inLanguage":"fr-FR","potentialAction":[{"@type":"ReadAction","target":["https:\/\/www.miomiorun.com\/fr\/produit\/pinnacle-series-waistpack\/"]}]},{"@type":"ImageObject","inLanguage":"fr-FR","@id":"https:\/\/www.miomiorun.com\/fr\/produit\/pinnacle-series-waistpack\/#primaryimage","url":"https:\/\/www.miomiorun.com\/app\/uploads\/2024\/04\/nathan-Pinnacle-series-waistback-40220.webp","contentUrl":"https:\/\/www.miomiorun.com\/app\/uploads\/2024\/04\/nathan-Pinnacle-series-waistback-40220.webp","width":600,"height":600,"caption":"nathan Pinnacle series waistback 40220"},{"@type":"BreadcrumbList","@id":"https:\/\/www.miomiorun.com\/fr\/produit\/pinnacle-series-waistpack\/#breadcrumb","itemListElement":[{"@type":"ListItem","position":1,"name":"Home","item":"https:\/\/www.miomiorun.com\/fr\/home-page\/"},{"@type":"ListItem","position":2,"name":"Shop","item":"https:\/\/www.miomiorun.com\/shop\/"},{"@type":"ListItem","position":3,"name":"Pinnacle Series Waistpack"}]},{"@type":"WebSite","@id":"https:\/\/www.miomiorun.com\/fr\/#website","url":"https:\/\/www.miomiorun.com\/fr\/","name":"MioMioRun","description":"Boutique 100% running et trail","publisher":{"@id":"https:\/\/www.miomiorun.com\/fr\/#organization"},"potentialAction":[{"@type":"SearchAction","target":{"@type":"EntryPoint","urlTemplate":"https:\/\/www.miomiorun.com\/fr\/?s={search_term_string}"},"query-input":{"@type":"PropertyValueSpecification","valueRequired":true,"valueName":"search_term_string"}}],"inLanguage":"fr-FR"},{"@type":"Organization","@id":"https:\/\/www.miomiorun.com\/fr\/#organization","name":"MioMio Run","url":"https:\/\/www.miomiorun.com\/fr\/","logo":{"@type":"ImageObject","inLanguage":"fr-FR","@id":"https:\/\/www.miomiorun.com\/fr\/#\/schema\/logo\/image\/","url":"https:\/\/www.miomiorun.com\/app\/uploads\/2019\/12\/logomio.png","contentUrl":"https:\/\/www.miomiorun.com\/app\/uploads\/2019\/12\/logomio.png","width":115,"height":82,"caption":"MioMio Run"},"image":{"@id":"https:\/\/www.miomiorun.com\/fr\/#\/schema\/logo\/image\/"},"sameAs":["https:\/\/www.facebook.com\/miomiorun\/","https:\/\/www.instagram.com\/miomiorun\/"]}]}},"_links":{"self":[{"href":"https:\/\/www.miomiorun.com\/fr\/wp-json\/wp\/v2\/product\/291507","targetHints":{"allow":["GET"]}}],"collection":[{"href":"https:\/\/www.miomiorun.com\/fr\/wp-json\/wp\/v2\/product"}],"about":[{"href":"https:\/\/www.miomiorun.com\/fr\/wp-json\/wp\/v2\/types\/product"}],"wp:featuredmedia":[{"embeddable":true,"href":"https:\/\/www.miomiorun.com\/fr\/wp-json\/wp\/v2\/media\/247072"}],"wp:attachment":[{"href":"https:\/\/www.miomiorun.com\/fr\/wp-json\/wp\/v2\/media?parent=291507"}],"wp:term":[{"taxonomy":"product_brand","embeddable":true,"href":"https:\/\/www.miomiorun.com\/fr\/wp-json\/wp\/v2\/product_brand?post=291507"},{"taxonomy":"product_cat","embeddable":true,"href":"https:\/\/www.miomiorun.com\/fr\/wp-json\/wp\/v2\/product_cat?post=291507"},{"taxonomy":"product_tag","embeddable":true,"href":"https:\/\/www.miomiorun.com\/fr\/wp-json\/wp\/v2\/product_tag?post=291507"}],"curies":[{"name":"wp","href":"https:\/\/api.w.org\/{rel}","templated":true}]}}