{"id":291495,"date":"2024-04-23T15:36:12","date_gmt":"2024-04-23T13:36:12","guid":{"rendered":"https:\/\/miomiorun.com\/prodotto\/marathon-pak-2-0\/"},"modified":"2025-06-10T12:02:18","modified_gmt":"2025-06-10T10:02:18","slug":"marathon-pak-2-0","status":"publish","type":"product","link":"https:\/\/www.miomiorun.com\/fr\/produit\/marathon-pak-2-0\/","title":{"rendered":"Marathon Pak 2.0"},"content":{"rendered":"<div class=\"cc-accordion-item__panel\">\n<div class=\"cc-accordion-item__content rte cf\"><strong>PR\u00caT POUR LA COURSE<\/strong><br \/>\n<strong>Le Marathon Pak 2.0<\/strong> est une pochette d&#8217;entra\u00eenement l\u00e9g\u00e8re et polyvalente qui comprend des poches pour transporter votre t\u00e9l\u00e9phone portable ou d&#8217;autres objets essentiels<strong>.NOUVEAU RANGEMENT SUPPL\u00c9MENTAIRE<\/strong><br \/>\nLe design ext\u00e9rieur r\u00e9tractable offre un espace suppl\u00e9mentaire pour la chemise\/serviette<strong>.POCHETTES DE BORD<\/strong><br \/>\nDiverses poches dont des poches avant \u00e9lastiques extensibles, compactes et larges avec fermeture \u00e9clair pour transporter d&#8217;autres petits objets utiles.<\/div>\n<\/div>\n<p>&nbsp;<\/p>\n<p>&nbsp;<\/p>\n<p dir=\"ltr\" data-placeholder=\"Traduzione\">\n","protected":false},"excerpt":{"rendered":"<ul>\n<li>Sac banane id\u00e9al \u00e0 porter \u00e0 chaque entra\u00eenement.<\/li>\n<li>Utile pour transporter de l&#8217;eau, un t\u00e9l\u00e9phone portable et d&#8217;autres objets essentiels.<\/li>\n<\/ul>\n","protected":false},"featured_media":247082,"template":"","meta":{"_acf_changed":false,"inline_featured_image":false},"product_brand":[],"product_cat":[22588,22587,22538],"product_tag":[23511],"class_list":{"0":"post-291495","1":"product","2":"type-product","3":"status-publish","4":"has-post-thumbnail","6":"product_cat-ceintures","7":"product_cat-sacs-a-dos-et-ceintures","8":"product_cat-accessoires","9":"product_tag-nathan-fr","10":"pa_attivita-marcher","11":"pa_attivita-outdoor-fr","12":"pa_attivita-running-fr","13":"pa_attivita-trail-fr","14":"pa_colore-marathon-pak-black-fr","15":"pa_colore-marathon-pak-blue-fr","16":"pa_marca-nathan-fr","17":"pa_sesso-femme","18":"pa_sesso-homme","20":"first","21":"instock","22":"sale","23":"taxable","24":"shipping-taxable","25":"purchasable","26":"product-type-variable","27":"wvs-archive-product-wrapper"},"acf":[],"yoast_head":"<!-- This site is optimized with the Yoast SEO plugin v26.8 - https:\/\/yoast.com\/product\/yoast-seo-wordpress\/ -->\n<title>Nathan Marathon Pak 2.0 - ceinture de course MioMioRun .com<\/title>\n<meta name=\"description\" content=\"Le Marathon Pak 2.0 est une pochette d&#039;entra\u00eenement l\u00e9g\u00e8re et polyvalente qui comprend des poches pour transporter un t\u00e9l\u00e9phone portable ou d&#039;autres objets essentiels.\" \/>\n<meta name=\"robots\" content=\"index, follow, max-snippet:-1, max-image-preview:large, max-video-preview:-1\" \/>\n<link rel=\"canonical\" href=\"https:\/\/www.miomiorun.com\/fr\/produit\/marathon-pak-2-0\/\" \/>\n<meta property=\"og:locale\" content=\"fr_FR\" \/>\n<meta property=\"og:type\" content=\"article\" \/>\n<meta property=\"og:title\" content=\"Nathan Marathon Pak 2.0 - ceinture de course MioMioRun .com\" \/>\n<meta property=\"og:description\" content=\"Le Marathon Pak 2.0 est une pochette d&#039;entra\u00eenement l\u00e9g\u00e8re et polyvalente qui comprend des poches pour transporter un t\u00e9l\u00e9phone portable ou d&#039;autres objets essentiels.\" \/>\n<meta property=\"og:url\" content=\"https:\/\/www.miomiorun.com\/fr\/produit\/marathon-pak-2-0\/\" \/>\n<meta property=\"og:site_name\" content=\"MioMioRun\" \/>\n<meta property=\"article:publisher\" content=\"https:\/\/www.facebook.com\/miomiorun\/\" \/>\n<meta property=\"article:modified_time\" content=\"2025-06-10T10:02:18+00:00\" \/>\n<meta property=\"og:image\" content=\"https:\/\/www.miomiorun.com\/app\/uploads\/2024\/05\/nathan-Marathon-Pak-black-30550.webp\" \/>\n\t<meta property=\"og:image:width\" content=\"600\" \/>\n\t<meta property=\"og:image:height\" content=\"600\" \/>\n\t<meta property=\"og:image:type\" content=\"image\/webp\" \/>\n<meta name=\"twitter:card\" content=\"summary_large_image\" \/>\n<script type=\"application\/ld+json\" class=\"yoast-schema-graph\">{\"@context\":\"https:\/\/schema.org\",\"@graph\":[{\"@type\":\"WebPage\",\"@id\":\"https:\/\/www.miomiorun.com\/fr\/produit\/marathon-pak-2-0\/\",\"url\":\"https:\/\/www.miomiorun.com\/fr\/produit\/marathon-pak-2-0\/\",\"name\":\"Nathan Marathon Pak 2.0 - ceinture de course MioMioRun .com\",\"isPartOf\":{\"@id\":\"https:\/\/www.miomiorun.com\/fr\/#website\"},\"primaryImageOfPage\":{\"@id\":\"https:\/\/www.miomiorun.com\/fr\/produit\/marathon-pak-2-0\/#primaryimage\"},\"image\":{\"@id\":\"https:\/\/www.miomiorun.com\/fr\/produit\/marathon-pak-2-0\/#primaryimage\"},\"thumbnailUrl\":\"https:\/\/www.miomiorun.com\/app\/uploads\/2024\/05\/nathan-Marathon-Pak-black-30550.webp\",\"datePublished\":\"2024-04-23T13:36:12+00:00\",\"dateModified\":\"2025-06-10T10:02:18+00:00\",\"description\":\"Le Marathon Pak 2.0 est une pochette d'entra\u00eenement l\u00e9g\u00e8re et polyvalente qui comprend des poches pour transporter un t\u00e9l\u00e9phone portable ou d'autres objets essentiels.\",\"breadcrumb\":{\"@id\":\"https:\/\/www.miomiorun.com\/fr\/produit\/marathon-pak-2-0\/#breadcrumb\"},\"inLanguage\":\"fr-FR\",\"potentialAction\":[{\"@type\":\"ReadAction\",\"target\":[\"https:\/\/www.miomiorun.com\/fr\/produit\/marathon-pak-2-0\/\"]}]},{\"@type\":\"ImageObject\",\"inLanguage\":\"fr-FR\",\"@id\":\"https:\/\/www.miomiorun.com\/fr\/produit\/marathon-pak-2-0\/#primaryimage\",\"url\":\"https:\/\/www.miomiorun.com\/app\/uploads\/2024\/05\/nathan-Marathon-Pak-black-30550.webp\",\"contentUrl\":\"https:\/\/www.miomiorun.com\/app\/uploads\/2024\/05\/nathan-Marathon-Pak-black-30550.webp\",\"width\":600,\"height\":600,\"caption\":\"nathan Marathon Pak black 30550\"},{\"@type\":\"BreadcrumbList\",\"@id\":\"https:\/\/www.miomiorun.com\/fr\/produit\/marathon-pak-2-0\/#breadcrumb\",\"itemListElement\":[{\"@type\":\"ListItem\",\"position\":1,\"name\":\"Home\",\"item\":\"https:\/\/www.miomiorun.com\/fr\/home-page\/\"},{\"@type\":\"ListItem\",\"position\":2,\"name\":\"Shop\",\"item\":\"https:\/\/www.miomiorun.com\/shop\/\"},{\"@type\":\"ListItem\",\"position\":3,\"name\":\"Marathon Pak 2.0\"}]},{\"@type\":\"WebSite\",\"@id\":\"https:\/\/www.miomiorun.com\/fr\/#website\",\"url\":\"https:\/\/www.miomiorun.com\/fr\/\",\"name\":\"MioMioRun\",\"description\":\"Boutique 100% running et trail\",\"publisher\":{\"@id\":\"https:\/\/www.miomiorun.com\/fr\/#organization\"},\"potentialAction\":[{\"@type\":\"SearchAction\",\"target\":{\"@type\":\"EntryPoint\",\"urlTemplate\":\"https:\/\/www.miomiorun.com\/fr\/?s={search_term_string}\"},\"query-input\":{\"@type\":\"PropertyValueSpecification\",\"valueRequired\":true,\"valueName\":\"search_term_string\"}}],\"inLanguage\":\"fr-FR\"},{\"@type\":\"Organization\",\"@id\":\"https:\/\/www.miomiorun.com\/fr\/#organization\",\"name\":\"MioMio Run\",\"url\":\"https:\/\/www.miomiorun.com\/fr\/\",\"logo\":{\"@type\":\"ImageObject\",\"inLanguage\":\"fr-FR\",\"@id\":\"https:\/\/www.miomiorun.com\/fr\/#\/schema\/logo\/image\/\",\"url\":\"https:\/\/www.miomiorun.com\/app\/uploads\/2019\/12\/logomio.png\",\"contentUrl\":\"https:\/\/www.miomiorun.com\/app\/uploads\/2019\/12\/logomio.png\",\"width\":115,\"height\":82,\"caption\":\"MioMio Run\"},\"image\":{\"@id\":\"https:\/\/www.miomiorun.com\/fr\/#\/schema\/logo\/image\/\"},\"sameAs\":[\"https:\/\/www.facebook.com\/miomiorun\/\",\"https:\/\/www.instagram.com\/miomiorun\/\"]}]}<\/script>\n<!-- \/ Yoast SEO plugin. -->","yoast_head_json":{"title":"Nathan Marathon Pak 2.0 - ceinture de course MioMioRun .com","description":"Le Marathon Pak 2.0 est une pochette d'entra\u00eenement l\u00e9g\u00e8re et polyvalente qui comprend des poches pour transporter un t\u00e9l\u00e9phone portable ou d'autres objets essentiels.","robots":{"index":"index","follow":"follow","max-snippet":"max-snippet:-1","max-image-preview":"max-image-preview:large","max-video-preview":"max-video-preview:-1"},"canonical":"https:\/\/www.miomiorun.com\/fr\/produit\/marathon-pak-2-0\/","og_locale":"fr_FR","og_type":"article","og_title":"Nathan Marathon Pak 2.0 - ceinture de course MioMioRun .com","og_description":"Le Marathon Pak 2.0 est une pochette d'entra\u00eenement l\u00e9g\u00e8re et polyvalente qui comprend des poches pour transporter un t\u00e9l\u00e9phone portable ou d'autres objets essentiels.","og_url":"https:\/\/www.miomiorun.com\/fr\/produit\/marathon-pak-2-0\/","og_site_name":"MioMioRun","article_publisher":"https:\/\/www.facebook.com\/miomiorun\/","article_modified_time":"2025-06-10T10:02:18+00:00","og_image":[{"width":600,"height":600,"url":"https:\/\/www.miomiorun.com\/app\/uploads\/2024\/05\/nathan-Marathon-Pak-black-30550.webp","type":"image\/webp"}],"twitter_card":"summary_large_image","schema":{"@context":"https:\/\/schema.org","@graph":[{"@type":"WebPage","@id":"https:\/\/www.miomiorun.com\/fr\/produit\/marathon-pak-2-0\/","url":"https:\/\/www.miomiorun.com\/fr\/produit\/marathon-pak-2-0\/","name":"Nathan Marathon Pak 2.0 - ceinture de course MioMioRun .com","isPartOf":{"@id":"https:\/\/www.miomiorun.com\/fr\/#website"},"primaryImageOfPage":{"@id":"https:\/\/www.miomiorun.com\/fr\/produit\/marathon-pak-2-0\/#primaryimage"},"image":{"@id":"https:\/\/www.miomiorun.com\/fr\/produit\/marathon-pak-2-0\/#primaryimage"},"thumbnailUrl":"https:\/\/www.miomiorun.com\/app\/uploads\/2024\/05\/nathan-Marathon-Pak-black-30550.webp","datePublished":"2024-04-23T13:36:12+00:00","dateModified":"2025-06-10T10:02:18+00:00","description":"Le Marathon Pak 2.0 est une pochette d'entra\u00eenement l\u00e9g\u00e8re et polyvalente qui comprend des poches pour transporter un t\u00e9l\u00e9phone portable ou d'autres objets essentiels.","breadcrumb":{"@id":"https:\/\/www.miomiorun.com\/fr\/produit\/marathon-pak-2-0\/#breadcrumb"},"inLanguage":"fr-FR","potentialAction":[{"@type":"ReadAction","target":["https:\/\/www.miomiorun.com\/fr\/produit\/marathon-pak-2-0\/"]}]},{"@type":"ImageObject","inLanguage":"fr-FR","@id":"https:\/\/www.miomiorun.com\/fr\/produit\/marathon-pak-2-0\/#primaryimage","url":"https:\/\/www.miomiorun.com\/app\/uploads\/2024\/05\/nathan-Marathon-Pak-black-30550.webp","contentUrl":"https:\/\/www.miomiorun.com\/app\/uploads\/2024\/05\/nathan-Marathon-Pak-black-30550.webp","width":600,"height":600,"caption":"nathan Marathon Pak black 30550"},{"@type":"BreadcrumbList","@id":"https:\/\/www.miomiorun.com\/fr\/produit\/marathon-pak-2-0\/#breadcrumb","itemListElement":[{"@type":"ListItem","position":1,"name":"Home","item":"https:\/\/www.miomiorun.com\/fr\/home-page\/"},{"@type":"ListItem","position":2,"name":"Shop","item":"https:\/\/www.miomiorun.com\/shop\/"},{"@type":"ListItem","position":3,"name":"Marathon Pak 2.0"}]},{"@type":"WebSite","@id":"https:\/\/www.miomiorun.com\/fr\/#website","url":"https:\/\/www.miomiorun.com\/fr\/","name":"MioMioRun","description":"Boutique 100% running et trail","publisher":{"@id":"https:\/\/www.miomiorun.com\/fr\/#organization"},"potentialAction":[{"@type":"SearchAction","target":{"@type":"EntryPoint","urlTemplate":"https:\/\/www.miomiorun.com\/fr\/?s={search_term_string}"},"query-input":{"@type":"PropertyValueSpecification","valueRequired":true,"valueName":"search_term_string"}}],"inLanguage":"fr-FR"},{"@type":"Organization","@id":"https:\/\/www.miomiorun.com\/fr\/#organization","name":"MioMio Run","url":"https:\/\/www.miomiorun.com\/fr\/","logo":{"@type":"ImageObject","inLanguage":"fr-FR","@id":"https:\/\/www.miomiorun.com\/fr\/#\/schema\/logo\/image\/","url":"https:\/\/www.miomiorun.com\/app\/uploads\/2019\/12\/logomio.png","contentUrl":"https:\/\/www.miomiorun.com\/app\/uploads\/2019\/12\/logomio.png","width":115,"height":82,"caption":"MioMio Run"},"image":{"@id":"https:\/\/www.miomiorun.com\/fr\/#\/schema\/logo\/image\/"},"sameAs":["https:\/\/www.facebook.com\/miomiorun\/","https:\/\/www.instagram.com\/miomiorun\/"]}]}},"_links":{"self":[{"href":"https:\/\/www.miomiorun.com\/fr\/wp-json\/wp\/v2\/product\/291495","targetHints":{"allow":["GET"]}}],"collection":[{"href":"https:\/\/www.miomiorun.com\/fr\/wp-json\/wp\/v2\/product"}],"about":[{"href":"https:\/\/www.miomiorun.com\/fr\/wp-json\/wp\/v2\/types\/product"}],"wp:featuredmedia":[{"embeddable":true,"href":"https:\/\/www.miomiorun.com\/fr\/wp-json\/wp\/v2\/media\/247082"}],"wp:attachment":[{"href":"https:\/\/www.miomiorun.com\/fr\/wp-json\/wp\/v2\/media?parent=291495"}],"wp:term":[{"taxonomy":"product_brand","embeddable":true,"href":"https:\/\/www.miomiorun.com\/fr\/wp-json\/wp\/v2\/product_brand?post=291495"},{"taxonomy":"product_cat","embeddable":true,"href":"https:\/\/www.miomiorun.com\/fr\/wp-json\/wp\/v2\/product_cat?post=291495"},{"taxonomy":"product_tag","embeddable":true,"href":"https:\/\/www.miomiorun.com\/fr\/wp-json\/wp\/v2\/product_tag?post=291495"}],"curies":[{"name":"wp","href":"https:\/\/api.w.org\/{rel}","templated":true}]}}