{"id":291490,"date":"2024-04-24T17:07:44","date_gmt":"2024-04-24T15:07:44","guid":{"rendered":"https:\/\/miomiorun.com\/prodotto\/quick-squeeze-18-535-ml\/"},"modified":"2025-06-10T12:03:16","modified_gmt":"2025-06-10T10:03:16","slug":"quick-squeeze-18-535-ml","status":"publish","type":"product","link":"https:\/\/www.miomiorun.com\/fr\/produit\/quick-squeeze-18-535-ml\/","title":{"rendered":"Quick Squeeze 18 (535 ml)"},"content":{"rendered":"<p><strong>Quick Squeeze 18<\/strong> est un bidon dont la forme ergonomique s&#8217;adapte \u00e0 la main de tout coureur. Il est rigide et se comprime facilement pour une hydratation rapide. Son fond plat offre une surface solide pour le remplissage. Cette incroyable gourde est con\u00e7ue pour \u00eatre l\u00e9g\u00e8re et sans prise.<\/p>\n<p><strong>Caract\u00e9ristiques :<\/strong><\/p>\n<ul>\n<li><span class=\"metafield-multi_line_text_field\">Bouteille ergonomique de 535 ml con\u00e7ue pour \u00eatre plus facile \u00e0 presser.<\/span><\/li>\n<li><span class=\"metafield-multi_line_text_field\">La sangle de poignet enti\u00e8rement r\u00e9glable, avec une poign\u00e9e de pouce sans frottement, permet une conduite sans prise.<\/span><\/li>\n<li><span class=\"metafield-multi_line_text_field\">Insert antid\u00e9rapant dirig\u00e9 vers la sueur pour faciliter le transport.<\/span><\/li>\n<li><span class=\"metafield-multi_line_text_field\">Le bouchon Push-Pull Blast Valve\u2122 \u00e0 haut d\u00e9bit mis \u00e0 jour a un rebond plus rapide pour vous permettre de rester hydrat\u00e9 pendant vos d\u00e9placements.<\/span><\/li>\n<\/ul>\n<p>&nbsp;<\/p>\n<p dir=\"ltr\" data-placeholder=\"Traduzione\">\n","protected":false},"excerpt":{"rendered":"<ul>\n<li>Bouteille d&#8217;eau l\u00e9g\u00e8re pour une prise en main facile lors de vos activit\u00e9s sportives en ext\u00e9rieur.<\/li>\n<li>Bouteille d&#8217;eau d&#8217;une capacit\u00e9 de 535 ml.<\/li>\n<\/ul>\n","protected":false},"featured_media":247088,"template":"","meta":{"_acf_changed":false,"inline_featured_image":false},"product_brand":[],"product_cat":[22575,22574,22538],"product_tag":[23511],"class_list":{"0":"post-291490","1":"product","2":"type-product","3":"status-publish","4":"has-post-thumbnail","6":"product_cat-flacons","7":"product_cat-hydratation","8":"product_cat-accessoires","9":"product_tag-nathan-fr","10":"pa_attivita-marcher","11":"pa_attivita-outdoor-fr","12":"pa_attivita-running-fr","13":"pa_attivita-trail-fr","14":"pa_marca-nathan-fr","15":"pa_sesso-femme","16":"pa_sesso-homme","18":"first","19":"outofstock","20":"sale","21":"taxable","22":"shipping-taxable","23":"purchasable","24":"product-type-simple"},"acf":[],"yoast_head":"<!-- This site is optimized with the Yoast SEO plugin v26.8 - https:\/\/yoast.com\/product\/yoast-seo-wordpress\/ -->\n<title>Nathan Quick Squeeze 18 (535 ml) -cantine courante MioMioRun .com<\/title>\n<meta name=\"description\" content=\"Quick Squeeze 18 est un bidon dont la forme ergonomique s&#039;adapte \u00e0 la main de tout coureur. Il est rigide et se comprime facilement.\" \/>\n<meta name=\"robots\" content=\"index, follow, max-snippet:-1, max-image-preview:large, max-video-preview:-1\" \/>\n<link rel=\"canonical\" href=\"https:\/\/www.miomiorun.com\/fr\/produit\/quick-squeeze-18-535-ml\/\" \/>\n<meta property=\"og:locale\" content=\"fr_FR\" \/>\n<meta property=\"og:type\" content=\"article\" \/>\n<meta property=\"og:title\" content=\"Nathan Quick Squeeze 18 (535 ml) -cantine courante MioMioRun .com\" \/>\n<meta property=\"og:description\" content=\"Quick Squeeze 18 est un bidon dont la forme ergonomique s&#039;adapte \u00e0 la main de tout coureur. Il est rigide et se comprime facilement.\" \/>\n<meta property=\"og:url\" content=\"https:\/\/www.miomiorun.com\/fr\/produit\/quick-squeeze-18-535-ml\/\" \/>\n<meta property=\"og:site_name\" content=\"MioMioRun\" \/>\n<meta property=\"article:publisher\" content=\"https:\/\/www.facebook.com\/miomiorun\/\" \/>\n<meta property=\"article:modified_time\" content=\"2025-06-10T10:03:16+00:00\" \/>\n<meta property=\"og:image\" content=\"https:\/\/www.miomiorun.com\/app\/uploads\/2024\/04\/nathan-Quick-squeeze-18-70320.webp\" \/>\n\t<meta property=\"og:image:width\" content=\"600\" \/>\n\t<meta property=\"og:image:height\" content=\"600\" \/>\n\t<meta property=\"og:image:type\" content=\"image\/webp\" \/>\n<meta name=\"twitter:card\" content=\"summary_large_image\" \/>\n<meta name=\"twitter:label1\" content=\"Est. reading time\" \/>\n\t<meta name=\"twitter:data1\" content=\"1 minute\" \/>\n<script type=\"application\/ld+json\" class=\"yoast-schema-graph\">{\"@context\":\"https:\/\/schema.org\",\"@graph\":[{\"@type\":\"WebPage\",\"@id\":\"https:\/\/www.miomiorun.com\/fr\/produit\/quick-squeeze-18-535-ml\/\",\"url\":\"https:\/\/www.miomiorun.com\/fr\/produit\/quick-squeeze-18-535-ml\/\",\"name\":\"Nathan Quick Squeeze 18 (535 ml) -cantine courante MioMioRun .com\",\"isPartOf\":{\"@id\":\"https:\/\/www.miomiorun.com\/fr\/#website\"},\"primaryImageOfPage\":{\"@id\":\"https:\/\/www.miomiorun.com\/fr\/produit\/quick-squeeze-18-535-ml\/#primaryimage\"},\"image\":{\"@id\":\"https:\/\/www.miomiorun.com\/fr\/produit\/quick-squeeze-18-535-ml\/#primaryimage\"},\"thumbnailUrl\":\"https:\/\/www.miomiorun.com\/app\/uploads\/2024\/04\/nathan-Quick-squeeze-18-70320.webp\",\"datePublished\":\"2024-04-24T15:07:44+00:00\",\"dateModified\":\"2025-06-10T10:03:16+00:00\",\"description\":\"Quick Squeeze 18 est un bidon dont la forme ergonomique s'adapte \u00e0 la main de tout coureur. Il est rigide et se comprime facilement.\",\"breadcrumb\":{\"@id\":\"https:\/\/www.miomiorun.com\/fr\/produit\/quick-squeeze-18-535-ml\/#breadcrumb\"},\"inLanguage\":\"fr-FR\",\"potentialAction\":[{\"@type\":\"ReadAction\",\"target\":[\"https:\/\/www.miomiorun.com\/fr\/produit\/quick-squeeze-18-535-ml\/\"]}]},{\"@type\":\"ImageObject\",\"inLanguage\":\"fr-FR\",\"@id\":\"https:\/\/www.miomiorun.com\/fr\/produit\/quick-squeeze-18-535-ml\/#primaryimage\",\"url\":\"https:\/\/www.miomiorun.com\/app\/uploads\/2024\/04\/nathan-Quick-squeeze-18-70320.webp\",\"contentUrl\":\"https:\/\/www.miomiorun.com\/app\/uploads\/2024\/04\/nathan-Quick-squeeze-18-70320.webp\",\"width\":600,\"height\":600,\"caption\":\"nathan Quick squeeze 18 70320\"},{\"@type\":\"BreadcrumbList\",\"@id\":\"https:\/\/www.miomiorun.com\/fr\/produit\/quick-squeeze-18-535-ml\/#breadcrumb\",\"itemListElement\":[{\"@type\":\"ListItem\",\"position\":1,\"name\":\"Home\",\"item\":\"https:\/\/www.miomiorun.com\/fr\/home-page\/\"},{\"@type\":\"ListItem\",\"position\":2,\"name\":\"Shop\",\"item\":\"https:\/\/www.miomiorun.com\/shop\/\"},{\"@type\":\"ListItem\",\"position\":3,\"name\":\"Quick Squeeze 18 (535 ml)\"}]},{\"@type\":\"WebSite\",\"@id\":\"https:\/\/www.miomiorun.com\/fr\/#website\",\"url\":\"https:\/\/www.miomiorun.com\/fr\/\",\"name\":\"MioMioRun\",\"description\":\"Boutique 100% running et trail\",\"publisher\":{\"@id\":\"https:\/\/www.miomiorun.com\/fr\/#organization\"},\"potentialAction\":[{\"@type\":\"SearchAction\",\"target\":{\"@type\":\"EntryPoint\",\"urlTemplate\":\"https:\/\/www.miomiorun.com\/fr\/?s={search_term_string}\"},\"query-input\":{\"@type\":\"PropertyValueSpecification\",\"valueRequired\":true,\"valueName\":\"search_term_string\"}}],\"inLanguage\":\"fr-FR\"},{\"@type\":\"Organization\",\"@id\":\"https:\/\/www.miomiorun.com\/fr\/#organization\",\"name\":\"MioMio Run\",\"url\":\"https:\/\/www.miomiorun.com\/fr\/\",\"logo\":{\"@type\":\"ImageObject\",\"inLanguage\":\"fr-FR\",\"@id\":\"https:\/\/www.miomiorun.com\/fr\/#\/schema\/logo\/image\/\",\"url\":\"https:\/\/www.miomiorun.com\/app\/uploads\/2019\/12\/logomio.png\",\"contentUrl\":\"https:\/\/www.miomiorun.com\/app\/uploads\/2019\/12\/logomio.png\",\"width\":115,\"height\":82,\"caption\":\"MioMio Run\"},\"image\":{\"@id\":\"https:\/\/www.miomiorun.com\/fr\/#\/schema\/logo\/image\/\"},\"sameAs\":[\"https:\/\/www.facebook.com\/miomiorun\/\",\"https:\/\/www.instagram.com\/miomiorun\/\"]}]}<\/script>\n<!-- \/ Yoast SEO plugin. -->","yoast_head_json":{"title":"Nathan Quick Squeeze 18 (535 ml) -cantine courante MioMioRun .com","description":"Quick Squeeze 18 est un bidon dont la forme ergonomique s'adapte \u00e0 la main de tout coureur. Il est rigide et se comprime facilement.","robots":{"index":"index","follow":"follow","max-snippet":"max-snippet:-1","max-image-preview":"max-image-preview:large","max-video-preview":"max-video-preview:-1"},"canonical":"https:\/\/www.miomiorun.com\/fr\/produit\/quick-squeeze-18-535-ml\/","og_locale":"fr_FR","og_type":"article","og_title":"Nathan Quick Squeeze 18 (535 ml) -cantine courante MioMioRun .com","og_description":"Quick Squeeze 18 est un bidon dont la forme ergonomique s'adapte \u00e0 la main de tout coureur. Il est rigide et se comprime facilement.","og_url":"https:\/\/www.miomiorun.com\/fr\/produit\/quick-squeeze-18-535-ml\/","og_site_name":"MioMioRun","article_publisher":"https:\/\/www.facebook.com\/miomiorun\/","article_modified_time":"2025-06-10T10:03:16+00:00","og_image":[{"width":600,"height":600,"url":"https:\/\/www.miomiorun.com\/app\/uploads\/2024\/04\/nathan-Quick-squeeze-18-70320.webp","type":"image\/webp"}],"twitter_card":"summary_large_image","twitter_misc":{"Est. reading time":"1 minute"},"schema":{"@context":"https:\/\/schema.org","@graph":[{"@type":"WebPage","@id":"https:\/\/www.miomiorun.com\/fr\/produit\/quick-squeeze-18-535-ml\/","url":"https:\/\/www.miomiorun.com\/fr\/produit\/quick-squeeze-18-535-ml\/","name":"Nathan Quick Squeeze 18 (535 ml) -cantine courante MioMioRun .com","isPartOf":{"@id":"https:\/\/www.miomiorun.com\/fr\/#website"},"primaryImageOfPage":{"@id":"https:\/\/www.miomiorun.com\/fr\/produit\/quick-squeeze-18-535-ml\/#primaryimage"},"image":{"@id":"https:\/\/www.miomiorun.com\/fr\/produit\/quick-squeeze-18-535-ml\/#primaryimage"},"thumbnailUrl":"https:\/\/www.miomiorun.com\/app\/uploads\/2024\/04\/nathan-Quick-squeeze-18-70320.webp","datePublished":"2024-04-24T15:07:44+00:00","dateModified":"2025-06-10T10:03:16+00:00","description":"Quick Squeeze 18 est un bidon dont la forme ergonomique s'adapte \u00e0 la main de tout coureur. Il est rigide et se comprime facilement.","breadcrumb":{"@id":"https:\/\/www.miomiorun.com\/fr\/produit\/quick-squeeze-18-535-ml\/#breadcrumb"},"inLanguage":"fr-FR","potentialAction":[{"@type":"ReadAction","target":["https:\/\/www.miomiorun.com\/fr\/produit\/quick-squeeze-18-535-ml\/"]}]},{"@type":"ImageObject","inLanguage":"fr-FR","@id":"https:\/\/www.miomiorun.com\/fr\/produit\/quick-squeeze-18-535-ml\/#primaryimage","url":"https:\/\/www.miomiorun.com\/app\/uploads\/2024\/04\/nathan-Quick-squeeze-18-70320.webp","contentUrl":"https:\/\/www.miomiorun.com\/app\/uploads\/2024\/04\/nathan-Quick-squeeze-18-70320.webp","width":600,"height":600,"caption":"nathan Quick squeeze 18 70320"},{"@type":"BreadcrumbList","@id":"https:\/\/www.miomiorun.com\/fr\/produit\/quick-squeeze-18-535-ml\/#breadcrumb","itemListElement":[{"@type":"ListItem","position":1,"name":"Home","item":"https:\/\/www.miomiorun.com\/fr\/home-page\/"},{"@type":"ListItem","position":2,"name":"Shop","item":"https:\/\/www.miomiorun.com\/shop\/"},{"@type":"ListItem","position":3,"name":"Quick Squeeze 18 (535 ml)"}]},{"@type":"WebSite","@id":"https:\/\/www.miomiorun.com\/fr\/#website","url":"https:\/\/www.miomiorun.com\/fr\/","name":"MioMioRun","description":"Boutique 100% running et trail","publisher":{"@id":"https:\/\/www.miomiorun.com\/fr\/#organization"},"potentialAction":[{"@type":"SearchAction","target":{"@type":"EntryPoint","urlTemplate":"https:\/\/www.miomiorun.com\/fr\/?s={search_term_string}"},"query-input":{"@type":"PropertyValueSpecification","valueRequired":true,"valueName":"search_term_string"}}],"inLanguage":"fr-FR"},{"@type":"Organization","@id":"https:\/\/www.miomiorun.com\/fr\/#organization","name":"MioMio Run","url":"https:\/\/www.miomiorun.com\/fr\/","logo":{"@type":"ImageObject","inLanguage":"fr-FR","@id":"https:\/\/www.miomiorun.com\/fr\/#\/schema\/logo\/image\/","url":"https:\/\/www.miomiorun.com\/app\/uploads\/2019\/12\/logomio.png","contentUrl":"https:\/\/www.miomiorun.com\/app\/uploads\/2019\/12\/logomio.png","width":115,"height":82,"caption":"MioMio Run"},"image":{"@id":"https:\/\/www.miomiorun.com\/fr\/#\/schema\/logo\/image\/"},"sameAs":["https:\/\/www.facebook.com\/miomiorun\/","https:\/\/www.instagram.com\/miomiorun\/"]}]}},"_links":{"self":[{"href":"https:\/\/www.miomiorun.com\/fr\/wp-json\/wp\/v2\/product\/291490","targetHints":{"allow":["GET"]}}],"collection":[{"href":"https:\/\/www.miomiorun.com\/fr\/wp-json\/wp\/v2\/product"}],"about":[{"href":"https:\/\/www.miomiorun.com\/fr\/wp-json\/wp\/v2\/types\/product"}],"wp:featuredmedia":[{"embeddable":true,"href":"https:\/\/www.miomiorun.com\/fr\/wp-json\/wp\/v2\/media\/247088"}],"wp:attachment":[{"href":"https:\/\/www.miomiorun.com\/fr\/wp-json\/wp\/v2\/media?parent=291490"}],"wp:term":[{"taxonomy":"product_brand","embeddable":true,"href":"https:\/\/www.miomiorun.com\/fr\/wp-json\/wp\/v2\/product_brand?post=291490"},{"taxonomy":"product_cat","embeddable":true,"href":"https:\/\/www.miomiorun.com\/fr\/wp-json\/wp\/v2\/product_cat?post=291490"},{"taxonomy":"product_tag","embeddable":true,"href":"https:\/\/www.miomiorun.com\/fr\/wp-json\/wp\/v2\/product_tag?post=291490"}],"curies":[{"name":"wp","href":"https:\/\/api.w.org\/{rel}","templated":true}]}}