{"id":291476,"date":"2024-05-02T12:03:43","date_gmt":"2024-05-02T10:03:43","guid":{"rendered":"https:\/\/miomiorun.com\/prodotto\/thermal-grid-pro-2-maglia-donna\/"},"modified":"2025-06-10T12:10:57","modified_gmt":"2025-06-10T10:10:57","slug":"thermal-grid-pro-2-pull-femme","status":"publish","type":"product","link":"https:\/\/www.miomiorun.com\/fr\/produit\/thermal-grid-pro-2-pull-femme\/","title":{"rendered":"Thermal Grid Pro 2 pull femme"},"content":{"rendered":"<div class=\"product-attribute product-attribute-passion\">La polaire Thermal Grid Pro 2 est id\u00e9ale pour le trekking en toute saison. Fabriqu\u00e9e \u00e0 partir d&#8217;un tissu polyester hautement technique, extensible dans les 4 sens, cette polaire zipp\u00e9e et \u00e0 soufflet sur l&#8217;envers est respirante et r\u00e9sistante aux UV. L&#8217;insert en nylon extensible contrast\u00e9 b\u00e9n\u00e9ficie d&#8217;un traitement d\u00e9perlant durable pour vous garder au sec en cas de pluie l\u00e9g\u00e8re, tandis que la capuche et l&#8217;ourlet du torse \u00e9lastiqu\u00e9s garantissent un ajustement parfait \u00e0 tout moment pour vous prot\u00e9ger en cas de mauvais temps. R\u00e9gulez votre temp\u00e9rature corporelle gr\u00e2ce \u00e0 la fermeture \u00e0 glissi\u00e8re pratique sur le devant et rangez vos objets essentiels dans les poches zipp\u00e9es pratiques. Explorez les sentiers de montagne ou passez une journ\u00e9e \u00e0 l&#8217;escalade en privil\u00e9giant le confort avec la polaire Thermal Grid Pro 2 pour femme.<\/div>\n<div><\/div>\n<h3><span class=\"tw-list-title tw-mt-2 tw-text-xs tw-text-black tw-font-medium tw-uppercase tw-block tw-mb-4\">Mati\u00e8res :<\/span><\/h3>\n<ul class=\"tw-list-disc\">\n<li class=\"tw-text-xs\">TISSU PRINCIPAL EXT\u00c9RIEUR 95% Polyester<\/li>\n<li class=\"tw-text-xs\">5% \u00e9lasthanne<\/li>\n<li class=\"tw-text-xs\">TISSU EXT\u00c9RIEUR SECONDAIRE 93% Polyester<\/li>\n<li class=\"tw-text-xs\">7 % d&#8217;\u00e9lasthanne<\/li>\n<li class=\"tw-text-xs\">TISSU DE L&#8217;INSERTION FRONTALE 92% Polyamide<\/li>\n<li class=\"tw-text-xs\">8 % d&#8217;\u00e9lasthanne<\/li>\n<li class=\"tw-text-xs\">LINING FABRIC 100% Polyester<\/li>\n<\/ul>\n<h3><span class=\"tw-list-title tw-mt-12 tw-text-xs tw-text-black tw-font-medium tw-uppercase tw-block tw-mb-4\">Fonctionnalit\u00e9<\/span><\/h3>\n<ul class=\"tw-list-disc\">\n<li>Maillot ouvert \u00e0 capuche pour femmes<\/li>\n<li class=\"tw-text-xs\">Tissu polaire en polyester extensible dans les 4 sens, avec gauzing &#8220;grid&#8221; sur l&#8217;envers, haute protection contre les UV<\/li>\n<li class=\"tw-text-xs\">Tissu en nylon extensible DWR contrast\u00e9<\/li>\n<li class=\"tw-text-xs\">Devant central avec fermeture \u00e0 glissi\u00e8re, poches pour les mains avec fermeture \u00e0 glissi\u00e8re, poche poitrine avec fermeture \u00e0 glissi\u00e8re<\/li>\n<li class=\"tw-text-xs\">Capuche et ourlet \u00e9lastiqu\u00e9s<\/li>\n<li class=\"tw-text-xs\">V\u00eatement id\u00e9al pour l&#8217;escalade, les activit\u00e9s de plein air et les loisirs.<\/li>\n<\/ul>\n<p><span class=\"tw-list-title tw-mt-12 tw-text-xs tw-text-black tw-font-medium tw-uppercase tw-block tw-mb-4\">Poids<\/span><\/p>\n<ul class=\"tw-list-disc\">\n<li class=\"tw-text-xs\">Poids : 350,0 g<\/li>\n<\/ul>\n<p>&nbsp;<\/p>\n<div class=\"attribute_container tw-pb-24 last-of-type:tw-pb-0\">\n<div class=\"content__image-wrapper tw-w-fit\">\n<div class=\"content__image tw-relative tw-w-[5rem]\"><img loading=\"lazy\" decoding=\"async\" class=\"tw-absolute tw-top-0 tw-left-0 tw-w-full tw-h-full\" src=\"https:\/\/www.montura.com\/cdn\/shop\/files\/004_Breathable_Black.svg?v=1709125473&amp;width=200\" srcset=\"\/\/www.montura.com\/cdn\/shop\/files\/004_Breathable_Black.svg?v=1709125473&amp;width=200 200w\" alt=\"\" width=\"168\" height=\"168\" \/><\/div>\n<\/div>\n<h3 class=\"tw-text-s tw-pt-[1.2rem] tw-pb-[0.4rem] tw-font-medium\">Respirant<\/h3>\n<p class=\"tw-text-greyish-brown tw-text-xs tw-pt-[0.4rem]\">Gr\u00e2ce \u00e0 des tissus respirants, ce v\u00eatement favorise la transpiration naturelle de la peau et maintient le corps \u00e0 une temp\u00e9rature optimale en permanence.<\/p>\n<\/div>\n<p>&nbsp;<\/p>\n<div class=\"attribute_container tw-pb-24 last-of-type:tw-pb-0\">\n<div class=\"content__image-wrapper tw-w-fit\">\n<div class=\"content__image tw-relative tw-w-[5rem]\"><img loading=\"lazy\" decoding=\"async\" class=\"tw-absolute tw-top-0 tw-left-0 tw-w-full tw-h-full\" src=\"https:\/\/www.montura.com\/cdn\/shop\/files\/017_TrekkingHiking_Black.svg?v=1709126467&amp;width=200\" srcset=\"\/\/www.montura.com\/cdn\/shop\/files\/017_TrekkingHiking_Black.svg?v=1709126467&amp;width=200 200w\" alt=\"\" width=\"152\" height=\"152\" \/><\/div>\n<\/div>\n<h3 class=\"tw-text-s tw-pt-[1.2rem] tw-pb-[0.4rem] tw-font-medium\">Trekking \/ Randonn\u00e9e<\/h3>\n<\/div>\n<div class=\"attribute_container tw-pb-24 last-of-type:tw-pb-0\">\n<div class=\"content__image-wrapper tw-w-fit\">\n<div class=\"content__image tw-relative tw-w-[5rem]\"><img loading=\"lazy\" decoding=\"async\" class=\"tw-absolute tw-top-0 tw-left-0 tw-w-full tw-h-full\" src=\"https:\/\/www.montura.com\/cdn\/shop\/files\/019_Climbing_Black.svg?v=1709126445&amp;width=200\" srcset=\"\/\/www.montura.com\/cdn\/shop\/files\/019_Climbing_Black.svg?v=1709126445&amp;width=200 200w\" alt=\"\" width=\"133\" height=\"176\" \/><\/div>\n<\/div>\n<h3 class=\"tw-text-s tw-pt-[1.2rem] tw-pb-[0.4rem] tw-font-medium\">Escalade<\/h3>\n<\/div>\n","protected":false},"excerpt":{"rendered":"<p>&#8211; Haute technologie\u00a0: Fabriqu\u00e9 dans une mati\u00e8re thermique haute performance, ce maillot offre une excellente isolation thermique pour vous garder au chaud lors de vos activit\u00e9s de plein air.<br \/>\n&#8211; Coupe confortable\u00a0: Son design ergonomique et sa structure en tricot \u00e9lastique assurent un ajustement parfait et une grande libert\u00e9 de mouvement pour des performances optimales.<br \/>\n&#8211; Style tendance\u00a0: Avec une combinaison de couleurs \u00e9l\u00e9gante et une coupe f\u00e9minine, le Thermal Grid Pro 2 est id\u00e9al pour le sport et les loisirs.<\/p>\n","protected":false},"featured_media":246748,"template":"","meta":{"_acf_changed":false,"inline_featured_image":false},"product_brand":[],"product_cat":[22601,22596,22595],"product_tag":[23512,23514],"class_list":{"0":"post-291476","1":"product","2":"type-product","3":"status-publish","4":"has-post-thumbnail","6":"product_cat-maillots","7":"product_cat-vetements-pour-femmes","8":"product_cat-femme","9":"product_tag-montura-fr","10":"product_tag-montura-femme","11":"pa_attivita-marcher","12":"pa_attivita-outdoor-fr","13":"pa_colore-thermalgrid-pro-2-maglia-w-light-rose-vi-fr","14":"pa_marca-montura-fr","15":"pa_sesso-femme","16":"pa_size-medium-fr","17":"pa_size-large-fr","19":"first","20":"instock","21":"taxable","22":"shipping-taxable","23":"purchasable","24":"product-type-variable","25":"wvs-archive-product-wrapper"},"acf":[],"yoast_head":"<!-- This site is optimized with the Yoast SEO plugin v26.8 - https:\/\/yoast.com\/product\/yoast-seo-wordpress\/ -->\n<title>Montura Thermal Grid Pro 2 pull femme - Maillot d&#039;hiver- MioMioRun<\/title>\n<meta name=\"description\" content=\"D\u00e9couvrez le confort et la protection du maillot Thermal Grid Pro 2 pour femmes, parfait pour vos activit\u00e9s de plein air. Achetez-le maintenant !\" \/>\n<meta name=\"robots\" content=\"index, follow, max-snippet:-1, max-image-preview:large, max-video-preview:-1\" \/>\n<link rel=\"canonical\" href=\"https:\/\/www.miomiorun.com\/fr\/produit\/thermal-grid-pro-2-pull-femme\/\" \/>\n<meta property=\"og:locale\" content=\"fr_FR\" \/>\n<meta property=\"og:type\" content=\"article\" \/>\n<meta property=\"og:title\" content=\"Montura Thermal Grid Pro 2 pull femme - Maillot d&#039;hiver- MioMioRun\" \/>\n<meta property=\"og:description\" content=\"D\u00e9couvrez le confort et la protection du maillot Thermal Grid Pro 2 pour femmes, parfait pour vos activit\u00e9s de plein air. Achetez-le maintenant !\" \/>\n<meta property=\"og:url\" content=\"https:\/\/www.miomiorun.com\/fr\/produit\/thermal-grid-pro-2-pull-femme\/\" \/>\n<meta property=\"og:site_name\" content=\"MioMioRun\" \/>\n<meta property=\"article:publisher\" content=\"https:\/\/www.facebook.com\/miomiorun\/\" \/>\n<meta property=\"article:modified_time\" content=\"2025-06-10T10:10:57+00:00\" \/>\n<meta property=\"og:image\" content=\"https:\/\/www.miomiorun.com\/app\/uploads\/2024\/05\/Montura-Thermalgrid-Pro-2-maglia-W-light-rose-vinaccia-MMAP75W-0114.webp\" \/>\n\t<meta property=\"og:image:width\" content=\"600\" \/>\n\t<meta property=\"og:image:height\" content=\"600\" \/>\n\t<meta property=\"og:image:type\" content=\"image\/webp\" \/>\n<meta name=\"twitter:card\" content=\"summary_large_image\" \/>\n<meta name=\"twitter:label1\" content=\"Est. reading time\" \/>\n\t<meta name=\"twitter:data1\" content=\"1 minute\" \/>\n<script type=\"application\/ld+json\" class=\"yoast-schema-graph\">{\"@context\":\"https:\/\/schema.org\",\"@graph\":[{\"@type\":\"WebPage\",\"@id\":\"https:\/\/www.miomiorun.com\/fr\/produit\/thermal-grid-pro-2-pull-femme\/\",\"url\":\"https:\/\/www.miomiorun.com\/fr\/produit\/thermal-grid-pro-2-pull-femme\/\",\"name\":\"Montura Thermal Grid Pro 2 pull femme - Maillot d'hiver- MioMioRun\",\"isPartOf\":{\"@id\":\"https:\/\/www.miomiorun.com\/fr\/#website\"},\"primaryImageOfPage\":{\"@id\":\"https:\/\/www.miomiorun.com\/fr\/produit\/thermal-grid-pro-2-pull-femme\/#primaryimage\"},\"image\":{\"@id\":\"https:\/\/www.miomiorun.com\/fr\/produit\/thermal-grid-pro-2-pull-femme\/#primaryimage\"},\"thumbnailUrl\":\"https:\/\/www.miomiorun.com\/app\/uploads\/2024\/05\/Montura-Thermalgrid-Pro-2-maglia-W-light-rose-vinaccia-MMAP75W-0114.webp\",\"datePublished\":\"2024-05-02T10:03:43+00:00\",\"dateModified\":\"2025-06-10T10:10:57+00:00\",\"description\":\"D\u00e9couvrez le confort et la protection du maillot Thermal Grid Pro 2 pour femmes, parfait pour vos activit\u00e9s de plein air. Achetez-le maintenant !\",\"breadcrumb\":{\"@id\":\"https:\/\/www.miomiorun.com\/fr\/produit\/thermal-grid-pro-2-pull-femme\/#breadcrumb\"},\"inLanguage\":\"fr-FR\",\"potentialAction\":[{\"@type\":\"ReadAction\",\"target\":[\"https:\/\/www.miomiorun.com\/fr\/produit\/thermal-grid-pro-2-pull-femme\/\"]}]},{\"@type\":\"ImageObject\",\"inLanguage\":\"fr-FR\",\"@id\":\"https:\/\/www.miomiorun.com\/fr\/produit\/thermal-grid-pro-2-pull-femme\/#primaryimage\",\"url\":\"https:\/\/www.miomiorun.com\/app\/uploads\/2024\/05\/Montura-Thermalgrid-Pro-2-maglia-W-light-rose-vinaccia-MMAP75W-0114.webp\",\"contentUrl\":\"https:\/\/www.miomiorun.com\/app\/uploads\/2024\/05\/Montura-Thermalgrid-Pro-2-maglia-W-light-rose-vinaccia-MMAP75W-0114.webp\",\"width\":600,\"height\":600,\"caption\":\"Montura Thermalgrid Pro 2 maglia W light rose vinaccia MMAP75W 0114\"},{\"@type\":\"BreadcrumbList\",\"@id\":\"https:\/\/www.miomiorun.com\/fr\/produit\/thermal-grid-pro-2-pull-femme\/#breadcrumb\",\"itemListElement\":[{\"@type\":\"ListItem\",\"position\":1,\"name\":\"Home\",\"item\":\"https:\/\/www.miomiorun.com\/fr\/home-page\/\"},{\"@type\":\"ListItem\",\"position\":2,\"name\":\"Shop\",\"item\":\"https:\/\/www.miomiorun.com\/shop\/\"},{\"@type\":\"ListItem\",\"position\":3,\"name\":\"Thermal Grid Pro 2 pull femme\"}]},{\"@type\":\"WebSite\",\"@id\":\"https:\/\/www.miomiorun.com\/fr\/#website\",\"url\":\"https:\/\/www.miomiorun.com\/fr\/\",\"name\":\"MioMioRun\",\"description\":\"Boutique 100% running et trail\",\"publisher\":{\"@id\":\"https:\/\/www.miomiorun.com\/fr\/#organization\"},\"potentialAction\":[{\"@type\":\"SearchAction\",\"target\":{\"@type\":\"EntryPoint\",\"urlTemplate\":\"https:\/\/www.miomiorun.com\/fr\/?s={search_term_string}\"},\"query-input\":{\"@type\":\"PropertyValueSpecification\",\"valueRequired\":true,\"valueName\":\"search_term_string\"}}],\"inLanguage\":\"fr-FR\"},{\"@type\":\"Organization\",\"@id\":\"https:\/\/www.miomiorun.com\/fr\/#organization\",\"name\":\"MioMio Run\",\"url\":\"https:\/\/www.miomiorun.com\/fr\/\",\"logo\":{\"@type\":\"ImageObject\",\"inLanguage\":\"fr-FR\",\"@id\":\"https:\/\/www.miomiorun.com\/fr\/#\/schema\/logo\/image\/\",\"url\":\"https:\/\/www.miomiorun.com\/app\/uploads\/2019\/12\/logomio.png\",\"contentUrl\":\"https:\/\/www.miomiorun.com\/app\/uploads\/2019\/12\/logomio.png\",\"width\":115,\"height\":82,\"caption\":\"MioMio Run\"},\"image\":{\"@id\":\"https:\/\/www.miomiorun.com\/fr\/#\/schema\/logo\/image\/\"},\"sameAs\":[\"https:\/\/www.facebook.com\/miomiorun\/\",\"https:\/\/www.instagram.com\/miomiorun\/\"]}]}<\/script>\n<!-- \/ Yoast SEO plugin. -->","yoast_head_json":{"title":"Montura Thermal Grid Pro 2 pull femme - Maillot d'hiver- MioMioRun","description":"D\u00e9couvrez le confort et la protection du maillot Thermal Grid Pro 2 pour femmes, parfait pour vos activit\u00e9s de plein air. Achetez-le maintenant !","robots":{"index":"index","follow":"follow","max-snippet":"max-snippet:-1","max-image-preview":"max-image-preview:large","max-video-preview":"max-video-preview:-1"},"canonical":"https:\/\/www.miomiorun.com\/fr\/produit\/thermal-grid-pro-2-pull-femme\/","og_locale":"fr_FR","og_type":"article","og_title":"Montura Thermal Grid Pro 2 pull femme - Maillot d'hiver- MioMioRun","og_description":"D\u00e9couvrez le confort et la protection du maillot Thermal Grid Pro 2 pour femmes, parfait pour vos activit\u00e9s de plein air. Achetez-le maintenant !","og_url":"https:\/\/www.miomiorun.com\/fr\/produit\/thermal-grid-pro-2-pull-femme\/","og_site_name":"MioMioRun","article_publisher":"https:\/\/www.facebook.com\/miomiorun\/","article_modified_time":"2025-06-10T10:10:57+00:00","og_image":[{"width":600,"height":600,"url":"https:\/\/www.miomiorun.com\/app\/uploads\/2024\/05\/Montura-Thermalgrid-Pro-2-maglia-W-light-rose-vinaccia-MMAP75W-0114.webp","type":"image\/webp"}],"twitter_card":"summary_large_image","twitter_misc":{"Est. reading time":"1 minute"},"schema":{"@context":"https:\/\/schema.org","@graph":[{"@type":"WebPage","@id":"https:\/\/www.miomiorun.com\/fr\/produit\/thermal-grid-pro-2-pull-femme\/","url":"https:\/\/www.miomiorun.com\/fr\/produit\/thermal-grid-pro-2-pull-femme\/","name":"Montura Thermal Grid Pro 2 pull femme - Maillot d'hiver- MioMioRun","isPartOf":{"@id":"https:\/\/www.miomiorun.com\/fr\/#website"},"primaryImageOfPage":{"@id":"https:\/\/www.miomiorun.com\/fr\/produit\/thermal-grid-pro-2-pull-femme\/#primaryimage"},"image":{"@id":"https:\/\/www.miomiorun.com\/fr\/produit\/thermal-grid-pro-2-pull-femme\/#primaryimage"},"thumbnailUrl":"https:\/\/www.miomiorun.com\/app\/uploads\/2024\/05\/Montura-Thermalgrid-Pro-2-maglia-W-light-rose-vinaccia-MMAP75W-0114.webp","datePublished":"2024-05-02T10:03:43+00:00","dateModified":"2025-06-10T10:10:57+00:00","description":"D\u00e9couvrez le confort et la protection du maillot Thermal Grid Pro 2 pour femmes, parfait pour vos activit\u00e9s de plein air. Achetez-le maintenant !","breadcrumb":{"@id":"https:\/\/www.miomiorun.com\/fr\/produit\/thermal-grid-pro-2-pull-femme\/#breadcrumb"},"inLanguage":"fr-FR","potentialAction":[{"@type":"ReadAction","target":["https:\/\/www.miomiorun.com\/fr\/produit\/thermal-grid-pro-2-pull-femme\/"]}]},{"@type":"ImageObject","inLanguage":"fr-FR","@id":"https:\/\/www.miomiorun.com\/fr\/produit\/thermal-grid-pro-2-pull-femme\/#primaryimage","url":"https:\/\/www.miomiorun.com\/app\/uploads\/2024\/05\/Montura-Thermalgrid-Pro-2-maglia-W-light-rose-vinaccia-MMAP75W-0114.webp","contentUrl":"https:\/\/www.miomiorun.com\/app\/uploads\/2024\/05\/Montura-Thermalgrid-Pro-2-maglia-W-light-rose-vinaccia-MMAP75W-0114.webp","width":600,"height":600,"caption":"Montura Thermalgrid Pro 2 maglia W light rose vinaccia MMAP75W 0114"},{"@type":"BreadcrumbList","@id":"https:\/\/www.miomiorun.com\/fr\/produit\/thermal-grid-pro-2-pull-femme\/#breadcrumb","itemListElement":[{"@type":"ListItem","position":1,"name":"Home","item":"https:\/\/www.miomiorun.com\/fr\/home-page\/"},{"@type":"ListItem","position":2,"name":"Shop","item":"https:\/\/www.miomiorun.com\/shop\/"},{"@type":"ListItem","position":3,"name":"Thermal Grid Pro 2 pull femme"}]},{"@type":"WebSite","@id":"https:\/\/www.miomiorun.com\/fr\/#website","url":"https:\/\/www.miomiorun.com\/fr\/","name":"MioMioRun","description":"Boutique 100% running et trail","publisher":{"@id":"https:\/\/www.miomiorun.com\/fr\/#organization"},"potentialAction":[{"@type":"SearchAction","target":{"@type":"EntryPoint","urlTemplate":"https:\/\/www.miomiorun.com\/fr\/?s={search_term_string}"},"query-input":{"@type":"PropertyValueSpecification","valueRequired":true,"valueName":"search_term_string"}}],"inLanguage":"fr-FR"},{"@type":"Organization","@id":"https:\/\/www.miomiorun.com\/fr\/#organization","name":"MioMio Run","url":"https:\/\/www.miomiorun.com\/fr\/","logo":{"@type":"ImageObject","inLanguage":"fr-FR","@id":"https:\/\/www.miomiorun.com\/fr\/#\/schema\/logo\/image\/","url":"https:\/\/www.miomiorun.com\/app\/uploads\/2019\/12\/logomio.png","contentUrl":"https:\/\/www.miomiorun.com\/app\/uploads\/2019\/12\/logomio.png","width":115,"height":82,"caption":"MioMio Run"},"image":{"@id":"https:\/\/www.miomiorun.com\/fr\/#\/schema\/logo\/image\/"},"sameAs":["https:\/\/www.facebook.com\/miomiorun\/","https:\/\/www.instagram.com\/miomiorun\/"]}]}},"_links":{"self":[{"href":"https:\/\/www.miomiorun.com\/fr\/wp-json\/wp\/v2\/product\/291476","targetHints":{"allow":["GET"]}}],"collection":[{"href":"https:\/\/www.miomiorun.com\/fr\/wp-json\/wp\/v2\/product"}],"about":[{"href":"https:\/\/www.miomiorun.com\/fr\/wp-json\/wp\/v2\/types\/product"}],"wp:featuredmedia":[{"embeddable":true,"href":"https:\/\/www.miomiorun.com\/fr\/wp-json\/wp\/v2\/media\/246748"}],"wp:attachment":[{"href":"https:\/\/www.miomiorun.com\/fr\/wp-json\/wp\/v2\/media?parent=291476"}],"wp:term":[{"taxonomy":"product_brand","embeddable":true,"href":"https:\/\/www.miomiorun.com\/fr\/wp-json\/wp\/v2\/product_brand?post=291476"},{"taxonomy":"product_cat","embeddable":true,"href":"https:\/\/www.miomiorun.com\/fr\/wp-json\/wp\/v2\/product_cat?post=291476"},{"taxonomy":"product_tag","embeddable":true,"href":"https:\/\/www.miomiorun.com\/fr\/wp-json\/wp\/v2\/product_tag?post=291476"}],"curies":[{"name":"wp","href":"https:\/\/api.w.org\/{rel}","templated":true}]}}