{"id":291470,"date":"2024-04-24T17:35:09","date_gmt":"2024-04-24T15:35:09","guid":{"rendered":"https:\/\/miomiorun.com\/prodotto\/zipster-2-0-adjustable\/"},"modified":"2025-06-10T12:03:53","modified_gmt":"2025-06-10T10:03:53","slug":"zipster-2-0-adjustable","status":"publish","type":"product","link":"https:\/\/www.miomiorun.com\/fr\/produit\/zipster-2-0-adjustable\/","title":{"rendered":"Zipster 2.0 adjustable"},"content":{"rendered":"<p>La ceinture <strong>ajustable Zipster 2.0<\/strong> est la seule ceinture de course dont vous avez besoin. Gardez vos affaires essentielles pr\u00e8s de votre taille, en toute s\u00e9curit\u00e9 et sans rebondir. La boucle r\u00e9glable s&#8217;adapte parfaitement \u00e0 toutes les morphologies.<\/p>\n<p><strong>R\u00c9ALISATION DE LA TAILLE +<\/strong> AJUSTEMENT<br \/>\nLa nouvelle boucle r\u00e9glable \u00e0 d\u00e9clenchement rapide permet un ajustement parfait \u00e0 toutes les morphologies. Serrez vos hanches pour une course et d\u00e9tendez-vous pour une promenade dans le parc &#8211; portez-le \u00e0 votre fa\u00e7on, tous les jours.<\/p>\n<p><strong>RANGEMENT DE PE<\/strong>TITES MAINTENANCES<br \/>\nGardez les mains libres pendant que vous vous \u00e9tirez et que vous avancez gr\u00e2ce \u00e0 une poche zipp\u00e9e \u00e0 l&#8217;\u00e9preuve des intemp\u00e9ries : trois poches individuelles au total. Transportez naturellement votre t\u00e9l\u00e9phone, vos cl\u00e9s, vos cartes, votre argent et tout autre petit objet essentiel.<\/p>\n<p>&nbsp;<\/p>\n<p><strong>Caract\u00e9ristiques :<\/strong><\/p>\n<p><span class=\"metafield-multi_line_text_field\">&#8211; La poche zipp\u00e9e r\u00e9sistante aux intemp\u00e9ries et les deux poches \u00e0 ouverture rapide permettent de transporter l&#8217;essentiel.<br \/>\n&#8211; Le tissu l\u00e9ger et extensible s&#8217;adapte \u00e0 la taille.<br \/>\n&#8211; La boucle r\u00e9glable \u00e0 profil bas assure un ajustement s\u00fbr \u00e0 votre corps.<br \/>\n&#8211; Convient \u00e0 la plupart des smartphones grand format.<br \/>\n&#8211; Mati\u00e8re : 86 % de nylon\/14 % de spandex.<\/span><\/p>\n<p>&nbsp;<\/p>\n<p>&nbsp;<\/p>\n<p>&nbsp;<\/p>\n<p dir=\"ltr\" data-placeholder=\"Traduzione\">\n","protected":false},"excerpt":{"rendered":"<ul>\n<li>Ceinture serr\u00e9e \u00e0 porter lors d&#8217;activit\u00e9s sportives.<\/li>\n<li>Id\u00e9ale pour transporter cl\u00e9s, t\u00e9l\u00e9phone et bouteille d&#8217;eau.<\/li>\n<\/ul>\n","protected":false},"featured_media":247090,"template":"","meta":{"_acf_changed":false,"inline_featured_image":false},"product_brand":[],"product_cat":[22588,22587,22538],"product_tag":[23511],"class_list":{"0":"post-291470","1":"product","2":"type-product","3":"status-publish","4":"has-post-thumbnail","6":"product_cat-ceintures","7":"product_cat-sacs-a-dos-et-ceintures","8":"product_cat-accessoires","9":"product_tag-nathan-fr","10":"pa_attivita-marcher","11":"pa_attivita-outdoor-fr","12":"pa_attivita-running-fr","13":"pa_attivita-trail-fr","14":"pa_colore-the-zipster-adjustable-black-fr","15":"pa_colore-the-zipster-adjustable-blue-fr","16":"pa_colore-the-zipster-adjustable-grey-fr","17":"pa_marca-nathan-fr","18":"pa_sesso-femme","19":"pa_sesso-homme","21":"first","22":"instock","23":"sale","24":"taxable","25":"shipping-taxable","26":"purchasable","27":"product-type-variable","28":"wvs-archive-product-wrapper"},"acf":[],"yoast_head":"<!-- This site is optimized with the Yoast SEO plugin v26.8 - https:\/\/yoast.com\/product\/yoast-seo-wordpress\/ -->\n<title>Nathan Zipster 2.0 adjustable - ceinture de course MioMioRun .com<\/title>\n<meta name=\"description\" content=\"La ceinture ajustable Zipster 2.0 est la seule ceinture de course dont vous avez besoin. Gardez vos affaires essentielles en toute s\u00e9curit\u00e9 pr\u00e8s de votre taille.\" \/>\n<meta name=\"robots\" content=\"index, follow, max-snippet:-1, max-image-preview:large, max-video-preview:-1\" \/>\n<link rel=\"canonical\" href=\"https:\/\/www.miomiorun.com\/fr\/produit\/zipster-2-0-adjustable\/\" \/>\n<meta property=\"og:locale\" content=\"fr_FR\" \/>\n<meta property=\"og:type\" content=\"article\" \/>\n<meta property=\"og:title\" content=\"Nathan Zipster 2.0 adjustable - ceinture de course MioMioRun .com\" \/>\n<meta property=\"og:description\" content=\"La ceinture ajustable Zipster 2.0 est la seule ceinture de course dont vous avez besoin. Gardez vos affaires essentielles en toute s\u00e9curit\u00e9 pr\u00e8s de votre taille.\" \/>\n<meta property=\"og:url\" content=\"https:\/\/www.miomiorun.com\/fr\/produit\/zipster-2-0-adjustable\/\" \/>\n<meta property=\"og:site_name\" content=\"MioMioRun\" \/>\n<meta property=\"article:publisher\" content=\"https:\/\/www.facebook.com\/miomiorun\/\" \/>\n<meta property=\"article:modified_time\" content=\"2025-06-10T10:03:53+00:00\" \/>\n<meta property=\"og:image\" content=\"https:\/\/www.miomiorun.com\/app\/uploads\/2024\/05\/nathan-The-zipster-adjustable-black-30530.webp\" \/>\n\t<meta property=\"og:image:width\" content=\"600\" \/>\n\t<meta property=\"og:image:height\" content=\"600\" \/>\n\t<meta property=\"og:image:type\" content=\"image\/webp\" \/>\n<meta name=\"twitter:card\" content=\"summary_large_image\" \/>\n<meta name=\"twitter:label1\" content=\"Est. reading time\" \/>\n\t<meta name=\"twitter:data1\" content=\"1 minute\" \/>\n<script type=\"application\/ld+json\" class=\"yoast-schema-graph\">{\"@context\":\"https:\/\/schema.org\",\"@graph\":[{\"@type\":\"WebPage\",\"@id\":\"https:\/\/www.miomiorun.com\/fr\/produit\/zipster-2-0-adjustable\/\",\"url\":\"https:\/\/www.miomiorun.com\/fr\/produit\/zipster-2-0-adjustable\/\",\"name\":\"Nathan Zipster 2.0 adjustable - ceinture de course MioMioRun .com\",\"isPartOf\":{\"@id\":\"https:\/\/www.miomiorun.com\/fr\/#website\"},\"primaryImageOfPage\":{\"@id\":\"https:\/\/www.miomiorun.com\/fr\/produit\/zipster-2-0-adjustable\/#primaryimage\"},\"image\":{\"@id\":\"https:\/\/www.miomiorun.com\/fr\/produit\/zipster-2-0-adjustable\/#primaryimage\"},\"thumbnailUrl\":\"https:\/\/www.miomiorun.com\/app\/uploads\/2024\/05\/nathan-The-zipster-adjustable-black-30530.webp\",\"datePublished\":\"2024-04-24T15:35:09+00:00\",\"dateModified\":\"2025-06-10T10:03:53+00:00\",\"description\":\"La ceinture ajustable Zipster 2.0 est la seule ceinture de course dont vous avez besoin. Gardez vos affaires essentielles en toute s\u00e9curit\u00e9 pr\u00e8s de votre taille.\",\"breadcrumb\":{\"@id\":\"https:\/\/www.miomiorun.com\/fr\/produit\/zipster-2-0-adjustable\/#breadcrumb\"},\"inLanguage\":\"fr-FR\",\"potentialAction\":[{\"@type\":\"ReadAction\",\"target\":[\"https:\/\/www.miomiorun.com\/fr\/produit\/zipster-2-0-adjustable\/\"]}]},{\"@type\":\"ImageObject\",\"inLanguage\":\"fr-FR\",\"@id\":\"https:\/\/www.miomiorun.com\/fr\/produit\/zipster-2-0-adjustable\/#primaryimage\",\"url\":\"https:\/\/www.miomiorun.com\/app\/uploads\/2024\/05\/nathan-The-zipster-adjustable-black-30530.webp\",\"contentUrl\":\"https:\/\/www.miomiorun.com\/app\/uploads\/2024\/05\/nathan-The-zipster-adjustable-black-30530.webp\",\"width\":600,\"height\":600,\"caption\":\"nathan The zipster adjustable black 30530\"},{\"@type\":\"BreadcrumbList\",\"@id\":\"https:\/\/www.miomiorun.com\/fr\/produit\/zipster-2-0-adjustable\/#breadcrumb\",\"itemListElement\":[{\"@type\":\"ListItem\",\"position\":1,\"name\":\"Home\",\"item\":\"https:\/\/www.miomiorun.com\/fr\/home-page\/\"},{\"@type\":\"ListItem\",\"position\":2,\"name\":\"Shop\",\"item\":\"https:\/\/www.miomiorun.com\/shop\/\"},{\"@type\":\"ListItem\",\"position\":3,\"name\":\"Zipster 2.0 adjustable\"}]},{\"@type\":\"WebSite\",\"@id\":\"https:\/\/www.miomiorun.com\/fr\/#website\",\"url\":\"https:\/\/www.miomiorun.com\/fr\/\",\"name\":\"MioMioRun\",\"description\":\"Boutique 100% running et trail\",\"publisher\":{\"@id\":\"https:\/\/www.miomiorun.com\/fr\/#organization\"},\"potentialAction\":[{\"@type\":\"SearchAction\",\"target\":{\"@type\":\"EntryPoint\",\"urlTemplate\":\"https:\/\/www.miomiorun.com\/fr\/?s={search_term_string}\"},\"query-input\":{\"@type\":\"PropertyValueSpecification\",\"valueRequired\":true,\"valueName\":\"search_term_string\"}}],\"inLanguage\":\"fr-FR\"},{\"@type\":\"Organization\",\"@id\":\"https:\/\/www.miomiorun.com\/fr\/#organization\",\"name\":\"MioMio Run\",\"url\":\"https:\/\/www.miomiorun.com\/fr\/\",\"logo\":{\"@type\":\"ImageObject\",\"inLanguage\":\"fr-FR\",\"@id\":\"https:\/\/www.miomiorun.com\/fr\/#\/schema\/logo\/image\/\",\"url\":\"https:\/\/www.miomiorun.com\/app\/uploads\/2019\/12\/logomio.png\",\"contentUrl\":\"https:\/\/www.miomiorun.com\/app\/uploads\/2019\/12\/logomio.png\",\"width\":115,\"height\":82,\"caption\":\"MioMio Run\"},\"image\":{\"@id\":\"https:\/\/www.miomiorun.com\/fr\/#\/schema\/logo\/image\/\"},\"sameAs\":[\"https:\/\/www.facebook.com\/miomiorun\/\",\"https:\/\/www.instagram.com\/miomiorun\/\"]}]}<\/script>\n<!-- \/ Yoast SEO plugin. -->","yoast_head_json":{"title":"Nathan Zipster 2.0 adjustable - ceinture de course MioMioRun .com","description":"La ceinture ajustable Zipster 2.0 est la seule ceinture de course dont vous avez besoin. Gardez vos affaires essentielles en toute s\u00e9curit\u00e9 pr\u00e8s de votre taille.","robots":{"index":"index","follow":"follow","max-snippet":"max-snippet:-1","max-image-preview":"max-image-preview:large","max-video-preview":"max-video-preview:-1"},"canonical":"https:\/\/www.miomiorun.com\/fr\/produit\/zipster-2-0-adjustable\/","og_locale":"fr_FR","og_type":"article","og_title":"Nathan Zipster 2.0 adjustable - ceinture de course MioMioRun .com","og_description":"La ceinture ajustable Zipster 2.0 est la seule ceinture de course dont vous avez besoin. Gardez vos affaires essentielles en toute s\u00e9curit\u00e9 pr\u00e8s de votre taille.","og_url":"https:\/\/www.miomiorun.com\/fr\/produit\/zipster-2-0-adjustable\/","og_site_name":"MioMioRun","article_publisher":"https:\/\/www.facebook.com\/miomiorun\/","article_modified_time":"2025-06-10T10:03:53+00:00","og_image":[{"width":600,"height":600,"url":"https:\/\/www.miomiorun.com\/app\/uploads\/2024\/05\/nathan-The-zipster-adjustable-black-30530.webp","type":"image\/webp"}],"twitter_card":"summary_large_image","twitter_misc":{"Est. reading time":"1 minute"},"schema":{"@context":"https:\/\/schema.org","@graph":[{"@type":"WebPage","@id":"https:\/\/www.miomiorun.com\/fr\/produit\/zipster-2-0-adjustable\/","url":"https:\/\/www.miomiorun.com\/fr\/produit\/zipster-2-0-adjustable\/","name":"Nathan Zipster 2.0 adjustable - ceinture de course MioMioRun .com","isPartOf":{"@id":"https:\/\/www.miomiorun.com\/fr\/#website"},"primaryImageOfPage":{"@id":"https:\/\/www.miomiorun.com\/fr\/produit\/zipster-2-0-adjustable\/#primaryimage"},"image":{"@id":"https:\/\/www.miomiorun.com\/fr\/produit\/zipster-2-0-adjustable\/#primaryimage"},"thumbnailUrl":"https:\/\/www.miomiorun.com\/app\/uploads\/2024\/05\/nathan-The-zipster-adjustable-black-30530.webp","datePublished":"2024-04-24T15:35:09+00:00","dateModified":"2025-06-10T10:03:53+00:00","description":"La ceinture ajustable Zipster 2.0 est la seule ceinture de course dont vous avez besoin. Gardez vos affaires essentielles en toute s\u00e9curit\u00e9 pr\u00e8s de votre taille.","breadcrumb":{"@id":"https:\/\/www.miomiorun.com\/fr\/produit\/zipster-2-0-adjustable\/#breadcrumb"},"inLanguage":"fr-FR","potentialAction":[{"@type":"ReadAction","target":["https:\/\/www.miomiorun.com\/fr\/produit\/zipster-2-0-adjustable\/"]}]},{"@type":"ImageObject","inLanguage":"fr-FR","@id":"https:\/\/www.miomiorun.com\/fr\/produit\/zipster-2-0-adjustable\/#primaryimage","url":"https:\/\/www.miomiorun.com\/app\/uploads\/2024\/05\/nathan-The-zipster-adjustable-black-30530.webp","contentUrl":"https:\/\/www.miomiorun.com\/app\/uploads\/2024\/05\/nathan-The-zipster-adjustable-black-30530.webp","width":600,"height":600,"caption":"nathan The zipster adjustable black 30530"},{"@type":"BreadcrumbList","@id":"https:\/\/www.miomiorun.com\/fr\/produit\/zipster-2-0-adjustable\/#breadcrumb","itemListElement":[{"@type":"ListItem","position":1,"name":"Home","item":"https:\/\/www.miomiorun.com\/fr\/home-page\/"},{"@type":"ListItem","position":2,"name":"Shop","item":"https:\/\/www.miomiorun.com\/shop\/"},{"@type":"ListItem","position":3,"name":"Zipster 2.0 adjustable"}]},{"@type":"WebSite","@id":"https:\/\/www.miomiorun.com\/fr\/#website","url":"https:\/\/www.miomiorun.com\/fr\/","name":"MioMioRun","description":"Boutique 100% running et trail","publisher":{"@id":"https:\/\/www.miomiorun.com\/fr\/#organization"},"potentialAction":[{"@type":"SearchAction","target":{"@type":"EntryPoint","urlTemplate":"https:\/\/www.miomiorun.com\/fr\/?s={search_term_string}"},"query-input":{"@type":"PropertyValueSpecification","valueRequired":true,"valueName":"search_term_string"}}],"inLanguage":"fr-FR"},{"@type":"Organization","@id":"https:\/\/www.miomiorun.com\/fr\/#organization","name":"MioMio Run","url":"https:\/\/www.miomiorun.com\/fr\/","logo":{"@type":"ImageObject","inLanguage":"fr-FR","@id":"https:\/\/www.miomiorun.com\/fr\/#\/schema\/logo\/image\/","url":"https:\/\/www.miomiorun.com\/app\/uploads\/2019\/12\/logomio.png","contentUrl":"https:\/\/www.miomiorun.com\/app\/uploads\/2019\/12\/logomio.png","width":115,"height":82,"caption":"MioMio Run"},"image":{"@id":"https:\/\/www.miomiorun.com\/fr\/#\/schema\/logo\/image\/"},"sameAs":["https:\/\/www.facebook.com\/miomiorun\/","https:\/\/www.instagram.com\/miomiorun\/"]}]}},"_links":{"self":[{"href":"https:\/\/www.miomiorun.com\/fr\/wp-json\/wp\/v2\/product\/291470","targetHints":{"allow":["GET"]}}],"collection":[{"href":"https:\/\/www.miomiorun.com\/fr\/wp-json\/wp\/v2\/product"}],"about":[{"href":"https:\/\/www.miomiorun.com\/fr\/wp-json\/wp\/v2\/types\/product"}],"wp:featuredmedia":[{"embeddable":true,"href":"https:\/\/www.miomiorun.com\/fr\/wp-json\/wp\/v2\/media\/247090"}],"wp:attachment":[{"href":"https:\/\/www.miomiorun.com\/fr\/wp-json\/wp\/v2\/media?parent=291470"}],"wp:term":[{"taxonomy":"product_brand","embeddable":true,"href":"https:\/\/www.miomiorun.com\/fr\/wp-json\/wp\/v2\/product_brand?post=291470"},{"taxonomy":"product_cat","embeddable":true,"href":"https:\/\/www.miomiorun.com\/fr\/wp-json\/wp\/v2\/product_cat?post=291470"},{"taxonomy":"product_tag","embeddable":true,"href":"https:\/\/www.miomiorun.com\/fr\/wp-json\/wp\/v2\/product_tag?post=291470"}],"curies":[{"name":"wp","href":"https:\/\/api.w.org\/{rel}","templated":true}]}}