{"id":291296,"date":"2024-05-08T11:53:15","date_gmt":"2024-05-08T09:53:15","guid":{"rendered":"https:\/\/miomiorun.com\/prodotto\/pull-exit-light-donna\/"},"modified":"2026-05-08T22:04:07","modified_gmt":"2026-05-08T20:04:07","slug":"pull-exit-light-femme","status":"publish","type":"product","link":"https:\/\/www.miomiorun.com\/fr\/produit\/pull-exit-light-femme\/","title":{"rendered":"Pull Exit Light femme"},"content":{"rendered":"<div class=\"single-product-description\">\n<div class=\"single-product-description\">\n<div class=\"single-product-description\">\n<p>Le Crazy Idea Pull Exit Light est un v\u00eatement innovant et polyvalent, id\u00e9al pour les amateurs d&#8217;activit\u00e9s de plein air qui ne veulent pas faire de compromis sur le style. Ce pull l\u00e9ger se distingue par sa capacit\u00e9 \u00e0 combiner fonctionnalit\u00e9 et design minimaliste, ce qui le rend parfait pour \u00eatre transport\u00e9 dans votre sac \u00e0 dos en tant que protection suppl\u00e9mentaire.<\/p>\n<p><strong>Description :<\/strong> Le Pull Exit Light est fabriqu\u00e9 \u00e0 partir de tissus extensibles et de technologies avanc\u00e9es pour minimiser le poids et le volume, augmentant ainsi la libert\u00e9 de mouvement. Son design \u00e9pur\u00e9 et l&#8217;absence d&#8217;\u00e9l\u00e9ments superflus le rendent esth\u00e9tique et pratique. Ce pull est con\u00e7u pour ceux qui recherchent un v\u00eatement performant sans sacrifier l&#8217;\u00e9l\u00e9gance.<\/p>\n<p><strong>Caract\u00e9ristiques techniques :<\/strong><\/p>\n<ul>\n<li><strong>Mat\u00e9riaux l\u00e9gers :<\/strong> utilise des tissus techniques de haute qualit\u00e9 qui garantissent la respirabilit\u00e9 et un s\u00e9chage rapide.<\/li>\n<li><strong>Coupe optimale :<\/strong> Con\u00e7ue pour s&#8217;adapter parfaitement au corps, elle offre un confort et une mobilit\u00e9 sans restriction.<\/li>\n<li><strong>Design polyvalent :<\/strong> Id\u00e9al pour la randonn\u00e9e et les loisirs, son style \u00e9pur\u00e9 et ses lignes modernes lui permettent de s&#8217;adapter \u00e0 de nombreuses occasions.<\/li>\n<\/ul>\n<p>Ce v\u00eatement refl\u00e8te l&#8217;essence de la philosophie &#8220;Fast &amp; Light&#8221; de Crazy Idea, visant \u00e0 produire des v\u00eatements qui permettent un mouvement efficace en montagne, tout en minimisant le poids et le volume.<\/p>\n<\/div>\n<\/div>\n<\/div>\n","protected":false},"excerpt":{"rendered":"<ul>\n<li>Tissus ultra-l\u00e9gers pour une mobilit\u00e9 maximale.<\/li>\n<li>Design minimaliste et \u00e9l\u00e9gant.<\/li>\n<li>Id\u00e9al pour les activit\u00e9s de plein air et les tenues d\u00e9contract\u00e9es<\/li>\n<\/ul>\n","protected":false},"featured_media":304919,"template":"","meta":{"_acf_changed":false,"inline_featured_image":false},"product_brand":[],"product_cat":[22601,22596,22595],"product_tag":[23489,23491],"class_list":{"0":"post-291296","1":"product","2":"type-product","3":"status-publish","4":"has-post-thumbnail","6":"product_cat-maillots","7":"product_cat-vetements-pour-femmes","8":"product_cat-femme","9":"product_tag-crazy-idea-fr","10":"product_tag-crazy-idea-femme","11":"pa_attivita-marcher","12":"pa_attivita-outdoor-fr","13":"pa_attivita-trail-fr","14":"pa_colore-pull-exit-light-chewing-gum-w-fr","15":"pa_colore-pull-exit-light-w-pop-fr","16":"pa_marca-crazy-idea-fr","17":"pa_sesso-femme","18":"pa_size-small-fr","19":"pa_size-medium-fr","20":"pa_size-large-fr","22":"first","23":"instock","24":"sale","25":"taxable","26":"shipping-taxable","27":"purchasable","28":"product-type-variable","29":"wvs-archive-product-wrapper"},"acf":[],"yoast_head":"<!-- This site is optimized with the Yoast SEO plugin v26.8 - https:\/\/yoast.com\/product\/yoast-seo-wordpress\/ -->\n<title>Crazy Idea Pull Exit Light femme - maillot- MioMioRun<\/title>\n<meta name=\"description\" content=\"D\u00e9couvrez la lampe de sortie \u00e0 tirette de Crazy Idea : l\u00e9g\u00e8re, \u00e9lastique, id\u00e9ale pour l&#039;ext\u00e9rieur et les loisirs. Parfait pour ceux qui recherchent le style et la performance\" \/>\n<meta name=\"robots\" content=\"index, follow, max-snippet:-1, max-image-preview:large, max-video-preview:-1\" \/>\n<link rel=\"canonical\" href=\"https:\/\/www.miomiorun.com\/fr\/produit\/pull-exit-light-femme\/\" \/>\n<meta property=\"og:locale\" content=\"fr_FR\" \/>\n<meta property=\"og:type\" content=\"article\" \/>\n<meta property=\"og:title\" content=\"Crazy Idea Pull Exit Light femme - maillot- MioMioRun\" \/>\n<meta property=\"og:description\" content=\"D\u00e9couvrez la lampe de sortie \u00e0 tirette de Crazy Idea : l\u00e9g\u00e8re, \u00e9lastique, id\u00e9ale pour l&#039;ext\u00e9rieur et les loisirs. Parfait pour ceux qui recherchent le style et la performance\" \/>\n<meta property=\"og:url\" content=\"https:\/\/www.miomiorun.com\/fr\/produit\/pull-exit-light-femme\/\" \/>\n<meta property=\"og:site_name\" content=\"MioMioRun\" \/>\n<meta property=\"article:publisher\" content=\"https:\/\/www.facebook.com\/miomiorun\/\" \/>\n<meta property=\"article:modified_time\" content=\"2026-05-08T20:04:07+00:00\" \/>\n<meta property=\"og:image\" content=\"https:\/\/www.miomiorun.com\/app\/uploads\/2025\/04\/crazy-Pull-exit-light-W-pop-S25025121D-0063.webp\" \/>\n\t<meta property=\"og:image:width\" content=\"600\" \/>\n\t<meta property=\"og:image:height\" content=\"600\" \/>\n\t<meta property=\"og:image:type\" content=\"image\/webp\" \/>\n<meta name=\"twitter:card\" content=\"summary_large_image\" \/>\n<meta name=\"twitter:label1\" content=\"Est. reading time\" \/>\n\t<meta name=\"twitter:data1\" content=\"1 minute\" \/>\n<script type=\"application\/ld+json\" class=\"yoast-schema-graph\">{\"@context\":\"https:\/\/schema.org\",\"@graph\":[{\"@type\":\"WebPage\",\"@id\":\"https:\/\/www.miomiorun.com\/fr\/produit\/pull-exit-light-femme\/\",\"url\":\"https:\/\/www.miomiorun.com\/fr\/produit\/pull-exit-light-femme\/\",\"name\":\"Crazy Idea Pull Exit Light femme - maillot- MioMioRun\",\"isPartOf\":{\"@id\":\"https:\/\/www.miomiorun.com\/fr\/#website\"},\"primaryImageOfPage\":{\"@id\":\"https:\/\/www.miomiorun.com\/fr\/produit\/pull-exit-light-femme\/#primaryimage\"},\"image\":{\"@id\":\"https:\/\/www.miomiorun.com\/fr\/produit\/pull-exit-light-femme\/#primaryimage\"},\"thumbnailUrl\":\"https:\/\/www.miomiorun.com\/app\/uploads\/2025\/04\/crazy-Pull-exit-light-W-pop-S25025121D-0063.webp\",\"datePublished\":\"2024-05-08T09:53:15+00:00\",\"dateModified\":\"2026-05-08T20:04:07+00:00\",\"description\":\"D\u00e9couvrez la lampe de sortie \u00e0 tirette de Crazy Idea : l\u00e9g\u00e8re, \u00e9lastique, id\u00e9ale pour l'ext\u00e9rieur et les loisirs. Parfait pour ceux qui recherchent le style et la performance\",\"breadcrumb\":{\"@id\":\"https:\/\/www.miomiorun.com\/fr\/produit\/pull-exit-light-femme\/#breadcrumb\"},\"inLanguage\":\"fr-FR\",\"potentialAction\":[{\"@type\":\"ReadAction\",\"target\":[\"https:\/\/www.miomiorun.com\/fr\/produit\/pull-exit-light-femme\/\"]}]},{\"@type\":\"ImageObject\",\"inLanguage\":\"fr-FR\",\"@id\":\"https:\/\/www.miomiorun.com\/fr\/produit\/pull-exit-light-femme\/#primaryimage\",\"url\":\"https:\/\/www.miomiorun.com\/app\/uploads\/2025\/04\/crazy-Pull-exit-light-W-pop-S25025121D-0063.webp\",\"contentUrl\":\"https:\/\/www.miomiorun.com\/app\/uploads\/2025\/04\/crazy-Pull-exit-light-W-pop-S25025121D-0063.webp\",\"width\":600,\"height\":600,\"caption\":\"crazy Pull exit light W pop S25025121D-0063\"},{\"@type\":\"BreadcrumbList\",\"@id\":\"https:\/\/www.miomiorun.com\/fr\/produit\/pull-exit-light-femme\/#breadcrumb\",\"itemListElement\":[{\"@type\":\"ListItem\",\"position\":1,\"name\":\"Home\",\"item\":\"https:\/\/www.miomiorun.com\/fr\/home-page\/\"},{\"@type\":\"ListItem\",\"position\":2,\"name\":\"Shop\",\"item\":\"https:\/\/www.miomiorun.com\/shop\/\"},{\"@type\":\"ListItem\",\"position\":3,\"name\":\"Pull Exit Light femme\"}]},{\"@type\":\"WebSite\",\"@id\":\"https:\/\/www.miomiorun.com\/fr\/#website\",\"url\":\"https:\/\/www.miomiorun.com\/fr\/\",\"name\":\"MioMioRun\",\"description\":\"Boutique 100% running et trail\",\"publisher\":{\"@id\":\"https:\/\/www.miomiorun.com\/fr\/#organization\"},\"potentialAction\":[{\"@type\":\"SearchAction\",\"target\":{\"@type\":\"EntryPoint\",\"urlTemplate\":\"https:\/\/www.miomiorun.com\/fr\/?s={search_term_string}\"},\"query-input\":{\"@type\":\"PropertyValueSpecification\",\"valueRequired\":true,\"valueName\":\"search_term_string\"}}],\"inLanguage\":\"fr-FR\"},{\"@type\":\"Organization\",\"@id\":\"https:\/\/www.miomiorun.com\/fr\/#organization\",\"name\":\"MioMio Run\",\"url\":\"https:\/\/www.miomiorun.com\/fr\/\",\"logo\":{\"@type\":\"ImageObject\",\"inLanguage\":\"fr-FR\",\"@id\":\"https:\/\/www.miomiorun.com\/fr\/#\/schema\/logo\/image\/\",\"url\":\"https:\/\/www.miomiorun.com\/app\/uploads\/2019\/12\/logomio.png\",\"contentUrl\":\"https:\/\/www.miomiorun.com\/app\/uploads\/2019\/12\/logomio.png\",\"width\":115,\"height\":82,\"caption\":\"MioMio Run\"},\"image\":{\"@id\":\"https:\/\/www.miomiorun.com\/fr\/#\/schema\/logo\/image\/\"},\"sameAs\":[\"https:\/\/www.facebook.com\/miomiorun\/\",\"https:\/\/www.instagram.com\/miomiorun\/\"]}]}<\/script>\n<!-- \/ Yoast SEO plugin. -->","yoast_head_json":{"title":"Crazy Idea Pull Exit Light femme - maillot- MioMioRun","description":"D\u00e9couvrez la lampe de sortie \u00e0 tirette de Crazy Idea : l\u00e9g\u00e8re, \u00e9lastique, id\u00e9ale pour l'ext\u00e9rieur et les loisirs. Parfait pour ceux qui recherchent le style et la performance","robots":{"index":"index","follow":"follow","max-snippet":"max-snippet:-1","max-image-preview":"max-image-preview:large","max-video-preview":"max-video-preview:-1"},"canonical":"https:\/\/www.miomiorun.com\/fr\/produit\/pull-exit-light-femme\/","og_locale":"fr_FR","og_type":"article","og_title":"Crazy Idea Pull Exit Light femme - maillot- MioMioRun","og_description":"D\u00e9couvrez la lampe de sortie \u00e0 tirette de Crazy Idea : l\u00e9g\u00e8re, \u00e9lastique, id\u00e9ale pour l'ext\u00e9rieur et les loisirs. Parfait pour ceux qui recherchent le style et la performance","og_url":"https:\/\/www.miomiorun.com\/fr\/produit\/pull-exit-light-femme\/","og_site_name":"MioMioRun","article_publisher":"https:\/\/www.facebook.com\/miomiorun\/","article_modified_time":"2026-05-08T20:04:07+00:00","og_image":[{"width":600,"height":600,"url":"https:\/\/www.miomiorun.com\/app\/uploads\/2025\/04\/crazy-Pull-exit-light-W-pop-S25025121D-0063.webp","type":"image\/webp"}],"twitter_card":"summary_large_image","twitter_misc":{"Est. reading time":"1 minute"},"schema":{"@context":"https:\/\/schema.org","@graph":[{"@type":"WebPage","@id":"https:\/\/www.miomiorun.com\/fr\/produit\/pull-exit-light-femme\/","url":"https:\/\/www.miomiorun.com\/fr\/produit\/pull-exit-light-femme\/","name":"Crazy Idea Pull Exit Light femme - maillot- MioMioRun","isPartOf":{"@id":"https:\/\/www.miomiorun.com\/fr\/#website"},"primaryImageOfPage":{"@id":"https:\/\/www.miomiorun.com\/fr\/produit\/pull-exit-light-femme\/#primaryimage"},"image":{"@id":"https:\/\/www.miomiorun.com\/fr\/produit\/pull-exit-light-femme\/#primaryimage"},"thumbnailUrl":"https:\/\/www.miomiorun.com\/app\/uploads\/2025\/04\/crazy-Pull-exit-light-W-pop-S25025121D-0063.webp","datePublished":"2024-05-08T09:53:15+00:00","dateModified":"2026-05-08T20:04:07+00:00","description":"D\u00e9couvrez la lampe de sortie \u00e0 tirette de Crazy Idea : l\u00e9g\u00e8re, \u00e9lastique, id\u00e9ale pour l'ext\u00e9rieur et les loisirs. Parfait pour ceux qui recherchent le style et la performance","breadcrumb":{"@id":"https:\/\/www.miomiorun.com\/fr\/produit\/pull-exit-light-femme\/#breadcrumb"},"inLanguage":"fr-FR","potentialAction":[{"@type":"ReadAction","target":["https:\/\/www.miomiorun.com\/fr\/produit\/pull-exit-light-femme\/"]}]},{"@type":"ImageObject","inLanguage":"fr-FR","@id":"https:\/\/www.miomiorun.com\/fr\/produit\/pull-exit-light-femme\/#primaryimage","url":"https:\/\/www.miomiorun.com\/app\/uploads\/2025\/04\/crazy-Pull-exit-light-W-pop-S25025121D-0063.webp","contentUrl":"https:\/\/www.miomiorun.com\/app\/uploads\/2025\/04\/crazy-Pull-exit-light-W-pop-S25025121D-0063.webp","width":600,"height":600,"caption":"crazy Pull exit light W pop S25025121D-0063"},{"@type":"BreadcrumbList","@id":"https:\/\/www.miomiorun.com\/fr\/produit\/pull-exit-light-femme\/#breadcrumb","itemListElement":[{"@type":"ListItem","position":1,"name":"Home","item":"https:\/\/www.miomiorun.com\/fr\/home-page\/"},{"@type":"ListItem","position":2,"name":"Shop","item":"https:\/\/www.miomiorun.com\/shop\/"},{"@type":"ListItem","position":3,"name":"Pull Exit Light femme"}]},{"@type":"WebSite","@id":"https:\/\/www.miomiorun.com\/fr\/#website","url":"https:\/\/www.miomiorun.com\/fr\/","name":"MioMioRun","description":"Boutique 100% running et trail","publisher":{"@id":"https:\/\/www.miomiorun.com\/fr\/#organization"},"potentialAction":[{"@type":"SearchAction","target":{"@type":"EntryPoint","urlTemplate":"https:\/\/www.miomiorun.com\/fr\/?s={search_term_string}"},"query-input":{"@type":"PropertyValueSpecification","valueRequired":true,"valueName":"search_term_string"}}],"inLanguage":"fr-FR"},{"@type":"Organization","@id":"https:\/\/www.miomiorun.com\/fr\/#organization","name":"MioMio Run","url":"https:\/\/www.miomiorun.com\/fr\/","logo":{"@type":"ImageObject","inLanguage":"fr-FR","@id":"https:\/\/www.miomiorun.com\/fr\/#\/schema\/logo\/image\/","url":"https:\/\/www.miomiorun.com\/app\/uploads\/2019\/12\/logomio.png","contentUrl":"https:\/\/www.miomiorun.com\/app\/uploads\/2019\/12\/logomio.png","width":115,"height":82,"caption":"MioMio Run"},"image":{"@id":"https:\/\/www.miomiorun.com\/fr\/#\/schema\/logo\/image\/"},"sameAs":["https:\/\/www.facebook.com\/miomiorun\/","https:\/\/www.instagram.com\/miomiorun\/"]}]}},"_links":{"self":[{"href":"https:\/\/www.miomiorun.com\/fr\/wp-json\/wp\/v2\/product\/291296","targetHints":{"allow":["GET"]}}],"collection":[{"href":"https:\/\/www.miomiorun.com\/fr\/wp-json\/wp\/v2\/product"}],"about":[{"href":"https:\/\/www.miomiorun.com\/fr\/wp-json\/wp\/v2\/types\/product"}],"wp:featuredmedia":[{"embeddable":true,"href":"https:\/\/www.miomiorun.com\/fr\/wp-json\/wp\/v2\/media\/304919"}],"wp:attachment":[{"href":"https:\/\/www.miomiorun.com\/fr\/wp-json\/wp\/v2\/media?parent=291296"}],"wp:term":[{"taxonomy":"product_brand","embeddable":true,"href":"https:\/\/www.miomiorun.com\/fr\/wp-json\/wp\/v2\/product_brand?post=291296"},{"taxonomy":"product_cat","embeddable":true,"href":"https:\/\/www.miomiorun.com\/fr\/wp-json\/wp\/v2\/product_cat?post=291296"},{"taxonomy":"product_tag","embeddable":true,"href":"https:\/\/www.miomiorun.com\/fr\/wp-json\/wp\/v2\/product_tag?post=291296"}],"curies":[{"name":"wp","href":"https:\/\/api.w.org\/{rel}","templated":true}]}}