{"id":291288,"date":"2024-05-07T16:35:11","date_gmt":"2024-05-07T14:35:11","guid":{"rendered":"https:\/\/miomiorun.com\/prodotto\/top-break-donna\/"},"modified":"2025-06-10T12:14:41","modified_gmt":"2025-06-10T10:14:41","slug":"top-break-femme","status":"publish","type":"product","link":"https:\/\/www.miomiorun.com\/fr\/produit\/top-break-femme\/","title":{"rendered":"Top Break femme"},"content":{"rendered":"<p>Le &#8216;Women&#8217;s Top Break&#8217; de Crazy Idea est un v\u00eatement \u00e9l\u00e9gant et technique, parfait pour toutes les occasions, de la vie quotidienne aux activit\u00e9s de plein air. Fabriqu\u00e9 dans un tissu technique de haute qualit\u00e9, ce d\u00e9bardeur pr\u00e9sente un design moderne avec une ouverture dans le dos qui le rend unique et tendance. Le tissu l\u00e9ger et doux au toucher assure un confort exceptionnel, id\u00e9al pour le trekking et d&#8217;autres activit\u00e9s de plein air. Dot\u00e9 d&#8217;une double couche de tissu superpos\u00e9 et d&#8217;une brassi\u00e8re int\u00e9rieure, il offre un ajustement et un maintien optimaux. La maille ext\u00e9rieure respirante avec traitement rapiddry assure un s\u00e9chage rapide, tandis que le design subtilement ray\u00e9 souligne la silhouette f\u00e9minine. Disponible en diff\u00e9rentes tailles et dans des couleurs vives et imprim\u00e9es, le Top Break pour femmes est un choix polyvalent et \u00e9l\u00e9gant pour votre garde-robe. Parfaitement assorti aux pantalons et aux jupes, il vous permet de cr\u00e9er des looks originaux et \u00e0 la mode. D\u00e9couvrez la combinaison de la qualit\u00e9, de la passion et de la vision du style italien avec chaque v\u00eatement d\u00e9velopp\u00e9 avec les conseils des meilleurs professionnels du sport et de la montagne.<\/p>\n<p>&nbsp;<\/p>\n<p><strong>CARACT\u00c9RISTIQUES :<\/strong><\/p>\n<ul>\n<li>Tissu : 88% Polyester 12% Elasthanne.<\/li>\n<li>Tissu double couche tr\u00e8s respirant.<\/li>\n<li>bretelles souples<\/li>\n<li>Soutien-gorge int\u00e9rieur.<\/li>\n<\/ul>\n","protected":false},"excerpt":{"rendered":"<div class=\"flex flex-grow flex-col max-w-full\">\n<div class=\"min-h-[20px] text-message flex flex-col items-start whitespace-pre-wrap break-words [.text-message+&amp;]:mt-5 overflow-x-auto gap-3\" dir=\"auto\" data-message-author-role=\"assistant\" data-message-id=\"5c194ca5-da90-4871-9d49-f5f33601269a\">\n<div class=\"markdown prose w-full break-words dark:prose-invert light\">\n<ul>\n<li>Tissu technique respirant \u00e0 s\u00e9chage rapide.<\/li>\n<li>Design \u00e9l\u00e9gant avec soutien-gorge int\u00e9gr\u00e9 pour un maintien optimal.<\/li>\n<li>Polyvalent pour le sport et le quotidien, disponible en plusieurs coloris.<\/li>\n<\/ul>\n<\/div>\n<\/div>\n<\/div>\n","protected":false},"featured_media":246966,"template":"","meta":{"_acf_changed":false,"inline_featured_image":false},"product_brand":[],"product_cat":[22598,22596,22595],"product_tag":[23489,23491],"class_list":{"0":"post-291288","1":"product","2":"type-product","3":"status-publish","4":"has-post-thumbnail","6":"product_cat-gilets","7":"product_cat-vetements-pour-femmes","8":"product_cat-femme","9":"product_tag-crazy-idea-fr","10":"product_tag-crazy-idea-femme","11":"pa_attivita-marcher","12":"pa_attivita-trail-fr","13":"pa_colore-top-break-mountain-flower-w-fr","14":"pa_colore-top-break-w-falling-flower-fr","15":"pa_marca-crazy-idea-fr","16":"pa_sesso-femme","17":"pa_size-extra-small-fr","18":"pa_size-small-fr","19":"pa_size-medium-fr","21":"first","22":"instock","23":"sale","24":"taxable","25":"shipping-taxable","26":"purchasable","27":"product-type-variable","28":"wvs-archive-product-wrapper"},"acf":[],"yoast_head":"<!-- This site is optimized with the Yoast SEO plugin v26.8 - https:\/\/yoast.com\/product\/yoast-seo-wordpress\/ -->\n<title>Crazy Idea Top Break femme - d\u00e9bardeur de course - MioMioRun<\/title>\n<meta name=\"description\" content=\"D\u00e9couvrez le &#039;Women&#039;s Top Break&#039; de Crazy Idea : \u00e9l\u00e9gant, technique, parfait pour toutes les occasions et les activit\u00e9s de plein air. Confort et style italien.\" \/>\n<meta name=\"robots\" content=\"index, follow, max-snippet:-1, max-image-preview:large, max-video-preview:-1\" \/>\n<link rel=\"canonical\" href=\"https:\/\/www.miomiorun.com\/fr\/produit\/top-break-femme\/\" \/>\n<meta property=\"og:locale\" content=\"fr_FR\" \/>\n<meta property=\"og:type\" content=\"article\" \/>\n<meta property=\"og:title\" content=\"Crazy Idea Top Break femme - d\u00e9bardeur de course - MioMioRun\" \/>\n<meta property=\"og:description\" content=\"D\u00e9couvrez le &#039;Women&#039;s Top Break&#039; de Crazy Idea : \u00e9l\u00e9gant, technique, parfait pour toutes les occasions et les activit\u00e9s de plein air. Confort et style italien.\" \/>\n<meta property=\"og:url\" content=\"https:\/\/www.miomiorun.com\/fr\/produit\/top-break-femme\/\" \/>\n<meta property=\"og:site_name\" content=\"MioMioRun\" \/>\n<meta property=\"article:publisher\" content=\"https:\/\/www.facebook.com\/miomiorun\/\" \/>\n<meta property=\"article:modified_time\" content=\"2025-06-10T10:14:41+00:00\" \/>\n<meta property=\"og:image\" content=\"https:\/\/www.miomiorun.com\/app\/uploads\/2024\/05\/crazy-Top-break-mountain-flower-W-S24196105D-00X191.webp\" \/>\n\t<meta property=\"og:image:width\" content=\"600\" \/>\n\t<meta property=\"og:image:height\" content=\"600\" \/>\n\t<meta property=\"og:image:type\" content=\"image\/webp\" \/>\n<meta name=\"twitter:card\" content=\"summary_large_image\" \/>\n<meta name=\"twitter:label1\" content=\"Est. reading time\" \/>\n\t<meta name=\"twitter:data1\" content=\"1 minute\" \/>\n<script type=\"application\/ld+json\" class=\"yoast-schema-graph\">{\"@context\":\"https:\/\/schema.org\",\"@graph\":[{\"@type\":\"WebPage\",\"@id\":\"https:\/\/www.miomiorun.com\/fr\/produit\/top-break-femme\/\",\"url\":\"https:\/\/www.miomiorun.com\/fr\/produit\/top-break-femme\/\",\"name\":\"Crazy Idea Top Break femme - d\u00e9bardeur de course - MioMioRun\",\"isPartOf\":{\"@id\":\"https:\/\/www.miomiorun.com\/fr\/#website\"},\"primaryImageOfPage\":{\"@id\":\"https:\/\/www.miomiorun.com\/fr\/produit\/top-break-femme\/#primaryimage\"},\"image\":{\"@id\":\"https:\/\/www.miomiorun.com\/fr\/produit\/top-break-femme\/#primaryimage\"},\"thumbnailUrl\":\"https:\/\/www.miomiorun.com\/app\/uploads\/2024\/05\/crazy-Top-break-mountain-flower-W-S24196105D-00X191.webp\",\"datePublished\":\"2024-05-07T14:35:11+00:00\",\"dateModified\":\"2025-06-10T10:14:41+00:00\",\"description\":\"D\u00e9couvrez le 'Women's Top Break' de Crazy Idea : \u00e9l\u00e9gant, technique, parfait pour toutes les occasions et les activit\u00e9s de plein air. Confort et style italien.\",\"breadcrumb\":{\"@id\":\"https:\/\/www.miomiorun.com\/fr\/produit\/top-break-femme\/#breadcrumb\"},\"inLanguage\":\"fr-FR\",\"potentialAction\":[{\"@type\":\"ReadAction\",\"target\":[\"https:\/\/www.miomiorun.com\/fr\/produit\/top-break-femme\/\"]}]},{\"@type\":\"ImageObject\",\"inLanguage\":\"fr-FR\",\"@id\":\"https:\/\/www.miomiorun.com\/fr\/produit\/top-break-femme\/#primaryimage\",\"url\":\"https:\/\/www.miomiorun.com\/app\/uploads\/2024\/05\/crazy-Top-break-mountain-flower-W-S24196105D-00X191.webp\",\"contentUrl\":\"https:\/\/www.miomiorun.com\/app\/uploads\/2024\/05\/crazy-Top-break-mountain-flower-W-S24196105D-00X191.webp\",\"width\":600,\"height\":600,\"caption\":\"crazy Top break mountain flower W S24196105D-00X191\"},{\"@type\":\"BreadcrumbList\",\"@id\":\"https:\/\/www.miomiorun.com\/fr\/produit\/top-break-femme\/#breadcrumb\",\"itemListElement\":[{\"@type\":\"ListItem\",\"position\":1,\"name\":\"Home\",\"item\":\"https:\/\/www.miomiorun.com\/fr\/home-page\/\"},{\"@type\":\"ListItem\",\"position\":2,\"name\":\"Shop\",\"item\":\"https:\/\/www.miomiorun.com\/shop\/\"},{\"@type\":\"ListItem\",\"position\":3,\"name\":\"Top Break femme\"}]},{\"@type\":\"WebSite\",\"@id\":\"https:\/\/www.miomiorun.com\/fr\/#website\",\"url\":\"https:\/\/www.miomiorun.com\/fr\/\",\"name\":\"MioMioRun\",\"description\":\"Boutique 100% running et trail\",\"publisher\":{\"@id\":\"https:\/\/www.miomiorun.com\/fr\/#organization\"},\"potentialAction\":[{\"@type\":\"SearchAction\",\"target\":{\"@type\":\"EntryPoint\",\"urlTemplate\":\"https:\/\/www.miomiorun.com\/fr\/?s={search_term_string}\"},\"query-input\":{\"@type\":\"PropertyValueSpecification\",\"valueRequired\":true,\"valueName\":\"search_term_string\"}}],\"inLanguage\":\"fr-FR\"},{\"@type\":\"Organization\",\"@id\":\"https:\/\/www.miomiorun.com\/fr\/#organization\",\"name\":\"MioMio Run\",\"url\":\"https:\/\/www.miomiorun.com\/fr\/\",\"logo\":{\"@type\":\"ImageObject\",\"inLanguage\":\"fr-FR\",\"@id\":\"https:\/\/www.miomiorun.com\/fr\/#\/schema\/logo\/image\/\",\"url\":\"https:\/\/www.miomiorun.com\/app\/uploads\/2019\/12\/logomio.png\",\"contentUrl\":\"https:\/\/www.miomiorun.com\/app\/uploads\/2019\/12\/logomio.png\",\"width\":115,\"height\":82,\"caption\":\"MioMio Run\"},\"image\":{\"@id\":\"https:\/\/www.miomiorun.com\/fr\/#\/schema\/logo\/image\/\"},\"sameAs\":[\"https:\/\/www.facebook.com\/miomiorun\/\",\"https:\/\/www.instagram.com\/miomiorun\/\"]}]}<\/script>\n<!-- \/ Yoast SEO plugin. -->","yoast_head_json":{"title":"Crazy Idea Top Break femme - d\u00e9bardeur de course - MioMioRun","description":"D\u00e9couvrez le 'Women's Top Break' de Crazy Idea : \u00e9l\u00e9gant, technique, parfait pour toutes les occasions et les activit\u00e9s de plein air. Confort et style italien.","robots":{"index":"index","follow":"follow","max-snippet":"max-snippet:-1","max-image-preview":"max-image-preview:large","max-video-preview":"max-video-preview:-1"},"canonical":"https:\/\/www.miomiorun.com\/fr\/produit\/top-break-femme\/","og_locale":"fr_FR","og_type":"article","og_title":"Crazy Idea Top Break femme - d\u00e9bardeur de course - MioMioRun","og_description":"D\u00e9couvrez le 'Women's Top Break' de Crazy Idea : \u00e9l\u00e9gant, technique, parfait pour toutes les occasions et les activit\u00e9s de plein air. Confort et style italien.","og_url":"https:\/\/www.miomiorun.com\/fr\/produit\/top-break-femme\/","og_site_name":"MioMioRun","article_publisher":"https:\/\/www.facebook.com\/miomiorun\/","article_modified_time":"2025-06-10T10:14:41+00:00","og_image":[{"width":600,"height":600,"url":"https:\/\/www.miomiorun.com\/app\/uploads\/2024\/05\/crazy-Top-break-mountain-flower-W-S24196105D-00X191.webp","type":"image\/webp"}],"twitter_card":"summary_large_image","twitter_misc":{"Est. reading time":"1 minute"},"schema":{"@context":"https:\/\/schema.org","@graph":[{"@type":"WebPage","@id":"https:\/\/www.miomiorun.com\/fr\/produit\/top-break-femme\/","url":"https:\/\/www.miomiorun.com\/fr\/produit\/top-break-femme\/","name":"Crazy Idea Top Break femme - d\u00e9bardeur de course - MioMioRun","isPartOf":{"@id":"https:\/\/www.miomiorun.com\/fr\/#website"},"primaryImageOfPage":{"@id":"https:\/\/www.miomiorun.com\/fr\/produit\/top-break-femme\/#primaryimage"},"image":{"@id":"https:\/\/www.miomiorun.com\/fr\/produit\/top-break-femme\/#primaryimage"},"thumbnailUrl":"https:\/\/www.miomiorun.com\/app\/uploads\/2024\/05\/crazy-Top-break-mountain-flower-W-S24196105D-00X191.webp","datePublished":"2024-05-07T14:35:11+00:00","dateModified":"2025-06-10T10:14:41+00:00","description":"D\u00e9couvrez le 'Women's Top Break' de Crazy Idea : \u00e9l\u00e9gant, technique, parfait pour toutes les occasions et les activit\u00e9s de plein air. Confort et style italien.","breadcrumb":{"@id":"https:\/\/www.miomiorun.com\/fr\/produit\/top-break-femme\/#breadcrumb"},"inLanguage":"fr-FR","potentialAction":[{"@type":"ReadAction","target":["https:\/\/www.miomiorun.com\/fr\/produit\/top-break-femme\/"]}]},{"@type":"ImageObject","inLanguage":"fr-FR","@id":"https:\/\/www.miomiorun.com\/fr\/produit\/top-break-femme\/#primaryimage","url":"https:\/\/www.miomiorun.com\/app\/uploads\/2024\/05\/crazy-Top-break-mountain-flower-W-S24196105D-00X191.webp","contentUrl":"https:\/\/www.miomiorun.com\/app\/uploads\/2024\/05\/crazy-Top-break-mountain-flower-W-S24196105D-00X191.webp","width":600,"height":600,"caption":"crazy Top break mountain flower W S24196105D-00X191"},{"@type":"BreadcrumbList","@id":"https:\/\/www.miomiorun.com\/fr\/produit\/top-break-femme\/#breadcrumb","itemListElement":[{"@type":"ListItem","position":1,"name":"Home","item":"https:\/\/www.miomiorun.com\/fr\/home-page\/"},{"@type":"ListItem","position":2,"name":"Shop","item":"https:\/\/www.miomiorun.com\/shop\/"},{"@type":"ListItem","position":3,"name":"Top Break femme"}]},{"@type":"WebSite","@id":"https:\/\/www.miomiorun.com\/fr\/#website","url":"https:\/\/www.miomiorun.com\/fr\/","name":"MioMioRun","description":"Boutique 100% running et trail","publisher":{"@id":"https:\/\/www.miomiorun.com\/fr\/#organization"},"potentialAction":[{"@type":"SearchAction","target":{"@type":"EntryPoint","urlTemplate":"https:\/\/www.miomiorun.com\/fr\/?s={search_term_string}"},"query-input":{"@type":"PropertyValueSpecification","valueRequired":true,"valueName":"search_term_string"}}],"inLanguage":"fr-FR"},{"@type":"Organization","@id":"https:\/\/www.miomiorun.com\/fr\/#organization","name":"MioMio Run","url":"https:\/\/www.miomiorun.com\/fr\/","logo":{"@type":"ImageObject","inLanguage":"fr-FR","@id":"https:\/\/www.miomiorun.com\/fr\/#\/schema\/logo\/image\/","url":"https:\/\/www.miomiorun.com\/app\/uploads\/2019\/12\/logomio.png","contentUrl":"https:\/\/www.miomiorun.com\/app\/uploads\/2019\/12\/logomio.png","width":115,"height":82,"caption":"MioMio Run"},"image":{"@id":"https:\/\/www.miomiorun.com\/fr\/#\/schema\/logo\/image\/"},"sameAs":["https:\/\/www.facebook.com\/miomiorun\/","https:\/\/www.instagram.com\/miomiorun\/"]}]}},"_links":{"self":[{"href":"https:\/\/www.miomiorun.com\/fr\/wp-json\/wp\/v2\/product\/291288","targetHints":{"allow":["GET"]}}],"collection":[{"href":"https:\/\/www.miomiorun.com\/fr\/wp-json\/wp\/v2\/product"}],"about":[{"href":"https:\/\/www.miomiorun.com\/fr\/wp-json\/wp\/v2\/types\/product"}],"wp:featuredmedia":[{"embeddable":true,"href":"https:\/\/www.miomiorun.com\/fr\/wp-json\/wp\/v2\/media\/246966"}],"wp:attachment":[{"href":"https:\/\/www.miomiorun.com\/fr\/wp-json\/wp\/v2\/media?parent=291288"}],"wp:term":[{"taxonomy":"product_brand","embeddable":true,"href":"https:\/\/www.miomiorun.com\/fr\/wp-json\/wp\/v2\/product_brand?post=291288"},{"taxonomy":"product_cat","embeddable":true,"href":"https:\/\/www.miomiorun.com\/fr\/wp-json\/wp\/v2\/product_cat?post=291288"},{"taxonomy":"product_tag","embeddable":true,"href":"https:\/\/www.miomiorun.com\/fr\/wp-json\/wp\/v2\/product_tag?post=291288"}],"curies":[{"name":"wp","href":"https:\/\/api.w.org\/{rel}","templated":true}]}}