{"id":291219,"date":"2024-05-09T13:59:07","date_gmt":"2024-05-09T11:59:07","guid":{"rendered":"https:\/\/miomiorun.com\/prodotto\/treriksroset-001\/"},"modified":"2025-05-28T17:37:08","modified_gmt":"2025-05-28T15:37:08","slug":"treriksroset-001","status":"publish","type":"product","link":"https:\/\/www.miomiorun.com\/fr\/produit\/treriksroset-001\/","title":{"rendered":"TreriksRoset 001"},"content":{"rendered":"<div class=\"vc-row container\"><div class=\"vc-column\"><div class=\"vc-column-text\"><\/p>\n<div>\n<h3 style=\"text-align: center;\">TreriksRoset 001 est un mod\u00e8le de lunettes n\u00e9 apr\u00e8s 30 ans d&#8217;exp\u00e9rience dans l&#8217;industrie des lunettes de sport et de style.<\/h3>\n<p><br data-moz-translations-id=\"1\" \/><strong>Treriksrir-set 001<\/strong> est le mod\u00e8le id\u00e9al pour les sports de vitesse tels que le VTT, le cyclisme sur route ou le ski. Mais tout aussi \u00e9l\u00e9gant pour pouvoir se glisser sur un podium. Un design sobre et \u00e9pur\u00e9 qui allie style et technicit\u00e9 : son verre enveloppant offre une protection optimale contre le vent g\u00e9n\u00e9r\u00e9 par la vitesse, mais aussi contre les branches que vous pouvez rencontrer sur la route.<\/p>\n<p>B\u00e9n\u00e9ficiez d&#8217;une vision p\u00e9riph\u00e9rique et d&#8217;une clart\u00e9 accrues gr\u00e2ce au verre en nylon biosourc\u00e9, facteur essentiel pour am\u00e9liorer votre pr\u00e9cision visuelle et donc vos performances sportives !<\/p>\n<p style=\"text-align: center;\"><strong>Son verre 100 % anti-UV permet de lutter contre la fatigue des yeux en les prot\u00e9geant de la lumi\u00e8re.<\/strong><\/p>\n<p>&nbsp;<\/p>\n<h3 style=\"text-align: center;\"><strong data-moz-translations-id=\"0\">Un mod\u00e8le durable con\u00e7u pour durer<\/strong><\/h3>\n<p style=\"text-align: center;\"><br data-moz-translations-id=\"1\" \/>Le<strong>TreriksRoset 001<\/strong> est compos\u00e9 de 45% de polyamide organique issu de l&#8217;huile de ricin, soigneusement s\u00e9lectionn\u00e9 pour sa l\u00e9g\u00e8ret\u00e9, sa souplesse et sa r\u00e9sistance aux chocs.<\/p>\n<h3 style=\"text-align: center;\"><strong data-moz-translations-id=\"0\">Conservez vosTreriksRoset 001 en parfait \u00e9tat<\/strong><\/h3>\n<p style=\"text-align: center;\"><br data-moz-translations-id=\"1\" \/>Le sac\/\u00e9tui est sp\u00e9cialement con\u00e7u pour conserver vos lunettes en toute s\u00e9curit\u00e9. \u00c9quip\u00e9 d&#8217;une gaze pour \u00e9liminer les salissures sans ab\u00eemer les verres et pr\u00e9server un confort visuel permanent.<\/p>\n<h3 style=\"text-align: center;\"><strong data-moz-translations-id=\"0\">Normes<\/strong><\/h3>\n<p style=\"text-align: center;\">Ce mod\u00e8le est conforme aux normes EN ISO 12312-1, AS\/NZS 1067 et ANSI Z80.3 pour les lunettes de soleil.<\/p>\n<\/div>\n<p>&nbsp;<\/p>\n<h3>Technologies des verres :<\/h3>\n<h2 style=\"text-align: center;\">Tri-X UltraVue<\/h2>\n<p>Les lentilles <strong>Tri-x UltraVue<\/strong> sont con\u00e7ues pour rehausser les couleurs et contrer les conditions de faible luminosit\u00e9. L&#8217;objectif bloque toutes les couleurs non focalis\u00e9es dans le spectre des couleurs.<\/p>\n<p><strong>Il en r\u00e9sulte une vision nette et claire, m\u00eame dans des conditions de faible luminosit\u00e9.<\/strong><\/p>\n<div>\n<p style=\"text-align: center;\">\n<\/div>\n<p><\/div><\/div><\/div>\n","protected":false},"excerpt":{"rendered":"<ul>\n<li>Lunettes id\u00e9ales pour vos activit\u00e9s sportives en ext\u00e9rieur<\/li>\n<li>L\u00e9g\u00e8res, elles sont insensibles \u00e0 la lumi\u00e8re<\/li>\n<\/ul>\n","protected":false},"featured_media":247124,"template":"","meta":{"_acf_changed":false,"inline_featured_image":false},"product_brand":[],"product_cat":[22577,22538],"product_tag":[23533],"class_list":{"0":"post-291219","1":"product","2":"type-product","3":"status-publish","4":"has-post-thumbnail","6":"product_cat-lunettes","7":"product_cat-accessoires","8":"product_tag-tripoint-fr","9":"pa_attivita-marcher","10":"pa_attivita-outdoor-fr","11":"pa_attivita-running-fr","12":"pa_attivita-trail-fr","13":"pa_colore-treriksroset-black-smoke-fr","14":"pa_colore-treriksroset-pink-brown-silver-mirror-fr","15":"pa_marca-tripoint-fr","16":"pa_sesso-femme","17":"pa_sesso-homme","19":"first","20":"instock","21":"sale","22":"taxable","23":"shipping-taxable","24":"purchasable","25":"product-type-variable","26":"wvs-archive-product-wrapper"},"acf":[],"yoast_head":"<!-- This site is optimized with the Yoast SEO plugin v26.8 - https:\/\/yoast.com\/product\/yoast-seo-wordpress\/ -->\n<title>Tripoint TreriksRoset 001 - Lunettes de course \u00e0 pied- MioMioRun.com<\/title>\n<meta name=\"description\" content=\"TreriksRoset 001 est un mod\u00e8le de lunettes n\u00e9 apr\u00e8s 30 ans d&#039;exp\u00e9rience dans l&#039;industrie des lunettes de sport et de style.\" \/>\n<meta name=\"robots\" content=\"index, follow, max-snippet:-1, max-image-preview:large, max-video-preview:-1\" \/>\n<link rel=\"canonical\" href=\"https:\/\/www.miomiorun.com\/fr\/produit\/treriksroset-001\/\" \/>\n<meta property=\"og:locale\" content=\"fr_FR\" \/>\n<meta property=\"og:type\" content=\"article\" \/>\n<meta property=\"og:title\" content=\"Tripoint TreriksRoset 001 - Lunettes de course \u00e0 pied- MioMioRun.com\" \/>\n<meta property=\"og:description\" content=\"TreriksRoset 001 est un mod\u00e8le de lunettes n\u00e9 apr\u00e8s 30 ans d&#039;exp\u00e9rience dans l&#039;industrie des lunettes de sport et de style.\" \/>\n<meta property=\"og:url\" content=\"https:\/\/www.miomiorun.com\/fr\/produit\/treriksroset-001\/\" \/>\n<meta property=\"og:site_name\" content=\"MioMioRun\" \/>\n<meta property=\"article:publisher\" content=\"https:\/\/www.facebook.com\/miomiorun\/\" \/>\n<meta property=\"article:modified_time\" content=\"2025-05-28T15:37:08+00:00\" \/>\n<meta property=\"og:image\" content=\"https:\/\/www.miomiorun.com\/app\/uploads\/2024\/05\/tripoint-Treriksroset-Matt-Black-Smoke-Blue-Multi-TRIS001-063BL.webp\" \/>\n\t<meta property=\"og:image:width\" content=\"600\" \/>\n\t<meta property=\"og:image:height\" content=\"600\" \/>\n\t<meta property=\"og:image:type\" content=\"image\/webp\" \/>\n<meta name=\"twitter:card\" content=\"summary_large_image\" \/>\n<meta name=\"twitter:label1\" content=\"Est. reading time\" \/>\n\t<meta name=\"twitter:data1\" content=\"2 minutes\" \/>\n<script type=\"application\/ld+json\" class=\"yoast-schema-graph\">{\"@context\":\"https:\/\/schema.org\",\"@graph\":[{\"@type\":\"WebPage\",\"@id\":\"https:\/\/www.miomiorun.com\/fr\/produit\/treriksroset-001\/\",\"url\":\"https:\/\/www.miomiorun.com\/fr\/produit\/treriksroset-001\/\",\"name\":\"Tripoint TreriksRoset 001 - Lunettes de course \u00e0 pied- MioMioRun.com\",\"isPartOf\":{\"@id\":\"https:\/\/www.miomiorun.com\/fr\/#website\"},\"primaryImageOfPage\":{\"@id\":\"https:\/\/www.miomiorun.com\/fr\/produit\/treriksroset-001\/#primaryimage\"},\"image\":{\"@id\":\"https:\/\/www.miomiorun.com\/fr\/produit\/treriksroset-001\/#primaryimage\"},\"thumbnailUrl\":\"https:\/\/www.miomiorun.com\/app\/uploads\/2024\/05\/tripoint-Treriksroset-Matt-Black-Smoke-Blue-Multi-TRIS001-063BL.webp\",\"datePublished\":\"2024-05-09T11:59:07+00:00\",\"dateModified\":\"2025-05-28T15:37:08+00:00\",\"description\":\"TreriksRoset 001 est un mod\u00e8le de lunettes n\u00e9 apr\u00e8s 30 ans d'exp\u00e9rience dans l'industrie des lunettes de sport et de style.\",\"breadcrumb\":{\"@id\":\"https:\/\/www.miomiorun.com\/fr\/produit\/treriksroset-001\/#breadcrumb\"},\"inLanguage\":\"fr-FR\",\"potentialAction\":[{\"@type\":\"ReadAction\",\"target\":[\"https:\/\/www.miomiorun.com\/fr\/produit\/treriksroset-001\/\"]}]},{\"@type\":\"ImageObject\",\"inLanguage\":\"fr-FR\",\"@id\":\"https:\/\/www.miomiorun.com\/fr\/produit\/treriksroset-001\/#primaryimage\",\"url\":\"https:\/\/www.miomiorun.com\/app\/uploads\/2024\/05\/tripoint-Treriksroset-Matt-Black-Smoke-Blue-Multi-TRIS001-063BL.webp\",\"contentUrl\":\"https:\/\/www.miomiorun.com\/app\/uploads\/2024\/05\/tripoint-Treriksroset-Matt-Black-Smoke-Blue-Multi-TRIS001-063BL.webp\",\"width\":600,\"height\":600,\"caption\":\"tripoint Treriksroset Matt Black Smoke Blue Multi TRIS001-063BL\"},{\"@type\":\"BreadcrumbList\",\"@id\":\"https:\/\/www.miomiorun.com\/fr\/produit\/treriksroset-001\/#breadcrumb\",\"itemListElement\":[{\"@type\":\"ListItem\",\"position\":1,\"name\":\"Home\",\"item\":\"https:\/\/www.miomiorun.com\/fr\/home-page\/\"},{\"@type\":\"ListItem\",\"position\":2,\"name\":\"Shop\",\"item\":\"https:\/\/www.miomiorun.com\/shop\/\"},{\"@type\":\"ListItem\",\"position\":3,\"name\":\"TreriksRoset 001\"}]},{\"@type\":\"WebSite\",\"@id\":\"https:\/\/www.miomiorun.com\/fr\/#website\",\"url\":\"https:\/\/www.miomiorun.com\/fr\/\",\"name\":\"MioMioRun\",\"description\":\"Boutique 100% running et trail\",\"publisher\":{\"@id\":\"https:\/\/www.miomiorun.com\/fr\/#organization\"},\"potentialAction\":[{\"@type\":\"SearchAction\",\"target\":{\"@type\":\"EntryPoint\",\"urlTemplate\":\"https:\/\/www.miomiorun.com\/fr\/?s={search_term_string}\"},\"query-input\":{\"@type\":\"PropertyValueSpecification\",\"valueRequired\":true,\"valueName\":\"search_term_string\"}}],\"inLanguage\":\"fr-FR\"},{\"@type\":\"Organization\",\"@id\":\"https:\/\/www.miomiorun.com\/fr\/#organization\",\"name\":\"MioMio Run\",\"url\":\"https:\/\/www.miomiorun.com\/fr\/\",\"logo\":{\"@type\":\"ImageObject\",\"inLanguage\":\"fr-FR\",\"@id\":\"https:\/\/www.miomiorun.com\/fr\/#\/schema\/logo\/image\/\",\"url\":\"https:\/\/www.miomiorun.com\/app\/uploads\/2019\/12\/logomio.png\",\"contentUrl\":\"https:\/\/www.miomiorun.com\/app\/uploads\/2019\/12\/logomio.png\",\"width\":115,\"height\":82,\"caption\":\"MioMio Run\"},\"image\":{\"@id\":\"https:\/\/www.miomiorun.com\/fr\/#\/schema\/logo\/image\/\"},\"sameAs\":[\"https:\/\/www.facebook.com\/miomiorun\/\",\"https:\/\/www.instagram.com\/miomiorun\/\"]}]}<\/script>\n<!-- \/ Yoast SEO plugin. -->","yoast_head_json":{"title":"Tripoint TreriksRoset 001 - Lunettes de course \u00e0 pied- MioMioRun.com","description":"TreriksRoset 001 est un mod\u00e8le de lunettes n\u00e9 apr\u00e8s 30 ans d'exp\u00e9rience dans l'industrie des lunettes de sport et de style.","robots":{"index":"index","follow":"follow","max-snippet":"max-snippet:-1","max-image-preview":"max-image-preview:large","max-video-preview":"max-video-preview:-1"},"canonical":"https:\/\/www.miomiorun.com\/fr\/produit\/treriksroset-001\/","og_locale":"fr_FR","og_type":"article","og_title":"Tripoint TreriksRoset 001 - Lunettes de course \u00e0 pied- MioMioRun.com","og_description":"TreriksRoset 001 est un mod\u00e8le de lunettes n\u00e9 apr\u00e8s 30 ans d'exp\u00e9rience dans l'industrie des lunettes de sport et de style.","og_url":"https:\/\/www.miomiorun.com\/fr\/produit\/treriksroset-001\/","og_site_name":"MioMioRun","article_publisher":"https:\/\/www.facebook.com\/miomiorun\/","article_modified_time":"2025-05-28T15:37:08+00:00","og_image":[{"width":600,"height":600,"url":"https:\/\/www.miomiorun.com\/app\/uploads\/2024\/05\/tripoint-Treriksroset-Matt-Black-Smoke-Blue-Multi-TRIS001-063BL.webp","type":"image\/webp"}],"twitter_card":"summary_large_image","twitter_misc":{"Est. reading time":"2 minutes"},"schema":{"@context":"https:\/\/schema.org","@graph":[{"@type":"WebPage","@id":"https:\/\/www.miomiorun.com\/fr\/produit\/treriksroset-001\/","url":"https:\/\/www.miomiorun.com\/fr\/produit\/treriksroset-001\/","name":"Tripoint TreriksRoset 001 - Lunettes de course \u00e0 pied- MioMioRun.com","isPartOf":{"@id":"https:\/\/www.miomiorun.com\/fr\/#website"},"primaryImageOfPage":{"@id":"https:\/\/www.miomiorun.com\/fr\/produit\/treriksroset-001\/#primaryimage"},"image":{"@id":"https:\/\/www.miomiorun.com\/fr\/produit\/treriksroset-001\/#primaryimage"},"thumbnailUrl":"https:\/\/www.miomiorun.com\/app\/uploads\/2024\/05\/tripoint-Treriksroset-Matt-Black-Smoke-Blue-Multi-TRIS001-063BL.webp","datePublished":"2024-05-09T11:59:07+00:00","dateModified":"2025-05-28T15:37:08+00:00","description":"TreriksRoset 001 est un mod\u00e8le de lunettes n\u00e9 apr\u00e8s 30 ans d'exp\u00e9rience dans l'industrie des lunettes de sport et de style.","breadcrumb":{"@id":"https:\/\/www.miomiorun.com\/fr\/produit\/treriksroset-001\/#breadcrumb"},"inLanguage":"fr-FR","potentialAction":[{"@type":"ReadAction","target":["https:\/\/www.miomiorun.com\/fr\/produit\/treriksroset-001\/"]}]},{"@type":"ImageObject","inLanguage":"fr-FR","@id":"https:\/\/www.miomiorun.com\/fr\/produit\/treriksroset-001\/#primaryimage","url":"https:\/\/www.miomiorun.com\/app\/uploads\/2024\/05\/tripoint-Treriksroset-Matt-Black-Smoke-Blue-Multi-TRIS001-063BL.webp","contentUrl":"https:\/\/www.miomiorun.com\/app\/uploads\/2024\/05\/tripoint-Treriksroset-Matt-Black-Smoke-Blue-Multi-TRIS001-063BL.webp","width":600,"height":600,"caption":"tripoint Treriksroset Matt Black Smoke Blue Multi TRIS001-063BL"},{"@type":"BreadcrumbList","@id":"https:\/\/www.miomiorun.com\/fr\/produit\/treriksroset-001\/#breadcrumb","itemListElement":[{"@type":"ListItem","position":1,"name":"Home","item":"https:\/\/www.miomiorun.com\/fr\/home-page\/"},{"@type":"ListItem","position":2,"name":"Shop","item":"https:\/\/www.miomiorun.com\/shop\/"},{"@type":"ListItem","position":3,"name":"TreriksRoset 001"}]},{"@type":"WebSite","@id":"https:\/\/www.miomiorun.com\/fr\/#website","url":"https:\/\/www.miomiorun.com\/fr\/","name":"MioMioRun","description":"Boutique 100% running et trail","publisher":{"@id":"https:\/\/www.miomiorun.com\/fr\/#organization"},"potentialAction":[{"@type":"SearchAction","target":{"@type":"EntryPoint","urlTemplate":"https:\/\/www.miomiorun.com\/fr\/?s={search_term_string}"},"query-input":{"@type":"PropertyValueSpecification","valueRequired":true,"valueName":"search_term_string"}}],"inLanguage":"fr-FR"},{"@type":"Organization","@id":"https:\/\/www.miomiorun.com\/fr\/#organization","name":"MioMio Run","url":"https:\/\/www.miomiorun.com\/fr\/","logo":{"@type":"ImageObject","inLanguage":"fr-FR","@id":"https:\/\/www.miomiorun.com\/fr\/#\/schema\/logo\/image\/","url":"https:\/\/www.miomiorun.com\/app\/uploads\/2019\/12\/logomio.png","contentUrl":"https:\/\/www.miomiorun.com\/app\/uploads\/2019\/12\/logomio.png","width":115,"height":82,"caption":"MioMio Run"},"image":{"@id":"https:\/\/www.miomiorun.com\/fr\/#\/schema\/logo\/image\/"},"sameAs":["https:\/\/www.facebook.com\/miomiorun\/","https:\/\/www.instagram.com\/miomiorun\/"]}]}},"_links":{"self":[{"href":"https:\/\/www.miomiorun.com\/fr\/wp-json\/wp\/v2\/product\/291219","targetHints":{"allow":["GET"]}}],"collection":[{"href":"https:\/\/www.miomiorun.com\/fr\/wp-json\/wp\/v2\/product"}],"about":[{"href":"https:\/\/www.miomiorun.com\/fr\/wp-json\/wp\/v2\/types\/product"}],"wp:featuredmedia":[{"embeddable":true,"href":"https:\/\/www.miomiorun.com\/fr\/wp-json\/wp\/v2\/media\/247124"}],"wp:attachment":[{"href":"https:\/\/www.miomiorun.com\/fr\/wp-json\/wp\/v2\/media?parent=291219"}],"wp:term":[{"taxonomy":"product_brand","embeddable":true,"href":"https:\/\/www.miomiorun.com\/fr\/wp-json\/wp\/v2\/product_brand?post=291219"},{"taxonomy":"product_cat","embeddable":true,"href":"https:\/\/www.miomiorun.com\/fr\/wp-json\/wp\/v2\/product_cat?post=291219"},{"taxonomy":"product_tag","embeddable":true,"href":"https:\/\/www.miomiorun.com\/fr\/wp-json\/wp\/v2\/product_tag?post=291219"}],"curies":[{"name":"wp","href":"https:\/\/api.w.org\/{rel}","templated":true}]}}