{"id":291107,"date":"2024-05-10T15:43:38","date_gmt":"2024-05-10T13:43:38","guid":{"rendered":"https:\/\/miomiorun.com\/prodotto\/t-shirt-laser-donna\/"},"modified":"2025-05-28T17:50:28","modified_gmt":"2025-05-28T15:50:28","slug":"t-shirt-laser-femme","status":"publish","type":"product","link":"https:\/\/www.miomiorun.com\/fr\/produit\/t-shirt-laser-femme\/","title":{"rendered":"T-Shirt Laser femme"},"content":{"rendered":"<div class=\"single-product-description\">\n<div class=\"single-product-description\">\n<p>Le t-shirt Laser incarne tout le savoir-faire de Crazy en mati\u00e8re de mod\u00e9lisme et notre exp\u00e9rience de la technologie d&#8217;impression num\u00e9rique. V\u00eatement innovant, d\u00e9construit, le mod\u00e8le Crazy a cr\u00e9\u00e9 une cartographie du corps avec des trous laser pour r\u00e9pondre aux besoins des diff\u00e9rentes zones de ventilation. Les graphiques ont \u00e9t\u00e9 personnalis\u00e9s sur les trous laser, cr\u00e9ant un effet sans pr\u00e9c\u00e9dent. Fabriqu\u00e9 en microfibre l\u00e9g\u00e8re avec traitement HEIQ anti-odeurs et s\u00e9chage rapide. Ourlet et extr\u00e9mit\u00e9s des manches d\u00e9coup\u00e9s au laser et coll\u00e9s.<\/p>\n<p><strong>Caract\u00e9ristiques :<\/strong><\/p>\n<ul>\n<li>Tissu microfibre \u00e0 s\u00e9chage rapide<\/li>\n<li>Cartographie diff\u00e9renci\u00e9e du corps<\/li>\n<li>Coutures flatlock en couleur contrast\u00e9e<\/li>\n<\/ul>\n<\/div>\n<\/div>\n","protected":false},"excerpt":{"rendered":"<p>Le t-shirt Laser incarne tout le savoir-faire de Crazy en mati\u00e8re de mod\u00e9lisme et notre exp\u00e9rience de la technologie d&#8217;impression num\u00e9rique. V\u00eatement innovant, d\u00e9construit, le mod\u00e8le Crazy a cr\u00e9\u00e9 une cartographie du corps avec des trous laser pour r\u00e9pondre aux besoins des diff\u00e9rentes zones de ventilation. Les graphiques ont \u00e9t\u00e9 personnalis\u00e9s sur les trous laser, &hellip; <a href=\"https:\/\/www.miomiorun.com\/fr\/produit\/t-shirt-laser-femme\/\">Continued<\/a><\/p>\n","protected":false},"featured_media":247020,"template":"","meta":{"_acf_changed":false,"inline_featured_image":false},"product_brand":[],"product_cat":[22604,22596,22595],"product_tag":[23489,23491],"class_list":{"0":"post-291107","1":"product","2":"type-product","3":"status-publish","4":"has-post-thumbnail","6":"product_cat-t-shirt","7":"product_cat-vetements-pour-femmes","8":"product_cat-femme","9":"product_tag-crazy-idea-fr","10":"product_tag-crazy-idea-femme","11":"pa_attivita-marcher","12":"pa_attivita-trail-fr","13":"pa_colore-t-shirt-laser-w-mountain-flower-fr","14":"pa_marca-crazy-idea-fr","15":"pa_sesso-femme","16":"pa_size-extra-small-fr","17":"pa_size-small-fr","19":"first","20":"instock","21":"sale","22":"taxable","23":"shipping-taxable","24":"purchasable","25":"product-type-variable","26":"wvs-archive-product-wrapper"},"acf":[],"yoast_head":"<!-- This site is optimized with the Yoast SEO plugin v26.8 - https:\/\/yoast.com\/product\/yoast-seo-wordpress\/ -->\n<title>Crazy Idea T-Shirt Laser femme - t-shirt de course- MioMioRun<\/title>\n<meta name=\"description\" content=\"le t-shirt laser incarne tout notre savoir-faire en mati\u00e8re de cr\u00e9ation de motifs et notre exp\u00e9rience dans le domaine de l&#039;impression num\u00e9rique.\" \/>\n<meta name=\"robots\" content=\"index, follow, max-snippet:-1, max-image-preview:large, max-video-preview:-1\" \/>\n<link rel=\"canonical\" href=\"https:\/\/www.miomiorun.com\/fr\/produit\/t-shirt-laser-femme\/\" \/>\n<meta property=\"og:locale\" content=\"fr_FR\" \/>\n<meta property=\"og:type\" content=\"article\" \/>\n<meta property=\"og:title\" content=\"Crazy Idea T-Shirt Laser femme - t-shirt de course- MioMioRun\" \/>\n<meta property=\"og:description\" content=\"le t-shirt laser incarne tout notre savoir-faire en mati\u00e8re de cr\u00e9ation de motifs et notre exp\u00e9rience dans le domaine de l&#039;impression num\u00e9rique.\" \/>\n<meta property=\"og:url\" content=\"https:\/\/www.miomiorun.com\/fr\/produit\/t-shirt-laser-femme\/\" \/>\n<meta property=\"og:site_name\" content=\"MioMioRun\" \/>\n<meta property=\"article:publisher\" content=\"https:\/\/www.facebook.com\/miomiorun\/\" \/>\n<meta property=\"article:modified_time\" content=\"2025-05-28T15:50:28+00:00\" \/>\n<meta property=\"og:image\" content=\"https:\/\/www.miomiorun.com\/app\/uploads\/2024\/05\/crazy-T-shirt-laser-W-mountain-flower-S24096142D-00X191.webp\" \/>\n\t<meta property=\"og:image:width\" content=\"600\" \/>\n\t<meta property=\"og:image:height\" content=\"600\" \/>\n\t<meta property=\"og:image:type\" content=\"image\/webp\" \/>\n<meta name=\"twitter:card\" content=\"summary_large_image\" \/>\n<meta name=\"twitter:label1\" content=\"Est. reading time\" \/>\n\t<meta name=\"twitter:data1\" content=\"1 minute\" \/>\n<script type=\"application\/ld+json\" class=\"yoast-schema-graph\">{\"@context\":\"https:\/\/schema.org\",\"@graph\":[{\"@type\":\"WebPage\",\"@id\":\"https:\/\/www.miomiorun.com\/fr\/produit\/t-shirt-laser-femme\/\",\"url\":\"https:\/\/www.miomiorun.com\/fr\/produit\/t-shirt-laser-femme\/\",\"name\":\"Crazy Idea T-Shirt Laser femme - t-shirt de course- MioMioRun\",\"isPartOf\":{\"@id\":\"https:\/\/www.miomiorun.com\/fr\/#website\"},\"primaryImageOfPage\":{\"@id\":\"https:\/\/www.miomiorun.com\/fr\/produit\/t-shirt-laser-femme\/#primaryimage\"},\"image\":{\"@id\":\"https:\/\/www.miomiorun.com\/fr\/produit\/t-shirt-laser-femme\/#primaryimage\"},\"thumbnailUrl\":\"https:\/\/www.miomiorun.com\/app\/uploads\/2024\/05\/crazy-T-shirt-laser-W-mountain-flower-S24096142D-00X191.webp\",\"datePublished\":\"2024-05-10T13:43:38+00:00\",\"dateModified\":\"2025-05-28T15:50:28+00:00\",\"description\":\"le t-shirt laser incarne tout notre savoir-faire en mati\u00e8re de cr\u00e9ation de motifs et notre exp\u00e9rience dans le domaine de l'impression num\u00e9rique.\",\"breadcrumb\":{\"@id\":\"https:\/\/www.miomiorun.com\/fr\/produit\/t-shirt-laser-femme\/#breadcrumb\"},\"inLanguage\":\"fr-FR\",\"potentialAction\":[{\"@type\":\"ReadAction\",\"target\":[\"https:\/\/www.miomiorun.com\/fr\/produit\/t-shirt-laser-femme\/\"]}]},{\"@type\":\"ImageObject\",\"inLanguage\":\"fr-FR\",\"@id\":\"https:\/\/www.miomiorun.com\/fr\/produit\/t-shirt-laser-femme\/#primaryimage\",\"url\":\"https:\/\/www.miomiorun.com\/app\/uploads\/2024\/05\/crazy-T-shirt-laser-W-mountain-flower-S24096142D-00X191.webp\",\"contentUrl\":\"https:\/\/www.miomiorun.com\/app\/uploads\/2024\/05\/crazy-T-shirt-laser-W-mountain-flower-S24096142D-00X191.webp\",\"width\":600,\"height\":600,\"caption\":\"crazy T-shirt laser W mountain flower S24096142D-00X191\"},{\"@type\":\"BreadcrumbList\",\"@id\":\"https:\/\/www.miomiorun.com\/fr\/produit\/t-shirt-laser-femme\/#breadcrumb\",\"itemListElement\":[{\"@type\":\"ListItem\",\"position\":1,\"name\":\"Home\",\"item\":\"https:\/\/www.miomiorun.com\/fr\/home-page\/\"},{\"@type\":\"ListItem\",\"position\":2,\"name\":\"Shop\",\"item\":\"https:\/\/www.miomiorun.com\/shop\/\"},{\"@type\":\"ListItem\",\"position\":3,\"name\":\"T-Shirt Laser femme\"}]},{\"@type\":\"WebSite\",\"@id\":\"https:\/\/www.miomiorun.com\/fr\/#website\",\"url\":\"https:\/\/www.miomiorun.com\/fr\/\",\"name\":\"MioMioRun\",\"description\":\"Boutique 100% running et trail\",\"publisher\":{\"@id\":\"https:\/\/www.miomiorun.com\/fr\/#organization\"},\"potentialAction\":[{\"@type\":\"SearchAction\",\"target\":{\"@type\":\"EntryPoint\",\"urlTemplate\":\"https:\/\/www.miomiorun.com\/fr\/?s={search_term_string}\"},\"query-input\":{\"@type\":\"PropertyValueSpecification\",\"valueRequired\":true,\"valueName\":\"search_term_string\"}}],\"inLanguage\":\"fr-FR\"},{\"@type\":\"Organization\",\"@id\":\"https:\/\/www.miomiorun.com\/fr\/#organization\",\"name\":\"MioMio Run\",\"url\":\"https:\/\/www.miomiorun.com\/fr\/\",\"logo\":{\"@type\":\"ImageObject\",\"inLanguage\":\"fr-FR\",\"@id\":\"https:\/\/www.miomiorun.com\/fr\/#\/schema\/logo\/image\/\",\"url\":\"https:\/\/www.miomiorun.com\/app\/uploads\/2019\/12\/logomio.png\",\"contentUrl\":\"https:\/\/www.miomiorun.com\/app\/uploads\/2019\/12\/logomio.png\",\"width\":115,\"height\":82,\"caption\":\"MioMio Run\"},\"image\":{\"@id\":\"https:\/\/www.miomiorun.com\/fr\/#\/schema\/logo\/image\/\"},\"sameAs\":[\"https:\/\/www.facebook.com\/miomiorun\/\",\"https:\/\/www.instagram.com\/miomiorun\/\"]}]}<\/script>\n<!-- \/ Yoast SEO plugin. -->","yoast_head_json":{"title":"Crazy Idea T-Shirt Laser femme - t-shirt de course- MioMioRun","description":"le t-shirt laser incarne tout notre savoir-faire en mati\u00e8re de cr\u00e9ation de motifs et notre exp\u00e9rience dans le domaine de l'impression num\u00e9rique.","robots":{"index":"index","follow":"follow","max-snippet":"max-snippet:-1","max-image-preview":"max-image-preview:large","max-video-preview":"max-video-preview:-1"},"canonical":"https:\/\/www.miomiorun.com\/fr\/produit\/t-shirt-laser-femme\/","og_locale":"fr_FR","og_type":"article","og_title":"Crazy Idea T-Shirt Laser femme - t-shirt de course- MioMioRun","og_description":"le t-shirt laser incarne tout notre savoir-faire en mati\u00e8re de cr\u00e9ation de motifs et notre exp\u00e9rience dans le domaine de l'impression num\u00e9rique.","og_url":"https:\/\/www.miomiorun.com\/fr\/produit\/t-shirt-laser-femme\/","og_site_name":"MioMioRun","article_publisher":"https:\/\/www.facebook.com\/miomiorun\/","article_modified_time":"2025-05-28T15:50:28+00:00","og_image":[{"width":600,"height":600,"url":"https:\/\/www.miomiorun.com\/app\/uploads\/2024\/05\/crazy-T-shirt-laser-W-mountain-flower-S24096142D-00X191.webp","type":"image\/webp"}],"twitter_card":"summary_large_image","twitter_misc":{"Est. reading time":"1 minute"},"schema":{"@context":"https:\/\/schema.org","@graph":[{"@type":"WebPage","@id":"https:\/\/www.miomiorun.com\/fr\/produit\/t-shirt-laser-femme\/","url":"https:\/\/www.miomiorun.com\/fr\/produit\/t-shirt-laser-femme\/","name":"Crazy Idea T-Shirt Laser femme - t-shirt de course- MioMioRun","isPartOf":{"@id":"https:\/\/www.miomiorun.com\/fr\/#website"},"primaryImageOfPage":{"@id":"https:\/\/www.miomiorun.com\/fr\/produit\/t-shirt-laser-femme\/#primaryimage"},"image":{"@id":"https:\/\/www.miomiorun.com\/fr\/produit\/t-shirt-laser-femme\/#primaryimage"},"thumbnailUrl":"https:\/\/www.miomiorun.com\/app\/uploads\/2024\/05\/crazy-T-shirt-laser-W-mountain-flower-S24096142D-00X191.webp","datePublished":"2024-05-10T13:43:38+00:00","dateModified":"2025-05-28T15:50:28+00:00","description":"le t-shirt laser incarne tout notre savoir-faire en mati\u00e8re de cr\u00e9ation de motifs et notre exp\u00e9rience dans le domaine de l'impression num\u00e9rique.","breadcrumb":{"@id":"https:\/\/www.miomiorun.com\/fr\/produit\/t-shirt-laser-femme\/#breadcrumb"},"inLanguage":"fr-FR","potentialAction":[{"@type":"ReadAction","target":["https:\/\/www.miomiorun.com\/fr\/produit\/t-shirt-laser-femme\/"]}]},{"@type":"ImageObject","inLanguage":"fr-FR","@id":"https:\/\/www.miomiorun.com\/fr\/produit\/t-shirt-laser-femme\/#primaryimage","url":"https:\/\/www.miomiorun.com\/app\/uploads\/2024\/05\/crazy-T-shirt-laser-W-mountain-flower-S24096142D-00X191.webp","contentUrl":"https:\/\/www.miomiorun.com\/app\/uploads\/2024\/05\/crazy-T-shirt-laser-W-mountain-flower-S24096142D-00X191.webp","width":600,"height":600,"caption":"crazy T-shirt laser W mountain flower S24096142D-00X191"},{"@type":"BreadcrumbList","@id":"https:\/\/www.miomiorun.com\/fr\/produit\/t-shirt-laser-femme\/#breadcrumb","itemListElement":[{"@type":"ListItem","position":1,"name":"Home","item":"https:\/\/www.miomiorun.com\/fr\/home-page\/"},{"@type":"ListItem","position":2,"name":"Shop","item":"https:\/\/www.miomiorun.com\/shop\/"},{"@type":"ListItem","position":3,"name":"T-Shirt Laser femme"}]},{"@type":"WebSite","@id":"https:\/\/www.miomiorun.com\/fr\/#website","url":"https:\/\/www.miomiorun.com\/fr\/","name":"MioMioRun","description":"Boutique 100% running et trail","publisher":{"@id":"https:\/\/www.miomiorun.com\/fr\/#organization"},"potentialAction":[{"@type":"SearchAction","target":{"@type":"EntryPoint","urlTemplate":"https:\/\/www.miomiorun.com\/fr\/?s={search_term_string}"},"query-input":{"@type":"PropertyValueSpecification","valueRequired":true,"valueName":"search_term_string"}}],"inLanguage":"fr-FR"},{"@type":"Organization","@id":"https:\/\/www.miomiorun.com\/fr\/#organization","name":"MioMio Run","url":"https:\/\/www.miomiorun.com\/fr\/","logo":{"@type":"ImageObject","inLanguage":"fr-FR","@id":"https:\/\/www.miomiorun.com\/fr\/#\/schema\/logo\/image\/","url":"https:\/\/www.miomiorun.com\/app\/uploads\/2019\/12\/logomio.png","contentUrl":"https:\/\/www.miomiorun.com\/app\/uploads\/2019\/12\/logomio.png","width":115,"height":82,"caption":"MioMio Run"},"image":{"@id":"https:\/\/www.miomiorun.com\/fr\/#\/schema\/logo\/image\/"},"sameAs":["https:\/\/www.facebook.com\/miomiorun\/","https:\/\/www.instagram.com\/miomiorun\/"]}]}},"_links":{"self":[{"href":"https:\/\/www.miomiorun.com\/fr\/wp-json\/wp\/v2\/product\/291107","targetHints":{"allow":["GET"]}}],"collection":[{"href":"https:\/\/www.miomiorun.com\/fr\/wp-json\/wp\/v2\/product"}],"about":[{"href":"https:\/\/www.miomiorun.com\/fr\/wp-json\/wp\/v2\/types\/product"}],"wp:featuredmedia":[{"embeddable":true,"href":"https:\/\/www.miomiorun.com\/fr\/wp-json\/wp\/v2\/media\/247020"}],"wp:attachment":[{"href":"https:\/\/www.miomiorun.com\/fr\/wp-json\/wp\/v2\/media?parent=291107"}],"wp:term":[{"taxonomy":"product_brand","embeddable":true,"href":"https:\/\/www.miomiorun.com\/fr\/wp-json\/wp\/v2\/product_brand?post=291107"},{"taxonomy":"product_cat","embeddable":true,"href":"https:\/\/www.miomiorun.com\/fr\/wp-json\/wp\/v2\/product_cat?post=291107"},{"taxonomy":"product_tag","embeddable":true,"href":"https:\/\/www.miomiorun.com\/fr\/wp-json\/wp\/v2\/product_tag?post=291107"}],"curies":[{"name":"wp","href":"https:\/\/api.w.org\/{rel}","templated":true}]}}