{"id":291104,"date":"2024-05-10T18:14:22","date_gmt":"2024-05-10T16:14:22","guid":{"rendered":"https:\/\/miomiorun.com\/prodotto\/jkt-fly-donna\/"},"modified":"2026-05-08T22:03:46","modified_gmt":"2026-05-08T20:03:46","slug":"jkt-fly-femme","status":"publish","type":"product","link":"https:\/\/www.miomiorun.com\/fr\/produit\/jkt-fly-femme\/","title":{"rendered":"Jkt Fly femme"},"content":{"rendered":"<p>La &#8220;JKT FLY WOMAN&#8221; est reconnue comme la veste d&#8217;urgence la plus l\u00e9g\u00e8re du march\u00e9, puisqu&#8217;elle ne p\u00e8se que 53 grammes. Cette caract\u00e9ristique en fait un accessoire indispensable pour les amateurs d&#8217;activit\u00e9s de plein air qui ont besoin d&#8217;une protection fiable et l\u00e9g\u00e8re contre les conditions m\u00e9t\u00e9orologiques changeantes.<\/p>\n<p>Caract\u00e9ristiques principales :<\/p>\n<ul>\n<li>Il est con\u00e7u avec un minimum de coutures pour garantir un ajustement \u00e9l\u00e9gant et confortable.<\/li>\n<li>Le tissu est dot\u00e9 d&#8217;un traitement int\u00e9rieur antiadh\u00e9sif qui r\u00e9duit la sensation de collage typique des mat\u00e9riaux en nylon.<\/li>\n<li>Un l\u00e9ger traitement ext\u00e9rieur d\u00e9perlant permet d&#8217;att\u00e9nuer les effets de l&#8217;humidit\u00e9.<\/li>\n<li>La veste est extr\u00eamement compacte, car elle peut \u00eatre pli\u00e9e dans la capuche, se r\u00e9duisant ainsi \u00e0 la taille d&#8217;une demi-pomme, ce qui facilite le transport et le stockage.<\/li>\n<\/ul>\n<p>En termes de construction, la veste utilise un tissu 7 deniers, qui contribue \u00e0 sa l\u00e9g\u00e8ret\u00e9 tout en restant durable et r\u00e9sistant aux d\u00e9chirures gr\u00e2ce \u00e0 sa technologie de tricot extensible rip-stop. Elle est \u00e9galement con\u00e7ue pour \u00eatre coupe-vent, ce qui renforce son utilit\u00e9 en tant que v\u00eatement d&#8217;urgence ou de secours dans des conditions m\u00e9t\u00e9orologiques impr\u00e9visibles.<\/p>\n","protected":false},"excerpt":{"rendered":"<p>La &#8220;JKT FLY WOMAN&#8221; est reconnue comme la veste d&#8217;urgence la plus l\u00e9g\u00e8re du march\u00e9, puisqu&#8217;elle ne p\u00e8se que 53 grammes. Cette caract\u00e9ristique en fait un accessoire indispensable pour les amateurs d&#8217;activit\u00e9s de plein air qui ont besoin d&#8217;une protection fiable et l\u00e9g\u00e8re contre les conditions m\u00e9t\u00e9orologiques changeantes. Caract\u00e9ristiques principales : Il est con\u00e7u avec &hellip; <a href=\"https:\/\/www.miomiorun.com\/fr\/produit\/jkt-fly-femme\/\">Continued<\/a><\/p>\n","protected":false},"featured_media":419278,"template":"","meta":{"_acf_changed":false,"inline_featured_image":false},"product_brand":[],"product_cat":[22599,22596,22595],"product_tag":[23489,23491],"class_list":{"0":"post-291104","1":"product","2":"type-product","3":"status-publish","4":"has-post-thumbnail","6":"product_cat-vestes","7":"product_cat-vetements-pour-femmes","8":"product_cat-femme","9":"product_tag-crazy-idea-fr","10":"product_tag-crazy-idea-femme","11":"pa_attivita-marcher","12":"pa_attivita-outdoor-fr","13":"pa_attivita-trail-fr","14":"pa_colore-jkt-fly-w-aster","15":"pa_colore-jkt-fly-w-lake","16":"pa_colore-jkt-fly-w-pop-fr","17":"pa_marca-crazy-idea-fr","18":"pa_sesso-femme","19":"pa_size-extra-small-fr","20":"pa_size-small-fr","21":"pa_size-medium-fr","22":"pa_size-large-fr","24":"first","25":"instock","26":"sale","27":"taxable","28":"shipping-taxable","29":"purchasable","30":"product-type-variable","31":"wvs-archive-product-wrapper"},"acf":[],"yoast_head":"<!-- This site is optimized with the Yoast SEO plugin v26.8 - https:\/\/yoast.com\/product\/yoast-seo-wordpress\/ -->\n<title>Crazy Idea Jkt Fly femme - veste d&#039;hiver - MioMioRun.com<\/title>\n<meta name=\"description\" content=\"D\u00e9couvrez la JKT FLY WOMAN : une veste d&#039;urgence ultra-l\u00e9g\u00e8re, 53 g, d\u00e9perlante et non collante, parfaite pour toutes les aventures.\" \/>\n<meta name=\"robots\" content=\"index, follow, max-snippet:-1, max-image-preview:large, max-video-preview:-1\" \/>\n<link rel=\"canonical\" href=\"https:\/\/www.miomiorun.com\/fr\/produit\/jkt-fly-femme\/\" \/>\n<meta property=\"og:locale\" content=\"fr_FR\" \/>\n<meta property=\"og:type\" content=\"article\" \/>\n<meta property=\"og:title\" content=\"Crazy Idea Jkt Fly femme - veste d&#039;hiver - MioMioRun.com\" \/>\n<meta property=\"og:description\" content=\"D\u00e9couvrez la JKT FLY WOMAN : une veste d&#039;urgence ultra-l\u00e9g\u00e8re, 53 g, d\u00e9perlante et non collante, parfaite pour toutes les aventures.\" \/>\n<meta property=\"og:url\" content=\"https:\/\/www.miomiorun.com\/fr\/produit\/jkt-fly-femme\/\" \/>\n<meta property=\"og:site_name\" content=\"MioMioRun\" \/>\n<meta property=\"article:publisher\" content=\"https:\/\/www.facebook.com\/miomiorun\/\" \/>\n<meta property=\"article:modified_time\" content=\"2026-05-08T20:03:46+00:00\" \/>\n<meta property=\"og:image\" content=\"https:\/\/www.miomiorun.com\/app\/uploads\/2026\/03\/crazy-JKT-Fly-W-aster-S26055103D-143.webp\" \/>\n\t<meta property=\"og:image:width\" content=\"720\" \/>\n\t<meta property=\"og:image:height\" content=\"720\" \/>\n\t<meta property=\"og:image:type\" content=\"image\/webp\" \/>\n<meta name=\"twitter:card\" content=\"summary_large_image\" \/>\n<meta name=\"twitter:label1\" content=\"Est. reading time\" \/>\n\t<meta name=\"twitter:data1\" content=\"1 minute\" \/>\n<script type=\"application\/ld+json\" class=\"yoast-schema-graph\">{\"@context\":\"https:\/\/schema.org\",\"@graph\":[{\"@type\":\"WebPage\",\"@id\":\"https:\/\/www.miomiorun.com\/fr\/produit\/jkt-fly-femme\/\",\"url\":\"https:\/\/www.miomiorun.com\/fr\/produit\/jkt-fly-femme\/\",\"name\":\"Crazy Idea Jkt Fly femme - veste d'hiver - MioMioRun.com\",\"isPartOf\":{\"@id\":\"https:\/\/www.miomiorun.com\/fr\/#website\"},\"primaryImageOfPage\":{\"@id\":\"https:\/\/www.miomiorun.com\/fr\/produit\/jkt-fly-femme\/#primaryimage\"},\"image\":{\"@id\":\"https:\/\/www.miomiorun.com\/fr\/produit\/jkt-fly-femme\/#primaryimage\"},\"thumbnailUrl\":\"https:\/\/www.miomiorun.com\/app\/uploads\/2026\/03\/crazy-JKT-Fly-W-aster-S26055103D-143.webp\",\"datePublished\":\"2024-05-10T16:14:22+00:00\",\"dateModified\":\"2026-05-08T20:03:46+00:00\",\"description\":\"D\u00e9couvrez la JKT FLY WOMAN : une veste d'urgence ultra-l\u00e9g\u00e8re, 53 g, d\u00e9perlante et non collante, parfaite pour toutes les aventures.\",\"breadcrumb\":{\"@id\":\"https:\/\/www.miomiorun.com\/fr\/produit\/jkt-fly-femme\/#breadcrumb\"},\"inLanguage\":\"fr-FR\",\"potentialAction\":[{\"@type\":\"ReadAction\",\"target\":[\"https:\/\/www.miomiorun.com\/fr\/produit\/jkt-fly-femme\/\"]}]},{\"@type\":\"ImageObject\",\"inLanguage\":\"fr-FR\",\"@id\":\"https:\/\/www.miomiorun.com\/fr\/produit\/jkt-fly-femme\/#primaryimage\",\"url\":\"https:\/\/www.miomiorun.com\/app\/uploads\/2026\/03\/crazy-JKT-Fly-W-aster-S26055103D-143.webp\",\"contentUrl\":\"https:\/\/www.miomiorun.com\/app\/uploads\/2026\/03\/crazy-JKT-Fly-W-aster-S26055103D-143.webp\",\"width\":720,\"height\":720,\"caption\":\"crazy JKT Fly W aster S26055103D-143\"},{\"@type\":\"BreadcrumbList\",\"@id\":\"https:\/\/www.miomiorun.com\/fr\/produit\/jkt-fly-femme\/#breadcrumb\",\"itemListElement\":[{\"@type\":\"ListItem\",\"position\":1,\"name\":\"Home\",\"item\":\"https:\/\/www.miomiorun.com\/fr\/home-page\/\"},{\"@type\":\"ListItem\",\"position\":2,\"name\":\"Shop\",\"item\":\"https:\/\/www.miomiorun.com\/shop\/\"},{\"@type\":\"ListItem\",\"position\":3,\"name\":\"Jkt Fly femme\"}]},{\"@type\":\"WebSite\",\"@id\":\"https:\/\/www.miomiorun.com\/fr\/#website\",\"url\":\"https:\/\/www.miomiorun.com\/fr\/\",\"name\":\"MioMioRun\",\"description\":\"Boutique 100% running et trail\",\"publisher\":{\"@id\":\"https:\/\/www.miomiorun.com\/fr\/#organization\"},\"potentialAction\":[{\"@type\":\"SearchAction\",\"target\":{\"@type\":\"EntryPoint\",\"urlTemplate\":\"https:\/\/www.miomiorun.com\/fr\/?s={search_term_string}\"},\"query-input\":{\"@type\":\"PropertyValueSpecification\",\"valueRequired\":true,\"valueName\":\"search_term_string\"}}],\"inLanguage\":\"fr-FR\"},{\"@type\":\"Organization\",\"@id\":\"https:\/\/www.miomiorun.com\/fr\/#organization\",\"name\":\"MioMio Run\",\"url\":\"https:\/\/www.miomiorun.com\/fr\/\",\"logo\":{\"@type\":\"ImageObject\",\"inLanguage\":\"fr-FR\",\"@id\":\"https:\/\/www.miomiorun.com\/fr\/#\/schema\/logo\/image\/\",\"url\":\"https:\/\/www.miomiorun.com\/app\/uploads\/2019\/12\/logomio.png\",\"contentUrl\":\"https:\/\/www.miomiorun.com\/app\/uploads\/2019\/12\/logomio.png\",\"width\":115,\"height\":82,\"caption\":\"MioMio Run\"},\"image\":{\"@id\":\"https:\/\/www.miomiorun.com\/fr\/#\/schema\/logo\/image\/\"},\"sameAs\":[\"https:\/\/www.facebook.com\/miomiorun\/\",\"https:\/\/www.instagram.com\/miomiorun\/\"]}]}<\/script>\n<!-- \/ Yoast SEO plugin. -->","yoast_head_json":{"title":"Crazy Idea Jkt Fly femme - veste d'hiver - MioMioRun.com","description":"D\u00e9couvrez la JKT FLY WOMAN : une veste d'urgence ultra-l\u00e9g\u00e8re, 53 g, d\u00e9perlante et non collante, parfaite pour toutes les aventures.","robots":{"index":"index","follow":"follow","max-snippet":"max-snippet:-1","max-image-preview":"max-image-preview:large","max-video-preview":"max-video-preview:-1"},"canonical":"https:\/\/www.miomiorun.com\/fr\/produit\/jkt-fly-femme\/","og_locale":"fr_FR","og_type":"article","og_title":"Crazy Idea Jkt Fly femme - veste d'hiver - MioMioRun.com","og_description":"D\u00e9couvrez la JKT FLY WOMAN : une veste d'urgence ultra-l\u00e9g\u00e8re, 53 g, d\u00e9perlante et non collante, parfaite pour toutes les aventures.","og_url":"https:\/\/www.miomiorun.com\/fr\/produit\/jkt-fly-femme\/","og_site_name":"MioMioRun","article_publisher":"https:\/\/www.facebook.com\/miomiorun\/","article_modified_time":"2026-05-08T20:03:46+00:00","og_image":[{"width":720,"height":720,"url":"https:\/\/www.miomiorun.com\/app\/uploads\/2026\/03\/crazy-JKT-Fly-W-aster-S26055103D-143.webp","type":"image\/webp"}],"twitter_card":"summary_large_image","twitter_misc":{"Est. reading time":"1 minute"},"schema":{"@context":"https:\/\/schema.org","@graph":[{"@type":"WebPage","@id":"https:\/\/www.miomiorun.com\/fr\/produit\/jkt-fly-femme\/","url":"https:\/\/www.miomiorun.com\/fr\/produit\/jkt-fly-femme\/","name":"Crazy Idea Jkt Fly femme - veste d'hiver - MioMioRun.com","isPartOf":{"@id":"https:\/\/www.miomiorun.com\/fr\/#website"},"primaryImageOfPage":{"@id":"https:\/\/www.miomiorun.com\/fr\/produit\/jkt-fly-femme\/#primaryimage"},"image":{"@id":"https:\/\/www.miomiorun.com\/fr\/produit\/jkt-fly-femme\/#primaryimage"},"thumbnailUrl":"https:\/\/www.miomiorun.com\/app\/uploads\/2026\/03\/crazy-JKT-Fly-W-aster-S26055103D-143.webp","datePublished":"2024-05-10T16:14:22+00:00","dateModified":"2026-05-08T20:03:46+00:00","description":"D\u00e9couvrez la JKT FLY WOMAN : une veste d'urgence ultra-l\u00e9g\u00e8re, 53 g, d\u00e9perlante et non collante, parfaite pour toutes les aventures.","breadcrumb":{"@id":"https:\/\/www.miomiorun.com\/fr\/produit\/jkt-fly-femme\/#breadcrumb"},"inLanguage":"fr-FR","potentialAction":[{"@type":"ReadAction","target":["https:\/\/www.miomiorun.com\/fr\/produit\/jkt-fly-femme\/"]}]},{"@type":"ImageObject","inLanguage":"fr-FR","@id":"https:\/\/www.miomiorun.com\/fr\/produit\/jkt-fly-femme\/#primaryimage","url":"https:\/\/www.miomiorun.com\/app\/uploads\/2026\/03\/crazy-JKT-Fly-W-aster-S26055103D-143.webp","contentUrl":"https:\/\/www.miomiorun.com\/app\/uploads\/2026\/03\/crazy-JKT-Fly-W-aster-S26055103D-143.webp","width":720,"height":720,"caption":"crazy JKT Fly W aster S26055103D-143"},{"@type":"BreadcrumbList","@id":"https:\/\/www.miomiorun.com\/fr\/produit\/jkt-fly-femme\/#breadcrumb","itemListElement":[{"@type":"ListItem","position":1,"name":"Home","item":"https:\/\/www.miomiorun.com\/fr\/home-page\/"},{"@type":"ListItem","position":2,"name":"Shop","item":"https:\/\/www.miomiorun.com\/shop\/"},{"@type":"ListItem","position":3,"name":"Jkt Fly femme"}]},{"@type":"WebSite","@id":"https:\/\/www.miomiorun.com\/fr\/#website","url":"https:\/\/www.miomiorun.com\/fr\/","name":"MioMioRun","description":"Boutique 100% running et trail","publisher":{"@id":"https:\/\/www.miomiorun.com\/fr\/#organization"},"potentialAction":[{"@type":"SearchAction","target":{"@type":"EntryPoint","urlTemplate":"https:\/\/www.miomiorun.com\/fr\/?s={search_term_string}"},"query-input":{"@type":"PropertyValueSpecification","valueRequired":true,"valueName":"search_term_string"}}],"inLanguage":"fr-FR"},{"@type":"Organization","@id":"https:\/\/www.miomiorun.com\/fr\/#organization","name":"MioMio Run","url":"https:\/\/www.miomiorun.com\/fr\/","logo":{"@type":"ImageObject","inLanguage":"fr-FR","@id":"https:\/\/www.miomiorun.com\/fr\/#\/schema\/logo\/image\/","url":"https:\/\/www.miomiorun.com\/app\/uploads\/2019\/12\/logomio.png","contentUrl":"https:\/\/www.miomiorun.com\/app\/uploads\/2019\/12\/logomio.png","width":115,"height":82,"caption":"MioMio Run"},"image":{"@id":"https:\/\/www.miomiorun.com\/fr\/#\/schema\/logo\/image\/"},"sameAs":["https:\/\/www.facebook.com\/miomiorun\/","https:\/\/www.instagram.com\/miomiorun\/"]}]}},"_links":{"self":[{"href":"https:\/\/www.miomiorun.com\/fr\/wp-json\/wp\/v2\/product\/291104","targetHints":{"allow":["GET"]}}],"collection":[{"href":"https:\/\/www.miomiorun.com\/fr\/wp-json\/wp\/v2\/product"}],"about":[{"href":"https:\/\/www.miomiorun.com\/fr\/wp-json\/wp\/v2\/types\/product"}],"wp:featuredmedia":[{"embeddable":true,"href":"https:\/\/www.miomiorun.com\/fr\/wp-json\/wp\/v2\/media\/419278"}],"wp:attachment":[{"href":"https:\/\/www.miomiorun.com\/fr\/wp-json\/wp\/v2\/media?parent=291104"}],"wp:term":[{"taxonomy":"product_brand","embeddable":true,"href":"https:\/\/www.miomiorun.com\/fr\/wp-json\/wp\/v2\/product_brand?post=291104"},{"taxonomy":"product_cat","embeddable":true,"href":"https:\/\/www.miomiorun.com\/fr\/wp-json\/wp\/v2\/product_cat?post=291104"},{"taxonomy":"product_tag","embeddable":true,"href":"https:\/\/www.miomiorun.com\/fr\/wp-json\/wp\/v2\/product_tag?post=291104"}],"curies":[{"name":"wp","href":"https:\/\/api.w.org\/{rel}","templated":true}]}}