{"id":291081,"date":"2024-05-16T13:03:54","date_gmt":"2024-05-16T11:03:54","guid":{"rendered":"https:\/\/miomiorun.com\/prodotto\/trail-ultra-nutrisocks\/"},"modified":"2025-08-07T18:16:56","modified_gmt":"2025-08-07T16:16:56","slug":"trail-ultra-nutrisocks","status":"publish","type":"product","link":"https:\/\/www.miomiorun.com\/fr\/produit\/trail-ultra-nutrisocks\/","title":{"rendered":"Trail Ultra Nutrisocks"},"content":{"rendered":"<p><div class=\"vc-row container\"><div class=\"vc-column\"><div class=\"vc-column-text\">Fabriqu\u00e9e en France, cette gamme de chaussettes durables et ultra renforc\u00e9es r\u00e9pond aux exigences du trail sur toutes les distances.<\/p>\n<p>Les <strong>Nutrisocks Trail Ultra <\/strong>sont dot\u00e9es de la semelle ANATOMIC 3D ULTRA REINFORCED qui am\u00e9liore la stabilit\u00e9 du pied dans la chaussure et le prot\u00e8ge des chocs au sol.<\/p>\n<p><strong>Caract\u00e9ristiques :<\/strong><\/p>\n<ul>\n<li>Soutien et stabilisation \u00e0 360\u00b0 du pied et de la cheville pour soutenir la cheville et stabiliser le pied dans la chaussure.<\/li>\n<li>\u00c9quip\u00e9e de REINFORCEMENTS sur des zones strat\u00e9giques pour prot\u00e9ger les mall\u00e9oles, le tendon d&#8217;Achille, le point de la\u00e7age, le talon et les orteils.<\/li>\n<li>La structure l\u00e9g\u00e8re en nid d&#8217;abeille permet d&#8217;\u00e9vacuer la transpiration pendant l&#8217;effort.<\/li>\n<li>Le bord lat\u00e9ral large maintient efficacement la chaussette en place.<\/li>\n<\/ul>\n<p style=\"text-align: center;\"><strong>La TRAIL ULTRA NUTRISOCKS a une forme plate pour limiter les frottements et les irritations plantaires. Elle est \u00e9galement ASYM\u00c9TRIQUE pour s&#8217;adapter parfaitement \u00e0 l&#8217;anatomie plantaire.<\/strong><\/p>\n<div class=\"col-sm-5 col-12\"><\/div>\n<div class=\"col-sm-5 col-12\"><\/div>\n<p>&nbsp;<\/p>\n<p><strong>\u00a0<\/strong><\/div><\/div><\/div><div class=\"vc-row container\"><div class=\"vc-column\"><div class=\"vc-column-text\"><a href=\"https:\/\/miomiorun.com\/wp-content\/uploads\/2024\/05\/bv-sport-Trail-nutri-caratteristiche.webp\"><img loading=\"lazy\" decoding=\"async\" class=\"aligncenter wp-image-170389 size-full\" src=\"https:\/\/miomiorun.com\/wp-content\/uploads\/2024\/05\/bv-sport-Trail-nutri-caratteristiche.webp\" alt=\"\" width=\"600\" height=\"600\" srcset=\"https:\/\/www.miomiorun.com\/app\/uploads\/2024\/05\/bv-sport-Trail-nutri-caratteristiche.webp 600w, https:\/\/www.miomiorun.com\/app\/uploads\/2024\/05\/bv-sport-Trail-nutri-caratteristiche-300x300.webp 300w, https:\/\/www.miomiorun.com\/app\/uploads\/2024\/05\/bv-sport-Trail-nutri-caratteristiche-100x100.webp 100w, https:\/\/www.miomiorun.com\/app\/uploads\/2024\/05\/bv-sport-Trail-nutri-caratteristiche-150x150.webp 150w, https:\/\/www.miomiorun.com\/app\/uploads\/2024\/05\/bv-sport-Trail-nutri-caratteristiche-400x400.webp 400w, https:\/\/www.miomiorun.com\/app\/uploads\/2024\/05\/bv-sport-Trail-nutri-caratteristiche-85x85.webp 85w, https:\/\/www.miomiorun.com\/app\/uploads\/2024\/05\/bv-sport-Trail-nutri-caratteristiche-50x50.webp 50w, https:\/\/www.miomiorun.com\/app\/uploads\/2024\/05\/bv-sport-Trail-nutri-caratteristiche-32x32.webp 32w, https:\/\/www.miomiorun.com\/app\/uploads\/2024\/05\/bv-sport-Trail-nutri-caratteristiche-480x480.webp 480w\" sizes=\"auto, (max-width: 600px) 100vw, 600px\" \/><\/a><\/div><\/div><div class=\"vc-column\"><div class=\"vc-column-text\"><\/p>\n<h3>Technologies :<\/h3>\n<div class=\"col-sm-5 col-12\">\n<h2 class=\"title\">1) Semelle anatomique renforc\u00e9e en 3D<\/h2>\n<p><strong>Technique<\/strong>: Combinaison de 2 types de mailles (\u00e9paisse et fine) avec un tissage curl int\u00e9gr\u00e9.<\/p>\n<p><strong>Action<\/strong>: Prot\u00e8ge les zones de contact et am\u00e9liore la stabilisation du pied.<\/p>\n<p><strong>B\u00e9n\u00e9fices<\/strong>: R\u00e9duit les frottements et l&#8217;\u00e9chauffement de la semelle.<\/p>\n<\/div>\n<p>&nbsp;<\/p>\n<h2 class=\"title\">2) Soutien et stabilisation \u00e0 360\u00b0 du pied et de la cheville<\/h2>\n<p><strong>Technique<\/strong>: Maille c\u00f4tel\u00e9e positionn\u00e9e au niveau de l&#8217;articulation de la cheville.<\/p>\n<p><strong>Action<\/strong>: Maintient et stabilise la cheville sans la comprimer.<\/p>\n<p><strong>B\u00e9n\u00e9fices<\/strong>: Maintien optimal de la cheville pendant la foul\u00e9e.<\/p>\n<p>&nbsp;<\/p>\n<h2 class=\"title\">3) Protection des mall\u00e9oles et du tendon d&#8217;Achille<\/h2>\n<p><strong>Technique<\/strong>: Maille annulaire situ\u00e9e au niveau de la mall\u00e9ole et du tendon d&#8217;Achille.<\/p>\n<p><strong>Action<\/strong>: Prot\u00e8ge les structures sensibles et absorbe les chocs.<\/p>\n<p><strong>B\u00e9n\u00e9fices<\/strong>: Assure une protection cibl\u00e9e.<\/p>\n<h2 class=\"title\">4)Maille a\u00e9r\u00e9e<\/h2>\n<p><strong>Technique<\/strong>: Maille alv\u00e9ol\u00e9e l\u00e9g\u00e8re sur le dessus du pied.<\/p>\n<p><strong>Action<\/strong>: Acc\u00e9l\u00e8re la r\u00e9gulation thermique. Ventilation optimale.<\/p>\n<p><strong>B\u00e9n\u00e9fices<\/strong>: Evacue efficacement la transpiration.<\/p>\n<p>&nbsp;<\/p>\n<h2 class=\"title\">5)Renfort talon et pointe<\/h2>\n<p><strong>Technique<\/strong>: Maille sans frottement au niveau de la pointe et du talon.<\/p>\n<p><strong>Action<\/strong>: Limite l&#8217;\u00e9chauffement et les frottements aux extr\u00e9mit\u00e9s du pied.<\/p>\n<p><strong>B\u00e9n\u00e9fices<\/strong>: Am\u00e9liore le confort et limite l&#8217;apparition d&#8217;ampoules.<\/p>\n<p>&nbsp;<\/p>\n<h2 class=\"title\">6) Renforcement au niveau du la\u00e7age<\/h2>\n<p><strong>Technique<\/strong>: Tissage boucl\u00e9.<\/p>\n<p><strong>Action<\/strong>: Limite l&#8217;\u00e9chauffement du dessus du pied au contact de la zone de la\u00e7age et de la languette de la chaussure.<\/p>\n<p><strong>B\u00e9n\u00e9fices<\/strong>: Am\u00e9liore le confort et limite la pression due au la\u00e7age.<\/p>\n<p>&nbsp;<\/p>\n<h2 class=\"title\">7) Bord c\u00f4te large<\/h2>\n<p><strong>Technique<\/strong>: Bande de d\u00e9charge sur le bord sup\u00e9rieur de la chaussette.<\/p>\n<p><strong>Action<\/strong>: Maintient efficacement la chaussette sans effet de garrot.<\/p>\n<p><strong>B\u00e9n\u00e9fices<\/strong>: Am\u00e9liore la circulation du pied.<\/div><\/div><\/div><\/p>\n","protected":false},"excerpt":{"rendered":"<ul>\n<li>Chaussette id\u00e9ale pour le trail.<\/li>\n<li>Dot\u00e9e de renforts aux points strat\u00e9giques pour limiter les impacts et les frottements.<\/li>\n<\/ul>\n","protected":false},"featured_media":247218,"template":"","meta":{"_acf_changed":false,"inline_featured_image":false},"product_brand":[],"product_cat":[22597,24256,22596,24482],"product_tag":[23562,24174,24175],"class_list":{"0":"post-291081","1":"product","2":"type-product","3":"status-publish","4":"has-post-thumbnail","6":"product_cat-chaussettes","7":"product_cat-chaussettes-fr","8":"product_cat-vetements-pour-femmes","9":"product_cat-vetements-pour-hommes-fr","10":"product_tag-bv-sport-fr","11":"product_tag-bv-sport-femme","12":"product_tag-bv-sport-homme","13":"pa_attivita-marcher","14":"pa_attivita-outdoor-fr","15":"pa_attivita-running-fr","16":"pa_attivita-trail-fr","17":"pa_colore-trail-nutri-biere-fr","18":"pa_colore-trail-nutri-limoncello-fr","19":"pa_colore-trail-nutri-panna-cotta-fr","20":"pa_colore-trail-nutri-pizza-fr","21":"pa_colore-trail-nutri-spritz-fr","22":"pa_colore-trail-ultra-2-collector-nutri-spritz","23":"pa_marca-bv-sport-fr","24":"pa_sesso-femme","25":"pa_sesso-homme","26":"pa_size-36-38-fr","27":"pa_size-39-41-fr","28":"pa_size-42-44-fr","29":"pa_size-45-47-fr","31":"first","32":"instock","33":"sale","34":"taxable","35":"shipping-taxable","36":"purchasable","37":"product-type-variable","38":"wvs-archive-product-wrapper"},"acf":[],"yoast_head":"<!-- This site is optimized with the Yoast SEO plugin v26.8 - https:\/\/yoast.com\/product\/yoast-seo-wordpress\/ -->\n<title>Bv Sport Trail Ultra Nutrisocks - Chaussettes de course - MioMioRun .com<\/title>\n<meta name=\"description\" content=\"Les Nutrisocks Trail Ultra sont dot\u00e9es de la semelle ANATOMIC 3D ULTRA REINFORCED qui am\u00e9liore la stabilit\u00e9 du pied dans la chaussure et le prot\u00e8ge des chocs du sol.\" \/>\n<meta name=\"robots\" content=\"index, follow, max-snippet:-1, max-image-preview:large, max-video-preview:-1\" \/>\n<link rel=\"canonical\" href=\"https:\/\/www.miomiorun.com\/fr\/produit\/trail-ultra-nutrisocks\/\" \/>\n<meta property=\"og:locale\" content=\"fr_FR\" \/>\n<meta property=\"og:type\" content=\"article\" \/>\n<meta property=\"og:title\" content=\"Bv Sport Trail Ultra Nutrisocks - Chaussettes de course - MioMioRun .com\" \/>\n<meta property=\"og:description\" content=\"Les Nutrisocks Trail Ultra sont dot\u00e9es de la semelle ANATOMIC 3D ULTRA REINFORCED qui am\u00e9liore la stabilit\u00e9 du pied dans la chaussure et le prot\u00e8ge des chocs du sol.\" \/>\n<meta property=\"og:url\" content=\"https:\/\/www.miomiorun.com\/fr\/produit\/trail-ultra-nutrisocks\/\" \/>\n<meta property=\"og:site_name\" content=\"MioMioRun\" \/>\n<meta property=\"article:publisher\" content=\"https:\/\/www.facebook.com\/miomiorun\/\" \/>\n<meta property=\"article:modified_time\" content=\"2025-08-07T16:16:56+00:00\" \/>\n<meta property=\"og:image\" content=\"https:\/\/www.miomiorun.com\/app\/uploads\/2024\/05\/bv-sport-Trail-nutri-pizza-299-001.webp\" \/>\n\t<meta property=\"og:image:width\" content=\"600\" \/>\n\t<meta property=\"og:image:height\" content=\"600\" \/>\n\t<meta property=\"og:image:type\" content=\"image\/webp\" \/>\n<meta name=\"twitter:card\" content=\"summary_large_image\" \/>\n<meta name=\"twitter:label1\" content=\"Est. reading time\" \/>\n\t<meta name=\"twitter:data1\" content=\"2 minutes\" \/>\n<script type=\"application\/ld+json\" class=\"yoast-schema-graph\">{\"@context\":\"https:\/\/schema.org\",\"@graph\":[{\"@type\":\"WebPage\",\"@id\":\"https:\/\/www.miomiorun.com\/fr\/produit\/trail-ultra-nutrisocks\/\",\"url\":\"https:\/\/www.miomiorun.com\/fr\/produit\/trail-ultra-nutrisocks\/\",\"name\":\"Bv Sport Trail Ultra Nutrisocks - Chaussettes de course - MioMioRun .com\",\"isPartOf\":{\"@id\":\"https:\/\/www.miomiorun.com\/fr\/#website\"},\"primaryImageOfPage\":{\"@id\":\"https:\/\/www.miomiorun.com\/fr\/produit\/trail-ultra-nutrisocks\/#primaryimage\"},\"image\":{\"@id\":\"https:\/\/www.miomiorun.com\/fr\/produit\/trail-ultra-nutrisocks\/#primaryimage\"},\"thumbnailUrl\":\"https:\/\/www.miomiorun.com\/app\/uploads\/2024\/05\/bv-sport-Trail-nutri-pizza-299-001.webp\",\"datePublished\":\"2024-05-16T11:03:54+00:00\",\"dateModified\":\"2025-08-07T16:16:56+00:00\",\"description\":\"Les Nutrisocks Trail Ultra sont dot\u00e9es de la semelle ANATOMIC 3D ULTRA REINFORCED qui am\u00e9liore la stabilit\u00e9 du pied dans la chaussure et le prot\u00e8ge des chocs du sol.\",\"breadcrumb\":{\"@id\":\"https:\/\/www.miomiorun.com\/fr\/produit\/trail-ultra-nutrisocks\/#breadcrumb\"},\"inLanguage\":\"fr-FR\",\"potentialAction\":[{\"@type\":\"ReadAction\",\"target\":[\"https:\/\/www.miomiorun.com\/fr\/produit\/trail-ultra-nutrisocks\/\"]}]},{\"@type\":\"ImageObject\",\"inLanguage\":\"fr-FR\",\"@id\":\"https:\/\/www.miomiorun.com\/fr\/produit\/trail-ultra-nutrisocks\/#primaryimage\",\"url\":\"https:\/\/www.miomiorun.com\/app\/uploads\/2024\/05\/bv-sport-Trail-nutri-pizza-299-001.webp\",\"contentUrl\":\"https:\/\/www.miomiorun.com\/app\/uploads\/2024\/05\/bv-sport-Trail-nutri-pizza-299-001.webp\",\"width\":600,\"height\":600,\"caption\":\"bv sport Trail nutri pizza 299 001\"},{\"@type\":\"BreadcrumbList\",\"@id\":\"https:\/\/www.miomiorun.com\/fr\/produit\/trail-ultra-nutrisocks\/#breadcrumb\",\"itemListElement\":[{\"@type\":\"ListItem\",\"position\":1,\"name\":\"Home\",\"item\":\"https:\/\/www.miomiorun.com\/fr\/home-page\/\"},{\"@type\":\"ListItem\",\"position\":2,\"name\":\"Shop\",\"item\":\"https:\/\/www.miomiorun.com\/shop\/\"},{\"@type\":\"ListItem\",\"position\":3,\"name\":\"Trail Ultra Nutrisocks\"}]},{\"@type\":\"WebSite\",\"@id\":\"https:\/\/www.miomiorun.com\/fr\/#website\",\"url\":\"https:\/\/www.miomiorun.com\/fr\/\",\"name\":\"MioMioRun\",\"description\":\"Boutique 100% running et trail\",\"publisher\":{\"@id\":\"https:\/\/www.miomiorun.com\/fr\/#organization\"},\"potentialAction\":[{\"@type\":\"SearchAction\",\"target\":{\"@type\":\"EntryPoint\",\"urlTemplate\":\"https:\/\/www.miomiorun.com\/fr\/?s={search_term_string}\"},\"query-input\":{\"@type\":\"PropertyValueSpecification\",\"valueRequired\":true,\"valueName\":\"search_term_string\"}}],\"inLanguage\":\"fr-FR\"},{\"@type\":\"Organization\",\"@id\":\"https:\/\/www.miomiorun.com\/fr\/#organization\",\"name\":\"MioMio Run\",\"url\":\"https:\/\/www.miomiorun.com\/fr\/\",\"logo\":{\"@type\":\"ImageObject\",\"inLanguage\":\"fr-FR\",\"@id\":\"https:\/\/www.miomiorun.com\/fr\/#\/schema\/logo\/image\/\",\"url\":\"https:\/\/www.miomiorun.com\/app\/uploads\/2019\/12\/logomio.png\",\"contentUrl\":\"https:\/\/www.miomiorun.com\/app\/uploads\/2019\/12\/logomio.png\",\"width\":115,\"height\":82,\"caption\":\"MioMio Run\"},\"image\":{\"@id\":\"https:\/\/www.miomiorun.com\/fr\/#\/schema\/logo\/image\/\"},\"sameAs\":[\"https:\/\/www.facebook.com\/miomiorun\/\",\"https:\/\/www.instagram.com\/miomiorun\/\"]}]}<\/script>\n<!-- \/ Yoast SEO plugin. -->","yoast_head_json":{"title":"Bv Sport Trail Ultra Nutrisocks - Chaussettes de course - MioMioRun .com","description":"Les Nutrisocks Trail Ultra sont dot\u00e9es de la semelle ANATOMIC 3D ULTRA REINFORCED qui am\u00e9liore la stabilit\u00e9 du pied dans la chaussure et le prot\u00e8ge des chocs du sol.","robots":{"index":"index","follow":"follow","max-snippet":"max-snippet:-1","max-image-preview":"max-image-preview:large","max-video-preview":"max-video-preview:-1"},"canonical":"https:\/\/www.miomiorun.com\/fr\/produit\/trail-ultra-nutrisocks\/","og_locale":"fr_FR","og_type":"article","og_title":"Bv Sport Trail Ultra Nutrisocks - Chaussettes de course - MioMioRun .com","og_description":"Les Nutrisocks Trail Ultra sont dot\u00e9es de la semelle ANATOMIC 3D ULTRA REINFORCED qui am\u00e9liore la stabilit\u00e9 du pied dans la chaussure et le prot\u00e8ge des chocs du sol.","og_url":"https:\/\/www.miomiorun.com\/fr\/produit\/trail-ultra-nutrisocks\/","og_site_name":"MioMioRun","article_publisher":"https:\/\/www.facebook.com\/miomiorun\/","article_modified_time":"2025-08-07T16:16:56+00:00","og_image":[{"width":600,"height":600,"url":"https:\/\/www.miomiorun.com\/app\/uploads\/2024\/05\/bv-sport-Trail-nutri-pizza-299-001.webp","type":"image\/webp"}],"twitter_card":"summary_large_image","twitter_misc":{"Est. reading time":"2 minutes"},"schema":{"@context":"https:\/\/schema.org","@graph":[{"@type":"WebPage","@id":"https:\/\/www.miomiorun.com\/fr\/produit\/trail-ultra-nutrisocks\/","url":"https:\/\/www.miomiorun.com\/fr\/produit\/trail-ultra-nutrisocks\/","name":"Bv Sport Trail Ultra Nutrisocks - Chaussettes de course - MioMioRun .com","isPartOf":{"@id":"https:\/\/www.miomiorun.com\/fr\/#website"},"primaryImageOfPage":{"@id":"https:\/\/www.miomiorun.com\/fr\/produit\/trail-ultra-nutrisocks\/#primaryimage"},"image":{"@id":"https:\/\/www.miomiorun.com\/fr\/produit\/trail-ultra-nutrisocks\/#primaryimage"},"thumbnailUrl":"https:\/\/www.miomiorun.com\/app\/uploads\/2024\/05\/bv-sport-Trail-nutri-pizza-299-001.webp","datePublished":"2024-05-16T11:03:54+00:00","dateModified":"2025-08-07T16:16:56+00:00","description":"Les Nutrisocks Trail Ultra sont dot\u00e9es de la semelle ANATOMIC 3D ULTRA REINFORCED qui am\u00e9liore la stabilit\u00e9 du pied dans la chaussure et le prot\u00e8ge des chocs du sol.","breadcrumb":{"@id":"https:\/\/www.miomiorun.com\/fr\/produit\/trail-ultra-nutrisocks\/#breadcrumb"},"inLanguage":"fr-FR","potentialAction":[{"@type":"ReadAction","target":["https:\/\/www.miomiorun.com\/fr\/produit\/trail-ultra-nutrisocks\/"]}]},{"@type":"ImageObject","inLanguage":"fr-FR","@id":"https:\/\/www.miomiorun.com\/fr\/produit\/trail-ultra-nutrisocks\/#primaryimage","url":"https:\/\/www.miomiorun.com\/app\/uploads\/2024\/05\/bv-sport-Trail-nutri-pizza-299-001.webp","contentUrl":"https:\/\/www.miomiorun.com\/app\/uploads\/2024\/05\/bv-sport-Trail-nutri-pizza-299-001.webp","width":600,"height":600,"caption":"bv sport Trail nutri pizza 299 001"},{"@type":"BreadcrumbList","@id":"https:\/\/www.miomiorun.com\/fr\/produit\/trail-ultra-nutrisocks\/#breadcrumb","itemListElement":[{"@type":"ListItem","position":1,"name":"Home","item":"https:\/\/www.miomiorun.com\/fr\/home-page\/"},{"@type":"ListItem","position":2,"name":"Shop","item":"https:\/\/www.miomiorun.com\/shop\/"},{"@type":"ListItem","position":3,"name":"Trail Ultra Nutrisocks"}]},{"@type":"WebSite","@id":"https:\/\/www.miomiorun.com\/fr\/#website","url":"https:\/\/www.miomiorun.com\/fr\/","name":"MioMioRun","description":"Boutique 100% running et trail","publisher":{"@id":"https:\/\/www.miomiorun.com\/fr\/#organization"},"potentialAction":[{"@type":"SearchAction","target":{"@type":"EntryPoint","urlTemplate":"https:\/\/www.miomiorun.com\/fr\/?s={search_term_string}"},"query-input":{"@type":"PropertyValueSpecification","valueRequired":true,"valueName":"search_term_string"}}],"inLanguage":"fr-FR"},{"@type":"Organization","@id":"https:\/\/www.miomiorun.com\/fr\/#organization","name":"MioMio Run","url":"https:\/\/www.miomiorun.com\/fr\/","logo":{"@type":"ImageObject","inLanguage":"fr-FR","@id":"https:\/\/www.miomiorun.com\/fr\/#\/schema\/logo\/image\/","url":"https:\/\/www.miomiorun.com\/app\/uploads\/2019\/12\/logomio.png","contentUrl":"https:\/\/www.miomiorun.com\/app\/uploads\/2019\/12\/logomio.png","width":115,"height":82,"caption":"MioMio Run"},"image":{"@id":"https:\/\/www.miomiorun.com\/fr\/#\/schema\/logo\/image\/"},"sameAs":["https:\/\/www.facebook.com\/miomiorun\/","https:\/\/www.instagram.com\/miomiorun\/"]}]}},"_links":{"self":[{"href":"https:\/\/www.miomiorun.com\/fr\/wp-json\/wp\/v2\/product\/291081","targetHints":{"allow":["GET"]}}],"collection":[{"href":"https:\/\/www.miomiorun.com\/fr\/wp-json\/wp\/v2\/product"}],"about":[{"href":"https:\/\/www.miomiorun.com\/fr\/wp-json\/wp\/v2\/types\/product"}],"wp:featuredmedia":[{"embeddable":true,"href":"https:\/\/www.miomiorun.com\/fr\/wp-json\/wp\/v2\/media\/247218"}],"wp:attachment":[{"href":"https:\/\/www.miomiorun.com\/fr\/wp-json\/wp\/v2\/media?parent=291081"}],"wp:term":[{"taxonomy":"product_brand","embeddable":true,"href":"https:\/\/www.miomiorun.com\/fr\/wp-json\/wp\/v2\/product_brand?post=291081"},{"taxonomy":"product_cat","embeddable":true,"href":"https:\/\/www.miomiorun.com\/fr\/wp-json\/wp\/v2\/product_cat?post=291081"},{"taxonomy":"product_tag","embeddable":true,"href":"https:\/\/www.miomiorun.com\/fr\/wp-json\/wp\/v2\/product_tag?post=291081"}],"curies":[{"name":"wp","href":"https:\/\/api.w.org\/{rel}","templated":true}]}}