{"id":291025,"date":"2024-03-19T14:57:32","date_gmt":"2024-03-19T13:57:32","guid":{"rendered":"https:\/\/miomiorun.com\/prodotto\/high-point-5-2-in-1-short-2-0-uomo\/"},"modified":"2026-05-08T22:03:06","modified_gmt":"2026-05-08T20:03:06","slug":"high-point-5-2-in-1-short-2-0-homme","status":"publish","type":"product","link":"https:\/\/www.miomiorun.com\/fr\/produit\/high-point-5-2-in-1-short-2-0-homme\/","title":{"rendered":"High Point 5&#8243; 2 in 1 Short 2.0 homme"},"content":{"rendered":"<h2>Augmentez votre sens de l&#8217;aventure en portant ce short de trail running pour homme.<\/h2>\n<p>Avec des poches sp\u00e9cifiques au trail, des mat\u00e9riaux durables et une meilleure libert\u00e9 de mouvement, ce short vous permettra d&#8217;affronter toutes les mont\u00e9es et les descentes sur la terre.<\/p>\n<h3>Caract\u00e9ristiques :<\/h3>\n<ul class=\"m-long-description__features\">\n<li class=\"m-long-description__feature\">\n<div class=\"m-long-description__feature--bullets\" aria-hidden=\"true\">Espace optimis\u00e9<\/div>\n<\/li>\n<li class=\"m-long-description__feature\">\n<div class=\"m-long-description__feature--bullets\" aria-hidden=\"true\">Protection durable<\/div>\n<\/li>\n<li class=\"m-long-description__feature\">\n<div class=\"m-long-description__feature--bullets\" aria-hidden=\"true\">Libert\u00e9 de mouvement maximale<\/div>\n<\/li>\n<li class=\"m-long-description__feature\">\n<div class=\"m-long-description__feature--bullets\" aria-hidden=\"true\">Cordon de serrage interne<\/div>\n<\/li>\n<\/ul>\n<h3>Coupe :<\/h3>\n<ul>\n<li>Semi-adh\u00e9rent<\/li>\n<\/ul>\n<p>\u00c9pouse la forme de votre corps et permet une grande libert\u00e9 de mouvement.<\/p>\n<h2><\/h2>\n<h2 class=\"a-type-h2\" style=\"text-align: center;\">Short de trail pour des kilom\u00e8tres d&#8217;aventure<\/h2>\n<p style=\"text-align: center;\">EMPORTEZ LES EN-CAS DONT VOUS AVEZ BESOIN<\/p>\n<h3 style=\"text-align: center;\">Espace optimis\u00e9<\/h3>\n<p style=\"text-align: center;\">Syst\u00e8me de poches \u00e9tendues \u00e0 la taille, comprenant deux poches lat\u00e9rales et deux poches \u00e9tendues con\u00e7ues pour accueillir des objets encore plus volumineux, tels que des flacons souples.<\/p>\n<p style=\"text-align: center;\">AVANCER SANS CRAINTE<\/p>\n<h3 style=\"text-align: center;\">Protection durable<\/h3>\n<p style=\"text-align: center;\">La partie avant est fabriqu\u00e9e en tissu ripstop GO2 Repel avec traitement DWR pour r\u00e9sister \u00e0 l&#8217;eau et \u00e0 l&#8217;usure, pour une protection suppl\u00e9mentaire sur les sentiers les plus difficiles.<\/p>\n<p style=\"text-align: center;\">BOUGER EN TOUTE LIBERT\u00c9<\/p>\n<h3 style=\"text-align: center;\">Libert\u00e9 de mouvement maximale<\/h3>\n<p style=\"text-align: center;\">Les a\u00e9rations lat\u00e9rales offrent la mobilit\u00e9 n\u00e9cessaire pour affronter les ascensions, tandis que la doublure ajust\u00e9e \u00e9vite les frottements.<\/p>\n<p>&nbsp;<\/p>\n<p>&nbsp;<\/p>\n<p>&nbsp;<\/p>\n<p>&nbsp;<\/p>\n","protected":false},"excerpt":{"rendered":"<ul class=\"m-long-description__features\">\n<li class=\"m-long-description__feature\">Protection longue dur\u00e9e<\/li>\n<li class=\"m-long-description__feature\">Libert\u00e9 de mouvement maximale<\/li>\n<li class=\"m-long-description__feature\">Espace de rangement pour l&#8217;essentiel<\/li>\n<\/ul>\n","protected":false},"featured_media":416732,"template":"","meta":{"_acf_changed":false,"inline_featured_image":false},"product_brand":[],"product_cat":[24477,24482],"product_tag":[23462,23655],"class_list":{"0":"post-291025","1":"product","2":"type-product","3":"status-publish","4":"has-post-thumbnail","6":"product_cat-pantalon-court-fr-3","7":"product_cat-vetements-pour-hommes-fr","8":"product_tag-brooks-fr","9":"product_tag-brooks-homme","10":"pa_attivita-running-fr","11":"pa_attivita-trail-fr","12":"pa_colore-high-point-5-2in1-short-2-0-dk-russet","13":"pa_colore-high-point-5-2in1-short-phantom-grey-ch-fr","14":"pa_marca-brooks-fr","15":"pa_sesso-homme","16":"pa_size-small-fr","17":"pa_size-medium-fr","18":"pa_size-large-fr","20":"first","21":"instock","22":"sale","23":"taxable","24":"shipping-taxable","25":"purchasable","26":"product-type-variable","27":"wvs-archive-product-wrapper"},"acf":[],"yoast_head":"<!-- This site is optimized with the Yoast SEO plugin v26.8 - https:\/\/yoast.com\/product\/yoast-seo-wordpress\/ -->\n<title>Brooks High Point 5&quot; 2 in 1 Short 2.0 homme - Short de course - MioMioRun<\/title>\n<meta name=\"description\" content=\"Ce short de trail running pour homme renforce votre sens de l&#039;aventure. Gr\u00e2ce \u00e0 ses poches sp\u00e9cifiques au trail, il vous permet de vous sentir plus \u00e0 l&#039;aise.\" \/>\n<meta name=\"robots\" content=\"index, follow, max-snippet:-1, max-image-preview:large, max-video-preview:-1\" \/>\n<link rel=\"canonical\" href=\"https:\/\/www.miomiorun.com\/fr\/produit\/high-point-5-2-in-1-short-2-0-homme\/\" \/>\n<meta property=\"og:locale\" content=\"fr_FR\" \/>\n<meta property=\"og:type\" content=\"article\" \/>\n<meta property=\"og:title\" content=\"Brooks High Point 5&quot; 2 in 1 Short 2.0 homme - Short de course - MioMioRun\" \/>\n<meta property=\"og:description\" content=\"Ce short de trail running pour homme renforce votre sens de l&#039;aventure. Gr\u00e2ce \u00e0 ses poches sp\u00e9cifiques au trail, il vous permet de vous sentir plus \u00e0 l&#039;aise.\" \/>\n<meta property=\"og:url\" content=\"https:\/\/www.miomiorun.com\/fr\/produit\/high-point-5-2-in-1-short-2-0-homme\/\" \/>\n<meta property=\"og:site_name\" content=\"MioMioRun\" \/>\n<meta property=\"article:publisher\" content=\"https:\/\/www.facebook.com\/miomiorun\/\" \/>\n<meta property=\"article:modified_time\" content=\"2026-05-08T20:03:06+00:00\" \/>\n<meta property=\"og:image\" content=\"https:\/\/www.miomiorun.com\/app\/uploads\/2026\/03\/brooks-High-point-5-2in1-short-2.0-dk-russet-211495264.webp\" \/>\n\t<meta property=\"og:image:width\" content=\"720\" \/>\n\t<meta property=\"og:image:height\" content=\"720\" \/>\n\t<meta property=\"og:image:type\" content=\"image\/webp\" \/>\n<meta name=\"twitter:card\" content=\"summary_large_image\" \/>\n<meta name=\"twitter:label1\" content=\"Est. reading time\" \/>\n\t<meta name=\"twitter:data1\" content=\"1 minute\" \/>\n<script type=\"application\/ld+json\" class=\"yoast-schema-graph\">{\"@context\":\"https:\/\/schema.org\",\"@graph\":[{\"@type\":\"WebPage\",\"@id\":\"https:\/\/www.miomiorun.com\/fr\/produit\/high-point-5-2-in-1-short-2-0-homme\/\",\"url\":\"https:\/\/www.miomiorun.com\/fr\/produit\/high-point-5-2-in-1-short-2-0-homme\/\",\"name\":\"Brooks High Point 5\\\" 2 in 1 Short 2.0 homme - Short de course - MioMioRun\",\"isPartOf\":{\"@id\":\"https:\/\/www.miomiorun.com\/fr\/#website\"},\"primaryImageOfPage\":{\"@id\":\"https:\/\/www.miomiorun.com\/fr\/produit\/high-point-5-2-in-1-short-2-0-homme\/#primaryimage\"},\"image\":{\"@id\":\"https:\/\/www.miomiorun.com\/fr\/produit\/high-point-5-2-in-1-short-2-0-homme\/#primaryimage\"},\"thumbnailUrl\":\"https:\/\/www.miomiorun.com\/app\/uploads\/2026\/03\/brooks-High-point-5-2in1-short-2.0-dk-russet-211495264.webp\",\"datePublished\":\"2024-03-19T13:57:32+00:00\",\"dateModified\":\"2026-05-08T20:03:06+00:00\",\"description\":\"Ce short de trail running pour homme renforce votre sens de l'aventure. Gr\u00e2ce \u00e0 ses poches sp\u00e9cifiques au trail, il vous permet de vous sentir plus \u00e0 l'aise.\",\"breadcrumb\":{\"@id\":\"https:\/\/www.miomiorun.com\/fr\/produit\/high-point-5-2-in-1-short-2-0-homme\/#breadcrumb\"},\"inLanguage\":\"fr-FR\",\"potentialAction\":[{\"@type\":\"ReadAction\",\"target\":[\"https:\/\/www.miomiorun.com\/fr\/produit\/high-point-5-2-in-1-short-2-0-homme\/\"]}]},{\"@type\":\"ImageObject\",\"inLanguage\":\"fr-FR\",\"@id\":\"https:\/\/www.miomiorun.com\/fr\/produit\/high-point-5-2-in-1-short-2-0-homme\/#primaryimage\",\"url\":\"https:\/\/www.miomiorun.com\/app\/uploads\/2026\/03\/brooks-High-point-5-2in1-short-2.0-dk-russet-211495264.webp\",\"contentUrl\":\"https:\/\/www.miomiorun.com\/app\/uploads\/2026\/03\/brooks-High-point-5-2in1-short-2.0-dk-russet-211495264.webp\",\"width\":720,\"height\":720,\"caption\":\"brooks High point 5 2in1 short 2.0 dk russet 211495264\"},{\"@type\":\"BreadcrumbList\",\"@id\":\"https:\/\/www.miomiorun.com\/fr\/produit\/high-point-5-2-in-1-short-2-0-homme\/#breadcrumb\",\"itemListElement\":[{\"@type\":\"ListItem\",\"position\":1,\"name\":\"Home\",\"item\":\"https:\/\/www.miomiorun.com\/fr\/home-page\/\"},{\"@type\":\"ListItem\",\"position\":2,\"name\":\"Shop\",\"item\":\"https:\/\/www.miomiorun.com\/shop\/\"},{\"@type\":\"ListItem\",\"position\":3,\"name\":\"High Point 5&#8243; 2 in 1 Short 2.0 homme\"}]},{\"@type\":\"WebSite\",\"@id\":\"https:\/\/www.miomiorun.com\/fr\/#website\",\"url\":\"https:\/\/www.miomiorun.com\/fr\/\",\"name\":\"MioMioRun\",\"description\":\"Boutique 100% running et trail\",\"publisher\":{\"@id\":\"https:\/\/www.miomiorun.com\/fr\/#organization\"},\"potentialAction\":[{\"@type\":\"SearchAction\",\"target\":{\"@type\":\"EntryPoint\",\"urlTemplate\":\"https:\/\/www.miomiorun.com\/fr\/?s={search_term_string}\"},\"query-input\":{\"@type\":\"PropertyValueSpecification\",\"valueRequired\":true,\"valueName\":\"search_term_string\"}}],\"inLanguage\":\"fr-FR\"},{\"@type\":\"Organization\",\"@id\":\"https:\/\/www.miomiorun.com\/fr\/#organization\",\"name\":\"MioMio Run\",\"url\":\"https:\/\/www.miomiorun.com\/fr\/\",\"logo\":{\"@type\":\"ImageObject\",\"inLanguage\":\"fr-FR\",\"@id\":\"https:\/\/www.miomiorun.com\/fr\/#\/schema\/logo\/image\/\",\"url\":\"https:\/\/www.miomiorun.com\/app\/uploads\/2019\/12\/logomio.png\",\"contentUrl\":\"https:\/\/www.miomiorun.com\/app\/uploads\/2019\/12\/logomio.png\",\"width\":115,\"height\":82,\"caption\":\"MioMio Run\"},\"image\":{\"@id\":\"https:\/\/www.miomiorun.com\/fr\/#\/schema\/logo\/image\/\"},\"sameAs\":[\"https:\/\/www.facebook.com\/miomiorun\/\",\"https:\/\/www.instagram.com\/miomiorun\/\"]}]}<\/script>\n<!-- \/ Yoast SEO plugin. -->","yoast_head_json":{"title":"Brooks High Point 5\" 2 in 1 Short 2.0 homme - Short de course - MioMioRun","description":"Ce short de trail running pour homme renforce votre sens de l'aventure. Gr\u00e2ce \u00e0 ses poches sp\u00e9cifiques au trail, il vous permet de vous sentir plus \u00e0 l'aise.","robots":{"index":"index","follow":"follow","max-snippet":"max-snippet:-1","max-image-preview":"max-image-preview:large","max-video-preview":"max-video-preview:-1"},"canonical":"https:\/\/www.miomiorun.com\/fr\/produit\/high-point-5-2-in-1-short-2-0-homme\/","og_locale":"fr_FR","og_type":"article","og_title":"Brooks High Point 5\" 2 in 1 Short 2.0 homme - Short de course - MioMioRun","og_description":"Ce short de trail running pour homme renforce votre sens de l'aventure. Gr\u00e2ce \u00e0 ses poches sp\u00e9cifiques au trail, il vous permet de vous sentir plus \u00e0 l'aise.","og_url":"https:\/\/www.miomiorun.com\/fr\/produit\/high-point-5-2-in-1-short-2-0-homme\/","og_site_name":"MioMioRun","article_publisher":"https:\/\/www.facebook.com\/miomiorun\/","article_modified_time":"2026-05-08T20:03:06+00:00","og_image":[{"width":720,"height":720,"url":"https:\/\/www.miomiorun.com\/app\/uploads\/2026\/03\/brooks-High-point-5-2in1-short-2.0-dk-russet-211495264.webp","type":"image\/webp"}],"twitter_card":"summary_large_image","twitter_misc":{"Est. reading time":"1 minute"},"schema":{"@context":"https:\/\/schema.org","@graph":[{"@type":"WebPage","@id":"https:\/\/www.miomiorun.com\/fr\/produit\/high-point-5-2-in-1-short-2-0-homme\/","url":"https:\/\/www.miomiorun.com\/fr\/produit\/high-point-5-2-in-1-short-2-0-homme\/","name":"Brooks High Point 5\" 2 in 1 Short 2.0 homme - Short de course - MioMioRun","isPartOf":{"@id":"https:\/\/www.miomiorun.com\/fr\/#website"},"primaryImageOfPage":{"@id":"https:\/\/www.miomiorun.com\/fr\/produit\/high-point-5-2-in-1-short-2-0-homme\/#primaryimage"},"image":{"@id":"https:\/\/www.miomiorun.com\/fr\/produit\/high-point-5-2-in-1-short-2-0-homme\/#primaryimage"},"thumbnailUrl":"https:\/\/www.miomiorun.com\/app\/uploads\/2026\/03\/brooks-High-point-5-2in1-short-2.0-dk-russet-211495264.webp","datePublished":"2024-03-19T13:57:32+00:00","dateModified":"2026-05-08T20:03:06+00:00","description":"Ce short de trail running pour homme renforce votre sens de l'aventure. Gr\u00e2ce \u00e0 ses poches sp\u00e9cifiques au trail, il vous permet de vous sentir plus \u00e0 l'aise.","breadcrumb":{"@id":"https:\/\/www.miomiorun.com\/fr\/produit\/high-point-5-2-in-1-short-2-0-homme\/#breadcrumb"},"inLanguage":"fr-FR","potentialAction":[{"@type":"ReadAction","target":["https:\/\/www.miomiorun.com\/fr\/produit\/high-point-5-2-in-1-short-2-0-homme\/"]}]},{"@type":"ImageObject","inLanguage":"fr-FR","@id":"https:\/\/www.miomiorun.com\/fr\/produit\/high-point-5-2-in-1-short-2-0-homme\/#primaryimage","url":"https:\/\/www.miomiorun.com\/app\/uploads\/2026\/03\/brooks-High-point-5-2in1-short-2.0-dk-russet-211495264.webp","contentUrl":"https:\/\/www.miomiorun.com\/app\/uploads\/2026\/03\/brooks-High-point-5-2in1-short-2.0-dk-russet-211495264.webp","width":720,"height":720,"caption":"brooks High point 5 2in1 short 2.0 dk russet 211495264"},{"@type":"BreadcrumbList","@id":"https:\/\/www.miomiorun.com\/fr\/produit\/high-point-5-2-in-1-short-2-0-homme\/#breadcrumb","itemListElement":[{"@type":"ListItem","position":1,"name":"Home","item":"https:\/\/www.miomiorun.com\/fr\/home-page\/"},{"@type":"ListItem","position":2,"name":"Shop","item":"https:\/\/www.miomiorun.com\/shop\/"},{"@type":"ListItem","position":3,"name":"High Point 5&#8243; 2 in 1 Short 2.0 homme"}]},{"@type":"WebSite","@id":"https:\/\/www.miomiorun.com\/fr\/#website","url":"https:\/\/www.miomiorun.com\/fr\/","name":"MioMioRun","description":"Boutique 100% running et trail","publisher":{"@id":"https:\/\/www.miomiorun.com\/fr\/#organization"},"potentialAction":[{"@type":"SearchAction","target":{"@type":"EntryPoint","urlTemplate":"https:\/\/www.miomiorun.com\/fr\/?s={search_term_string}"},"query-input":{"@type":"PropertyValueSpecification","valueRequired":true,"valueName":"search_term_string"}}],"inLanguage":"fr-FR"},{"@type":"Organization","@id":"https:\/\/www.miomiorun.com\/fr\/#organization","name":"MioMio Run","url":"https:\/\/www.miomiorun.com\/fr\/","logo":{"@type":"ImageObject","inLanguage":"fr-FR","@id":"https:\/\/www.miomiorun.com\/fr\/#\/schema\/logo\/image\/","url":"https:\/\/www.miomiorun.com\/app\/uploads\/2019\/12\/logomio.png","contentUrl":"https:\/\/www.miomiorun.com\/app\/uploads\/2019\/12\/logomio.png","width":115,"height":82,"caption":"MioMio Run"},"image":{"@id":"https:\/\/www.miomiorun.com\/fr\/#\/schema\/logo\/image\/"},"sameAs":["https:\/\/www.facebook.com\/miomiorun\/","https:\/\/www.instagram.com\/miomiorun\/"]}]}},"_links":{"self":[{"href":"https:\/\/www.miomiorun.com\/fr\/wp-json\/wp\/v2\/product\/291025","targetHints":{"allow":["GET"]}}],"collection":[{"href":"https:\/\/www.miomiorun.com\/fr\/wp-json\/wp\/v2\/product"}],"about":[{"href":"https:\/\/www.miomiorun.com\/fr\/wp-json\/wp\/v2\/types\/product"}],"wp:featuredmedia":[{"embeddable":true,"href":"https:\/\/www.miomiorun.com\/fr\/wp-json\/wp\/v2\/media\/416732"}],"wp:attachment":[{"href":"https:\/\/www.miomiorun.com\/fr\/wp-json\/wp\/v2\/media?parent=291025"}],"wp:term":[{"taxonomy":"product_brand","embeddable":true,"href":"https:\/\/www.miomiorun.com\/fr\/wp-json\/wp\/v2\/product_brand?post=291025"},{"taxonomy":"product_cat","embeddable":true,"href":"https:\/\/www.miomiorun.com\/fr\/wp-json\/wp\/v2\/product_cat?post=291025"},{"taxonomy":"product_tag","embeddable":true,"href":"https:\/\/www.miomiorun.com\/fr\/wp-json\/wp\/v2\/product_tag?post=291025"}],"curies":[{"name":"wp","href":"https:\/\/api.w.org\/{rel}","templated":true}]}}