{"id":291018,"date":"2024-04-03T17:01:49","date_gmt":"2024-04-03T15:01:49","guid":{"rendered":"https:\/\/miomiorun.com\/prodotto\/craft-cool-mesh-superlight-sl-donna\/"},"modified":"2025-06-16T18:29:36","modified_gmt":"2025-06-16T16:29:36","slug":"craft-cool-mesh-superlight-sl-femme","status":"publish","type":"product","link":"https:\/\/www.miomiorun.com\/fr\/produit\/craft-cool-mesh-superlight-sl-femme\/","title":{"rendered":"Cool Mesh Superlight SL femme"},"content":{"rendered":"<p>Vous vous entra\u00eenez dur, mais vous avez l&#8217;impression de ne pas \u00eatre au top de vos performances lorsque vient le moment de courir et de concourir ? Vous avez peut-\u00eatre trop chaud. Le Cool Mesh Superlight Sleeveless est compos\u00e9 d&#8217;une maille fonctionnelle avec de grands trous qui offre une ventilation et un refroidissement sup\u00e9rieurs, vous permettant de donner le meilleur de vous-m\u00eame m\u00eame dans des conditions chaudes. De plus, ce v\u00eatement super l\u00e9ger est dot\u00e9 d&#8217;une conception ergonomique en 3D qui garantit un ajustement parfait et une libert\u00e9 de mouvement optimale. Un excellent article \u00e0 porter sous votre maillot de v\u00e9lo pour am\u00e9liorer le refroidissement et l&#8217;\u00e9vacuation de l&#8217;humidit\u00e9.<\/p>\n<p>&#8211; 100% Mesh Superlight fabric<br \/>\n&#8211; Extr\u00eamement l\u00e9ger<br \/>\n&#8211; Excellent transport de l&#8217;humidit\u00e9 et refroidissement<br \/>\n&#8211; Design 3D ergonomique<\/p>\n<h2>Mat\u00e9riaux et lavage<\/h2>\n<p>95% polyester recycl\u00e9 5% \u00e9lasthanne<\/p>\n<p>Lavage en machine \u00e0 40 degr\u00e9s.<\/p>\n","protected":false},"excerpt":{"rendered":"<p>Vous vous entra\u00eenez dur, mais vous avez l&#8217;impression de ne pas \u00eatre au top de vos performances lorsque vient le moment de courir et de concourir ? Vous avez peut-\u00eatre trop chaud. Le Cool Mesh Superlight Sleeveless est compos\u00e9 d&#8217;une maille fonctionnelle avec de grands trous qui offre une ventilation et un refroidissement sup\u00e9rieurs, vous &hellip; <a href=\"https:\/\/www.miomiorun.com\/fr\/produit\/craft-cool-mesh-superlight-sl-femme\/\">Continued<\/a><\/p>\n","protected":false},"featured_media":246246,"template":"","meta":{"_acf_changed":false,"inline_featured_image":false},"product_brand":[],"product_cat":[22598,22596],"product_tag":[23554,23648],"class_list":{"0":"post-291018","1":"product","2":"type-product","3":"status-publish","4":"has-post-thumbnail","6":"product_cat-gilets","7":"product_cat-vetements-pour-femmes","8":"product_tag-craft-fr","9":"product_tag-craft-femme","10":"pa_attivita-fitness-fr","11":"pa_attivita-marcher","12":"pa_attivita-outdoor-fr","13":"pa_attivita-running-fr","14":"pa_attivita-trail-fr","15":"pa_colore-cool-mesh-superlight-sl-w-black-fr","16":"pa_colore-cool-mesh-superlight-sl-w-twig-fr","17":"pa_colore-cool-mesh-superlight-sl-w-white-fr","18":"pa_marca-craft-fr","19":"pa_sesso-femme","20":"pa_size-extra-small-fr","21":"pa_size-small-fr","22":"pa_size-medium-fr","23":"pa_size-large-fr","25":"first","26":"instock","27":"sale","28":"taxable","29":"shipping-taxable","30":"purchasable","31":"product-type-variable","32":"wvs-archive-product-wrapper"},"acf":[],"yoast_head":"<!-- This site is optimized with the Yoast SEO plugin v26.8 - https:\/\/yoast.com\/product\/yoast-seo-wordpress\/ -->\n<title>Craft Cool Mesh Superlight SL femme - Sous-v\u00eatements thermiques - MioMioRun.com<\/title>\n<meta name=\"description\" content=\"Cool Mesh Superlight Sleeveless est fabriqu\u00e9 en maille fonctionnelle avec de grands trous offrant une ventilation et un refroidissement sup\u00e9rieurs.\" \/>\n<meta name=\"robots\" content=\"index, follow, max-snippet:-1, max-image-preview:large, max-video-preview:-1\" \/>\n<link rel=\"canonical\" href=\"https:\/\/www.miomiorun.com\/fr\/produit\/craft-cool-mesh-superlight-sl-femme\/\" \/>\n<meta property=\"og:locale\" content=\"fr_FR\" \/>\n<meta property=\"og:type\" content=\"article\" \/>\n<meta property=\"og:title\" content=\"Craft Cool Mesh Superlight SL femme - Sous-v\u00eatements thermiques - MioMioRun.com\" \/>\n<meta property=\"og:description\" content=\"Cool Mesh Superlight Sleeveless est fabriqu\u00e9 en maille fonctionnelle avec de grands trous offrant une ventilation et un refroidissement sup\u00e9rieurs.\" \/>\n<meta property=\"og:url\" content=\"https:\/\/www.miomiorun.com\/fr\/produit\/craft-cool-mesh-superlight-sl-femme\/\" \/>\n<meta property=\"og:site_name\" content=\"MioMioRun\" \/>\n<meta property=\"article:publisher\" content=\"https:\/\/www.facebook.com\/miomiorun\/\" \/>\n<meta property=\"article:modified_time\" content=\"2025-06-16T16:29:36+00:00\" \/>\n<meta property=\"og:image\" content=\"https:\/\/www.miomiorun.com\/app\/uploads\/2024\/04\/craft-Cool-mesh-superlight-SL-W-twig-1903404-643000.webp\" \/>\n\t<meta property=\"og:image:width\" content=\"600\" \/>\n\t<meta property=\"og:image:height\" content=\"600\" \/>\n\t<meta property=\"og:image:type\" content=\"image\/webp\" \/>\n<meta name=\"twitter:card\" content=\"summary_large_image\" \/>\n<meta name=\"twitter:label1\" content=\"Est. reading time\" \/>\n\t<meta name=\"twitter:data1\" content=\"1 minute\" \/>\n<script type=\"application\/ld+json\" class=\"yoast-schema-graph\">{\"@context\":\"https:\/\/schema.org\",\"@graph\":[{\"@type\":\"WebPage\",\"@id\":\"https:\/\/www.miomiorun.com\/fr\/produit\/craft-cool-mesh-superlight-sl-femme\/\",\"url\":\"https:\/\/www.miomiorun.com\/fr\/produit\/craft-cool-mesh-superlight-sl-femme\/\",\"name\":\"Craft Cool Mesh Superlight SL femme - Sous-v\u00eatements thermiques - MioMioRun.com\",\"isPartOf\":{\"@id\":\"https:\/\/www.miomiorun.com\/fr\/#website\"},\"primaryImageOfPage\":{\"@id\":\"https:\/\/www.miomiorun.com\/fr\/produit\/craft-cool-mesh-superlight-sl-femme\/#primaryimage\"},\"image\":{\"@id\":\"https:\/\/www.miomiorun.com\/fr\/produit\/craft-cool-mesh-superlight-sl-femme\/#primaryimage\"},\"thumbnailUrl\":\"https:\/\/www.miomiorun.com\/app\/uploads\/2024\/04\/craft-Cool-mesh-superlight-SL-W-twig-1903404-643000.webp\",\"datePublished\":\"2024-04-03T15:01:49+00:00\",\"dateModified\":\"2025-06-16T16:29:36+00:00\",\"description\":\"Cool Mesh Superlight Sleeveless est fabriqu\u00e9 en maille fonctionnelle avec de grands trous offrant une ventilation et un refroidissement sup\u00e9rieurs.\",\"breadcrumb\":{\"@id\":\"https:\/\/www.miomiorun.com\/fr\/produit\/craft-cool-mesh-superlight-sl-femme\/#breadcrumb\"},\"inLanguage\":\"fr-FR\",\"potentialAction\":[{\"@type\":\"ReadAction\",\"target\":[\"https:\/\/www.miomiorun.com\/fr\/produit\/craft-cool-mesh-superlight-sl-femme\/\"]}]},{\"@type\":\"ImageObject\",\"inLanguage\":\"fr-FR\",\"@id\":\"https:\/\/www.miomiorun.com\/fr\/produit\/craft-cool-mesh-superlight-sl-femme\/#primaryimage\",\"url\":\"https:\/\/www.miomiorun.com\/app\/uploads\/2024\/04\/craft-Cool-mesh-superlight-SL-W-twig-1903404-643000.webp\",\"contentUrl\":\"https:\/\/www.miomiorun.com\/app\/uploads\/2024\/04\/craft-Cool-mesh-superlight-SL-W-twig-1903404-643000.webp\",\"width\":600,\"height\":600,\"caption\":\"craft Cool mesh superlight SL W twig 1903404-643000\"},{\"@type\":\"BreadcrumbList\",\"@id\":\"https:\/\/www.miomiorun.com\/fr\/produit\/craft-cool-mesh-superlight-sl-femme\/#breadcrumb\",\"itemListElement\":[{\"@type\":\"ListItem\",\"position\":1,\"name\":\"Home\",\"item\":\"https:\/\/www.miomiorun.com\/fr\/home-page\/\"},{\"@type\":\"ListItem\",\"position\":2,\"name\":\"Shop\",\"item\":\"https:\/\/www.miomiorun.com\/shop\/\"},{\"@type\":\"ListItem\",\"position\":3,\"name\":\"Cool Mesh Superlight SL femme\"}]},{\"@type\":\"WebSite\",\"@id\":\"https:\/\/www.miomiorun.com\/fr\/#website\",\"url\":\"https:\/\/www.miomiorun.com\/fr\/\",\"name\":\"MioMioRun\",\"description\":\"Boutique 100% running et trail\",\"publisher\":{\"@id\":\"https:\/\/www.miomiorun.com\/fr\/#organization\"},\"potentialAction\":[{\"@type\":\"SearchAction\",\"target\":{\"@type\":\"EntryPoint\",\"urlTemplate\":\"https:\/\/www.miomiorun.com\/fr\/?s={search_term_string}\"},\"query-input\":{\"@type\":\"PropertyValueSpecification\",\"valueRequired\":true,\"valueName\":\"search_term_string\"}}],\"inLanguage\":\"fr-FR\"},{\"@type\":\"Organization\",\"@id\":\"https:\/\/www.miomiorun.com\/fr\/#organization\",\"name\":\"MioMio Run\",\"url\":\"https:\/\/www.miomiorun.com\/fr\/\",\"logo\":{\"@type\":\"ImageObject\",\"inLanguage\":\"fr-FR\",\"@id\":\"https:\/\/www.miomiorun.com\/fr\/#\/schema\/logo\/image\/\",\"url\":\"https:\/\/www.miomiorun.com\/app\/uploads\/2019\/12\/logomio.png\",\"contentUrl\":\"https:\/\/www.miomiorun.com\/app\/uploads\/2019\/12\/logomio.png\",\"width\":115,\"height\":82,\"caption\":\"MioMio Run\"},\"image\":{\"@id\":\"https:\/\/www.miomiorun.com\/fr\/#\/schema\/logo\/image\/\"},\"sameAs\":[\"https:\/\/www.facebook.com\/miomiorun\/\",\"https:\/\/www.instagram.com\/miomiorun\/\"]}]}<\/script>\n<!-- \/ Yoast SEO plugin. -->","yoast_head_json":{"title":"Craft Cool Mesh Superlight SL femme - Sous-v\u00eatements thermiques - MioMioRun.com","description":"Cool Mesh Superlight Sleeveless est fabriqu\u00e9 en maille fonctionnelle avec de grands trous offrant une ventilation et un refroidissement sup\u00e9rieurs.","robots":{"index":"index","follow":"follow","max-snippet":"max-snippet:-1","max-image-preview":"max-image-preview:large","max-video-preview":"max-video-preview:-1"},"canonical":"https:\/\/www.miomiorun.com\/fr\/produit\/craft-cool-mesh-superlight-sl-femme\/","og_locale":"fr_FR","og_type":"article","og_title":"Craft Cool Mesh Superlight SL femme - Sous-v\u00eatements thermiques - MioMioRun.com","og_description":"Cool Mesh Superlight Sleeveless est fabriqu\u00e9 en maille fonctionnelle avec de grands trous offrant une ventilation et un refroidissement sup\u00e9rieurs.","og_url":"https:\/\/www.miomiorun.com\/fr\/produit\/craft-cool-mesh-superlight-sl-femme\/","og_site_name":"MioMioRun","article_publisher":"https:\/\/www.facebook.com\/miomiorun\/","article_modified_time":"2025-06-16T16:29:36+00:00","og_image":[{"width":600,"height":600,"url":"https:\/\/www.miomiorun.com\/app\/uploads\/2024\/04\/craft-Cool-mesh-superlight-SL-W-twig-1903404-643000.webp","type":"image\/webp"}],"twitter_card":"summary_large_image","twitter_misc":{"Est. reading time":"1 minute"},"schema":{"@context":"https:\/\/schema.org","@graph":[{"@type":"WebPage","@id":"https:\/\/www.miomiorun.com\/fr\/produit\/craft-cool-mesh-superlight-sl-femme\/","url":"https:\/\/www.miomiorun.com\/fr\/produit\/craft-cool-mesh-superlight-sl-femme\/","name":"Craft Cool Mesh Superlight SL femme - Sous-v\u00eatements thermiques - MioMioRun.com","isPartOf":{"@id":"https:\/\/www.miomiorun.com\/fr\/#website"},"primaryImageOfPage":{"@id":"https:\/\/www.miomiorun.com\/fr\/produit\/craft-cool-mesh-superlight-sl-femme\/#primaryimage"},"image":{"@id":"https:\/\/www.miomiorun.com\/fr\/produit\/craft-cool-mesh-superlight-sl-femme\/#primaryimage"},"thumbnailUrl":"https:\/\/www.miomiorun.com\/app\/uploads\/2024\/04\/craft-Cool-mesh-superlight-SL-W-twig-1903404-643000.webp","datePublished":"2024-04-03T15:01:49+00:00","dateModified":"2025-06-16T16:29:36+00:00","description":"Cool Mesh Superlight Sleeveless est fabriqu\u00e9 en maille fonctionnelle avec de grands trous offrant une ventilation et un refroidissement sup\u00e9rieurs.","breadcrumb":{"@id":"https:\/\/www.miomiorun.com\/fr\/produit\/craft-cool-mesh-superlight-sl-femme\/#breadcrumb"},"inLanguage":"fr-FR","potentialAction":[{"@type":"ReadAction","target":["https:\/\/www.miomiorun.com\/fr\/produit\/craft-cool-mesh-superlight-sl-femme\/"]}]},{"@type":"ImageObject","inLanguage":"fr-FR","@id":"https:\/\/www.miomiorun.com\/fr\/produit\/craft-cool-mesh-superlight-sl-femme\/#primaryimage","url":"https:\/\/www.miomiorun.com\/app\/uploads\/2024\/04\/craft-Cool-mesh-superlight-SL-W-twig-1903404-643000.webp","contentUrl":"https:\/\/www.miomiorun.com\/app\/uploads\/2024\/04\/craft-Cool-mesh-superlight-SL-W-twig-1903404-643000.webp","width":600,"height":600,"caption":"craft Cool mesh superlight SL W twig 1903404-643000"},{"@type":"BreadcrumbList","@id":"https:\/\/www.miomiorun.com\/fr\/produit\/craft-cool-mesh-superlight-sl-femme\/#breadcrumb","itemListElement":[{"@type":"ListItem","position":1,"name":"Home","item":"https:\/\/www.miomiorun.com\/fr\/home-page\/"},{"@type":"ListItem","position":2,"name":"Shop","item":"https:\/\/www.miomiorun.com\/shop\/"},{"@type":"ListItem","position":3,"name":"Cool Mesh Superlight SL femme"}]},{"@type":"WebSite","@id":"https:\/\/www.miomiorun.com\/fr\/#website","url":"https:\/\/www.miomiorun.com\/fr\/","name":"MioMioRun","description":"Boutique 100% running et trail","publisher":{"@id":"https:\/\/www.miomiorun.com\/fr\/#organization"},"potentialAction":[{"@type":"SearchAction","target":{"@type":"EntryPoint","urlTemplate":"https:\/\/www.miomiorun.com\/fr\/?s={search_term_string}"},"query-input":{"@type":"PropertyValueSpecification","valueRequired":true,"valueName":"search_term_string"}}],"inLanguage":"fr-FR"},{"@type":"Organization","@id":"https:\/\/www.miomiorun.com\/fr\/#organization","name":"MioMio Run","url":"https:\/\/www.miomiorun.com\/fr\/","logo":{"@type":"ImageObject","inLanguage":"fr-FR","@id":"https:\/\/www.miomiorun.com\/fr\/#\/schema\/logo\/image\/","url":"https:\/\/www.miomiorun.com\/app\/uploads\/2019\/12\/logomio.png","contentUrl":"https:\/\/www.miomiorun.com\/app\/uploads\/2019\/12\/logomio.png","width":115,"height":82,"caption":"MioMio Run"},"image":{"@id":"https:\/\/www.miomiorun.com\/fr\/#\/schema\/logo\/image\/"},"sameAs":["https:\/\/www.facebook.com\/miomiorun\/","https:\/\/www.instagram.com\/miomiorun\/"]}]}},"_links":{"self":[{"href":"https:\/\/www.miomiorun.com\/fr\/wp-json\/wp\/v2\/product\/291018","targetHints":{"allow":["GET"]}}],"collection":[{"href":"https:\/\/www.miomiorun.com\/fr\/wp-json\/wp\/v2\/product"}],"about":[{"href":"https:\/\/www.miomiorun.com\/fr\/wp-json\/wp\/v2\/types\/product"}],"wp:featuredmedia":[{"embeddable":true,"href":"https:\/\/www.miomiorun.com\/fr\/wp-json\/wp\/v2\/media\/246246"}],"wp:attachment":[{"href":"https:\/\/www.miomiorun.com\/fr\/wp-json\/wp\/v2\/media?parent=291018"}],"wp:term":[{"taxonomy":"product_brand","embeddable":true,"href":"https:\/\/www.miomiorun.com\/fr\/wp-json\/wp\/v2\/product_brand?post=291018"},{"taxonomy":"product_cat","embeddable":true,"href":"https:\/\/www.miomiorun.com\/fr\/wp-json\/wp\/v2\/product_cat?post=291018"},{"taxonomy":"product_tag","embeddable":true,"href":"https:\/\/www.miomiorun.com\/fr\/wp-json\/wp\/v2\/product_tag?post=291018"}],"curies":[{"name":"wp","href":"https:\/\/api.w.org\/{rel}","templated":true}]}}