{"id":290946,"date":"2024-04-03T18:09:32","date_gmt":"2024-04-03T16:09:32","guid":{"rendered":"https:\/\/miomiorun.com\/prodotto\/pull-oxygen-donna\/"},"modified":"2026-05-08T22:02:45","modified_gmt":"2026-05-08T20:02:45","slug":"pull-oxygen-femme","status":"publish","type":"product","link":"https:\/\/www.miomiorun.com\/fr\/produit\/pull-oxygen-femme\/","title":{"rendered":"Pull Oxygen femme"},"content":{"rendered":"<div class=\"single-product-description\">\n<div class=\"single-product-description\">\n<p>Sweat-shirt en polaire pour femme de Crazy, mod\u00e8le Pull Oxygen Woman, de la collection automne\/hiver.<br \/>\nLe Pull Oxygen fait partie de l&#8217;ensemble du m\u00eame nom qui, avec le pantalon de ski de randonn\u00e9e, repr\u00e9sente l&#8217;essence de ce que Crazy consid\u00e8re comme la meilleure et la plus efficace fa\u00e7on de pratiquer ce sport, un v\u00e9ritable d\u00e9riv\u00e9 du monde de la course.<\/p>\n<p>R\u00e9alis\u00e9 en polaire italienne Vuelta douce et respirante, color\u00e9e et, dans certaines variantes, imprim\u00e9e avec les motifs caract\u00e9ristiques qui surprennent chaque ann\u00e9e.<br \/>\nLe tissu est trait\u00e9 au graph\u00e8ne \u00e0 l&#8217;int\u00e9rieur.<br \/>\nLong zip frontal divisible, col montant de protection, poche poitrine zipp\u00e9e, 2 poches int\u00e9rieures et une poche ext\u00e9rieure pour ranger les peaux de phoque.<br \/>\nPoche ARTVA int\u00e9rieure et passants pour le pouce dans le bas de la manche.<\/p>\n<p>Tissu : 85% POLYAMIDE 15% ELASTANE<\/p>\n<p>&nbsp;<\/p>\n<p><strong>Caract\u00e9ristiques :<\/strong><\/p>\n<ul>\n<li>fermeture \u00e0 glissi\u00e8re sur le devant \u00e0 ouverture totale<\/li>\n<li>poche poitrine zipp\u00e9e<\/li>\n<li>poche ARTVA<\/li>\n<li>tissu int\u00e9rieur avec traitement au graph\u00e8ne<\/li>\n<\/ul>\n<\/div>\n<\/div>\n","protected":false},"excerpt":{"rendered":"<p>Pull \u00e0 capuche \u00e0 manches longues pour les loisirs, dot\u00e9 de coutures de couleur contrast\u00e9e et d&#8217;un bas arrondi.<\/p>\n","protected":false},"featured_media":237860,"template":"","meta":{"_acf_changed":false,"inline_featured_image":false},"product_brand":[],"product_cat":[22601,22596,22595],"product_tag":[23489,23491],"class_list":{"0":"post-290946","1":"product","2":"type-product","3":"status-publish","4":"has-post-thumbnail","6":"product_cat-maillots","7":"product_cat-vetements-pour-femmes","8":"product_cat-femme","9":"product_tag-crazy-idea-fr","10":"product_tag-crazy-idea-femme","11":"pa_attivita-marcher","12":"pa_attivita-outdoor-fr","13":"pa_colore-pull-oxygen-printed-w-frozen-fr","14":"pa_marca-crazy-idea-fr","15":"pa_sesso-femme","16":"pa_size-small-fr","17":"pa_size-medium-fr","18":"pa_size-large-fr","20":"first","21":"instock","22":"sale","23":"taxable","24":"shipping-taxable","25":"purchasable","26":"product-type-variable","27":"wvs-archive-product-wrapper"},"acf":[],"yoast_head":"<!-- This site is optimized with the Yoast SEO plugin v26.8 - https:\/\/yoast.com\/product\/yoast-seo-wordpress\/ -->\n<title>Crazy Idea Pull Oxygen femme - T-shirt de course - MioMioRun<\/title>\n<meta name=\"description\" content=\"D\u00e9couvrez un maximum de confort et de libert\u00e9 de mouvement avec le pull Oxygen pour femme de Crazy Idea. Parfait pour les activit\u00e9s de plein air et les sports d&#039;hiver, cet article est indispensable pour relever tous les d\u00e9fis.\" \/>\n<meta name=\"robots\" content=\"index, follow, max-snippet:-1, max-image-preview:large, max-video-preview:-1\" \/>\n<link rel=\"canonical\" href=\"https:\/\/www.miomiorun.com\/fr\/produit\/pull-oxygen-femme\/\" \/>\n<meta property=\"og:locale\" content=\"fr_FR\" \/>\n<meta property=\"og:type\" content=\"article\" \/>\n<meta property=\"og:title\" content=\"Crazy Idea Pull Oxygen femme - T-shirt de course - MioMioRun\" \/>\n<meta property=\"og:description\" content=\"D\u00e9couvrez un maximum de confort et de libert\u00e9 de mouvement avec le pull Oxygen pour femme de Crazy Idea. Parfait pour les activit\u00e9s de plein air et les sports d&#039;hiver, cet article est indispensable pour relever tous les d\u00e9fis.\" \/>\n<meta property=\"og:url\" content=\"https:\/\/www.miomiorun.com\/fr\/produit\/pull-oxygen-femme\/\" \/>\n<meta property=\"og:site_name\" content=\"MioMioRun\" \/>\n<meta property=\"article:publisher\" content=\"https:\/\/www.facebook.com\/miomiorun\/\" \/>\n<meta property=\"article:modified_time\" content=\"2026-05-08T20:02:45+00:00\" \/>\n<meta property=\"og:image\" content=\"https:\/\/www.miomiorun.com\/app\/uploads\/2022\/09\/crazy-idea-pull-oxygen-W-lambada-W22055142D-0044.jpg\" \/>\n\t<meta property=\"og:image:width\" content=\"600\" \/>\n\t<meta property=\"og:image:height\" content=\"600\" \/>\n\t<meta property=\"og:image:type\" content=\"image\/jpeg\" \/>\n<meta name=\"twitter:card\" content=\"summary_large_image\" \/>\n<meta name=\"twitter:label1\" content=\"Est. reading time\" \/>\n\t<meta name=\"twitter:data1\" content=\"1 minute\" \/>\n<script type=\"application\/ld+json\" class=\"yoast-schema-graph\">{\"@context\":\"https:\/\/schema.org\",\"@graph\":[{\"@type\":\"WebPage\",\"@id\":\"https:\/\/www.miomiorun.com\/fr\/produit\/pull-oxygen-femme\/\",\"url\":\"https:\/\/www.miomiorun.com\/fr\/produit\/pull-oxygen-femme\/\",\"name\":\"Crazy Idea Pull Oxygen femme - T-shirt de course - MioMioRun\",\"isPartOf\":{\"@id\":\"https:\/\/www.miomiorun.com\/fr\/#website\"},\"primaryImageOfPage\":{\"@id\":\"https:\/\/www.miomiorun.com\/fr\/produit\/pull-oxygen-femme\/#primaryimage\"},\"image\":{\"@id\":\"https:\/\/www.miomiorun.com\/fr\/produit\/pull-oxygen-femme\/#primaryimage\"},\"thumbnailUrl\":\"https:\/\/www.miomiorun.com\/app\/uploads\/2022\/09\/crazy-idea-pull-oxygen-W-lambada-W22055142D-0044.jpg\",\"datePublished\":\"2024-04-03T16:09:32+00:00\",\"dateModified\":\"2026-05-08T20:02:45+00:00\",\"description\":\"D\u00e9couvrez un maximum de confort et de libert\u00e9 de mouvement avec le pull Oxygen pour femme de Crazy Idea. Parfait pour les activit\u00e9s de plein air et les sports d'hiver, cet article est indispensable pour relever tous les d\u00e9fis.\",\"breadcrumb\":{\"@id\":\"https:\/\/www.miomiorun.com\/fr\/produit\/pull-oxygen-femme\/#breadcrumb\"},\"inLanguage\":\"fr-FR\",\"potentialAction\":[{\"@type\":\"ReadAction\",\"target\":[\"https:\/\/www.miomiorun.com\/fr\/produit\/pull-oxygen-femme\/\"]}]},{\"@type\":\"ImageObject\",\"inLanguage\":\"fr-FR\",\"@id\":\"https:\/\/www.miomiorun.com\/fr\/produit\/pull-oxygen-femme\/#primaryimage\",\"url\":\"https:\/\/www.miomiorun.com\/app\/uploads\/2022\/09\/crazy-idea-pull-oxygen-W-lambada-W22055142D-0044.jpg\",\"contentUrl\":\"https:\/\/www.miomiorun.com\/app\/uploads\/2022\/09\/crazy-idea-pull-oxygen-W-lambada-W22055142D-0044.jpg\",\"width\":600,\"height\":600,\"caption\":\"crazy-idea-pull-oxygen-W-lambada-W22055142D-0044\"},{\"@type\":\"BreadcrumbList\",\"@id\":\"https:\/\/www.miomiorun.com\/fr\/produit\/pull-oxygen-femme\/#breadcrumb\",\"itemListElement\":[{\"@type\":\"ListItem\",\"position\":1,\"name\":\"Home\",\"item\":\"https:\/\/www.miomiorun.com\/fr\/home-page\/\"},{\"@type\":\"ListItem\",\"position\":2,\"name\":\"Shop\",\"item\":\"https:\/\/www.miomiorun.com\/shop\/\"},{\"@type\":\"ListItem\",\"position\":3,\"name\":\"Pull Oxygen femme\"}]},{\"@type\":\"WebSite\",\"@id\":\"https:\/\/www.miomiorun.com\/fr\/#website\",\"url\":\"https:\/\/www.miomiorun.com\/fr\/\",\"name\":\"MioMioRun\",\"description\":\"Boutique 100% running et trail\",\"publisher\":{\"@id\":\"https:\/\/www.miomiorun.com\/fr\/#organization\"},\"potentialAction\":[{\"@type\":\"SearchAction\",\"target\":{\"@type\":\"EntryPoint\",\"urlTemplate\":\"https:\/\/www.miomiorun.com\/fr\/?s={search_term_string}\"},\"query-input\":{\"@type\":\"PropertyValueSpecification\",\"valueRequired\":true,\"valueName\":\"search_term_string\"}}],\"inLanguage\":\"fr-FR\"},{\"@type\":\"Organization\",\"@id\":\"https:\/\/www.miomiorun.com\/fr\/#organization\",\"name\":\"MioMio Run\",\"url\":\"https:\/\/www.miomiorun.com\/fr\/\",\"logo\":{\"@type\":\"ImageObject\",\"inLanguage\":\"fr-FR\",\"@id\":\"https:\/\/www.miomiorun.com\/fr\/#\/schema\/logo\/image\/\",\"url\":\"https:\/\/www.miomiorun.com\/app\/uploads\/2019\/12\/logomio.png\",\"contentUrl\":\"https:\/\/www.miomiorun.com\/app\/uploads\/2019\/12\/logomio.png\",\"width\":115,\"height\":82,\"caption\":\"MioMio Run\"},\"image\":{\"@id\":\"https:\/\/www.miomiorun.com\/fr\/#\/schema\/logo\/image\/\"},\"sameAs\":[\"https:\/\/www.facebook.com\/miomiorun\/\",\"https:\/\/www.instagram.com\/miomiorun\/\"]}]}<\/script>\n<!-- \/ Yoast SEO plugin. -->","yoast_head_json":{"title":"Crazy Idea Pull Oxygen femme - T-shirt de course - MioMioRun","description":"D\u00e9couvrez un maximum de confort et de libert\u00e9 de mouvement avec le pull Oxygen pour femme de Crazy Idea. Parfait pour les activit\u00e9s de plein air et les sports d'hiver, cet article est indispensable pour relever tous les d\u00e9fis.","robots":{"index":"index","follow":"follow","max-snippet":"max-snippet:-1","max-image-preview":"max-image-preview:large","max-video-preview":"max-video-preview:-1"},"canonical":"https:\/\/www.miomiorun.com\/fr\/produit\/pull-oxygen-femme\/","og_locale":"fr_FR","og_type":"article","og_title":"Crazy Idea Pull Oxygen femme - T-shirt de course - MioMioRun","og_description":"D\u00e9couvrez un maximum de confort et de libert\u00e9 de mouvement avec le pull Oxygen pour femme de Crazy Idea. Parfait pour les activit\u00e9s de plein air et les sports d'hiver, cet article est indispensable pour relever tous les d\u00e9fis.","og_url":"https:\/\/www.miomiorun.com\/fr\/produit\/pull-oxygen-femme\/","og_site_name":"MioMioRun","article_publisher":"https:\/\/www.facebook.com\/miomiorun\/","article_modified_time":"2026-05-08T20:02:45+00:00","og_image":[{"width":600,"height":600,"url":"https:\/\/www.miomiorun.com\/app\/uploads\/2022\/09\/crazy-idea-pull-oxygen-W-lambada-W22055142D-0044.jpg","type":"image\/jpeg"}],"twitter_card":"summary_large_image","twitter_misc":{"Est. reading time":"1 minute"},"schema":{"@context":"https:\/\/schema.org","@graph":[{"@type":"WebPage","@id":"https:\/\/www.miomiorun.com\/fr\/produit\/pull-oxygen-femme\/","url":"https:\/\/www.miomiorun.com\/fr\/produit\/pull-oxygen-femme\/","name":"Crazy Idea Pull Oxygen femme - T-shirt de course - MioMioRun","isPartOf":{"@id":"https:\/\/www.miomiorun.com\/fr\/#website"},"primaryImageOfPage":{"@id":"https:\/\/www.miomiorun.com\/fr\/produit\/pull-oxygen-femme\/#primaryimage"},"image":{"@id":"https:\/\/www.miomiorun.com\/fr\/produit\/pull-oxygen-femme\/#primaryimage"},"thumbnailUrl":"https:\/\/www.miomiorun.com\/app\/uploads\/2022\/09\/crazy-idea-pull-oxygen-W-lambada-W22055142D-0044.jpg","datePublished":"2024-04-03T16:09:32+00:00","dateModified":"2026-05-08T20:02:45+00:00","description":"D\u00e9couvrez un maximum de confort et de libert\u00e9 de mouvement avec le pull Oxygen pour femme de Crazy Idea. Parfait pour les activit\u00e9s de plein air et les sports d'hiver, cet article est indispensable pour relever tous les d\u00e9fis.","breadcrumb":{"@id":"https:\/\/www.miomiorun.com\/fr\/produit\/pull-oxygen-femme\/#breadcrumb"},"inLanguage":"fr-FR","potentialAction":[{"@type":"ReadAction","target":["https:\/\/www.miomiorun.com\/fr\/produit\/pull-oxygen-femme\/"]}]},{"@type":"ImageObject","inLanguage":"fr-FR","@id":"https:\/\/www.miomiorun.com\/fr\/produit\/pull-oxygen-femme\/#primaryimage","url":"https:\/\/www.miomiorun.com\/app\/uploads\/2022\/09\/crazy-idea-pull-oxygen-W-lambada-W22055142D-0044.jpg","contentUrl":"https:\/\/www.miomiorun.com\/app\/uploads\/2022\/09\/crazy-idea-pull-oxygen-W-lambada-W22055142D-0044.jpg","width":600,"height":600,"caption":"crazy-idea-pull-oxygen-W-lambada-W22055142D-0044"},{"@type":"BreadcrumbList","@id":"https:\/\/www.miomiorun.com\/fr\/produit\/pull-oxygen-femme\/#breadcrumb","itemListElement":[{"@type":"ListItem","position":1,"name":"Home","item":"https:\/\/www.miomiorun.com\/fr\/home-page\/"},{"@type":"ListItem","position":2,"name":"Shop","item":"https:\/\/www.miomiorun.com\/shop\/"},{"@type":"ListItem","position":3,"name":"Pull Oxygen femme"}]},{"@type":"WebSite","@id":"https:\/\/www.miomiorun.com\/fr\/#website","url":"https:\/\/www.miomiorun.com\/fr\/","name":"MioMioRun","description":"Boutique 100% running et trail","publisher":{"@id":"https:\/\/www.miomiorun.com\/fr\/#organization"},"potentialAction":[{"@type":"SearchAction","target":{"@type":"EntryPoint","urlTemplate":"https:\/\/www.miomiorun.com\/fr\/?s={search_term_string}"},"query-input":{"@type":"PropertyValueSpecification","valueRequired":true,"valueName":"search_term_string"}}],"inLanguage":"fr-FR"},{"@type":"Organization","@id":"https:\/\/www.miomiorun.com\/fr\/#organization","name":"MioMio Run","url":"https:\/\/www.miomiorun.com\/fr\/","logo":{"@type":"ImageObject","inLanguage":"fr-FR","@id":"https:\/\/www.miomiorun.com\/fr\/#\/schema\/logo\/image\/","url":"https:\/\/www.miomiorun.com\/app\/uploads\/2019\/12\/logomio.png","contentUrl":"https:\/\/www.miomiorun.com\/app\/uploads\/2019\/12\/logomio.png","width":115,"height":82,"caption":"MioMio Run"},"image":{"@id":"https:\/\/www.miomiorun.com\/fr\/#\/schema\/logo\/image\/"},"sameAs":["https:\/\/www.facebook.com\/miomiorun\/","https:\/\/www.instagram.com\/miomiorun\/"]}]}},"_links":{"self":[{"href":"https:\/\/www.miomiorun.com\/fr\/wp-json\/wp\/v2\/product\/290946","targetHints":{"allow":["GET"]}}],"collection":[{"href":"https:\/\/www.miomiorun.com\/fr\/wp-json\/wp\/v2\/product"}],"about":[{"href":"https:\/\/www.miomiorun.com\/fr\/wp-json\/wp\/v2\/types\/product"}],"wp:featuredmedia":[{"embeddable":true,"href":"https:\/\/www.miomiorun.com\/fr\/wp-json\/wp\/v2\/media\/237860"}],"wp:attachment":[{"href":"https:\/\/www.miomiorun.com\/fr\/wp-json\/wp\/v2\/media?parent=290946"}],"wp:term":[{"taxonomy":"product_brand","embeddable":true,"href":"https:\/\/www.miomiorun.com\/fr\/wp-json\/wp\/v2\/product_brand?post=290946"},{"taxonomy":"product_cat","embeddable":true,"href":"https:\/\/www.miomiorun.com\/fr\/wp-json\/wp\/v2\/product_cat?post=290946"},{"taxonomy":"product_tag","embeddable":true,"href":"https:\/\/www.miomiorun.com\/fr\/wp-json\/wp\/v2\/product_tag?post=290946"}],"curies":[{"name":"wp","href":"https:\/\/api.w.org\/{rel}","templated":true}]}}