{"id":290940,"date":"2024-04-04T10:42:15","date_gmt":"2024-04-04T08:42:15","guid":{"rendered":"https:\/\/miomiorun.com\/prodotto\/adv-essence-singlet-donna\/"},"modified":"2025-06-13T11:19:31","modified_gmt":"2025-06-13T09:19:31","slug":"adv-essence-singlet-femme","status":"publish","type":"product","link":"https:\/\/www.miomiorun.com\/fr\/produit\/adv-essence-singlet-femme\/","title":{"rendered":"ADV Essence singlet femme"},"content":{"rendered":"<p>ADV Essence Singlet est un singlet souple et fonctionnel en polyester recycl\u00e9 qui assure une excellente \u00e9vacuation de l&#8217;humidit\u00e9 pour l&#8217;entra\u00eenement quotidien. De plus, ce singlet d&#8217;entra\u00eenement avanc\u00e9 est dot\u00e9 d&#8217;un dos \u00e9chancr\u00e9 pour un confort optimal et une grande libert\u00e9 de mouvement.<\/p>\n<p><strong>Caract\u00e9ristiques :<\/strong><\/p>\n<div class=\"Accordion__AccordionContent-sc-9wckgl-3 ihrqnG\">\n<div>\n<ul>\n<li class=\"Text-sc-s31epd-0 iovWTc d-inline f3-700 mr-1\">Mati\u00e8res : Tissu : 95 % polyester recycl\u00e9, 5 % \u00e9lasthanne Maille : 100 % polyester recycl\u00e9<\/li>\n<li class=\"Text-sc-s31epd-0 iovWTc d-inline f3-700 mr-1\">Encolure : ronde<\/li>\n<li>Manches : Sans manches<\/li>\n<li>Polyester recycl\u00e9<\/li>\n<li>D\u00e9tails en maille pour une meilleure ventilation<\/li>\n<li>Dos creux<\/li>\n<li>Fond arrondi<\/li>\n<li>Coupe r\u00e9guli\u00e8re<\/li>\n<\/ul>\n<\/div>\n<\/div>\n<p>&nbsp;<\/p>\n<p><img loading=\"lazy\" decoding=\"async\" class=\"css-1w257c5\" title=\"MoistureTransport\" src=\"https:\/\/www.craftsportswear.com\/static\/media\/moisture_transport.27f437d8.svg?q=70&amp;fit=clip&amp;w=72&amp;fm=jpg&amp;auto=format\" sizes=\"auto, 32px\" alt=\"MoistureTransport\" width=\"87\" height=\"87\" \/><\/p>\n<p>Transport de l&#8217;humidit\u00e9.<\/p>\n<p><img loading=\"lazy\" decoding=\"async\" class=\"css-1w257c5\" title=\"Stretch\" src=\"https:\/\/www.craftsportswear.com\/static\/media\/stretch.b10adc40.svg?q=70&amp;fit=clip&amp;w=72&amp;fm=jpg&amp;auto=format\" sizes=\"auto, 32px\" alt=\"Stretch\" width=\"85\" height=\"85\" \/><\/p>\n<p>Tissu extensible.<\/p>\n<p>&nbsp;<\/p>\n","protected":false},"excerpt":{"rendered":"<p>ADV Essence Singlet est un singlet souple et fonctionnel en polyester recycl\u00e9 qui assure une excellente \u00e9vacuation de l&#8217;humidit\u00e9 pour l&#8217;entra\u00eenement quotidien. De plus, ce singlet d&#8217;entra\u00eenement avanc\u00e9 est dot\u00e9 d&#8217;un dos \u00e9chancr\u00e9 pour un confort optimal et une grande libert\u00e9 de mouvement. Caract\u00e9ristiques : Mati\u00e8res : Tissu : 95 % polyester recycl\u00e9, 5 % &hellip; <a href=\"https:\/\/www.miomiorun.com\/fr\/produit\/adv-essence-singlet-femme\/\">Continued<\/a><\/p>\n","protected":false},"featured_media":246266,"template":"","meta":{"_acf_changed":false,"inline_featured_image":false},"product_brand":[],"product_cat":[24442,24444],"product_tag":[23554,23648],"class_list":{"0":"post-290940","1":"product","2":"type-product","3":"status-publish","4":"has-post-thumbnail","6":"product_cat-gilets-fr-2","7":"product_cat-vetements-pour-femmes-fr","8":"product_tag-craft-fr","9":"product_tag-craft-femme","10":"pa_attivita-fitness-fr","11":"pa_attivita-marcher","12":"pa_attivita-running-fr","13":"pa_colore-adv-essence-singlet-w-crush-fr","14":"pa_colore-adv-essence-singlet-w-fuchsia-fr","15":"pa_colore-adv-essence-singlet-w-jump-fr","16":"pa_colore-adv-essence-singlet-w-white-fr","17":"pa_marca-craft-fr","18":"pa_sesso-femme","19":"pa_size-extra-small-fr","20":"pa_size-small-fr","22":"first","23":"instock","24":"sale","25":"taxable","26":"shipping-taxable","27":"purchasable","28":"product-type-variable","29":"wvs-archive-product-wrapper"},"acf":[],"yoast_head":"<!-- This site is optimized with the Yoast SEO plugin v26.8 - https:\/\/yoast.com\/product\/yoast-seo-wordpress\/ -->\n<title>Craft ADV Essence singlet femme - d\u00e9bardeurs de course - MioMioRun.com<\/title>\n<meta name=\"description\" content=\"R\u00e9v\u00e9lez votre f\u00e9minit\u00e9 avec le singlet ADV Essence, parfait pour toutes les occasions. D\u00e9couvrez le confort et le style unique de ce v\u00eatement incontournable.\" \/>\n<meta name=\"robots\" content=\"index, follow, max-snippet:-1, max-image-preview:large, max-video-preview:-1\" \/>\n<link rel=\"canonical\" href=\"https:\/\/www.miomiorun.com\/fr\/produit\/adv-essence-singlet-femme\/\" \/>\n<meta property=\"og:locale\" content=\"fr_FR\" \/>\n<meta property=\"og:type\" content=\"article\" \/>\n<meta property=\"og:title\" content=\"Craft ADV Essence singlet femme - d\u00e9bardeurs de course - MioMioRun.com\" \/>\n<meta property=\"og:description\" content=\"R\u00e9v\u00e9lez votre f\u00e9minit\u00e9 avec le singlet ADV Essence, parfait pour toutes les occasions. D\u00e9couvrez le confort et le style unique de ce v\u00eatement incontournable.\" \/>\n<meta property=\"og:url\" content=\"https:\/\/www.miomiorun.com\/fr\/produit\/adv-essence-singlet-femme\/\" \/>\n<meta property=\"og:site_name\" content=\"MioMioRun\" \/>\n<meta property=\"article:publisher\" content=\"https:\/\/www.facebook.com\/miomiorun\/\" \/>\n<meta property=\"article:modified_time\" content=\"2025-06-13T09:19:31+00:00\" \/>\n<meta property=\"og:image\" content=\"https:\/\/www.miomiorun.com\/app\/uploads\/2024\/04\/craft-ADV-essence-singlet-W-jump-1908770-359000.webp\" \/>\n\t<meta property=\"og:image:width\" content=\"600\" \/>\n\t<meta property=\"og:image:height\" content=\"600\" \/>\n\t<meta property=\"og:image:type\" content=\"image\/webp\" \/>\n<meta name=\"twitter:card\" content=\"summary_large_image\" \/>\n<script type=\"application\/ld+json\" class=\"yoast-schema-graph\">{\"@context\":\"https:\/\/schema.org\",\"@graph\":[{\"@type\":\"WebPage\",\"@id\":\"https:\/\/www.miomiorun.com\/fr\/produit\/adv-essence-singlet-femme\/\",\"url\":\"https:\/\/www.miomiorun.com\/fr\/produit\/adv-essence-singlet-femme\/\",\"name\":\"Craft ADV Essence singlet femme - d\u00e9bardeurs de course - MioMioRun.com\",\"isPartOf\":{\"@id\":\"https:\/\/www.miomiorun.com\/fr\/#website\"},\"primaryImageOfPage\":{\"@id\":\"https:\/\/www.miomiorun.com\/fr\/produit\/adv-essence-singlet-femme\/#primaryimage\"},\"image\":{\"@id\":\"https:\/\/www.miomiorun.com\/fr\/produit\/adv-essence-singlet-femme\/#primaryimage\"},\"thumbnailUrl\":\"https:\/\/www.miomiorun.com\/app\/uploads\/2024\/04\/craft-ADV-essence-singlet-W-jump-1908770-359000.webp\",\"datePublished\":\"2024-04-04T08:42:15+00:00\",\"dateModified\":\"2025-06-13T09:19:31+00:00\",\"description\":\"R\u00e9v\u00e9lez votre f\u00e9minit\u00e9 avec le singlet ADV Essence, parfait pour toutes les occasions. D\u00e9couvrez le confort et le style unique de ce v\u00eatement incontournable.\",\"breadcrumb\":{\"@id\":\"https:\/\/www.miomiorun.com\/fr\/produit\/adv-essence-singlet-femme\/#breadcrumb\"},\"inLanguage\":\"fr-FR\",\"potentialAction\":[{\"@type\":\"ReadAction\",\"target\":[\"https:\/\/www.miomiorun.com\/fr\/produit\/adv-essence-singlet-femme\/\"]}]},{\"@type\":\"ImageObject\",\"inLanguage\":\"fr-FR\",\"@id\":\"https:\/\/www.miomiorun.com\/fr\/produit\/adv-essence-singlet-femme\/#primaryimage\",\"url\":\"https:\/\/www.miomiorun.com\/app\/uploads\/2024\/04\/craft-ADV-essence-singlet-W-jump-1908770-359000.webp\",\"contentUrl\":\"https:\/\/www.miomiorun.com\/app\/uploads\/2024\/04\/craft-ADV-essence-singlet-W-jump-1908770-359000.webp\",\"width\":600,\"height\":600,\"caption\":\"craft ADV essence singlet W jump 1908770-359000\"},{\"@type\":\"BreadcrumbList\",\"@id\":\"https:\/\/www.miomiorun.com\/fr\/produit\/adv-essence-singlet-femme\/#breadcrumb\",\"itemListElement\":[{\"@type\":\"ListItem\",\"position\":1,\"name\":\"Home\",\"item\":\"https:\/\/www.miomiorun.com\/fr\/home-page\/\"},{\"@type\":\"ListItem\",\"position\":2,\"name\":\"Shop\",\"item\":\"https:\/\/www.miomiorun.com\/shop\/\"},{\"@type\":\"ListItem\",\"position\":3,\"name\":\"ADV Essence singlet femme\"}]},{\"@type\":\"WebSite\",\"@id\":\"https:\/\/www.miomiorun.com\/fr\/#website\",\"url\":\"https:\/\/www.miomiorun.com\/fr\/\",\"name\":\"MioMioRun\",\"description\":\"Boutique 100% running et trail\",\"publisher\":{\"@id\":\"https:\/\/www.miomiorun.com\/fr\/#organization\"},\"potentialAction\":[{\"@type\":\"SearchAction\",\"target\":{\"@type\":\"EntryPoint\",\"urlTemplate\":\"https:\/\/www.miomiorun.com\/fr\/?s={search_term_string}\"},\"query-input\":{\"@type\":\"PropertyValueSpecification\",\"valueRequired\":true,\"valueName\":\"search_term_string\"}}],\"inLanguage\":\"fr-FR\"},{\"@type\":\"Organization\",\"@id\":\"https:\/\/www.miomiorun.com\/fr\/#organization\",\"name\":\"MioMio Run\",\"url\":\"https:\/\/www.miomiorun.com\/fr\/\",\"logo\":{\"@type\":\"ImageObject\",\"inLanguage\":\"fr-FR\",\"@id\":\"https:\/\/www.miomiorun.com\/fr\/#\/schema\/logo\/image\/\",\"url\":\"https:\/\/www.miomiorun.com\/app\/uploads\/2019\/12\/logomio.png\",\"contentUrl\":\"https:\/\/www.miomiorun.com\/app\/uploads\/2019\/12\/logomio.png\",\"width\":115,\"height\":82,\"caption\":\"MioMio Run\"},\"image\":{\"@id\":\"https:\/\/www.miomiorun.com\/fr\/#\/schema\/logo\/image\/\"},\"sameAs\":[\"https:\/\/www.facebook.com\/miomiorun\/\",\"https:\/\/www.instagram.com\/miomiorun\/\"]}]}<\/script>\n<!-- \/ Yoast SEO plugin. -->","yoast_head_json":{"title":"Craft ADV Essence singlet femme - d\u00e9bardeurs de course - MioMioRun.com","description":"R\u00e9v\u00e9lez votre f\u00e9minit\u00e9 avec le singlet ADV Essence, parfait pour toutes les occasions. D\u00e9couvrez le confort et le style unique de ce v\u00eatement incontournable.","robots":{"index":"index","follow":"follow","max-snippet":"max-snippet:-1","max-image-preview":"max-image-preview:large","max-video-preview":"max-video-preview:-1"},"canonical":"https:\/\/www.miomiorun.com\/fr\/produit\/adv-essence-singlet-femme\/","og_locale":"fr_FR","og_type":"article","og_title":"Craft ADV Essence singlet femme - d\u00e9bardeurs de course - MioMioRun.com","og_description":"R\u00e9v\u00e9lez votre f\u00e9minit\u00e9 avec le singlet ADV Essence, parfait pour toutes les occasions. D\u00e9couvrez le confort et le style unique de ce v\u00eatement incontournable.","og_url":"https:\/\/www.miomiorun.com\/fr\/produit\/adv-essence-singlet-femme\/","og_site_name":"MioMioRun","article_publisher":"https:\/\/www.facebook.com\/miomiorun\/","article_modified_time":"2025-06-13T09:19:31+00:00","og_image":[{"width":600,"height":600,"url":"https:\/\/www.miomiorun.com\/app\/uploads\/2024\/04\/craft-ADV-essence-singlet-W-jump-1908770-359000.webp","type":"image\/webp"}],"twitter_card":"summary_large_image","schema":{"@context":"https:\/\/schema.org","@graph":[{"@type":"WebPage","@id":"https:\/\/www.miomiorun.com\/fr\/produit\/adv-essence-singlet-femme\/","url":"https:\/\/www.miomiorun.com\/fr\/produit\/adv-essence-singlet-femme\/","name":"Craft ADV Essence singlet femme - d\u00e9bardeurs de course - MioMioRun.com","isPartOf":{"@id":"https:\/\/www.miomiorun.com\/fr\/#website"},"primaryImageOfPage":{"@id":"https:\/\/www.miomiorun.com\/fr\/produit\/adv-essence-singlet-femme\/#primaryimage"},"image":{"@id":"https:\/\/www.miomiorun.com\/fr\/produit\/adv-essence-singlet-femme\/#primaryimage"},"thumbnailUrl":"https:\/\/www.miomiorun.com\/app\/uploads\/2024\/04\/craft-ADV-essence-singlet-W-jump-1908770-359000.webp","datePublished":"2024-04-04T08:42:15+00:00","dateModified":"2025-06-13T09:19:31+00:00","description":"R\u00e9v\u00e9lez votre f\u00e9minit\u00e9 avec le singlet ADV Essence, parfait pour toutes les occasions. D\u00e9couvrez le confort et le style unique de ce v\u00eatement incontournable.","breadcrumb":{"@id":"https:\/\/www.miomiorun.com\/fr\/produit\/adv-essence-singlet-femme\/#breadcrumb"},"inLanguage":"fr-FR","potentialAction":[{"@type":"ReadAction","target":["https:\/\/www.miomiorun.com\/fr\/produit\/adv-essence-singlet-femme\/"]}]},{"@type":"ImageObject","inLanguage":"fr-FR","@id":"https:\/\/www.miomiorun.com\/fr\/produit\/adv-essence-singlet-femme\/#primaryimage","url":"https:\/\/www.miomiorun.com\/app\/uploads\/2024\/04\/craft-ADV-essence-singlet-W-jump-1908770-359000.webp","contentUrl":"https:\/\/www.miomiorun.com\/app\/uploads\/2024\/04\/craft-ADV-essence-singlet-W-jump-1908770-359000.webp","width":600,"height":600,"caption":"craft ADV essence singlet W jump 1908770-359000"},{"@type":"BreadcrumbList","@id":"https:\/\/www.miomiorun.com\/fr\/produit\/adv-essence-singlet-femme\/#breadcrumb","itemListElement":[{"@type":"ListItem","position":1,"name":"Home","item":"https:\/\/www.miomiorun.com\/fr\/home-page\/"},{"@type":"ListItem","position":2,"name":"Shop","item":"https:\/\/www.miomiorun.com\/shop\/"},{"@type":"ListItem","position":3,"name":"ADV Essence singlet femme"}]},{"@type":"WebSite","@id":"https:\/\/www.miomiorun.com\/fr\/#website","url":"https:\/\/www.miomiorun.com\/fr\/","name":"MioMioRun","description":"Boutique 100% running et trail","publisher":{"@id":"https:\/\/www.miomiorun.com\/fr\/#organization"},"potentialAction":[{"@type":"SearchAction","target":{"@type":"EntryPoint","urlTemplate":"https:\/\/www.miomiorun.com\/fr\/?s={search_term_string}"},"query-input":{"@type":"PropertyValueSpecification","valueRequired":true,"valueName":"search_term_string"}}],"inLanguage":"fr-FR"},{"@type":"Organization","@id":"https:\/\/www.miomiorun.com\/fr\/#organization","name":"MioMio Run","url":"https:\/\/www.miomiorun.com\/fr\/","logo":{"@type":"ImageObject","inLanguage":"fr-FR","@id":"https:\/\/www.miomiorun.com\/fr\/#\/schema\/logo\/image\/","url":"https:\/\/www.miomiorun.com\/app\/uploads\/2019\/12\/logomio.png","contentUrl":"https:\/\/www.miomiorun.com\/app\/uploads\/2019\/12\/logomio.png","width":115,"height":82,"caption":"MioMio Run"},"image":{"@id":"https:\/\/www.miomiorun.com\/fr\/#\/schema\/logo\/image\/"},"sameAs":["https:\/\/www.facebook.com\/miomiorun\/","https:\/\/www.instagram.com\/miomiorun\/"]}]}},"_links":{"self":[{"href":"https:\/\/www.miomiorun.com\/fr\/wp-json\/wp\/v2\/product\/290940","targetHints":{"allow":["GET"]}}],"collection":[{"href":"https:\/\/www.miomiorun.com\/fr\/wp-json\/wp\/v2\/product"}],"about":[{"href":"https:\/\/www.miomiorun.com\/fr\/wp-json\/wp\/v2\/types\/product"}],"wp:featuredmedia":[{"embeddable":true,"href":"https:\/\/www.miomiorun.com\/fr\/wp-json\/wp\/v2\/media\/246266"}],"wp:attachment":[{"href":"https:\/\/www.miomiorun.com\/fr\/wp-json\/wp\/v2\/media?parent=290940"}],"wp:term":[{"taxonomy":"product_brand","embeddable":true,"href":"https:\/\/www.miomiorun.com\/fr\/wp-json\/wp\/v2\/product_brand?post=290940"},{"taxonomy":"product_cat","embeddable":true,"href":"https:\/\/www.miomiorun.com\/fr\/wp-json\/wp\/v2\/product_cat?post=290940"},{"taxonomy":"product_tag","embeddable":true,"href":"https:\/\/www.miomiorun.com\/fr\/wp-json\/wp\/v2\/product_tag?post=290940"}],"curies":[{"name":"wp","href":"https:\/\/api.w.org\/{rel}","templated":true}]}}