{"id":290923,"date":"2024-04-06T16:46:04","date_gmt":"2024-04-06T14:46:04","guid":{"rendered":"https:\/\/miomiorun.com\/prodotto\/reusable-race-day-cup\/"},"modified":"2025-06-11T17:22:14","modified_gmt":"2025-06-11T15:22:14","slug":"reusable-race-day-cup","status":"publish","type":"product","link":"https:\/\/www.miomiorun.com\/fr\/produit\/reusable-race-day-cup\/","title":{"rendered":"Reusable race day cup"},"content":{"rendered":"<h2>POURQUOI VOUS L&#8217;AIMEREZ<\/h2>\n<p>Parfaits pour le jour de la course, ces gobelets flexibles sont pliables et peuvent \u00eatre facilement rang\u00e9s dans votre ceinture ou votre poche. Ils r\u00e9pondent aux exigences de nombreuses \u00e9preuves de course en 2022.<\/p>\n<h3>CARACT\u00c9RISTIQUES<\/h3>\n<ul>\n<li>Deux verres pliables pour un rangement rapide<\/li>\n<li>Rebord nervur\u00e9 pour faciliter la consommation<\/li>\n<li>Anneau de fixation<\/li>\n<li>200 ml \/ 6,7 onces liquides<\/li>\n<li>Dimensions 6 x 2 x 2 pouces<\/li>\n<li>0,0025 lbs &#8211; 1,133 g<\/li>\n<li>100% TPU<\/li>\n<\/ul>\n<p>Caract\u00e9ristiques et technologie<\/p>\n<p>\u00c9COLOGIQUE<\/p>\n<p>Pack de deux gobelets flexibles et pliables con\u00e7us pour \u00eatre utilis\u00e9s rapidement, rang\u00e9s facilement et r\u00e9utilis\u00e9s selon les besoins.<\/p>\n<p>FACILE \u00c0 UTILISER<\/p>\n<p>Le bord nervur\u00e9 permet de boire rapidement et facilement.<\/p>\n","protected":false},"excerpt":{"rendered":"<p>POURQUOI VOUS L&#8217;AIMEREZ Parfaits pour le jour de la course, ces gobelets flexibles sont pliables et peuvent \u00eatre facilement rang\u00e9s dans votre ceinture ou votre poche. Ils r\u00e9pondent aux exigences de nombreuses \u00e9preuves de course en 2022. CARACT\u00c9RISTIQUES Deux verres pliables pour un rangement rapide Rebord nervur\u00e9 pour faciliter la consommation Anneau de fixation 200 &hellip; <a href=\"https:\/\/www.miomiorun.com\/fr\/produit\/reusable-race-day-cup\/\">Continued<\/a><\/p>\n","protected":false},"featured_media":246332,"template":"","meta":{"_acf_changed":false,"inline_featured_image":false},"product_brand":[],"product_cat":[22575,22574,22538],"product_tag":[23511],"class_list":{"0":"post-290923","1":"product","2":"type-product","3":"status-publish","4":"has-post-thumbnail","6":"product_cat-flacons","7":"product_cat-hydratation","8":"product_cat-accessoires","9":"product_tag-nathan-fr","10":"pa_attivita-marcher","11":"pa_attivita-outdoor-fr","12":"pa_attivita-trail-fr","13":"pa_marca-nathan-fr","14":"pa_sesso-femme","15":"pa_sesso-homme","17":"first","18":"instock","19":"sale","20":"taxable","21":"shipping-taxable","22":"purchasable","23":"product-type-simple"},"acf":[],"yoast_head":"<!-- This site is optimized with the Yoast SEO plugin v26.8 - https:\/\/yoast.com\/product\/yoast-seo-wordpress\/ -->\n<title>Reusable race day cup - Cup running - MioMioRun<\/title>\n<meta name=\"description\" content=\"Pr\u00e9servez l&#039;environnement et profitez de votre course avec ce gobelet r\u00e9utilisable pour le jour de la course. L\u00e9ger et durable, il est parfait pour tous les athl\u00e8tes.\" \/>\n<meta name=\"robots\" content=\"index, follow, max-snippet:-1, max-image-preview:large, max-video-preview:-1\" \/>\n<link rel=\"canonical\" href=\"https:\/\/www.miomiorun.com\/fr\/produit\/reusable-race-day-cup\/\" \/>\n<meta property=\"og:locale\" content=\"fr_FR\" \/>\n<meta property=\"og:type\" content=\"article\" \/>\n<meta property=\"og:title\" content=\"Reusable race day cup - Cup running - MioMioRun\" \/>\n<meta property=\"og:description\" content=\"Pr\u00e9servez l&#039;environnement et profitez de votre course avec ce gobelet r\u00e9utilisable pour le jour de la course. L\u00e9ger et durable, il est parfait pour tous les athl\u00e8tes.\" \/>\n<meta property=\"og:url\" content=\"https:\/\/www.miomiorun.com\/fr\/produit\/reusable-race-day-cup\/\" \/>\n<meta property=\"og:site_name\" content=\"MioMioRun\" \/>\n<meta property=\"article:publisher\" content=\"https:\/\/www.facebook.com\/miomiorun\/\" \/>\n<meta property=\"article:modified_time\" content=\"2025-06-11T15:22:14+00:00\" \/>\n<meta property=\"og:image\" content=\"https:\/\/www.miomiorun.com\/app\/uploads\/2024\/04\/nathan-Reusable-race-day-cup-40320.webp\" \/>\n\t<meta property=\"og:image:width\" content=\"600\" \/>\n\t<meta property=\"og:image:height\" content=\"600\" \/>\n\t<meta property=\"og:image:type\" content=\"image\/webp\" \/>\n<meta name=\"twitter:card\" content=\"summary_large_image\" \/>\n<meta name=\"twitter:label1\" content=\"Est. reading time\" \/>\n\t<meta name=\"twitter:data1\" content=\"1 minute\" \/>\n<script type=\"application\/ld+json\" class=\"yoast-schema-graph\">{\"@context\":\"https:\/\/schema.org\",\"@graph\":[{\"@type\":\"WebPage\",\"@id\":\"https:\/\/www.miomiorun.com\/fr\/produit\/reusable-race-day-cup\/\",\"url\":\"https:\/\/www.miomiorun.com\/fr\/produit\/reusable-race-day-cup\/\",\"name\":\"Reusable race day cup - Cup running - MioMioRun\",\"isPartOf\":{\"@id\":\"https:\/\/www.miomiorun.com\/fr\/#website\"},\"primaryImageOfPage\":{\"@id\":\"https:\/\/www.miomiorun.com\/fr\/produit\/reusable-race-day-cup\/#primaryimage\"},\"image\":{\"@id\":\"https:\/\/www.miomiorun.com\/fr\/produit\/reusable-race-day-cup\/#primaryimage\"},\"thumbnailUrl\":\"https:\/\/www.miomiorun.com\/app\/uploads\/2024\/04\/nathan-Reusable-race-day-cup-40320.webp\",\"datePublished\":\"2024-04-06T14:46:04+00:00\",\"dateModified\":\"2025-06-11T15:22:14+00:00\",\"description\":\"Pr\u00e9servez l'environnement et profitez de votre course avec ce gobelet r\u00e9utilisable pour le jour de la course. L\u00e9ger et durable, il est parfait pour tous les athl\u00e8tes.\",\"breadcrumb\":{\"@id\":\"https:\/\/www.miomiorun.com\/fr\/produit\/reusable-race-day-cup\/#breadcrumb\"},\"inLanguage\":\"fr-FR\",\"potentialAction\":[{\"@type\":\"ReadAction\",\"target\":[\"https:\/\/www.miomiorun.com\/fr\/produit\/reusable-race-day-cup\/\"]}]},{\"@type\":\"ImageObject\",\"inLanguage\":\"fr-FR\",\"@id\":\"https:\/\/www.miomiorun.com\/fr\/produit\/reusable-race-day-cup\/#primaryimage\",\"url\":\"https:\/\/www.miomiorun.com\/app\/uploads\/2024\/04\/nathan-Reusable-race-day-cup-40320.webp\",\"contentUrl\":\"https:\/\/www.miomiorun.com\/app\/uploads\/2024\/04\/nathan-Reusable-race-day-cup-40320.webp\",\"width\":600,\"height\":600,\"caption\":\"nathan Reusable race day cup 40320\"},{\"@type\":\"BreadcrumbList\",\"@id\":\"https:\/\/www.miomiorun.com\/fr\/produit\/reusable-race-day-cup\/#breadcrumb\",\"itemListElement\":[{\"@type\":\"ListItem\",\"position\":1,\"name\":\"Home\",\"item\":\"https:\/\/www.miomiorun.com\/fr\/home-page\/\"},{\"@type\":\"ListItem\",\"position\":2,\"name\":\"Shop\",\"item\":\"https:\/\/www.miomiorun.com\/shop\/\"},{\"@type\":\"ListItem\",\"position\":3,\"name\":\"Reusable race day cup\"}]},{\"@type\":\"WebSite\",\"@id\":\"https:\/\/www.miomiorun.com\/fr\/#website\",\"url\":\"https:\/\/www.miomiorun.com\/fr\/\",\"name\":\"MioMioRun\",\"description\":\"Boutique 100% running et trail\",\"publisher\":{\"@id\":\"https:\/\/www.miomiorun.com\/fr\/#organization\"},\"potentialAction\":[{\"@type\":\"SearchAction\",\"target\":{\"@type\":\"EntryPoint\",\"urlTemplate\":\"https:\/\/www.miomiorun.com\/fr\/?s={search_term_string}\"},\"query-input\":{\"@type\":\"PropertyValueSpecification\",\"valueRequired\":true,\"valueName\":\"search_term_string\"}}],\"inLanguage\":\"fr-FR\"},{\"@type\":\"Organization\",\"@id\":\"https:\/\/www.miomiorun.com\/fr\/#organization\",\"name\":\"MioMio Run\",\"url\":\"https:\/\/www.miomiorun.com\/fr\/\",\"logo\":{\"@type\":\"ImageObject\",\"inLanguage\":\"fr-FR\",\"@id\":\"https:\/\/www.miomiorun.com\/fr\/#\/schema\/logo\/image\/\",\"url\":\"https:\/\/www.miomiorun.com\/app\/uploads\/2019\/12\/logomio.png\",\"contentUrl\":\"https:\/\/www.miomiorun.com\/app\/uploads\/2019\/12\/logomio.png\",\"width\":115,\"height\":82,\"caption\":\"MioMio Run\"},\"image\":{\"@id\":\"https:\/\/www.miomiorun.com\/fr\/#\/schema\/logo\/image\/\"},\"sameAs\":[\"https:\/\/www.facebook.com\/miomiorun\/\",\"https:\/\/www.instagram.com\/miomiorun\/\"]}]}<\/script>\n<!-- \/ Yoast SEO plugin. -->","yoast_head_json":{"title":"Reusable race day cup - Cup running - MioMioRun","description":"Pr\u00e9servez l'environnement et profitez de votre course avec ce gobelet r\u00e9utilisable pour le jour de la course. L\u00e9ger et durable, il est parfait pour tous les athl\u00e8tes.","robots":{"index":"index","follow":"follow","max-snippet":"max-snippet:-1","max-image-preview":"max-image-preview:large","max-video-preview":"max-video-preview:-1"},"canonical":"https:\/\/www.miomiorun.com\/fr\/produit\/reusable-race-day-cup\/","og_locale":"fr_FR","og_type":"article","og_title":"Reusable race day cup - Cup running - MioMioRun","og_description":"Pr\u00e9servez l'environnement et profitez de votre course avec ce gobelet r\u00e9utilisable pour le jour de la course. L\u00e9ger et durable, il est parfait pour tous les athl\u00e8tes.","og_url":"https:\/\/www.miomiorun.com\/fr\/produit\/reusable-race-day-cup\/","og_site_name":"MioMioRun","article_publisher":"https:\/\/www.facebook.com\/miomiorun\/","article_modified_time":"2025-06-11T15:22:14+00:00","og_image":[{"width":600,"height":600,"url":"https:\/\/www.miomiorun.com\/app\/uploads\/2024\/04\/nathan-Reusable-race-day-cup-40320.webp","type":"image\/webp"}],"twitter_card":"summary_large_image","twitter_misc":{"Est. reading time":"1 minute"},"schema":{"@context":"https:\/\/schema.org","@graph":[{"@type":"WebPage","@id":"https:\/\/www.miomiorun.com\/fr\/produit\/reusable-race-day-cup\/","url":"https:\/\/www.miomiorun.com\/fr\/produit\/reusable-race-day-cup\/","name":"Reusable race day cup - Cup running - MioMioRun","isPartOf":{"@id":"https:\/\/www.miomiorun.com\/fr\/#website"},"primaryImageOfPage":{"@id":"https:\/\/www.miomiorun.com\/fr\/produit\/reusable-race-day-cup\/#primaryimage"},"image":{"@id":"https:\/\/www.miomiorun.com\/fr\/produit\/reusable-race-day-cup\/#primaryimage"},"thumbnailUrl":"https:\/\/www.miomiorun.com\/app\/uploads\/2024\/04\/nathan-Reusable-race-day-cup-40320.webp","datePublished":"2024-04-06T14:46:04+00:00","dateModified":"2025-06-11T15:22:14+00:00","description":"Pr\u00e9servez l'environnement et profitez de votre course avec ce gobelet r\u00e9utilisable pour le jour de la course. L\u00e9ger et durable, il est parfait pour tous les athl\u00e8tes.","breadcrumb":{"@id":"https:\/\/www.miomiorun.com\/fr\/produit\/reusable-race-day-cup\/#breadcrumb"},"inLanguage":"fr-FR","potentialAction":[{"@type":"ReadAction","target":["https:\/\/www.miomiorun.com\/fr\/produit\/reusable-race-day-cup\/"]}]},{"@type":"ImageObject","inLanguage":"fr-FR","@id":"https:\/\/www.miomiorun.com\/fr\/produit\/reusable-race-day-cup\/#primaryimage","url":"https:\/\/www.miomiorun.com\/app\/uploads\/2024\/04\/nathan-Reusable-race-day-cup-40320.webp","contentUrl":"https:\/\/www.miomiorun.com\/app\/uploads\/2024\/04\/nathan-Reusable-race-day-cup-40320.webp","width":600,"height":600,"caption":"nathan Reusable race day cup 40320"},{"@type":"BreadcrumbList","@id":"https:\/\/www.miomiorun.com\/fr\/produit\/reusable-race-day-cup\/#breadcrumb","itemListElement":[{"@type":"ListItem","position":1,"name":"Home","item":"https:\/\/www.miomiorun.com\/fr\/home-page\/"},{"@type":"ListItem","position":2,"name":"Shop","item":"https:\/\/www.miomiorun.com\/shop\/"},{"@type":"ListItem","position":3,"name":"Reusable race day cup"}]},{"@type":"WebSite","@id":"https:\/\/www.miomiorun.com\/fr\/#website","url":"https:\/\/www.miomiorun.com\/fr\/","name":"MioMioRun","description":"Boutique 100% running et trail","publisher":{"@id":"https:\/\/www.miomiorun.com\/fr\/#organization"},"potentialAction":[{"@type":"SearchAction","target":{"@type":"EntryPoint","urlTemplate":"https:\/\/www.miomiorun.com\/fr\/?s={search_term_string}"},"query-input":{"@type":"PropertyValueSpecification","valueRequired":true,"valueName":"search_term_string"}}],"inLanguage":"fr-FR"},{"@type":"Organization","@id":"https:\/\/www.miomiorun.com\/fr\/#organization","name":"MioMio Run","url":"https:\/\/www.miomiorun.com\/fr\/","logo":{"@type":"ImageObject","inLanguage":"fr-FR","@id":"https:\/\/www.miomiorun.com\/fr\/#\/schema\/logo\/image\/","url":"https:\/\/www.miomiorun.com\/app\/uploads\/2019\/12\/logomio.png","contentUrl":"https:\/\/www.miomiorun.com\/app\/uploads\/2019\/12\/logomio.png","width":115,"height":82,"caption":"MioMio Run"},"image":{"@id":"https:\/\/www.miomiorun.com\/fr\/#\/schema\/logo\/image\/"},"sameAs":["https:\/\/www.facebook.com\/miomiorun\/","https:\/\/www.instagram.com\/miomiorun\/"]}]}},"_links":{"self":[{"href":"https:\/\/www.miomiorun.com\/fr\/wp-json\/wp\/v2\/product\/290923","targetHints":{"allow":["GET"]}}],"collection":[{"href":"https:\/\/www.miomiorun.com\/fr\/wp-json\/wp\/v2\/product"}],"about":[{"href":"https:\/\/www.miomiorun.com\/fr\/wp-json\/wp\/v2\/types\/product"}],"wp:featuredmedia":[{"embeddable":true,"href":"https:\/\/www.miomiorun.com\/fr\/wp-json\/wp\/v2\/media\/246332"}],"wp:attachment":[{"href":"https:\/\/www.miomiorun.com\/fr\/wp-json\/wp\/v2\/media?parent=290923"}],"wp:term":[{"taxonomy":"product_brand","embeddable":true,"href":"https:\/\/www.miomiorun.com\/fr\/wp-json\/wp\/v2\/product_brand?post=290923"},{"taxonomy":"product_cat","embeddable":true,"href":"https:\/\/www.miomiorun.com\/fr\/wp-json\/wp\/v2\/product_cat?post=290923"},{"taxonomy":"product_tag","embeddable":true,"href":"https:\/\/www.miomiorun.com\/fr\/wp-json\/wp\/v2\/product_tag?post=290923"}],"curies":[{"name":"wp","href":"https:\/\/api.w.org\/{rel}","templated":true}]}}