{"id":290894,"date":"2024-04-09T13:37:59","date_gmt":"2024-04-09T11:37:59","guid":{"rendered":"https:\/\/miomiorun.com\/prodotto\/fresh-light-t-shirt-uomo\/"},"modified":"2025-06-11T17:30:20","modified_gmt":"2025-06-11T15:30:20","slug":"fresh-light-t-shirt-homme","status":"publish","type":"product","link":"https:\/\/www.miomiorun.com\/fr\/produit\/fresh-light-t-shirt-homme\/","title":{"rendered":"Fresh Light  T-Shirt homme"},"content":{"rendered":"<div class=\"vc-row container\"><div class=\"vc-column\"><div class=\"vc-column-text\">Le T-shirt <strong>Fresh Light<\/strong> pour homme tient la transpiration \u00e0 distance gr\u00e2ce au polyester <strong>Micro-Fresh<\/strong>.<\/p>\n<p>Ce T-shirt l\u00e9ger favorise la circulation de l&#8217;air pour que vous n&#8217;ayez pas trop chaud pendant les activit\u00e9s estivales en plein air.<\/p>\n<p>Le tissu <strong>Micro-Fresh<\/strong> absorbe la transpiration pendant les efforts intenses, tandis que le traitement antimicrobien vous permet de rester au frais plus longtemps. Gr\u00e2ce au tissu 4-way-stretch qui n&#8217;entrave pas les mouvements et \u00e0 la protection UV, le T-shirt Fresh Light pour homme \u00e0 s\u00e9chage rapide est \u00e9galement un v\u00eatement d\u00e9contract\u00e9 id\u00e9al pour l&#8217;\u00e9t\u00e9.<\/p>\n<h3>Caract\u00e9ristiques :<\/h3>\n<ul class=\"tw-list-disc\">\n<li class=\"tw-text-xs\">T-shirt pour hommes<\/li>\n<li class=\"tw-text-xs\">Tissu polyester ultral\u00e9ger Microfresh jersey stretch avec contr\u00f4le actif de l&#8217;\u00e9vacuation de l&#8217;humidit\u00e9 et propri\u00e9t\u00e9s de s\u00e9chage rapide, assurant une ventilation maximale et une protection contre les UV.<\/li>\n<li class=\"tw-text-xs\">V\u00eatement id\u00e9al pour diverses activit\u00e9s de plein air<\/li>\n<\/ul>\n<p>Poids : 120,0 g<\/p>\n<p>&nbsp;<\/p>\n<div class=\"content__image-wrapper tw-w-fit\">\n<div class=\"content__image tw-relative tw-w-&#091;5rem&#093;\"><img loading=\"lazy\" decoding=\"async\" class=\"tw-absolute tw-top-0 tw-left-0 tw-w-full tw-h-full\" src=\"https:\/\/www.montura.com\/cdn\/shop\/files\/004_Breathable_Black.svg?v=1709125473&amp;width=200\" srcset=\"\/\/www.montura.com\/cdn\/shop\/files\/004_Breathable_Black.svg?v=1709125473&amp;width=200 200w\" alt=\"\" width=\"103\" height=\"103\" \/> <strong>RESPIRANT : <\/strong>Gr\u00e2ce \u00e0 des tissus respirants, ce v\u00eatement favorise la transpiration naturelle de la peau et maintient le corps \u00e0 une temp\u00e9rature optimale.<\/div>\n<\/div>\n<div><\/div>\n<div><\/div>\n<h3>Id\u00e9al pour :<\/h3>\n<div class=\"content__image-wrapper tw-w-fit\">\n<div><\/div>\n<div><\/div>\n<div class=\"content__image tw-relative tw-w-&#091;5rem&#093;\"><img loading=\"lazy\" decoding=\"async\" class=\"tw-absolute tw-top-0 tw-left-0 tw-w-full tw-h-full\" src=\"https:\/\/www.montura.com\/cdn\/shop\/files\/017_TrekkingHiking_Black.svg?v=1709126467&amp;width=200\" srcset=\"\/\/www.montura.com\/cdn\/shop\/files\/017_TrekkingHiking_Black.svg?v=1709126467&amp;width=200 200w\" alt=\"\" width=\"104\" height=\"104\" \/> <strong> LA RANDONN\u00c9E\/LE TREKKING<\/strong><\/div>\n<\/div>\n<div><\/div>\n<div><\/div>\n<div><\/div>\n<div><\/div>\n<div><\/div>\n<div>\n<div class=\"content__image-wrapper tw-w-fit\">\n<div class=\"content__image tw-relative tw-w-&#091;5rem&#093;\"><img loading=\"lazy\" decoding=\"async\" class=\"tw-absolute tw-top-0 tw-left-0 tw-w-full tw-h-full\" src=\"https:\/\/www.montura.com\/cdn\/shop\/files\/015_Everyday_Black.svg?v=1709126253&amp;width=200\" srcset=\"\/\/www.montura.com\/cdn\/shop\/files\/015_Everyday_Black.svg?v=1709126253&amp;width=200 200w\" alt=\"\" width=\"104\" height=\"104\" \/><strong> TOUS LES JOURS<\/strong><\/div>\n<\/div>\n<\/div>\n<p><\/div><\/div><\/div>\n","protected":false},"excerpt":{"rendered":"<ul>\n<li>T-shirt en micro-frais absorbant la transpiration.<\/li>\n<li>V\u00eatement id\u00e9al pour diverses activit\u00e9s de plein air et loisirs.<\/li>\n<\/ul>\n","protected":false},"featured_media":246398,"template":"","meta":{"_acf_changed":false,"inline_featured_image":false},"product_brand":[],"product_cat":[24449,24482,24484],"product_tag":[23512,23524],"class_list":{"0":"post-290894","1":"product","2":"type-product","3":"status-publish","4":"has-post-thumbnail","6":"product_cat-t-shirt-fr-3","7":"product_cat-vetements-pour-hommes-fr","8":"product_cat-homme","9":"product_tag-montura-fr","10":"product_tag-montura-homme","11":"pa_attivita-lifestyle-fr","12":"pa_attivita-marcher","13":"pa_attivita-outdoor-fr","14":"pa_colore-fresh-light-t-shirt-sunny-lime-fr","15":"pa_marca-montura-fr","16":"pa_sesso-homme","17":"pa_size-medium-fr","19":"first","20":"instock","21":"taxable","22":"shipping-taxable","23":"purchasable","24":"product-type-variable","25":"wvs-archive-product-wrapper"},"acf":[],"yoast_head":"<!-- This site is optimized with the Yoast SEO plugin v26.8 - https:\/\/yoast.com\/product\/yoast-seo-wordpress\/ -->\n<title>Montura Fresh Light T-Shirt homme - T-shirt de course - MioMioRun.com<\/title>\n<meta name=\"description\" content=\"Le T-shirt Fresh Light pour homme tient la transpiration \u00e0 distance gr\u00e2ce au polyester Micro-Fresh. Ce T-shirt l\u00e9ger favorise le passage de l&#039;air.\" \/>\n<meta name=\"robots\" content=\"index, follow, max-snippet:-1, max-image-preview:large, max-video-preview:-1\" \/>\n<link rel=\"canonical\" href=\"https:\/\/www.miomiorun.com\/fr\/produit\/fresh-light-t-shirt-homme\/\" \/>\n<meta property=\"og:locale\" content=\"fr_FR\" \/>\n<meta property=\"og:type\" content=\"article\" \/>\n<meta property=\"og:title\" content=\"Montura Fresh Light T-Shirt homme - T-shirt de course - MioMioRun.com\" \/>\n<meta property=\"og:description\" content=\"Le T-shirt Fresh Light pour homme tient la transpiration \u00e0 distance gr\u00e2ce au polyester Micro-Fresh. Ce T-shirt l\u00e9ger favorise le passage de l&#039;air.\" \/>\n<meta property=\"og:url\" content=\"https:\/\/www.miomiorun.com\/fr\/produit\/fresh-light-t-shirt-homme\/\" \/>\n<meta property=\"og:site_name\" content=\"MioMioRun\" \/>\n<meta property=\"article:publisher\" content=\"https:\/\/www.facebook.com\/miomiorun\/\" \/>\n<meta property=\"article:modified_time\" content=\"2025-06-11T15:30:20+00:00\" \/>\n<meta property=\"og:image\" content=\"https:\/\/www.miomiorun.com\/app\/uploads\/2024\/04\/Montura-Fresh-light-t-shirt-verde-lime-MTGN80X-47.webp\" \/>\n\t<meta property=\"og:image:width\" content=\"600\" \/>\n\t<meta property=\"og:image:height\" content=\"600\" \/>\n\t<meta property=\"og:image:type\" content=\"image\/webp\" \/>\n<meta name=\"twitter:card\" content=\"summary_large_image\" \/>\n<meta name=\"twitter:label1\" content=\"Est. reading time\" \/>\n\t<meta name=\"twitter:data1\" content=\"1 minute\" \/>\n<script type=\"application\/ld+json\" class=\"yoast-schema-graph\">{\"@context\":\"https:\/\/schema.org\",\"@graph\":[{\"@type\":\"WebPage\",\"@id\":\"https:\/\/www.miomiorun.com\/fr\/produit\/fresh-light-t-shirt-homme\/\",\"url\":\"https:\/\/www.miomiorun.com\/fr\/produit\/fresh-light-t-shirt-homme\/\",\"name\":\"Montura Fresh Light T-Shirt homme - T-shirt de course - MioMioRun.com\",\"isPartOf\":{\"@id\":\"https:\/\/www.miomiorun.com\/fr\/#website\"},\"primaryImageOfPage\":{\"@id\":\"https:\/\/www.miomiorun.com\/fr\/produit\/fresh-light-t-shirt-homme\/#primaryimage\"},\"image\":{\"@id\":\"https:\/\/www.miomiorun.com\/fr\/produit\/fresh-light-t-shirt-homme\/#primaryimage\"},\"thumbnailUrl\":\"https:\/\/www.miomiorun.com\/app\/uploads\/2024\/04\/Montura-Fresh-light-t-shirt-verde-lime-MTGN80X-47.webp\",\"datePublished\":\"2024-04-09T11:37:59+00:00\",\"dateModified\":\"2025-06-11T15:30:20+00:00\",\"description\":\"Le T-shirt Fresh Light pour homme tient la transpiration \u00e0 distance gr\u00e2ce au polyester Micro-Fresh. Ce T-shirt l\u00e9ger favorise le passage de l'air.\",\"breadcrumb\":{\"@id\":\"https:\/\/www.miomiorun.com\/fr\/produit\/fresh-light-t-shirt-homme\/#breadcrumb\"},\"inLanguage\":\"fr-FR\",\"potentialAction\":[{\"@type\":\"ReadAction\",\"target\":[\"https:\/\/www.miomiorun.com\/fr\/produit\/fresh-light-t-shirt-homme\/\"]}]},{\"@type\":\"ImageObject\",\"inLanguage\":\"fr-FR\",\"@id\":\"https:\/\/www.miomiorun.com\/fr\/produit\/fresh-light-t-shirt-homme\/#primaryimage\",\"url\":\"https:\/\/www.miomiorun.com\/app\/uploads\/2024\/04\/Montura-Fresh-light-t-shirt-verde-lime-MTGN80X-47.webp\",\"contentUrl\":\"https:\/\/www.miomiorun.com\/app\/uploads\/2024\/04\/Montura-Fresh-light-t-shirt-verde-lime-MTGN80X-47.webp\",\"width\":600,\"height\":600,\"caption\":\"Montura Fresh light t-shirt verde lime MTGN80X 47\"},{\"@type\":\"BreadcrumbList\",\"@id\":\"https:\/\/www.miomiorun.com\/fr\/produit\/fresh-light-t-shirt-homme\/#breadcrumb\",\"itemListElement\":[{\"@type\":\"ListItem\",\"position\":1,\"name\":\"Home\",\"item\":\"https:\/\/www.miomiorun.com\/fr\/home-page\/\"},{\"@type\":\"ListItem\",\"position\":2,\"name\":\"Shop\",\"item\":\"https:\/\/www.miomiorun.com\/shop\/\"},{\"@type\":\"ListItem\",\"position\":3,\"name\":\"Fresh Light T-Shirt homme\"}]},{\"@type\":\"WebSite\",\"@id\":\"https:\/\/www.miomiorun.com\/fr\/#website\",\"url\":\"https:\/\/www.miomiorun.com\/fr\/\",\"name\":\"MioMioRun\",\"description\":\"Boutique 100% running et trail\",\"publisher\":{\"@id\":\"https:\/\/www.miomiorun.com\/fr\/#organization\"},\"potentialAction\":[{\"@type\":\"SearchAction\",\"target\":{\"@type\":\"EntryPoint\",\"urlTemplate\":\"https:\/\/www.miomiorun.com\/fr\/?s={search_term_string}\"},\"query-input\":{\"@type\":\"PropertyValueSpecification\",\"valueRequired\":true,\"valueName\":\"search_term_string\"}}],\"inLanguage\":\"fr-FR\"},{\"@type\":\"Organization\",\"@id\":\"https:\/\/www.miomiorun.com\/fr\/#organization\",\"name\":\"MioMio Run\",\"url\":\"https:\/\/www.miomiorun.com\/fr\/\",\"logo\":{\"@type\":\"ImageObject\",\"inLanguage\":\"fr-FR\",\"@id\":\"https:\/\/www.miomiorun.com\/fr\/#\/schema\/logo\/image\/\",\"url\":\"https:\/\/www.miomiorun.com\/app\/uploads\/2019\/12\/logomio.png\",\"contentUrl\":\"https:\/\/www.miomiorun.com\/app\/uploads\/2019\/12\/logomio.png\",\"width\":115,\"height\":82,\"caption\":\"MioMio Run\"},\"image\":{\"@id\":\"https:\/\/www.miomiorun.com\/fr\/#\/schema\/logo\/image\/\"},\"sameAs\":[\"https:\/\/www.facebook.com\/miomiorun\/\",\"https:\/\/www.instagram.com\/miomiorun\/\"]}]}<\/script>\n<!-- \/ Yoast SEO plugin. -->","yoast_head_json":{"title":"Montura Fresh Light T-Shirt homme - T-shirt de course - MioMioRun.com","description":"Le T-shirt Fresh Light pour homme tient la transpiration \u00e0 distance gr\u00e2ce au polyester Micro-Fresh. Ce T-shirt l\u00e9ger favorise le passage de l'air.","robots":{"index":"index","follow":"follow","max-snippet":"max-snippet:-1","max-image-preview":"max-image-preview:large","max-video-preview":"max-video-preview:-1"},"canonical":"https:\/\/www.miomiorun.com\/fr\/produit\/fresh-light-t-shirt-homme\/","og_locale":"fr_FR","og_type":"article","og_title":"Montura Fresh Light T-Shirt homme - T-shirt de course - MioMioRun.com","og_description":"Le T-shirt Fresh Light pour homme tient la transpiration \u00e0 distance gr\u00e2ce au polyester Micro-Fresh. Ce T-shirt l\u00e9ger favorise le passage de l'air.","og_url":"https:\/\/www.miomiorun.com\/fr\/produit\/fresh-light-t-shirt-homme\/","og_site_name":"MioMioRun","article_publisher":"https:\/\/www.facebook.com\/miomiorun\/","article_modified_time":"2025-06-11T15:30:20+00:00","og_image":[{"width":600,"height":600,"url":"https:\/\/www.miomiorun.com\/app\/uploads\/2024\/04\/Montura-Fresh-light-t-shirt-verde-lime-MTGN80X-47.webp","type":"image\/webp"}],"twitter_card":"summary_large_image","twitter_misc":{"Est. reading time":"1 minute"},"schema":{"@context":"https:\/\/schema.org","@graph":[{"@type":"WebPage","@id":"https:\/\/www.miomiorun.com\/fr\/produit\/fresh-light-t-shirt-homme\/","url":"https:\/\/www.miomiorun.com\/fr\/produit\/fresh-light-t-shirt-homme\/","name":"Montura Fresh Light T-Shirt homme - T-shirt de course - MioMioRun.com","isPartOf":{"@id":"https:\/\/www.miomiorun.com\/fr\/#website"},"primaryImageOfPage":{"@id":"https:\/\/www.miomiorun.com\/fr\/produit\/fresh-light-t-shirt-homme\/#primaryimage"},"image":{"@id":"https:\/\/www.miomiorun.com\/fr\/produit\/fresh-light-t-shirt-homme\/#primaryimage"},"thumbnailUrl":"https:\/\/www.miomiorun.com\/app\/uploads\/2024\/04\/Montura-Fresh-light-t-shirt-verde-lime-MTGN80X-47.webp","datePublished":"2024-04-09T11:37:59+00:00","dateModified":"2025-06-11T15:30:20+00:00","description":"Le T-shirt Fresh Light pour homme tient la transpiration \u00e0 distance gr\u00e2ce au polyester Micro-Fresh. Ce T-shirt l\u00e9ger favorise le passage de l'air.","breadcrumb":{"@id":"https:\/\/www.miomiorun.com\/fr\/produit\/fresh-light-t-shirt-homme\/#breadcrumb"},"inLanguage":"fr-FR","potentialAction":[{"@type":"ReadAction","target":["https:\/\/www.miomiorun.com\/fr\/produit\/fresh-light-t-shirt-homme\/"]}]},{"@type":"ImageObject","inLanguage":"fr-FR","@id":"https:\/\/www.miomiorun.com\/fr\/produit\/fresh-light-t-shirt-homme\/#primaryimage","url":"https:\/\/www.miomiorun.com\/app\/uploads\/2024\/04\/Montura-Fresh-light-t-shirt-verde-lime-MTGN80X-47.webp","contentUrl":"https:\/\/www.miomiorun.com\/app\/uploads\/2024\/04\/Montura-Fresh-light-t-shirt-verde-lime-MTGN80X-47.webp","width":600,"height":600,"caption":"Montura Fresh light t-shirt verde lime MTGN80X 47"},{"@type":"BreadcrumbList","@id":"https:\/\/www.miomiorun.com\/fr\/produit\/fresh-light-t-shirt-homme\/#breadcrumb","itemListElement":[{"@type":"ListItem","position":1,"name":"Home","item":"https:\/\/www.miomiorun.com\/fr\/home-page\/"},{"@type":"ListItem","position":2,"name":"Shop","item":"https:\/\/www.miomiorun.com\/shop\/"},{"@type":"ListItem","position":3,"name":"Fresh Light T-Shirt homme"}]},{"@type":"WebSite","@id":"https:\/\/www.miomiorun.com\/fr\/#website","url":"https:\/\/www.miomiorun.com\/fr\/","name":"MioMioRun","description":"Boutique 100% running et trail","publisher":{"@id":"https:\/\/www.miomiorun.com\/fr\/#organization"},"potentialAction":[{"@type":"SearchAction","target":{"@type":"EntryPoint","urlTemplate":"https:\/\/www.miomiorun.com\/fr\/?s={search_term_string}"},"query-input":{"@type":"PropertyValueSpecification","valueRequired":true,"valueName":"search_term_string"}}],"inLanguage":"fr-FR"},{"@type":"Organization","@id":"https:\/\/www.miomiorun.com\/fr\/#organization","name":"MioMio Run","url":"https:\/\/www.miomiorun.com\/fr\/","logo":{"@type":"ImageObject","inLanguage":"fr-FR","@id":"https:\/\/www.miomiorun.com\/fr\/#\/schema\/logo\/image\/","url":"https:\/\/www.miomiorun.com\/app\/uploads\/2019\/12\/logomio.png","contentUrl":"https:\/\/www.miomiorun.com\/app\/uploads\/2019\/12\/logomio.png","width":115,"height":82,"caption":"MioMio Run"},"image":{"@id":"https:\/\/www.miomiorun.com\/fr\/#\/schema\/logo\/image\/"},"sameAs":["https:\/\/www.facebook.com\/miomiorun\/","https:\/\/www.instagram.com\/miomiorun\/"]}]}},"_links":{"self":[{"href":"https:\/\/www.miomiorun.com\/fr\/wp-json\/wp\/v2\/product\/290894","targetHints":{"allow":["GET"]}}],"collection":[{"href":"https:\/\/www.miomiorun.com\/fr\/wp-json\/wp\/v2\/product"}],"about":[{"href":"https:\/\/www.miomiorun.com\/fr\/wp-json\/wp\/v2\/types\/product"}],"wp:featuredmedia":[{"embeddable":true,"href":"https:\/\/www.miomiorun.com\/fr\/wp-json\/wp\/v2\/media\/246398"}],"wp:attachment":[{"href":"https:\/\/www.miomiorun.com\/fr\/wp-json\/wp\/v2\/media?parent=290894"}],"wp:term":[{"taxonomy":"product_brand","embeddable":true,"href":"https:\/\/www.miomiorun.com\/fr\/wp-json\/wp\/v2\/product_brand?post=290894"},{"taxonomy":"product_cat","embeddable":true,"href":"https:\/\/www.miomiorun.com\/fr\/wp-json\/wp\/v2\/product_cat?post=290894"},{"taxonomy":"product_tag","embeddable":true,"href":"https:\/\/www.miomiorun.com\/fr\/wp-json\/wp\/v2\/product_tag?post=290894"}],"curies":[{"name":"wp","href":"https:\/\/api.w.org\/{rel}","templated":true}]}}