{"id":290859,"date":"2024-04-09T15:02:20","date_gmt":"2024-04-09T13:02:20","guid":{"rendered":"https:\/\/miomiorun.com\/prodotto\/outdoor-stretch-skirt-donna\/"},"modified":"2025-06-12T11:56:56","modified_gmt":"2025-06-12T09:56:56","slug":"outdoor-stretch-skirt-femme","status":"publish","type":"product","link":"https:\/\/www.miomiorun.com\/fr\/produit\/outdoor-stretch-skirt-femme\/","title":{"rendered":"Outdoor Stretch Skirt femme"},"content":{"rendered":"<p>La jupe courte <strong>extensible<\/strong> pour femmes est confortable et r\u00e9sistante \u00e0 l&#8217;eau, pour que vous puissiez profiter de l&#8217;ext\u00e9rieur avec style.<\/p>\n<p>Cette jupe courte en nylon extensible dans les 4 sens est dot\u00e9e d&#8217;un traitement d\u00e9perlant DWR pour vous garder au sec sous les averses estivales.<\/p>\n<p>Le short int\u00e9gr\u00e9 en polyester extensible dans les deux sens vous permet de bouger librement toute la journ\u00e9e, tandis que l&#8217;ouverture zipp\u00e9e lat\u00e9rale et les poches passepoil\u00e9es vous offrent suffisamment d&#8217;espace pour transporter l&#8217;essentiel.<\/p>\n<p style=\"text-align: center;\"><strong>Cette jupe avec short 2-en-1 est id\u00e9ale pour la randonn\u00e9e, le golf et de nombreuses autres activit\u00e9s de plein air, en ville comme dans la nature. Ajoutez une touche de style \u00e0 votre garde-robe sportive avec la jupe courte Outdoor Stretch.<\/strong><\/p>\n<p><strong>Caract\u00e9ristiques :<\/strong><\/p>\n<ul class=\"tw-list-disc\">\n<li class=\"tw-text-xs\">Jupe courte pour femmes<\/li>\n<li class=\"tw-text-xs\">Tissu en nylon DWR extensible dans les 4 sens<\/li>\n<li class=\"tw-text-xs\">Short int\u00e9rieur en polyester bi-stretch<\/li>\n<li class=\"tw-text-xs\">Ouverture lat\u00e9rale zipp\u00e9e<\/li>\n<li class=\"tw-text-xs\">Poches ouvertes sur les mains<\/li>\n<li class=\"tw-text-xs\">V\u00eatement id\u00e9al pour diverses activit\u00e9s de plein air et de loisirs<\/li>\n<\/ul>\n<p>Poids : 150,0 g<\/p>\n<p>&nbsp;<\/p>\n<p>&nbsp;<\/p>\n<div class=\"content__image-wrapper tw-w-fit\">\n<div class=\"content__image tw-relative tw-w-[5rem]\"><img loading=\"lazy\" decoding=\"async\" class=\"tw-absolute tw-top-0 tw-left-0 tw-w-full tw-h-full\" src=\"https:\/\/www.montura.com\/cdn\/shop\/files\/004_Breathable_Black.svg?v=1709125473&amp;width=200\" srcset=\"\/\/www.montura.com\/cdn\/shop\/files\/004_Breathable_Black.svg?v=1709125473&amp;width=200 200w\" alt=\"\" width=\"102\" height=\"102\" \/> <strong>RESPIRANT : <\/strong>Gr\u00e2ce aux tissus respirants, ce v\u00eatement favorise la transpiration naturelle de la peau et maintient le corps \u00e0 une temp\u00e9rature optimale \u00e0 tout moment.<\/div>\n<\/div>\n<div><\/div>\n<div><\/div>\n<div><\/div>\n<div>\n<div class=\"content__image-wrapper tw-w-fit\">\n<div class=\"content__image tw-relative tw-w-[5rem]\"><img loading=\"lazy\" decoding=\"async\" class=\"tw-absolute tw-top-0 tw-left-0 tw-w-full tw-h-full\" src=\"https:\/\/www.montura.com\/cdn\/shop\/files\/002_WaterResistantDWR_Black.svg?v=1709125500&amp;width=200\" srcset=\"\/\/www.montura.com\/cdn\/shop\/files\/002_WaterResistantDWR_Black.svg?v=1709125500&amp;width=200 200w\" alt=\"\" width=\"102\" height=\"102\" \/> <strong>IMPERM\u00c9ABLE : <\/strong>Une couche d\u00e9perlante appliqu\u00e9e sur le tissu offre une l\u00e9g\u00e8re protection contre l&#8217;humidit\u00e9 ext\u00e9rieure.<\/div>\n<\/div>\n<\/div>\n<div><\/div>\n<div><\/div>\n<h3><strong>Id\u00e9al pour :<\/strong><\/h3>\n<p>&nbsp;<\/p>\n<div class=\"content__image-wrapper tw-w-fit\">\n<div class=\"content__image tw-relative tw-w-[5rem]\"><img loading=\"lazy\" decoding=\"async\" class=\"tw-absolute tw-top-0 tw-left-0 tw-w-full tw-h-full\" src=\"https:\/\/www.montura.com\/cdn\/shop\/files\/015_Everyday_Black.svg?v=1709126253&amp;width=200\" srcset=\"\/\/www.montura.com\/cdn\/shop\/files\/015_Everyday_Black.svg?v=1709126253&amp;width=200 200w\" alt=\"\" width=\"102\" height=\"102\" \/> <strong>EVERYDAY<\/strong><\/div>\n<\/div>\n","protected":false},"excerpt":{"rendered":"<ul>\n<li>Jupe courte id\u00e9ale pour les activit\u00e9s de plein air.<\/li>\n<li>R\u00e9sistante \u00e0 l&#8217;eau.<\/li>\n<\/ul>\n","protected":false},"featured_media":246410,"template":"","meta":{"_acf_changed":false,"inline_featured_image":false},"product_brand":[],"product_cat":[22602,22596,22595],"product_tag":[23512,23514],"class_list":{"0":"post-290859","1":"product","2":"type-product","3":"status-publish","4":"has-post-thumbnail","6":"product_cat-pantalon-court","7":"product_cat-vetements-pour-femmes","8":"product_cat-femme","9":"product_tag-montura-fr","10":"product_tag-montura-femme","11":"pa_attivita-marcher","12":"pa_attivita-outdoor-fr","13":"pa_colore-outdoor-stretch-skirt-w-nero-fr","14":"pa_marca-montura-fr","15":"pa_sesso-femme","16":"pa_size-small-fr","17":"pa_size-medium-fr","18":"pa_size-large-fr","20":"first","21":"instock","22":"sale","23":"taxable","24":"shipping-taxable","25":"purchasable","26":"product-type-variable","27":"wvs-archive-product-wrapper"},"acf":[],"yoast_head":"<!-- This site is optimized with the Yoast SEO plugin v26.8 - https:\/\/yoast.com\/product\/yoast-seo-wordpress\/ -->\n<title>Montura Outdoor Stretch Skirt femme - Skirt running MioMioRun<\/title>\n<meta name=\"description\" content=\"La gonna pantaloncino Outdoor Stretch da donna \u00e8 comoda e resistente all\u2019acqua, per vivere l\u2019outdoor con stile. Gonna dotata di trattamento idrorepellente .\" \/>\n<meta name=\"robots\" content=\"index, follow, max-snippet:-1, max-image-preview:large, max-video-preview:-1\" \/>\n<link rel=\"canonical\" href=\"https:\/\/www.miomiorun.com\/fr\/produit\/outdoor-stretch-skirt-femme\/\" \/>\n<meta property=\"og:locale\" content=\"fr_FR\" \/>\n<meta property=\"og:type\" content=\"article\" \/>\n<meta property=\"og:title\" content=\"Montura Outdoor Stretch Skirt femme - Skirt running MioMioRun\" \/>\n<meta property=\"og:description\" content=\"La gonna pantaloncino Outdoor Stretch da donna \u00e8 comoda e resistente all\u2019acqua, per vivere l\u2019outdoor con stile. Gonna dotata di trattamento idrorepellente .\" \/>\n<meta property=\"og:url\" content=\"https:\/\/www.miomiorun.com\/fr\/produit\/outdoor-stretch-skirt-femme\/\" \/>\n<meta property=\"og:site_name\" content=\"MioMioRun\" \/>\n<meta property=\"article:publisher\" content=\"https:\/\/www.facebook.com\/miomiorun\/\" \/>\n<meta property=\"article:modified_time\" content=\"2025-06-12T09:56:56+00:00\" \/>\n<meta property=\"og:image\" content=\"https:\/\/www.miomiorun.com\/app\/uploads\/2024\/04\/Montura-Outdoor-stretch-skirt-W-nero-MPGG11W-90.webp\" \/>\n\t<meta property=\"og:image:width\" content=\"600\" \/>\n\t<meta property=\"og:image:height\" content=\"600\" \/>\n\t<meta property=\"og:image:type\" content=\"image\/webp\" \/>\n<meta name=\"twitter:card\" content=\"summary_large_image\" \/>\n<meta name=\"twitter:label1\" content=\"Est. reading time\" \/>\n\t<meta name=\"twitter:data1\" content=\"1 minute\" \/>\n<script type=\"application\/ld+json\" class=\"yoast-schema-graph\">{\"@context\":\"https:\/\/schema.org\",\"@graph\":[{\"@type\":\"WebPage\",\"@id\":\"https:\/\/www.miomiorun.com\/fr\/produit\/outdoor-stretch-skirt-femme\/\",\"url\":\"https:\/\/www.miomiorun.com\/fr\/produit\/outdoor-stretch-skirt-femme\/\",\"name\":\"Montura Outdoor Stretch Skirt femme - Skirt running MioMioRun\",\"isPartOf\":{\"@id\":\"https:\/\/www.miomiorun.com\/fr\/#website\"},\"primaryImageOfPage\":{\"@id\":\"https:\/\/www.miomiorun.com\/fr\/produit\/outdoor-stretch-skirt-femme\/#primaryimage\"},\"image\":{\"@id\":\"https:\/\/www.miomiorun.com\/fr\/produit\/outdoor-stretch-skirt-femme\/#primaryimage\"},\"thumbnailUrl\":\"https:\/\/www.miomiorun.com\/app\/uploads\/2024\/04\/Montura-Outdoor-stretch-skirt-W-nero-MPGG11W-90.webp\",\"datePublished\":\"2024-04-09T13:02:20+00:00\",\"dateModified\":\"2025-06-12T09:56:56+00:00\",\"description\":\"La gonna pantaloncino Outdoor Stretch da donna \u00e8 comoda e resistente all\u2019acqua, per vivere l\u2019outdoor con stile. Gonna dotata di trattamento idrorepellente .\",\"breadcrumb\":{\"@id\":\"https:\/\/www.miomiorun.com\/fr\/produit\/outdoor-stretch-skirt-femme\/#breadcrumb\"},\"inLanguage\":\"fr-FR\",\"potentialAction\":[{\"@type\":\"ReadAction\",\"target\":[\"https:\/\/www.miomiorun.com\/fr\/produit\/outdoor-stretch-skirt-femme\/\"]}]},{\"@type\":\"ImageObject\",\"inLanguage\":\"fr-FR\",\"@id\":\"https:\/\/www.miomiorun.com\/fr\/produit\/outdoor-stretch-skirt-femme\/#primaryimage\",\"url\":\"https:\/\/www.miomiorun.com\/app\/uploads\/2024\/04\/Montura-Outdoor-stretch-skirt-W-nero-MPGG11W-90.webp\",\"contentUrl\":\"https:\/\/www.miomiorun.com\/app\/uploads\/2024\/04\/Montura-Outdoor-stretch-skirt-W-nero-MPGG11W-90.webp\",\"width\":600,\"height\":600,\"caption\":\"Montura Outdoor stretch skirt W nero MPGG11W 90\"},{\"@type\":\"BreadcrumbList\",\"@id\":\"https:\/\/www.miomiorun.com\/fr\/produit\/outdoor-stretch-skirt-femme\/#breadcrumb\",\"itemListElement\":[{\"@type\":\"ListItem\",\"position\":1,\"name\":\"Home\",\"item\":\"https:\/\/www.miomiorun.com\/fr\/home-page\/\"},{\"@type\":\"ListItem\",\"position\":2,\"name\":\"Shop\",\"item\":\"https:\/\/www.miomiorun.com\/shop\/\"},{\"@type\":\"ListItem\",\"position\":3,\"name\":\"Outdoor Stretch Skirt femme\"}]},{\"@type\":\"WebSite\",\"@id\":\"https:\/\/www.miomiorun.com\/fr\/#website\",\"url\":\"https:\/\/www.miomiorun.com\/fr\/\",\"name\":\"MioMioRun\",\"description\":\"Boutique 100% running et trail\",\"publisher\":{\"@id\":\"https:\/\/www.miomiorun.com\/fr\/#organization\"},\"potentialAction\":[{\"@type\":\"SearchAction\",\"target\":{\"@type\":\"EntryPoint\",\"urlTemplate\":\"https:\/\/www.miomiorun.com\/fr\/?s={search_term_string}\"},\"query-input\":{\"@type\":\"PropertyValueSpecification\",\"valueRequired\":true,\"valueName\":\"search_term_string\"}}],\"inLanguage\":\"fr-FR\"},{\"@type\":\"Organization\",\"@id\":\"https:\/\/www.miomiorun.com\/fr\/#organization\",\"name\":\"MioMio Run\",\"url\":\"https:\/\/www.miomiorun.com\/fr\/\",\"logo\":{\"@type\":\"ImageObject\",\"inLanguage\":\"fr-FR\",\"@id\":\"https:\/\/www.miomiorun.com\/fr\/#\/schema\/logo\/image\/\",\"url\":\"https:\/\/www.miomiorun.com\/app\/uploads\/2019\/12\/logomio.png\",\"contentUrl\":\"https:\/\/www.miomiorun.com\/app\/uploads\/2019\/12\/logomio.png\",\"width\":115,\"height\":82,\"caption\":\"MioMio Run\"},\"image\":{\"@id\":\"https:\/\/www.miomiorun.com\/fr\/#\/schema\/logo\/image\/\"},\"sameAs\":[\"https:\/\/www.facebook.com\/miomiorun\/\",\"https:\/\/www.instagram.com\/miomiorun\/\"]}]}<\/script>\n<!-- \/ Yoast SEO plugin. -->","yoast_head_json":{"title":"Montura Outdoor Stretch Skirt femme - Skirt running MioMioRun","description":"La gonna pantaloncino Outdoor Stretch da donna \u00e8 comoda e resistente all\u2019acqua, per vivere l\u2019outdoor con stile. Gonna dotata di trattamento idrorepellente .","robots":{"index":"index","follow":"follow","max-snippet":"max-snippet:-1","max-image-preview":"max-image-preview:large","max-video-preview":"max-video-preview:-1"},"canonical":"https:\/\/www.miomiorun.com\/fr\/produit\/outdoor-stretch-skirt-femme\/","og_locale":"fr_FR","og_type":"article","og_title":"Montura Outdoor Stretch Skirt femme - Skirt running MioMioRun","og_description":"La gonna pantaloncino Outdoor Stretch da donna \u00e8 comoda e resistente all\u2019acqua, per vivere l\u2019outdoor con stile. Gonna dotata di trattamento idrorepellente .","og_url":"https:\/\/www.miomiorun.com\/fr\/produit\/outdoor-stretch-skirt-femme\/","og_site_name":"MioMioRun","article_publisher":"https:\/\/www.facebook.com\/miomiorun\/","article_modified_time":"2025-06-12T09:56:56+00:00","og_image":[{"width":600,"height":600,"url":"https:\/\/www.miomiorun.com\/app\/uploads\/2024\/04\/Montura-Outdoor-stretch-skirt-W-nero-MPGG11W-90.webp","type":"image\/webp"}],"twitter_card":"summary_large_image","twitter_misc":{"Est. reading time":"1 minute"},"schema":{"@context":"https:\/\/schema.org","@graph":[{"@type":"WebPage","@id":"https:\/\/www.miomiorun.com\/fr\/produit\/outdoor-stretch-skirt-femme\/","url":"https:\/\/www.miomiorun.com\/fr\/produit\/outdoor-stretch-skirt-femme\/","name":"Montura Outdoor Stretch Skirt femme - Skirt running MioMioRun","isPartOf":{"@id":"https:\/\/www.miomiorun.com\/fr\/#website"},"primaryImageOfPage":{"@id":"https:\/\/www.miomiorun.com\/fr\/produit\/outdoor-stretch-skirt-femme\/#primaryimage"},"image":{"@id":"https:\/\/www.miomiorun.com\/fr\/produit\/outdoor-stretch-skirt-femme\/#primaryimage"},"thumbnailUrl":"https:\/\/www.miomiorun.com\/app\/uploads\/2024\/04\/Montura-Outdoor-stretch-skirt-W-nero-MPGG11W-90.webp","datePublished":"2024-04-09T13:02:20+00:00","dateModified":"2025-06-12T09:56:56+00:00","description":"La gonna pantaloncino Outdoor Stretch da donna \u00e8 comoda e resistente all\u2019acqua, per vivere l\u2019outdoor con stile. Gonna dotata di trattamento idrorepellente .","breadcrumb":{"@id":"https:\/\/www.miomiorun.com\/fr\/produit\/outdoor-stretch-skirt-femme\/#breadcrumb"},"inLanguage":"fr-FR","potentialAction":[{"@type":"ReadAction","target":["https:\/\/www.miomiorun.com\/fr\/produit\/outdoor-stretch-skirt-femme\/"]}]},{"@type":"ImageObject","inLanguage":"fr-FR","@id":"https:\/\/www.miomiorun.com\/fr\/produit\/outdoor-stretch-skirt-femme\/#primaryimage","url":"https:\/\/www.miomiorun.com\/app\/uploads\/2024\/04\/Montura-Outdoor-stretch-skirt-W-nero-MPGG11W-90.webp","contentUrl":"https:\/\/www.miomiorun.com\/app\/uploads\/2024\/04\/Montura-Outdoor-stretch-skirt-W-nero-MPGG11W-90.webp","width":600,"height":600,"caption":"Montura Outdoor stretch skirt W nero MPGG11W 90"},{"@type":"BreadcrumbList","@id":"https:\/\/www.miomiorun.com\/fr\/produit\/outdoor-stretch-skirt-femme\/#breadcrumb","itemListElement":[{"@type":"ListItem","position":1,"name":"Home","item":"https:\/\/www.miomiorun.com\/fr\/home-page\/"},{"@type":"ListItem","position":2,"name":"Shop","item":"https:\/\/www.miomiorun.com\/shop\/"},{"@type":"ListItem","position":3,"name":"Outdoor Stretch Skirt femme"}]},{"@type":"WebSite","@id":"https:\/\/www.miomiorun.com\/fr\/#website","url":"https:\/\/www.miomiorun.com\/fr\/","name":"MioMioRun","description":"Boutique 100% running et trail","publisher":{"@id":"https:\/\/www.miomiorun.com\/fr\/#organization"},"potentialAction":[{"@type":"SearchAction","target":{"@type":"EntryPoint","urlTemplate":"https:\/\/www.miomiorun.com\/fr\/?s={search_term_string}"},"query-input":{"@type":"PropertyValueSpecification","valueRequired":true,"valueName":"search_term_string"}}],"inLanguage":"fr-FR"},{"@type":"Organization","@id":"https:\/\/www.miomiorun.com\/fr\/#organization","name":"MioMio Run","url":"https:\/\/www.miomiorun.com\/fr\/","logo":{"@type":"ImageObject","inLanguage":"fr-FR","@id":"https:\/\/www.miomiorun.com\/fr\/#\/schema\/logo\/image\/","url":"https:\/\/www.miomiorun.com\/app\/uploads\/2019\/12\/logomio.png","contentUrl":"https:\/\/www.miomiorun.com\/app\/uploads\/2019\/12\/logomio.png","width":115,"height":82,"caption":"MioMio Run"},"image":{"@id":"https:\/\/www.miomiorun.com\/fr\/#\/schema\/logo\/image\/"},"sameAs":["https:\/\/www.facebook.com\/miomiorun\/","https:\/\/www.instagram.com\/miomiorun\/"]}]}},"_links":{"self":[{"href":"https:\/\/www.miomiorun.com\/fr\/wp-json\/wp\/v2\/product\/290859","targetHints":{"allow":["GET"]}}],"collection":[{"href":"https:\/\/www.miomiorun.com\/fr\/wp-json\/wp\/v2\/product"}],"about":[{"href":"https:\/\/www.miomiorun.com\/fr\/wp-json\/wp\/v2\/types\/product"}],"wp:featuredmedia":[{"embeddable":true,"href":"https:\/\/www.miomiorun.com\/fr\/wp-json\/wp\/v2\/media\/246410"}],"wp:attachment":[{"href":"https:\/\/www.miomiorun.com\/fr\/wp-json\/wp\/v2\/media?parent=290859"}],"wp:term":[{"taxonomy":"product_brand","embeddable":true,"href":"https:\/\/www.miomiorun.com\/fr\/wp-json\/wp\/v2\/product_brand?post=290859"},{"taxonomy":"product_cat","embeddable":true,"href":"https:\/\/www.miomiorun.com\/fr\/wp-json\/wp\/v2\/product_cat?post=290859"},{"taxonomy":"product_tag","embeddable":true,"href":"https:\/\/www.miomiorun.com\/fr\/wp-json\/wp\/v2\/product_tag?post=290859"}],"curies":[{"name":"wp","href":"https:\/\/api.w.org\/{rel}","templated":true}]}}