{"id":290829,"date":"2024-04-10T17:40:41","date_gmt":"2024-04-10T15:40:41","guid":{"rendered":"https:\/\/miomiorun.com\/prodotto\/boulder-t-shirt-kids\/"},"modified":"2026-05-08T22:01:56","modified_gmt":"2026-05-08T20:01:56","slug":"boulder-t-shirt-kids","status":"publish","type":"product","link":"https:\/\/www.miomiorun.com\/fr\/produit\/boulder-t-shirt-kids\/","title":{"rendered":"Boulder T-Shirt kids"},"content":{"rendered":"<h3 style=\"text-align: center;\">Tous \u00e0 bord : une nouvelle aventure verticale commence !<\/h3>\n<p><strong>T-shirt Boulder <\/strong>pour enfants. Un T-shirt amusant avec le logo de La Sportiva dans un style tout en escalade. D\u00e9di\u00e9 aux jeunes grimpeurs qui abordent le monde fantastique de l&#8217;escalade !<\/p>\n<h3><\/h3>\n<h3>Technologies<\/h3>\n<p><a href=\"https:\/\/www.lasportiva.com\/it\/cinquecento-t-shirt-k-giallo-r03100100#\"> <img loading=\"lazy\" decoding=\"async\" class=\"lazyloaded\" src=\"https:\/\/www.lasportiva.com\/media\/techinfo_icons\/regular-fit.png\" alt=\"La Sportiva\" width=\"75\" height=\"75\" data-src=\"https:\/\/www.lasportiva.com\/media\/techinfo_icons\/regular-fit.png\" \/> <\/a><\/p>\n<p><strong>Coupe r\u00e9guli\u00e8re : <\/strong>coupe technique et confortable.<\/p>\n<p>&nbsp;<\/p>\n<p><a href=\"https:\/\/www.lasportiva.com\/it\/cinquecento-t-shirt-k-giallo-r03100100#\"> <img loading=\"lazy\" decoding=\"async\" class=\"lazyloaded\" src=\"https:\/\/www.lasportiva.com\/media\/techinfo_icons\/leggerezza.png\" alt=\"La Sportiva\" width=\"75\" height=\"75\" data-src=\"https:\/\/www.lasportiva.com\/media\/techinfo_icons\/leggerezza.png\" \/> <\/a><\/p>\n<p><strong>L\u00e9g\u00e8ret\u00e9 : <\/strong>Des produits qui r\u00e9duisent le poids au minimum<\/p>\n<p>&nbsp;<\/p>\n<p><a href=\"https:\/\/www.lasportiva.com\/it\/cinquecento-t-shirt-k-giallo-r03100100#\"> <img loading=\"lazy\" decoding=\"async\" class=\"lazyloaded\" src=\"https:\/\/www.lasportiva.com\/media\/techinfo_icons\/organic-cotton.png\" alt=\"La Sportiva\" width=\"75\" height=\"75\" data-src=\"https:\/\/www.lasportiva.com\/media\/techinfo_icons\/organic-cotton.png\" \/> <\/a><\/p>\n<p><strong>La Sportiva a fait un choix pr\u00e9cis dans la cr\u00e9ation de sa ligne de T-Shirts en coton :<\/strong><strong>utiliser uniquement du coton certifi\u00e9 100% biologique dans le respect de l&#8217;environnement qui nous entoure et avec des avantages \u00e9vidents pour l&#8217;utilisateur final.<\/strong><br \/>\nLe coton biologique est obtenu \u00e0 partir de plantations trait\u00e9es sans pesticides ni substances chimiques, en utilisant moins d&#8217;eau que la culture traditionnelle et sans utiliser de semences OGM. En plus de faire un choix \u00e9cologique, le porteur pourra sentir la diff\u00e9rence imm\u00e9diatement : il ne produit pas d&#8217;irritation au contact de la peau, il est plus doux que le coton traditionnel, plus respirant et beaucoup plus confortable.<\/p>\n<p>&nbsp;<\/p>\n<p><a class=\"d-flex flex-column align-items-center text-center\"><img loading=\"lazy\" decoding=\"async\" class=\"lazyloaded\" src=\"https:\/\/www.lasportiva.com\/media\/techinfo_icons\/L1.png\" alt=\"La Sportiva\" width=\"75\" height=\"75\" data-src=\"https:\/\/www.lasportiva.com\/media\/techinfo_icons\/L1.png\" \/> <\/a><\/p>\n<p><a class=\"d-flex flex-column align-items-center text-center\"><strong>L1 (couche de base)<\/strong> <\/a><\/p>\n<p>Couche en contact direct avec la peau. Favorise l&#8217;\u00e9vacuation de la transpiration pour un meilleur confort climatique pendant l&#8217;activit\u00e9 physique.<\/p>\n<p>&nbsp;<\/p>\n<p>&nbsp;<\/p>\n<p>Tissu <b>: <\/b>Tissu principal : (KNM01) 100% coton biologique<br \/>\n<b>Poids : <\/b>72 g<br \/>\n<b>Forme : <\/b>Coupe r\u00e9guli\u00e8re<\/p>\n<p>&nbsp;<\/p>\n<div>\n<\/div>\n","protected":false},"excerpt":{"rendered":"<ul>\n<li>T-shirt enfant id\u00e9al pour toutes les activit\u00e9s de plein air et les loisirs.<\/li>\n<li>En coton biologique.<\/li>\n<\/ul>\n","protected":false},"featured_media":246458,"template":"","meta":{"_acf_changed":false,"inline_featured_image":false},"product_brand":[],"product_cat":[22592,22591,22590],"product_tag":[23597,24181,24188],"class_list":{"0":"post-290829","1":"product","2":"type-product","3":"status-publish","4":"has-post-thumbnail","6":"product_cat-vetements-pour-enfants","7":"product_cat-vetements-pour-filles","8":"product_cat-enfant","9":"product_tag-la-sportiva-fr","10":"product_tag-la-sportiva-fille","11":"product_tag-la-sportiva-garcon","12":"pa_attivita-lifestyle-fr","13":"pa_attivita-marcher","14":"pa_attivita-outdoor-fr","15":"pa_colore-boulder-t-shirt-k-cherry-tomato-fr","16":"pa_marca-la-sportiva-fr","17":"pa_sesso-femme","18":"pa_sesso-homme","19":"pa_size-110-fr","21":"first","22":"instock","23":"sale","24":"taxable","25":"shipping-taxable","26":"purchasable","27":"product-type-variable","28":"wvs-archive-product-wrapper"},"acf":[],"yoast_head":"<!-- This site is optimized with the Yoast SEO plugin v26.8 - https:\/\/yoast.com\/product\/yoast-seo-wordpress\/ -->\n<title>La Sportiva Boulder T-Shirt kids - T-shirt de course - MioMioRun.com<\/title>\n<meta name=\"description\" content=\"T-shirt Boulder pour enfant. Un T-shirt amusant avec le logo de La Sportiva dans un style tout en escalade. D\u00e9di\u00e9 aux jeunes grimpeurs.\" \/>\n<meta name=\"robots\" content=\"index, follow, max-snippet:-1, max-image-preview:large, max-video-preview:-1\" \/>\n<link rel=\"canonical\" href=\"https:\/\/www.miomiorun.com\/fr\/produit\/boulder-t-shirt-kids\/\" \/>\n<meta property=\"og:locale\" content=\"fr_FR\" \/>\n<meta property=\"og:type\" content=\"article\" \/>\n<meta property=\"og:title\" content=\"La Sportiva Boulder T-Shirt kids - T-shirt de course - MioMioRun.com\" \/>\n<meta property=\"og:description\" content=\"T-shirt Boulder pour enfant. Un T-shirt amusant avec le logo de La Sportiva dans un style tout en escalade. D\u00e9di\u00e9 aux jeunes grimpeurs.\" \/>\n<meta property=\"og:url\" content=\"https:\/\/www.miomiorun.com\/fr\/produit\/boulder-t-shirt-kids\/\" \/>\n<meta property=\"og:site_name\" content=\"MioMioRun\" \/>\n<meta property=\"article:publisher\" content=\"https:\/\/www.facebook.com\/miomiorun\/\" \/>\n<meta property=\"article:modified_time\" content=\"2026-05-08T20:01:56+00:00\" \/>\n<meta property=\"og:image\" content=\"https:\/\/www.miomiorun.com\/app\/uploads\/2024\/04\/La-sportiva-Boulder-t-shirt-K-cherry-tomato-R07322322.webp\" \/>\n\t<meta property=\"og:image:width\" content=\"600\" \/>\n\t<meta property=\"og:image:height\" content=\"600\" \/>\n\t<meta property=\"og:image:type\" content=\"image\/webp\" \/>\n<meta name=\"twitter:card\" content=\"summary_large_image\" \/>\n<meta name=\"twitter:label1\" content=\"Est. reading time\" \/>\n\t<meta name=\"twitter:data1\" content=\"1 minute\" \/>\n<script type=\"application\/ld+json\" class=\"yoast-schema-graph\">{\"@context\":\"https:\/\/schema.org\",\"@graph\":[{\"@type\":\"WebPage\",\"@id\":\"https:\/\/www.miomiorun.com\/fr\/produit\/boulder-t-shirt-kids\/\",\"url\":\"https:\/\/www.miomiorun.com\/fr\/produit\/boulder-t-shirt-kids\/\",\"name\":\"La Sportiva Boulder T-Shirt kids - T-shirt de course - MioMioRun.com\",\"isPartOf\":{\"@id\":\"https:\/\/www.miomiorun.com\/fr\/#website\"},\"primaryImageOfPage\":{\"@id\":\"https:\/\/www.miomiorun.com\/fr\/produit\/boulder-t-shirt-kids\/#primaryimage\"},\"image\":{\"@id\":\"https:\/\/www.miomiorun.com\/fr\/produit\/boulder-t-shirt-kids\/#primaryimage\"},\"thumbnailUrl\":\"https:\/\/www.miomiorun.com\/app\/uploads\/2024\/04\/La-sportiva-Boulder-t-shirt-K-cherry-tomato-R07322322.webp\",\"datePublished\":\"2024-04-10T15:40:41+00:00\",\"dateModified\":\"2026-05-08T20:01:56+00:00\",\"description\":\"T-shirt Boulder pour enfant. Un T-shirt amusant avec le logo de La Sportiva dans un style tout en escalade. D\u00e9di\u00e9 aux jeunes grimpeurs.\",\"breadcrumb\":{\"@id\":\"https:\/\/www.miomiorun.com\/fr\/produit\/boulder-t-shirt-kids\/#breadcrumb\"},\"inLanguage\":\"fr-FR\",\"potentialAction\":[{\"@type\":\"ReadAction\",\"target\":[\"https:\/\/www.miomiorun.com\/fr\/produit\/boulder-t-shirt-kids\/\"]}]},{\"@type\":\"ImageObject\",\"inLanguage\":\"fr-FR\",\"@id\":\"https:\/\/www.miomiorun.com\/fr\/produit\/boulder-t-shirt-kids\/#primaryimage\",\"url\":\"https:\/\/www.miomiorun.com\/app\/uploads\/2024\/04\/La-sportiva-Boulder-t-shirt-K-cherry-tomato-R07322322.webp\",\"contentUrl\":\"https:\/\/www.miomiorun.com\/app\/uploads\/2024\/04\/La-sportiva-Boulder-t-shirt-K-cherry-tomato-R07322322.webp\",\"width\":600,\"height\":600,\"caption\":\"La sportiva Boulder t-shirt K cherry tomato R07322322\"},{\"@type\":\"BreadcrumbList\",\"@id\":\"https:\/\/www.miomiorun.com\/fr\/produit\/boulder-t-shirt-kids\/#breadcrumb\",\"itemListElement\":[{\"@type\":\"ListItem\",\"position\":1,\"name\":\"Home\",\"item\":\"https:\/\/www.miomiorun.com\/fr\/home-page\/\"},{\"@type\":\"ListItem\",\"position\":2,\"name\":\"Shop\",\"item\":\"https:\/\/www.miomiorun.com\/shop\/\"},{\"@type\":\"ListItem\",\"position\":3,\"name\":\"Boulder T-Shirt kids\"}]},{\"@type\":\"WebSite\",\"@id\":\"https:\/\/www.miomiorun.com\/fr\/#website\",\"url\":\"https:\/\/www.miomiorun.com\/fr\/\",\"name\":\"MioMioRun\",\"description\":\"Boutique 100% running et trail\",\"publisher\":{\"@id\":\"https:\/\/www.miomiorun.com\/fr\/#organization\"},\"potentialAction\":[{\"@type\":\"SearchAction\",\"target\":{\"@type\":\"EntryPoint\",\"urlTemplate\":\"https:\/\/www.miomiorun.com\/fr\/?s={search_term_string}\"},\"query-input\":{\"@type\":\"PropertyValueSpecification\",\"valueRequired\":true,\"valueName\":\"search_term_string\"}}],\"inLanguage\":\"fr-FR\"},{\"@type\":\"Organization\",\"@id\":\"https:\/\/www.miomiorun.com\/fr\/#organization\",\"name\":\"MioMio Run\",\"url\":\"https:\/\/www.miomiorun.com\/fr\/\",\"logo\":{\"@type\":\"ImageObject\",\"inLanguage\":\"fr-FR\",\"@id\":\"https:\/\/www.miomiorun.com\/fr\/#\/schema\/logo\/image\/\",\"url\":\"https:\/\/www.miomiorun.com\/app\/uploads\/2019\/12\/logomio.png\",\"contentUrl\":\"https:\/\/www.miomiorun.com\/app\/uploads\/2019\/12\/logomio.png\",\"width\":115,\"height\":82,\"caption\":\"MioMio Run\"},\"image\":{\"@id\":\"https:\/\/www.miomiorun.com\/fr\/#\/schema\/logo\/image\/\"},\"sameAs\":[\"https:\/\/www.facebook.com\/miomiorun\/\",\"https:\/\/www.instagram.com\/miomiorun\/\"]}]}<\/script>\n<!-- \/ Yoast SEO plugin. -->","yoast_head_json":{"title":"La Sportiva Boulder T-Shirt kids - T-shirt de course - MioMioRun.com","description":"T-shirt Boulder pour enfant. Un T-shirt amusant avec le logo de La Sportiva dans un style tout en escalade. D\u00e9di\u00e9 aux jeunes grimpeurs.","robots":{"index":"index","follow":"follow","max-snippet":"max-snippet:-1","max-image-preview":"max-image-preview:large","max-video-preview":"max-video-preview:-1"},"canonical":"https:\/\/www.miomiorun.com\/fr\/produit\/boulder-t-shirt-kids\/","og_locale":"fr_FR","og_type":"article","og_title":"La Sportiva Boulder T-Shirt kids - T-shirt de course - MioMioRun.com","og_description":"T-shirt Boulder pour enfant. Un T-shirt amusant avec le logo de La Sportiva dans un style tout en escalade. D\u00e9di\u00e9 aux jeunes grimpeurs.","og_url":"https:\/\/www.miomiorun.com\/fr\/produit\/boulder-t-shirt-kids\/","og_site_name":"MioMioRun","article_publisher":"https:\/\/www.facebook.com\/miomiorun\/","article_modified_time":"2026-05-08T20:01:56+00:00","og_image":[{"width":600,"height":600,"url":"https:\/\/www.miomiorun.com\/app\/uploads\/2024\/04\/La-sportiva-Boulder-t-shirt-K-cherry-tomato-R07322322.webp","type":"image\/webp"}],"twitter_card":"summary_large_image","twitter_misc":{"Est. reading time":"1 minute"},"schema":{"@context":"https:\/\/schema.org","@graph":[{"@type":"WebPage","@id":"https:\/\/www.miomiorun.com\/fr\/produit\/boulder-t-shirt-kids\/","url":"https:\/\/www.miomiorun.com\/fr\/produit\/boulder-t-shirt-kids\/","name":"La Sportiva Boulder T-Shirt kids - T-shirt de course - MioMioRun.com","isPartOf":{"@id":"https:\/\/www.miomiorun.com\/fr\/#website"},"primaryImageOfPage":{"@id":"https:\/\/www.miomiorun.com\/fr\/produit\/boulder-t-shirt-kids\/#primaryimage"},"image":{"@id":"https:\/\/www.miomiorun.com\/fr\/produit\/boulder-t-shirt-kids\/#primaryimage"},"thumbnailUrl":"https:\/\/www.miomiorun.com\/app\/uploads\/2024\/04\/La-sportiva-Boulder-t-shirt-K-cherry-tomato-R07322322.webp","datePublished":"2024-04-10T15:40:41+00:00","dateModified":"2026-05-08T20:01:56+00:00","description":"T-shirt Boulder pour enfant. Un T-shirt amusant avec le logo de La Sportiva dans un style tout en escalade. D\u00e9di\u00e9 aux jeunes grimpeurs.","breadcrumb":{"@id":"https:\/\/www.miomiorun.com\/fr\/produit\/boulder-t-shirt-kids\/#breadcrumb"},"inLanguage":"fr-FR","potentialAction":[{"@type":"ReadAction","target":["https:\/\/www.miomiorun.com\/fr\/produit\/boulder-t-shirt-kids\/"]}]},{"@type":"ImageObject","inLanguage":"fr-FR","@id":"https:\/\/www.miomiorun.com\/fr\/produit\/boulder-t-shirt-kids\/#primaryimage","url":"https:\/\/www.miomiorun.com\/app\/uploads\/2024\/04\/La-sportiva-Boulder-t-shirt-K-cherry-tomato-R07322322.webp","contentUrl":"https:\/\/www.miomiorun.com\/app\/uploads\/2024\/04\/La-sportiva-Boulder-t-shirt-K-cherry-tomato-R07322322.webp","width":600,"height":600,"caption":"La sportiva Boulder t-shirt K cherry tomato R07322322"},{"@type":"BreadcrumbList","@id":"https:\/\/www.miomiorun.com\/fr\/produit\/boulder-t-shirt-kids\/#breadcrumb","itemListElement":[{"@type":"ListItem","position":1,"name":"Home","item":"https:\/\/www.miomiorun.com\/fr\/home-page\/"},{"@type":"ListItem","position":2,"name":"Shop","item":"https:\/\/www.miomiorun.com\/shop\/"},{"@type":"ListItem","position":3,"name":"Boulder T-Shirt kids"}]},{"@type":"WebSite","@id":"https:\/\/www.miomiorun.com\/fr\/#website","url":"https:\/\/www.miomiorun.com\/fr\/","name":"MioMioRun","description":"Boutique 100% running et trail","publisher":{"@id":"https:\/\/www.miomiorun.com\/fr\/#organization"},"potentialAction":[{"@type":"SearchAction","target":{"@type":"EntryPoint","urlTemplate":"https:\/\/www.miomiorun.com\/fr\/?s={search_term_string}"},"query-input":{"@type":"PropertyValueSpecification","valueRequired":true,"valueName":"search_term_string"}}],"inLanguage":"fr-FR"},{"@type":"Organization","@id":"https:\/\/www.miomiorun.com\/fr\/#organization","name":"MioMio Run","url":"https:\/\/www.miomiorun.com\/fr\/","logo":{"@type":"ImageObject","inLanguage":"fr-FR","@id":"https:\/\/www.miomiorun.com\/fr\/#\/schema\/logo\/image\/","url":"https:\/\/www.miomiorun.com\/app\/uploads\/2019\/12\/logomio.png","contentUrl":"https:\/\/www.miomiorun.com\/app\/uploads\/2019\/12\/logomio.png","width":115,"height":82,"caption":"MioMio Run"},"image":{"@id":"https:\/\/www.miomiorun.com\/fr\/#\/schema\/logo\/image\/"},"sameAs":["https:\/\/www.facebook.com\/miomiorun\/","https:\/\/www.instagram.com\/miomiorun\/"]}]}},"_links":{"self":[{"href":"https:\/\/www.miomiorun.com\/fr\/wp-json\/wp\/v2\/product\/290829","targetHints":{"allow":["GET"]}}],"collection":[{"href":"https:\/\/www.miomiorun.com\/fr\/wp-json\/wp\/v2\/product"}],"about":[{"href":"https:\/\/www.miomiorun.com\/fr\/wp-json\/wp\/v2\/types\/product"}],"wp:featuredmedia":[{"embeddable":true,"href":"https:\/\/www.miomiorun.com\/fr\/wp-json\/wp\/v2\/media\/246458"}],"wp:attachment":[{"href":"https:\/\/www.miomiorun.com\/fr\/wp-json\/wp\/v2\/media?parent=290829"}],"wp:term":[{"taxonomy":"product_brand","embeddable":true,"href":"https:\/\/www.miomiorun.com\/fr\/wp-json\/wp\/v2\/product_brand?post=290829"},{"taxonomy":"product_cat","embeddable":true,"href":"https:\/\/www.miomiorun.com\/fr\/wp-json\/wp\/v2\/product_cat?post=290829"},{"taxonomy":"product_tag","embeddable":true,"href":"https:\/\/www.miomiorun.com\/fr\/wp-json\/wp\/v2\/product_tag?post=290829"}],"curies":[{"name":"wp","href":"https:\/\/api.w.org\/{rel}","templated":true}]}}