{"id":290788,"date":"2024-04-11T13:19:26","date_gmt":"2024-04-11T11:19:26","guid":{"rendered":"https:\/\/miomiorun.com\/prodotto\/brush-pant-uomo\/"},"modified":"2025-06-12T12:34:59","modified_gmt":"2025-06-12T10:34:59","slug":"brush-pant-homme","status":"publish","type":"product","link":"https:\/\/www.miomiorun.com\/fr\/produit\/brush-pant-homme\/","title":{"rendered":"Brush Pant homme"},"content":{"rendered":"<p>Le <strong>Brush Pant<\/strong> pour homme a un look \u00e9pur\u00e9 et est parfait pour les randonn\u00e9es d&#8217;une journ\u00e9e sur les sentiers et en montagne. Le tissu l\u00e9ger et extensible assure une bonne respirabilit\u00e9 et peut \u00eatre rang\u00e9 dans la poche arri\u00e8re zipp\u00e9e pour se glisser facilement dans votre sac \u00e0 dos et l&#8217;emporter avec vous \u00e0 tout moment.<\/p>\n<h3>Informations techniques :<\/h3>\n<p>&nbsp;<\/p>\n<p>&nbsp;<\/p>\n<p><img decoding=\"async\" src=\"https:\/\/www.lasportiva.com\/media\/techinfo_icons\/traspirabilita.png\" alt=\"La Sportiva\" \/><\/p>\n<p><strong>Respirabilit\u00e9 :<\/strong><br \/>\nProduits tr\u00e8s respirants pour un confort climatique optimal.<\/p>\n<p>&nbsp;<\/p>\n<p>&nbsp;<\/p>\n<p><a class=\"d-flex flex-column align-items-center text-center\"> <img loading=\"lazy\" decoding=\"async\" class=\"lazyloaded\" src=\"https:\/\/www.lasportiva.com\/media\/techinfo_icons\/elasticita.png\" alt=\"La Sportiva\" width=\"75\" height=\"75\" data-src=\"https:\/\/www.lasportiva.com\/media\/techinfo_icons\/elasticita.png\" \/> <\/a><\/p>\n<p><strong>Elasticit\u00e9:<\/strong><br \/>\nV\u00eatements confortables et r\u00e9actifs qui garantissent une libert\u00e9 de mouvement maximale.<\/p>\n<p>&nbsp;<\/p>\n<p>&nbsp;<\/p>\n<p><a class=\"d-flex flex-column align-items-center text-center\"> <img loading=\"lazy\" decoding=\"async\" class=\"lazyloaded\" src=\"https:\/\/www.lasportiva.com\/media\/techinfo_icons\/regular-fit.png\" alt=\"La Sportiva\" width=\"75\" height=\"75\" data-src=\"https:\/\/www.lasportiva.com\/media\/techinfo_icons\/regular-fit.png\" \/> <\/a><\/p>\n<p><strong>Coupe r\u00e9guli\u00e8re :<\/strong><br \/>\nCoupe technique et confortable.<\/p>\n<p>&nbsp;<\/p>\n<p>&nbsp;<\/p>\n<p>&nbsp;<\/p>\n<p><a class=\"d-flex flex-column align-items-center text-center\"><img loading=\"lazy\" decoding=\"async\" class=\"lazyloaded\" src=\"https:\/\/www.lasportiva.com\/media\/techinfo_icons\/leggerezza.png\" alt=\"La Sportiva\" width=\"75\" height=\"75\" data-src=\"https:\/\/www.lasportiva.com\/media\/techinfo_icons\/leggerezza.png\" \/> <\/a><\/p>\n<p><strong>L\u00e9ger :<\/strong><br \/>\nProduits qui r\u00e9duisent le poids au minimum.<\/p>\n<p>&nbsp;<\/p>\n<p>&nbsp;<\/p>\n<p>&nbsp;<\/p>\n<p><a class=\"d-flex flex-column align-items-center text-center\"><img loading=\"lazy\" decoding=\"async\" class=\"lazyloaded\" src=\"https:\/\/www.lasportiva.com\/media\/techinfo_icons\/L2.png\" alt=\"La Sportiva\" width=\"75\" height=\"75\" data-src=\"https:\/\/www.lasportiva.com\/media\/techinfo_icons\/L2.png\" \/> <\/a><\/p>\n<p><strong>L2 &#8211; MID LAYER &amp; THERMAL LAYER<\/strong><br \/>\nFournit une isolation thermique suppl\u00e9mentaire en favorisant la transpiration gr\u00e2ce \u00e0 une respirabilit\u00e9 \u00e9lev\u00e9e.<\/p>\n<p>&nbsp;<\/p>\n<p>&nbsp;<\/p>\n<p>&nbsp;<\/p>\n<p><a class=\"d-flex flex-column align-items-center text-center\"> <img loading=\"lazy\" decoding=\"async\" class=\"lazyloaded\" src=\"https:\/\/www.lasportiva.com\/media\/techinfo_icons\/r\/e\/recycledfabric_icone_75x75_6.png\" alt=\"La Sportiva\" width=\"75\" height=\"75\" data-src=\"https:\/\/www.lasportiva.com\/media\/techinfo_icons\/r\/e\/recycledfabric_icone_75x75_6.png\" \/> <\/a><\/p>\n<p>La Sportiva fabrique des produits pour la montagne depuis 1928 au pied des Dolomites : c&#8217;est pourquoi l&#8217;attention port\u00e9e \u00e0 chaque d\u00e9tail qui peut faire la diff\u00e9rence dans l&#8217;environnement est primordiale. Avec les logos <strong>RECYCLED FABRIC &amp; INSULATIONS<\/strong>, nous avons identifi\u00e9 des produits respectueux de l&#8217;environnement qui, gr\u00e2ce \u00e0 des choix de production et de construction, utilisent des mat\u00e9riaux d\u00e9riv\u00e9s de la r\u00e9utilisation du plastique, permettant ainsi au consommateur de faire un achat respectueux de l&#8217;environnement.<\/p>\n<p><strong>RECYCLED<\/strong> FABRIC<br \/>\nFibres de polyester fabriqu\u00e9es \u00e0 partir de bouteilles en plastique recycl\u00e9es et de proc\u00e9d\u00e9s \u00e9cologiques.<br \/>\n&#8211; Les v\u00eatements fabriqu\u00e9s avec des tissus <strong>RECYCLED FABRIC<\/strong> contribuent \u00e0 r\u00e9duire l&#8217;impact sur l&#8217;environnement<br \/>\n&#8211; Tous les produits p\u00e9trochimiques ont \u00e9t\u00e9 remplac\u00e9s par des bouteilles en plastique recycl\u00e9es<br \/>\n&#8211; Le processus de production des fibres recycl\u00e9es r\u00e9duit les \u00e9missions de CO2 dans l&#8217;atmosph\u00e8re d&#8217;environ 54 %- Durabilit\u00e9 et qualit\u00e9 garanties dans le temps.<\/p>\n<p>&nbsp;<\/p>\n<p><strong>Caract\u00e9ristiques :<\/strong><\/p>\n<ul>\n<li>Taille \u00e9lastique et ajustable<\/li>\n<li>2 poches avant<\/li>\n<li>1 poche arri\u00e8re zipp\u00e9e, \u00e9galement poche de rangement<\/li>\n<\/ul>\n<p>&nbsp;<\/p>\n","protected":false},"excerpt":{"rendered":"<ul>\n<li>Excellente respirabilit\u00e9.<\/li>\n<li>V\u00eatement id\u00e9al \u00e0 porter lors de vos excursions en montagne.<\/li>\n<\/ul>\n","protected":false},"featured_media":246482,"template":"","meta":{"_acf_changed":false,"inline_featured_image":false},"product_brand":[],"product_cat":[24450,24482,24484],"product_tag":[23597,23599],"class_list":{"0":"post-290788","1":"product","2":"type-product","3":"status-publish","4":"has-post-thumbnail","6":"product_cat-pantalon-long-fr-3","7":"product_cat-vetements-pour-hommes-fr","8":"product_cat-homme","9":"product_tag-la-sportiva-fr","10":"product_tag-la-sportiva-homme","11":"pa_attivita-marcher","12":"pa_attivita-outdoor-fr","13":"pa_colore-brush-pant-m-black-carbon-fr","14":"pa_marca-la-sportiva-fr","15":"pa_sesso-homme","16":"pa_size-small-fr","17":"pa_size-medium-fr","18":"pa_size-large-fr","19":"pa_size-extra-large-fr","21":"first","22":"instock","23":"sale","24":"taxable","25":"shipping-taxable","26":"purchasable","27":"product-type-variable","28":"wvs-archive-product-wrapper"},"acf":[],"yoast_head":"<!-- This site is optimized with the Yoast SEO plugin v26.8 - https:\/\/yoast.com\/product\/yoast-seo-wordpress\/ -->\n<title>La Sportiva Brush Pant homme - Pantalons longs - MioMioRun<\/title>\n<meta name=\"description\" content=\"Le Brush Pant pour homme a un look \u00e9pur\u00e9 et est parfait pour les randonn\u00e9es d&#039;une journ\u00e9e sur les sentiers et en montagne. Le tissu l\u00e9ger est extensible\" \/>\n<meta name=\"robots\" content=\"index, follow, max-snippet:-1, max-image-preview:large, max-video-preview:-1\" \/>\n<link rel=\"canonical\" href=\"https:\/\/www.miomiorun.com\/fr\/produit\/brush-pant-homme\/\" \/>\n<meta property=\"og:locale\" content=\"fr_FR\" \/>\n<meta property=\"og:type\" content=\"article\" \/>\n<meta property=\"og:title\" content=\"La Sportiva Brush Pant homme - Pantalons longs - MioMioRun\" \/>\n<meta property=\"og:description\" content=\"Le Brush Pant pour homme a un look \u00e9pur\u00e9 et est parfait pour les randonn\u00e9es d&#039;une journ\u00e9e sur les sentiers et en montagne. Le tissu l\u00e9ger est extensible\" \/>\n<meta property=\"og:url\" content=\"https:\/\/www.miomiorun.com\/fr\/produit\/brush-pant-homme\/\" \/>\n<meta property=\"og:site_name\" content=\"MioMioRun\" \/>\n<meta property=\"article:publisher\" content=\"https:\/\/www.facebook.com\/miomiorun\/\" \/>\n<meta property=\"article:modified_time\" content=\"2025-06-12T10:34:59+00:00\" \/>\n<meta property=\"og:image\" content=\"https:\/\/www.miomiorun.com\/app\/uploads\/2024\/04\/La-sportiva-Brush-pant-M-black-carbon-P60999900.webp\" \/>\n\t<meta property=\"og:image:width\" content=\"600\" \/>\n\t<meta property=\"og:image:height\" content=\"600\" \/>\n\t<meta property=\"og:image:type\" content=\"image\/webp\" \/>\n<meta name=\"twitter:card\" content=\"summary_large_image\" \/>\n<meta name=\"twitter:label1\" content=\"Est. reading time\" \/>\n\t<meta name=\"twitter:data1\" content=\"2 minutes\" \/>\n<script type=\"application\/ld+json\" class=\"yoast-schema-graph\">{\"@context\":\"https:\/\/schema.org\",\"@graph\":[{\"@type\":\"WebPage\",\"@id\":\"https:\/\/www.miomiorun.com\/fr\/produit\/brush-pant-homme\/\",\"url\":\"https:\/\/www.miomiorun.com\/fr\/produit\/brush-pant-homme\/\",\"name\":\"La Sportiva Brush Pant homme - Pantalons longs - MioMioRun\",\"isPartOf\":{\"@id\":\"https:\/\/www.miomiorun.com\/fr\/#website\"},\"primaryImageOfPage\":{\"@id\":\"https:\/\/www.miomiorun.com\/fr\/produit\/brush-pant-homme\/#primaryimage\"},\"image\":{\"@id\":\"https:\/\/www.miomiorun.com\/fr\/produit\/brush-pant-homme\/#primaryimage\"},\"thumbnailUrl\":\"https:\/\/www.miomiorun.com\/app\/uploads\/2024\/04\/La-sportiva-Brush-pant-M-black-carbon-P60999900.webp\",\"datePublished\":\"2024-04-11T11:19:26+00:00\",\"dateModified\":\"2025-06-12T10:34:59+00:00\",\"description\":\"Le Brush Pant pour homme a un look \u00e9pur\u00e9 et est parfait pour les randonn\u00e9es d'une journ\u00e9e sur les sentiers et en montagne. Le tissu l\u00e9ger est extensible\",\"breadcrumb\":{\"@id\":\"https:\/\/www.miomiorun.com\/fr\/produit\/brush-pant-homme\/#breadcrumb\"},\"inLanguage\":\"fr-FR\",\"potentialAction\":[{\"@type\":\"ReadAction\",\"target\":[\"https:\/\/www.miomiorun.com\/fr\/produit\/brush-pant-homme\/\"]}]},{\"@type\":\"ImageObject\",\"inLanguage\":\"fr-FR\",\"@id\":\"https:\/\/www.miomiorun.com\/fr\/produit\/brush-pant-homme\/#primaryimage\",\"url\":\"https:\/\/www.miomiorun.com\/app\/uploads\/2024\/04\/La-sportiva-Brush-pant-M-black-carbon-P60999900.webp\",\"contentUrl\":\"https:\/\/www.miomiorun.com\/app\/uploads\/2024\/04\/La-sportiva-Brush-pant-M-black-carbon-P60999900.webp\",\"width\":600,\"height\":600,\"caption\":\"La sportiva Brush pant M black carbon P60999900\"},{\"@type\":\"BreadcrumbList\",\"@id\":\"https:\/\/www.miomiorun.com\/fr\/produit\/brush-pant-homme\/#breadcrumb\",\"itemListElement\":[{\"@type\":\"ListItem\",\"position\":1,\"name\":\"Home\",\"item\":\"https:\/\/www.miomiorun.com\/fr\/home-page\/\"},{\"@type\":\"ListItem\",\"position\":2,\"name\":\"Shop\",\"item\":\"https:\/\/www.miomiorun.com\/shop\/\"},{\"@type\":\"ListItem\",\"position\":3,\"name\":\"Brush Pant homme\"}]},{\"@type\":\"WebSite\",\"@id\":\"https:\/\/www.miomiorun.com\/fr\/#website\",\"url\":\"https:\/\/www.miomiorun.com\/fr\/\",\"name\":\"MioMioRun\",\"description\":\"Boutique 100% running et trail\",\"publisher\":{\"@id\":\"https:\/\/www.miomiorun.com\/fr\/#organization\"},\"potentialAction\":[{\"@type\":\"SearchAction\",\"target\":{\"@type\":\"EntryPoint\",\"urlTemplate\":\"https:\/\/www.miomiorun.com\/fr\/?s={search_term_string}\"},\"query-input\":{\"@type\":\"PropertyValueSpecification\",\"valueRequired\":true,\"valueName\":\"search_term_string\"}}],\"inLanguage\":\"fr-FR\"},{\"@type\":\"Organization\",\"@id\":\"https:\/\/www.miomiorun.com\/fr\/#organization\",\"name\":\"MioMio Run\",\"url\":\"https:\/\/www.miomiorun.com\/fr\/\",\"logo\":{\"@type\":\"ImageObject\",\"inLanguage\":\"fr-FR\",\"@id\":\"https:\/\/www.miomiorun.com\/fr\/#\/schema\/logo\/image\/\",\"url\":\"https:\/\/www.miomiorun.com\/app\/uploads\/2019\/12\/logomio.png\",\"contentUrl\":\"https:\/\/www.miomiorun.com\/app\/uploads\/2019\/12\/logomio.png\",\"width\":115,\"height\":82,\"caption\":\"MioMio Run\"},\"image\":{\"@id\":\"https:\/\/www.miomiorun.com\/fr\/#\/schema\/logo\/image\/\"},\"sameAs\":[\"https:\/\/www.facebook.com\/miomiorun\/\",\"https:\/\/www.instagram.com\/miomiorun\/\"]}]}<\/script>\n<!-- \/ Yoast SEO plugin. -->","yoast_head_json":{"title":"La Sportiva Brush Pant homme - Pantalons longs - MioMioRun","description":"Le Brush Pant pour homme a un look \u00e9pur\u00e9 et est parfait pour les randonn\u00e9es d'une journ\u00e9e sur les sentiers et en montagne. Le tissu l\u00e9ger est extensible","robots":{"index":"index","follow":"follow","max-snippet":"max-snippet:-1","max-image-preview":"max-image-preview:large","max-video-preview":"max-video-preview:-1"},"canonical":"https:\/\/www.miomiorun.com\/fr\/produit\/brush-pant-homme\/","og_locale":"fr_FR","og_type":"article","og_title":"La Sportiva Brush Pant homme - Pantalons longs - MioMioRun","og_description":"Le Brush Pant pour homme a un look \u00e9pur\u00e9 et est parfait pour les randonn\u00e9es d'une journ\u00e9e sur les sentiers et en montagne. Le tissu l\u00e9ger est extensible","og_url":"https:\/\/www.miomiorun.com\/fr\/produit\/brush-pant-homme\/","og_site_name":"MioMioRun","article_publisher":"https:\/\/www.facebook.com\/miomiorun\/","article_modified_time":"2025-06-12T10:34:59+00:00","og_image":[{"width":600,"height":600,"url":"https:\/\/www.miomiorun.com\/app\/uploads\/2024\/04\/La-sportiva-Brush-pant-M-black-carbon-P60999900.webp","type":"image\/webp"}],"twitter_card":"summary_large_image","twitter_misc":{"Est. reading time":"2 minutes"},"schema":{"@context":"https:\/\/schema.org","@graph":[{"@type":"WebPage","@id":"https:\/\/www.miomiorun.com\/fr\/produit\/brush-pant-homme\/","url":"https:\/\/www.miomiorun.com\/fr\/produit\/brush-pant-homme\/","name":"La Sportiva Brush Pant homme - Pantalons longs - MioMioRun","isPartOf":{"@id":"https:\/\/www.miomiorun.com\/fr\/#website"},"primaryImageOfPage":{"@id":"https:\/\/www.miomiorun.com\/fr\/produit\/brush-pant-homme\/#primaryimage"},"image":{"@id":"https:\/\/www.miomiorun.com\/fr\/produit\/brush-pant-homme\/#primaryimage"},"thumbnailUrl":"https:\/\/www.miomiorun.com\/app\/uploads\/2024\/04\/La-sportiva-Brush-pant-M-black-carbon-P60999900.webp","datePublished":"2024-04-11T11:19:26+00:00","dateModified":"2025-06-12T10:34:59+00:00","description":"Le Brush Pant pour homme a un look \u00e9pur\u00e9 et est parfait pour les randonn\u00e9es d'une journ\u00e9e sur les sentiers et en montagne. Le tissu l\u00e9ger est extensible","breadcrumb":{"@id":"https:\/\/www.miomiorun.com\/fr\/produit\/brush-pant-homme\/#breadcrumb"},"inLanguage":"fr-FR","potentialAction":[{"@type":"ReadAction","target":["https:\/\/www.miomiorun.com\/fr\/produit\/brush-pant-homme\/"]}]},{"@type":"ImageObject","inLanguage":"fr-FR","@id":"https:\/\/www.miomiorun.com\/fr\/produit\/brush-pant-homme\/#primaryimage","url":"https:\/\/www.miomiorun.com\/app\/uploads\/2024\/04\/La-sportiva-Brush-pant-M-black-carbon-P60999900.webp","contentUrl":"https:\/\/www.miomiorun.com\/app\/uploads\/2024\/04\/La-sportiva-Brush-pant-M-black-carbon-P60999900.webp","width":600,"height":600,"caption":"La sportiva Brush pant M black carbon P60999900"},{"@type":"BreadcrumbList","@id":"https:\/\/www.miomiorun.com\/fr\/produit\/brush-pant-homme\/#breadcrumb","itemListElement":[{"@type":"ListItem","position":1,"name":"Home","item":"https:\/\/www.miomiorun.com\/fr\/home-page\/"},{"@type":"ListItem","position":2,"name":"Shop","item":"https:\/\/www.miomiorun.com\/shop\/"},{"@type":"ListItem","position":3,"name":"Brush Pant homme"}]},{"@type":"WebSite","@id":"https:\/\/www.miomiorun.com\/fr\/#website","url":"https:\/\/www.miomiorun.com\/fr\/","name":"MioMioRun","description":"Boutique 100% running et trail","publisher":{"@id":"https:\/\/www.miomiorun.com\/fr\/#organization"},"potentialAction":[{"@type":"SearchAction","target":{"@type":"EntryPoint","urlTemplate":"https:\/\/www.miomiorun.com\/fr\/?s={search_term_string}"},"query-input":{"@type":"PropertyValueSpecification","valueRequired":true,"valueName":"search_term_string"}}],"inLanguage":"fr-FR"},{"@type":"Organization","@id":"https:\/\/www.miomiorun.com\/fr\/#organization","name":"MioMio Run","url":"https:\/\/www.miomiorun.com\/fr\/","logo":{"@type":"ImageObject","inLanguage":"fr-FR","@id":"https:\/\/www.miomiorun.com\/fr\/#\/schema\/logo\/image\/","url":"https:\/\/www.miomiorun.com\/app\/uploads\/2019\/12\/logomio.png","contentUrl":"https:\/\/www.miomiorun.com\/app\/uploads\/2019\/12\/logomio.png","width":115,"height":82,"caption":"MioMio Run"},"image":{"@id":"https:\/\/www.miomiorun.com\/fr\/#\/schema\/logo\/image\/"},"sameAs":["https:\/\/www.facebook.com\/miomiorun\/","https:\/\/www.instagram.com\/miomiorun\/"]}]}},"_links":{"self":[{"href":"https:\/\/www.miomiorun.com\/fr\/wp-json\/wp\/v2\/product\/290788","targetHints":{"allow":["GET"]}}],"collection":[{"href":"https:\/\/www.miomiorun.com\/fr\/wp-json\/wp\/v2\/product"}],"about":[{"href":"https:\/\/www.miomiorun.com\/fr\/wp-json\/wp\/v2\/types\/product"}],"wp:featuredmedia":[{"embeddable":true,"href":"https:\/\/www.miomiorun.com\/fr\/wp-json\/wp\/v2\/media\/246482"}],"wp:attachment":[{"href":"https:\/\/www.miomiorun.com\/fr\/wp-json\/wp\/v2\/media?parent=290788"}],"wp:term":[{"taxonomy":"product_brand","embeddable":true,"href":"https:\/\/www.miomiorun.com\/fr\/wp-json\/wp\/v2\/product_brand?post=290788"},{"taxonomy":"product_cat","embeddable":true,"href":"https:\/\/www.miomiorun.com\/fr\/wp-json\/wp\/v2\/product_cat?post=290788"},{"taxonomy":"product_tag","embeddable":true,"href":"https:\/\/www.miomiorun.com\/fr\/wp-json\/wp\/v2\/product_tag?post=290788"}],"curies":[{"name":"wp","href":"https:\/\/api.w.org\/{rel}","templated":true}]}}