{"id":290741,"date":"2024-04-11T14:23:38","date_gmt":"2024-04-11T12:23:38","guid":{"rendered":"https:\/\/miomiorun.com\/prodotto\/discover-shell-jkt-uomo\/"},"modified":"2025-06-12T15:41:49","modified_gmt":"2025-06-12T13:41:49","slug":"discover-shell-jkt-homme","status":"publish","type":"product","link":"https:\/\/www.miomiorun.com\/fr\/produit\/discover-shell-jkt-homme\/","title":{"rendered":"Discover Shell Jkt homme"},"content":{"rendered":"<p>Le <strong>Discover Shell Jkt<\/strong> pour homme est la coquille essentielle au design minimaliste que vous pouvez toujours emporter dans votre sac \u00e0 dos.<\/p>\n<p>Le tissu l\u00e9ger, enti\u00e8rement recycl\u00e9 et recyclable, rend le v\u00eatement facilement compressible.<\/p>\n<h3>Technologies :<\/h3>\n<p>&nbsp;<\/p>\n<p><a class=\"d-flex flex-column align-items-center text-center\"> <img loading=\"lazy\" decoding=\"async\" class=\"ls-is-cached lazyloaded\" src=\"https:\/\/www.lasportiva.com\/media\/techinfo_icons\/regular-fit.png\" alt=\"La Sportiva\" width=\"75\" height=\"75\" data-src=\"https:\/\/www.lasportiva.com\/media\/techinfo_icons\/regular-fit.png\" \/><\/a><\/p>\n<p><strong>Coupe r\u00e9guli\u00e8re :<\/strong><br \/>\nCoupe technique et confortable.<\/p>\n<p>&nbsp;<\/p>\n<p>&nbsp;<\/p>\n<p><a class=\"d-flex flex-column align-items-center text-center\"> <img loading=\"lazy\" decoding=\"async\" class=\"lazyloaded\" src=\"https:\/\/www.lasportiva.com\/media\/techinfo_icons\/i\/d\/idrorepellenza_1.png\" alt=\"La Sportiva\" width=\"75\" height=\"75\" data-src=\"https:\/\/www.lasportiva.com\/media\/techinfo_icons\/i\/d\/idrorepellenza_1.png\" \/> <\/a><\/p>\n<p><strong>R\u00e9sistant \u00e0 l&#8217;eau<\/strong>:<br \/>\nPour une utilisation en cas de forte pluie, de vent ou de neige.<\/p>\n<p>&nbsp;<\/p>\n<p>&nbsp;<\/p>\n<p><a class=\"d-flex flex-column align-items-center text-center\"> <img loading=\"lazy\" decoding=\"async\" class=\"lazyloaded\" src=\"https:\/\/www.lasportiva.com\/media\/techinfo_icons\/wind-stop.png\" alt=\"La Sportiva\" width=\"75\" height=\"75\" data-src=\"https:\/\/www.lasportiva.com\/media\/techinfo_icons\/wind-stop.png\" \/><\/a><\/p>\n<p><strong>Coupe-vent :<\/strong><br \/>\nV\u00eatements fabriqu\u00e9s avec des mat\u00e9riaux coupe-vent.<\/p>\n<p>&nbsp;<\/p>\n<p>&nbsp;<\/p>\n<p><a class=\"d-flex flex-column align-items-center text-center\"> <img loading=\"lazy\" decoding=\"async\" class=\"lazyloaded\" src=\"https:\/\/www.lasportiva.com\/media\/techinfo_icons\/L5.png\" alt=\"La Sportiva\" width=\"75\" height=\"75\" data-src=\"https:\/\/www.lasportiva.com\/media\/techinfo_icons\/L5.png\" \/> <\/a><\/p>\n<p><strong>L5 &#8211; HARD SHELL<\/strong><br \/>\nCoquille ext\u00e9rieure pour la protection contre le vent, la pluie et la neige. Une v\u00e9ritable barri\u00e8re contre les agents atmosph\u00e9riques tout en favorisant la respirabilit\u00e9 gr\u00e2ce aux mat\u00e9riaux et membranes utilis\u00e9s.<\/p>\n<p>&nbsp;<\/p>\n<p>&nbsp;<\/p>\n<p>&nbsp;<\/p>\n<p><a class=\"d-flex flex-column align-items-center text-center\"> <img loading=\"lazy\" decoding=\"async\" class=\"lazyloaded\" src=\"https:\/\/www.lasportiva.com\/media\/techinfo_icons\/r\/e\/recycledfabric_icone_75x75_6.png\" alt=\"La Sportiva\" width=\"75\" height=\"75\" data-src=\"https:\/\/www.lasportiva.com\/media\/techinfo_icons\/r\/e\/recycledfabric_icone_75x75_6.png\" \/> <\/a><\/p>\n<p><strong><a class=\"d-flex flex-column align-items-center text-center\">Tissu recycl\u00e9 <\/a><\/strong><\/p>\n<p>La Sportiva fabrique des produits pour la montagne depuis 1928 au pied des Dolomites, c&#8217;est pourquoi nous portons la plus grande attention \u00e0 chaque d\u00e9tail qui peut faire la diff\u00e9rence pour l&#8217;environnement. Avec les logos <strong>RECYCLED FABRIC &amp; INSULATIONS<\/strong>, nous avons identifi\u00e9 des produits \u00e9cologiques qui, gr\u00e2ce \u00e0 des choix de production et de construction, utilisent des mat\u00e9riaux d\u00e9riv\u00e9s de la r\u00e9utilisation du plastique, permettant ainsi au consommateur de faire un achat respectueux de l&#8217;environnement.<\/p>\n<p><strong>RECYCLED<\/strong> FABRIC<br \/>\nFibres de polyester fabriqu\u00e9es \u00e0 partir de bouteilles en plastique recycl\u00e9es et de proc\u00e9d\u00e9s respectueux de l&#8217;environnement.<br \/>\n&#8211; Les v\u00eatements fabriqu\u00e9s avec des tissus <strong>RECYCLED FABRIC<\/strong> contribuent \u00e0 r\u00e9duire l&#8217;impact sur l&#8217;environnement<br \/>\n&#8211; Tous les produits p\u00e9trochimiques ont \u00e9t\u00e9 remplac\u00e9s par des bouteilles en plastique recycl\u00e9es<br \/>\n&#8211; Le processus de production des fibres recycl\u00e9es r\u00e9duit les \u00e9missions de CO2 dans l&#8217;atmosph\u00e8re d&#8217;environ 54%- Durabilit\u00e9 et qualit\u00e9 garanties dans le temps.<\/p>\n<p>&nbsp;<\/p>\n<p>&nbsp;<\/p>\n<p><a class=\"d-flex flex-column align-items-center text-center\"> <img loading=\"lazy\" decoding=\"async\" class=\"lazyloaded\" src=\"https:\/\/www.lasportiva.com\/media\/techinfo_icons\/r\/e\/resistant_icona_75x75_2.png\" alt=\"La Sportiva\" width=\"75\" height=\"75\" data-src=\"https:\/\/www.lasportiva.com\/media\/techinfo_icons\/r\/e\/resistant_icona_75x75_2.png\" \/><\/a><\/p>\n<p>R\u00e9sistant <strong>:<\/strong><br \/>\nFibres r\u00e9sistantes \u00e0 l&#8217;usure.<\/p>\n<p>&nbsp;<\/p>\n<p><strong>Caract\u00e9ristiques :<\/strong><\/p>\n<ul>\n<li>Ajustement des poignets et du bord inf\u00e9rieur<\/li>\n<li>Capuche articul\u00e9e avec visi\u00e8re, r\u00e9glable d&#8217;une seule main<\/li>\n<li>2 grandes poches compatibles avec un sac \u00e0 dos<\/li>\n<li>D\u00e9tails r\u00e9fl\u00e9chissants<\/li>\n<\/ul>\n<p>&nbsp;<\/p>\n","protected":false},"excerpt":{"rendered":"<ul>\n<li>Coque de protection extr\u00eamement l\u00e9g\u00e8re et compressible.<\/li>\n<li>Id\u00e9ale \u00e0 emporter partout avec vous lors de vos excursions en montagne.<\/li>\n<\/ul>\n","protected":false},"featured_media":246506,"template":"","meta":{"_acf_changed":false,"inline_featured_image":false},"product_brand":[],"product_cat":[24480,24482,24484],"product_tag":[23597,23599],"class_list":{"0":"post-290741","1":"product","2":"type-product","3":"status-publish","4":"has-post-thumbnail","6":"product_cat-vestes-fr-2","7":"product_cat-vetements-pour-hommes-fr","8":"product_cat-homme","9":"product_tag-la-sportiva-fr","10":"product_tag-la-sportiva-homme","11":"pa_attivita-marcher","12":"pa_attivita-outdoor-fr","13":"pa_colore-discover-shell-jkt-m-deep-sea-tropic-blu-fr","14":"pa_marca-la-sportiva-fr","15":"pa_sesso-homme","16":"pa_size-small-fr","17":"pa_size-medium-fr","18":"pa_size-extra-large-fr","20":"first","21":"instock","22":"sale","23":"taxable","24":"shipping-taxable","25":"purchasable","26":"product-type-variable","27":"wvs-archive-product-wrapper"},"acf":[],"yoast_head":"<!-- This site is optimized with the Yoast SEO plugin v26.8 - https:\/\/yoast.com\/product\/yoast-seo-wordpress\/ -->\n<title>La Sportiva Discover Shell Jkt homme -Veste de course - MioMioRun<\/title>\n<meta name=\"description\" content=\"Le Discover Shell Jkt pour homme est la coquille essentielle au design minimal que vous pouvez toujours emporter dans votre sac \u00e0 dos. Le tissu l\u00e9ger est enti\u00e8rement recycl\u00e9.\" \/>\n<meta name=\"robots\" content=\"index, follow, max-snippet:-1, max-image-preview:large, max-video-preview:-1\" \/>\n<link rel=\"canonical\" href=\"https:\/\/www.miomiorun.com\/fr\/produit\/discover-shell-jkt-homme\/\" \/>\n<meta property=\"og:locale\" content=\"fr_FR\" \/>\n<meta property=\"og:type\" content=\"article\" \/>\n<meta property=\"og:title\" content=\"La Sportiva Discover Shell Jkt homme -Veste de course - MioMioRun\" \/>\n<meta property=\"og:description\" content=\"Le Discover Shell Jkt pour homme est la coquille essentielle au design minimal que vous pouvez toujours emporter dans votre sac \u00e0 dos. Le tissu l\u00e9ger est enti\u00e8rement recycl\u00e9.\" \/>\n<meta property=\"og:url\" content=\"https:\/\/www.miomiorun.com\/fr\/produit\/discover-shell-jkt-homme\/\" \/>\n<meta property=\"og:site_name\" content=\"MioMioRun\" \/>\n<meta property=\"article:publisher\" content=\"https:\/\/www.facebook.com\/miomiorun\/\" \/>\n<meta property=\"article:modified_time\" content=\"2025-06-12T13:41:49+00:00\" \/>\n<meta property=\"og:image\" content=\"https:\/\/www.miomiorun.com\/app\/uploads\/2024\/04\/La-sportiva-Discover-shell-jkt-M-deep-sea-tropic-blu-P92643614.webp\" \/>\n\t<meta property=\"og:image:width\" content=\"600\" \/>\n\t<meta property=\"og:image:height\" content=\"600\" \/>\n\t<meta property=\"og:image:type\" content=\"image\/webp\" \/>\n<meta name=\"twitter:card\" content=\"summary_large_image\" \/>\n<meta name=\"twitter:label1\" content=\"Est. reading time\" \/>\n\t<meta name=\"twitter:data1\" content=\"2 minutes\" \/>\n<script type=\"application\/ld+json\" class=\"yoast-schema-graph\">{\"@context\":\"https:\/\/schema.org\",\"@graph\":[{\"@type\":\"WebPage\",\"@id\":\"https:\/\/www.miomiorun.com\/fr\/produit\/discover-shell-jkt-homme\/\",\"url\":\"https:\/\/www.miomiorun.com\/fr\/produit\/discover-shell-jkt-homme\/\",\"name\":\"La Sportiva Discover Shell Jkt homme -Veste de course - MioMioRun\",\"isPartOf\":{\"@id\":\"https:\/\/www.miomiorun.com\/fr\/#website\"},\"primaryImageOfPage\":{\"@id\":\"https:\/\/www.miomiorun.com\/fr\/produit\/discover-shell-jkt-homme\/#primaryimage\"},\"image\":{\"@id\":\"https:\/\/www.miomiorun.com\/fr\/produit\/discover-shell-jkt-homme\/#primaryimage\"},\"thumbnailUrl\":\"https:\/\/www.miomiorun.com\/app\/uploads\/2024\/04\/La-sportiva-Discover-shell-jkt-M-deep-sea-tropic-blu-P92643614.webp\",\"datePublished\":\"2024-04-11T12:23:38+00:00\",\"dateModified\":\"2025-06-12T13:41:49+00:00\",\"description\":\"Le Discover Shell Jkt pour homme est la coquille essentielle au design minimal que vous pouvez toujours emporter dans votre sac \u00e0 dos. Le tissu l\u00e9ger est enti\u00e8rement recycl\u00e9.\",\"breadcrumb\":{\"@id\":\"https:\/\/www.miomiorun.com\/fr\/produit\/discover-shell-jkt-homme\/#breadcrumb\"},\"inLanguage\":\"fr-FR\",\"potentialAction\":[{\"@type\":\"ReadAction\",\"target\":[\"https:\/\/www.miomiorun.com\/fr\/produit\/discover-shell-jkt-homme\/\"]}]},{\"@type\":\"ImageObject\",\"inLanguage\":\"fr-FR\",\"@id\":\"https:\/\/www.miomiorun.com\/fr\/produit\/discover-shell-jkt-homme\/#primaryimage\",\"url\":\"https:\/\/www.miomiorun.com\/app\/uploads\/2024\/04\/La-sportiva-Discover-shell-jkt-M-deep-sea-tropic-blu-P92643614.webp\",\"contentUrl\":\"https:\/\/www.miomiorun.com\/app\/uploads\/2024\/04\/La-sportiva-Discover-shell-jkt-M-deep-sea-tropic-blu-P92643614.webp\",\"width\":600,\"height\":600,\"caption\":\"La sportiva Discover shell jkt M deep sea tropic blu P92643614\"},{\"@type\":\"BreadcrumbList\",\"@id\":\"https:\/\/www.miomiorun.com\/fr\/produit\/discover-shell-jkt-homme\/#breadcrumb\",\"itemListElement\":[{\"@type\":\"ListItem\",\"position\":1,\"name\":\"Home\",\"item\":\"https:\/\/www.miomiorun.com\/fr\/home-page\/\"},{\"@type\":\"ListItem\",\"position\":2,\"name\":\"Shop\",\"item\":\"https:\/\/www.miomiorun.com\/shop\/\"},{\"@type\":\"ListItem\",\"position\":3,\"name\":\"Discover Shell Jkt homme\"}]},{\"@type\":\"WebSite\",\"@id\":\"https:\/\/www.miomiorun.com\/fr\/#website\",\"url\":\"https:\/\/www.miomiorun.com\/fr\/\",\"name\":\"MioMioRun\",\"description\":\"Boutique 100% running et trail\",\"publisher\":{\"@id\":\"https:\/\/www.miomiorun.com\/fr\/#organization\"},\"potentialAction\":[{\"@type\":\"SearchAction\",\"target\":{\"@type\":\"EntryPoint\",\"urlTemplate\":\"https:\/\/www.miomiorun.com\/fr\/?s={search_term_string}\"},\"query-input\":{\"@type\":\"PropertyValueSpecification\",\"valueRequired\":true,\"valueName\":\"search_term_string\"}}],\"inLanguage\":\"fr-FR\"},{\"@type\":\"Organization\",\"@id\":\"https:\/\/www.miomiorun.com\/fr\/#organization\",\"name\":\"MioMio Run\",\"url\":\"https:\/\/www.miomiorun.com\/fr\/\",\"logo\":{\"@type\":\"ImageObject\",\"inLanguage\":\"fr-FR\",\"@id\":\"https:\/\/www.miomiorun.com\/fr\/#\/schema\/logo\/image\/\",\"url\":\"https:\/\/www.miomiorun.com\/app\/uploads\/2019\/12\/logomio.png\",\"contentUrl\":\"https:\/\/www.miomiorun.com\/app\/uploads\/2019\/12\/logomio.png\",\"width\":115,\"height\":82,\"caption\":\"MioMio Run\"},\"image\":{\"@id\":\"https:\/\/www.miomiorun.com\/fr\/#\/schema\/logo\/image\/\"},\"sameAs\":[\"https:\/\/www.facebook.com\/miomiorun\/\",\"https:\/\/www.instagram.com\/miomiorun\/\"]}]}<\/script>\n<!-- \/ Yoast SEO plugin. -->","yoast_head_json":{"title":"La Sportiva Discover Shell Jkt homme -Veste de course - MioMioRun","description":"Le Discover Shell Jkt pour homme est la coquille essentielle au design minimal que vous pouvez toujours emporter dans votre sac \u00e0 dos. Le tissu l\u00e9ger est enti\u00e8rement recycl\u00e9.","robots":{"index":"index","follow":"follow","max-snippet":"max-snippet:-1","max-image-preview":"max-image-preview:large","max-video-preview":"max-video-preview:-1"},"canonical":"https:\/\/www.miomiorun.com\/fr\/produit\/discover-shell-jkt-homme\/","og_locale":"fr_FR","og_type":"article","og_title":"La Sportiva Discover Shell Jkt homme -Veste de course - MioMioRun","og_description":"Le Discover Shell Jkt pour homme est la coquille essentielle au design minimal que vous pouvez toujours emporter dans votre sac \u00e0 dos. Le tissu l\u00e9ger est enti\u00e8rement recycl\u00e9.","og_url":"https:\/\/www.miomiorun.com\/fr\/produit\/discover-shell-jkt-homme\/","og_site_name":"MioMioRun","article_publisher":"https:\/\/www.facebook.com\/miomiorun\/","article_modified_time":"2025-06-12T13:41:49+00:00","og_image":[{"width":600,"height":600,"url":"https:\/\/www.miomiorun.com\/app\/uploads\/2024\/04\/La-sportiva-Discover-shell-jkt-M-deep-sea-tropic-blu-P92643614.webp","type":"image\/webp"}],"twitter_card":"summary_large_image","twitter_misc":{"Est. reading time":"2 minutes"},"schema":{"@context":"https:\/\/schema.org","@graph":[{"@type":"WebPage","@id":"https:\/\/www.miomiorun.com\/fr\/produit\/discover-shell-jkt-homme\/","url":"https:\/\/www.miomiorun.com\/fr\/produit\/discover-shell-jkt-homme\/","name":"La Sportiva Discover Shell Jkt homme -Veste de course - MioMioRun","isPartOf":{"@id":"https:\/\/www.miomiorun.com\/fr\/#website"},"primaryImageOfPage":{"@id":"https:\/\/www.miomiorun.com\/fr\/produit\/discover-shell-jkt-homme\/#primaryimage"},"image":{"@id":"https:\/\/www.miomiorun.com\/fr\/produit\/discover-shell-jkt-homme\/#primaryimage"},"thumbnailUrl":"https:\/\/www.miomiorun.com\/app\/uploads\/2024\/04\/La-sportiva-Discover-shell-jkt-M-deep-sea-tropic-blu-P92643614.webp","datePublished":"2024-04-11T12:23:38+00:00","dateModified":"2025-06-12T13:41:49+00:00","description":"Le Discover Shell Jkt pour homme est la coquille essentielle au design minimal que vous pouvez toujours emporter dans votre sac \u00e0 dos. Le tissu l\u00e9ger est enti\u00e8rement recycl\u00e9.","breadcrumb":{"@id":"https:\/\/www.miomiorun.com\/fr\/produit\/discover-shell-jkt-homme\/#breadcrumb"},"inLanguage":"fr-FR","potentialAction":[{"@type":"ReadAction","target":["https:\/\/www.miomiorun.com\/fr\/produit\/discover-shell-jkt-homme\/"]}]},{"@type":"ImageObject","inLanguage":"fr-FR","@id":"https:\/\/www.miomiorun.com\/fr\/produit\/discover-shell-jkt-homme\/#primaryimage","url":"https:\/\/www.miomiorun.com\/app\/uploads\/2024\/04\/La-sportiva-Discover-shell-jkt-M-deep-sea-tropic-blu-P92643614.webp","contentUrl":"https:\/\/www.miomiorun.com\/app\/uploads\/2024\/04\/La-sportiva-Discover-shell-jkt-M-deep-sea-tropic-blu-P92643614.webp","width":600,"height":600,"caption":"La sportiva Discover shell jkt M deep sea tropic blu P92643614"},{"@type":"BreadcrumbList","@id":"https:\/\/www.miomiorun.com\/fr\/produit\/discover-shell-jkt-homme\/#breadcrumb","itemListElement":[{"@type":"ListItem","position":1,"name":"Home","item":"https:\/\/www.miomiorun.com\/fr\/home-page\/"},{"@type":"ListItem","position":2,"name":"Shop","item":"https:\/\/www.miomiorun.com\/shop\/"},{"@type":"ListItem","position":3,"name":"Discover Shell Jkt homme"}]},{"@type":"WebSite","@id":"https:\/\/www.miomiorun.com\/fr\/#website","url":"https:\/\/www.miomiorun.com\/fr\/","name":"MioMioRun","description":"Boutique 100% running et trail","publisher":{"@id":"https:\/\/www.miomiorun.com\/fr\/#organization"},"potentialAction":[{"@type":"SearchAction","target":{"@type":"EntryPoint","urlTemplate":"https:\/\/www.miomiorun.com\/fr\/?s={search_term_string}"},"query-input":{"@type":"PropertyValueSpecification","valueRequired":true,"valueName":"search_term_string"}}],"inLanguage":"fr-FR"},{"@type":"Organization","@id":"https:\/\/www.miomiorun.com\/fr\/#organization","name":"MioMio Run","url":"https:\/\/www.miomiorun.com\/fr\/","logo":{"@type":"ImageObject","inLanguage":"fr-FR","@id":"https:\/\/www.miomiorun.com\/fr\/#\/schema\/logo\/image\/","url":"https:\/\/www.miomiorun.com\/app\/uploads\/2019\/12\/logomio.png","contentUrl":"https:\/\/www.miomiorun.com\/app\/uploads\/2019\/12\/logomio.png","width":115,"height":82,"caption":"MioMio Run"},"image":{"@id":"https:\/\/www.miomiorun.com\/fr\/#\/schema\/logo\/image\/"},"sameAs":["https:\/\/www.facebook.com\/miomiorun\/","https:\/\/www.instagram.com\/miomiorun\/"]}]}},"_links":{"self":[{"href":"https:\/\/www.miomiorun.com\/fr\/wp-json\/wp\/v2\/product\/290741","targetHints":{"allow":["GET"]}}],"collection":[{"href":"https:\/\/www.miomiorun.com\/fr\/wp-json\/wp\/v2\/product"}],"about":[{"href":"https:\/\/www.miomiorun.com\/fr\/wp-json\/wp\/v2\/types\/product"}],"wp:featuredmedia":[{"embeddable":true,"href":"https:\/\/www.miomiorun.com\/fr\/wp-json\/wp\/v2\/media\/246506"}],"wp:attachment":[{"href":"https:\/\/www.miomiorun.com\/fr\/wp-json\/wp\/v2\/media?parent=290741"}],"wp:term":[{"taxonomy":"product_brand","embeddable":true,"href":"https:\/\/www.miomiorun.com\/fr\/wp-json\/wp\/v2\/product_brand?post=290741"},{"taxonomy":"product_cat","embeddable":true,"href":"https:\/\/www.miomiorun.com\/fr\/wp-json\/wp\/v2\/product_cat?post=290741"},{"taxonomy":"product_tag","embeddable":true,"href":"https:\/\/www.miomiorun.com\/fr\/wp-json\/wp\/v2\/product_tag?post=290741"}],"curies":[{"name":"wp","href":"https:\/\/api.w.org\/{rel}","templated":true}]}}