{"id":290465,"date":"2024-04-12T17:24:37","date_gmt":"2024-04-12T15:24:37","guid":{"rendered":"https:\/\/miomiorun.com\/prodotto\/lycan-ii-uomo\/"},"modified":"2026-05-08T22:00:54","modified_gmt":"2026-05-08T20:00:54","slug":"lycan-ii-homme","status":"publish","type":"product","link":"https:\/\/www.miomiorun.com\/fr\/produit\/lycan-ii-homme\/","title":{"rendered":"Lycan II homme"},"content":{"rendered":"<div class=\"vc-row container\"><div class=\"vc-column\"><div class=\"vc-column-text\"><\/p>\n<p><strong>Caract\u00e9ristiques techniques<\/strong><\/p>\n<p>Cat\u00e9gorie : amorti sup\u00e9rieur<br \/>\nD\u00e9calage : 7 mm<br \/>\nPoids : 305 g<br \/>\nId\u00e9al pour : coureurs et marcheurs \u00e0 la recherche d&#8217;un mod\u00e8le avec une bonne adh\u00e9rence pour des activit\u00e9s tout-terrain m\u00eame en montagne.<br \/>\nPoids de l&#8217;athl\u00e8te : 50-70 kg<br \/>\nAllure de course : moyennement lente (&gt;5.00 min\/km)<br \/>\n<a href=\"https:\/\/miomiorun.com\/fr\/guide-des-specificites\/\">Guide des sp\u00e9cifications<\/a><\/p>\n<p><\/div><\/div><div class=\"vc-column\"><div class=\"vc-column-text\">La <strong>Lycan II<\/strong> pour homme est une chaussure de trail parfaitement adapt\u00e9e aux courses de moyenne distance, aux entra\u00eenements et aux skyraces.<\/p>\n<p style=\"text-align: center;\"><strong>Pratique et confortable, elle convient \u00e0 tous les amateurs de course tout-terrain.<\/strong><\/p>\n<p>Une mise \u00e0 jour technique\/esth\u00e9tique a \u00e9t\u00e9 apport\u00e9e au mod\u00e8le Lycan avec un nouvel artwork, une nouvelle doublure hautement r\u00e9sistante \u00e0 l&#8217;abrasion et un nouveau compos\u00e9 de bande de roulement <strong>FriXion Blue Ultra Tacky<\/strong>, parfait pour courir sur des terrains mous et boueux.<\/p>\n<p>Mod\u00e8le de trail running extr\u00eamement polyvalent gr\u00e2ce au niveau \u00e9lev\u00e9 d&#8217;amorti et \u00e0 la pr\u00e9disposition de la semelle pour le montage de pointes AT Grip Spike amovibles. La tige est en mesh respirant avec des renforts en microfibre enduite anti-abrasion pour la protection et la l\u00e9g\u00e8ret\u00e9, les volumes sont importants pour un maximum de confort. La semelle interm\u00e9diaire est moul\u00e9e par injection et offre un excellent amorti et un grand confort.<\/p>\n<p><b>Partie sup\u00e9rieure :<\/b><br \/>\nMesh respirant avec renforts en microfibre enduite anti-abrasion + embout de protection en TPU<br \/>\nDoublure<b>:<\/b><br \/>\nMesh avec haute r\u00e9sistance \u00e0 l&#8217;abrasion<br \/>\n<b>Semelle :<\/b><br \/>\nOrtholite\u00ae Mountain Running Ergonomic 4 mm<br \/>\n<b>Semelle interm\u00e9diaire :<\/b><br \/>\nEVA inject\u00e9<br \/>\n<b>Semelle ext\u00e9rieure :<\/b><br \/>\nFriXion\u00ae Blue avec syst\u00e8me de freinage \u00e0 l&#8217;impact<\/p>\n<h3>Technologies :<\/h3>\n<p><a class=\"d-flex flex-column align-items-center text-center\"> <img loading=\"lazy\" decoding=\"async\" class=\"ls-is-cached lazyloaded\" src=\"https:\/\/www.lasportiva.com\/media\/techinfo_icons\/Mud-terrain.png\" alt=\"La Sportiva\" width=\"75\" height=\"75\" data-src=\"https:\/\/www.lasportiva.com\/media\/techinfo_icons\/Mud-terrain.png\" \/> <\/a><\/p>\n<p>MUD <strong>GROUNDS :<br \/>\n<\/strong>Semelles d\u00e9di\u00e9es \u00e0 la course sur terrains mous et boueux gr\u00e2ce \u00e0 l&#8217;\u00e9paisseur, la forme et l&#8217;espacement des blocs de la bande de roulement.<\/p>\n<p>&nbsp;<\/p>\n<p><a class=\"d-flex flex-column align-items-center text-center\"> <img loading=\"lazy\" decoding=\"async\" class=\"ls-is-cached lazyloaded\" src=\"https:\/\/www.lasportiva.com\/media\/techinfo_icons\/friction-blue.png\" alt=\"La Sportiva\" width=\"75\" height=\"75\" data-src=\"https:\/\/www.lasportiva.com\/media\/techinfo_icons\/friction-blue.png\" \/><\/a><\/p>\n<p>Les compos\u00e9s <strong>FriXion\u00ae<\/strong> de <strong>La Sportiva<\/strong> sont con\u00e7us pour cr\u00e9er des semelles avec diff\u00e9rents param\u00e8tres d&#8217;adh\u00e9rence et de durabilit\u00e9 en fonction du type d&#8217;utilisation et du terrain sur lequel les chaussures La Sportiva sont utilis\u00e9es.<\/p>\n<p>&nbsp;<\/p>\n<p><a class=\"d-flex flex-column align-items-center text-center\"><img loading=\"lazy\" decoding=\"async\" class=\"ls-is-cached lazyloaded\" src=\"https:\/\/www.lasportiva.com\/media\/techinfo_icons\/Injected.png\" alt=\"La Sportiva\" width=\"75\" height=\"75\" data-src=\"https:\/\/www.lasportiva.com\/media\/techinfo_icons\/Injected.png\" \/> <\/a><\/p>\n<p><strong>EVA &#8211;<\/strong>INJECTED <strong><br \/>\nLes semelles inject\u00e9es ont un haut degr\u00e9 d&#8217;amortissement et une grande \u00e9lasticit\u00e9 du mat\u00e9riau.<\/strong> Ces propri\u00e9t\u00e9s permettent de recevoir une pouss\u00e9e propulsive du sol, ce qui facilite la course sur les terrains hors route. L&#8217;EVA inject\u00e9 r\u00e9duit \u00e9galement fortement l&#8217;effet d&#8217;\u00e9crasement dans le temps, ce qui permet au mat\u00e9riau de conserver les m\u00eames caract\u00e9ristiques de performance dans le temps.<\/p>\n<p>&nbsp;<\/p>\n<p>&nbsp;<\/p>\n<p><a class=\"d-flex flex-column align-items-center text-center\"><img loading=\"lazy\" decoding=\"async\" class=\"lazyloaded\" src=\"https:\/\/www.lasportiva.com\/media\/techinfo_icons\/o\/r\/ortholitehybridred_75x75_1.png\" alt=\"La Sportiva\" width=\"75\" height=\"75\" data-src=\"https:\/\/www.lasportiva.com\/media\/techinfo_icons\/o\/r\/ortholitehybridred_75x75_1.png\" \/><\/a><\/p>\n<p>Les mod\u00e8les de la ligne <strong>Mountain Running\u00ae<\/strong> adoptent les semelles \u00e9cologiques exclusives La Sportiva by<strong> OrthoLite\u00ae Hybrid,<\/strong> fabriqu\u00e9es \u00e0 partir de 20% de mat\u00e9riaux recycl\u00e9s issus du cycle de fabrication. Ces semelles sont con\u00e7ues pour les pieds des hommes et des femmes et adoptent des \u00e9paisseurs et des mat\u00e9riaux diff\u00e9rents en fonction du poids moyen de l&#8217;utilisateur.<\/p>\n<p>&#8211; \u00c9cologiques et lavables : elles contiennent du caoutchouc recycl\u00e9 et peuvent \u00eatre lav\u00e9es en machine.<br \/>\n&#8211; Confort de port maximal gr\u00e2ce \u00e0 la ventilation de la semelle et aux cellules en mousse PU hautement respirante pour un pied toujours sec et un confort climatique parfait.<br \/>\n&#8211; Elles favorisent l&#8217;\u00e9limination de la transpiration tout en gardant le pied au sec.<br \/>\n&#8211; Grande durabilit\u00e9 gr\u00e2ce \u00e0 une technologie qui \u00e9vite l&#8217;\u00e9crasement excessif du mat\u00e9riau : la compression dans le temps est inf\u00e9rieure \u00e0 5 %.<\/p>\n<p>&nbsp;<\/p>\n<p><a class=\"d-flex flex-column align-items-center text-center\"><img loading=\"lazy\" decoding=\"async\" class=\"ls-is-cached lazyloaded\" src=\"https:\/\/www.lasportiva.com\/media\/techinfo_icons\/normal-volume.png\" alt=\"La Sportiva\" width=\"75\" height=\"75\" data-src=\"https:\/\/www.lasportiva.com\/media\/techinfo_icons\/normal-volume.png\" \/>\u00a0<\/a><\/p>\n<p><strong>Semelle moyenne :<br \/>\n<\/strong>Chaussures pour pieds de conformation &#8220;moyenne&#8221; avec une semelle neutre, ni trop \u00e9troite ni trop large. Convient aux pieds \u00e0 semelle large mais aussi aux pieds \u00e0 semelle \u00e9troite.<\/p>\n<p>&nbsp;<\/p>\n<p><a class=\"d-flex flex-column align-items-center text-center\"><img loading=\"lazy\" decoding=\"async\" class=\"lazyloaded\" src=\"https:\/\/www.lasportiva.com\/media\/techinfo_icons\/e\/r\/ergonomic_1.png\" alt=\"La Sportiva\" width=\"75\" height=\"75\" data-src=\"https:\/\/www.lasportiva.com\/media\/techinfo_icons\/e\/r\/ergonomic_1.png\" \/> <\/a><\/p>\n<p><strong><a class=\"d-flex flex-column align-items-center text-center\">Ergonomique <\/a><\/strong><\/p>\n<p>&nbsp;<\/p>\n<p><strong>Caract\u00e9ristiques :<\/strong><\/p>\n<ul>\n<li>Cale tr\u00e8s amortissante<\/li>\n<li>Maille respirante avec renforts en microfibres enduits d&#8217;un rev\u00eatement anti-abrasion pour la protection et la l\u00e9g\u00e8ret\u00e9<\/li>\n<li>Semelle interm\u00e9diaire inject\u00e9e avec des structures externes qui soutiennent la fonction d&#8217;amortissement<\/li>\n<li>Grand volume pour un confort maximal<\/li>\n<\/ul>\n<p><\/div><\/div><\/div>\n","protected":false},"excerpt":{"rendered":"<ul>\n<li>Chaussure de trail id\u00e9ale pour les courses tout-terrain.<\/li>\n<li>Parfaite pour courir sur terrain meuble et boueux.<\/li>\n<\/ul>\n","protected":false},"featured_media":246536,"template":"","meta":{"_acf_changed":false,"inline_featured_image":false},"product_brand":[],"product_cat":[24448,24445],"product_tag":[23597,23599],"class_list":{"0":"post-290465","1":"product","2":"type-product","3":"status-publish","4":"has-post-thumbnail","6":"product_cat-chaussures-pour-hommes-fr","7":"product_cat-trail-fr-3","8":"product_tag-la-sportiva-fr","9":"product_tag-la-sportiva-homme","10":"pa_attivita-outdoor-fr","11":"pa_attivita-trail-fr","12":"pa_colore-lycan-ii-black-yellow-fr","13":"pa_colore-lycan-ii-cypress-night-sky-fr","14":"pa_colore-lycan-ii-tropic-blue-cherry-tomato-fr","15":"pa_marca-la-sportiva-fr","16":"pa_sesso-homme","17":"pa_size-41-fr","18":"pa_size-42-fr","19":"pa_size-42-5-fr","20":"pa_size-43-fr","21":"pa_size-43-5-fr","22":"pa_size-44-fr","23":"pa_size-44-5-fr","24":"pa_size-45-fr","25":"pa_size-45-5-fr","26":"pa_size-46-fr","27":"pa_size-46-5-fr","29":"first","30":"instock","31":"sale","32":"taxable","33":"shipping-taxable","34":"purchasable","35":"product-type-variable","36":"wvs-archive-product-wrapper"},"acf":[],"yoast_head":"<!-- This site is optimized with the Yoast SEO plugin v26.8 - https:\/\/yoast.com\/product\/yoast-seo-wordpress\/ -->\n<title>La sportiva Lycan II homme - chaussures de trail - MioMioRun .com<\/title>\n<meta name=\"description\" content=\"La Lycan II pour homme est une chaussure de trail parfaitement adapt\u00e9e aux courses de moyenne distance, \u00e0 l&#039;entra\u00eenement et aux skyraces. Pratique et confortable\" \/>\n<meta name=\"robots\" content=\"index, follow, max-snippet:-1, max-image-preview:large, max-video-preview:-1\" \/>\n<link rel=\"canonical\" href=\"https:\/\/www.miomiorun.com\/fr\/produit\/lycan-ii-homme\/\" \/>\n<meta property=\"og:locale\" content=\"fr_FR\" \/>\n<meta property=\"og:type\" content=\"article\" \/>\n<meta property=\"og:title\" content=\"La sportiva Lycan II homme - chaussures de trail - MioMioRun .com\" \/>\n<meta property=\"og:description\" content=\"La Lycan II pour homme est une chaussure de trail parfaitement adapt\u00e9e aux courses de moyenne distance, \u00e0 l&#039;entra\u00eenement et aux skyraces. Pratique et confortable\" \/>\n<meta property=\"og:url\" content=\"https:\/\/www.miomiorun.com\/fr\/produit\/lycan-ii-homme\/\" \/>\n<meta property=\"og:site_name\" content=\"MioMioRun\" \/>\n<meta property=\"article:publisher\" content=\"https:\/\/www.facebook.com\/miomiorun\/\" \/>\n<meta property=\"article:modified_time\" content=\"2026-05-08T20:00:54+00:00\" \/>\n<meta property=\"og:image\" content=\"https:\/\/www.miomiorun.com\/app\/uploads\/2024\/04\/La-Sportiva-lycan-II-black-yellow-46H999100.jpg\" \/>\n\t<meta property=\"og:image:width\" content=\"600\" \/>\n\t<meta property=\"og:image:height\" content=\"600\" \/>\n\t<meta property=\"og:image:type\" content=\"image\/jpeg\" \/>\n<meta name=\"twitter:card\" content=\"summary_large_image\" \/>\n<meta name=\"twitter:label1\" content=\"Est. reading time\" \/>\n\t<meta name=\"twitter:data1\" content=\"3 minutes\" \/>\n<script type=\"application\/ld+json\" class=\"yoast-schema-graph\">{\"@context\":\"https:\/\/schema.org\",\"@graph\":[{\"@type\":\"WebPage\",\"@id\":\"https:\/\/www.miomiorun.com\/fr\/produit\/lycan-ii-homme\/\",\"url\":\"https:\/\/www.miomiorun.com\/fr\/produit\/lycan-ii-homme\/\",\"name\":\"La sportiva Lycan II homme - chaussures de trail - MioMioRun .com\",\"isPartOf\":{\"@id\":\"https:\/\/www.miomiorun.com\/fr\/#website\"},\"primaryImageOfPage\":{\"@id\":\"https:\/\/www.miomiorun.com\/fr\/produit\/lycan-ii-homme\/#primaryimage\"},\"image\":{\"@id\":\"https:\/\/www.miomiorun.com\/fr\/produit\/lycan-ii-homme\/#primaryimage\"},\"thumbnailUrl\":\"https:\/\/www.miomiorun.com\/app\/uploads\/2024\/04\/La-Sportiva-lycan-II-black-yellow-46H999100.jpg\",\"datePublished\":\"2024-04-12T15:24:37+00:00\",\"dateModified\":\"2026-05-08T20:00:54+00:00\",\"description\":\"La Lycan II pour homme est une chaussure de trail parfaitement adapt\u00e9e aux courses de moyenne distance, \u00e0 l'entra\u00eenement et aux skyraces. Pratique et confortable\",\"breadcrumb\":{\"@id\":\"https:\/\/www.miomiorun.com\/fr\/produit\/lycan-ii-homme\/#breadcrumb\"},\"inLanguage\":\"fr-FR\",\"potentialAction\":[{\"@type\":\"ReadAction\",\"target\":[\"https:\/\/www.miomiorun.com\/fr\/produit\/lycan-ii-homme\/\"]}]},{\"@type\":\"ImageObject\",\"inLanguage\":\"fr-FR\",\"@id\":\"https:\/\/www.miomiorun.com\/fr\/produit\/lycan-ii-homme\/#primaryimage\",\"url\":\"https:\/\/www.miomiorun.com\/app\/uploads\/2024\/04\/La-Sportiva-lycan-II-black-yellow-46H999100.jpg\",\"contentUrl\":\"https:\/\/www.miomiorun.com\/app\/uploads\/2024\/04\/La-Sportiva-lycan-II-black-yellow-46H999100.jpg\",\"width\":600,\"height\":600,\"caption\":\"La-Sportiva-lycan-II-black-yellow-46H999100\"},{\"@type\":\"BreadcrumbList\",\"@id\":\"https:\/\/www.miomiorun.com\/fr\/produit\/lycan-ii-homme\/#breadcrumb\",\"itemListElement\":[{\"@type\":\"ListItem\",\"position\":1,\"name\":\"Home\",\"item\":\"https:\/\/www.miomiorun.com\/fr\/home-page\/\"},{\"@type\":\"ListItem\",\"position\":2,\"name\":\"Shop\",\"item\":\"https:\/\/www.miomiorun.com\/shop\/\"},{\"@type\":\"ListItem\",\"position\":3,\"name\":\"Lycan II homme\"}]},{\"@type\":\"WebSite\",\"@id\":\"https:\/\/www.miomiorun.com\/fr\/#website\",\"url\":\"https:\/\/www.miomiorun.com\/fr\/\",\"name\":\"MioMioRun\",\"description\":\"Boutique 100% running et trail\",\"publisher\":{\"@id\":\"https:\/\/www.miomiorun.com\/fr\/#organization\"},\"potentialAction\":[{\"@type\":\"SearchAction\",\"target\":{\"@type\":\"EntryPoint\",\"urlTemplate\":\"https:\/\/www.miomiorun.com\/fr\/?s={search_term_string}\"},\"query-input\":{\"@type\":\"PropertyValueSpecification\",\"valueRequired\":true,\"valueName\":\"search_term_string\"}}],\"inLanguage\":\"fr-FR\"},{\"@type\":\"Organization\",\"@id\":\"https:\/\/www.miomiorun.com\/fr\/#organization\",\"name\":\"MioMio Run\",\"url\":\"https:\/\/www.miomiorun.com\/fr\/\",\"logo\":{\"@type\":\"ImageObject\",\"inLanguage\":\"fr-FR\",\"@id\":\"https:\/\/www.miomiorun.com\/fr\/#\/schema\/logo\/image\/\",\"url\":\"https:\/\/www.miomiorun.com\/app\/uploads\/2019\/12\/logomio.png\",\"contentUrl\":\"https:\/\/www.miomiorun.com\/app\/uploads\/2019\/12\/logomio.png\",\"width\":115,\"height\":82,\"caption\":\"MioMio Run\"},\"image\":{\"@id\":\"https:\/\/www.miomiorun.com\/fr\/#\/schema\/logo\/image\/\"},\"sameAs\":[\"https:\/\/www.facebook.com\/miomiorun\/\",\"https:\/\/www.instagram.com\/miomiorun\/\"]}]}<\/script>\n<!-- \/ Yoast SEO plugin. -->","yoast_head_json":{"title":"La sportiva Lycan II homme - chaussures de trail - MioMioRun .com","description":"La Lycan II pour homme est une chaussure de trail parfaitement adapt\u00e9e aux courses de moyenne distance, \u00e0 l'entra\u00eenement et aux skyraces. Pratique et confortable","robots":{"index":"index","follow":"follow","max-snippet":"max-snippet:-1","max-image-preview":"max-image-preview:large","max-video-preview":"max-video-preview:-1"},"canonical":"https:\/\/www.miomiorun.com\/fr\/produit\/lycan-ii-homme\/","og_locale":"fr_FR","og_type":"article","og_title":"La sportiva Lycan II homme - chaussures de trail - MioMioRun .com","og_description":"La Lycan II pour homme est une chaussure de trail parfaitement adapt\u00e9e aux courses de moyenne distance, \u00e0 l'entra\u00eenement et aux skyraces. Pratique et confortable","og_url":"https:\/\/www.miomiorun.com\/fr\/produit\/lycan-ii-homme\/","og_site_name":"MioMioRun","article_publisher":"https:\/\/www.facebook.com\/miomiorun\/","article_modified_time":"2026-05-08T20:00:54+00:00","og_image":[{"width":600,"height":600,"url":"https:\/\/www.miomiorun.com\/app\/uploads\/2024\/04\/La-Sportiva-lycan-II-black-yellow-46H999100.jpg","type":"image\/jpeg"}],"twitter_card":"summary_large_image","twitter_misc":{"Est. reading time":"3 minutes"},"schema":{"@context":"https:\/\/schema.org","@graph":[{"@type":"WebPage","@id":"https:\/\/www.miomiorun.com\/fr\/produit\/lycan-ii-homme\/","url":"https:\/\/www.miomiorun.com\/fr\/produit\/lycan-ii-homme\/","name":"La sportiva Lycan II homme - chaussures de trail - MioMioRun .com","isPartOf":{"@id":"https:\/\/www.miomiorun.com\/fr\/#website"},"primaryImageOfPage":{"@id":"https:\/\/www.miomiorun.com\/fr\/produit\/lycan-ii-homme\/#primaryimage"},"image":{"@id":"https:\/\/www.miomiorun.com\/fr\/produit\/lycan-ii-homme\/#primaryimage"},"thumbnailUrl":"https:\/\/www.miomiorun.com\/app\/uploads\/2024\/04\/La-Sportiva-lycan-II-black-yellow-46H999100.jpg","datePublished":"2024-04-12T15:24:37+00:00","dateModified":"2026-05-08T20:00:54+00:00","description":"La Lycan II pour homme est une chaussure de trail parfaitement adapt\u00e9e aux courses de moyenne distance, \u00e0 l'entra\u00eenement et aux skyraces. Pratique et confortable","breadcrumb":{"@id":"https:\/\/www.miomiorun.com\/fr\/produit\/lycan-ii-homme\/#breadcrumb"},"inLanguage":"fr-FR","potentialAction":[{"@type":"ReadAction","target":["https:\/\/www.miomiorun.com\/fr\/produit\/lycan-ii-homme\/"]}]},{"@type":"ImageObject","inLanguage":"fr-FR","@id":"https:\/\/www.miomiorun.com\/fr\/produit\/lycan-ii-homme\/#primaryimage","url":"https:\/\/www.miomiorun.com\/app\/uploads\/2024\/04\/La-Sportiva-lycan-II-black-yellow-46H999100.jpg","contentUrl":"https:\/\/www.miomiorun.com\/app\/uploads\/2024\/04\/La-Sportiva-lycan-II-black-yellow-46H999100.jpg","width":600,"height":600,"caption":"La-Sportiva-lycan-II-black-yellow-46H999100"},{"@type":"BreadcrumbList","@id":"https:\/\/www.miomiorun.com\/fr\/produit\/lycan-ii-homme\/#breadcrumb","itemListElement":[{"@type":"ListItem","position":1,"name":"Home","item":"https:\/\/www.miomiorun.com\/fr\/home-page\/"},{"@type":"ListItem","position":2,"name":"Shop","item":"https:\/\/www.miomiorun.com\/shop\/"},{"@type":"ListItem","position":3,"name":"Lycan II homme"}]},{"@type":"WebSite","@id":"https:\/\/www.miomiorun.com\/fr\/#website","url":"https:\/\/www.miomiorun.com\/fr\/","name":"MioMioRun","description":"Boutique 100% running et trail","publisher":{"@id":"https:\/\/www.miomiorun.com\/fr\/#organization"},"potentialAction":[{"@type":"SearchAction","target":{"@type":"EntryPoint","urlTemplate":"https:\/\/www.miomiorun.com\/fr\/?s={search_term_string}"},"query-input":{"@type":"PropertyValueSpecification","valueRequired":true,"valueName":"search_term_string"}}],"inLanguage":"fr-FR"},{"@type":"Organization","@id":"https:\/\/www.miomiorun.com\/fr\/#organization","name":"MioMio Run","url":"https:\/\/www.miomiorun.com\/fr\/","logo":{"@type":"ImageObject","inLanguage":"fr-FR","@id":"https:\/\/www.miomiorun.com\/fr\/#\/schema\/logo\/image\/","url":"https:\/\/www.miomiorun.com\/app\/uploads\/2019\/12\/logomio.png","contentUrl":"https:\/\/www.miomiorun.com\/app\/uploads\/2019\/12\/logomio.png","width":115,"height":82,"caption":"MioMio Run"},"image":{"@id":"https:\/\/www.miomiorun.com\/fr\/#\/schema\/logo\/image\/"},"sameAs":["https:\/\/www.facebook.com\/miomiorun\/","https:\/\/www.instagram.com\/miomiorun\/"]}]}},"_links":{"self":[{"href":"https:\/\/www.miomiorun.com\/fr\/wp-json\/wp\/v2\/product\/290465","targetHints":{"allow":["GET"]}}],"collection":[{"href":"https:\/\/www.miomiorun.com\/fr\/wp-json\/wp\/v2\/product"}],"about":[{"href":"https:\/\/www.miomiorun.com\/fr\/wp-json\/wp\/v2\/types\/product"}],"wp:featuredmedia":[{"embeddable":true,"href":"https:\/\/www.miomiorun.com\/fr\/wp-json\/wp\/v2\/media\/246536"}],"wp:attachment":[{"href":"https:\/\/www.miomiorun.com\/fr\/wp-json\/wp\/v2\/media?parent=290465"}],"wp:term":[{"taxonomy":"product_brand","embeddable":true,"href":"https:\/\/www.miomiorun.com\/fr\/wp-json\/wp\/v2\/product_brand?post=290465"},{"taxonomy":"product_cat","embeddable":true,"href":"https:\/\/www.miomiorun.com\/fr\/wp-json\/wp\/v2\/product_cat?post=290465"},{"taxonomy":"product_tag","embeddable":true,"href":"https:\/\/www.miomiorun.com\/fr\/wp-json\/wp\/v2\/product_tag?post=290465"}],"curies":[{"name":"wp","href":"https:\/\/api.w.org\/{rel}","templated":true}]}}