{"id":290461,"date":"2024-04-12T16:53:49","date_gmt":"2024-04-12T14:53:49","guid":{"rendered":"https:\/\/miomiorun.com\/prodotto\/guard-short-donna\/"},"modified":"2025-06-12T18:53:58","modified_gmt":"2025-06-12T16:53:58","slug":"guard-short-femme","status":"publish","type":"product","link":"https:\/\/www.miomiorun.com\/fr\/produit\/guard-short-femme\/","title":{"rendered":"Guard Short femme"},"content":{"rendered":"<p>L\u00e9g\u00e8ret\u00e9 et confort sont les principales caract\u00e9ristiques du <strong>Guard Short pour<\/strong> femmes, le short id\u00e9al pour les petites randonn\u00e9es en montagne. Minimaliste mais fonctionnel, il peut \u00eatre enroul\u00e9 dans la poche arri\u00e8re et transport\u00e9 dans le sac \u00e0 dos.<\/p>\n<p>&nbsp;<\/p>\n<h3>Technologies :<\/h3>\n<p>&nbsp;<\/p>\n<p><a class=\"d-flex flex-column align-items-center text-center\"><img loading=\"lazy\" decoding=\"async\" class=\"lazyloaded\" src=\"https:\/\/www.lasportiva.com\/media\/techinfo_icons\/traspirabilita.png\" alt=\"La Sportiva\" width=\"75\" height=\"75\" data-src=\"https:\/\/www.lasportiva.com\/media\/techinfo_icons\/traspirabilita.png\" \/><\/a><\/p>\n<p><strong>Respirabilit\u00e9 :<\/strong><br \/>\nProduits hautement respirants pour un confort climatique optimal.<\/p>\n<p>&nbsp;<\/p>\n<p>&nbsp;<\/p>\n<p><a class=\"d-flex flex-column align-items-center text-center\"> <img loading=\"lazy\" decoding=\"async\" class=\"lazyloaded\" src=\"https:\/\/www.lasportiva.com\/media\/techinfo_icons\/elasticita.png\" alt=\"La Sportiva\" width=\"75\" height=\"75\" data-src=\"https:\/\/www.lasportiva.com\/media\/techinfo_icons\/elasticita.png\" \/> <\/a><\/p>\n<p><strong>Elasticit\u00e9:<\/strong><br \/>\nV\u00eatements confortables et r\u00e9actifs qui garantissent une libert\u00e9 de mouvement maximale.<\/p>\n<p>&nbsp;<\/p>\n<p>&nbsp;<\/p>\n<p><a class=\"d-flex flex-column align-items-center text-center\"> <img loading=\"lazy\" decoding=\"async\" class=\"lazyloaded\" src=\"https:\/\/www.lasportiva.com\/media\/techinfo_icons\/regular-fit.png\" alt=\"La Sportiva\" width=\"75\" height=\"75\" data-src=\"https:\/\/www.lasportiva.com\/media\/techinfo_icons\/regular-fit.png\" \/> <\/a><\/p>\n<p><strong>Coupe r\u00e9guli\u00e8re :<\/strong><br \/>\nCoupe technique et confortable.<\/p>\n<p>&nbsp;<\/p>\n<p>&nbsp;<\/p>\n<p><a class=\"d-flex flex-column align-items-center text-center\"> <img loading=\"lazy\" decoding=\"async\" class=\"lazyloaded\" src=\"https:\/\/www.lasportiva.com\/media\/techinfo_icons\/leggerezza.png\" alt=\"La Sportiva\" width=\"75\" height=\"75\" data-src=\"https:\/\/www.lasportiva.com\/media\/techinfo_icons\/leggerezza.png\" \/> <\/a><\/p>\n<p><strong>L\u00e9ger :<\/strong><br \/>\nProduits qui r\u00e9duisent le poids au minimum.<\/p>\n<p>&nbsp;<\/p>\n<p>&nbsp;<\/p>\n<p><a class=\"d-flex flex-column align-items-center text-center\"> <img loading=\"lazy\" decoding=\"async\" class=\"lazyloaded\" src=\"https:\/\/www.lasportiva.com\/media\/techinfo_icons\/L2.png\" alt=\"La Sportiva\" width=\"75\" height=\"75\" data-src=\"https:\/\/www.lasportiva.com\/media\/techinfo_icons\/L2.png\" \/> <\/a><\/p>\n<p><strong>L2 &#8211; MID LAYER &amp; THERMAL LAYER<\/strong><br \/>\nFournit une isolation thermique suppl\u00e9mentaire en favorisant la transpiration gr\u00e2ce \u00e0 une respirabilit\u00e9 \u00e9lev\u00e9e.<\/p>\n<p>&nbsp;<\/p>\n<p>&nbsp;<\/p>\n<p><a class=\"d-flex flex-column align-items-center text-center\"> <img loading=\"lazy\" decoding=\"async\" class=\"lazyloaded\" src=\"https:\/\/www.lasportiva.com\/media\/techinfo_icons\/r\/e\/recycledfabric_icone_75x75_6.png\" alt=\"La Sportiva\" width=\"75\" height=\"75\" data-src=\"https:\/\/www.lasportiva.com\/media\/techinfo_icons\/r\/e\/recycledfabric_icone_75x75_6.png\" \/> <\/a><\/p>\n<p>La Sportiva fabrique des produits pour la montagne depuis 1928 au pied des Dolomites : c&#8217;est pourquoi l&#8217;attention port\u00e9e \u00e0 chaque d\u00e9tail qui peut faire la diff\u00e9rence dans l&#8217;environnement est primordiale. Avec les logos <strong>RECYCLED FABRIC &amp; INSULATIONS<\/strong>, nous avons identifi\u00e9 des produits respectueux de l&#8217;environnement qui, gr\u00e2ce \u00e0 des choix de production et de construction, utilisent des mat\u00e9riaux d\u00e9riv\u00e9s de la r\u00e9utilisation du plastique, permettant ainsi au consommateur de faire un achat respectueux de l&#8217;environnement.<\/p>\n<p><strong>RECYCLED<\/strong> FABRIC<br \/>\nFibres de polyester fabriqu\u00e9es \u00e0 partir de bouteilles en plastique recycl\u00e9es et de proc\u00e9d\u00e9s respectueux de l&#8217;environnement.<br \/>\n&#8211; Les v\u00eatements fabriqu\u00e9s avec des tissus <strong>RECYCLED FABRIC<\/strong> contribuent \u00e0 r\u00e9duire l&#8217;impact sur l&#8217;environnement<br \/>\n&#8211; Tous les produits p\u00e9trochimiques ont \u00e9t\u00e9 remplac\u00e9s par le recyclage de bouteilles en plastique<br \/>\n&#8211; Le processus de production des fibres recycl\u00e9es r\u00e9duit les \u00e9missions de CO2 dans l&#8217;atmosph\u00e8re d&#8217;environ 54%- Durabilit\u00e9 et qualit\u00e9 dans le temps garanties.<\/p>\n<p>&nbsp;<\/p>\n<p><strong>Caract\u00e9ristiques :<\/strong><\/p>\n<ul>\n<li>Taille \u00e9lastique et ajustable<\/li>\n<li>2 poches avant<\/li>\n<li>1 poche arri\u00e8re zipp\u00e9e, \u00e9galement poche de rangement<\/li>\n<li>Longueur int\u00e9rieure de la jambe : 16 cm<\/li>\n<\/ul>\n<p><b>Coupe : <\/b>R\u00e9guli\u00e8re<br \/>\n<b> Tissu : <\/b>Partie principale : (WSM11) 85% Polyamide recycl\u00e9, 15% Elasthanne &#8211; Pochette : (MSL02) 100% Polyester recycl\u00e9<br \/>\n<b> Poids : <\/b>139 g<\/p>\n","protected":false},"excerpt":{"rendered":"<ul>\n<li>Short minimaliste mais fonctionnel.<\/li>\n<li>Ultra l\u00e9ger et confortable pour parcourir de courtes distances en montagne.<\/li>\n<\/ul>\n","protected":false},"featured_media":246518,"template":"","meta":{"_acf_changed":false,"inline_featured_image":false},"product_brand":[],"product_cat":[22602,22596,22595],"product_tag":[23597,23601],"class_list":{"0":"post-290461","1":"product","2":"type-product","3":"status-publish","4":"has-post-thumbnail","6":"product_cat-pantalon-court","7":"product_cat-vetements-pour-femmes","8":"product_cat-femme","9":"product_tag-la-sportiva-fr","10":"product_tag-la-sportiva-femme","11":"pa_attivita-marcher","12":"pa_attivita-outdoor-fr","13":"pa_colore-guard-short-w-rose-fr","14":"pa_marca-la-sportiva-fr","15":"pa_sesso-femme","16":"pa_size-extra-small-fr","17":"pa_size-small-fr","19":"first","20":"instock","21":"sale","22":"taxable","23":"shipping-taxable","24":"purchasable","25":"product-type-variable","26":"wvs-archive-product-wrapper"},"acf":[],"yoast_head":"<!-- This site is optimized with the Yoast SEO plugin v26.8 - https:\/\/yoast.com\/product\/yoast-seo-wordpress\/ -->\n<title>La Sportiva Guard Short femme - Shorts pour femmes- MioMioRun<\/title>\n<meta name=\"description\" content=\"L\u00e9g\u00e8ret\u00e9 et confort sont les principales caract\u00e9ristiques du short Guard pour femmes, le short id\u00e9al pour les petites randonn\u00e9es en montagne.\" \/>\n<meta name=\"robots\" content=\"index, follow, max-snippet:-1, max-image-preview:large, max-video-preview:-1\" \/>\n<link rel=\"canonical\" href=\"https:\/\/www.miomiorun.com\/fr\/produit\/guard-short-femme\/\" \/>\n<meta property=\"og:locale\" content=\"fr_FR\" \/>\n<meta property=\"og:type\" content=\"article\" \/>\n<meta property=\"og:title\" content=\"La Sportiva Guard Short femme - Shorts pour femmes- MioMioRun\" \/>\n<meta property=\"og:description\" content=\"L\u00e9g\u00e8ret\u00e9 et confort sont les principales caract\u00e9ristiques du short Guard pour femmes, le short id\u00e9al pour les petites randonn\u00e9es en montagne.\" \/>\n<meta property=\"og:url\" content=\"https:\/\/www.miomiorun.com\/fr\/produit\/guard-short-femme\/\" \/>\n<meta property=\"og:site_name\" content=\"MioMioRun\" \/>\n<meta property=\"article:publisher\" content=\"https:\/\/www.facebook.com\/miomiorun\/\" \/>\n<meta property=\"article:modified_time\" content=\"2025-06-12T16:53:58+00:00\" \/>\n<meta property=\"og:image\" content=\"https:\/\/www.miomiorun.com\/app\/uploads\/2024\/04\/La-sportiva-Guard-short-W-rose-Q39412412.webp\" \/>\n\t<meta property=\"og:image:width\" content=\"600\" \/>\n\t<meta property=\"og:image:height\" content=\"600\" \/>\n\t<meta property=\"og:image:type\" content=\"image\/webp\" \/>\n<meta name=\"twitter:card\" content=\"summary_large_image\" \/>\n<meta name=\"twitter:label1\" content=\"Est. reading time\" \/>\n\t<meta name=\"twitter:data1\" content=\"2 minutes\" \/>\n<script type=\"application\/ld+json\" class=\"yoast-schema-graph\">{\"@context\":\"https:\/\/schema.org\",\"@graph\":[{\"@type\":\"WebPage\",\"@id\":\"https:\/\/www.miomiorun.com\/fr\/produit\/guard-short-femme\/\",\"url\":\"https:\/\/www.miomiorun.com\/fr\/produit\/guard-short-femme\/\",\"name\":\"La Sportiva Guard Short femme - Shorts pour femmes- MioMioRun\",\"isPartOf\":{\"@id\":\"https:\/\/www.miomiorun.com\/fr\/#website\"},\"primaryImageOfPage\":{\"@id\":\"https:\/\/www.miomiorun.com\/fr\/produit\/guard-short-femme\/#primaryimage\"},\"image\":{\"@id\":\"https:\/\/www.miomiorun.com\/fr\/produit\/guard-short-femme\/#primaryimage\"},\"thumbnailUrl\":\"https:\/\/www.miomiorun.com\/app\/uploads\/2024\/04\/La-sportiva-Guard-short-W-rose-Q39412412.webp\",\"datePublished\":\"2024-04-12T14:53:49+00:00\",\"dateModified\":\"2025-06-12T16:53:58+00:00\",\"description\":\"L\u00e9g\u00e8ret\u00e9 et confort sont les principales caract\u00e9ristiques du short Guard pour femmes, le short id\u00e9al pour les petites randonn\u00e9es en montagne.\",\"breadcrumb\":{\"@id\":\"https:\/\/www.miomiorun.com\/fr\/produit\/guard-short-femme\/#breadcrumb\"},\"inLanguage\":\"fr-FR\",\"potentialAction\":[{\"@type\":\"ReadAction\",\"target\":[\"https:\/\/www.miomiorun.com\/fr\/produit\/guard-short-femme\/\"]}]},{\"@type\":\"ImageObject\",\"inLanguage\":\"fr-FR\",\"@id\":\"https:\/\/www.miomiorun.com\/fr\/produit\/guard-short-femme\/#primaryimage\",\"url\":\"https:\/\/www.miomiorun.com\/app\/uploads\/2024\/04\/La-sportiva-Guard-short-W-rose-Q39412412.webp\",\"contentUrl\":\"https:\/\/www.miomiorun.com\/app\/uploads\/2024\/04\/La-sportiva-Guard-short-W-rose-Q39412412.webp\",\"width\":600,\"height\":600,\"caption\":\"La sportiva Guard short W rose Q39412412\"},{\"@type\":\"BreadcrumbList\",\"@id\":\"https:\/\/www.miomiorun.com\/fr\/produit\/guard-short-femme\/#breadcrumb\",\"itemListElement\":[{\"@type\":\"ListItem\",\"position\":1,\"name\":\"Home\",\"item\":\"https:\/\/www.miomiorun.com\/fr\/home-page\/\"},{\"@type\":\"ListItem\",\"position\":2,\"name\":\"Shop\",\"item\":\"https:\/\/www.miomiorun.com\/shop\/\"},{\"@type\":\"ListItem\",\"position\":3,\"name\":\"Guard Short femme\"}]},{\"@type\":\"WebSite\",\"@id\":\"https:\/\/www.miomiorun.com\/fr\/#website\",\"url\":\"https:\/\/www.miomiorun.com\/fr\/\",\"name\":\"MioMioRun\",\"description\":\"Boutique 100% running et trail\",\"publisher\":{\"@id\":\"https:\/\/www.miomiorun.com\/fr\/#organization\"},\"potentialAction\":[{\"@type\":\"SearchAction\",\"target\":{\"@type\":\"EntryPoint\",\"urlTemplate\":\"https:\/\/www.miomiorun.com\/fr\/?s={search_term_string}\"},\"query-input\":{\"@type\":\"PropertyValueSpecification\",\"valueRequired\":true,\"valueName\":\"search_term_string\"}}],\"inLanguage\":\"fr-FR\"},{\"@type\":\"Organization\",\"@id\":\"https:\/\/www.miomiorun.com\/fr\/#organization\",\"name\":\"MioMio Run\",\"url\":\"https:\/\/www.miomiorun.com\/fr\/\",\"logo\":{\"@type\":\"ImageObject\",\"inLanguage\":\"fr-FR\",\"@id\":\"https:\/\/www.miomiorun.com\/fr\/#\/schema\/logo\/image\/\",\"url\":\"https:\/\/www.miomiorun.com\/app\/uploads\/2019\/12\/logomio.png\",\"contentUrl\":\"https:\/\/www.miomiorun.com\/app\/uploads\/2019\/12\/logomio.png\",\"width\":115,\"height\":82,\"caption\":\"MioMio Run\"},\"image\":{\"@id\":\"https:\/\/www.miomiorun.com\/fr\/#\/schema\/logo\/image\/\"},\"sameAs\":[\"https:\/\/www.facebook.com\/miomiorun\/\",\"https:\/\/www.instagram.com\/miomiorun\/\"]}]}<\/script>\n<!-- \/ Yoast SEO plugin. -->","yoast_head_json":{"title":"La Sportiva Guard Short femme - Shorts pour femmes- MioMioRun","description":"L\u00e9g\u00e8ret\u00e9 et confort sont les principales caract\u00e9ristiques du short Guard pour femmes, le short id\u00e9al pour les petites randonn\u00e9es en montagne.","robots":{"index":"index","follow":"follow","max-snippet":"max-snippet:-1","max-image-preview":"max-image-preview:large","max-video-preview":"max-video-preview:-1"},"canonical":"https:\/\/www.miomiorun.com\/fr\/produit\/guard-short-femme\/","og_locale":"fr_FR","og_type":"article","og_title":"La Sportiva Guard Short femme - Shorts pour femmes- MioMioRun","og_description":"L\u00e9g\u00e8ret\u00e9 et confort sont les principales caract\u00e9ristiques du short Guard pour femmes, le short id\u00e9al pour les petites randonn\u00e9es en montagne.","og_url":"https:\/\/www.miomiorun.com\/fr\/produit\/guard-short-femme\/","og_site_name":"MioMioRun","article_publisher":"https:\/\/www.facebook.com\/miomiorun\/","article_modified_time":"2025-06-12T16:53:58+00:00","og_image":[{"width":600,"height":600,"url":"https:\/\/www.miomiorun.com\/app\/uploads\/2024\/04\/La-sportiva-Guard-short-W-rose-Q39412412.webp","type":"image\/webp"}],"twitter_card":"summary_large_image","twitter_misc":{"Est. reading time":"2 minutes"},"schema":{"@context":"https:\/\/schema.org","@graph":[{"@type":"WebPage","@id":"https:\/\/www.miomiorun.com\/fr\/produit\/guard-short-femme\/","url":"https:\/\/www.miomiorun.com\/fr\/produit\/guard-short-femme\/","name":"La Sportiva Guard Short femme - Shorts pour femmes- MioMioRun","isPartOf":{"@id":"https:\/\/www.miomiorun.com\/fr\/#website"},"primaryImageOfPage":{"@id":"https:\/\/www.miomiorun.com\/fr\/produit\/guard-short-femme\/#primaryimage"},"image":{"@id":"https:\/\/www.miomiorun.com\/fr\/produit\/guard-short-femme\/#primaryimage"},"thumbnailUrl":"https:\/\/www.miomiorun.com\/app\/uploads\/2024\/04\/La-sportiva-Guard-short-W-rose-Q39412412.webp","datePublished":"2024-04-12T14:53:49+00:00","dateModified":"2025-06-12T16:53:58+00:00","description":"L\u00e9g\u00e8ret\u00e9 et confort sont les principales caract\u00e9ristiques du short Guard pour femmes, le short id\u00e9al pour les petites randonn\u00e9es en montagne.","breadcrumb":{"@id":"https:\/\/www.miomiorun.com\/fr\/produit\/guard-short-femme\/#breadcrumb"},"inLanguage":"fr-FR","potentialAction":[{"@type":"ReadAction","target":["https:\/\/www.miomiorun.com\/fr\/produit\/guard-short-femme\/"]}]},{"@type":"ImageObject","inLanguage":"fr-FR","@id":"https:\/\/www.miomiorun.com\/fr\/produit\/guard-short-femme\/#primaryimage","url":"https:\/\/www.miomiorun.com\/app\/uploads\/2024\/04\/La-sportiva-Guard-short-W-rose-Q39412412.webp","contentUrl":"https:\/\/www.miomiorun.com\/app\/uploads\/2024\/04\/La-sportiva-Guard-short-W-rose-Q39412412.webp","width":600,"height":600,"caption":"La sportiva Guard short W rose Q39412412"},{"@type":"BreadcrumbList","@id":"https:\/\/www.miomiorun.com\/fr\/produit\/guard-short-femme\/#breadcrumb","itemListElement":[{"@type":"ListItem","position":1,"name":"Home","item":"https:\/\/www.miomiorun.com\/fr\/home-page\/"},{"@type":"ListItem","position":2,"name":"Shop","item":"https:\/\/www.miomiorun.com\/shop\/"},{"@type":"ListItem","position":3,"name":"Guard Short femme"}]},{"@type":"WebSite","@id":"https:\/\/www.miomiorun.com\/fr\/#website","url":"https:\/\/www.miomiorun.com\/fr\/","name":"MioMioRun","description":"Boutique 100% running et trail","publisher":{"@id":"https:\/\/www.miomiorun.com\/fr\/#organization"},"potentialAction":[{"@type":"SearchAction","target":{"@type":"EntryPoint","urlTemplate":"https:\/\/www.miomiorun.com\/fr\/?s={search_term_string}"},"query-input":{"@type":"PropertyValueSpecification","valueRequired":true,"valueName":"search_term_string"}}],"inLanguage":"fr-FR"},{"@type":"Organization","@id":"https:\/\/www.miomiorun.com\/fr\/#organization","name":"MioMio Run","url":"https:\/\/www.miomiorun.com\/fr\/","logo":{"@type":"ImageObject","inLanguage":"fr-FR","@id":"https:\/\/www.miomiorun.com\/fr\/#\/schema\/logo\/image\/","url":"https:\/\/www.miomiorun.com\/app\/uploads\/2019\/12\/logomio.png","contentUrl":"https:\/\/www.miomiorun.com\/app\/uploads\/2019\/12\/logomio.png","width":115,"height":82,"caption":"MioMio Run"},"image":{"@id":"https:\/\/www.miomiorun.com\/fr\/#\/schema\/logo\/image\/"},"sameAs":["https:\/\/www.facebook.com\/miomiorun\/","https:\/\/www.instagram.com\/miomiorun\/"]}]}},"_links":{"self":[{"href":"https:\/\/www.miomiorun.com\/fr\/wp-json\/wp\/v2\/product\/290461","targetHints":{"allow":["GET"]}}],"collection":[{"href":"https:\/\/www.miomiorun.com\/fr\/wp-json\/wp\/v2\/product"}],"about":[{"href":"https:\/\/www.miomiorun.com\/fr\/wp-json\/wp\/v2\/types\/product"}],"wp:featuredmedia":[{"embeddable":true,"href":"https:\/\/www.miomiorun.com\/fr\/wp-json\/wp\/v2\/media\/246518"}],"wp:attachment":[{"href":"https:\/\/www.miomiorun.com\/fr\/wp-json\/wp\/v2\/media?parent=290461"}],"wp:term":[{"taxonomy":"product_brand","embeddable":true,"href":"https:\/\/www.miomiorun.com\/fr\/wp-json\/wp\/v2\/product_brand?post=290461"},{"taxonomy":"product_cat","embeddable":true,"href":"https:\/\/www.miomiorun.com\/fr\/wp-json\/wp\/v2\/product_cat?post=290461"},{"taxonomy":"product_tag","embeddable":true,"href":"https:\/\/www.miomiorun.com\/fr\/wp-json\/wp\/v2\/product_tag?post=290461"}],"curies":[{"name":"wp","href":"https:\/\/api.w.org\/{rel}","templated":true}]}}