{"id":290361,"date":"2024-04-13T17:12:04","date_gmt":"2024-04-13T15:12:04","guid":{"rendered":"https:\/\/miomiorun.com\/prodotto\/levante-donna\/"},"modified":"2026-05-08T22:00:25","modified_gmt":"2026-05-08T20:00:25","slug":"levante-femme","status":"publish","type":"product","link":"https:\/\/www.miomiorun.com\/fr\/produit\/levante-femme\/","title":{"rendered":"Levante femme"},"content":{"rendered":"<div class=\"vc-row container\"><div class=\"vc-column\"><div class=\"vc-column-text\"><\/p>\n<p><strong>Caract\u00e9ristiques techniques<\/strong><\/p>\n<p>Cat\u00e9gorie : Amortissement r\u00e9actif<br \/>\nD\u00e9calage : 6 mm<br \/>\nPoids : 210 g<br \/>\nId\u00e9al pour : les coureurs de trail \u00e0 la recherche d&#8217;une chaussure performante et confortable, m\u00eame sur des parcours longs et exigeants.<br \/>\nPoids de l&#8217;athl\u00e8te : 50-70 kg<br \/>\nAllure de course : moyenne (5-6 min\/km)<br \/>\n<a href=\"https:\/\/miomiorun.com\/fr\/guide-des-specificites\/\">Guide des sp\u00e9cifications<\/a><\/p>\n<p><\/div><\/div><div class=\"vc-column\"><div class=\"vc-column-text\"><\/p>\n<h2 style=\"text-align: center;\">De la part de nos athl\u00e8tes.<\/h2>\n<p>La <strong>Levante<\/strong> pour femme est la nouvelle chaussure de trail cr\u00e9\u00e9e en collaboration directe avec des athl\u00e8tes professionnels pour \u00e9tudier chaque d\u00e9tail : ajustement, la\u00e7age, tige et semelle.<\/p>\n<p>Chaque aspect a \u00e9t\u00e9 minutieusement diss\u00e9qu\u00e9 pour cr\u00e9er une chaussure de course longue distance \u00e0 l&#8217;\u00e9preuve des athl\u00e8tes !<\/p>\n<p>Nouvelle super mousse XFlow\u2122 pour l&#8217;amorti et la r\u00e9activit\u00e9, stabilit\u00e9 et protection gr\u00e2ce \u00e0 l&#8217;empeigne construite pour envelopper et soutenir sans contraindre le pied.<\/p>\n<p>Le Trail Rocker\u2122 accompagne l&#8217;athl\u00e8te dans une posture naturelle et un d\u00e9roul\u00e9 harmonieux tandis que les rainures de flexion assurent souplesse et agilit\u00e9 aux coureurs les plus exigeants.<\/p>\n<h3>Technologies :<\/h3>\n<p>&nbsp;<\/p>\n<p><a class=\"d-flex flex-column align-items-center text-center\"><img loading=\"lazy\" decoding=\"async\" class=\"lazyloaded\" src=\"https:\/\/www.lasportiva.com\/media\/techinfo_icons\/o\/r\/ortholitehybridblu_75x75_1.png\" alt=\"La Sportiva\" width=\"75\" height=\"75\" data-src=\"https:\/\/www.lasportiva.com\/media\/techinfo_icons\/o\/r\/ortholitehybridblu_75x75_1.png\" \/> <\/a><\/p>\n<p>Les<strong> mod\u00e8les de la ligne Mountain Running\u00ae<\/strong> adoptent les semelles \u00e9cologiques exclusives La Sportiva by<strong> OrthoLite\u00ae Hybrid,<\/strong> fabriqu\u00e9es \u00e0 partir de 20% de mat\u00e9riaux recycl\u00e9s issus du cycle de fabrication. Ces semelles sont con\u00e7ues pour les pieds des hommes et des femmes et adoptent des \u00e9paisseurs et des mat\u00e9riaux diff\u00e9rents en fonction du poids moyen de l&#8217;utilisateur.<\/p>\n<p>&nbsp;<\/p>\n<p><a class=\"d-flex flex-column align-items-center text-center\"> <img loading=\"lazy\" decoding=\"async\" class=\"ls-is-cached lazyloaded\" src=\"https:\/\/www.lasportiva.com\/media\/techinfo_icons\/friction-white.png\" alt=\"La Sportiva\" width=\"75\" height=\"75\" data-src=\"https:\/\/www.lasportiva.com\/media\/techinfo_icons\/friction-white.png\" \/> <\/a><\/p>\n<p><strong><a class=\"d-flex flex-column align-items-center text-center\">Frixion White <\/a><\/strong><\/p>\n<p>Les compos\u00e9s <strong>FriXion\u00ae<\/strong> de <strong>La Sportiva<\/strong> sont con\u00e7us pour cr\u00e9er des bandes de roulement avec diff\u00e9rents param\u00e8tres d&#8217;adh\u00e9rence et de durabilit\u00e9 en fonction du type d&#8217;utilisation et du terrain sur lequel les chaussures La Sportiva sont utilis\u00e9es.<\/p>\n<p>&nbsp;<\/p>\n<p><strong>Caract\u00e9ristiques :<\/strong><\/p>\n<ul>\n<li>Trail Rocker\u2122 : favorise le soutien naturel &#8221; talon ext\u00e9rieur-orteil &#8221; du pied pendant la course.<\/li>\n<li>Technical Fit d\u00e9di\u00e9 \u00e0 la performance sur les longues distances.<\/li>\n<li>Semelle interm\u00e9diaire en super mousse XFlow\u2122, grand amorti et retour d&#8217;\u00e9nergie.<\/li>\n<li>Ensamble de constructions pour un soutien et une stabilit\u00e9 maximum : la gu\u00eatre en tricot enveloppe la cheville, le syst\u00e8me d&#8217;enveloppement et l&#8217;ergonomie du talon verrouillent confortablement le pied en place, l&#8217;emp\u00eachant de glisser \u00e0 l&#8217;int\u00e9rieur de la chaussure<\/li>\n<li>les rainures de flexion conf\u00e8rent \u00e0 la semelle une flexibilit\u00e9 et une agilit\u00e9 accrues<\/li>\n<\/ul>\n<p><\/div><\/div><\/div>\n","protected":false},"excerpt":{"rendered":"<ul>\n<li>Chaussure caract\u00e9ris\u00e9e par un excellent amorti, stable et r\u00e9actif, pour les longues courses.<\/li>\n<li>Id\u00e9ale pour les coureurs qui aiment sentir leur pied envelopp\u00e9.<\/li>\n<\/ul>\n","protected":false},"featured_media":246784,"template":"","meta":{"_acf_changed":false,"inline_featured_image":false},"product_brand":[],"product_cat":[22605,22608],"product_tag":[23597,23601],"class_list":{"0":"post-290361","1":"product","2":"type-product","3":"status-publish","4":"has-post-thumbnail","6":"product_cat-chaussures-pour-femmes","7":"product_cat-trail-fr","8":"product_tag-la-sportiva-fr","9":"product_tag-la-sportiva-femme","10":"pa_attivita-trail-fr","11":"pa_colore-levante-w-hibiscus-malibu-blue-fr","12":"pa_marca-la-sportiva-fr","13":"pa_sesso-femme","14":"pa_size-38-5-fr","15":"pa_size-39-fr","16":"pa_size-41-5-fr","18":"first","19":"instock","20":"sale","21":"taxable","22":"shipping-taxable","23":"purchasable","24":"product-type-variable","25":"wvs-archive-product-wrapper"},"acf":[],"yoast_head":"<!-- This site is optimized with the Yoast SEO plugin v26.8 - https:\/\/yoast.com\/product\/yoast-seo-wordpress\/ -->\n<title>La Sportiva Levante femme - Chaussures de trail pour femmes - MioMioRun.com<\/title>\n<meta name=\"description\" content=\"Levante for women est la nouvelle chaussure de trail cr\u00e9\u00e9e en collaboration directe avec des athl\u00e8tes professionnels pour \u00e9tudier chaque d\u00e9tail.\" \/>\n<meta name=\"robots\" content=\"index, follow, max-snippet:-1, max-image-preview:large, max-video-preview:-1\" \/>\n<link rel=\"canonical\" href=\"https:\/\/www.miomiorun.com\/fr\/produit\/levante-femme\/\" \/>\n<meta property=\"og:locale\" content=\"fr_FR\" \/>\n<meta property=\"og:type\" content=\"article\" \/>\n<meta property=\"og:title\" content=\"La Sportiva Levante femme - Chaussures de trail pour femmes - MioMioRun.com\" \/>\n<meta property=\"og:description\" content=\"Levante for women est la nouvelle chaussure de trail cr\u00e9\u00e9e en collaboration directe avec des athl\u00e8tes professionnels pour \u00e9tudier chaque d\u00e9tail.\" \/>\n<meta property=\"og:url\" content=\"https:\/\/www.miomiorun.com\/fr\/produit\/levante-femme\/\" \/>\n<meta property=\"og:site_name\" content=\"MioMioRun\" \/>\n<meta property=\"article:publisher\" content=\"https:\/\/www.facebook.com\/miomiorun\/\" \/>\n<meta property=\"article:modified_time\" content=\"2026-05-08T20:00:25+00:00\" \/>\n<meta property=\"og:image\" content=\"https:\/\/www.miomiorun.com\/app\/uploads\/2024\/05\/la-sportiva-Levante-W-hibiscus-malibu-blue-56W402602.webp\" \/>\n\t<meta property=\"og:image:width\" content=\"600\" \/>\n\t<meta property=\"og:image:height\" content=\"600\" \/>\n\t<meta property=\"og:image:type\" content=\"image\/webp\" \/>\n<meta name=\"twitter:card\" content=\"summary_large_image\" \/>\n<meta name=\"twitter:label1\" content=\"Est. reading time\" \/>\n\t<meta name=\"twitter:data1\" content=\"2 minutes\" \/>\n<script type=\"application\/ld+json\" class=\"yoast-schema-graph\">{\"@context\":\"https:\/\/schema.org\",\"@graph\":[{\"@type\":\"WebPage\",\"@id\":\"https:\/\/www.miomiorun.com\/fr\/produit\/levante-femme\/\",\"url\":\"https:\/\/www.miomiorun.com\/fr\/produit\/levante-femme\/\",\"name\":\"La Sportiva Levante femme - Chaussures de trail pour femmes - MioMioRun.com\",\"isPartOf\":{\"@id\":\"https:\/\/www.miomiorun.com\/fr\/#website\"},\"primaryImageOfPage\":{\"@id\":\"https:\/\/www.miomiorun.com\/fr\/produit\/levante-femme\/#primaryimage\"},\"image\":{\"@id\":\"https:\/\/www.miomiorun.com\/fr\/produit\/levante-femme\/#primaryimage\"},\"thumbnailUrl\":\"https:\/\/www.miomiorun.com\/app\/uploads\/2024\/05\/la-sportiva-Levante-W-hibiscus-malibu-blue-56W402602.webp\",\"datePublished\":\"2024-04-13T15:12:04+00:00\",\"dateModified\":\"2026-05-08T20:00:25+00:00\",\"description\":\"Levante for women est la nouvelle chaussure de trail cr\u00e9\u00e9e en collaboration directe avec des athl\u00e8tes professionnels pour \u00e9tudier chaque d\u00e9tail.\",\"breadcrumb\":{\"@id\":\"https:\/\/www.miomiorun.com\/fr\/produit\/levante-femme\/#breadcrumb\"},\"inLanguage\":\"fr-FR\",\"potentialAction\":[{\"@type\":\"ReadAction\",\"target\":[\"https:\/\/www.miomiorun.com\/fr\/produit\/levante-femme\/\"]}]},{\"@type\":\"ImageObject\",\"inLanguage\":\"fr-FR\",\"@id\":\"https:\/\/www.miomiorun.com\/fr\/produit\/levante-femme\/#primaryimage\",\"url\":\"https:\/\/www.miomiorun.com\/app\/uploads\/2024\/05\/la-sportiva-Levante-W-hibiscus-malibu-blue-56W402602.webp\",\"contentUrl\":\"https:\/\/www.miomiorun.com\/app\/uploads\/2024\/05\/la-sportiva-Levante-W-hibiscus-malibu-blue-56W402602.webp\",\"width\":600,\"height\":600,\"caption\":\"la sportiva Levante W hibiscus malibu blue 56W402602\"},{\"@type\":\"BreadcrumbList\",\"@id\":\"https:\/\/www.miomiorun.com\/fr\/produit\/levante-femme\/#breadcrumb\",\"itemListElement\":[{\"@type\":\"ListItem\",\"position\":1,\"name\":\"Home\",\"item\":\"https:\/\/www.miomiorun.com\/fr\/home-page\/\"},{\"@type\":\"ListItem\",\"position\":2,\"name\":\"Shop\",\"item\":\"https:\/\/www.miomiorun.com\/shop\/\"},{\"@type\":\"ListItem\",\"position\":3,\"name\":\"Levante femme\"}]},{\"@type\":\"WebSite\",\"@id\":\"https:\/\/www.miomiorun.com\/fr\/#website\",\"url\":\"https:\/\/www.miomiorun.com\/fr\/\",\"name\":\"MioMioRun\",\"description\":\"Boutique 100% running et trail\",\"publisher\":{\"@id\":\"https:\/\/www.miomiorun.com\/fr\/#organization\"},\"potentialAction\":[{\"@type\":\"SearchAction\",\"target\":{\"@type\":\"EntryPoint\",\"urlTemplate\":\"https:\/\/www.miomiorun.com\/fr\/?s={search_term_string}\"},\"query-input\":{\"@type\":\"PropertyValueSpecification\",\"valueRequired\":true,\"valueName\":\"search_term_string\"}}],\"inLanguage\":\"fr-FR\"},{\"@type\":\"Organization\",\"@id\":\"https:\/\/www.miomiorun.com\/fr\/#organization\",\"name\":\"MioMio Run\",\"url\":\"https:\/\/www.miomiorun.com\/fr\/\",\"logo\":{\"@type\":\"ImageObject\",\"inLanguage\":\"fr-FR\",\"@id\":\"https:\/\/www.miomiorun.com\/fr\/#\/schema\/logo\/image\/\",\"url\":\"https:\/\/www.miomiorun.com\/app\/uploads\/2019\/12\/logomio.png\",\"contentUrl\":\"https:\/\/www.miomiorun.com\/app\/uploads\/2019\/12\/logomio.png\",\"width\":115,\"height\":82,\"caption\":\"MioMio Run\"},\"image\":{\"@id\":\"https:\/\/www.miomiorun.com\/fr\/#\/schema\/logo\/image\/\"},\"sameAs\":[\"https:\/\/www.facebook.com\/miomiorun\/\",\"https:\/\/www.instagram.com\/miomiorun\/\"]}]}<\/script>\n<!-- \/ Yoast SEO plugin. -->","yoast_head_json":{"title":"La Sportiva Levante femme - Chaussures de trail pour femmes - MioMioRun.com","description":"Levante for women est la nouvelle chaussure de trail cr\u00e9\u00e9e en collaboration directe avec des athl\u00e8tes professionnels pour \u00e9tudier chaque d\u00e9tail.","robots":{"index":"index","follow":"follow","max-snippet":"max-snippet:-1","max-image-preview":"max-image-preview:large","max-video-preview":"max-video-preview:-1"},"canonical":"https:\/\/www.miomiorun.com\/fr\/produit\/levante-femme\/","og_locale":"fr_FR","og_type":"article","og_title":"La Sportiva Levante femme - Chaussures de trail pour femmes - MioMioRun.com","og_description":"Levante for women est la nouvelle chaussure de trail cr\u00e9\u00e9e en collaboration directe avec des athl\u00e8tes professionnels pour \u00e9tudier chaque d\u00e9tail.","og_url":"https:\/\/www.miomiorun.com\/fr\/produit\/levante-femme\/","og_site_name":"MioMioRun","article_publisher":"https:\/\/www.facebook.com\/miomiorun\/","article_modified_time":"2026-05-08T20:00:25+00:00","og_image":[{"width":600,"height":600,"url":"https:\/\/www.miomiorun.com\/app\/uploads\/2024\/05\/la-sportiva-Levante-W-hibiscus-malibu-blue-56W402602.webp","type":"image\/webp"}],"twitter_card":"summary_large_image","twitter_misc":{"Est. reading time":"2 minutes"},"schema":{"@context":"https:\/\/schema.org","@graph":[{"@type":"WebPage","@id":"https:\/\/www.miomiorun.com\/fr\/produit\/levante-femme\/","url":"https:\/\/www.miomiorun.com\/fr\/produit\/levante-femme\/","name":"La Sportiva Levante femme - Chaussures de trail pour femmes - MioMioRun.com","isPartOf":{"@id":"https:\/\/www.miomiorun.com\/fr\/#website"},"primaryImageOfPage":{"@id":"https:\/\/www.miomiorun.com\/fr\/produit\/levante-femme\/#primaryimage"},"image":{"@id":"https:\/\/www.miomiorun.com\/fr\/produit\/levante-femme\/#primaryimage"},"thumbnailUrl":"https:\/\/www.miomiorun.com\/app\/uploads\/2024\/05\/la-sportiva-Levante-W-hibiscus-malibu-blue-56W402602.webp","datePublished":"2024-04-13T15:12:04+00:00","dateModified":"2026-05-08T20:00:25+00:00","description":"Levante for women est la nouvelle chaussure de trail cr\u00e9\u00e9e en collaboration directe avec des athl\u00e8tes professionnels pour \u00e9tudier chaque d\u00e9tail.","breadcrumb":{"@id":"https:\/\/www.miomiorun.com\/fr\/produit\/levante-femme\/#breadcrumb"},"inLanguage":"fr-FR","potentialAction":[{"@type":"ReadAction","target":["https:\/\/www.miomiorun.com\/fr\/produit\/levante-femme\/"]}]},{"@type":"ImageObject","inLanguage":"fr-FR","@id":"https:\/\/www.miomiorun.com\/fr\/produit\/levante-femme\/#primaryimage","url":"https:\/\/www.miomiorun.com\/app\/uploads\/2024\/05\/la-sportiva-Levante-W-hibiscus-malibu-blue-56W402602.webp","contentUrl":"https:\/\/www.miomiorun.com\/app\/uploads\/2024\/05\/la-sportiva-Levante-W-hibiscus-malibu-blue-56W402602.webp","width":600,"height":600,"caption":"la sportiva Levante W hibiscus malibu blue 56W402602"},{"@type":"BreadcrumbList","@id":"https:\/\/www.miomiorun.com\/fr\/produit\/levante-femme\/#breadcrumb","itemListElement":[{"@type":"ListItem","position":1,"name":"Home","item":"https:\/\/www.miomiorun.com\/fr\/home-page\/"},{"@type":"ListItem","position":2,"name":"Shop","item":"https:\/\/www.miomiorun.com\/shop\/"},{"@type":"ListItem","position":3,"name":"Levante femme"}]},{"@type":"WebSite","@id":"https:\/\/www.miomiorun.com\/fr\/#website","url":"https:\/\/www.miomiorun.com\/fr\/","name":"MioMioRun","description":"Boutique 100% running et trail","publisher":{"@id":"https:\/\/www.miomiorun.com\/fr\/#organization"},"potentialAction":[{"@type":"SearchAction","target":{"@type":"EntryPoint","urlTemplate":"https:\/\/www.miomiorun.com\/fr\/?s={search_term_string}"},"query-input":{"@type":"PropertyValueSpecification","valueRequired":true,"valueName":"search_term_string"}}],"inLanguage":"fr-FR"},{"@type":"Organization","@id":"https:\/\/www.miomiorun.com\/fr\/#organization","name":"MioMio Run","url":"https:\/\/www.miomiorun.com\/fr\/","logo":{"@type":"ImageObject","inLanguage":"fr-FR","@id":"https:\/\/www.miomiorun.com\/fr\/#\/schema\/logo\/image\/","url":"https:\/\/www.miomiorun.com\/app\/uploads\/2019\/12\/logomio.png","contentUrl":"https:\/\/www.miomiorun.com\/app\/uploads\/2019\/12\/logomio.png","width":115,"height":82,"caption":"MioMio Run"},"image":{"@id":"https:\/\/www.miomiorun.com\/fr\/#\/schema\/logo\/image\/"},"sameAs":["https:\/\/www.facebook.com\/miomiorun\/","https:\/\/www.instagram.com\/miomiorun\/"]}]}},"_links":{"self":[{"href":"https:\/\/www.miomiorun.com\/fr\/wp-json\/wp\/v2\/product\/290361","targetHints":{"allow":["GET"]}}],"collection":[{"href":"https:\/\/www.miomiorun.com\/fr\/wp-json\/wp\/v2\/product"}],"about":[{"href":"https:\/\/www.miomiorun.com\/fr\/wp-json\/wp\/v2\/types\/product"}],"wp:featuredmedia":[{"embeddable":true,"href":"https:\/\/www.miomiorun.com\/fr\/wp-json\/wp\/v2\/media\/246784"}],"wp:attachment":[{"href":"https:\/\/www.miomiorun.com\/fr\/wp-json\/wp\/v2\/media?parent=290361"}],"wp:term":[{"taxonomy":"product_brand","embeddable":true,"href":"https:\/\/www.miomiorun.com\/fr\/wp-json\/wp\/v2\/product_brand?post=290361"},{"taxonomy":"product_cat","embeddable":true,"href":"https:\/\/www.miomiorun.com\/fr\/wp-json\/wp\/v2\/product_cat?post=290361"},{"taxonomy":"product_tag","embeddable":true,"href":"https:\/\/www.miomiorun.com\/fr\/wp-json\/wp\/v2\/product_tag?post=290361"}],"curies":[{"name":"wp","href":"https:\/\/api.w.org\/{rel}","templated":true}]}}