{"id":290345,"date":"2024-04-12T18:46:08","date_gmt":"2024-04-12T16:46:08","guid":{"rendered":"https:\/\/miomiorun.com\/prodotto\/prodigio-donna\/"},"modified":"2025-06-12T19:06:11","modified_gmt":"2025-06-12T17:06:11","slug":"prodigio-femme","status":"publish","type":"product","link":"https:\/\/www.miomiorun.com\/fr\/produit\/prodigio-femme\/","title":{"rendered":"Prodigio femme"},"content":{"rendered":"<div class=\"vc-row container\"><div class=\"vc-column\"><div class=\"vc-column-text\"><\/p>\n<p><strong>Caract\u00e9ristiques techniques<\/strong><\/p>\n<p>Cat\u00e9gorie : Amorti structur\u00e9<br \/>\nD\u00e9calage : 6mm<br \/>\nPoids : 270 g<br \/>\nId\u00e9al pour : les coureurs de trail qui recherchent une chaussure performante et confortable, m\u00eame sur les sentiers longs et exigeants.<br \/>\nPoids de l&#8217;athl\u00e8te : 50-70 kg<br \/>\nAllure de course : moyenne (5-6 min\/km)<br \/>\n<a href=\"https:\/\/miomiorun.com\/fr\/guide-des-specificites\/\">Guide des sp\u00e9cifications<\/a><\/p>\n<p><\/div><\/div><div class=\"vc-column\"><div class=\"vc-column-text\"><strong>Prodigio<\/strong>, la nouvelle chaussure femme d\u00e9di\u00e9e au monde du trail running.<\/p>\n<p>Un produit r\u00e9volutionnaire d\u00e9di\u00e9 au monde de l&#8217;Ultra Trail par La Sportiva.Nouvelle mousse <strong>XFLow\u2122<\/strong>, con\u00e7ue et d\u00e9velopp\u00e9e pour garantir un amorti maximal et un retour d&#8217;\u00e9nergie kilom\u00e8tre apr\u00e8s kilom\u00e8tre.<\/p>\n<p>Chaque d\u00e9tail a \u00e9t\u00e9 pens\u00e9 pour r\u00e9pondre aux besoins des ultra runners les plus exigeants : la bo\u00eete \u00e0 orteils large et la tige respirante assurent le confort m\u00eame apr\u00e8s plusieurs heures de course, la construction Wrapping System et l&#8217;ergonomie parfaite du talon assurent stabilit\u00e9 et protection tandis que la g\u00e9om\u00e9trie rocker met l&#8217;accent sur une foul\u00e9e fluide et progressive sur n&#8217;importe quel terrain.<\/p>\n<h3><b>Technologies :<\/b><\/h3>\n<p><a class=\"d-flex flex-column align-items-center text-center\"> <img loading=\"lazy\" decoding=\"async\" class=\"ls-is-cached lazyloaded\" src=\"https:\/\/www.lasportiva.com\/media\/techinfo_icons\/friction-red.png\" alt=\"La Sportiva\" width=\"75\" height=\"75\" data-src=\"https:\/\/www.lasportiva.com\/media\/techinfo_icons\/friction-red.png\" \/>\u00a0<\/a><\/p>\n<p>Les compos\u00e9s <strong>FriXion\u00ae<\/strong> de <strong>La Sportiva<\/strong> sont cr\u00e9\u00e9s dans le but de cr\u00e9er des semelles avec diff\u00e9rents param\u00e8tres d&#8217;adh\u00e9rence et de durabilit\u00e9 en fonction du type d&#8217;utilisation et du terrain sur lequel les chaussures La Sportiva sont utilis\u00e9es.<\/p>\n<p>&nbsp;<\/p>\n<p>&nbsp;<\/p>\n<p><a class=\"d-flex flex-column align-items-center text-center\"> <img loading=\"lazy\" decoding=\"async\" class=\"lazyloaded\" src=\"https:\/\/www.lasportiva.com\/media\/techinfo_icons\/o\/r\/ortholitehybridblu_75x75_1.png\" alt=\"La Sportiva\" width=\"75\" height=\"75\" data-src=\"https:\/\/www.lasportiva.com\/media\/techinfo_icons\/o\/r\/ortholitehybridblu_75x75_1.png\" \/> <\/a><\/p>\n<p>Les<strong> mod\u00e8les de la ligne Mountain Running\u00ae<\/strong> adoptent les semelles \u00e9cologiques exclusives La Sportiva by<strong> OrthoLite\u00ae Hybrid,<\/strong> fabriqu\u00e9es \u00e0 partir de 20% de mat\u00e9riaux recycl\u00e9s issus du cycle de fabrication. Ces semelles sont con\u00e7ues pour les pieds masculins et f\u00e9minins et adoptent diff\u00e9rentes \u00e9paisseurs et mat\u00e9riaux en fonction du poids moyen de l&#8217;utilisateur.<\/p>\n<p>&nbsp;<\/p>\n<p><b>Doublure :<\/b><br \/>\nMesh anti-abrasion en mat\u00e9riau recycl\u00e9<br \/>\nDessus<b>:<\/b><br \/>\nHT light mesh+ wrapping footcage<br \/>\n<b>Semelle ext\u00e9rieure :<\/b><br \/>\nBi-compound FriXion\u00ae Red<\/p>\n<p>&nbsp;<\/p>\n<p><strong>Caract\u00e9ristiques :<\/strong><\/p>\n<ul>\n<li>Semelle interm\u00e9diaire XFlow\u2122, mousse supercritique avec effet super-amortissant et retour d&#8217;\u00e9nergie r\u00e9silient.<\/li>\n<li>Le d\u00e9roul\u00e9 et la stabilit\u00e9 sont facilit\u00e9s gr\u00e2ce au Progressive Rocker et \u00e0 la large assise plantaire.<\/li>\n<li>Construction Wrapping System qui enveloppe et bloque bien le pied, l&#8217;emp\u00eachant de glisser \u00e0 l&#8217;int\u00e9rieur de la chaussure.<\/li>\n<li>Tige en mesh respirant pour un s\u00e9chage rapide et pour \u00e9viter la surchauffe du pied.<\/li>\n<\/ul>\n<p><\/div><\/div><\/div>\n","protected":false},"excerpt":{"rendered":"<ul>\n<li>Chaussure de course con\u00e7ue pour l&#8217;ultra trail.<\/li>\n<li>Excellent amorti.<\/li>\n<\/ul>\n","protected":false},"featured_media":246564,"template":"","meta":{"_acf_changed":false,"inline_featured_image":false},"product_brand":[],"product_cat":[24435,24432],"product_tag":[23597,23601],"class_list":{"0":"post-290345","1":"product","2":"type-product","3":"status-publish","4":"has-post-thumbnail","6":"product_cat-chaussures-pour-femmes-fr","7":"product_cat-trail-fr-2","8":"product_tag-la-sportiva-fr","9":"product_tag-la-sportiva-femme","10":"pa_attivita-outdoor-fr","11":"pa_attivita-trail-fr","12":"pa_colore-prodigio-w-carbon-juniper-fr","13":"pa_colore-prodigio-w-hibiscus-malibu-blue-fr","14":"pa_colore-prodigio-w-mineral-carbon","15":"pa_colore-prodigio-w-savana-night-sky-fr","16":"pa_colore-prodigio-w-stone-blue-moonlight-fr","17":"pa_colore-prodigio-w-zest-moonlight-fr","18":"pa_marca-la-sportiva-fr","19":"pa_sesso-femme","20":"pa_size-37-fr","21":"pa_size-37-5-fr","22":"pa_size-38-fr","23":"pa_size-38-5-fr","24":"pa_size-39-fr","25":"pa_size-39-5-fr","26":"pa_size-40-fr","27":"pa_size-40-5-fr","28":"pa_size-41-fr","29":"pa_size-41-5-fr","30":"pa_size-42-fr","32":"first","33":"instock","34":"sale","35":"taxable","36":"shipping-taxable","37":"purchasable","38":"product-type-variable","39":"wvs-archive-product-wrapper"},"acf":[],"yoast_head":"<!-- This site is optimized with the Yoast SEO plugin v26.8 - https:\/\/yoast.com\/product\/yoast-seo-wordpress\/ -->\n<title>La Sportiva Prodigio femme - Chaussures de trail- MioMioRun .com<\/title>\n<meta name=\"description\" content=\"Prodigio, la nouvelle chaussure pour femmes d\u00e9di\u00e9e au monde du trail, un produit r\u00e9volutionnaire d\u00e9di\u00e9 au monde de l&#039;Ultra Trail par La Sportiva.\" \/>\n<meta name=\"robots\" content=\"index, follow, max-snippet:-1, max-image-preview:large, max-video-preview:-1\" \/>\n<link rel=\"canonical\" href=\"https:\/\/www.miomiorun.com\/fr\/produit\/prodigio-femme\/\" \/>\n<meta property=\"og:locale\" content=\"fr_FR\" \/>\n<meta property=\"og:type\" content=\"article\" \/>\n<meta property=\"og:title\" content=\"La Sportiva Prodigio femme - Chaussures de trail- MioMioRun .com\" \/>\n<meta property=\"og:description\" content=\"Prodigio, la nouvelle chaussure pour femmes d\u00e9di\u00e9e au monde du trail, un produit r\u00e9volutionnaire d\u00e9di\u00e9 au monde de l&#039;Ultra Trail par La Sportiva.\" \/>\n<meta property=\"og:url\" content=\"https:\/\/www.miomiorun.com\/fr\/produit\/prodigio-femme\/\" \/>\n<meta property=\"og:site_name\" content=\"MioMioRun\" \/>\n<meta property=\"article:publisher\" content=\"https:\/\/www.facebook.com\/miomiorun\/\" \/>\n<meta property=\"article:modified_time\" content=\"2025-06-12T17:06:11+00:00\" \/>\n<meta property=\"og:image\" content=\"https:\/\/www.miomiorun.com\/app\/uploads\/2024\/04\/La-Sportiva-Prodigio-W-hibiscus-malibu-blue-56R402602.webp\" \/>\n\t<meta property=\"og:image:width\" content=\"600\" \/>\n\t<meta property=\"og:image:height\" content=\"600\" \/>\n\t<meta property=\"og:image:type\" content=\"image\/webp\" \/>\n<meta name=\"twitter:card\" content=\"summary_large_image\" \/>\n<meta name=\"twitter:label1\" content=\"Est. reading time\" \/>\n\t<meta name=\"twitter:data1\" content=\"2 minutes\" \/>\n<script type=\"application\/ld+json\" class=\"yoast-schema-graph\">{\"@context\":\"https:\/\/schema.org\",\"@graph\":[{\"@type\":\"WebPage\",\"@id\":\"https:\/\/www.miomiorun.com\/fr\/produit\/prodigio-femme\/\",\"url\":\"https:\/\/www.miomiorun.com\/fr\/produit\/prodigio-femme\/\",\"name\":\"La Sportiva Prodigio femme - Chaussures de trail- MioMioRun .com\",\"isPartOf\":{\"@id\":\"https:\/\/www.miomiorun.com\/fr\/#website\"},\"primaryImageOfPage\":{\"@id\":\"https:\/\/www.miomiorun.com\/fr\/produit\/prodigio-femme\/#primaryimage\"},\"image\":{\"@id\":\"https:\/\/www.miomiorun.com\/fr\/produit\/prodigio-femme\/#primaryimage\"},\"thumbnailUrl\":\"https:\/\/www.miomiorun.com\/app\/uploads\/2024\/04\/La-Sportiva-Prodigio-W-hibiscus-malibu-blue-56R402602.webp\",\"datePublished\":\"2024-04-12T16:46:08+00:00\",\"dateModified\":\"2025-06-12T17:06:11+00:00\",\"description\":\"Prodigio, la nouvelle chaussure pour femmes d\u00e9di\u00e9e au monde du trail, un produit r\u00e9volutionnaire d\u00e9di\u00e9 au monde de l'Ultra Trail par La Sportiva.\",\"breadcrumb\":{\"@id\":\"https:\/\/www.miomiorun.com\/fr\/produit\/prodigio-femme\/#breadcrumb\"},\"inLanguage\":\"fr-FR\",\"potentialAction\":[{\"@type\":\"ReadAction\",\"target\":[\"https:\/\/www.miomiorun.com\/fr\/produit\/prodigio-femme\/\"]}]},{\"@type\":\"ImageObject\",\"inLanguage\":\"fr-FR\",\"@id\":\"https:\/\/www.miomiorun.com\/fr\/produit\/prodigio-femme\/#primaryimage\",\"url\":\"https:\/\/www.miomiorun.com\/app\/uploads\/2024\/04\/La-Sportiva-Prodigio-W-hibiscus-malibu-blue-56R402602.webp\",\"contentUrl\":\"https:\/\/www.miomiorun.com\/app\/uploads\/2024\/04\/La-Sportiva-Prodigio-W-hibiscus-malibu-blue-56R402602.webp\",\"width\":600,\"height\":600,\"caption\":\"La Sportiva Prodigio W hibiscus malibu blue 56R402602\"},{\"@type\":\"BreadcrumbList\",\"@id\":\"https:\/\/www.miomiorun.com\/fr\/produit\/prodigio-femme\/#breadcrumb\",\"itemListElement\":[{\"@type\":\"ListItem\",\"position\":1,\"name\":\"Home\",\"item\":\"https:\/\/www.miomiorun.com\/fr\/home-page\/\"},{\"@type\":\"ListItem\",\"position\":2,\"name\":\"Shop\",\"item\":\"https:\/\/www.miomiorun.com\/shop\/\"},{\"@type\":\"ListItem\",\"position\":3,\"name\":\"Prodigio femme\"}]},{\"@type\":\"WebSite\",\"@id\":\"https:\/\/www.miomiorun.com\/fr\/#website\",\"url\":\"https:\/\/www.miomiorun.com\/fr\/\",\"name\":\"MioMioRun\",\"description\":\"Boutique 100% running et trail\",\"publisher\":{\"@id\":\"https:\/\/www.miomiorun.com\/fr\/#organization\"},\"potentialAction\":[{\"@type\":\"SearchAction\",\"target\":{\"@type\":\"EntryPoint\",\"urlTemplate\":\"https:\/\/www.miomiorun.com\/fr\/?s={search_term_string}\"},\"query-input\":{\"@type\":\"PropertyValueSpecification\",\"valueRequired\":true,\"valueName\":\"search_term_string\"}}],\"inLanguage\":\"fr-FR\"},{\"@type\":\"Organization\",\"@id\":\"https:\/\/www.miomiorun.com\/fr\/#organization\",\"name\":\"MioMio Run\",\"url\":\"https:\/\/www.miomiorun.com\/fr\/\",\"logo\":{\"@type\":\"ImageObject\",\"inLanguage\":\"fr-FR\",\"@id\":\"https:\/\/www.miomiorun.com\/fr\/#\/schema\/logo\/image\/\",\"url\":\"https:\/\/www.miomiorun.com\/app\/uploads\/2019\/12\/logomio.png\",\"contentUrl\":\"https:\/\/www.miomiorun.com\/app\/uploads\/2019\/12\/logomio.png\",\"width\":115,\"height\":82,\"caption\":\"MioMio Run\"},\"image\":{\"@id\":\"https:\/\/www.miomiorun.com\/fr\/#\/schema\/logo\/image\/\"},\"sameAs\":[\"https:\/\/www.facebook.com\/miomiorun\/\",\"https:\/\/www.instagram.com\/miomiorun\/\"]}]}<\/script>\n<!-- \/ Yoast SEO plugin. -->","yoast_head_json":{"title":"La Sportiva Prodigio femme - Chaussures de trail- MioMioRun .com","description":"Prodigio, la nouvelle chaussure pour femmes d\u00e9di\u00e9e au monde du trail, un produit r\u00e9volutionnaire d\u00e9di\u00e9 au monde de l'Ultra Trail par La Sportiva.","robots":{"index":"index","follow":"follow","max-snippet":"max-snippet:-1","max-image-preview":"max-image-preview:large","max-video-preview":"max-video-preview:-1"},"canonical":"https:\/\/www.miomiorun.com\/fr\/produit\/prodigio-femme\/","og_locale":"fr_FR","og_type":"article","og_title":"La Sportiva Prodigio femme - Chaussures de trail- MioMioRun .com","og_description":"Prodigio, la nouvelle chaussure pour femmes d\u00e9di\u00e9e au monde du trail, un produit r\u00e9volutionnaire d\u00e9di\u00e9 au monde de l'Ultra Trail par La Sportiva.","og_url":"https:\/\/www.miomiorun.com\/fr\/produit\/prodigio-femme\/","og_site_name":"MioMioRun","article_publisher":"https:\/\/www.facebook.com\/miomiorun\/","article_modified_time":"2025-06-12T17:06:11+00:00","og_image":[{"width":600,"height":600,"url":"https:\/\/www.miomiorun.com\/app\/uploads\/2024\/04\/La-Sportiva-Prodigio-W-hibiscus-malibu-blue-56R402602.webp","type":"image\/webp"}],"twitter_card":"summary_large_image","twitter_misc":{"Est. reading time":"2 minutes"},"schema":{"@context":"https:\/\/schema.org","@graph":[{"@type":"WebPage","@id":"https:\/\/www.miomiorun.com\/fr\/produit\/prodigio-femme\/","url":"https:\/\/www.miomiorun.com\/fr\/produit\/prodigio-femme\/","name":"La Sportiva Prodigio femme - Chaussures de trail- MioMioRun .com","isPartOf":{"@id":"https:\/\/www.miomiorun.com\/fr\/#website"},"primaryImageOfPage":{"@id":"https:\/\/www.miomiorun.com\/fr\/produit\/prodigio-femme\/#primaryimage"},"image":{"@id":"https:\/\/www.miomiorun.com\/fr\/produit\/prodigio-femme\/#primaryimage"},"thumbnailUrl":"https:\/\/www.miomiorun.com\/app\/uploads\/2024\/04\/La-Sportiva-Prodigio-W-hibiscus-malibu-blue-56R402602.webp","datePublished":"2024-04-12T16:46:08+00:00","dateModified":"2025-06-12T17:06:11+00:00","description":"Prodigio, la nouvelle chaussure pour femmes d\u00e9di\u00e9e au monde du trail, un produit r\u00e9volutionnaire d\u00e9di\u00e9 au monde de l'Ultra Trail par La Sportiva.","breadcrumb":{"@id":"https:\/\/www.miomiorun.com\/fr\/produit\/prodigio-femme\/#breadcrumb"},"inLanguage":"fr-FR","potentialAction":[{"@type":"ReadAction","target":["https:\/\/www.miomiorun.com\/fr\/produit\/prodigio-femme\/"]}]},{"@type":"ImageObject","inLanguage":"fr-FR","@id":"https:\/\/www.miomiorun.com\/fr\/produit\/prodigio-femme\/#primaryimage","url":"https:\/\/www.miomiorun.com\/app\/uploads\/2024\/04\/La-Sportiva-Prodigio-W-hibiscus-malibu-blue-56R402602.webp","contentUrl":"https:\/\/www.miomiorun.com\/app\/uploads\/2024\/04\/La-Sportiva-Prodigio-W-hibiscus-malibu-blue-56R402602.webp","width":600,"height":600,"caption":"La Sportiva Prodigio W hibiscus malibu blue 56R402602"},{"@type":"BreadcrumbList","@id":"https:\/\/www.miomiorun.com\/fr\/produit\/prodigio-femme\/#breadcrumb","itemListElement":[{"@type":"ListItem","position":1,"name":"Home","item":"https:\/\/www.miomiorun.com\/fr\/home-page\/"},{"@type":"ListItem","position":2,"name":"Shop","item":"https:\/\/www.miomiorun.com\/shop\/"},{"@type":"ListItem","position":3,"name":"Prodigio femme"}]},{"@type":"WebSite","@id":"https:\/\/www.miomiorun.com\/fr\/#website","url":"https:\/\/www.miomiorun.com\/fr\/","name":"MioMioRun","description":"Boutique 100% running et trail","publisher":{"@id":"https:\/\/www.miomiorun.com\/fr\/#organization"},"potentialAction":[{"@type":"SearchAction","target":{"@type":"EntryPoint","urlTemplate":"https:\/\/www.miomiorun.com\/fr\/?s={search_term_string}"},"query-input":{"@type":"PropertyValueSpecification","valueRequired":true,"valueName":"search_term_string"}}],"inLanguage":"fr-FR"},{"@type":"Organization","@id":"https:\/\/www.miomiorun.com\/fr\/#organization","name":"MioMio Run","url":"https:\/\/www.miomiorun.com\/fr\/","logo":{"@type":"ImageObject","inLanguage":"fr-FR","@id":"https:\/\/www.miomiorun.com\/fr\/#\/schema\/logo\/image\/","url":"https:\/\/www.miomiorun.com\/app\/uploads\/2019\/12\/logomio.png","contentUrl":"https:\/\/www.miomiorun.com\/app\/uploads\/2019\/12\/logomio.png","width":115,"height":82,"caption":"MioMio Run"},"image":{"@id":"https:\/\/www.miomiorun.com\/fr\/#\/schema\/logo\/image\/"},"sameAs":["https:\/\/www.facebook.com\/miomiorun\/","https:\/\/www.instagram.com\/miomiorun\/"]}]}},"_links":{"self":[{"href":"https:\/\/www.miomiorun.com\/fr\/wp-json\/wp\/v2\/product\/290345","targetHints":{"allow":["GET"]}}],"collection":[{"href":"https:\/\/www.miomiorun.com\/fr\/wp-json\/wp\/v2\/product"}],"about":[{"href":"https:\/\/www.miomiorun.com\/fr\/wp-json\/wp\/v2\/types\/product"}],"wp:featuredmedia":[{"embeddable":true,"href":"https:\/\/www.miomiorun.com\/fr\/wp-json\/wp\/v2\/media\/246564"}],"wp:attachment":[{"href":"https:\/\/www.miomiorun.com\/fr\/wp-json\/wp\/v2\/media?parent=290345"}],"wp:term":[{"taxonomy":"product_brand","embeddable":true,"href":"https:\/\/www.miomiorun.com\/fr\/wp-json\/wp\/v2\/product_brand?post=290345"},{"taxonomy":"product_cat","embeddable":true,"href":"https:\/\/www.miomiorun.com\/fr\/wp-json\/wp\/v2\/product_cat?post=290345"},{"taxonomy":"product_tag","embeddable":true,"href":"https:\/\/www.miomiorun.com\/fr\/wp-json\/wp\/v2\/product_tag?post=290345"}],"curies":[{"name":"wp","href":"https:\/\/api.w.org\/{rel}","templated":true}]}}