{"id":290288,"date":"2024-04-16T14:28:47","date_gmt":"2024-04-16T12:28:47","guid":{"rendered":"https:\/\/miomiorun.com\/prodotto\/endorphin-rift-donna\/"},"modified":"2026-05-08T21:59:54","modified_gmt":"2026-05-08T19:59:54","slug":"endorphin-rift-femme","status":"publish","type":"product","link":"https:\/\/www.miomiorun.com\/fr\/produit\/endorphin-rift-femme\/","title":{"rendered":"Endorphin Rift femme"},"content":{"rendered":"<div class=\"vc-row container\"><div class=\"vc-column\"><div class=\"vc-column-text\"><\/p>\n<h4>Caract\u00e9ristiques techniques<\/h4>\n<p>Cat\u00e9gorie : Super Cushioning.<br \/>\nD\u00e9calage : 6mm (29mm\/23mm)<br \/>\nPoids : 226 g<br \/>\nId\u00e9al pour : les coureurs recherchant \u00e0 la fois performance et confort de course, pour d&#8217;excellents r\u00e9sultats en course et pour l&#8217;entra\u00eenement longue distance sur terrain tout-terrain.<br \/>\nPoids de l&#8217;athl\u00e8te : 50-65 kg<br \/>\nAllure de course : rapide (&gt;4.00 min\/km)<br \/>\n<a href=\"https:\/\/miomiorun.com\/fr\/guide-des-specificites\/\">Guide de sp\u00e9cification<\/a><\/p>\n<p><\/div><\/div><div class=\"vc-column\"><div class=\"vc-column-text\"><\/p>\n<div class=\"description\">\n<h2>La vitesse dont vous avez besoin pour les sentiers.<\/h2>\n<p>Vitesse totale avec l&#8217;<strong>Endorphin Rift<\/strong> pour femme qui, gr\u00e2ce \u00e0 l&#8217;abondant amorti <strong>PWRRUN PB<\/strong> et \u00e0 la technologie <strong>SPEEDROLL<\/strong>, est capable de supporter de nombreux kilom\u00e8tres de haute performance.<\/p>\n<p>Rapide, l\u00e9ger et naturel, ce mod\u00e8le vous permet d&#8217;affronter tout type de terrain sans compromis.<\/p>\n<p><strong>Caract\u00e9ristiques :<\/strong><\/p>\n<ul>\n<li>La technologie SPEEDROLL permet une transition en douceur du pied, quelle que soit votre vitesse ou votre foul\u00e9e sur les sentiers.<\/li>\n<li>L&#8217;amorti PWRRUN PB laisse le pied libre de toute superstructure, avec un maximum de l\u00e9g\u00e8ret\u00e9 et de retour d&#8217;\u00e9nergie.<\/li>\n<li>Semelle ext\u00e9rieure PWRTRAC compound avec des rainures agressives pour l&#8217;adh\u00e9rence et la traction, id\u00e9ale sur toutes les surfaces de marche.<\/li>\n<\/ul>\n<h2><strong>Technologies<\/strong><\/h2>\n<div class=\"modal\" tabindex=\"0\" role=\"Button\">\n<div class=\"modal-dialog\">\n<div class=\"modal-content clearfix\">\n<div class=\"modal-content__header\">\n<div class=\"modal-content__header-text\"><strong>PWRRUN PB<\/strong><\/div>\n<\/div>\n<div class=\"modal-content__body\">\n<div class=\"BackgroundImage flag-image\"><\/div>\n<p>PWRRUN PB est le principal mat\u00e9riau d&#8217;amortissement de Saucony. PWRRUN PB est une mousse compos\u00e9e d&#8217;un m\u00e9lange brevet\u00e9 de polym\u00e8res PeBa\u00ae, qui p\u00e8se autant que l&#8217;EVA et est exceptionnellement rebondissante (88% de retour d&#8217;\u00e9nergie). Il est \u00e9galement tr\u00e8s constant sur une large plage de temp\u00e9rature et beaucoup plus durable que l&#8217;EVA.<\/p>\n<\/div>\n<\/div>\n<\/div>\n<\/div>\n<\/div>\n<div><\/div>\n<div>\n<div class=\"modal\" tabindex=\"0\" role=\"Button\">\n<div class=\"modal-dialog\">\n<div class=\"modal-content clearfix\">\n<div class=\"modal-content__header\">\n<div><\/div>\n<div class=\"modal-content__header-text\"><strong>PWRTRAC<\/strong><\/div>\n<\/div>\n<div class=\"modal-content__body\">\n<div class=\"BackgroundImage flag-image\"><\/div>\n<p>Caoutchouc solide et collant offrant une traction et une r\u00e9sistance \u00e0 l&#8217;abrasion exceptionnelles. Le compos\u00e9 a un coefficient de friction (COF) trois fois plus \u00e9lev\u00e9 que le caoutchouc carbone normal.<\/p>\n<\/div>\n<\/div>\n<\/div>\n<\/div>\n<\/div>\n<div><\/div>\n<div><\/div>\n<div><strong>SPEEDROLL<\/strong><\/div>\n<div>Un m\u00e9lange d&#8217;amorti maximal et de g\u00e9om\u00e9trie de vitesse qui vous donne un \u00e9lan ininterrompu, afin que vous puissiez courir plus vite, et non plus fort.<\/div>\n<p><\/div><\/div><\/div>\n","protected":false},"excerpt":{"rendered":"<ul>\n<li>Chaussure de trail id\u00e9ale pour les longues distances en tout-terrain.<\/li>\n<li>Excellent amorti et l\u00e9g\u00e8ret\u00e9 exceptionnelle.<\/li>\n<\/ul>\n","protected":false},"featured_media":246904,"template":"","meta":{"_acf_changed":false,"inline_featured_image":false},"product_brand":[],"product_cat":[22605,22608],"product_tag":[23579,33803],"class_list":{"0":"post-290288","1":"product","2":"type-product","3":"status-publish","4":"has-post-thumbnail","6":"product_cat-chaussures-pour-femmes","7":"product_cat-trail-fr","8":"product_tag-saucony-fr","9":"product_tag-saucony-donna-fr","10":"pa_attivita-outdoor-fr","11":"pa_attivita-trail-fr","12":"pa_colore-endorphin-rift-w-fog-flax-fr","13":"pa_marca-saucony-fr","14":"pa_sesso-femme","15":"pa_size-39-fr","17":"first","18":"instock","19":"sale","20":"taxable","21":"shipping-taxable","22":"purchasable","23":"product-type-variable","24":"wvs-archive-product-wrapper"},"acf":[],"yoast_head":"<!-- This site is optimized with the Yoast SEO plugin v26.8 - https:\/\/yoast.com\/product\/yoast-seo-wordpress\/ -->\n<title>Saucony Endorphin Rift femme - chaussures de trail - MioMioRun<\/title>\n<meta name=\"description\" content=\"La vitesse totale avec l&#039;Endorphin Rift pour femmes, qui pr\u00e9sente l&#039;amorti PWRRUN PB et la technologie SPEEDROLL.\" \/>\n<meta name=\"robots\" content=\"index, follow, max-snippet:-1, max-image-preview:large, max-video-preview:-1\" \/>\n<link rel=\"canonical\" href=\"https:\/\/www.miomiorun.com\/fr\/produit\/endorphin-rift-femme\/\" \/>\n<meta property=\"og:locale\" content=\"fr_FR\" \/>\n<meta property=\"og:type\" content=\"article\" \/>\n<meta property=\"og:title\" content=\"Saucony Endorphin Rift femme - chaussures de trail - MioMioRun\" \/>\n<meta property=\"og:description\" content=\"La vitesse totale avec l&#039;Endorphin Rift pour femmes, qui pr\u00e9sente l&#039;amorti PWRRUN PB et la technologie SPEEDROLL.\" \/>\n<meta property=\"og:url\" content=\"https:\/\/www.miomiorun.com\/fr\/produit\/endorphin-rift-femme\/\" \/>\n<meta property=\"og:site_name\" content=\"MioMioRun\" \/>\n<meta property=\"article:publisher\" content=\"https:\/\/www.facebook.com\/miomiorun\/\" \/>\n<meta property=\"article:modified_time\" content=\"2026-05-08T19:59:54+00:00\" \/>\n<meta property=\"og:image\" content=\"https:\/\/www.miomiorun.com\/app\/uploads\/2024\/05\/saucony-Endorphin-rift-W-fog-flax-S10856-120.webp\" \/>\n\t<meta property=\"og:image:width\" content=\"600\" \/>\n\t<meta property=\"og:image:height\" content=\"600\" \/>\n\t<meta property=\"og:image:type\" content=\"image\/webp\" \/>\n<meta name=\"twitter:card\" content=\"summary_large_image\" \/>\n<meta name=\"twitter:label1\" content=\"Est. reading time\" \/>\n\t<meta name=\"twitter:data1\" content=\"2 minutes\" \/>\n<script type=\"application\/ld+json\" class=\"yoast-schema-graph\">{\"@context\":\"https:\/\/schema.org\",\"@graph\":[{\"@type\":\"WebPage\",\"@id\":\"https:\/\/www.miomiorun.com\/fr\/produit\/endorphin-rift-femme\/\",\"url\":\"https:\/\/www.miomiorun.com\/fr\/produit\/endorphin-rift-femme\/\",\"name\":\"Saucony Endorphin Rift femme - chaussures de trail - MioMioRun\",\"isPartOf\":{\"@id\":\"https:\/\/www.miomiorun.com\/fr\/#website\"},\"primaryImageOfPage\":{\"@id\":\"https:\/\/www.miomiorun.com\/fr\/produit\/endorphin-rift-femme\/#primaryimage\"},\"image\":{\"@id\":\"https:\/\/www.miomiorun.com\/fr\/produit\/endorphin-rift-femme\/#primaryimage\"},\"thumbnailUrl\":\"https:\/\/www.miomiorun.com\/app\/uploads\/2024\/05\/saucony-Endorphin-rift-W-fog-flax-S10856-120.webp\",\"datePublished\":\"2024-04-16T12:28:47+00:00\",\"dateModified\":\"2026-05-08T19:59:54+00:00\",\"description\":\"La vitesse totale avec l'Endorphin Rift pour femmes, qui pr\u00e9sente l'amorti PWRRUN PB et la technologie SPEEDROLL.\",\"breadcrumb\":{\"@id\":\"https:\/\/www.miomiorun.com\/fr\/produit\/endorphin-rift-femme\/#breadcrumb\"},\"inLanguage\":\"fr-FR\",\"potentialAction\":[{\"@type\":\"ReadAction\",\"target\":[\"https:\/\/www.miomiorun.com\/fr\/produit\/endorphin-rift-femme\/\"]}]},{\"@type\":\"ImageObject\",\"inLanguage\":\"fr-FR\",\"@id\":\"https:\/\/www.miomiorun.com\/fr\/produit\/endorphin-rift-femme\/#primaryimage\",\"url\":\"https:\/\/www.miomiorun.com\/app\/uploads\/2024\/05\/saucony-Endorphin-rift-W-fog-flax-S10856-120.webp\",\"contentUrl\":\"https:\/\/www.miomiorun.com\/app\/uploads\/2024\/05\/saucony-Endorphin-rift-W-fog-flax-S10856-120.webp\",\"width\":600,\"height\":600,\"caption\":\"saucony Endorphin rift W fog flax S10856-120\"},{\"@type\":\"BreadcrumbList\",\"@id\":\"https:\/\/www.miomiorun.com\/fr\/produit\/endorphin-rift-femme\/#breadcrumb\",\"itemListElement\":[{\"@type\":\"ListItem\",\"position\":1,\"name\":\"Home\",\"item\":\"https:\/\/www.miomiorun.com\/fr\/home-page\/\"},{\"@type\":\"ListItem\",\"position\":2,\"name\":\"Shop\",\"item\":\"https:\/\/www.miomiorun.com\/shop\/\"},{\"@type\":\"ListItem\",\"position\":3,\"name\":\"Endorphin Rift femme\"}]},{\"@type\":\"WebSite\",\"@id\":\"https:\/\/www.miomiorun.com\/fr\/#website\",\"url\":\"https:\/\/www.miomiorun.com\/fr\/\",\"name\":\"MioMioRun\",\"description\":\"Boutique 100% running et trail\",\"publisher\":{\"@id\":\"https:\/\/www.miomiorun.com\/fr\/#organization\"},\"potentialAction\":[{\"@type\":\"SearchAction\",\"target\":{\"@type\":\"EntryPoint\",\"urlTemplate\":\"https:\/\/www.miomiorun.com\/fr\/?s={search_term_string}\"},\"query-input\":{\"@type\":\"PropertyValueSpecification\",\"valueRequired\":true,\"valueName\":\"search_term_string\"}}],\"inLanguage\":\"fr-FR\"},{\"@type\":\"Organization\",\"@id\":\"https:\/\/www.miomiorun.com\/fr\/#organization\",\"name\":\"MioMio Run\",\"url\":\"https:\/\/www.miomiorun.com\/fr\/\",\"logo\":{\"@type\":\"ImageObject\",\"inLanguage\":\"fr-FR\",\"@id\":\"https:\/\/www.miomiorun.com\/fr\/#\/schema\/logo\/image\/\",\"url\":\"https:\/\/www.miomiorun.com\/app\/uploads\/2019\/12\/logomio.png\",\"contentUrl\":\"https:\/\/www.miomiorun.com\/app\/uploads\/2019\/12\/logomio.png\",\"width\":115,\"height\":82,\"caption\":\"MioMio Run\"},\"image\":{\"@id\":\"https:\/\/www.miomiorun.com\/fr\/#\/schema\/logo\/image\/\"},\"sameAs\":[\"https:\/\/www.facebook.com\/miomiorun\/\",\"https:\/\/www.instagram.com\/miomiorun\/\"]}]}<\/script>\n<!-- \/ Yoast SEO plugin. -->","yoast_head_json":{"title":"Saucony Endorphin Rift femme - chaussures de trail - MioMioRun","description":"La vitesse totale avec l'Endorphin Rift pour femmes, qui pr\u00e9sente l'amorti PWRRUN PB et la technologie SPEEDROLL.","robots":{"index":"index","follow":"follow","max-snippet":"max-snippet:-1","max-image-preview":"max-image-preview:large","max-video-preview":"max-video-preview:-1"},"canonical":"https:\/\/www.miomiorun.com\/fr\/produit\/endorphin-rift-femme\/","og_locale":"fr_FR","og_type":"article","og_title":"Saucony Endorphin Rift femme - chaussures de trail - MioMioRun","og_description":"La vitesse totale avec l'Endorphin Rift pour femmes, qui pr\u00e9sente l'amorti PWRRUN PB et la technologie SPEEDROLL.","og_url":"https:\/\/www.miomiorun.com\/fr\/produit\/endorphin-rift-femme\/","og_site_name":"MioMioRun","article_publisher":"https:\/\/www.facebook.com\/miomiorun\/","article_modified_time":"2026-05-08T19:59:54+00:00","og_image":[{"width":600,"height":600,"url":"https:\/\/www.miomiorun.com\/app\/uploads\/2024\/05\/saucony-Endorphin-rift-W-fog-flax-S10856-120.webp","type":"image\/webp"}],"twitter_card":"summary_large_image","twitter_misc":{"Est. reading time":"2 minutes"},"schema":{"@context":"https:\/\/schema.org","@graph":[{"@type":"WebPage","@id":"https:\/\/www.miomiorun.com\/fr\/produit\/endorphin-rift-femme\/","url":"https:\/\/www.miomiorun.com\/fr\/produit\/endorphin-rift-femme\/","name":"Saucony Endorphin Rift femme - chaussures de trail - MioMioRun","isPartOf":{"@id":"https:\/\/www.miomiorun.com\/fr\/#website"},"primaryImageOfPage":{"@id":"https:\/\/www.miomiorun.com\/fr\/produit\/endorphin-rift-femme\/#primaryimage"},"image":{"@id":"https:\/\/www.miomiorun.com\/fr\/produit\/endorphin-rift-femme\/#primaryimage"},"thumbnailUrl":"https:\/\/www.miomiorun.com\/app\/uploads\/2024\/05\/saucony-Endorphin-rift-W-fog-flax-S10856-120.webp","datePublished":"2024-04-16T12:28:47+00:00","dateModified":"2026-05-08T19:59:54+00:00","description":"La vitesse totale avec l'Endorphin Rift pour femmes, qui pr\u00e9sente l'amorti PWRRUN PB et la technologie SPEEDROLL.","breadcrumb":{"@id":"https:\/\/www.miomiorun.com\/fr\/produit\/endorphin-rift-femme\/#breadcrumb"},"inLanguage":"fr-FR","potentialAction":[{"@type":"ReadAction","target":["https:\/\/www.miomiorun.com\/fr\/produit\/endorphin-rift-femme\/"]}]},{"@type":"ImageObject","inLanguage":"fr-FR","@id":"https:\/\/www.miomiorun.com\/fr\/produit\/endorphin-rift-femme\/#primaryimage","url":"https:\/\/www.miomiorun.com\/app\/uploads\/2024\/05\/saucony-Endorphin-rift-W-fog-flax-S10856-120.webp","contentUrl":"https:\/\/www.miomiorun.com\/app\/uploads\/2024\/05\/saucony-Endorphin-rift-W-fog-flax-S10856-120.webp","width":600,"height":600,"caption":"saucony Endorphin rift W fog flax S10856-120"},{"@type":"BreadcrumbList","@id":"https:\/\/www.miomiorun.com\/fr\/produit\/endorphin-rift-femme\/#breadcrumb","itemListElement":[{"@type":"ListItem","position":1,"name":"Home","item":"https:\/\/www.miomiorun.com\/fr\/home-page\/"},{"@type":"ListItem","position":2,"name":"Shop","item":"https:\/\/www.miomiorun.com\/shop\/"},{"@type":"ListItem","position":3,"name":"Endorphin Rift femme"}]},{"@type":"WebSite","@id":"https:\/\/www.miomiorun.com\/fr\/#website","url":"https:\/\/www.miomiorun.com\/fr\/","name":"MioMioRun","description":"Boutique 100% running et trail","publisher":{"@id":"https:\/\/www.miomiorun.com\/fr\/#organization"},"potentialAction":[{"@type":"SearchAction","target":{"@type":"EntryPoint","urlTemplate":"https:\/\/www.miomiorun.com\/fr\/?s={search_term_string}"},"query-input":{"@type":"PropertyValueSpecification","valueRequired":true,"valueName":"search_term_string"}}],"inLanguage":"fr-FR"},{"@type":"Organization","@id":"https:\/\/www.miomiorun.com\/fr\/#organization","name":"MioMio Run","url":"https:\/\/www.miomiorun.com\/fr\/","logo":{"@type":"ImageObject","inLanguage":"fr-FR","@id":"https:\/\/www.miomiorun.com\/fr\/#\/schema\/logo\/image\/","url":"https:\/\/www.miomiorun.com\/app\/uploads\/2019\/12\/logomio.png","contentUrl":"https:\/\/www.miomiorun.com\/app\/uploads\/2019\/12\/logomio.png","width":115,"height":82,"caption":"MioMio Run"},"image":{"@id":"https:\/\/www.miomiorun.com\/fr\/#\/schema\/logo\/image\/"},"sameAs":["https:\/\/www.facebook.com\/miomiorun\/","https:\/\/www.instagram.com\/miomiorun\/"]}]}},"_links":{"self":[{"href":"https:\/\/www.miomiorun.com\/fr\/wp-json\/wp\/v2\/product\/290288","targetHints":{"allow":["GET"]}}],"collection":[{"href":"https:\/\/www.miomiorun.com\/fr\/wp-json\/wp\/v2\/product"}],"about":[{"href":"https:\/\/www.miomiorun.com\/fr\/wp-json\/wp\/v2\/types\/product"}],"wp:featuredmedia":[{"embeddable":true,"href":"https:\/\/www.miomiorun.com\/fr\/wp-json\/wp\/v2\/media\/246904"}],"wp:attachment":[{"href":"https:\/\/www.miomiorun.com\/fr\/wp-json\/wp\/v2\/media?parent=290288"}],"wp:term":[{"taxonomy":"product_brand","embeddable":true,"href":"https:\/\/www.miomiorun.com\/fr\/wp-json\/wp\/v2\/product_brand?post=290288"},{"taxonomy":"product_cat","embeddable":true,"href":"https:\/\/www.miomiorun.com\/fr\/wp-json\/wp\/v2\/product_cat?post=290288"},{"taxonomy":"product_tag","embeddable":true,"href":"https:\/\/www.miomiorun.com\/fr\/wp-json\/wp\/v2\/product_tag?post=290288"}],"curies":[{"name":"wp","href":"https:\/\/api.w.org\/{rel}","templated":true}]}}