{"id":290287,"date":"2024-04-16T14:34:35","date_gmt":"2024-04-16T12:34:35","guid":{"rendered":"https:\/\/miomiorun.com\/prodotto\/xodus-ultra-3-donna\/"},"modified":"2026-02-03T21:44:10","modified_gmt":"2026-02-03T20:44:10","slug":"xodus-ultra-3-femme","status":"publish","type":"product","link":"https:\/\/www.miomiorun.com\/fr\/produit\/xodus-ultra-3-femme\/","title":{"rendered":"Xodus Ultra 3 femme"},"content":{"rendered":"<div class=\"vc-row container\"><div class=\"vc-column\"><div class=\"vc-column-text\"><\/p>\n<p><strong>Caract\u00e9ristiques techniques<\/strong><\/p>\n<p>Cat\u00e9gorie : amorti sup\u00e9rieur<br \/>\nD\u00e9calage : 6 mm (36 mm\/30 mm)<br \/>\nPoids : 249 g<br \/>\nId\u00e9al pour : les coureurs et les marcheurs sur des terrains montagneux, m\u00eame difficiles, \u00e0 la recherche d&#8217;un mod\u00e8le protecteur et bien amorti, m\u00eame pour les longues distances.<br \/>\nPoids de l&#8217;athl\u00e8te : 60-80 kg<br \/>\nAllure de course : moyenne \u00e0 lente (&gt;5,00 min\/km)<br \/>\n<a href=\"https:\/\/miomiorun.com\/fr\/guide-des-specificites\/\">Guide des sp\u00e9cifications techniques<\/a><\/p>\n<p><\/div><\/div><div class=\"vc-column\"><div class=\"vc-column-text\"><\/p>\n<h3 style=\"text-align: center\">Suffisamment polyvalente pour faire face \u00e0 toutes les situations, des randonn\u00e9es quotidiennes aux courses d&#8217;ultra-marathon, la Saucony Xodus Ultra 3 pour femmes a \u00e9t\u00e9 con\u00e7ue pour s&#8217;adapter \u00e0 tous les entra\u00eenements de trail running.<\/p>\n<p style=\"text-align: left\">Au c\u0153ur de cette polyvalence se trouve la semelle interm\u00e9diaire en mousse l\u00e9g\u00e8re <strong>PWRRUN PB<\/strong>, qui offre une foul\u00e9e dynamique tout en assurant une protection bien amortie sur les terrains accident\u00e9s ou les longues distances.<\/p>\n<p style=\"text-align: left\">La semelle interm\u00e9diaire est compl\u00e9t\u00e9e par une semelle ext\u00e9rieure en caoutchouc <strong>PWRTRAC<\/strong> en 3 parties qui offre traction et adh\u00e9rence m\u00eame sur les sentiers les plus techniques.<br \/>\nDot\u00e9e d&#8217;une tige en mesh technique pour un ajustement respirant et confortable, la <strong>Xodus Ultra 3<\/strong> est une chaussure polyvalente et bien amortie, id\u00e9ale pour toutes les aventures en plein air.<br \/>\n<strong>Caract\u00e9ristiques :<\/strong><\/p>\n<ul>\n<li>PWRRUN PB \u00e0 haute efficacit\u00e9 \u00e9nerg\u00e9tique.<\/li>\n<li>Le ch\u00e2ssis de soutien PWRRUN ajoute de la durabilit\u00e9 et de la protection pour les longues distances.<\/li>\n<li>Le mesh ferm\u00e9 et respirant garde vos pieds au frais et \u00e0 l&#8217;abri des d\u00e9bris.<\/li>\n<li>Les crampons agiles de 4,5 mm et la semelle PWRTRAC am\u00e9lior\u00e9e offrent l&#8217;adh\u00e9rence et la traction dont vous avez besoin. <\/li>\n<\/ul>\n<h2 style=\"text-align: center\">Nouveaut\u00e9s<\/h2>\n<ul>\n<li>La plateforme plus large et la conception des parois lat\u00e9rales vous maintiennent fermement en place. <\/li>\n<li>Un amorti accru con\u00e7u pour aller loin.<\/li>\n<li>Semelle PWTRAC am\u00e9lior\u00e9e pour une meilleure traction.<\/li>\n<\/ul>\n<h2 style=\"text-align: center\">Technologies<\/h2>\n<p><strong>PWRRUN PB<\/strong><\/p>\n<p>PWRRUN PB est le principal mat\u00e9riau d&#8217;amorti de Saucony. Mousse \u00e0 billes fabriqu\u00e9e \u00e0 partir d&#8217;un m\u00e9lange brevet\u00e9 de polym\u00e8res PeBa\u00ae, le PWRRUN PB a le poids de l&#8217;EVA et est exceptionnellement rebondissant (88 % de retour d&#8217;\u00e9nergie). De plus, il est tr\u00e8s stable dans une large gamme de temp\u00e9ratures et beaucoup plus r\u00e9sistant que l&#8217;EVA.<\/p>\n<p>&nbsp;<\/p>\n<p><strong>PWRTRAC<\/strong><\/p>\n<p>Caoutchouc r\u00e9sistant et adh\u00e9rent offrant une traction et une r\u00e9sistance \u00e0 l&#8217;abrasion exceptionnelles. Le compos\u00e9 a un coefficient de frottement (COF) trois fois sup\u00e9rieur \u00e0 celui du caoutchouc carbone normal.<\/p>\n<p>&nbsp;<\/p>\n<p><strong>PWRRUN FRAME<\/strong><\/p>\n<p>Fonctionne en tandem avec un noyau \u00e0 amortissement \u00e9lev\u00e9 pour soutenir et am\u00e9liorer la foul\u00e9e.<\/div><\/div><\/div>\n<\/h3>\n","protected":false},"excerpt":{"rendered":"<ul>\n<li>&nbsp;Chaussure de trail running id\u00e9ale pour les comp\u00e9titions, les entra\u00eenements quotidiens et la randonn\u00e9e.<\/li>\n<li>&nbsp;Super amortissante et confortable.<\/li>\n<\/ul>\n","protected":false},"featured_media":246940,"template":"","meta":{"_acf_changed":false,"inline_featured_image":false},"product_brand":[],"product_cat":[24435,24432],"product_tag":[23579,33803],"class_list":{"0":"post-290287","1":"product","2":"type-product","3":"status-publish","4":"has-post-thumbnail","6":"product_cat-chaussures-pour-femmes-fr","7":"product_cat-trail-fr-2","8":"product_tag-saucony-fr","9":"product_tag-saucony-donna-fr","10":"pa_attivita-outdoor-fr","11":"pa_attivita-trail-fr","12":"pa_colore-xodus-ultra-3-w-citron-sage-fr","13":"pa_marca-saucony-fr","14":"pa_sesso-femme","15":"pa_size-38-5-fr","16":"pa_size-42-fr","18":"first","19":"instock","20":"sale","21":"taxable","22":"shipping-taxable","23":"purchasable","24":"product-type-variable","25":"wvs-archive-product-wrapper"},"acf":[],"yoast_head":"<!-- This site is optimized with the Yoast SEO plugin v26.8 - https:\/\/yoast.com\/product\/yoast-seo-wordpress\/ -->\n<title>Saucony Xodus Ultra 3 femme - chaussures de trail running - MioMioRun<\/title>\n<meta name=\"description\" content=\"La Saucony Xodus Ultra 3 pour femme a \u00e9t\u00e9 con\u00e7ue pour s&#039;adapter \u00e0 tous les entra\u00eenements de trail running. Polyvalente, elle permet d&#039;affronter toutes les situations.\" \/>\n<meta name=\"robots\" content=\"index, follow, max-snippet:-1, max-image-preview:large, max-video-preview:-1\" \/>\n<link rel=\"canonical\" href=\"https:\/\/www.miomiorun.com\/fr\/produit\/xodus-ultra-3-femme\/\" \/>\n<meta property=\"og:locale\" content=\"fr_FR\" \/>\n<meta property=\"og:type\" content=\"article\" \/>\n<meta property=\"og:title\" content=\"Saucony Xodus Ultra 3 femme - chaussures de trail running - MioMioRun\" \/>\n<meta property=\"og:description\" content=\"La Saucony Xodus Ultra 3 pour femme a \u00e9t\u00e9 con\u00e7ue pour s&#039;adapter \u00e0 tous les entra\u00eenements de trail running. Polyvalente, elle permet d&#039;affronter toutes les situations.\" \/>\n<meta property=\"og:url\" content=\"https:\/\/www.miomiorun.com\/fr\/produit\/xodus-ultra-3-femme\/\" \/>\n<meta property=\"og:site_name\" content=\"MioMioRun\" \/>\n<meta property=\"article:publisher\" content=\"https:\/\/www.facebook.com\/miomiorun\/\" \/>\n<meta property=\"article:modified_time\" content=\"2026-02-03T20:44:10+00:00\" \/>\n<meta property=\"og:image\" content=\"https:\/\/www.miomiorun.com\/app\/uploads\/2024\/05\/saucony-Xodus-Ultra-3-W-currant-pepper-S10914-212.webp\" \/>\n\t<meta property=\"og:image:width\" content=\"600\" \/>\n\t<meta property=\"og:image:height\" content=\"600\" \/>\n\t<meta property=\"og:image:type\" content=\"image\/webp\" \/>\n<meta name=\"twitter:card\" content=\"summary_large_image\" \/>\n<meta name=\"twitter:label1\" content=\"Est. reading time\" \/>\n\t<meta name=\"twitter:data1\" content=\"2 minutes\" \/>\n<script type=\"application\/ld+json\" class=\"yoast-schema-graph\">{\"@context\":\"https:\/\/schema.org\",\"@graph\":[{\"@type\":\"WebPage\",\"@id\":\"https:\/\/www.miomiorun.com\/fr\/produit\/xodus-ultra-3-femme\/\",\"url\":\"https:\/\/www.miomiorun.com\/fr\/produit\/xodus-ultra-3-femme\/\",\"name\":\"Saucony Xodus Ultra 3 femme - chaussures de trail running - MioMioRun\",\"isPartOf\":{\"@id\":\"https:\/\/www.miomiorun.com\/fr\/#website\"},\"primaryImageOfPage\":{\"@id\":\"https:\/\/www.miomiorun.com\/fr\/produit\/xodus-ultra-3-femme\/#primaryimage\"},\"image\":{\"@id\":\"https:\/\/www.miomiorun.com\/fr\/produit\/xodus-ultra-3-femme\/#primaryimage\"},\"thumbnailUrl\":\"https:\/\/www.miomiorun.com\/app\/uploads\/2024\/05\/saucony-Xodus-Ultra-3-W-currant-pepper-S10914-212.webp\",\"datePublished\":\"2024-04-16T12:34:35+00:00\",\"dateModified\":\"2026-02-03T20:44:10+00:00\",\"description\":\"La Saucony Xodus Ultra 3 pour femme a \u00e9t\u00e9 con\u00e7ue pour s'adapter \u00e0 tous les entra\u00eenements de trail running. Polyvalente, elle permet d'affronter toutes les situations.\",\"breadcrumb\":{\"@id\":\"https:\/\/www.miomiorun.com\/fr\/produit\/xodus-ultra-3-femme\/#breadcrumb\"},\"inLanguage\":\"fr-FR\",\"potentialAction\":[{\"@type\":\"ReadAction\",\"target\":[\"https:\/\/www.miomiorun.com\/fr\/produit\/xodus-ultra-3-femme\/\"]}]},{\"@type\":\"ImageObject\",\"inLanguage\":\"fr-FR\",\"@id\":\"https:\/\/www.miomiorun.com\/fr\/produit\/xodus-ultra-3-femme\/#primaryimage\",\"url\":\"https:\/\/www.miomiorun.com\/app\/uploads\/2024\/05\/saucony-Xodus-Ultra-3-W-currant-pepper-S10914-212.webp\",\"contentUrl\":\"https:\/\/www.miomiorun.com\/app\/uploads\/2024\/05\/saucony-Xodus-Ultra-3-W-currant-pepper-S10914-212.webp\",\"width\":600,\"height\":600,\"caption\":\"saucony Xodus Ultra 3 W currant pepper S10914-212\"},{\"@type\":\"BreadcrumbList\",\"@id\":\"https:\/\/www.miomiorun.com\/fr\/produit\/xodus-ultra-3-femme\/#breadcrumb\",\"itemListElement\":[{\"@type\":\"ListItem\",\"position\":1,\"name\":\"Home\",\"item\":\"https:\/\/www.miomiorun.com\/fr\/home-page\/\"},{\"@type\":\"ListItem\",\"position\":2,\"name\":\"Shop\",\"item\":\"https:\/\/www.miomiorun.com\/shop\/\"},{\"@type\":\"ListItem\",\"position\":3,\"name\":\"Xodus Ultra 3 femme\"}]},{\"@type\":\"WebSite\",\"@id\":\"https:\/\/www.miomiorun.com\/fr\/#website\",\"url\":\"https:\/\/www.miomiorun.com\/fr\/\",\"name\":\"MioMioRun\",\"description\":\"Boutique 100% running et trail\",\"publisher\":{\"@id\":\"https:\/\/www.miomiorun.com\/fr\/#organization\"},\"potentialAction\":[{\"@type\":\"SearchAction\",\"target\":{\"@type\":\"EntryPoint\",\"urlTemplate\":\"https:\/\/www.miomiorun.com\/fr\/?s={search_term_string}\"},\"query-input\":{\"@type\":\"PropertyValueSpecification\",\"valueRequired\":true,\"valueName\":\"search_term_string\"}}],\"inLanguage\":\"fr-FR\"},{\"@type\":\"Organization\",\"@id\":\"https:\/\/www.miomiorun.com\/fr\/#organization\",\"name\":\"MioMio Run\",\"url\":\"https:\/\/www.miomiorun.com\/fr\/\",\"logo\":{\"@type\":\"ImageObject\",\"inLanguage\":\"fr-FR\",\"@id\":\"https:\/\/www.miomiorun.com\/fr\/#\/schema\/logo\/image\/\",\"url\":\"https:\/\/www.miomiorun.com\/app\/uploads\/2019\/12\/logomio.png\",\"contentUrl\":\"https:\/\/www.miomiorun.com\/app\/uploads\/2019\/12\/logomio.png\",\"width\":115,\"height\":82,\"caption\":\"MioMio Run\"},\"image\":{\"@id\":\"https:\/\/www.miomiorun.com\/fr\/#\/schema\/logo\/image\/\"},\"sameAs\":[\"https:\/\/www.facebook.com\/miomiorun\/\",\"https:\/\/www.instagram.com\/miomiorun\/\"]}]}<\/script>\n<!-- \/ Yoast SEO plugin. -->","yoast_head_json":{"title":"Saucony Xodus Ultra 3 femme - chaussures de trail running - MioMioRun","description":"La Saucony Xodus Ultra 3 pour femme a \u00e9t\u00e9 con\u00e7ue pour s'adapter \u00e0 tous les entra\u00eenements de trail running. Polyvalente, elle permet d'affronter toutes les situations.","robots":{"index":"index","follow":"follow","max-snippet":"max-snippet:-1","max-image-preview":"max-image-preview:large","max-video-preview":"max-video-preview:-1"},"canonical":"https:\/\/www.miomiorun.com\/fr\/produit\/xodus-ultra-3-femme\/","og_locale":"fr_FR","og_type":"article","og_title":"Saucony Xodus Ultra 3 femme - chaussures de trail running - MioMioRun","og_description":"La Saucony Xodus Ultra 3 pour femme a \u00e9t\u00e9 con\u00e7ue pour s'adapter \u00e0 tous les entra\u00eenements de trail running. Polyvalente, elle permet d'affronter toutes les situations.","og_url":"https:\/\/www.miomiorun.com\/fr\/produit\/xodus-ultra-3-femme\/","og_site_name":"MioMioRun","article_publisher":"https:\/\/www.facebook.com\/miomiorun\/","article_modified_time":"2026-02-03T20:44:10+00:00","og_image":[{"width":600,"height":600,"url":"https:\/\/www.miomiorun.com\/app\/uploads\/2024\/05\/saucony-Xodus-Ultra-3-W-currant-pepper-S10914-212.webp","type":"image\/webp"}],"twitter_card":"summary_large_image","twitter_misc":{"Est. reading time":"2 minutes"},"schema":{"@context":"https:\/\/schema.org","@graph":[{"@type":"WebPage","@id":"https:\/\/www.miomiorun.com\/fr\/produit\/xodus-ultra-3-femme\/","url":"https:\/\/www.miomiorun.com\/fr\/produit\/xodus-ultra-3-femme\/","name":"Saucony Xodus Ultra 3 femme - chaussures de trail running - MioMioRun","isPartOf":{"@id":"https:\/\/www.miomiorun.com\/fr\/#website"},"primaryImageOfPage":{"@id":"https:\/\/www.miomiorun.com\/fr\/produit\/xodus-ultra-3-femme\/#primaryimage"},"image":{"@id":"https:\/\/www.miomiorun.com\/fr\/produit\/xodus-ultra-3-femme\/#primaryimage"},"thumbnailUrl":"https:\/\/www.miomiorun.com\/app\/uploads\/2024\/05\/saucony-Xodus-Ultra-3-W-currant-pepper-S10914-212.webp","datePublished":"2024-04-16T12:34:35+00:00","dateModified":"2026-02-03T20:44:10+00:00","description":"La Saucony Xodus Ultra 3 pour femme a \u00e9t\u00e9 con\u00e7ue pour s'adapter \u00e0 tous les entra\u00eenements de trail running. Polyvalente, elle permet d'affronter toutes les situations.","breadcrumb":{"@id":"https:\/\/www.miomiorun.com\/fr\/produit\/xodus-ultra-3-femme\/#breadcrumb"},"inLanguage":"fr-FR","potentialAction":[{"@type":"ReadAction","target":["https:\/\/www.miomiorun.com\/fr\/produit\/xodus-ultra-3-femme\/"]}]},{"@type":"ImageObject","inLanguage":"fr-FR","@id":"https:\/\/www.miomiorun.com\/fr\/produit\/xodus-ultra-3-femme\/#primaryimage","url":"https:\/\/www.miomiorun.com\/app\/uploads\/2024\/05\/saucony-Xodus-Ultra-3-W-currant-pepper-S10914-212.webp","contentUrl":"https:\/\/www.miomiorun.com\/app\/uploads\/2024\/05\/saucony-Xodus-Ultra-3-W-currant-pepper-S10914-212.webp","width":600,"height":600,"caption":"saucony Xodus Ultra 3 W currant pepper S10914-212"},{"@type":"BreadcrumbList","@id":"https:\/\/www.miomiorun.com\/fr\/produit\/xodus-ultra-3-femme\/#breadcrumb","itemListElement":[{"@type":"ListItem","position":1,"name":"Home","item":"https:\/\/www.miomiorun.com\/fr\/home-page\/"},{"@type":"ListItem","position":2,"name":"Shop","item":"https:\/\/www.miomiorun.com\/shop\/"},{"@type":"ListItem","position":3,"name":"Xodus Ultra 3 femme"}]},{"@type":"WebSite","@id":"https:\/\/www.miomiorun.com\/fr\/#website","url":"https:\/\/www.miomiorun.com\/fr\/","name":"MioMioRun","description":"Boutique 100% running et trail","publisher":{"@id":"https:\/\/www.miomiorun.com\/fr\/#organization"},"potentialAction":[{"@type":"SearchAction","target":{"@type":"EntryPoint","urlTemplate":"https:\/\/www.miomiorun.com\/fr\/?s={search_term_string}"},"query-input":{"@type":"PropertyValueSpecification","valueRequired":true,"valueName":"search_term_string"}}],"inLanguage":"fr-FR"},{"@type":"Organization","@id":"https:\/\/www.miomiorun.com\/fr\/#organization","name":"MioMio Run","url":"https:\/\/www.miomiorun.com\/fr\/","logo":{"@type":"ImageObject","inLanguage":"fr-FR","@id":"https:\/\/www.miomiorun.com\/fr\/#\/schema\/logo\/image\/","url":"https:\/\/www.miomiorun.com\/app\/uploads\/2019\/12\/logomio.png","contentUrl":"https:\/\/www.miomiorun.com\/app\/uploads\/2019\/12\/logomio.png","width":115,"height":82,"caption":"MioMio Run"},"image":{"@id":"https:\/\/www.miomiorun.com\/fr\/#\/schema\/logo\/image\/"},"sameAs":["https:\/\/www.facebook.com\/miomiorun\/","https:\/\/www.instagram.com\/miomiorun\/"]}]}},"_links":{"self":[{"href":"https:\/\/www.miomiorun.com\/fr\/wp-json\/wp\/v2\/product\/290287","targetHints":{"allow":["GET"]}}],"collection":[{"href":"https:\/\/www.miomiorun.com\/fr\/wp-json\/wp\/v2\/product"}],"about":[{"href":"https:\/\/www.miomiorun.com\/fr\/wp-json\/wp\/v2\/types\/product"}],"wp:featuredmedia":[{"embeddable":true,"href":"https:\/\/www.miomiorun.com\/fr\/wp-json\/wp\/v2\/media\/246940"}],"wp:attachment":[{"href":"https:\/\/www.miomiorun.com\/fr\/wp-json\/wp\/v2\/media?parent=290287"}],"wp:term":[{"taxonomy":"product_brand","embeddable":true,"href":"https:\/\/www.miomiorun.com\/fr\/wp-json\/wp\/v2\/product_brand?post=290287"},{"taxonomy":"product_cat","embeddable":true,"href":"https:\/\/www.miomiorun.com\/fr\/wp-json\/wp\/v2\/product_cat?post=290287"},{"taxonomy":"product_tag","embeddable":true,"href":"https:\/\/www.miomiorun.com\/fr\/wp-json\/wp\/v2\/product_tag?post=290287"}],"curies":[{"name":"wp","href":"https:\/\/api.w.org\/{rel}","templated":true}]}}