{"id":290205,"date":"2024-04-16T15:52:45","date_gmt":"2024-04-16T13:52:45","guid":{"rendered":"https:\/\/miomiorun.com\/prodotto\/adv-essence-2-in-1-shorts-donna\/"},"modified":"2025-06-13T11:33:32","modified_gmt":"2025-06-13T09:33:32","slug":"adv-essence-2-in-1-shorts-femme","status":"publish","type":"product","link":"https:\/\/www.miomiorun.com\/fr\/produit\/adv-essence-2-in-1-shorts-femme\/","title":{"rendered":"Adv Essence 2-in-1 Shorts femme"},"content":{"rendered":"<p>Le short <strong>ADV Essence 2 en 1 pour<\/strong> femmes est un short d&#8217;entra\u00eenement avanc\u00e9 en tissu extensible con\u00e7u pour les activit\u00e9s physiques les plus intenses. Ce short tr\u00e8s fonctionnel est dot\u00e9 d&#8217;un pantalon int\u00e9rieur, d&#8217;une large ceinture en jersey avec cordon de serrage et d&#8217;une poche arri\u00e8re dissimul\u00e9e.<\/p>\n<p><strong>Tissu \u00e9cologique<\/strong><\/p>\n<p>Le short est fabriqu\u00e9 en polyester recycl\u00e9. Le polyester recycl\u00e9 est non seulement respectueux de l&#8217;environnement, mais il offre \u00e9galement une respirabilit\u00e9 et une ventilation exceptionnelles.<\/p>\n<h3>Caract\u00e9ristiques :<\/h3>\n<ul>\n<li>Polyester recycl\u00e9<\/li>\n<li>Tissu extensible fonctionnel<\/li>\n<li>Collant int\u00e9rieur pour un soutien optimal<\/li>\n<li>Large ceinture \u00e9lastique en jersey<\/li>\n<li>Cordon de serrage r\u00e9glable \u00e0 la taille<\/li>\n<li>Poche arri\u00e8re avec fermeture \u00e9clair dissimul\u00e9e<\/li>\n<li>Impressions r\u00e9fl\u00e9chissantes<\/li>\n<\/ul>\n<p><img loading=\"lazy\" decoding=\"async\" class=\"\" src=\"https:\/\/www.craftsportswear.com\/static\/media\/moisture_transport.27f437d8.svg\" alt=\"MoistureTransport\" width=\"53\" height=\"53\" \/><\/p>\n<p><strong>Transport de l&#8217;humidit\u00e9<\/strong><\/p>\n<p>&nbsp;<\/p>\n<p><img loading=\"lazy\" decoding=\"async\" class=\"\" src=\"https:\/\/www.craftsportswear.com\/static\/media\/stretch.b10adc40.svg\" alt=\"Stretch\" width=\"53\" height=\"53\" \/><\/p>\n<p><strong>\u00c9tirement<\/strong><\/p>\n<p>&nbsp;<\/p>\n<p><strong>Mati\u00e8re :<\/strong><\/p>\n<p class=\"css-8rgusf\">Corps : 90% Polyester recycl\u00e9 10% Elasthanne<\/p>\n<p class=\"css-8rgusf\">Doublure : 90% polyester 10% \u00e9lasthanne<\/p>\n<p class=\"css-8rgusf\">Lavage en machine \u00e0 40 degr\u00e9s.<\/p>\n<p>&nbsp;<\/p>\n<p>&nbsp;<\/p>\n","protected":false},"excerpt":{"rendered":"<ul>\n<li>Short id\u00e9al pour tout entra\u00eenement intensif en ext\u00e9rieur.<\/li>\n<li>Dot\u00e9 d&#8217;une poche arri\u00e8re zipp\u00e9e pour ranger de petits objets.<\/li>\n<\/ul>\n","protected":false},"featured_media":246592,"template":"","meta":{"_acf_changed":false,"inline_featured_image":false},"product_brand":[],"product_cat":[22602,22596,22595],"product_tag":[23554,23648],"class_list":{"0":"post-290205","1":"product","2":"type-product","3":"status-publish","4":"has-post-thumbnail","6":"product_cat-pantalon-court","7":"product_cat-vetements-pour-femmes","8":"product_cat-femme","9":"product_tag-craft-fr","10":"product_tag-craft-femme","11":"pa_attivita-fitness-fr","12":"pa_attivita-marcher","13":"pa_attivita-running-fr","14":"pa_colore-adv-essence-2-in-1-shorts-w-black-fr","15":"pa_marca-craft-fr","16":"pa_sesso-femme","17":"pa_size-small-fr","18":"pa_size-medium-fr","19":"pa_size-large-fr","21":"first","22":"instock","23":"sale","24":"taxable","25":"shipping-taxable","26":"purchasable","27":"product-type-variable","28":"wvs-archive-product-wrapper"},"acf":[],"yoast_head":"<!-- This site is optimized with the Yoast SEO plugin v26.8 - https:\/\/yoast.com\/product\/yoast-seo-wordpress\/ -->\n<title>Craft Adv Essence 2-in-1 Shorts femme - Jupe pour femme - MioMioRun<\/title>\n<meta name=\"description\" content=\"Le short ADV Essence 2-in-1 pour femmes est un short d&#039;entra\u00eenement avanc\u00e9 en tissu extensible con\u00e7u pour les activit\u00e9s intenses.\" \/>\n<meta name=\"robots\" content=\"index, follow, max-snippet:-1, max-image-preview:large, max-video-preview:-1\" \/>\n<link rel=\"canonical\" href=\"https:\/\/www.miomiorun.com\/fr\/produit\/adv-essence-2-in-1-shorts-femme\/\" \/>\n<meta property=\"og:locale\" content=\"fr_FR\" \/>\n<meta property=\"og:type\" content=\"article\" \/>\n<meta property=\"og:title\" content=\"Craft Adv Essence 2-in-1 Shorts femme - Jupe pour femme - MioMioRun\" \/>\n<meta property=\"og:description\" content=\"Le short ADV Essence 2-in-1 pour femmes est un short d&#039;entra\u00eenement avanc\u00e9 en tissu extensible con\u00e7u pour les activit\u00e9s intenses.\" \/>\n<meta property=\"og:url\" content=\"https:\/\/www.miomiorun.com\/fr\/produit\/adv-essence-2-in-1-shorts-femme\/\" \/>\n<meta property=\"og:site_name\" content=\"MioMioRun\" \/>\n<meta property=\"article:publisher\" content=\"https:\/\/www.facebook.com\/miomiorun\/\" \/>\n<meta property=\"article:modified_time\" content=\"2025-06-13T09:33:32+00:00\" \/>\n<meta property=\"og:image\" content=\"https:\/\/www.miomiorun.com\/app\/uploads\/2024\/04\/craft-ADV-essence-2-in-1-shorts-W-black-1910722-999000.webp\" \/>\n\t<meta property=\"og:image:width\" content=\"600\" \/>\n\t<meta property=\"og:image:height\" content=\"600\" \/>\n\t<meta property=\"og:image:type\" content=\"image\/webp\" \/>\n<meta name=\"twitter:card\" content=\"summary_large_image\" \/>\n<meta name=\"twitter:label1\" content=\"Est. reading time\" \/>\n\t<meta name=\"twitter:data1\" content=\"1 minute\" \/>\n<script type=\"application\/ld+json\" class=\"yoast-schema-graph\">{\"@context\":\"https:\/\/schema.org\",\"@graph\":[{\"@type\":\"WebPage\",\"@id\":\"https:\/\/www.miomiorun.com\/fr\/produit\/adv-essence-2-in-1-shorts-femme\/\",\"url\":\"https:\/\/www.miomiorun.com\/fr\/produit\/adv-essence-2-in-1-shorts-femme\/\",\"name\":\"Craft Adv Essence 2-in-1 Shorts femme - Jupe pour femme - MioMioRun\",\"isPartOf\":{\"@id\":\"https:\/\/www.miomiorun.com\/fr\/#website\"},\"primaryImageOfPage\":{\"@id\":\"https:\/\/www.miomiorun.com\/fr\/produit\/adv-essence-2-in-1-shorts-femme\/#primaryimage\"},\"image\":{\"@id\":\"https:\/\/www.miomiorun.com\/fr\/produit\/adv-essence-2-in-1-shorts-femme\/#primaryimage\"},\"thumbnailUrl\":\"https:\/\/www.miomiorun.com\/app\/uploads\/2024\/04\/craft-ADV-essence-2-in-1-shorts-W-black-1910722-999000.webp\",\"datePublished\":\"2024-04-16T13:52:45+00:00\",\"dateModified\":\"2025-06-13T09:33:32+00:00\",\"description\":\"Le short ADV Essence 2-in-1 pour femmes est un short d'entra\u00eenement avanc\u00e9 en tissu extensible con\u00e7u pour les activit\u00e9s intenses.\",\"breadcrumb\":{\"@id\":\"https:\/\/www.miomiorun.com\/fr\/produit\/adv-essence-2-in-1-shorts-femme\/#breadcrumb\"},\"inLanguage\":\"fr-FR\",\"potentialAction\":[{\"@type\":\"ReadAction\",\"target\":[\"https:\/\/www.miomiorun.com\/fr\/produit\/adv-essence-2-in-1-shorts-femme\/\"]}]},{\"@type\":\"ImageObject\",\"inLanguage\":\"fr-FR\",\"@id\":\"https:\/\/www.miomiorun.com\/fr\/produit\/adv-essence-2-in-1-shorts-femme\/#primaryimage\",\"url\":\"https:\/\/www.miomiorun.com\/app\/uploads\/2024\/04\/craft-ADV-essence-2-in-1-shorts-W-black-1910722-999000.webp\",\"contentUrl\":\"https:\/\/www.miomiorun.com\/app\/uploads\/2024\/04\/craft-ADV-essence-2-in-1-shorts-W-black-1910722-999000.webp\",\"width\":600,\"height\":600,\"caption\":\"craft ADV essence 2-in-1 shorts W black 1910722-999000\"},{\"@type\":\"BreadcrumbList\",\"@id\":\"https:\/\/www.miomiorun.com\/fr\/produit\/adv-essence-2-in-1-shorts-femme\/#breadcrumb\",\"itemListElement\":[{\"@type\":\"ListItem\",\"position\":1,\"name\":\"Home\",\"item\":\"https:\/\/www.miomiorun.com\/fr\/home-page\/\"},{\"@type\":\"ListItem\",\"position\":2,\"name\":\"Shop\",\"item\":\"https:\/\/www.miomiorun.com\/shop\/\"},{\"@type\":\"ListItem\",\"position\":3,\"name\":\"Adv Essence 2-in-1 Shorts femme\"}]},{\"@type\":\"WebSite\",\"@id\":\"https:\/\/www.miomiorun.com\/fr\/#website\",\"url\":\"https:\/\/www.miomiorun.com\/fr\/\",\"name\":\"MioMioRun\",\"description\":\"Boutique 100% running et trail\",\"publisher\":{\"@id\":\"https:\/\/www.miomiorun.com\/fr\/#organization\"},\"potentialAction\":[{\"@type\":\"SearchAction\",\"target\":{\"@type\":\"EntryPoint\",\"urlTemplate\":\"https:\/\/www.miomiorun.com\/fr\/?s={search_term_string}\"},\"query-input\":{\"@type\":\"PropertyValueSpecification\",\"valueRequired\":true,\"valueName\":\"search_term_string\"}}],\"inLanguage\":\"fr-FR\"},{\"@type\":\"Organization\",\"@id\":\"https:\/\/www.miomiorun.com\/fr\/#organization\",\"name\":\"MioMio Run\",\"url\":\"https:\/\/www.miomiorun.com\/fr\/\",\"logo\":{\"@type\":\"ImageObject\",\"inLanguage\":\"fr-FR\",\"@id\":\"https:\/\/www.miomiorun.com\/fr\/#\/schema\/logo\/image\/\",\"url\":\"https:\/\/www.miomiorun.com\/app\/uploads\/2019\/12\/logomio.png\",\"contentUrl\":\"https:\/\/www.miomiorun.com\/app\/uploads\/2019\/12\/logomio.png\",\"width\":115,\"height\":82,\"caption\":\"MioMio Run\"},\"image\":{\"@id\":\"https:\/\/www.miomiorun.com\/fr\/#\/schema\/logo\/image\/\"},\"sameAs\":[\"https:\/\/www.facebook.com\/miomiorun\/\",\"https:\/\/www.instagram.com\/miomiorun\/\"]}]}<\/script>\n<!-- \/ Yoast SEO plugin. -->","yoast_head_json":{"title":"Craft Adv Essence 2-in-1 Shorts femme - Jupe pour femme - MioMioRun","description":"Le short ADV Essence 2-in-1 pour femmes est un short d'entra\u00eenement avanc\u00e9 en tissu extensible con\u00e7u pour les activit\u00e9s intenses.","robots":{"index":"index","follow":"follow","max-snippet":"max-snippet:-1","max-image-preview":"max-image-preview:large","max-video-preview":"max-video-preview:-1"},"canonical":"https:\/\/www.miomiorun.com\/fr\/produit\/adv-essence-2-in-1-shorts-femme\/","og_locale":"fr_FR","og_type":"article","og_title":"Craft Adv Essence 2-in-1 Shorts femme - Jupe pour femme - MioMioRun","og_description":"Le short ADV Essence 2-in-1 pour femmes est un short d'entra\u00eenement avanc\u00e9 en tissu extensible con\u00e7u pour les activit\u00e9s intenses.","og_url":"https:\/\/www.miomiorun.com\/fr\/produit\/adv-essence-2-in-1-shorts-femme\/","og_site_name":"MioMioRun","article_publisher":"https:\/\/www.facebook.com\/miomiorun\/","article_modified_time":"2025-06-13T09:33:32+00:00","og_image":[{"width":600,"height":600,"url":"https:\/\/www.miomiorun.com\/app\/uploads\/2024\/04\/craft-ADV-essence-2-in-1-shorts-W-black-1910722-999000.webp","type":"image\/webp"}],"twitter_card":"summary_large_image","twitter_misc":{"Est. reading time":"1 minute"},"schema":{"@context":"https:\/\/schema.org","@graph":[{"@type":"WebPage","@id":"https:\/\/www.miomiorun.com\/fr\/produit\/adv-essence-2-in-1-shorts-femme\/","url":"https:\/\/www.miomiorun.com\/fr\/produit\/adv-essence-2-in-1-shorts-femme\/","name":"Craft Adv Essence 2-in-1 Shorts femme - Jupe pour femme - MioMioRun","isPartOf":{"@id":"https:\/\/www.miomiorun.com\/fr\/#website"},"primaryImageOfPage":{"@id":"https:\/\/www.miomiorun.com\/fr\/produit\/adv-essence-2-in-1-shorts-femme\/#primaryimage"},"image":{"@id":"https:\/\/www.miomiorun.com\/fr\/produit\/adv-essence-2-in-1-shorts-femme\/#primaryimage"},"thumbnailUrl":"https:\/\/www.miomiorun.com\/app\/uploads\/2024\/04\/craft-ADV-essence-2-in-1-shorts-W-black-1910722-999000.webp","datePublished":"2024-04-16T13:52:45+00:00","dateModified":"2025-06-13T09:33:32+00:00","description":"Le short ADV Essence 2-in-1 pour femmes est un short d'entra\u00eenement avanc\u00e9 en tissu extensible con\u00e7u pour les activit\u00e9s intenses.","breadcrumb":{"@id":"https:\/\/www.miomiorun.com\/fr\/produit\/adv-essence-2-in-1-shorts-femme\/#breadcrumb"},"inLanguage":"fr-FR","potentialAction":[{"@type":"ReadAction","target":["https:\/\/www.miomiorun.com\/fr\/produit\/adv-essence-2-in-1-shorts-femme\/"]}]},{"@type":"ImageObject","inLanguage":"fr-FR","@id":"https:\/\/www.miomiorun.com\/fr\/produit\/adv-essence-2-in-1-shorts-femme\/#primaryimage","url":"https:\/\/www.miomiorun.com\/app\/uploads\/2024\/04\/craft-ADV-essence-2-in-1-shorts-W-black-1910722-999000.webp","contentUrl":"https:\/\/www.miomiorun.com\/app\/uploads\/2024\/04\/craft-ADV-essence-2-in-1-shorts-W-black-1910722-999000.webp","width":600,"height":600,"caption":"craft ADV essence 2-in-1 shorts W black 1910722-999000"},{"@type":"BreadcrumbList","@id":"https:\/\/www.miomiorun.com\/fr\/produit\/adv-essence-2-in-1-shorts-femme\/#breadcrumb","itemListElement":[{"@type":"ListItem","position":1,"name":"Home","item":"https:\/\/www.miomiorun.com\/fr\/home-page\/"},{"@type":"ListItem","position":2,"name":"Shop","item":"https:\/\/www.miomiorun.com\/shop\/"},{"@type":"ListItem","position":3,"name":"Adv Essence 2-in-1 Shorts femme"}]},{"@type":"WebSite","@id":"https:\/\/www.miomiorun.com\/fr\/#website","url":"https:\/\/www.miomiorun.com\/fr\/","name":"MioMioRun","description":"Boutique 100% running et trail","publisher":{"@id":"https:\/\/www.miomiorun.com\/fr\/#organization"},"potentialAction":[{"@type":"SearchAction","target":{"@type":"EntryPoint","urlTemplate":"https:\/\/www.miomiorun.com\/fr\/?s={search_term_string}"},"query-input":{"@type":"PropertyValueSpecification","valueRequired":true,"valueName":"search_term_string"}}],"inLanguage":"fr-FR"},{"@type":"Organization","@id":"https:\/\/www.miomiorun.com\/fr\/#organization","name":"MioMio Run","url":"https:\/\/www.miomiorun.com\/fr\/","logo":{"@type":"ImageObject","inLanguage":"fr-FR","@id":"https:\/\/www.miomiorun.com\/fr\/#\/schema\/logo\/image\/","url":"https:\/\/www.miomiorun.com\/app\/uploads\/2019\/12\/logomio.png","contentUrl":"https:\/\/www.miomiorun.com\/app\/uploads\/2019\/12\/logomio.png","width":115,"height":82,"caption":"MioMio Run"},"image":{"@id":"https:\/\/www.miomiorun.com\/fr\/#\/schema\/logo\/image\/"},"sameAs":["https:\/\/www.facebook.com\/miomiorun\/","https:\/\/www.instagram.com\/miomiorun\/"]}]}},"_links":{"self":[{"href":"https:\/\/www.miomiorun.com\/fr\/wp-json\/wp\/v2\/product\/290205","targetHints":{"allow":["GET"]}}],"collection":[{"href":"https:\/\/www.miomiorun.com\/fr\/wp-json\/wp\/v2\/product"}],"about":[{"href":"https:\/\/www.miomiorun.com\/fr\/wp-json\/wp\/v2\/types\/product"}],"wp:featuredmedia":[{"embeddable":true,"href":"https:\/\/www.miomiorun.com\/fr\/wp-json\/wp\/v2\/media\/246592"}],"wp:attachment":[{"href":"https:\/\/www.miomiorun.com\/fr\/wp-json\/wp\/v2\/media?parent=290205"}],"wp:term":[{"taxonomy":"product_brand","embeddable":true,"href":"https:\/\/www.miomiorun.com\/fr\/wp-json\/wp\/v2\/product_brand?post=290205"},{"taxonomy":"product_cat","embeddable":true,"href":"https:\/\/www.miomiorun.com\/fr\/wp-json\/wp\/v2\/product_cat?post=290205"},{"taxonomy":"product_tag","embeddable":true,"href":"https:\/\/www.miomiorun.com\/fr\/wp-json\/wp\/v2\/product_tag?post=290205"}],"curies":[{"name":"wp","href":"https:\/\/api.w.org\/{rel}","templated":true}]}}