{"id":290038,"date":"2024-01-30T12:05:21","date_gmt":"2024-01-30T11:05:21","guid":{"rendered":"https:\/\/miomiorun.com\/prodotto\/timp-5-donna\/"},"modified":"2025-04-22T11:08:47","modified_gmt":"2025-04-22T09:08:47","slug":"timp-5-femme","status":"publish","type":"product","link":"https:\/\/www.miomiorun.com\/fr\/produit\/timp-5-femme\/","title":{"rendered":"Timp 5 femme"},"content":{"rendered":"<div class=\"vc-row container\"><div class=\"vc-column\"><div class=\"vc-column-text\"><\/p>\n<p><strong>Caract\u00e9ristiques techniques<\/strong><\/p>\n<p>Cat\u00e9gorie : amorti sup\u00e9rieur<br \/>\nHauteur de tige : 29 mm<br \/>\nD\u00e9calage : 0 mm<br \/>\nPoids : 243 g<br \/>\nId\u00e9al pour : les coureurs de trail et les marcheurs ou les coureurs de montagne qui recherchent un mod\u00e8le l\u00e9ger, bien amorti et protecteur qui peut s&#8217;adapter \u00e0 tous les terrains.<br \/>\nPoids du sportif : 50-70 kg<br \/>\nAllure de course : moyenne-rapide (4,30-6,00 min\/km)<br \/>\n<a href=\"https:\/\/miomiorun.com\/fr\/guide-des-specificites\/\">Guide des sp\u00e9cifications<\/a><\/p>\n<p><\/div><\/div><div class=\"vc-column\"><div class=\"vc-column-text\"><\/p>\n<h2>La Timp 5 offre l&#8217;adh\u00e9rence, le confort et la s\u00e9curit\u00e9 que vous recherchez pour vos journ\u00e9es d&#8217;aventures sur les sentiers.<\/h2>\n<h3>Adh\u00e9rence. L\u00e9g\u00e8ret\u00e9. Caract\u00e8re. C&#8217;est le trail running avec la nouvelle Timp 5.<\/h3>\n<p>Le m\u00eame confort que d&#8217;habitude, avec une construction encore plus l\u00e9g\u00e8re. Un poids r\u00e9duit pour une performance maximale sur les sentiers toute la journ\u00e9e. La nouvelle semelle adh\u00e9rente offre une plus grande s\u00e9curit\u00e9 sur les terrains les plus accident\u00e9s. Vibram\u00ae indique que la semelle <strong>Vibram\u00ae Megagrip<\/strong> est con\u00e7ue pour offrir une adh\u00e9rence in\u00e9gal\u00e9e sur les surfaces s\u00e8ches et humides.<\/p>\n<h3>Garantissez un confort maximal sur les sentiers les plus difficiles gr\u00e2ce au nouveau compos\u00e9 de mousse de la semelle interm\u00e9diaire EGO\u2122 MAX d&#8217;Altra.<\/h3>\n<p>Il est con\u00e7u pour offrir l\u00e9g\u00e8ret\u00e9 et grande performance avec une r\u00e9activit\u00e9 et une durabilit\u00e9 accrues. Bougez naturellement. La nouvelle <strong>Timp 5<\/strong> pour femme offre une bo\u00eete \u00e0 orteils spacieuse et un amorti nul pour vous permettre de bouger naturellement.<\/p>\n<h3>Caract\u00e9ristiques :<\/h3>\n<div id=\"product.info.feature\" class=\"details-content\" role=\"tabpanel\" aria-hidden=\"true\" data-role=\"content\">\n<ul>\n<li>Semelle interm\u00e9diaire : Altra EGO\u2122 MAX<\/li>\n<li>Semelle ext\u00e9rieure : Vibram\u00ae Megagrip<\/li>\n<li>Haut niveau d&#8217;amorti<\/li>\n<li>Tige en maille respirante \u00e0 s\u00e9chage rapide<\/li>\n<li>R\u00e9activit\u00e9 et durabilit\u00e9 accrues<\/li>\n<li>Avec le z\u00e9ro drop, vous vous d\u00e9placerez et courrez de mani\u00e8re totalement naturelle.<\/li>\n<\/ul>\n<h3>Avantages<\/h3>\n<div class=\"product-benefits swiper-slide swiper-slide-visible swiper-slide-active\">\n<div class=\"text-container\">\n<h4 class=\"title\">VIBRAM\u00ae MEGAGRIP\u2122<\/h4>\n<div id=\"ct-field-64\" class=\"ct-field ct-field-area\">\n<p><span data-sheets-userformat=\"{&quot;2&quot;:7041,&quot;3&quot;:{&quot;1&quot;:0},&quot;10&quot;:2,&quot;11&quot;:4,&quot;12&quot;:0,&quot;14&quot;:&#091;null,2,0&#093;,&quot;15&quot;:&quot;Arial, sans-serif&quot;}\" data-sheets-value=\"{&quot;1&quot;:2,&quot;2&quot;:&quot;Un composto di gomma aderente altamente performante con un grip senza eguali su superfici bagnate ed asciutte, una solida longevit\u00e0 e un\u2019ottima capacit\u00e0 di adattamento al terreno.&quot;}\">Un compos\u00e9 de caoutchouc adh\u00e9rent haute performance avec une adh\u00e9rence in\u00e9gal\u00e9e sur les surfaces humides et s\u00e8ches, une solide long\u00e9vit\u00e9 et une excellente adaptation au sol.<\/span><\/p>\n<\/div>\n<p>&nbsp;<\/p>\n<\/div>\n<\/div>\n<div class=\"product-benefits swiper-slide swiper-slide-visible swiper-slide-next\">\n<div class=\"text-container\">\n<h4 class=\"title\">EGOMAX<\/h4>\n<div id=\"ct-field-64\" class=\"ct-field ct-field-area\">\n<p>Notre semelle interm\u00e9diaire en mousse Altra EGO\u2122 Max offre une performance l\u00e9g\u00e8re et luxueuse ainsi qu&#8217;une r\u00e9activit\u00e9 et une durabilit\u00e9 accrues.<\/p>\n<\/div>\n<\/div>\n<\/div>\n<\/div>\n<p><\/div><\/div><\/div>\n","protected":false},"excerpt":{"rendered":"<ul>\n<li>Ideli shoes for trail running<\/li>\n<li>Super-cushioned<\/li>\n<li>Drop zero for even more natural movement<\/li>\n<\/ul>\n","protected":false},"featured_media":261933,"template":"","meta":{"_acf_changed":false,"inline_featured_image":false},"product_brand":[],"product_cat":[24435,24432],"product_tag":[23458,23672],"class_list":{"0":"post-290038","1":"product","2":"type-product","3":"status-publish","4":"has-post-thumbnail","6":"product_cat-chaussures-pour-femmes-fr","7":"product_cat-trail-fr-2","8":"product_tag-altra-fr","9":"product_tag-altra-femme","10":"pa_attivita-outdoor-fr","11":"pa_attivita-trail-fr","12":"pa_colore-timp-5-w-dusty-olive-fr","13":"pa_colore-timp-5-w-neon-coral-fr","14":"pa_marca-altra-fr","15":"pa_sesso-femme","16":"pa_size-38-fr","18":"first","19":"instock","20":"sale","21":"taxable","22":"shipping-taxable","23":"purchasable","24":"product-type-variable","25":"wvs-archive-product-wrapper"},"acf":[],"yoast_head":"<!-- This site is optimized with the Yoast SEO plugin v26.8 - https:\/\/yoast.com\/product\/yoast-seo-wordpress\/ -->\n<title>Altra Timp 5 femme - chaussures de trail- MioMioRun.com<\/title>\n<meta name=\"description\" content=\"C&#039;est le trail running avec la nouvelle Timp 5, avec une structure encore plus l\u00e9g\u00e8re. Poids r\u00e9duit et performances maximales sur les sentiers\" \/>\n<meta name=\"robots\" content=\"index, follow, max-snippet:-1, max-image-preview:large, max-video-preview:-1\" \/>\n<link rel=\"canonical\" href=\"https:\/\/www.miomiorun.com\/fr\/produit\/timp-5-femme\/\" \/>\n<meta property=\"og:locale\" content=\"fr_FR\" \/>\n<meta property=\"og:type\" content=\"article\" \/>\n<meta property=\"og:title\" content=\"Altra Timp 5 femme - chaussures de trail- MioMioRun.com\" \/>\n<meta property=\"og:description\" content=\"C&#039;est le trail running avec la nouvelle Timp 5, avec une structure encore plus l\u00e9g\u00e8re. Poids r\u00e9duit et performances maximales sur les sentiers\" \/>\n<meta property=\"og:url\" content=\"https:\/\/www.miomiorun.com\/fr\/produit\/timp-5-femme\/\" \/>\n<meta property=\"og:site_name\" content=\"MioMioRun\" \/>\n<meta property=\"article:publisher\" content=\"https:\/\/www.facebook.com\/miomiorun\/\" \/>\n<meta property=\"article:modified_time\" content=\"2025-04-22T09:08:47+00:00\" \/>\n<meta property=\"og:image\" content=\"https:\/\/www.miomiorun.com\/app\/uploads\/2025\/03\/altra-Timp-5-W-dusty-olive-AL0A85P63151.webp\" \/>\n\t<meta property=\"og:image:width\" content=\"600\" \/>\n\t<meta property=\"og:image:height\" content=\"600\" \/>\n\t<meta property=\"og:image:type\" content=\"image\/webp\" \/>\n<meta name=\"twitter:card\" content=\"summary_large_image\" \/>\n<meta name=\"twitter:label1\" content=\"Est. reading time\" \/>\n\t<meta name=\"twitter:data1\" content=\"2 minutes\" \/>\n<script type=\"application\/ld+json\" class=\"yoast-schema-graph\">{\"@context\":\"https:\/\/schema.org\",\"@graph\":[{\"@type\":\"WebPage\",\"@id\":\"https:\/\/www.miomiorun.com\/fr\/produit\/timp-5-femme\/\",\"url\":\"https:\/\/www.miomiorun.com\/fr\/produit\/timp-5-femme\/\",\"name\":\"Altra Timp 5 femme - chaussures de trail- MioMioRun.com\",\"isPartOf\":{\"@id\":\"https:\/\/www.miomiorun.com\/fr\/#website\"},\"primaryImageOfPage\":{\"@id\":\"https:\/\/www.miomiorun.com\/fr\/produit\/timp-5-femme\/#primaryimage\"},\"image\":{\"@id\":\"https:\/\/www.miomiorun.com\/fr\/produit\/timp-5-femme\/#primaryimage\"},\"thumbnailUrl\":\"https:\/\/www.miomiorun.com\/app\/uploads\/2025\/03\/altra-Timp-5-W-dusty-olive-AL0A85P63151.webp\",\"datePublished\":\"2024-01-30T11:05:21+00:00\",\"dateModified\":\"2025-04-22T09:08:47+00:00\",\"description\":\"C'est le trail running avec la nouvelle Timp 5, avec une structure encore plus l\u00e9g\u00e8re. Poids r\u00e9duit et performances maximales sur les sentiers\",\"breadcrumb\":{\"@id\":\"https:\/\/www.miomiorun.com\/fr\/produit\/timp-5-femme\/#breadcrumb\"},\"inLanguage\":\"fr-FR\",\"potentialAction\":[{\"@type\":\"ReadAction\",\"target\":[\"https:\/\/www.miomiorun.com\/fr\/produit\/timp-5-femme\/\"]}]},{\"@type\":\"ImageObject\",\"inLanguage\":\"fr-FR\",\"@id\":\"https:\/\/www.miomiorun.com\/fr\/produit\/timp-5-femme\/#primaryimage\",\"url\":\"https:\/\/www.miomiorun.com\/app\/uploads\/2025\/03\/altra-Timp-5-W-dusty-olive-AL0A85P63151.webp\",\"contentUrl\":\"https:\/\/www.miomiorun.com\/app\/uploads\/2025\/03\/altra-Timp-5-W-dusty-olive-AL0A85P63151.webp\",\"width\":600,\"height\":600,\"caption\":\"altra Timp 5 W dusty olive AL0A85P63151\"},{\"@type\":\"BreadcrumbList\",\"@id\":\"https:\/\/www.miomiorun.com\/fr\/produit\/timp-5-femme\/#breadcrumb\",\"itemListElement\":[{\"@type\":\"ListItem\",\"position\":1,\"name\":\"Home\",\"item\":\"https:\/\/www.miomiorun.com\/fr\/home-page\/\"},{\"@type\":\"ListItem\",\"position\":2,\"name\":\"Shop\",\"item\":\"https:\/\/www.miomiorun.com\/shop\/\"},{\"@type\":\"ListItem\",\"position\":3,\"name\":\"Timp 5 femme\"}]},{\"@type\":\"WebSite\",\"@id\":\"https:\/\/www.miomiorun.com\/fr\/#website\",\"url\":\"https:\/\/www.miomiorun.com\/fr\/\",\"name\":\"MioMioRun\",\"description\":\"Boutique 100% running et trail\",\"publisher\":{\"@id\":\"https:\/\/www.miomiorun.com\/fr\/#organization\"},\"potentialAction\":[{\"@type\":\"SearchAction\",\"target\":{\"@type\":\"EntryPoint\",\"urlTemplate\":\"https:\/\/www.miomiorun.com\/fr\/?s={search_term_string}\"},\"query-input\":{\"@type\":\"PropertyValueSpecification\",\"valueRequired\":true,\"valueName\":\"search_term_string\"}}],\"inLanguage\":\"fr-FR\"},{\"@type\":\"Organization\",\"@id\":\"https:\/\/www.miomiorun.com\/fr\/#organization\",\"name\":\"MioMio Run\",\"url\":\"https:\/\/www.miomiorun.com\/fr\/\",\"logo\":{\"@type\":\"ImageObject\",\"inLanguage\":\"fr-FR\",\"@id\":\"https:\/\/www.miomiorun.com\/fr\/#\/schema\/logo\/image\/\",\"url\":\"https:\/\/www.miomiorun.com\/app\/uploads\/2019\/12\/logomio.png\",\"contentUrl\":\"https:\/\/www.miomiorun.com\/app\/uploads\/2019\/12\/logomio.png\",\"width\":115,\"height\":82,\"caption\":\"MioMio Run\"},\"image\":{\"@id\":\"https:\/\/www.miomiorun.com\/fr\/#\/schema\/logo\/image\/\"},\"sameAs\":[\"https:\/\/www.facebook.com\/miomiorun\/\",\"https:\/\/www.instagram.com\/miomiorun\/\"]}]}<\/script>\n<!-- \/ Yoast SEO plugin. -->","yoast_head_json":{"title":"Altra Timp 5 femme - chaussures de trail- MioMioRun.com","description":"C'est le trail running avec la nouvelle Timp 5, avec une structure encore plus l\u00e9g\u00e8re. Poids r\u00e9duit et performances maximales sur les sentiers","robots":{"index":"index","follow":"follow","max-snippet":"max-snippet:-1","max-image-preview":"max-image-preview:large","max-video-preview":"max-video-preview:-1"},"canonical":"https:\/\/www.miomiorun.com\/fr\/produit\/timp-5-femme\/","og_locale":"fr_FR","og_type":"article","og_title":"Altra Timp 5 femme - chaussures de trail- MioMioRun.com","og_description":"C'est le trail running avec la nouvelle Timp 5, avec une structure encore plus l\u00e9g\u00e8re. Poids r\u00e9duit et performances maximales sur les sentiers","og_url":"https:\/\/www.miomiorun.com\/fr\/produit\/timp-5-femme\/","og_site_name":"MioMioRun","article_publisher":"https:\/\/www.facebook.com\/miomiorun\/","article_modified_time":"2025-04-22T09:08:47+00:00","og_image":[{"width":600,"height":600,"url":"https:\/\/www.miomiorun.com\/app\/uploads\/2025\/03\/altra-Timp-5-W-dusty-olive-AL0A85P63151.webp","type":"image\/webp"}],"twitter_card":"summary_large_image","twitter_misc":{"Est. reading time":"2 minutes"},"schema":{"@context":"https:\/\/schema.org","@graph":[{"@type":"WebPage","@id":"https:\/\/www.miomiorun.com\/fr\/produit\/timp-5-femme\/","url":"https:\/\/www.miomiorun.com\/fr\/produit\/timp-5-femme\/","name":"Altra Timp 5 femme - chaussures de trail- MioMioRun.com","isPartOf":{"@id":"https:\/\/www.miomiorun.com\/fr\/#website"},"primaryImageOfPage":{"@id":"https:\/\/www.miomiorun.com\/fr\/produit\/timp-5-femme\/#primaryimage"},"image":{"@id":"https:\/\/www.miomiorun.com\/fr\/produit\/timp-5-femme\/#primaryimage"},"thumbnailUrl":"https:\/\/www.miomiorun.com\/app\/uploads\/2025\/03\/altra-Timp-5-W-dusty-olive-AL0A85P63151.webp","datePublished":"2024-01-30T11:05:21+00:00","dateModified":"2025-04-22T09:08:47+00:00","description":"C'est le trail running avec la nouvelle Timp 5, avec une structure encore plus l\u00e9g\u00e8re. Poids r\u00e9duit et performances maximales sur les sentiers","breadcrumb":{"@id":"https:\/\/www.miomiorun.com\/fr\/produit\/timp-5-femme\/#breadcrumb"},"inLanguage":"fr-FR","potentialAction":[{"@type":"ReadAction","target":["https:\/\/www.miomiorun.com\/fr\/produit\/timp-5-femme\/"]}]},{"@type":"ImageObject","inLanguage":"fr-FR","@id":"https:\/\/www.miomiorun.com\/fr\/produit\/timp-5-femme\/#primaryimage","url":"https:\/\/www.miomiorun.com\/app\/uploads\/2025\/03\/altra-Timp-5-W-dusty-olive-AL0A85P63151.webp","contentUrl":"https:\/\/www.miomiorun.com\/app\/uploads\/2025\/03\/altra-Timp-5-W-dusty-olive-AL0A85P63151.webp","width":600,"height":600,"caption":"altra Timp 5 W dusty olive AL0A85P63151"},{"@type":"BreadcrumbList","@id":"https:\/\/www.miomiorun.com\/fr\/produit\/timp-5-femme\/#breadcrumb","itemListElement":[{"@type":"ListItem","position":1,"name":"Home","item":"https:\/\/www.miomiorun.com\/fr\/home-page\/"},{"@type":"ListItem","position":2,"name":"Shop","item":"https:\/\/www.miomiorun.com\/shop\/"},{"@type":"ListItem","position":3,"name":"Timp 5 femme"}]},{"@type":"WebSite","@id":"https:\/\/www.miomiorun.com\/fr\/#website","url":"https:\/\/www.miomiorun.com\/fr\/","name":"MioMioRun","description":"Boutique 100% running et trail","publisher":{"@id":"https:\/\/www.miomiorun.com\/fr\/#organization"},"potentialAction":[{"@type":"SearchAction","target":{"@type":"EntryPoint","urlTemplate":"https:\/\/www.miomiorun.com\/fr\/?s={search_term_string}"},"query-input":{"@type":"PropertyValueSpecification","valueRequired":true,"valueName":"search_term_string"}}],"inLanguage":"fr-FR"},{"@type":"Organization","@id":"https:\/\/www.miomiorun.com\/fr\/#organization","name":"MioMio Run","url":"https:\/\/www.miomiorun.com\/fr\/","logo":{"@type":"ImageObject","inLanguage":"fr-FR","@id":"https:\/\/www.miomiorun.com\/fr\/#\/schema\/logo\/image\/","url":"https:\/\/www.miomiorun.com\/app\/uploads\/2019\/12\/logomio.png","contentUrl":"https:\/\/www.miomiorun.com\/app\/uploads\/2019\/12\/logomio.png","width":115,"height":82,"caption":"MioMio Run"},"image":{"@id":"https:\/\/www.miomiorun.com\/fr\/#\/schema\/logo\/image\/"},"sameAs":["https:\/\/www.facebook.com\/miomiorun\/","https:\/\/www.instagram.com\/miomiorun\/"]}]}},"_links":{"self":[{"href":"https:\/\/www.miomiorun.com\/fr\/wp-json\/wp\/v2\/product\/290038","targetHints":{"allow":["GET"]}}],"collection":[{"href":"https:\/\/www.miomiorun.com\/fr\/wp-json\/wp\/v2\/product"}],"about":[{"href":"https:\/\/www.miomiorun.com\/fr\/wp-json\/wp\/v2\/types\/product"}],"wp:featuredmedia":[{"embeddable":true,"href":"https:\/\/www.miomiorun.com\/fr\/wp-json\/wp\/v2\/media\/261933"}],"wp:attachment":[{"href":"https:\/\/www.miomiorun.com\/fr\/wp-json\/wp\/v2\/media?parent=290038"}],"wp:term":[{"taxonomy":"product_brand","embeddable":true,"href":"https:\/\/www.miomiorun.com\/fr\/wp-json\/wp\/v2\/product_brand?post=290038"},{"taxonomy":"product_cat","embeddable":true,"href":"https:\/\/www.miomiorun.com\/fr\/wp-json\/wp\/v2\/product_cat?post=290038"},{"taxonomy":"product_tag","embeddable":true,"href":"https:\/\/www.miomiorun.com\/fr\/wp-json\/wp\/v2\/product_tag?post=290038"}],"curies":[{"name":"wp","href":"https:\/\/api.w.org\/{rel}","templated":true}]}}