{"id":289993,"date":"2024-01-30T13:07:18","date_gmt":"2024-01-30T12:07:18","guid":{"rendered":"https:\/\/miomiorun.com\/prodotto\/outroad-2-donna\/"},"modified":"2026-05-08T21:59:25","modified_gmt":"2026-05-08T19:59:25","slug":"outroad-2-femme","status":"publish","type":"product","link":"https:\/\/www.miomiorun.com\/fr\/produit\/outroad-2-femme\/","title":{"rendered":"Outroad 2 femme"},"content":{"rendered":"<div class=\"vc-row container\"><div class=\"vc-column\"><div class=\"vc-column-text\"><\/p>\n<p><strong>Caract\u00e9ristiques techniques<\/strong><\/p>\n<p>Cat\u00e9gorie : amorti mod\u00e9r\u00e9<br \/>\nHauteur de la semelle : 27 mm<br \/>\nD\u00e9port : 0 mm<br \/>\nPoids : 246 g<br \/>\nId\u00e9al pour : les amateurs de course en montagne \u00e0 la recherche d&#8217;un mod\u00e8le l\u00e9ger, bien amorti et protecteur, capable de s&#8217;adapter \u00e0 tous les terrains.<br \/>\nPoids de l&#8217;athl\u00e8te : 50-70 kg<br \/>\nAllure de course : moyenne \u00e0 rapide (4,30-6,00 min\/km)<br \/>\n<a href=\"https:\/\/miomiorun.com\/fr\/guide-des-specificites\/\">Guide des sp\u00e9cifications techniques<\/a><\/p>\n<p><\/div><\/div><div class=\"vc-column\"><div class=\"vc-column-text\"><\/p>\n<h2 style=\"text-align: center\">La nouvelle Outroad 2 est con\u00e7ue pour la course sur route et le trail running l\u00e9ger.<\/h2>\n<h3 style=\"text-align: center\">De la route aux sentiers, la nouvelle Outroad 2 est con\u00e7ue pour courir sans limites.<\/h3>\n<p><strong>Outroad<\/strong> 2 pour femmes est con\u00e7ue pour la course sur route et le trail running l\u00e9ger. Cette nouvelle version pr\u00e9sente une tige revisit\u00e9e pour offrir un maximum de r\u00e9sistance et de confort. De la route aux sentiers, cette chaussure est con\u00e7ue avec les caract\u00e9ristiques les plus appr\u00e9ci\u00e9es des amateurs de course \u00e0 pied, telles que la semelle <strong>MaxTrac\u2122<\/strong>, la semelle interm\u00e9diaire en mousse <strong>Altra EGO\u2122<\/strong> et notre Slim <strong>FootShape\u2122 Fit<\/strong>. Un mod\u00e8le con\u00e7u pour les coureurs sur route qui souhaitent explorer les sentiers.<\/p>\n<h3>Caract\u00e9ristiques :<\/h3>\n<ul>\n<li>Semelle interm\u00e9diaire : Altra EGO\u2122<\/li>\n<li>Semelle ext\u00e9rieure : MaxTrac\u2122<\/li>\n<li>Amorti : mod\u00e9r\u00e9<\/li>\n<li>Tige en mesh technique<\/li>\n<li>Drop z\u00e9ro pour une course aussi naturelle que possible<\/li>\n<\/ul>\n<h3>Avantages :<\/h3>\n<div class=\"product-benefits swiper-slide swiper-slide-visible swiper-slide-active\">\n<div class=\"text-container\">\n<h4 class=\"title\">FOOTSHAPE\u2122 TOE BOX<\/h4>\n<div id=\"ct-field-64\" class=\"ct-field ct-field-area \">\n<p><span data-sheets-value=\"{&quot;1&quot;:2,&quot;2&quot;:&quot;Permette alle dita dei tuoi piedi di rilassarsi e di distendersi naturalmente, garantendoti ancora pi\u00f9 comfort e stabilit\u00e0 sia in salita che in discesa.&quot;}\" data-sheets-userformat=\"{&quot;2&quot;:7043,&quot;3&quot;:{&quot;1&quot;:0},&quot;4&quot;:&#091;null,2,16777215&#093;,&quot;10&quot;:2,&quot;11&quot;:4,&quot;12&quot;:0,&quot;14&quot;:&#091;null,2,0&#093;,&quot;15&quot;:&quot;Arial, sans-serif&quot;}\">Permet \u00e0 vos orteils de se d\u00e9tendre et de s&#8217;\u00e9tirer naturellement, vous garantissant encore plus de confort et de stabilit\u00e9, tant en mont\u00e9e qu&#8217;en descente.<\/span><\/p>\n<\/div>\n<p>&nbsp;<\/p>\n<\/div>\n<\/div>\n<div class=\"product-benefits swiper-slide swiper-slide-visible swiper-slide-next\">\n<div class=\"text-container\">\n<h4 class=\"title\">BALANCED CUSHIONING\u2122<\/h4>\n<div id=\"ct-field-64\" class=\"ct-field ct-field-area \">\n<p>La plateforme Balanced Cushioning\u2122 permet de positionner le talon et l&#8217;avant-pied \u00e0 \u00e9gale distance du sol, afin d&#8217;am\u00e9liorer leur positionnement et leur alignement et d&#8217;amortir l&#8217;impact avec le sol.<\/p>\n<\/div>\n<p>&nbsp;<\/p>\n<\/div>\n<\/div>\n<div class=\"product-benefits swiper-slide swiper-slide-visible\">\n<div class=\"text-container\">\n<h4 class=\"title\">ALTRA EGO\u2122<\/h4>\n<div id=\"ct-field-64\" class=\"ct-field ct-field-area \">\n<p><span data-sheets-value=\"{&quot;1&quot;:2,&quot;2&quot;:&quot;Intersuola doppia abbinata ad una sensazione reattiva, ma delicata che garantisce una forza di rimbalzo ancora pi\u00f9 vigorosa.&quot;}\" data-sheets-userformat=\"{&quot;2&quot;:7041,&quot;3&quot;:{&quot;1&quot;:0},&quot;10&quot;:2,&quot;11&quot;:4,&quot;12&quot;:0,&quot;14&quot;:&#091;null,2,0&#093;,&quot;15&quot;:&quot;Arial, sans-serif&quot;}\">Semelle interm\u00e9diaire double associ\u00e9e \u00e0 une sensation r\u00e9active mais d\u00e9licate qui garantit une force de rebond encore plus vigoureuse.<\/span><\/p>\n<\/div>\n<p>&nbsp;<\/p>\n<\/div>\n<\/div>\n<div class=\"product-benefits swiper-slide swiper-slide-visible\">\n<div class=\"text-container\">\n<h4 class=\"title\">MAXTRAC\u2122<\/h4>\n<div id=\"ct-field-64\" class=\"ct-field ct-field-area \">\n<p><span data-sheets-value=\"{&quot;1&quot;:2,&quot;2&quot;:&quot;Una combinazione perfetta tra grip, trazione e durevolezza che divorer\u00e0 i terreni impervi come un tiranno.&quot;}\" data-sheets-userformat=\"{&quot;2&quot;:7041,&quot;3&quot;:{&quot;1&quot;:0},&quot;10&quot;:2,&quot;11&quot;:4,&quot;12&quot;:0,&quot;14&quot;:&#091;null,2,0&#093;,&quot;15&quot;:&quot;Arial, sans-serif&quot;}\">Une combinaison parfaite entre adh\u00e9rence, traction et durabilit\u00e9 qui d\u00e9vorera les terrains accident\u00e9s comme un tyran. <\/span><\/p>\n<\/div>\n<\/div>\n<\/div>\n<p><\/div><\/div><\/div>\n","protected":false},"excerpt":{"rendered":"<ul>\n<li>Id\u00e9al pour tous les coureurs qui aiment courir aussi bien sur route que sur sentiers de montagne<\/li>\n<li>Amorti mod\u00e9r\u00e9<\/li>\n<li>Drop z\u00e9ro pour rendre vos courses plus naturelles<\/li>\n<\/ul>\n","protected":false},"featured_media":245670,"template":"","meta":{"_acf_changed":false,"inline_featured_image":false},"product_brand":[],"product_cat":[22605,22608],"product_tag":[23458,23672],"class_list":{"0":"post-289993","1":"product","2":"type-product","3":"status-publish","4":"has-post-thumbnail","6":"product_cat-chaussures-pour-femmes","7":"product_cat-trail-fr","8":"product_tag-altra-fr","9":"product_tag-altra-femme","10":"pa_attivita-marcher","11":"pa_attivita-running-fr","12":"pa_attivita-trail-fr","13":"pa_colore-outroad-2-w-yellow-fr","14":"pa_marca-altra-fr","15":"pa_sesso-femme","16":"pa_size-38-fr","18":"first","19":"instock","20":"taxable","21":"shipping-taxable","22":"purchasable","23":"product-type-variable","24":"wvs-archive-product-wrapper"},"acf":[],"yoast_head":"<!-- This site is optimized with the Yoast SEO plugin v26.8 - https:\/\/yoast.com\/product\/yoast-seo-wordpress\/ -->\n<title>Altra Outroad 2 femme - chaussures de trail- MioMioRun.com<\/title>\n<meta name=\"description\" content=\"La Outroad 2 pour femme est con\u00e7ue pour la course sur route et le trail running l\u00e9ger. Elle pr\u00e9sente une tige revisit\u00e9e pour offrir un maximum de\" \/>\n<meta name=\"robots\" content=\"index, follow, max-snippet:-1, max-image-preview:large, max-video-preview:-1\" \/>\n<link rel=\"canonical\" href=\"https:\/\/www.miomiorun.com\/fr\/produit\/outroad-2-femme\/\" \/>\n<meta property=\"og:locale\" content=\"fr_FR\" \/>\n<meta property=\"og:type\" content=\"article\" \/>\n<meta property=\"og:title\" content=\"Altra Outroad 2 femme - chaussures de trail- MioMioRun.com\" \/>\n<meta property=\"og:description\" content=\"La Outroad 2 pour femme est con\u00e7ue pour la course sur route et le trail running l\u00e9ger. Elle pr\u00e9sente une tige revisit\u00e9e pour offrir un maximum de\" \/>\n<meta property=\"og:url\" content=\"https:\/\/www.miomiorun.com\/fr\/produit\/outroad-2-femme\/\" \/>\n<meta property=\"og:site_name\" content=\"MioMioRun\" \/>\n<meta property=\"article:publisher\" content=\"https:\/\/www.facebook.com\/miomiorun\/\" \/>\n<meta property=\"article:modified_time\" content=\"2026-05-08T19:59:25+00:00\" \/>\n<meta property=\"og:image\" content=\"https:\/\/www.miomiorun.com\/app\/uploads\/2024\/03\/altra-Outroad-2-W-yellow-AL0A82CY7701.webp\" \/>\n\t<meta property=\"og:image:width\" content=\"600\" \/>\n\t<meta property=\"og:image:height\" content=\"600\" \/>\n\t<meta property=\"og:image:type\" content=\"image\/webp\" \/>\n<meta name=\"twitter:card\" content=\"summary_large_image\" \/>\n<meta name=\"twitter:label1\" content=\"Est. reading time\" \/>\n\t<meta name=\"twitter:data1\" content=\"2 minutes\" \/>\n<script type=\"application\/ld+json\" class=\"yoast-schema-graph\">{\"@context\":\"https:\/\/schema.org\",\"@graph\":[{\"@type\":\"WebPage\",\"@id\":\"https:\/\/www.miomiorun.com\/fr\/produit\/outroad-2-femme\/\",\"url\":\"https:\/\/www.miomiorun.com\/fr\/produit\/outroad-2-femme\/\",\"name\":\"Altra Outroad 2 femme - chaussures de trail- MioMioRun.com\",\"isPartOf\":{\"@id\":\"https:\/\/www.miomiorun.com\/fr\/#website\"},\"primaryImageOfPage\":{\"@id\":\"https:\/\/www.miomiorun.com\/fr\/produit\/outroad-2-femme\/#primaryimage\"},\"image\":{\"@id\":\"https:\/\/www.miomiorun.com\/fr\/produit\/outroad-2-femme\/#primaryimage\"},\"thumbnailUrl\":\"https:\/\/www.miomiorun.com\/app\/uploads\/2024\/03\/altra-Outroad-2-W-yellow-AL0A82CY7701.webp\",\"datePublished\":\"2024-01-30T12:07:18+00:00\",\"dateModified\":\"2026-05-08T19:59:25+00:00\",\"description\":\"La Outroad 2 pour femme est con\u00e7ue pour la course sur route et le trail running l\u00e9ger. Elle pr\u00e9sente une tige revisit\u00e9e pour offrir un maximum de\",\"breadcrumb\":{\"@id\":\"https:\/\/www.miomiorun.com\/fr\/produit\/outroad-2-femme\/#breadcrumb\"},\"inLanguage\":\"fr-FR\",\"potentialAction\":[{\"@type\":\"ReadAction\",\"target\":[\"https:\/\/www.miomiorun.com\/fr\/produit\/outroad-2-femme\/\"]}]},{\"@type\":\"ImageObject\",\"inLanguage\":\"fr-FR\",\"@id\":\"https:\/\/www.miomiorun.com\/fr\/produit\/outroad-2-femme\/#primaryimage\",\"url\":\"https:\/\/www.miomiorun.com\/app\/uploads\/2024\/03\/altra-Outroad-2-W-yellow-AL0A82CY7701.webp\",\"contentUrl\":\"https:\/\/www.miomiorun.com\/app\/uploads\/2024\/03\/altra-Outroad-2-W-yellow-AL0A82CY7701.webp\",\"width\":600,\"height\":600,\"caption\":\"altra Outroad 2 W yellow AL0A82CY7701\"},{\"@type\":\"BreadcrumbList\",\"@id\":\"https:\/\/www.miomiorun.com\/fr\/produit\/outroad-2-femme\/#breadcrumb\",\"itemListElement\":[{\"@type\":\"ListItem\",\"position\":1,\"name\":\"Home\",\"item\":\"https:\/\/www.miomiorun.com\/fr\/home-page\/\"},{\"@type\":\"ListItem\",\"position\":2,\"name\":\"Shop\",\"item\":\"https:\/\/www.miomiorun.com\/shop\/\"},{\"@type\":\"ListItem\",\"position\":3,\"name\":\"Outroad 2 femme\"}]},{\"@type\":\"WebSite\",\"@id\":\"https:\/\/www.miomiorun.com\/fr\/#website\",\"url\":\"https:\/\/www.miomiorun.com\/fr\/\",\"name\":\"MioMioRun\",\"description\":\"Boutique 100% running et trail\",\"publisher\":{\"@id\":\"https:\/\/www.miomiorun.com\/fr\/#organization\"},\"potentialAction\":[{\"@type\":\"SearchAction\",\"target\":{\"@type\":\"EntryPoint\",\"urlTemplate\":\"https:\/\/www.miomiorun.com\/fr\/?s={search_term_string}\"},\"query-input\":{\"@type\":\"PropertyValueSpecification\",\"valueRequired\":true,\"valueName\":\"search_term_string\"}}],\"inLanguage\":\"fr-FR\"},{\"@type\":\"Organization\",\"@id\":\"https:\/\/www.miomiorun.com\/fr\/#organization\",\"name\":\"MioMio Run\",\"url\":\"https:\/\/www.miomiorun.com\/fr\/\",\"logo\":{\"@type\":\"ImageObject\",\"inLanguage\":\"fr-FR\",\"@id\":\"https:\/\/www.miomiorun.com\/fr\/#\/schema\/logo\/image\/\",\"url\":\"https:\/\/www.miomiorun.com\/app\/uploads\/2019\/12\/logomio.png\",\"contentUrl\":\"https:\/\/www.miomiorun.com\/app\/uploads\/2019\/12\/logomio.png\",\"width\":115,\"height\":82,\"caption\":\"MioMio Run\"},\"image\":{\"@id\":\"https:\/\/www.miomiorun.com\/fr\/#\/schema\/logo\/image\/\"},\"sameAs\":[\"https:\/\/www.facebook.com\/miomiorun\/\",\"https:\/\/www.instagram.com\/miomiorun\/\"]}]}<\/script>\n<!-- \/ Yoast SEO plugin. -->","yoast_head_json":{"title":"Altra Outroad 2 femme - chaussures de trail- MioMioRun.com","description":"La Outroad 2 pour femme est con\u00e7ue pour la course sur route et le trail running l\u00e9ger. Elle pr\u00e9sente une tige revisit\u00e9e pour offrir un maximum de","robots":{"index":"index","follow":"follow","max-snippet":"max-snippet:-1","max-image-preview":"max-image-preview:large","max-video-preview":"max-video-preview:-1"},"canonical":"https:\/\/www.miomiorun.com\/fr\/produit\/outroad-2-femme\/","og_locale":"fr_FR","og_type":"article","og_title":"Altra Outroad 2 femme - chaussures de trail- MioMioRun.com","og_description":"La Outroad 2 pour femme est con\u00e7ue pour la course sur route et le trail running l\u00e9ger. Elle pr\u00e9sente une tige revisit\u00e9e pour offrir un maximum de","og_url":"https:\/\/www.miomiorun.com\/fr\/produit\/outroad-2-femme\/","og_site_name":"MioMioRun","article_publisher":"https:\/\/www.facebook.com\/miomiorun\/","article_modified_time":"2026-05-08T19:59:25+00:00","og_image":[{"width":600,"height":600,"url":"https:\/\/www.miomiorun.com\/app\/uploads\/2024\/03\/altra-Outroad-2-W-yellow-AL0A82CY7701.webp","type":"image\/webp"}],"twitter_card":"summary_large_image","twitter_misc":{"Est. reading time":"2 minutes"},"schema":{"@context":"https:\/\/schema.org","@graph":[{"@type":"WebPage","@id":"https:\/\/www.miomiorun.com\/fr\/produit\/outroad-2-femme\/","url":"https:\/\/www.miomiorun.com\/fr\/produit\/outroad-2-femme\/","name":"Altra Outroad 2 femme - chaussures de trail- MioMioRun.com","isPartOf":{"@id":"https:\/\/www.miomiorun.com\/fr\/#website"},"primaryImageOfPage":{"@id":"https:\/\/www.miomiorun.com\/fr\/produit\/outroad-2-femme\/#primaryimage"},"image":{"@id":"https:\/\/www.miomiorun.com\/fr\/produit\/outroad-2-femme\/#primaryimage"},"thumbnailUrl":"https:\/\/www.miomiorun.com\/app\/uploads\/2024\/03\/altra-Outroad-2-W-yellow-AL0A82CY7701.webp","datePublished":"2024-01-30T12:07:18+00:00","dateModified":"2026-05-08T19:59:25+00:00","description":"La Outroad 2 pour femme est con\u00e7ue pour la course sur route et le trail running l\u00e9ger. Elle pr\u00e9sente une tige revisit\u00e9e pour offrir un maximum de","breadcrumb":{"@id":"https:\/\/www.miomiorun.com\/fr\/produit\/outroad-2-femme\/#breadcrumb"},"inLanguage":"fr-FR","potentialAction":[{"@type":"ReadAction","target":["https:\/\/www.miomiorun.com\/fr\/produit\/outroad-2-femme\/"]}]},{"@type":"ImageObject","inLanguage":"fr-FR","@id":"https:\/\/www.miomiorun.com\/fr\/produit\/outroad-2-femme\/#primaryimage","url":"https:\/\/www.miomiorun.com\/app\/uploads\/2024\/03\/altra-Outroad-2-W-yellow-AL0A82CY7701.webp","contentUrl":"https:\/\/www.miomiorun.com\/app\/uploads\/2024\/03\/altra-Outroad-2-W-yellow-AL0A82CY7701.webp","width":600,"height":600,"caption":"altra Outroad 2 W yellow AL0A82CY7701"},{"@type":"BreadcrumbList","@id":"https:\/\/www.miomiorun.com\/fr\/produit\/outroad-2-femme\/#breadcrumb","itemListElement":[{"@type":"ListItem","position":1,"name":"Home","item":"https:\/\/www.miomiorun.com\/fr\/home-page\/"},{"@type":"ListItem","position":2,"name":"Shop","item":"https:\/\/www.miomiorun.com\/shop\/"},{"@type":"ListItem","position":3,"name":"Outroad 2 femme"}]},{"@type":"WebSite","@id":"https:\/\/www.miomiorun.com\/fr\/#website","url":"https:\/\/www.miomiorun.com\/fr\/","name":"MioMioRun","description":"Boutique 100% running et trail","publisher":{"@id":"https:\/\/www.miomiorun.com\/fr\/#organization"},"potentialAction":[{"@type":"SearchAction","target":{"@type":"EntryPoint","urlTemplate":"https:\/\/www.miomiorun.com\/fr\/?s={search_term_string}"},"query-input":{"@type":"PropertyValueSpecification","valueRequired":true,"valueName":"search_term_string"}}],"inLanguage":"fr-FR"},{"@type":"Organization","@id":"https:\/\/www.miomiorun.com\/fr\/#organization","name":"MioMio Run","url":"https:\/\/www.miomiorun.com\/fr\/","logo":{"@type":"ImageObject","inLanguage":"fr-FR","@id":"https:\/\/www.miomiorun.com\/fr\/#\/schema\/logo\/image\/","url":"https:\/\/www.miomiorun.com\/app\/uploads\/2019\/12\/logomio.png","contentUrl":"https:\/\/www.miomiorun.com\/app\/uploads\/2019\/12\/logomio.png","width":115,"height":82,"caption":"MioMio Run"},"image":{"@id":"https:\/\/www.miomiorun.com\/fr\/#\/schema\/logo\/image\/"},"sameAs":["https:\/\/www.facebook.com\/miomiorun\/","https:\/\/www.instagram.com\/miomiorun\/"]}]}},"_links":{"self":[{"href":"https:\/\/www.miomiorun.com\/fr\/wp-json\/wp\/v2\/product\/289993","targetHints":{"allow":["GET"]}}],"collection":[{"href":"https:\/\/www.miomiorun.com\/fr\/wp-json\/wp\/v2\/product"}],"about":[{"href":"https:\/\/www.miomiorun.com\/fr\/wp-json\/wp\/v2\/types\/product"}],"wp:featuredmedia":[{"embeddable":true,"href":"https:\/\/www.miomiorun.com\/fr\/wp-json\/wp\/v2\/media\/245670"}],"wp:attachment":[{"href":"https:\/\/www.miomiorun.com\/fr\/wp-json\/wp\/v2\/media?parent=289993"}],"wp:term":[{"taxonomy":"product_brand","embeddable":true,"href":"https:\/\/www.miomiorun.com\/fr\/wp-json\/wp\/v2\/product_brand?post=289993"},{"taxonomy":"product_cat","embeddable":true,"href":"https:\/\/www.miomiorun.com\/fr\/wp-json\/wp\/v2\/product_cat?post=289993"},{"taxonomy":"product_tag","embeddable":true,"href":"https:\/\/www.miomiorun.com\/fr\/wp-json\/wp\/v2\/product_tag?post=289993"}],"curies":[{"name":"wp","href":"https:\/\/api.w.org\/{rel}","templated":true}]}}