{"id":289726,"date":"2024-02-06T12:54:16","date_gmt":"2024-02-06T11:54:16","guid":{"rendered":"https:\/\/miomiorun.com\/prodotto\/omni-22-donna\/"},"modified":"2025-12-04T17:54:00","modified_gmt":"2025-12-04T16:54:00","slug":"omni-22-femme","status":"publish","type":"product","link":"https:\/\/www.miomiorun.com\/fr\/produit\/omni-22-femme\/","title":{"rendered":"Omni 22 femme"},"content":{"rendered":"<p><div class=\"vc-row container\"><div class=\"vc-column\"><div class=\"vc-column-text\"><\/p>\n<h4>Caract\u00e9ristiques techniques<\/h4>\n<p>Cat\u00e9gorie : amorti moyen<br \/>\nD\u00e9calage : 8 mm (35\/27 mm)<br \/>\nPoids : 252 g<br \/>\nId\u00e9al pour : les coureurs ayant tendance \u00e0 la pronation, \u00e0 la recherche d&#8217;un mod\u00e8le offrant soutien et protection, mais sans renoncer aux performances gr\u00e2ce au poids r\u00e9duit de la chaussure.<br \/>\nPoids de l&#8217;athl\u00e8te : &gt;70 kg<br \/>\nAllure de course : moyenne (5-6 min\/km)<br \/>\n<a href=\"https:\/\/miomiorun.com\/fr\/guide-des-specificites\/\">Guide des sp\u00e9cifications techniques<\/a><\/p>\n<p><\/div><\/div><div class=\"vc-column\"><div class=\"vc-column-text\"><\/p>\n<h2>Nouvelle Omni 22 dans sa version femme, une chaussure \u00e0 amorti soutenu pour vous offrir une course agr\u00e9able.<br \/>\nLa nouvelle <strong>Omni 22<\/strong> est \u00e9quip\u00e9e d&#8217;une semelle int\u00e9rieure en <strong>PWRRUN<\/strong> avec une couche suppl\u00e9mentaire d&#8217;amorti pour une plus grande r\u00e9activit\u00e9. Id\u00e9ale pour tous les coureurs ayant tendance \u00e0 la pronation, cette chaussure offre un excellent soutien qui aide \u00e0 contr\u00f4ler le pied pendant la course.<\/p>\n<h3><strong>Caract\u00e9ristiques :<\/strong><\/h3>\n<ul>\n<li>Design innovant et adaptatif<\/li>\n<li>Tige en mesh technique<\/li>\n<li>Soutien amorti<\/li>\n<li>Semelle int\u00e9rieure en <strong>PWRRUN+ <\/strong>et amorti en <strong>PWRRUN<\/strong><\/li>\n<\/ul>\n<p>Extr\u00eamement confortable gr\u00e2ce \u00e0 la semelle int\u00e9rieure <strong>PWRRUN+<\/strong> et \u00e0 l&#8217;amorti en <strong>PWRRUN<\/strong><\/p>\n<p><strong>PWRRUN+<\/strong><\/p>\n<p>La derni\u00e8re innovation en mati\u00e8re d&#8217;amorti \u00e0 base de PU, formul\u00e9e avec une densit\u00e9 plus faible pour augmenter la souplesse et r\u00e9duire le poids de l&#8217;amorti ultra-r\u00e9sistant. Elle offre le meilleur dans les six aspects de l&#8217;amorti : absorption des chocs, r\u00e9ponse \u00e0 la foul\u00e9e, r\u00e9duction de la pression, retour d&#8217;\u00e9nergie, durabilit\u00e9 et poids.<\/p>\n<p><strong>PWRRUN<\/strong><\/p>\n<p>La derni\u00e8re mise \u00e0 jour de l&#8217;amorti \u00e0 base d&#8217;EVA qui offre encore plus de rebond et de durabilit\u00e9 que les formulations pr\u00e9c\u00e9dentes.<\/div><\/div><\/div><\/h2>\n","protected":false},"excerpt":{"rendered":"<ul>\n<li>Chaussure de course stable pour pronateurs.<\/li>\n<li>Nouvelle stabilit\u00e9 am\u00e9lior\u00e9e.<\/li>\n<\/ul>\n","protected":false},"featured_media":245238,"template":"","meta":{"_acf_changed":false,"inline_featured_image":false},"product_brand":[],"product_cat":[22605,22607],"product_tag":[23579,33803],"class_list":{"0":"post-289726","1":"product","2":"type-product","3":"status-publish","4":"has-post-thumbnail","6":"product_cat-chaussures-pour-femmes","7":"product_cat-ecuries","8":"product_tag-saucony-fr","9":"product_tag-saucony-donna-fr","10":"pa_attivita-marcher","11":"pa_attivita-running-fr","12":"pa_colore-omni-22-w-cobalt-orchid-fr","13":"pa_marca-saucony-fr","14":"pa_sesso-femme","15":"pa_size-40-fr","17":"first","18":"instock","19":"taxable","20":"shipping-taxable","21":"purchasable","22":"product-type-variable","23":"wvs-archive-product-wrapper"},"acf":[],"yoast_head":"<!-- This site is optimized with the Yoast SEO plugin v26.8 - https:\/\/yoast.com\/product\/yoast-seo-wordpress\/ -->\n<title>Saucony Omni 22 femme - chaussures de course - MioMioRun.com<\/title>\n<meta name=\"description\" content=\"La nouvelle Omni 22 est dot\u00e9e d&#039;une semelle interm\u00e9diaire en PWRRUN avec une couche suppl\u00e9mentaire d&#039;amorti pour une meilleure r\u00e9activit\u00e9. La tige est en mesh technique.\" \/>\n<meta name=\"robots\" content=\"index, follow, max-snippet:-1, max-image-preview:large, max-video-preview:-1\" \/>\n<link rel=\"canonical\" href=\"https:\/\/www.miomiorun.com\/fr\/produit\/omni-22-femme\/\" \/>\n<meta property=\"og:locale\" content=\"fr_FR\" \/>\n<meta property=\"og:type\" content=\"article\" \/>\n<meta property=\"og:title\" content=\"Saucony Omni 22 femme - chaussures de course - MioMioRun.com\" \/>\n<meta property=\"og:description\" content=\"La nouvelle Omni 22 est dot\u00e9e d&#039;une semelle interm\u00e9diaire en PWRRUN avec une couche suppl\u00e9mentaire d&#039;amorti pour une meilleure r\u00e9activit\u00e9. La tige est en mesh technique.\" \/>\n<meta property=\"og:url\" content=\"https:\/\/www.miomiorun.com\/fr\/produit\/omni-22-femme\/\" \/>\n<meta property=\"og:site_name\" content=\"MioMioRun\" \/>\n<meta property=\"article:publisher\" content=\"https:\/\/www.facebook.com\/miomiorun\/\" \/>\n<meta property=\"article:modified_time\" content=\"2025-12-04T16:54:00+00:00\" \/>\n<meta property=\"og:image\" content=\"https:\/\/www.miomiorun.com\/app\/uploads\/2024\/02\/saucony-omni-22-W-cobalt-orchid-S10926-107.webp\" \/>\n\t<meta property=\"og:image:width\" content=\"600\" \/>\n\t<meta property=\"og:image:height\" content=\"600\" \/>\n\t<meta property=\"og:image:type\" content=\"image\/webp\" \/>\n<meta name=\"twitter:card\" content=\"summary_large_image\" \/>\n<meta name=\"twitter:label1\" content=\"Est. reading time\" \/>\n\t<meta name=\"twitter:data1\" content=\"1 minute\" \/>\n<script type=\"application\/ld+json\" class=\"yoast-schema-graph\">{\"@context\":\"https:\/\/schema.org\",\"@graph\":[{\"@type\":\"WebPage\",\"@id\":\"https:\/\/www.miomiorun.com\/fr\/produit\/omni-22-femme\/\",\"url\":\"https:\/\/www.miomiorun.com\/fr\/produit\/omni-22-femme\/\",\"name\":\"Saucony Omni 22 femme - chaussures de course - MioMioRun.com\",\"isPartOf\":{\"@id\":\"https:\/\/www.miomiorun.com\/fr\/#website\"},\"primaryImageOfPage\":{\"@id\":\"https:\/\/www.miomiorun.com\/fr\/produit\/omni-22-femme\/#primaryimage\"},\"image\":{\"@id\":\"https:\/\/www.miomiorun.com\/fr\/produit\/omni-22-femme\/#primaryimage\"},\"thumbnailUrl\":\"https:\/\/www.miomiorun.com\/app\/uploads\/2024\/02\/saucony-omni-22-W-cobalt-orchid-S10926-107.webp\",\"datePublished\":\"2024-02-06T11:54:16+00:00\",\"dateModified\":\"2025-12-04T16:54:00+00:00\",\"description\":\"La nouvelle Omni 22 est dot\u00e9e d'une semelle interm\u00e9diaire en PWRRUN avec une couche suppl\u00e9mentaire d'amorti pour une meilleure r\u00e9activit\u00e9. La tige est en mesh technique.\",\"breadcrumb\":{\"@id\":\"https:\/\/www.miomiorun.com\/fr\/produit\/omni-22-femme\/#breadcrumb\"},\"inLanguage\":\"fr-FR\",\"potentialAction\":[{\"@type\":\"ReadAction\",\"target\":[\"https:\/\/www.miomiorun.com\/fr\/produit\/omni-22-femme\/\"]}]},{\"@type\":\"ImageObject\",\"inLanguage\":\"fr-FR\",\"@id\":\"https:\/\/www.miomiorun.com\/fr\/produit\/omni-22-femme\/#primaryimage\",\"url\":\"https:\/\/www.miomiorun.com\/app\/uploads\/2024\/02\/saucony-omni-22-W-cobalt-orchid-S10926-107.webp\",\"contentUrl\":\"https:\/\/www.miomiorun.com\/app\/uploads\/2024\/02\/saucony-omni-22-W-cobalt-orchid-S10926-107.webp\",\"width\":600,\"height\":600,\"caption\":\"saucony omni 22 W cobalt orchid S10926-107\"},{\"@type\":\"BreadcrumbList\",\"@id\":\"https:\/\/www.miomiorun.com\/fr\/produit\/omni-22-femme\/#breadcrumb\",\"itemListElement\":[{\"@type\":\"ListItem\",\"position\":1,\"name\":\"Home\",\"item\":\"https:\/\/www.miomiorun.com\/fr\/home-page\/\"},{\"@type\":\"ListItem\",\"position\":2,\"name\":\"Shop\",\"item\":\"https:\/\/www.miomiorun.com\/shop\/\"},{\"@type\":\"ListItem\",\"position\":3,\"name\":\"Omni 22 femme\"}]},{\"@type\":\"WebSite\",\"@id\":\"https:\/\/www.miomiorun.com\/fr\/#website\",\"url\":\"https:\/\/www.miomiorun.com\/fr\/\",\"name\":\"MioMioRun\",\"description\":\"Boutique 100% running et trail\",\"publisher\":{\"@id\":\"https:\/\/www.miomiorun.com\/fr\/#organization\"},\"potentialAction\":[{\"@type\":\"SearchAction\",\"target\":{\"@type\":\"EntryPoint\",\"urlTemplate\":\"https:\/\/www.miomiorun.com\/fr\/?s={search_term_string}\"},\"query-input\":{\"@type\":\"PropertyValueSpecification\",\"valueRequired\":true,\"valueName\":\"search_term_string\"}}],\"inLanguage\":\"fr-FR\"},{\"@type\":\"Organization\",\"@id\":\"https:\/\/www.miomiorun.com\/fr\/#organization\",\"name\":\"MioMio Run\",\"url\":\"https:\/\/www.miomiorun.com\/fr\/\",\"logo\":{\"@type\":\"ImageObject\",\"inLanguage\":\"fr-FR\",\"@id\":\"https:\/\/www.miomiorun.com\/fr\/#\/schema\/logo\/image\/\",\"url\":\"https:\/\/www.miomiorun.com\/app\/uploads\/2019\/12\/logomio.png\",\"contentUrl\":\"https:\/\/www.miomiorun.com\/app\/uploads\/2019\/12\/logomio.png\",\"width\":115,\"height\":82,\"caption\":\"MioMio Run\"},\"image\":{\"@id\":\"https:\/\/www.miomiorun.com\/fr\/#\/schema\/logo\/image\/\"},\"sameAs\":[\"https:\/\/www.facebook.com\/miomiorun\/\",\"https:\/\/www.instagram.com\/miomiorun\/\"]}]}<\/script>\n<!-- \/ Yoast SEO plugin. -->","yoast_head_json":{"title":"Saucony Omni 22 femme - chaussures de course - MioMioRun.com","description":"La nouvelle Omni 22 est dot\u00e9e d'une semelle interm\u00e9diaire en PWRRUN avec une couche suppl\u00e9mentaire d'amorti pour une meilleure r\u00e9activit\u00e9. La tige est en mesh technique.","robots":{"index":"index","follow":"follow","max-snippet":"max-snippet:-1","max-image-preview":"max-image-preview:large","max-video-preview":"max-video-preview:-1"},"canonical":"https:\/\/www.miomiorun.com\/fr\/produit\/omni-22-femme\/","og_locale":"fr_FR","og_type":"article","og_title":"Saucony Omni 22 femme - chaussures de course - MioMioRun.com","og_description":"La nouvelle Omni 22 est dot\u00e9e d'une semelle interm\u00e9diaire en PWRRUN avec une couche suppl\u00e9mentaire d'amorti pour une meilleure r\u00e9activit\u00e9. La tige est en mesh technique.","og_url":"https:\/\/www.miomiorun.com\/fr\/produit\/omni-22-femme\/","og_site_name":"MioMioRun","article_publisher":"https:\/\/www.facebook.com\/miomiorun\/","article_modified_time":"2025-12-04T16:54:00+00:00","og_image":[{"width":600,"height":600,"url":"https:\/\/www.miomiorun.com\/app\/uploads\/2024\/02\/saucony-omni-22-W-cobalt-orchid-S10926-107.webp","type":"image\/webp"}],"twitter_card":"summary_large_image","twitter_misc":{"Est. reading time":"1 minute"},"schema":{"@context":"https:\/\/schema.org","@graph":[{"@type":"WebPage","@id":"https:\/\/www.miomiorun.com\/fr\/produit\/omni-22-femme\/","url":"https:\/\/www.miomiorun.com\/fr\/produit\/omni-22-femme\/","name":"Saucony Omni 22 femme - chaussures de course - MioMioRun.com","isPartOf":{"@id":"https:\/\/www.miomiorun.com\/fr\/#website"},"primaryImageOfPage":{"@id":"https:\/\/www.miomiorun.com\/fr\/produit\/omni-22-femme\/#primaryimage"},"image":{"@id":"https:\/\/www.miomiorun.com\/fr\/produit\/omni-22-femme\/#primaryimage"},"thumbnailUrl":"https:\/\/www.miomiorun.com\/app\/uploads\/2024\/02\/saucony-omni-22-W-cobalt-orchid-S10926-107.webp","datePublished":"2024-02-06T11:54:16+00:00","dateModified":"2025-12-04T16:54:00+00:00","description":"La nouvelle Omni 22 est dot\u00e9e d'une semelle interm\u00e9diaire en PWRRUN avec une couche suppl\u00e9mentaire d'amorti pour une meilleure r\u00e9activit\u00e9. La tige est en mesh technique.","breadcrumb":{"@id":"https:\/\/www.miomiorun.com\/fr\/produit\/omni-22-femme\/#breadcrumb"},"inLanguage":"fr-FR","potentialAction":[{"@type":"ReadAction","target":["https:\/\/www.miomiorun.com\/fr\/produit\/omni-22-femme\/"]}]},{"@type":"ImageObject","inLanguage":"fr-FR","@id":"https:\/\/www.miomiorun.com\/fr\/produit\/omni-22-femme\/#primaryimage","url":"https:\/\/www.miomiorun.com\/app\/uploads\/2024\/02\/saucony-omni-22-W-cobalt-orchid-S10926-107.webp","contentUrl":"https:\/\/www.miomiorun.com\/app\/uploads\/2024\/02\/saucony-omni-22-W-cobalt-orchid-S10926-107.webp","width":600,"height":600,"caption":"saucony omni 22 W cobalt orchid S10926-107"},{"@type":"BreadcrumbList","@id":"https:\/\/www.miomiorun.com\/fr\/produit\/omni-22-femme\/#breadcrumb","itemListElement":[{"@type":"ListItem","position":1,"name":"Home","item":"https:\/\/www.miomiorun.com\/fr\/home-page\/"},{"@type":"ListItem","position":2,"name":"Shop","item":"https:\/\/www.miomiorun.com\/shop\/"},{"@type":"ListItem","position":3,"name":"Omni 22 femme"}]},{"@type":"WebSite","@id":"https:\/\/www.miomiorun.com\/fr\/#website","url":"https:\/\/www.miomiorun.com\/fr\/","name":"MioMioRun","description":"Boutique 100% running et trail","publisher":{"@id":"https:\/\/www.miomiorun.com\/fr\/#organization"},"potentialAction":[{"@type":"SearchAction","target":{"@type":"EntryPoint","urlTemplate":"https:\/\/www.miomiorun.com\/fr\/?s={search_term_string}"},"query-input":{"@type":"PropertyValueSpecification","valueRequired":true,"valueName":"search_term_string"}}],"inLanguage":"fr-FR"},{"@type":"Organization","@id":"https:\/\/www.miomiorun.com\/fr\/#organization","name":"MioMio Run","url":"https:\/\/www.miomiorun.com\/fr\/","logo":{"@type":"ImageObject","inLanguage":"fr-FR","@id":"https:\/\/www.miomiorun.com\/fr\/#\/schema\/logo\/image\/","url":"https:\/\/www.miomiorun.com\/app\/uploads\/2019\/12\/logomio.png","contentUrl":"https:\/\/www.miomiorun.com\/app\/uploads\/2019\/12\/logomio.png","width":115,"height":82,"caption":"MioMio Run"},"image":{"@id":"https:\/\/www.miomiorun.com\/fr\/#\/schema\/logo\/image\/"},"sameAs":["https:\/\/www.facebook.com\/miomiorun\/","https:\/\/www.instagram.com\/miomiorun\/"]}]}},"_links":{"self":[{"href":"https:\/\/www.miomiorun.com\/fr\/wp-json\/wp\/v2\/product\/289726","targetHints":{"allow":["GET"]}}],"collection":[{"href":"https:\/\/www.miomiorun.com\/fr\/wp-json\/wp\/v2\/product"}],"about":[{"href":"https:\/\/www.miomiorun.com\/fr\/wp-json\/wp\/v2\/types\/product"}],"wp:featuredmedia":[{"embeddable":true,"href":"https:\/\/www.miomiorun.com\/fr\/wp-json\/wp\/v2\/media\/245238"}],"wp:attachment":[{"href":"https:\/\/www.miomiorun.com\/fr\/wp-json\/wp\/v2\/media?parent=289726"}],"wp:term":[{"taxonomy":"product_brand","embeddable":true,"href":"https:\/\/www.miomiorun.com\/fr\/wp-json\/wp\/v2\/product_brand?post=289726"},{"taxonomy":"product_cat","embeddable":true,"href":"https:\/\/www.miomiorun.com\/fr\/wp-json\/wp\/v2\/product_cat?post=289726"},{"taxonomy":"product_tag","embeddable":true,"href":"https:\/\/www.miomiorun.com\/fr\/wp-json\/wp\/v2\/product_tag?post=289726"}],"curies":[{"name":"wp","href":"https:\/\/api.w.org\/{rel}","templated":true}]}}