{"id":289719,"date":"2024-02-06T15:22:31","date_gmt":"2024-02-06T14:22:31","guid":{"rendered":"https:\/\/miomiorun.com\/prodotto\/fusion-4-0-donna\/"},"modified":"2025-12-03T19:14:15","modified_gmt":"2025-12-03T18:14:15","slug":"fusion-4-0-femme","status":"publish","type":"product","link":"https:\/\/www.miomiorun.com\/fr\/produit\/fusion-4-0-femme\/","title":{"rendered":"Fusion 4.0 femme"},"content":{"rendered":"<div class=\"vc-row container\"><div class=\"vc-column\"><div class=\"vc-column-text\"><\/p>\n<h4>Caract\u00e9ristiques techniques<\/h4>\n<p>Cat\u00e9gorie : excellent amorti<br \/>\nD\u00e9calage : 6 mm<br \/>\nPoids : 250 g<br \/>\nId\u00e9al pour : les coureurs \u00e0 la recherche d&#8217;une chaussure offrant un bon amorti et une excellente stabilit\u00e9, avec une transition fluide, pour les courses de moyenne et longue distance.<br \/>\nPoids de l&#8217;athl\u00e8te : 75-85 kg<br \/>\nAllure de course : moyenne (5,00-6,00 min\/km)<br \/>\n<a href=\"https:\/\/miomiorun.com\/fr\/guide-des-specificites\/\">Guide des sp\u00e9cifications techniques<\/a><\/p>\n<p><\/div><\/div><div class=\"vc-column\"><div class=\"vc-column-text\">La KARHU <strong>Fusion 4.0<\/strong> pour homme offre une foul\u00e9e souple et propulsive, id\u00e9ale pour les coureurs neutres. Les nouveaux ajouts et ajustements apport\u00e9s \u00e0 la Fusion 4.0 rendent cette chaussure exceptionnelle pour acc\u00e9l\u00e9rer de mani\u00e8re fluide la transition du talon \u00e0 la pointe, garantissant une exp\u00e9rience r\u00e9active sous le pied, quel que soit le rythme.<\/p>\n<p>Cette mise \u00e0 jour utilise le mesh souple <strong>IdealKnit<\/strong> pour am\u00e9liorer la respirabilit\u00e9 et le confort. Le plus important est l&#8217;int\u00e9gration de la nouvelle mousse AeroFoam inject\u00e9e d&#8217;azote dans la semelle interm\u00e9diaire. Cette mousse am\u00e9lior\u00e9e offre un meilleur rebond, tandis que l&#8217;ajout d&#8217;un canal de d\u00e9flexion dans la partie inf\u00e9rieure de la semelle interm\u00e9diaire aide \u00e0 absorber les chocs et \u00e0 garantir une exp\u00e9rience plus amortie.<\/p>\n<h2>La KARHU Fusion 4.0 est la chaussure tout-en-un par excellence pour les coureurs qui recherchent un m\u00e9lange unique de confort, de r\u00e9activit\u00e9 et de performance. <\/h2>\n<p><strong>Caract\u00e9ristiques :<\/strong><\/p>\n<ul>\n<li>Unit\u00e9 de propulsion + Fulcrum<\/li>\n<li>IdealKnit<\/li>\n<li>Ortix Fit<\/li>\n<li>Semelle interm\u00e9diaire AeroFoam avec injection d&#8217;azote<\/li>\n<li>Syst\u00e8me de la\u00e7age M-Lock<\/li>\n<\/ul>\n<p><strong>TECHNOLOGIE<\/strong><\/p>\n<p>&nbsp;<\/p>\n<p><img loading=\"lazy\" decoding=\"async\" class=\"\" src=\"https:\/\/cdn.shopify.com\/s\/files\/1\/0519\/4570\/1549\/files\/fulcrum_800x.png?v=1612961012\" width=\"205\" height=\"91\"><\/p>\n<p>La technologie KARHU Fulcrum est con\u00e7ue pour maintenir toutes les forces vers l&#8217;avant, en r\u00e9duisant les forces de freinage et en utilisant l&#8217;\u00e9nergie naturelle de votre corps pour cr\u00e9er une conduite plus fluide. C&#8217;est ce que nous appelons l&#8217;effet Rolling. La technologie Fulcrum offre : un amorti \u00e9quilibr\u00e9, un meilleur soutien, plus d&#8217;\u00e9nergie. Le Fusion pr\u00e9sente un pivot de trois quarts de longueur.<\/div><\/div><\/div>\n","protected":false},"excerpt":{"rendered":"<ul>\n<li>Chaussure ultra-amortissante.<\/li>\n<li>Technologie Fulcrum.<\/li>\n<li>Semelle interm\u00e9diaire infus\u00e9e d&#8217;azote.<\/li>\n<\/ul>\n","protected":false},"featured_media":245706,"template":"","meta":{"_acf_changed":false,"inline_featured_image":false},"product_brand":[],"product_cat":[24435,24434],"product_tag":[23474,23495],"class_list":{"0":"post-289719","1":"product","2":"type-product","3":"status-publish","4":"has-post-thumbnail","6":"product_cat-chaussures-pour-femmes-fr","7":"product_cat-neutre-fr-2","8":"product_tag-karhu-fr","9":"product_tag-karhu-femme","10":"pa_attivita-fitness-fr","11":"pa_attivita-marcher","12":"pa_attivita-running-fr","13":"pa_colore-fusion-4-0-w-black-stormy-weather-fr","14":"pa_colore-fusion-4-0-w-brilliant-white-anemone-fr","15":"pa_colore-fusion-4-0-w-crystal-grey-metal-fr","16":"pa_colore-fusion-4-0-w-sea-foam-excalibur-fr","17":"pa_colore-fusion-4-0-w-skywriting-white-jade-fr","18":"pa_colore-fusion-4-0-w-turbulence-yellow-plum-fr","19":"pa_colore-fusion-4-0-w-vanilla-ice-fiery-coral-fr","20":"pa_marca-karhu-fr","21":"pa_sesso-femme","22":"pa_size-37-5-fr","23":"pa_size-38-fr","24":"pa_size-39-fr","25":"pa_size-39-5-fr","26":"pa_size-40-fr","27":"pa_size-40-5-fr","28":"pa_size-41-5-fr","29":"pa_size-42-fr","31":"first","32":"instock","33":"sale","34":"taxable","35":"shipping-taxable","36":"purchasable","37":"product-type-variable","38":"wvs-archive-product-wrapper"},"acf":[],"yoast_head":"<!-- This site is optimized with the Yoast SEO plugin v26.8 - https:\/\/yoast.com\/product\/yoast-seo-wordpress\/ -->\n<title>Karhu Fusion 4.0 femme - chaussures de course- MioMioRun<\/title>\n<meta name=\"description\" content=\"La KARHU Fusion 4.0 pour homme offre une foul\u00e9e souple et propulsive, id\u00e9ale pour les coureurs neutres. Nouvelle mousse AeroFoam inject\u00e9e d&#039;azote dans la semelle interm\u00e9diaire.\" \/>\n<meta name=\"robots\" content=\"index, follow, max-snippet:-1, max-image-preview:large, max-video-preview:-1\" \/>\n<link rel=\"canonical\" href=\"https:\/\/www.miomiorun.com\/fr\/produit\/fusion-4-0-femme\/\" \/>\n<meta property=\"og:locale\" content=\"fr_FR\" \/>\n<meta property=\"og:type\" content=\"article\" \/>\n<meta property=\"og:title\" content=\"Karhu Fusion 4.0 femme - chaussures de course- MioMioRun\" \/>\n<meta property=\"og:description\" content=\"La KARHU Fusion 4.0 pour homme offre une foul\u00e9e souple et propulsive, id\u00e9ale pour les coureurs neutres. Nouvelle mousse AeroFoam inject\u00e9e d&#039;azote dans la semelle interm\u00e9diaire.\" \/>\n<meta property=\"og:url\" content=\"https:\/\/www.miomiorun.com\/fr\/produit\/fusion-4-0-femme\/\" \/>\n<meta property=\"og:site_name\" content=\"MioMioRun\" \/>\n<meta property=\"article:publisher\" content=\"https:\/\/www.facebook.com\/miomiorun\/\" \/>\n<meta property=\"article:modified_time\" content=\"2025-12-03T18:14:15+00:00\" \/>\n<meta property=\"og:image\" content=\"https:\/\/www.miomiorun.com\/app\/uploads\/2024\/03\/karhu-fusion-4.0-W-skywriting-white-jade-F201009.webp\" \/>\n\t<meta property=\"og:image:width\" content=\"600\" \/>\n\t<meta property=\"og:image:height\" content=\"600\" \/>\n\t<meta property=\"og:image:type\" content=\"image\/webp\" \/>\n<meta name=\"twitter:card\" content=\"summary_large_image\" \/>\n<meta name=\"twitter:label1\" content=\"Est. reading time\" \/>\n\t<meta name=\"twitter:data1\" content=\"2 minutes\" \/>\n<script type=\"application\/ld+json\" class=\"yoast-schema-graph\">{\"@context\":\"https:\/\/schema.org\",\"@graph\":[{\"@type\":\"WebPage\",\"@id\":\"https:\/\/www.miomiorun.com\/fr\/produit\/fusion-4-0-femme\/\",\"url\":\"https:\/\/www.miomiorun.com\/fr\/produit\/fusion-4-0-femme\/\",\"name\":\"Karhu Fusion 4.0 femme - chaussures de course- MioMioRun\",\"isPartOf\":{\"@id\":\"https:\/\/www.miomiorun.com\/fr\/#website\"},\"primaryImageOfPage\":{\"@id\":\"https:\/\/www.miomiorun.com\/fr\/produit\/fusion-4-0-femme\/#primaryimage\"},\"image\":{\"@id\":\"https:\/\/www.miomiorun.com\/fr\/produit\/fusion-4-0-femme\/#primaryimage\"},\"thumbnailUrl\":\"https:\/\/www.miomiorun.com\/app\/uploads\/2024\/03\/karhu-fusion-4.0-W-skywriting-white-jade-F201009.webp\",\"datePublished\":\"2024-02-06T14:22:31+00:00\",\"dateModified\":\"2025-12-03T18:14:15+00:00\",\"description\":\"La KARHU Fusion 4.0 pour homme offre une foul\u00e9e souple et propulsive, id\u00e9ale pour les coureurs neutres. Nouvelle mousse AeroFoam inject\u00e9e d'azote dans la semelle interm\u00e9diaire.\",\"breadcrumb\":{\"@id\":\"https:\/\/www.miomiorun.com\/fr\/produit\/fusion-4-0-femme\/#breadcrumb\"},\"inLanguage\":\"fr-FR\",\"potentialAction\":[{\"@type\":\"ReadAction\",\"target\":[\"https:\/\/www.miomiorun.com\/fr\/produit\/fusion-4-0-femme\/\"]}]},{\"@type\":\"ImageObject\",\"inLanguage\":\"fr-FR\",\"@id\":\"https:\/\/www.miomiorun.com\/fr\/produit\/fusion-4-0-femme\/#primaryimage\",\"url\":\"https:\/\/www.miomiorun.com\/app\/uploads\/2024\/03\/karhu-fusion-4.0-W-skywriting-white-jade-F201009.webp\",\"contentUrl\":\"https:\/\/www.miomiorun.com\/app\/uploads\/2024\/03\/karhu-fusion-4.0-W-skywriting-white-jade-F201009.webp\",\"width\":600,\"height\":600,\"caption\":\"karhu fusion 4.0 W skywriting white jade F201009\"},{\"@type\":\"BreadcrumbList\",\"@id\":\"https:\/\/www.miomiorun.com\/fr\/produit\/fusion-4-0-femme\/#breadcrumb\",\"itemListElement\":[{\"@type\":\"ListItem\",\"position\":1,\"name\":\"Home\",\"item\":\"https:\/\/www.miomiorun.com\/fr\/home-page\/\"},{\"@type\":\"ListItem\",\"position\":2,\"name\":\"Shop\",\"item\":\"https:\/\/www.miomiorun.com\/shop\/\"},{\"@type\":\"ListItem\",\"position\":3,\"name\":\"Fusion 4.0 femme\"}]},{\"@type\":\"WebSite\",\"@id\":\"https:\/\/www.miomiorun.com\/fr\/#website\",\"url\":\"https:\/\/www.miomiorun.com\/fr\/\",\"name\":\"MioMioRun\",\"description\":\"Boutique 100% running et trail\",\"publisher\":{\"@id\":\"https:\/\/www.miomiorun.com\/fr\/#organization\"},\"potentialAction\":[{\"@type\":\"SearchAction\",\"target\":{\"@type\":\"EntryPoint\",\"urlTemplate\":\"https:\/\/www.miomiorun.com\/fr\/?s={search_term_string}\"},\"query-input\":{\"@type\":\"PropertyValueSpecification\",\"valueRequired\":true,\"valueName\":\"search_term_string\"}}],\"inLanguage\":\"fr-FR\"},{\"@type\":\"Organization\",\"@id\":\"https:\/\/www.miomiorun.com\/fr\/#organization\",\"name\":\"MioMio Run\",\"url\":\"https:\/\/www.miomiorun.com\/fr\/\",\"logo\":{\"@type\":\"ImageObject\",\"inLanguage\":\"fr-FR\",\"@id\":\"https:\/\/www.miomiorun.com\/fr\/#\/schema\/logo\/image\/\",\"url\":\"https:\/\/www.miomiorun.com\/app\/uploads\/2019\/12\/logomio.png\",\"contentUrl\":\"https:\/\/www.miomiorun.com\/app\/uploads\/2019\/12\/logomio.png\",\"width\":115,\"height\":82,\"caption\":\"MioMio Run\"},\"image\":{\"@id\":\"https:\/\/www.miomiorun.com\/fr\/#\/schema\/logo\/image\/\"},\"sameAs\":[\"https:\/\/www.facebook.com\/miomiorun\/\",\"https:\/\/www.instagram.com\/miomiorun\/\"]}]}<\/script>\n<!-- \/ Yoast SEO plugin. -->","yoast_head_json":{"title":"Karhu Fusion 4.0 femme - chaussures de course- MioMioRun","description":"La KARHU Fusion 4.0 pour homme offre une foul\u00e9e souple et propulsive, id\u00e9ale pour les coureurs neutres. Nouvelle mousse AeroFoam inject\u00e9e d'azote dans la semelle interm\u00e9diaire.","robots":{"index":"index","follow":"follow","max-snippet":"max-snippet:-1","max-image-preview":"max-image-preview:large","max-video-preview":"max-video-preview:-1"},"canonical":"https:\/\/www.miomiorun.com\/fr\/produit\/fusion-4-0-femme\/","og_locale":"fr_FR","og_type":"article","og_title":"Karhu Fusion 4.0 femme - chaussures de course- MioMioRun","og_description":"La KARHU Fusion 4.0 pour homme offre une foul\u00e9e souple et propulsive, id\u00e9ale pour les coureurs neutres. Nouvelle mousse AeroFoam inject\u00e9e d'azote dans la semelle interm\u00e9diaire.","og_url":"https:\/\/www.miomiorun.com\/fr\/produit\/fusion-4-0-femme\/","og_site_name":"MioMioRun","article_publisher":"https:\/\/www.facebook.com\/miomiorun\/","article_modified_time":"2025-12-03T18:14:15+00:00","og_image":[{"width":600,"height":600,"url":"https:\/\/www.miomiorun.com\/app\/uploads\/2024\/03\/karhu-fusion-4.0-W-skywriting-white-jade-F201009.webp","type":"image\/webp"}],"twitter_card":"summary_large_image","twitter_misc":{"Est. reading time":"2 minutes"},"schema":{"@context":"https:\/\/schema.org","@graph":[{"@type":"WebPage","@id":"https:\/\/www.miomiorun.com\/fr\/produit\/fusion-4-0-femme\/","url":"https:\/\/www.miomiorun.com\/fr\/produit\/fusion-4-0-femme\/","name":"Karhu Fusion 4.0 femme - chaussures de course- MioMioRun","isPartOf":{"@id":"https:\/\/www.miomiorun.com\/fr\/#website"},"primaryImageOfPage":{"@id":"https:\/\/www.miomiorun.com\/fr\/produit\/fusion-4-0-femme\/#primaryimage"},"image":{"@id":"https:\/\/www.miomiorun.com\/fr\/produit\/fusion-4-0-femme\/#primaryimage"},"thumbnailUrl":"https:\/\/www.miomiorun.com\/app\/uploads\/2024\/03\/karhu-fusion-4.0-W-skywriting-white-jade-F201009.webp","datePublished":"2024-02-06T14:22:31+00:00","dateModified":"2025-12-03T18:14:15+00:00","description":"La KARHU Fusion 4.0 pour homme offre une foul\u00e9e souple et propulsive, id\u00e9ale pour les coureurs neutres. Nouvelle mousse AeroFoam inject\u00e9e d'azote dans la semelle interm\u00e9diaire.","breadcrumb":{"@id":"https:\/\/www.miomiorun.com\/fr\/produit\/fusion-4-0-femme\/#breadcrumb"},"inLanguage":"fr-FR","potentialAction":[{"@type":"ReadAction","target":["https:\/\/www.miomiorun.com\/fr\/produit\/fusion-4-0-femme\/"]}]},{"@type":"ImageObject","inLanguage":"fr-FR","@id":"https:\/\/www.miomiorun.com\/fr\/produit\/fusion-4-0-femme\/#primaryimage","url":"https:\/\/www.miomiorun.com\/app\/uploads\/2024\/03\/karhu-fusion-4.0-W-skywriting-white-jade-F201009.webp","contentUrl":"https:\/\/www.miomiorun.com\/app\/uploads\/2024\/03\/karhu-fusion-4.0-W-skywriting-white-jade-F201009.webp","width":600,"height":600,"caption":"karhu fusion 4.0 W skywriting white jade F201009"},{"@type":"BreadcrumbList","@id":"https:\/\/www.miomiorun.com\/fr\/produit\/fusion-4-0-femme\/#breadcrumb","itemListElement":[{"@type":"ListItem","position":1,"name":"Home","item":"https:\/\/www.miomiorun.com\/fr\/home-page\/"},{"@type":"ListItem","position":2,"name":"Shop","item":"https:\/\/www.miomiorun.com\/shop\/"},{"@type":"ListItem","position":3,"name":"Fusion 4.0 femme"}]},{"@type":"WebSite","@id":"https:\/\/www.miomiorun.com\/fr\/#website","url":"https:\/\/www.miomiorun.com\/fr\/","name":"MioMioRun","description":"Boutique 100% running et trail","publisher":{"@id":"https:\/\/www.miomiorun.com\/fr\/#organization"},"potentialAction":[{"@type":"SearchAction","target":{"@type":"EntryPoint","urlTemplate":"https:\/\/www.miomiorun.com\/fr\/?s={search_term_string}"},"query-input":{"@type":"PropertyValueSpecification","valueRequired":true,"valueName":"search_term_string"}}],"inLanguage":"fr-FR"},{"@type":"Organization","@id":"https:\/\/www.miomiorun.com\/fr\/#organization","name":"MioMio Run","url":"https:\/\/www.miomiorun.com\/fr\/","logo":{"@type":"ImageObject","inLanguage":"fr-FR","@id":"https:\/\/www.miomiorun.com\/fr\/#\/schema\/logo\/image\/","url":"https:\/\/www.miomiorun.com\/app\/uploads\/2019\/12\/logomio.png","contentUrl":"https:\/\/www.miomiorun.com\/app\/uploads\/2019\/12\/logomio.png","width":115,"height":82,"caption":"MioMio Run"},"image":{"@id":"https:\/\/www.miomiorun.com\/fr\/#\/schema\/logo\/image\/"},"sameAs":["https:\/\/www.facebook.com\/miomiorun\/","https:\/\/www.instagram.com\/miomiorun\/"]}]}},"_links":{"self":[{"href":"https:\/\/www.miomiorun.com\/fr\/wp-json\/wp\/v2\/product\/289719","targetHints":{"allow":["GET"]}}],"collection":[{"href":"https:\/\/www.miomiorun.com\/fr\/wp-json\/wp\/v2\/product"}],"about":[{"href":"https:\/\/www.miomiorun.com\/fr\/wp-json\/wp\/v2\/types\/product"}],"wp:featuredmedia":[{"embeddable":true,"href":"https:\/\/www.miomiorun.com\/fr\/wp-json\/wp\/v2\/media\/245706"}],"wp:attachment":[{"href":"https:\/\/www.miomiorun.com\/fr\/wp-json\/wp\/v2\/media?parent=289719"}],"wp:term":[{"taxonomy":"product_brand","embeddable":true,"href":"https:\/\/www.miomiorun.com\/fr\/wp-json\/wp\/v2\/product_brand?post=289719"},{"taxonomy":"product_cat","embeddable":true,"href":"https:\/\/www.miomiorun.com\/fr\/wp-json\/wp\/v2\/product_cat?post=289719"},{"taxonomy":"product_tag","embeddable":true,"href":"https:\/\/www.miomiorun.com\/fr\/wp-json\/wp\/v2\/product_tag?post=289719"}],"curies":[{"name":"wp","href":"https:\/\/api.w.org\/{rel}","templated":true}]}}