{"id":289652,"date":"2024-02-08T15:12:27","date_gmt":"2024-02-08T14:12:27","guid":{"rendered":"https:\/\/miomiorun.com\/prodotto\/bushido-iii-donna\/"},"modified":"2025-12-06T11:48:59","modified_gmt":"2025-12-06T10:48:59","slug":"bushido-iii-femme","status":"publish","type":"product","link":"https:\/\/www.miomiorun.com\/fr\/produit\/bushido-iii-femme\/","title":{"rendered":"Bushido III femme"},"content":{"rendered":"<p><div class=\"vc-row container\"><div class=\"vc-column\"><div class=\"vc-column-text\"><\/p>\n<p><strong>Caract\u00e9ristiques techniques<\/strong><\/p>\n<p>Cat\u00e9gorie : amorti moyen<br \/>\nD\u00e9calage : 6 mm<br \/>\nPoids : 295 g<br \/>\nId\u00e9al pour : les amateurs de course et de marche en montagne \u00e0 la recherche d&#8217;un mod\u00e8le polyvalent capable de garantir traction, protection et confort, aussi bien sur les longues que sur les moyennes distances.<br \/>\nPoids de l&#8217;athl\u00e8te : 50-70 kg<br \/>\nAllure de course : moyenne-lente (5,00 min\/km)<br \/>\n<a href=\"https:\/\/miomiorun.com\/fr\/guide-des-specificites\/\">Guide des sp\u00e9cifications techniques<\/a><\/p>\n<p><\/div><\/div><div class=\"vc-column\"><div class=\"vc-column-text\"><\/p>\n<h3>Pr\u00e9parez-vous \u00e0 conqu\u00e9rir les sentiers les plus techniques avec la toute nouvelle chaussure Bushido III Mountain Running\u00ae.<br \/>\nS&#8217;appuyant sur l&#8217;incroyable h\u00e9ritage d\u00e9cennal de la Bushido originale, cette version actualis\u00e9e pr\u00e9sente une nouvelle conception de la semelle et du compos\u00e9 de caoutchouc, un look modernis\u00e9 et une meilleure respirabilit\u00e9. Que vous soyez une coureuse de trail exp\u00e9riment\u00e9e ou d\u00e9butante, la <strong>Bushido III<\/strong> pour femme est un choix facile si vous souhaitez passer \u00e0 la vitesse sup\u00e9rieure.<\/p>\n<p><strong>Caract\u00e9ristiques :<\/strong><\/p>\n<ul>\n<li>Empi\u00e8cements lat\u00e9raux am\u00e9lior\u00e9s pour une meilleure respirabilit\u00e9.<\/li>\n<li>La structure slip-on enveloppe le pied comme une chaussette sans comprimer ni exercer de points de pression.<\/li>\n<li>Semelle renouvel\u00e9e avec un look agressif et une traction encore meilleure. <\/li>\n<li>Les ailettes de la semelle enveloppent la semelle interm\u00e9diaire pour offrir une meilleure adh\u00e9rence et une meilleure stabilit\u00e9 sur les terrains accident\u00e9s.<\/li>\n<li>La semelle double densit\u00e9 Frixion\u00ae red pr\u00e9sente diff\u00e9rentes surfaces de contact qui garantissent une adh\u00e9rence maximale sur tous les types de terrain.<\/li>\n<\/ul>\n<h3>Technologies<\/h3>\n<h3>Mat\u00e9riaux ECO<\/h3>\n<p>Chaussures fabriqu\u00e9es \u00e0 partir de mat\u00e9riaux recycl\u00e9s ou \u00e9cologiques<\/p>\n<h3>Vegan<\/h3>\n<p>Les produits ne contiennent aucun mat\u00e9riau d&#8217;origine animale<\/p>\n<h3>FriXion\u00ae Red<\/h3>\n<p>Double m\u00e9lange de caoutchouc avec un caoutchouc plus adh\u00e9rent au centre et un caoutchouc r\u00e9sistant sur les c\u00f4t\u00e9s de la semelle<\/p>\n<h3>Ortholite\u00ae Hybrid\u2122<\/h3>\n<p>Semelle int\u00e9rieure \u00e9cologique et lavable fabriqu\u00e9e \u00e0 partir de cellules de mousse PU respirante et r\u00e9sistante et de caoutchouc recycl\u00e9.<\/p>\n<h3>Syst\u00e8me de freinage Impact Brake\u2122<\/h3>\n<p>Sch\u00e9ma de cercles avec angles inclin\u00e9s et oppos\u00e9s pour r\u00e9duire les forces d&#8217;impact et augmenter la traction. <\/div><\/div><\/div><\/h3>\n","protected":false},"excerpt":{"rendered":"<ul>\n<li>Chaussures de trail<\/li>\n<li>Id\u00e9ales pour courir en montagne<\/li>\n<\/ul>\n","protected":false},"featured_media":245856,"template":"","meta":{"_acf_changed":false,"inline_featured_image":false},"product_brand":[],"product_cat":[22605,22608],"product_tag":[23597,23601],"class_list":{"0":"post-289652","1":"product","2":"type-product","3":"status-publish","4":"has-post-thumbnail","6":"product_cat-chaussures-pour-femmes","7":"product_cat-trail-fr","8":"product_tag-la-sportiva-fr","9":"product_tag-la-sportiva-femme","10":"pa_attivita-outdoor-fr","11":"pa_attivita-trail-fr","12":"pa_colore-bushido-iii-w-chalk-night-sky-fr","13":"pa_colore-bushido-iii-w-mauve-cobalt-blue","14":"pa_colore-bushido-iii-w-moonlight-zest-fr","15":"pa_marca-la-sportiva-fr","16":"pa_sesso-femme","17":"pa_size-37-5-fr","18":"pa_size-38-fr","19":"pa_size-38-5-fr","20":"pa_size-39-fr","21":"pa_size-39-5-fr","22":"pa_size-40-fr","23":"pa_size-40-5-fr","24":"pa_size-41-fr","26":"first","27":"instock","28":"sale","29":"taxable","30":"shipping-taxable","31":"purchasable","32":"product-type-variable","33":"wvs-archive-product-wrapper"},"acf":[],"yoast_head":"<!-- This site is optimized with the Yoast SEO plugin v26.8 - https:\/\/yoast.com\/product\/yoast-seo-wordpress\/ -->\n<title>La sportiva Bushido III femme - chaussures de trail pour femmes - MioMioRun .com<\/title>\n<meta name=\"description\" content=\"Que vous soyez une coureuse de trail exp\u00e9riment\u00e9e ou d\u00e9butante, la Bushido III pour femme est un choix facile si vous souhaitez am\u00e9liorer vos performances.\" \/>\n<meta name=\"robots\" content=\"index, follow, max-snippet:-1, max-image-preview:large, max-video-preview:-1\" \/>\n<link rel=\"canonical\" href=\"https:\/\/www.miomiorun.com\/fr\/produit\/bushido-iii-femme\/\" \/>\n<meta property=\"og:locale\" content=\"fr_FR\" \/>\n<meta property=\"og:type\" content=\"article\" \/>\n<meta property=\"og:title\" content=\"La sportiva Bushido III femme - chaussures de trail pour femmes - MioMioRun .com\" \/>\n<meta property=\"og:description\" content=\"Que vous soyez une coureuse de trail exp\u00e9riment\u00e9e ou d\u00e9butante, la Bushido III pour femme est un choix facile si vous souhaitez am\u00e9liorer vos performances.\" \/>\n<meta property=\"og:url\" content=\"https:\/\/www.miomiorun.com\/fr\/produit\/bushido-iii-femme\/\" \/>\n<meta property=\"og:site_name\" content=\"MioMioRun\" \/>\n<meta property=\"article:publisher\" content=\"https:\/\/www.facebook.com\/miomiorun\/\" \/>\n<meta property=\"article:modified_time\" content=\"2025-12-06T10:48:59+00:00\" \/>\n<meta property=\"og:image\" content=\"https:\/\/www.miomiorun.com\/app\/uploads\/2024\/03\/La-Sportiva-bushido-III-W-everglade-zest-56T733736.jpg\" \/>\n\t<meta property=\"og:image:width\" content=\"600\" \/>\n\t<meta property=\"og:image:height\" content=\"600\" \/>\n\t<meta property=\"og:image:type\" content=\"image\/jpeg\" \/>\n<meta name=\"twitter:card\" content=\"summary_large_image\" \/>\n<meta name=\"twitter:label1\" content=\"Est. reading time\" \/>\n\t<meta name=\"twitter:data1\" content=\"2 minutes\" \/>\n<script type=\"application\/ld+json\" class=\"yoast-schema-graph\">{\"@context\":\"https:\/\/schema.org\",\"@graph\":[{\"@type\":\"WebPage\",\"@id\":\"https:\/\/www.miomiorun.com\/fr\/produit\/bushido-iii-femme\/\",\"url\":\"https:\/\/www.miomiorun.com\/fr\/produit\/bushido-iii-femme\/\",\"name\":\"La sportiva Bushido III femme - chaussures de trail pour femmes - MioMioRun .com\",\"isPartOf\":{\"@id\":\"https:\/\/www.miomiorun.com\/fr\/#website\"},\"primaryImageOfPage\":{\"@id\":\"https:\/\/www.miomiorun.com\/fr\/produit\/bushido-iii-femme\/#primaryimage\"},\"image\":{\"@id\":\"https:\/\/www.miomiorun.com\/fr\/produit\/bushido-iii-femme\/#primaryimage\"},\"thumbnailUrl\":\"https:\/\/www.miomiorun.com\/app\/uploads\/2024\/03\/La-Sportiva-bushido-III-W-everglade-zest-56T733736.jpg\",\"datePublished\":\"2024-02-08T14:12:27+00:00\",\"dateModified\":\"2025-12-06T10:48:59+00:00\",\"description\":\"Que vous soyez une coureuse de trail exp\u00e9riment\u00e9e ou d\u00e9butante, la Bushido III pour femme est un choix facile si vous souhaitez am\u00e9liorer vos performances.\",\"breadcrumb\":{\"@id\":\"https:\/\/www.miomiorun.com\/fr\/produit\/bushido-iii-femme\/#breadcrumb\"},\"inLanguage\":\"fr-FR\",\"potentialAction\":[{\"@type\":\"ReadAction\",\"target\":[\"https:\/\/www.miomiorun.com\/fr\/produit\/bushido-iii-femme\/\"]}]},{\"@type\":\"ImageObject\",\"inLanguage\":\"fr-FR\",\"@id\":\"https:\/\/www.miomiorun.com\/fr\/produit\/bushido-iii-femme\/#primaryimage\",\"url\":\"https:\/\/www.miomiorun.com\/app\/uploads\/2024\/03\/La-Sportiva-bushido-III-W-everglade-zest-56T733736.jpg\",\"contentUrl\":\"https:\/\/www.miomiorun.com\/app\/uploads\/2024\/03\/La-Sportiva-bushido-III-W-everglade-zest-56T733736.jpg\",\"width\":600,\"height\":600,\"caption\":\"La-Sportiva-bushido-III-W-everglade-zest-56T733736\"},{\"@type\":\"BreadcrumbList\",\"@id\":\"https:\/\/www.miomiorun.com\/fr\/produit\/bushido-iii-femme\/#breadcrumb\",\"itemListElement\":[{\"@type\":\"ListItem\",\"position\":1,\"name\":\"Home\",\"item\":\"https:\/\/www.miomiorun.com\/fr\/home-page\/\"},{\"@type\":\"ListItem\",\"position\":2,\"name\":\"Shop\",\"item\":\"https:\/\/www.miomiorun.com\/shop\/\"},{\"@type\":\"ListItem\",\"position\":3,\"name\":\"Bushido III femme\"}]},{\"@type\":\"WebSite\",\"@id\":\"https:\/\/www.miomiorun.com\/fr\/#website\",\"url\":\"https:\/\/www.miomiorun.com\/fr\/\",\"name\":\"MioMioRun\",\"description\":\"Boutique 100% running et trail\",\"publisher\":{\"@id\":\"https:\/\/www.miomiorun.com\/fr\/#organization\"},\"potentialAction\":[{\"@type\":\"SearchAction\",\"target\":{\"@type\":\"EntryPoint\",\"urlTemplate\":\"https:\/\/www.miomiorun.com\/fr\/?s={search_term_string}\"},\"query-input\":{\"@type\":\"PropertyValueSpecification\",\"valueRequired\":true,\"valueName\":\"search_term_string\"}}],\"inLanguage\":\"fr-FR\"},{\"@type\":\"Organization\",\"@id\":\"https:\/\/www.miomiorun.com\/fr\/#organization\",\"name\":\"MioMio Run\",\"url\":\"https:\/\/www.miomiorun.com\/fr\/\",\"logo\":{\"@type\":\"ImageObject\",\"inLanguage\":\"fr-FR\",\"@id\":\"https:\/\/www.miomiorun.com\/fr\/#\/schema\/logo\/image\/\",\"url\":\"https:\/\/www.miomiorun.com\/app\/uploads\/2019\/12\/logomio.png\",\"contentUrl\":\"https:\/\/www.miomiorun.com\/app\/uploads\/2019\/12\/logomio.png\",\"width\":115,\"height\":82,\"caption\":\"MioMio Run\"},\"image\":{\"@id\":\"https:\/\/www.miomiorun.com\/fr\/#\/schema\/logo\/image\/\"},\"sameAs\":[\"https:\/\/www.facebook.com\/miomiorun\/\",\"https:\/\/www.instagram.com\/miomiorun\/\"]}]}<\/script>\n<!-- \/ Yoast SEO plugin. -->","yoast_head_json":{"title":"La sportiva Bushido III femme - chaussures de trail pour femmes - MioMioRun .com","description":"Que vous soyez une coureuse de trail exp\u00e9riment\u00e9e ou d\u00e9butante, la Bushido III pour femme est un choix facile si vous souhaitez am\u00e9liorer vos performances.","robots":{"index":"index","follow":"follow","max-snippet":"max-snippet:-1","max-image-preview":"max-image-preview:large","max-video-preview":"max-video-preview:-1"},"canonical":"https:\/\/www.miomiorun.com\/fr\/produit\/bushido-iii-femme\/","og_locale":"fr_FR","og_type":"article","og_title":"La sportiva Bushido III femme - chaussures de trail pour femmes - MioMioRun .com","og_description":"Que vous soyez une coureuse de trail exp\u00e9riment\u00e9e ou d\u00e9butante, la Bushido III pour femme est un choix facile si vous souhaitez am\u00e9liorer vos performances.","og_url":"https:\/\/www.miomiorun.com\/fr\/produit\/bushido-iii-femme\/","og_site_name":"MioMioRun","article_publisher":"https:\/\/www.facebook.com\/miomiorun\/","article_modified_time":"2025-12-06T10:48:59+00:00","og_image":[{"width":600,"height":600,"url":"https:\/\/www.miomiorun.com\/app\/uploads\/2024\/03\/La-Sportiva-bushido-III-W-everglade-zest-56T733736.jpg","type":"image\/jpeg"}],"twitter_card":"summary_large_image","twitter_misc":{"Est. reading time":"2 minutes"},"schema":{"@context":"https:\/\/schema.org","@graph":[{"@type":"WebPage","@id":"https:\/\/www.miomiorun.com\/fr\/produit\/bushido-iii-femme\/","url":"https:\/\/www.miomiorun.com\/fr\/produit\/bushido-iii-femme\/","name":"La sportiva Bushido III femme - chaussures de trail pour femmes - MioMioRun .com","isPartOf":{"@id":"https:\/\/www.miomiorun.com\/fr\/#website"},"primaryImageOfPage":{"@id":"https:\/\/www.miomiorun.com\/fr\/produit\/bushido-iii-femme\/#primaryimage"},"image":{"@id":"https:\/\/www.miomiorun.com\/fr\/produit\/bushido-iii-femme\/#primaryimage"},"thumbnailUrl":"https:\/\/www.miomiorun.com\/app\/uploads\/2024\/03\/La-Sportiva-bushido-III-W-everglade-zest-56T733736.jpg","datePublished":"2024-02-08T14:12:27+00:00","dateModified":"2025-12-06T10:48:59+00:00","description":"Que vous soyez une coureuse de trail exp\u00e9riment\u00e9e ou d\u00e9butante, la Bushido III pour femme est un choix facile si vous souhaitez am\u00e9liorer vos performances.","breadcrumb":{"@id":"https:\/\/www.miomiorun.com\/fr\/produit\/bushido-iii-femme\/#breadcrumb"},"inLanguage":"fr-FR","potentialAction":[{"@type":"ReadAction","target":["https:\/\/www.miomiorun.com\/fr\/produit\/bushido-iii-femme\/"]}]},{"@type":"ImageObject","inLanguage":"fr-FR","@id":"https:\/\/www.miomiorun.com\/fr\/produit\/bushido-iii-femme\/#primaryimage","url":"https:\/\/www.miomiorun.com\/app\/uploads\/2024\/03\/La-Sportiva-bushido-III-W-everglade-zest-56T733736.jpg","contentUrl":"https:\/\/www.miomiorun.com\/app\/uploads\/2024\/03\/La-Sportiva-bushido-III-W-everglade-zest-56T733736.jpg","width":600,"height":600,"caption":"La-Sportiva-bushido-III-W-everglade-zest-56T733736"},{"@type":"BreadcrumbList","@id":"https:\/\/www.miomiorun.com\/fr\/produit\/bushido-iii-femme\/#breadcrumb","itemListElement":[{"@type":"ListItem","position":1,"name":"Home","item":"https:\/\/www.miomiorun.com\/fr\/home-page\/"},{"@type":"ListItem","position":2,"name":"Shop","item":"https:\/\/www.miomiorun.com\/shop\/"},{"@type":"ListItem","position":3,"name":"Bushido III femme"}]},{"@type":"WebSite","@id":"https:\/\/www.miomiorun.com\/fr\/#website","url":"https:\/\/www.miomiorun.com\/fr\/","name":"MioMioRun","description":"Boutique 100% running et trail","publisher":{"@id":"https:\/\/www.miomiorun.com\/fr\/#organization"},"potentialAction":[{"@type":"SearchAction","target":{"@type":"EntryPoint","urlTemplate":"https:\/\/www.miomiorun.com\/fr\/?s={search_term_string}"},"query-input":{"@type":"PropertyValueSpecification","valueRequired":true,"valueName":"search_term_string"}}],"inLanguage":"fr-FR"},{"@type":"Organization","@id":"https:\/\/www.miomiorun.com\/fr\/#organization","name":"MioMio Run","url":"https:\/\/www.miomiorun.com\/fr\/","logo":{"@type":"ImageObject","inLanguage":"fr-FR","@id":"https:\/\/www.miomiorun.com\/fr\/#\/schema\/logo\/image\/","url":"https:\/\/www.miomiorun.com\/app\/uploads\/2019\/12\/logomio.png","contentUrl":"https:\/\/www.miomiorun.com\/app\/uploads\/2019\/12\/logomio.png","width":115,"height":82,"caption":"MioMio Run"},"image":{"@id":"https:\/\/www.miomiorun.com\/fr\/#\/schema\/logo\/image\/"},"sameAs":["https:\/\/www.facebook.com\/miomiorun\/","https:\/\/www.instagram.com\/miomiorun\/"]}]}},"_links":{"self":[{"href":"https:\/\/www.miomiorun.com\/fr\/wp-json\/wp\/v2\/product\/289652","targetHints":{"allow":["GET"]}}],"collection":[{"href":"https:\/\/www.miomiorun.com\/fr\/wp-json\/wp\/v2\/product"}],"about":[{"href":"https:\/\/www.miomiorun.com\/fr\/wp-json\/wp\/v2\/types\/product"}],"wp:featuredmedia":[{"embeddable":true,"href":"https:\/\/www.miomiorun.com\/fr\/wp-json\/wp\/v2\/media\/245856"}],"wp:attachment":[{"href":"https:\/\/www.miomiorun.com\/fr\/wp-json\/wp\/v2\/media?parent=289652"}],"wp:term":[{"taxonomy":"product_brand","embeddable":true,"href":"https:\/\/www.miomiorun.com\/fr\/wp-json\/wp\/v2\/product_brand?post=289652"},{"taxonomy":"product_cat","embeddable":true,"href":"https:\/\/www.miomiorun.com\/fr\/wp-json\/wp\/v2\/product_cat?post=289652"},{"taxonomy":"product_tag","embeddable":true,"href":"https:\/\/www.miomiorun.com\/fr\/wp-json\/wp\/v2\/product_tag?post=289652"}],"curies":[{"name":"wp","href":"https:\/\/api.w.org\/{rel}","templated":true}]}}