{"id":289439,"date":"2024-02-15T13:58:30","date_gmt":"2024-02-15T12:58:30","guid":{"rendered":"https:\/\/miomiorun.com\/prodotto\/endorphin-pro-4-donna\/"},"modified":"2025-12-04T10:11:39","modified_gmt":"2025-12-04T09:11:39","slug":"endorphin-pro-4-femme","status":"publish","type":"product","link":"https:\/\/www.miomiorun.com\/fr\/produit\/endorphin-pro-4-femme\/","title":{"rendered":"Endorphin Pro 4 femme"},"content":{"rendered":"<div class=\"vc-row container\"><div class=\"vc-column\"><div class=\"vc-column-text\"><\/p>\n<h4>Caract\u00e9ristiques techniques<\/h4>\n<p>Cat\u00e9gorie : Amorti \u00e9lev\u00e9<br \/>\nD\u00e9calage : 8 mm (39,5\/31,5)<br \/>\nPoids : 185 g<br \/>\nId\u00e9al pour : les coureurs confirm\u00e9s, \u00e0 la recherche de performances \u00e9lev\u00e9es et de confort de course \u00e0 la fois, pour obtenir d&#8217;excellents r\u00e9sultats en comp\u00e9tition ou pour des entra\u00eenements de haute intensit\u00e9.<br \/>\nPoids de l&#8217;athl\u00e8te : 50-65 kg<br \/>\nAllure de course : rapide (&gt;4,00 min\/km)<br \/>\n<a href=\"https:\/\/miomiorun.com\/fr\/guide-des-specificites\/\">Guide des sp\u00e9cifications techniques<\/a><\/p>\n<p><\/div><\/div><div class=\"vc-column\"><div class=\"vc-column-text\"><\/p>\n<h3>Des performances exceptionnelles pour le jour de la course<\/h3>\n<p>Bienvenue \u00e0 la version f\u00e9minine de la <strong>Endorphin Pro 4<\/strong>. Une chaussure rapide et r\u00e9active d\u00e8s le d\u00e9part, mais naturellement souple et efficace. Un r\u00e9sultat miraculeux obtenu en fusionnant les mousses <strong>PWRRUN HG<\/strong> et <strong>PWRRUN PB <\/strong>dans la semelle interm\u00e9diaire . Cette combinaison est plac\u00e9e sur une plaque de carbone compl\u00e8te, con\u00e7ue pour garantir une rigidit\u00e9 longitudinale et une efficacit\u00e9 m\u00e9tabolique maximale.<\/p>\n<p>\u00c9galement dot\u00e9e de la technologie SPEEDROLL pour faciliter la pouss\u00e9e, d&#8217;un rev\u00eatement de talon doux comme de la soie et d&#8217;un syst\u00e8me de languette int\u00e9gr\u00e9e.<\/p>\n<p><strong>Caract\u00e9ristiques :<\/strong><\/p>\n<ul>\n<li>Technologie <strong>SPEEDROLL<\/strong> pour une meilleure vitesse et r\u00e9activit\u00e9.<\/li>\n<li>Nouvelle plaque en carbone performante.<\/li>\n<li>Tige l\u00e9g\u00e8re et languette int\u00e9gr\u00e9e.<\/li>\n<li>Semelle int\u00e9rieure <strong>SRS<\/strong>.<\/li>\n<\/ul>\n<p><strong>PWRRUN HG<\/strong><\/p>\n<p>Plus vous donnez d&#8217;\u00e9nergie, plus vous en recevez. Un amorti souple et l\u00e9ger qui ne vous l\u00e2che pas le jour de la course.<\/p>\n<p><strong>PWRRUN PB<\/strong><\/p>\n<p>PWRRUN PB est le principal mat\u00e9riau d&#8217;amorti de Saucony. Le PWRRUN PB est une mousse \u00e0 billes fabriqu\u00e9e \u00e0 partir d&#8217;un m\u00e9lange brevet\u00e9 de polym\u00e8res PeBa\u00ae, qui p\u00e8se autant que l&#8217;EVA et est exceptionnellement rebondissante (88 % de retour d&#8217;\u00e9nergie). De plus, elle est tr\u00e8s stable dans une large gamme de temp\u00e9ratures et beaucoup plus r\u00e9sistante que l&#8217;EVA.<\/p>\n<h2>Am\u00e9liorations par rapport \u00e0 la version pr\u00e9c\u00e9dente<\/h2>\n<h2>ENCORE PLUS DE R\u00c9TROACTIVIT\u00c9<\/h2>\n<p>La fusion des mousses les plus r\u00e9actives et les plus amortissantes a donn\u00e9 naissance \u00e0 une chaussure encore plus rapide et \u00e0 un mouvement de propulsion vers l&#8217;avant plus naturel.<\/p>\n<h2>CONFORT AM\u00c9LIOR\u00c9<\/h2>\n<p>Un petit d\u00e9tail avec de grandes am\u00e9liorations : la semelle int\u00e9rieure Super ResponsiveSockliner.<\/p>\n<h2>MEILLEURE ADH\u00c9RENCE<\/h2>\n<p>Languette int\u00e9gr\u00e9e pour une adh\u00e9rence et un confort optimaux.<\/p>\n<h2 style=\"text-align: center\">Technologies<\/h2>\n<h2>TECHNOLOGIE SPEEDROLL VIVANTE<\/h2>\n<p>La fusion de la mousse la plus r\u00e9active et la plus amortissante a donn\u00e9 naissance \u00e0 une chaussure rapide et \u00e0 un mouvement propulsif vers l&#8217;avant.<\/p>\n<h2>PLAQUE EN CARBONE MASSIF<\/h2>\n<p>Con\u00e7ue pour une propulsion maximale et un changement de direction imm\u00e9diat.<\/p>\n<p>&nbsp;<\/p>\n<h2>AJUSTEMENT DE COMP\u00c9TITION<\/h2>\n<p>Doublure plus lisse et plus souple au niveau du talon et languette int\u00e9gr\u00e9e pour un ajustement confortable. <\/div><\/div><\/div>\n","protected":false},"excerpt":{"rendered":"<ul>\n<li>Chaussure de comp\u00e9tition<\/li>\n<li>\u00c9quip\u00e9e d&#8217;une semelle en carbone<\/li>\n<\/ul>\n","protected":false},"featured_media":251384,"template":"","meta":{"_acf_changed":false,"inline_featured_image":false},"product_brand":[],"product_cat":[22605,22606],"product_tag":[23579,33803],"class_list":{"0":"post-289439","1":"product","2":"type-product","3":"status-publish","4":"has-post-thumbnail","6":"product_cat-chaussures-pour-femmes","7":"product_cat-neutre","8":"product_tag-saucony-fr","9":"product_tag-saucony-donna-fr","10":"pa_attivita-running-fr","11":"pa_colore-endorphin-pro-4-w-magenta-fr","12":"pa_colore-endorphin-pro-4-w-mirage-citron-fr","13":"pa_colore-endorphin-pro-4-w-white-crocus-fr","14":"pa_marca-saucony-fr","15":"pa_sesso-femme","16":"pa_size-37-5-fr","17":"pa_size-38-5-fr","18":"pa_size-41-fr","20":"first","21":"instock","22":"sale","23":"taxable","24":"shipping-taxable","25":"purchasable","26":"product-type-variable","27":"wvs-archive-product-wrapper"},"acf":[],"yoast_head":"<!-- This site is optimized with the Yoast SEO plugin v26.8 - https:\/\/yoast.com\/product\/yoast-seo-wordpress\/ -->\n<title>Saucony Endorphin Pro 4 femme - chaussures de course - MioMioRun<\/title>\n<meta name=\"description\" content=\"La nouvelle Endorphin Pro 4 pour femmes, associ\u00e9e \u00e0 la technologie SPEEDROLL, offre une vitesse et une r\u00e9activit\u00e9 in\u00e9gal\u00e9es. \u00c9quip\u00e9e d&#039;une semelle en carbone.\" \/>\n<meta name=\"robots\" content=\"index, follow, max-snippet:-1, max-image-preview:large, max-video-preview:-1\" \/>\n<link rel=\"canonical\" href=\"https:\/\/www.miomiorun.com\/fr\/produit\/endorphin-pro-4-femme\/\" \/>\n<meta property=\"og:locale\" content=\"fr_FR\" \/>\n<meta property=\"og:type\" content=\"article\" \/>\n<meta property=\"og:title\" content=\"Saucony Endorphin Pro 4 femme - chaussures de course - MioMioRun\" \/>\n<meta property=\"og:description\" content=\"La nouvelle Endorphin Pro 4 pour femmes, associ\u00e9e \u00e0 la technologie SPEEDROLL, offre une vitesse et une r\u00e9activit\u00e9 in\u00e9gal\u00e9es. \u00c9quip\u00e9e d&#039;une semelle en carbone.\" \/>\n<meta property=\"og:url\" content=\"https:\/\/www.miomiorun.com\/fr\/produit\/endorphin-pro-4-femme\/\" \/>\n<meta property=\"og:site_name\" content=\"MioMioRun\" \/>\n<meta property=\"article:publisher\" content=\"https:\/\/www.facebook.com\/miomiorun\/\" \/>\n<meta property=\"article:modified_time\" content=\"2025-12-04T09:11:39+00:00\" \/>\n<meta property=\"og:image\" content=\"https:\/\/www.miomiorun.com\/app\/uploads\/2025\/01\/saucony-Endorphin-Pro-4-W-magenta-S10939-40.webp\" \/>\n\t<meta property=\"og:image:width\" content=\"600\" \/>\n\t<meta property=\"og:image:height\" content=\"600\" \/>\n\t<meta property=\"og:image:type\" content=\"image\/webp\" \/>\n<meta name=\"twitter:card\" content=\"summary_large_image\" \/>\n<meta name=\"twitter:label1\" content=\"Est. reading time\" \/>\n\t<meta name=\"twitter:data1\" content=\"2 minutes\" \/>\n<script type=\"application\/ld+json\" class=\"yoast-schema-graph\">{\"@context\":\"https:\/\/schema.org\",\"@graph\":[{\"@type\":\"WebPage\",\"@id\":\"https:\/\/www.miomiorun.com\/fr\/produit\/endorphin-pro-4-femme\/\",\"url\":\"https:\/\/www.miomiorun.com\/fr\/produit\/endorphin-pro-4-femme\/\",\"name\":\"Saucony Endorphin Pro 4 femme - chaussures de course - MioMioRun\",\"isPartOf\":{\"@id\":\"https:\/\/www.miomiorun.com\/fr\/#website\"},\"primaryImageOfPage\":{\"@id\":\"https:\/\/www.miomiorun.com\/fr\/produit\/endorphin-pro-4-femme\/#primaryimage\"},\"image\":{\"@id\":\"https:\/\/www.miomiorun.com\/fr\/produit\/endorphin-pro-4-femme\/#primaryimage\"},\"thumbnailUrl\":\"https:\/\/www.miomiorun.com\/app\/uploads\/2025\/01\/saucony-Endorphin-Pro-4-W-magenta-S10939-40.webp\",\"datePublished\":\"2024-02-15T12:58:30+00:00\",\"dateModified\":\"2025-12-04T09:11:39+00:00\",\"description\":\"La nouvelle Endorphin Pro 4 pour femmes, associ\u00e9e \u00e0 la technologie SPEEDROLL, offre une vitesse et une r\u00e9activit\u00e9 in\u00e9gal\u00e9es. \u00c9quip\u00e9e d'une semelle en carbone.\",\"breadcrumb\":{\"@id\":\"https:\/\/www.miomiorun.com\/fr\/produit\/endorphin-pro-4-femme\/#breadcrumb\"},\"inLanguage\":\"fr-FR\",\"potentialAction\":[{\"@type\":\"ReadAction\",\"target\":[\"https:\/\/www.miomiorun.com\/fr\/produit\/endorphin-pro-4-femme\/\"]}]},{\"@type\":\"ImageObject\",\"inLanguage\":\"fr-FR\",\"@id\":\"https:\/\/www.miomiorun.com\/fr\/produit\/endorphin-pro-4-femme\/#primaryimage\",\"url\":\"https:\/\/www.miomiorun.com\/app\/uploads\/2025\/01\/saucony-Endorphin-Pro-4-W-magenta-S10939-40.webp\",\"contentUrl\":\"https:\/\/www.miomiorun.com\/app\/uploads\/2025\/01\/saucony-Endorphin-Pro-4-W-magenta-S10939-40.webp\",\"width\":600,\"height\":600,\"caption\":\"saucony Endorphin Pro 4 W magenta S10939-40\"},{\"@type\":\"BreadcrumbList\",\"@id\":\"https:\/\/www.miomiorun.com\/fr\/produit\/endorphin-pro-4-femme\/#breadcrumb\",\"itemListElement\":[{\"@type\":\"ListItem\",\"position\":1,\"name\":\"Home\",\"item\":\"https:\/\/www.miomiorun.com\/fr\/home-page\/\"},{\"@type\":\"ListItem\",\"position\":2,\"name\":\"Shop\",\"item\":\"https:\/\/www.miomiorun.com\/shop\/\"},{\"@type\":\"ListItem\",\"position\":3,\"name\":\"Endorphin Pro 4 femme\"}]},{\"@type\":\"WebSite\",\"@id\":\"https:\/\/www.miomiorun.com\/fr\/#website\",\"url\":\"https:\/\/www.miomiorun.com\/fr\/\",\"name\":\"MioMioRun\",\"description\":\"Boutique 100% running et trail\",\"publisher\":{\"@id\":\"https:\/\/www.miomiorun.com\/fr\/#organization\"},\"potentialAction\":[{\"@type\":\"SearchAction\",\"target\":{\"@type\":\"EntryPoint\",\"urlTemplate\":\"https:\/\/www.miomiorun.com\/fr\/?s={search_term_string}\"},\"query-input\":{\"@type\":\"PropertyValueSpecification\",\"valueRequired\":true,\"valueName\":\"search_term_string\"}}],\"inLanguage\":\"fr-FR\"},{\"@type\":\"Organization\",\"@id\":\"https:\/\/www.miomiorun.com\/fr\/#organization\",\"name\":\"MioMio Run\",\"url\":\"https:\/\/www.miomiorun.com\/fr\/\",\"logo\":{\"@type\":\"ImageObject\",\"inLanguage\":\"fr-FR\",\"@id\":\"https:\/\/www.miomiorun.com\/fr\/#\/schema\/logo\/image\/\",\"url\":\"https:\/\/www.miomiorun.com\/app\/uploads\/2019\/12\/logomio.png\",\"contentUrl\":\"https:\/\/www.miomiorun.com\/app\/uploads\/2019\/12\/logomio.png\",\"width\":115,\"height\":82,\"caption\":\"MioMio Run\"},\"image\":{\"@id\":\"https:\/\/www.miomiorun.com\/fr\/#\/schema\/logo\/image\/\"},\"sameAs\":[\"https:\/\/www.facebook.com\/miomiorun\/\",\"https:\/\/www.instagram.com\/miomiorun\/\"]}]}<\/script>\n<!-- \/ Yoast SEO plugin. -->","yoast_head_json":{"title":"Saucony Endorphin Pro 4 femme - chaussures de course - MioMioRun","description":"La nouvelle Endorphin Pro 4 pour femmes, associ\u00e9e \u00e0 la technologie SPEEDROLL, offre une vitesse et une r\u00e9activit\u00e9 in\u00e9gal\u00e9es. \u00c9quip\u00e9e d'une semelle en carbone.","robots":{"index":"index","follow":"follow","max-snippet":"max-snippet:-1","max-image-preview":"max-image-preview:large","max-video-preview":"max-video-preview:-1"},"canonical":"https:\/\/www.miomiorun.com\/fr\/produit\/endorphin-pro-4-femme\/","og_locale":"fr_FR","og_type":"article","og_title":"Saucony Endorphin Pro 4 femme - chaussures de course - MioMioRun","og_description":"La nouvelle Endorphin Pro 4 pour femmes, associ\u00e9e \u00e0 la technologie SPEEDROLL, offre une vitesse et une r\u00e9activit\u00e9 in\u00e9gal\u00e9es. \u00c9quip\u00e9e d'une semelle en carbone.","og_url":"https:\/\/www.miomiorun.com\/fr\/produit\/endorphin-pro-4-femme\/","og_site_name":"MioMioRun","article_publisher":"https:\/\/www.facebook.com\/miomiorun\/","article_modified_time":"2025-12-04T09:11:39+00:00","og_image":[{"width":600,"height":600,"url":"https:\/\/www.miomiorun.com\/app\/uploads\/2025\/01\/saucony-Endorphin-Pro-4-W-magenta-S10939-40.webp","type":"image\/webp"}],"twitter_card":"summary_large_image","twitter_misc":{"Est. reading time":"2 minutes"},"schema":{"@context":"https:\/\/schema.org","@graph":[{"@type":"WebPage","@id":"https:\/\/www.miomiorun.com\/fr\/produit\/endorphin-pro-4-femme\/","url":"https:\/\/www.miomiorun.com\/fr\/produit\/endorphin-pro-4-femme\/","name":"Saucony Endorphin Pro 4 femme - chaussures de course - MioMioRun","isPartOf":{"@id":"https:\/\/www.miomiorun.com\/fr\/#website"},"primaryImageOfPage":{"@id":"https:\/\/www.miomiorun.com\/fr\/produit\/endorphin-pro-4-femme\/#primaryimage"},"image":{"@id":"https:\/\/www.miomiorun.com\/fr\/produit\/endorphin-pro-4-femme\/#primaryimage"},"thumbnailUrl":"https:\/\/www.miomiorun.com\/app\/uploads\/2025\/01\/saucony-Endorphin-Pro-4-W-magenta-S10939-40.webp","datePublished":"2024-02-15T12:58:30+00:00","dateModified":"2025-12-04T09:11:39+00:00","description":"La nouvelle Endorphin Pro 4 pour femmes, associ\u00e9e \u00e0 la technologie SPEEDROLL, offre une vitesse et une r\u00e9activit\u00e9 in\u00e9gal\u00e9es. \u00c9quip\u00e9e d'une semelle en carbone.","breadcrumb":{"@id":"https:\/\/www.miomiorun.com\/fr\/produit\/endorphin-pro-4-femme\/#breadcrumb"},"inLanguage":"fr-FR","potentialAction":[{"@type":"ReadAction","target":["https:\/\/www.miomiorun.com\/fr\/produit\/endorphin-pro-4-femme\/"]}]},{"@type":"ImageObject","inLanguage":"fr-FR","@id":"https:\/\/www.miomiorun.com\/fr\/produit\/endorphin-pro-4-femme\/#primaryimage","url":"https:\/\/www.miomiorun.com\/app\/uploads\/2025\/01\/saucony-Endorphin-Pro-4-W-magenta-S10939-40.webp","contentUrl":"https:\/\/www.miomiorun.com\/app\/uploads\/2025\/01\/saucony-Endorphin-Pro-4-W-magenta-S10939-40.webp","width":600,"height":600,"caption":"saucony Endorphin Pro 4 W magenta S10939-40"},{"@type":"BreadcrumbList","@id":"https:\/\/www.miomiorun.com\/fr\/produit\/endorphin-pro-4-femme\/#breadcrumb","itemListElement":[{"@type":"ListItem","position":1,"name":"Home","item":"https:\/\/www.miomiorun.com\/fr\/home-page\/"},{"@type":"ListItem","position":2,"name":"Shop","item":"https:\/\/www.miomiorun.com\/shop\/"},{"@type":"ListItem","position":3,"name":"Endorphin Pro 4 femme"}]},{"@type":"WebSite","@id":"https:\/\/www.miomiorun.com\/fr\/#website","url":"https:\/\/www.miomiorun.com\/fr\/","name":"MioMioRun","description":"Boutique 100% running et trail","publisher":{"@id":"https:\/\/www.miomiorun.com\/fr\/#organization"},"potentialAction":[{"@type":"SearchAction","target":{"@type":"EntryPoint","urlTemplate":"https:\/\/www.miomiorun.com\/fr\/?s={search_term_string}"},"query-input":{"@type":"PropertyValueSpecification","valueRequired":true,"valueName":"search_term_string"}}],"inLanguage":"fr-FR"},{"@type":"Organization","@id":"https:\/\/www.miomiorun.com\/fr\/#organization","name":"MioMio Run","url":"https:\/\/www.miomiorun.com\/fr\/","logo":{"@type":"ImageObject","inLanguage":"fr-FR","@id":"https:\/\/www.miomiorun.com\/fr\/#\/schema\/logo\/image\/","url":"https:\/\/www.miomiorun.com\/app\/uploads\/2019\/12\/logomio.png","contentUrl":"https:\/\/www.miomiorun.com\/app\/uploads\/2019\/12\/logomio.png","width":115,"height":82,"caption":"MioMio Run"},"image":{"@id":"https:\/\/www.miomiorun.com\/fr\/#\/schema\/logo\/image\/"},"sameAs":["https:\/\/www.facebook.com\/miomiorun\/","https:\/\/www.instagram.com\/miomiorun\/"]}]}},"_links":{"self":[{"href":"https:\/\/www.miomiorun.com\/fr\/wp-json\/wp\/v2\/product\/289439","targetHints":{"allow":["GET"]}}],"collection":[{"href":"https:\/\/www.miomiorun.com\/fr\/wp-json\/wp\/v2\/product"}],"about":[{"href":"https:\/\/www.miomiorun.com\/fr\/wp-json\/wp\/v2\/types\/product"}],"wp:featuredmedia":[{"embeddable":true,"href":"https:\/\/www.miomiorun.com\/fr\/wp-json\/wp\/v2\/media\/251384"}],"wp:attachment":[{"href":"https:\/\/www.miomiorun.com\/fr\/wp-json\/wp\/v2\/media?parent=289439"}],"wp:term":[{"taxonomy":"product_brand","embeddable":true,"href":"https:\/\/www.miomiorun.com\/fr\/wp-json\/wp\/v2\/product_brand?post=289439"},{"taxonomy":"product_cat","embeddable":true,"href":"https:\/\/www.miomiorun.com\/fr\/wp-json\/wp\/v2\/product_cat?post=289439"},{"taxonomy":"product_tag","embeddable":true,"href":"https:\/\/www.miomiorun.com\/fr\/wp-json\/wp\/v2\/product_tag?post=289439"}],"curies":[{"name":"wp","href":"https:\/\/api.w.org\/{rel}","templated":true}]}}