{"id":289179,"date":"2024-02-22T14:01:03","date_gmt":"2024-02-22T13:01:03","guid":{"rendered":"https:\/\/miomiorun.com\/prodotto\/mach-6-donna\/"},"modified":"2025-12-04T10:46:39","modified_gmt":"2025-12-04T09:46:39","slug":"mach-6-femme","status":"publish","type":"product","link":"https:\/\/www.miomiorun.com\/fr\/produit\/mach-6-femme\/","title":{"rendered":"Mach 6 femme"},"content":{"rendered":"<div class=\"vc-row container\"><div class=\"vc-column\"><div class=\"vc-column-text\"><\/p>\n<h4>Caract\u00e9ristiques techniques<\/h4>\n<p>Cat\u00e9gorie : Amorti r\u00e9actif<br \/>\nD\u00e9calage : 5 mm<br \/>\nPoids : 189 g<br \/>\nId\u00e9al pour : cette chaussure, id\u00e9ale pour les athl\u00e8tes rapides et pour l&#8217;entra\u00eenement \u00e0 la comp\u00e9tition, gr\u00e2ce \u00e0 son amorti souple et r\u00e9actif, convient \u00e9galement aux athl\u00e8tes moins performants qui recherchent une chaussure r\u00e9active pour des entra\u00eenements de moyenne \u00e0 courte dur\u00e9e.<br \/>\nPoids de l&#8217;athl\u00e8te : &gt;50 kg<br \/>\nFoul\u00e9e : &gt; 4,30 min \/ km<br \/>\n<a href=\"https:\/\/miomiorun.com\/fr\/guide-des-specificites\/\">Guide des sp\u00e9cifications techniques<\/a><\/p>\n<p><\/div><\/div><div class=\"vc-column\"><div class=\"vc-column-text\"><\/p>\n<h2>LE MOMENT EST VENU DE VOUS PR\u00c9SENTER LA NOUVELLE MACH 6<\/h2>\n<p><strong>Mach 6<\/strong> dans sa version pour femme est la chaussure de course la plus rapide et la plus r\u00e9active jamais con\u00e7ue, pens\u00e9e pour offrir les meilleures performances. Le retour d&#8217;\u00e9nergie a \u00e9t\u00e9 am\u00e9lior\u00e9 gr\u00e2ce \u00e0 la semelle interm\u00e9diaire en mousse EVA, appliqu\u00e9e selon un proc\u00e9d\u00e9 innovant qui la rend encore plus r\u00e9active tout en garantissant soutien et amorti lors des impacts.<\/p>\n<p>Le positionnement strat\u00e9gique du caoutchouc dans la semelle offre une couverture, une r\u00e9sistance et une traction sup\u00e9rieures pour vous donner confiance sur les parcours et vous permettre d&#8217;adopter de nouveaux rythmes de course.<\/p>\n<p>La nouvelle tige en <strong>creel jacquard<\/strong> offre un ajustement l\u00e9ger et une respirabilit\u00e9 variable selon les zones, tandis que le double soufflet interne garantit un plus grand confort et enveloppe le pied.<\/p>\n<h4>Caract\u00e9ristiques :<\/h4>\n<ul class=\"features-container\">\n<li class=\"feature-item\">Tige en creel jacquard<\/li>\n<li class=\"feature-item\">\u00c9l\u00e9ment en mousse fin sur le col<\/li>\n<li class=\"feature-item\">Double soufflet interne<\/li>\n<li class=\"feature-item\">Semelle interm\u00e9diaire avec mousse appliqu\u00e9e selon un proc\u00e9d\u00e9 innovant<\/li>\n<li class=\"feature-item\">Positionnement strat\u00e9gique du caoutchouc dans la semelle<\/li>\n<li class=\"feature-item\">Languette anatomique<\/li>\n<\/ul>\n<h3>Stabilit\u00e9<\/h3>\n<p>La Mach 6 est dot\u00e9e d&#8217;un lit amortissant sym\u00e9trique, sans technologies orthop\u00e9diques suppl\u00e9mentaires. Con\u00e7ue pour vous offrir le soutien dont vous avez besoin, sans caract\u00e9ristiques superflues.<\/p>\n<h3>Amorti<\/h3>\n<p>Mach 6 pr\u00e9sente un amorti \u00e0 profil bas qui maintient le pied plus pr\u00e8s du sol et utilise un mat\u00e9riau plus compact, con\u00e7u pour rendre la pouss\u00e9e plus efficace.<\/div><\/div><\/div>\n","protected":false},"excerpt":{"rendered":"<ul class=\"m-long-description__features\">\n<li class=\"m-long-description__feature\">Ultra-l\u00e9g\u00e8re et r\u00e9active<\/li>\n<li class=\"m-long-description__feature\">Transitions rapides<\/li>\n<\/ul>\n","protected":false},"featured_media":302980,"template":"","meta":{"_acf_changed":false,"inline_featured_image":false},"product_brand":[],"product_cat":[24435,24434],"product_tag":[23478,23494],"class_list":{"0":"post-289179","1":"product","2":"type-product","3":"status-publish","4":"has-post-thumbnail","6":"product_cat-chaussures-pour-femmes-fr","7":"product_cat-neutre-fr-2","8":"product_tag-hoka-one-one-fr","9":"product_tag-hoka-femme","10":"pa_attivita-lifestyle-fr","11":"pa_attivita-marcher","12":"pa_attivita-running-fr","13":"pa_colore-mach-6-w-frost-starlight-glow-fr","14":"pa_colore-mach-6-w-jadeite-alpine-blue-fr","15":"pa_colore-mach-6-w-rose-latte-blush-fr","16":"pa_colore-mach-6-w-tundra-blue-raindrop-fr","17":"pa_colore-mach-6-w-varsity-navy-nautical-dusk-fr","18":"pa_colore-mach-6-w-white-neon-hoka-citrus-fr","19":"pa_marca-hoka-fr","20":"pa_sesso-femme","21":"pa_size-36-fr","22":"pa_size-37-fr","23":"pa_size-38-fr","25":"pa_size-39-fr","26":"pa_size-40-fr","29":"first","30":"instock","31":"sale","32":"taxable","33":"shipping-taxable","34":"purchasable","35":"product-type-variable","36":"wvs-archive-product-wrapper"},"acf":[],"yoast_head":"<!-- This site is optimized with the Yoast SEO plugin v26.8 - https:\/\/yoast.com\/product\/yoast-seo-wordpress\/ -->\n<title>Hoka Mach 6 femme - chaussures de course - MioMioRun.com<\/title>\n<meta name=\"description\" content=\"La version femme de la Mach 6 est la chaussure de course la plus rapide et la plus r\u00e9active jamais con\u00e7ue, pens\u00e9e pour offrir les meilleures performances et atteindre de nouveaux objectifs.\" \/>\n<meta name=\"robots\" content=\"index, follow, max-snippet:-1, max-image-preview:large, max-video-preview:-1\" \/>\n<link rel=\"canonical\" href=\"https:\/\/www.miomiorun.com\/fr\/produit\/mach-6-femme\/\" \/>\n<meta property=\"og:locale\" content=\"fr_FR\" \/>\n<meta property=\"og:type\" content=\"article\" \/>\n<meta property=\"og:title\" content=\"Hoka Mach 6 femme - chaussures de course - MioMioRun.com\" \/>\n<meta property=\"og:description\" content=\"La version femme de la Mach 6 est la chaussure de course la plus rapide et la plus r\u00e9active jamais con\u00e7ue, pens\u00e9e pour offrir les meilleures performances et atteindre de nouveaux objectifs.\" \/>\n<meta property=\"og:url\" content=\"https:\/\/www.miomiorun.com\/fr\/produit\/mach-6-femme\/\" \/>\n<meta property=\"og:site_name\" content=\"MioMioRun\" \/>\n<meta property=\"article:publisher\" content=\"https:\/\/www.facebook.com\/miomiorun\/\" \/>\n<meta property=\"article:modified_time\" content=\"2025-12-04T09:46:39+00:00\" \/>\n<meta property=\"og:image\" content=\"https:\/\/www.miomiorun.com\/app\/uploads\/2025\/04\/hoka-Mach-6-W-varsity-navy-nautical-dusk-1147810-VLD.webp\" \/>\n\t<meta property=\"og:image:width\" content=\"600\" \/>\n\t<meta property=\"og:image:height\" content=\"600\" \/>\n\t<meta property=\"og:image:type\" content=\"image\/webp\" \/>\n<meta name=\"twitter:card\" content=\"summary_large_image\" \/>\n<meta name=\"twitter:label1\" content=\"Est. reading time\" \/>\n\t<meta name=\"twitter:data1\" content=\"2 minutes\" \/>\n<script type=\"application\/ld+json\" class=\"yoast-schema-graph\">{\"@context\":\"https:\/\/schema.org\",\"@graph\":[{\"@type\":\"WebPage\",\"@id\":\"https:\/\/www.miomiorun.com\/fr\/produit\/mach-6-femme\/\",\"url\":\"https:\/\/www.miomiorun.com\/fr\/produit\/mach-6-femme\/\",\"name\":\"Hoka Mach 6 femme - chaussures de course - MioMioRun.com\",\"isPartOf\":{\"@id\":\"https:\/\/www.miomiorun.com\/fr\/#website\"},\"primaryImageOfPage\":{\"@id\":\"https:\/\/www.miomiorun.com\/fr\/produit\/mach-6-femme\/#primaryimage\"},\"image\":{\"@id\":\"https:\/\/www.miomiorun.com\/fr\/produit\/mach-6-femme\/#primaryimage\"},\"thumbnailUrl\":\"https:\/\/www.miomiorun.com\/app\/uploads\/2025\/04\/hoka-Mach-6-W-varsity-navy-nautical-dusk-1147810-VLD.webp\",\"datePublished\":\"2024-02-22T13:01:03+00:00\",\"dateModified\":\"2025-12-04T09:46:39+00:00\",\"description\":\"La version femme de la Mach 6 est la chaussure de course la plus rapide et la plus r\u00e9active jamais con\u00e7ue, pens\u00e9e pour offrir les meilleures performances et atteindre de nouveaux objectifs.\",\"breadcrumb\":{\"@id\":\"https:\/\/www.miomiorun.com\/fr\/produit\/mach-6-femme\/#breadcrumb\"},\"inLanguage\":\"fr-FR\",\"potentialAction\":[{\"@type\":\"ReadAction\",\"target\":[\"https:\/\/www.miomiorun.com\/fr\/produit\/mach-6-femme\/\"]}]},{\"@type\":\"ImageObject\",\"inLanguage\":\"fr-FR\",\"@id\":\"https:\/\/www.miomiorun.com\/fr\/produit\/mach-6-femme\/#primaryimage\",\"url\":\"https:\/\/www.miomiorun.com\/app\/uploads\/2025\/04\/hoka-Mach-6-W-varsity-navy-nautical-dusk-1147810-VLD.webp\",\"contentUrl\":\"https:\/\/www.miomiorun.com\/app\/uploads\/2025\/04\/hoka-Mach-6-W-varsity-navy-nautical-dusk-1147810-VLD.webp\",\"width\":600,\"height\":600,\"caption\":\"hoka Mach 6 W varsity navy nautical dusk 1147810 VLD\"},{\"@type\":\"BreadcrumbList\",\"@id\":\"https:\/\/www.miomiorun.com\/fr\/produit\/mach-6-femme\/#breadcrumb\",\"itemListElement\":[{\"@type\":\"ListItem\",\"position\":1,\"name\":\"Home\",\"item\":\"https:\/\/www.miomiorun.com\/fr\/home-page\/\"},{\"@type\":\"ListItem\",\"position\":2,\"name\":\"Shop\",\"item\":\"https:\/\/www.miomiorun.com\/shop\/\"},{\"@type\":\"ListItem\",\"position\":3,\"name\":\"Mach 6 femme\"}]},{\"@type\":\"WebSite\",\"@id\":\"https:\/\/www.miomiorun.com\/fr\/#website\",\"url\":\"https:\/\/www.miomiorun.com\/fr\/\",\"name\":\"MioMioRun\",\"description\":\"Boutique 100% running et trail\",\"publisher\":{\"@id\":\"https:\/\/www.miomiorun.com\/fr\/#organization\"},\"potentialAction\":[{\"@type\":\"SearchAction\",\"target\":{\"@type\":\"EntryPoint\",\"urlTemplate\":\"https:\/\/www.miomiorun.com\/fr\/?s={search_term_string}\"},\"query-input\":{\"@type\":\"PropertyValueSpecification\",\"valueRequired\":true,\"valueName\":\"search_term_string\"}}],\"inLanguage\":\"fr-FR\"},{\"@type\":\"Organization\",\"@id\":\"https:\/\/www.miomiorun.com\/fr\/#organization\",\"name\":\"MioMio Run\",\"url\":\"https:\/\/www.miomiorun.com\/fr\/\",\"logo\":{\"@type\":\"ImageObject\",\"inLanguage\":\"fr-FR\",\"@id\":\"https:\/\/www.miomiorun.com\/fr\/#\/schema\/logo\/image\/\",\"url\":\"https:\/\/www.miomiorun.com\/app\/uploads\/2019\/12\/logomio.png\",\"contentUrl\":\"https:\/\/www.miomiorun.com\/app\/uploads\/2019\/12\/logomio.png\",\"width\":115,\"height\":82,\"caption\":\"MioMio Run\"},\"image\":{\"@id\":\"https:\/\/www.miomiorun.com\/fr\/#\/schema\/logo\/image\/\"},\"sameAs\":[\"https:\/\/www.facebook.com\/miomiorun\/\",\"https:\/\/www.instagram.com\/miomiorun\/\"]}]}<\/script>\n<!-- \/ Yoast SEO plugin. -->","yoast_head_json":{"title":"Hoka Mach 6 femme - chaussures de course - MioMioRun.com","description":"La version femme de la Mach 6 est la chaussure de course la plus rapide et la plus r\u00e9active jamais con\u00e7ue, pens\u00e9e pour offrir les meilleures performances et atteindre de nouveaux objectifs.","robots":{"index":"index","follow":"follow","max-snippet":"max-snippet:-1","max-image-preview":"max-image-preview:large","max-video-preview":"max-video-preview:-1"},"canonical":"https:\/\/www.miomiorun.com\/fr\/produit\/mach-6-femme\/","og_locale":"fr_FR","og_type":"article","og_title":"Hoka Mach 6 femme - chaussures de course - MioMioRun.com","og_description":"La version femme de la Mach 6 est la chaussure de course la plus rapide et la plus r\u00e9active jamais con\u00e7ue, pens\u00e9e pour offrir les meilleures performances et atteindre de nouveaux objectifs.","og_url":"https:\/\/www.miomiorun.com\/fr\/produit\/mach-6-femme\/","og_site_name":"MioMioRun","article_publisher":"https:\/\/www.facebook.com\/miomiorun\/","article_modified_time":"2025-12-04T09:46:39+00:00","og_image":[{"width":600,"height":600,"url":"https:\/\/www.miomiorun.com\/app\/uploads\/2025\/04\/hoka-Mach-6-W-varsity-navy-nautical-dusk-1147810-VLD.webp","type":"image\/webp"}],"twitter_card":"summary_large_image","twitter_misc":{"Est. reading time":"2 minutes"},"schema":{"@context":"https:\/\/schema.org","@graph":[{"@type":"WebPage","@id":"https:\/\/www.miomiorun.com\/fr\/produit\/mach-6-femme\/","url":"https:\/\/www.miomiorun.com\/fr\/produit\/mach-6-femme\/","name":"Hoka Mach 6 femme - chaussures de course - MioMioRun.com","isPartOf":{"@id":"https:\/\/www.miomiorun.com\/fr\/#website"},"primaryImageOfPage":{"@id":"https:\/\/www.miomiorun.com\/fr\/produit\/mach-6-femme\/#primaryimage"},"image":{"@id":"https:\/\/www.miomiorun.com\/fr\/produit\/mach-6-femme\/#primaryimage"},"thumbnailUrl":"https:\/\/www.miomiorun.com\/app\/uploads\/2025\/04\/hoka-Mach-6-W-varsity-navy-nautical-dusk-1147810-VLD.webp","datePublished":"2024-02-22T13:01:03+00:00","dateModified":"2025-12-04T09:46:39+00:00","description":"La version femme de la Mach 6 est la chaussure de course la plus rapide et la plus r\u00e9active jamais con\u00e7ue, pens\u00e9e pour offrir les meilleures performances et atteindre de nouveaux objectifs.","breadcrumb":{"@id":"https:\/\/www.miomiorun.com\/fr\/produit\/mach-6-femme\/#breadcrumb"},"inLanguage":"fr-FR","potentialAction":[{"@type":"ReadAction","target":["https:\/\/www.miomiorun.com\/fr\/produit\/mach-6-femme\/"]}]},{"@type":"ImageObject","inLanguage":"fr-FR","@id":"https:\/\/www.miomiorun.com\/fr\/produit\/mach-6-femme\/#primaryimage","url":"https:\/\/www.miomiorun.com\/app\/uploads\/2025\/04\/hoka-Mach-6-W-varsity-navy-nautical-dusk-1147810-VLD.webp","contentUrl":"https:\/\/www.miomiorun.com\/app\/uploads\/2025\/04\/hoka-Mach-6-W-varsity-navy-nautical-dusk-1147810-VLD.webp","width":600,"height":600,"caption":"hoka Mach 6 W varsity navy nautical dusk 1147810 VLD"},{"@type":"BreadcrumbList","@id":"https:\/\/www.miomiorun.com\/fr\/produit\/mach-6-femme\/#breadcrumb","itemListElement":[{"@type":"ListItem","position":1,"name":"Home","item":"https:\/\/www.miomiorun.com\/fr\/home-page\/"},{"@type":"ListItem","position":2,"name":"Shop","item":"https:\/\/www.miomiorun.com\/shop\/"},{"@type":"ListItem","position":3,"name":"Mach 6 femme"}]},{"@type":"WebSite","@id":"https:\/\/www.miomiorun.com\/fr\/#website","url":"https:\/\/www.miomiorun.com\/fr\/","name":"MioMioRun","description":"Boutique 100% running et trail","publisher":{"@id":"https:\/\/www.miomiorun.com\/fr\/#organization"},"potentialAction":[{"@type":"SearchAction","target":{"@type":"EntryPoint","urlTemplate":"https:\/\/www.miomiorun.com\/fr\/?s={search_term_string}"},"query-input":{"@type":"PropertyValueSpecification","valueRequired":true,"valueName":"search_term_string"}}],"inLanguage":"fr-FR"},{"@type":"Organization","@id":"https:\/\/www.miomiorun.com\/fr\/#organization","name":"MioMio Run","url":"https:\/\/www.miomiorun.com\/fr\/","logo":{"@type":"ImageObject","inLanguage":"fr-FR","@id":"https:\/\/www.miomiorun.com\/fr\/#\/schema\/logo\/image\/","url":"https:\/\/www.miomiorun.com\/app\/uploads\/2019\/12\/logomio.png","contentUrl":"https:\/\/www.miomiorun.com\/app\/uploads\/2019\/12\/logomio.png","width":115,"height":82,"caption":"MioMio Run"},"image":{"@id":"https:\/\/www.miomiorun.com\/fr\/#\/schema\/logo\/image\/"},"sameAs":["https:\/\/www.facebook.com\/miomiorun\/","https:\/\/www.instagram.com\/miomiorun\/"]}]}},"_links":{"self":[{"href":"https:\/\/www.miomiorun.com\/fr\/wp-json\/wp\/v2\/product\/289179","targetHints":{"allow":["GET"]}}],"collection":[{"href":"https:\/\/www.miomiorun.com\/fr\/wp-json\/wp\/v2\/product"}],"about":[{"href":"https:\/\/www.miomiorun.com\/fr\/wp-json\/wp\/v2\/types\/product"}],"wp:featuredmedia":[{"embeddable":true,"href":"https:\/\/www.miomiorun.com\/fr\/wp-json\/wp\/v2\/media\/302980"}],"wp:attachment":[{"href":"https:\/\/www.miomiorun.com\/fr\/wp-json\/wp\/v2\/media?parent=289179"}],"wp:term":[{"taxonomy":"product_brand","embeddable":true,"href":"https:\/\/www.miomiorun.com\/fr\/wp-json\/wp\/v2\/product_brand?post=289179"},{"taxonomy":"product_cat","embeddable":true,"href":"https:\/\/www.miomiorun.com\/fr\/wp-json\/wp\/v2\/product_cat?post=289179"},{"taxonomy":"product_tag","embeddable":true,"href":"https:\/\/www.miomiorun.com\/fr\/wp-json\/wp\/v2\/product_tag?post=289179"}],"curies":[{"name":"wp","href":"https:\/\/api.w.org\/{rel}","templated":true}]}}