{"id":289168,"date":"2024-02-24T10:28:29","date_gmt":"2024-02-24T09:28:29","guid":{"rendered":"https:\/\/miomiorun.com\/prodotto\/peregrine-kdz\/"},"modified":"2025-12-04T11:37:11","modified_gmt":"2025-12-04T10:37:11","slug":"peregrine-kdz","status":"publish","type":"product","link":"https:\/\/www.miomiorun.com\/fr\/produit\/peregrine-kdz\/","title":{"rendered":"Peregrine KDZ"},"content":{"rendered":"<p><div class=\"vc-row container\"><div class=\"vc-column\"><div class=\"vc-column-text\"><\/p>\n<h4>Caract\u00e9ristiques techniques<\/h4>\n<p>Cat\u00e9gorie : amorti structur\u00e9<br \/>\nD\u00e9calage : 8 mm<br \/>\nId\u00e9al pour : les jeunes qui ont besoin d&#8217;une chaussure offrant un bon amorti et une bonne structure. Id\u00e9al pour les premiers pas dans la pratique sportive ou pour les jeunes qui souhaitent d\u00e9j\u00e0 s&#8217;attaquer \u00e0 des distances moyennes \u00e0 longues en montagne.<br \/>\n<a href=\"https:\/\/miomiorun.com\/fr\/guide-des-specificites\/\">Guide des caract\u00e9ristiques techniques<\/a><\/p>\n<p><\/div><\/div><div class=\"vc-column\"><div class=\"vc-column-text\"><\/p>\n<div class=\"description\">Les Saucony Peregrine KDZ sont des chaussures de course con\u00e7ues pour affronter tout type de terrain avec l\u00e9g\u00e8ret\u00e9 et performance. La tige est fabriqu\u00e9e dans un tissu respirant qui garantit une ventilation constante du pied pendant l&#8217;activit\u00e9 sportive. Les chaussures sont \u00e9quip\u00e9es d&#8217;une semelle en caoutchouc avec technologie PWRTRAC qui offre une excellente adh\u00e9rence et une r\u00e9sistance \u00e0 l&#8217;abrasion sur les surfaces difficiles telles que les sentiers ou les terrains accident\u00e9s. La semelle interm\u00e9diaire est compos\u00e9e d&#8217;une couche en EVA qui absorbe les chocs et att\u00e9nue leur impact sur le pied, rendant chaque pas confortable et s\u00fbr. Gr\u00e2ce au syst\u00e8me de la\u00e7age Quicklace, le chaussant est stable et personnalisable en quelques secondes. Leur design moderne et attrayant, associ\u00e9 \u00e0 une grande fonctionnalit\u00e9, fait des Saucony Peregrine KDZ le choix id\u00e9al pour les amateurs de trail running \u00e0 la recherche de performances \u00e9lev\u00e9es et d&#8217;un confort durable. Pr\u00e9parez-vous \u00e0 conqu\u00e9rir tous les terrains avec ces incroyables chaussures de course, leaders en termes de qualit\u00e9 et de fiabilit\u00e9 dans leur cat\u00e9gorie.<br \/>\n<\/div><\/div><\/div><\/div>\n","protected":false},"excerpt":{"rendered":"<ul>\n<li>Id\u00e9ales pour la montagne<\/li>\n<li>Super amortissantes et excellente adh\u00e9rence<\/li>\n<\/ul>\n","protected":false},"featured_media":245280,"template":"","meta":{"_acf_changed":false,"inline_featured_image":false},"product_brand":[],"product_cat":[22594,22593,22590],"product_tag":[23579,24184,24189],"class_list":{"0":"post-289168","1":"product","2":"type-product","3":"status-publish","4":"has-post-thumbnail","6":"product_cat-chaussures-pour-enfants","7":"product_cat-chaussures-pour-filles","8":"product_cat-enfant","9":"product_tag-saucony-fr","10":"product_tag-saucony-fille","11":"product_tag-saucony-garcon","12":"pa_attivita-lifestyle-fr","13":"pa_attivita-marcher","14":"pa_attivita-outdoor-fr","15":"pa_colore-peregrine-kdz-blue-black-fr","16":"pa_colore-peregrine-kdz-orchid-fr","17":"pa_colore-peregrine-kdz-shd-ber-crl-fr","18":"pa_colore-peregrine-kdz-shd-blu-org-fr","19":"pa_marca-saucony-fr","20":"pa_sesso-femme","21":"pa_sesso-homme","22":"pa_size-20296","23":"pa_size-36-5-fr","24":"pa_size-37-fr","25":"pa_size-37-5-fr","26":"pa_size-38-fr","28":"first","29":"instock","30":"sale","31":"taxable","32":"shipping-taxable","33":"purchasable","34":"product-type-variable","35":"wvs-archive-product-wrapper"},"acf":[],"yoast_head":"<!-- This site is optimized with the Yoast SEO plugin v26.8 - https:\/\/yoast.com\/product\/yoast-seo-wordpress\/ -->\n<title>Saucony Peregrine KDZ - chaussures de course pour enfants - MioMioRun<\/title>\n<meta name=\"description\" content=\"\u00ab D\u00e9couvrez les performances sup\u00e9rieures des Saucony Peregrine KDZ : la chaussure parfaite pour toutes vos aventures en plein air. Achetez-les d\u00e8s maintenant ! \u00bb\" \/>\n<meta name=\"robots\" content=\"index, follow, max-snippet:-1, max-image-preview:large, max-video-preview:-1\" \/>\n<link rel=\"canonical\" href=\"https:\/\/www.miomiorun.com\/fr\/produit\/peregrine-kdz\/\" \/>\n<meta property=\"og:locale\" content=\"fr_FR\" \/>\n<meta property=\"og:type\" content=\"article\" \/>\n<meta property=\"og:title\" content=\"Saucony Peregrine KDZ - chaussures de course pour enfants - MioMioRun\" \/>\n<meta property=\"og:description\" content=\"\u00ab D\u00e9couvrez les performances sup\u00e9rieures des Saucony Peregrine KDZ : la chaussure parfaite pour toutes vos aventures en plein air. Achetez-les d\u00e8s maintenant ! \u00bb\" \/>\n<meta property=\"og:url\" content=\"https:\/\/www.miomiorun.com\/fr\/produit\/peregrine-kdz\/\" \/>\n<meta property=\"og:site_name\" content=\"MioMioRun\" \/>\n<meta property=\"article:publisher\" content=\"https:\/\/www.facebook.com\/miomiorun\/\" \/>\n<meta property=\"article:modified_time\" content=\"2025-12-04T10:37:11+00:00\" \/>\n<meta property=\"og:image\" content=\"https:\/\/www.miomiorun.com\/app\/uploads\/2024\/02\/saucony-Peregrine-KDZ-blue-black-SK267486.webp\" \/>\n\t<meta property=\"og:image:width\" content=\"600\" \/>\n\t<meta property=\"og:image:height\" content=\"600\" \/>\n\t<meta property=\"og:image:type\" content=\"image\/webp\" \/>\n<meta name=\"twitter:card\" content=\"summary_large_image\" \/>\n<meta name=\"twitter:label1\" content=\"Est. reading time\" \/>\n\t<meta name=\"twitter:data1\" content=\"1 minute\" \/>\n<script type=\"application\/ld+json\" class=\"yoast-schema-graph\">{\"@context\":\"https:\/\/schema.org\",\"@graph\":[{\"@type\":\"WebPage\",\"@id\":\"https:\/\/www.miomiorun.com\/fr\/produit\/peregrine-kdz\/\",\"url\":\"https:\/\/www.miomiorun.com\/fr\/produit\/peregrine-kdz\/\",\"name\":\"Saucony Peregrine KDZ - chaussures de course pour enfants - MioMioRun\",\"isPartOf\":{\"@id\":\"https:\/\/www.miomiorun.com\/fr\/#website\"},\"primaryImageOfPage\":{\"@id\":\"https:\/\/www.miomiorun.com\/fr\/produit\/peregrine-kdz\/#primaryimage\"},\"image\":{\"@id\":\"https:\/\/www.miomiorun.com\/fr\/produit\/peregrine-kdz\/#primaryimage\"},\"thumbnailUrl\":\"https:\/\/www.miomiorun.com\/app\/uploads\/2024\/02\/saucony-Peregrine-KDZ-blue-black-SK267486.webp\",\"datePublished\":\"2024-02-24T09:28:29+00:00\",\"dateModified\":\"2025-12-04T10:37:11+00:00\",\"description\":\"\u00ab D\u00e9couvrez les performances sup\u00e9rieures des Saucony Peregrine KDZ : la chaussure parfaite pour toutes vos aventures en plein air. Achetez-les d\u00e8s maintenant ! \u00bb\",\"breadcrumb\":{\"@id\":\"https:\/\/www.miomiorun.com\/fr\/produit\/peregrine-kdz\/#breadcrumb\"},\"inLanguage\":\"fr-FR\",\"potentialAction\":[{\"@type\":\"ReadAction\",\"target\":[\"https:\/\/www.miomiorun.com\/fr\/produit\/peregrine-kdz\/\"]}]},{\"@type\":\"ImageObject\",\"inLanguage\":\"fr-FR\",\"@id\":\"https:\/\/www.miomiorun.com\/fr\/produit\/peregrine-kdz\/#primaryimage\",\"url\":\"https:\/\/www.miomiorun.com\/app\/uploads\/2024\/02\/saucony-Peregrine-KDZ-blue-black-SK267486.webp\",\"contentUrl\":\"https:\/\/www.miomiorun.com\/app\/uploads\/2024\/02\/saucony-Peregrine-KDZ-blue-black-SK267486.webp\",\"width\":600,\"height\":600,\"caption\":\"saucony Peregrine KDZ blue black SK267486\"},{\"@type\":\"BreadcrumbList\",\"@id\":\"https:\/\/www.miomiorun.com\/fr\/produit\/peregrine-kdz\/#breadcrumb\",\"itemListElement\":[{\"@type\":\"ListItem\",\"position\":1,\"name\":\"Home\",\"item\":\"https:\/\/www.miomiorun.com\/fr\/home-page\/\"},{\"@type\":\"ListItem\",\"position\":2,\"name\":\"Shop\",\"item\":\"https:\/\/www.miomiorun.com\/shop\/\"},{\"@type\":\"ListItem\",\"position\":3,\"name\":\"Peregrine KDZ\"}]},{\"@type\":\"WebSite\",\"@id\":\"https:\/\/www.miomiorun.com\/fr\/#website\",\"url\":\"https:\/\/www.miomiorun.com\/fr\/\",\"name\":\"MioMioRun\",\"description\":\"Boutique 100% running et trail\",\"publisher\":{\"@id\":\"https:\/\/www.miomiorun.com\/fr\/#organization\"},\"potentialAction\":[{\"@type\":\"SearchAction\",\"target\":{\"@type\":\"EntryPoint\",\"urlTemplate\":\"https:\/\/www.miomiorun.com\/fr\/?s={search_term_string}\"},\"query-input\":{\"@type\":\"PropertyValueSpecification\",\"valueRequired\":true,\"valueName\":\"search_term_string\"}}],\"inLanguage\":\"fr-FR\"},{\"@type\":\"Organization\",\"@id\":\"https:\/\/www.miomiorun.com\/fr\/#organization\",\"name\":\"MioMio Run\",\"url\":\"https:\/\/www.miomiorun.com\/fr\/\",\"logo\":{\"@type\":\"ImageObject\",\"inLanguage\":\"fr-FR\",\"@id\":\"https:\/\/www.miomiorun.com\/fr\/#\/schema\/logo\/image\/\",\"url\":\"https:\/\/www.miomiorun.com\/app\/uploads\/2019\/12\/logomio.png\",\"contentUrl\":\"https:\/\/www.miomiorun.com\/app\/uploads\/2019\/12\/logomio.png\",\"width\":115,\"height\":82,\"caption\":\"MioMio Run\"},\"image\":{\"@id\":\"https:\/\/www.miomiorun.com\/fr\/#\/schema\/logo\/image\/\"},\"sameAs\":[\"https:\/\/www.facebook.com\/miomiorun\/\",\"https:\/\/www.instagram.com\/miomiorun\/\"]}]}<\/script>\n<!-- \/ Yoast SEO plugin. -->","yoast_head_json":{"title":"Saucony Peregrine KDZ - chaussures de course pour enfants - MioMioRun","description":"\u00ab D\u00e9couvrez les performances sup\u00e9rieures des Saucony Peregrine KDZ : la chaussure parfaite pour toutes vos aventures en plein air. Achetez-les d\u00e8s maintenant ! \u00bb","robots":{"index":"index","follow":"follow","max-snippet":"max-snippet:-1","max-image-preview":"max-image-preview:large","max-video-preview":"max-video-preview:-1"},"canonical":"https:\/\/www.miomiorun.com\/fr\/produit\/peregrine-kdz\/","og_locale":"fr_FR","og_type":"article","og_title":"Saucony Peregrine KDZ - chaussures de course pour enfants - MioMioRun","og_description":"\u00ab D\u00e9couvrez les performances sup\u00e9rieures des Saucony Peregrine KDZ : la chaussure parfaite pour toutes vos aventures en plein air. Achetez-les d\u00e8s maintenant ! \u00bb","og_url":"https:\/\/www.miomiorun.com\/fr\/produit\/peregrine-kdz\/","og_site_name":"MioMioRun","article_publisher":"https:\/\/www.facebook.com\/miomiorun\/","article_modified_time":"2025-12-04T10:37:11+00:00","og_image":[{"width":600,"height":600,"url":"https:\/\/www.miomiorun.com\/app\/uploads\/2024\/02\/saucony-Peregrine-KDZ-blue-black-SK267486.webp","type":"image\/webp"}],"twitter_card":"summary_large_image","twitter_misc":{"Est. reading time":"1 minute"},"schema":{"@context":"https:\/\/schema.org","@graph":[{"@type":"WebPage","@id":"https:\/\/www.miomiorun.com\/fr\/produit\/peregrine-kdz\/","url":"https:\/\/www.miomiorun.com\/fr\/produit\/peregrine-kdz\/","name":"Saucony Peregrine KDZ - chaussures de course pour enfants - MioMioRun","isPartOf":{"@id":"https:\/\/www.miomiorun.com\/fr\/#website"},"primaryImageOfPage":{"@id":"https:\/\/www.miomiorun.com\/fr\/produit\/peregrine-kdz\/#primaryimage"},"image":{"@id":"https:\/\/www.miomiorun.com\/fr\/produit\/peregrine-kdz\/#primaryimage"},"thumbnailUrl":"https:\/\/www.miomiorun.com\/app\/uploads\/2024\/02\/saucony-Peregrine-KDZ-blue-black-SK267486.webp","datePublished":"2024-02-24T09:28:29+00:00","dateModified":"2025-12-04T10:37:11+00:00","description":"\u00ab D\u00e9couvrez les performances sup\u00e9rieures des Saucony Peregrine KDZ : la chaussure parfaite pour toutes vos aventures en plein air. Achetez-les d\u00e8s maintenant ! \u00bb","breadcrumb":{"@id":"https:\/\/www.miomiorun.com\/fr\/produit\/peregrine-kdz\/#breadcrumb"},"inLanguage":"fr-FR","potentialAction":[{"@type":"ReadAction","target":["https:\/\/www.miomiorun.com\/fr\/produit\/peregrine-kdz\/"]}]},{"@type":"ImageObject","inLanguage":"fr-FR","@id":"https:\/\/www.miomiorun.com\/fr\/produit\/peregrine-kdz\/#primaryimage","url":"https:\/\/www.miomiorun.com\/app\/uploads\/2024\/02\/saucony-Peregrine-KDZ-blue-black-SK267486.webp","contentUrl":"https:\/\/www.miomiorun.com\/app\/uploads\/2024\/02\/saucony-Peregrine-KDZ-blue-black-SK267486.webp","width":600,"height":600,"caption":"saucony Peregrine KDZ blue black SK267486"},{"@type":"BreadcrumbList","@id":"https:\/\/www.miomiorun.com\/fr\/produit\/peregrine-kdz\/#breadcrumb","itemListElement":[{"@type":"ListItem","position":1,"name":"Home","item":"https:\/\/www.miomiorun.com\/fr\/home-page\/"},{"@type":"ListItem","position":2,"name":"Shop","item":"https:\/\/www.miomiorun.com\/shop\/"},{"@type":"ListItem","position":3,"name":"Peregrine KDZ"}]},{"@type":"WebSite","@id":"https:\/\/www.miomiorun.com\/fr\/#website","url":"https:\/\/www.miomiorun.com\/fr\/","name":"MioMioRun","description":"Boutique 100% running et trail","publisher":{"@id":"https:\/\/www.miomiorun.com\/fr\/#organization"},"potentialAction":[{"@type":"SearchAction","target":{"@type":"EntryPoint","urlTemplate":"https:\/\/www.miomiorun.com\/fr\/?s={search_term_string}"},"query-input":{"@type":"PropertyValueSpecification","valueRequired":true,"valueName":"search_term_string"}}],"inLanguage":"fr-FR"},{"@type":"Organization","@id":"https:\/\/www.miomiorun.com\/fr\/#organization","name":"MioMio Run","url":"https:\/\/www.miomiorun.com\/fr\/","logo":{"@type":"ImageObject","inLanguage":"fr-FR","@id":"https:\/\/www.miomiorun.com\/fr\/#\/schema\/logo\/image\/","url":"https:\/\/www.miomiorun.com\/app\/uploads\/2019\/12\/logomio.png","contentUrl":"https:\/\/www.miomiorun.com\/app\/uploads\/2019\/12\/logomio.png","width":115,"height":82,"caption":"MioMio Run"},"image":{"@id":"https:\/\/www.miomiorun.com\/fr\/#\/schema\/logo\/image\/"},"sameAs":["https:\/\/www.facebook.com\/miomiorun\/","https:\/\/www.instagram.com\/miomiorun\/"]}]}},"_links":{"self":[{"href":"https:\/\/www.miomiorun.com\/fr\/wp-json\/wp\/v2\/product\/289168","targetHints":{"allow":["GET"]}}],"collection":[{"href":"https:\/\/www.miomiorun.com\/fr\/wp-json\/wp\/v2\/product"}],"about":[{"href":"https:\/\/www.miomiorun.com\/fr\/wp-json\/wp\/v2\/types\/product"}],"wp:featuredmedia":[{"embeddable":true,"href":"https:\/\/www.miomiorun.com\/fr\/wp-json\/wp\/v2\/media\/245280"}],"wp:attachment":[{"href":"https:\/\/www.miomiorun.com\/fr\/wp-json\/wp\/v2\/media?parent=289168"}],"wp:term":[{"taxonomy":"product_brand","embeddable":true,"href":"https:\/\/www.miomiorun.com\/fr\/wp-json\/wp\/v2\/product_brand?post=289168"},{"taxonomy":"product_cat","embeddable":true,"href":"https:\/\/www.miomiorun.com\/fr\/wp-json\/wp\/v2\/product_cat?post=289168"},{"taxonomy":"product_tag","embeddable":true,"href":"https:\/\/www.miomiorun.com\/fr\/wp-json\/wp\/v2\/product_tag?post=289168"}],"curies":[{"name":"wp","href":"https:\/\/api.w.org\/{rel}","templated":true}]}}