{"id":289160,"date":"2024-03-05T11:45:30","date_gmt":"2024-03-05T10:45:30","guid":{"rendered":"https:\/\/miomiorun.com\/prodotto\/mach-6-kdz\/"},"modified":"2026-05-08T18:56:17","modified_gmt":"2026-05-08T16:56:17","slug":"mach-6-kdz","status":"publish","type":"product","link":"https:\/\/www.miomiorun.com\/fr\/produit\/mach-6-kdz\/","title":{"rendered":"Mach 6 KDZ"},"content":{"rendered":"<div class=\"vc-row container\"><div class=\"vc-column\"><div class=\"vc-column-text\"><\/p>\n<p><strong>Caract\u00e9ristiques techniques<\/strong><\/p>\n<p>Cat\u00e9gorie : amorti r\u00e9actif<br \/>\nDrop : 4mm<br \/>\nPoids : 191g<br \/>\nId\u00e9al pour : les gar\u00e7ons qui ont besoin d&#8217;une chaussure plus r\u00e9active parce qu&#8217;ils ont d\u00e9j\u00e0 une bonne technique de course ou qui visent des disciplines avec des distances moyennes \u00e0 longues.<\/p>\n<p><a href=\"https:\/\/miomiorun.com\/fr\/guide-des-specificites\/\">Guide des sp\u00e9cifications techniques<\/a><\/p>\n<p><\/div><\/div><div class=\"vc-column\"><div class=\"vc-column-text\"><\/p>\n<h2 style=\"text-align: center;\">Y a-t-il un petit gar\u00e7on ou une petite fille qui ne veuille pas aller \u00e0 la vitesse de la lumi\u00e8re ? Nous pensons que non.<\/h2>\n<p>Avec la m\u00eame exp\u00e9rience de course rapide que la version adulte, la <strong>Mach 6<\/strong> pour enfants est l\u00e9g\u00e8re, rapide et ind\u00e9niablement confortable. Chaussure dynamique et imparable con\u00e7ue pour parcourir de longues distances, elle est dot\u00e9e d&#8217;une tige en tissu recycl\u00e9 (44 %), d&#8217;une semelle interm\u00e9diaire en EVA de canne \u00e0 sucre souple (50 %), d&#8217;un contrefort de protection des orteils et d&#8217;une semelle ext\u00e9rieure Durabrasion <strong>Rubber\u2122<\/strong> plus \u00e9paisse que celle de la version adulte, pour la durabilit\u00e9 suppl\u00e9mentaire dont les enfants ont besoin.<\/p>\n<h3>Caract\u00e9ristiques :<\/h3>\n<div class=\"description-techspecs__items\">\n<ul class=\"features-container\">\n<li class=\"feature-item\">Tige en tissu recycl\u00e9 (44%)<\/li>\n<li class=\"feature-item\">Semelle interm\u00e9diaire en EVA de canne \u00e0 sucre (50%)<\/li>\n<li class=\"feature-item\">Renforcement protecteur des orteils<\/li>\n<li class=\"feature-item\">Semelle ext\u00e9rieure Durabrasion Rubber\u2122<\/li>\n<li class=\"feature-item\">Semelle int\u00e9rieure amovible<\/li>\n<\/ul>\n<h2>Stabilit\u00e9<\/h2>\n<p>Mach 6 est dot\u00e9 d&#8217;un lit sym\u00e9trique rembourr\u00e9, sans technologie orthop\u00e9dique suppl\u00e9mentaire. Con\u00e7u pour vous apporter le soutien dont vous avez besoin, sans caract\u00e9ristiques superflues.<\/p>\n<h2>Amortissement<\/h2>\n<p>La Mach 6 est dot\u00e9e d&#8217;un amorti \u00e0 profil bas qui maintient le pied plus pr\u00e8s du sol et utilise un mat\u00e9riau plus compact con\u00e7u pour rendre la pouss\u00e9e efficace.<\/p>\n<p>&nbsp;<\/p>\n<\/div>\n<p><\/div><\/div><\/div>\n","protected":false},"excerpt":{"rendered":"<ul>\n<li>Chaussures ultra-rapides pour enfants<\/li>\n<li>Id\u00e9ales au quotidien<\/li>\n<\/ul>\n","protected":false},"featured_media":246128,"template":"","meta":{"_acf_changed":false,"inline_featured_image":false},"product_brand":[],"product_cat":[22594,22593,22590],"product_tag":[23478,24182,24187],"class_list":{"0":"post-289160","1":"product","2":"type-product","3":"status-publish","4":"has-post-thumbnail","6":"product_cat-chaussures-pour-enfants","7":"product_cat-chaussures-pour-filles","8":"product_cat-enfant","9":"product_tag-hoka-one-one-fr","10":"product_tag-hoka-fille","11":"product_tag-hoka-garcon","12":"pa_attivita-fitness-fr","13":"pa_attivita-lifestyle-fr","14":"pa_attivita-marcher","15":"pa_attivita-running-fr","16":"pa_colore-mach-6-y-black-white-fr","17":"pa_colore-mach-6-youth-ultramarine-electric-tanger-fr","18":"pa_marca-hoka-fr","19":"pa_sesso-femme","20":"pa_sesso-homme","21":"pa_size-37-fr","22":"pa_size-38-fr","24":"first","25":"instock","26":"sale","27":"taxable","28":"shipping-taxable","29":"purchasable","30":"product-type-variable","31":"wvs-archive-product-wrapper"},"acf":[],"yoast_head":"<!-- This site is optimized with the Yoast SEO plugin v26.8 - https:\/\/yoast.com\/product\/yoast-seo-wordpress\/ -->\n<title>Hoka Mach 6 KDZ - chaussures de course- MioMioRun<\/title>\n<meta name=\"description\" content=\"La Mach 6 pour enfants est l\u00e9g\u00e8re, rapide et ind\u00e9niablement confortable. Une chaussure dynamique et inarr\u00eatable con\u00e7ue pour parcourir de longues distances\" \/>\n<meta name=\"robots\" content=\"index, follow, max-snippet:-1, max-image-preview:large, max-video-preview:-1\" \/>\n<link rel=\"canonical\" href=\"https:\/\/www.miomiorun.com\/fr\/produit\/mach-6-kdz\/\" \/>\n<meta property=\"og:locale\" content=\"fr_FR\" \/>\n<meta property=\"og:type\" content=\"article\" \/>\n<meta property=\"og:title\" content=\"Hoka Mach 6 KDZ - chaussures de course- MioMioRun\" \/>\n<meta property=\"og:description\" content=\"La Mach 6 pour enfants est l\u00e9g\u00e8re, rapide et ind\u00e9niablement confortable. Une chaussure dynamique et inarr\u00eatable con\u00e7ue pour parcourir de longues distances\" \/>\n<meta property=\"og:url\" content=\"https:\/\/www.miomiorun.com\/fr\/produit\/mach-6-kdz\/\" \/>\n<meta property=\"og:site_name\" content=\"MioMioRun\" \/>\n<meta property=\"article:publisher\" content=\"https:\/\/www.facebook.com\/miomiorun\/\" \/>\n<meta property=\"article:modified_time\" content=\"2026-05-08T16:56:17+00:00\" \/>\n<meta property=\"og:image\" content=\"https:\/\/www.miomiorun.com\/app\/uploads\/2024\/03\/Hoka-Mach-6-youth-peony-cerise-1147553-PNYC.webp\" \/>\n\t<meta property=\"og:image:width\" content=\"600\" \/>\n\t<meta property=\"og:image:height\" content=\"600\" \/>\n\t<meta property=\"og:image:type\" content=\"image\/webp\" \/>\n<meta name=\"twitter:card\" content=\"summary_large_image\" \/>\n<meta name=\"twitter:label1\" content=\"Est. reading time\" \/>\n\t<meta name=\"twitter:data1\" content=\"1 minute\" \/>\n<script type=\"application\/ld+json\" class=\"yoast-schema-graph\">{\"@context\":\"https:\/\/schema.org\",\"@graph\":[{\"@type\":\"WebPage\",\"@id\":\"https:\/\/www.miomiorun.com\/fr\/produit\/mach-6-kdz\/\",\"url\":\"https:\/\/www.miomiorun.com\/fr\/produit\/mach-6-kdz\/\",\"name\":\"Hoka Mach 6 KDZ - chaussures de course- MioMioRun\",\"isPartOf\":{\"@id\":\"https:\/\/www.miomiorun.com\/fr\/#website\"},\"primaryImageOfPage\":{\"@id\":\"https:\/\/www.miomiorun.com\/fr\/produit\/mach-6-kdz\/#primaryimage\"},\"image\":{\"@id\":\"https:\/\/www.miomiorun.com\/fr\/produit\/mach-6-kdz\/#primaryimage\"},\"thumbnailUrl\":\"https:\/\/www.miomiorun.com\/app\/uploads\/2024\/03\/Hoka-Mach-6-youth-peony-cerise-1147553-PNYC.webp\",\"datePublished\":\"2024-03-05T10:45:30+00:00\",\"dateModified\":\"2026-05-08T16:56:17+00:00\",\"description\":\"La Mach 6 pour enfants est l\u00e9g\u00e8re, rapide et ind\u00e9niablement confortable. Une chaussure dynamique et inarr\u00eatable con\u00e7ue pour parcourir de longues distances\",\"breadcrumb\":{\"@id\":\"https:\/\/www.miomiorun.com\/fr\/produit\/mach-6-kdz\/#breadcrumb\"},\"inLanguage\":\"fr-FR\",\"potentialAction\":[{\"@type\":\"ReadAction\",\"target\":[\"https:\/\/www.miomiorun.com\/fr\/produit\/mach-6-kdz\/\"]}]},{\"@type\":\"ImageObject\",\"inLanguage\":\"fr-FR\",\"@id\":\"https:\/\/www.miomiorun.com\/fr\/produit\/mach-6-kdz\/#primaryimage\",\"url\":\"https:\/\/www.miomiorun.com\/app\/uploads\/2024\/03\/Hoka-Mach-6-youth-peony-cerise-1147553-PNYC.webp\",\"contentUrl\":\"https:\/\/www.miomiorun.com\/app\/uploads\/2024\/03\/Hoka-Mach-6-youth-peony-cerise-1147553-PNYC.webp\",\"width\":600,\"height\":600,\"caption\":\"Hoka Mach 6 youth peony cerise 1147553 PNYC\"},{\"@type\":\"BreadcrumbList\",\"@id\":\"https:\/\/www.miomiorun.com\/fr\/produit\/mach-6-kdz\/#breadcrumb\",\"itemListElement\":[{\"@type\":\"ListItem\",\"position\":1,\"name\":\"Home\",\"item\":\"https:\/\/www.miomiorun.com\/fr\/home-page\/\"},{\"@type\":\"ListItem\",\"position\":2,\"name\":\"Shop\",\"item\":\"https:\/\/www.miomiorun.com\/shop\/\"},{\"@type\":\"ListItem\",\"position\":3,\"name\":\"Mach 6 KDZ\"}]},{\"@type\":\"WebSite\",\"@id\":\"https:\/\/www.miomiorun.com\/fr\/#website\",\"url\":\"https:\/\/www.miomiorun.com\/fr\/\",\"name\":\"MioMioRun\",\"description\":\"Boutique 100% running et trail\",\"publisher\":{\"@id\":\"https:\/\/www.miomiorun.com\/fr\/#organization\"},\"potentialAction\":[{\"@type\":\"SearchAction\",\"target\":{\"@type\":\"EntryPoint\",\"urlTemplate\":\"https:\/\/www.miomiorun.com\/fr\/?s={search_term_string}\"},\"query-input\":{\"@type\":\"PropertyValueSpecification\",\"valueRequired\":true,\"valueName\":\"search_term_string\"}}],\"inLanguage\":\"fr-FR\"},{\"@type\":\"Organization\",\"@id\":\"https:\/\/www.miomiorun.com\/fr\/#organization\",\"name\":\"MioMio Run\",\"url\":\"https:\/\/www.miomiorun.com\/fr\/\",\"logo\":{\"@type\":\"ImageObject\",\"inLanguage\":\"fr-FR\",\"@id\":\"https:\/\/www.miomiorun.com\/fr\/#\/schema\/logo\/image\/\",\"url\":\"https:\/\/www.miomiorun.com\/app\/uploads\/2019\/12\/logomio.png\",\"contentUrl\":\"https:\/\/www.miomiorun.com\/app\/uploads\/2019\/12\/logomio.png\",\"width\":115,\"height\":82,\"caption\":\"MioMio Run\"},\"image\":{\"@id\":\"https:\/\/www.miomiorun.com\/fr\/#\/schema\/logo\/image\/\"},\"sameAs\":[\"https:\/\/www.facebook.com\/miomiorun\/\",\"https:\/\/www.instagram.com\/miomiorun\/\"]}]}<\/script>\n<!-- \/ Yoast SEO plugin. -->","yoast_head_json":{"title":"Hoka Mach 6 KDZ - chaussures de course- MioMioRun","description":"La Mach 6 pour enfants est l\u00e9g\u00e8re, rapide et ind\u00e9niablement confortable. Une chaussure dynamique et inarr\u00eatable con\u00e7ue pour parcourir de longues distances","robots":{"index":"index","follow":"follow","max-snippet":"max-snippet:-1","max-image-preview":"max-image-preview:large","max-video-preview":"max-video-preview:-1"},"canonical":"https:\/\/www.miomiorun.com\/fr\/produit\/mach-6-kdz\/","og_locale":"fr_FR","og_type":"article","og_title":"Hoka Mach 6 KDZ - chaussures de course- MioMioRun","og_description":"La Mach 6 pour enfants est l\u00e9g\u00e8re, rapide et ind\u00e9niablement confortable. Une chaussure dynamique et inarr\u00eatable con\u00e7ue pour parcourir de longues distances","og_url":"https:\/\/www.miomiorun.com\/fr\/produit\/mach-6-kdz\/","og_site_name":"MioMioRun","article_publisher":"https:\/\/www.facebook.com\/miomiorun\/","article_modified_time":"2026-05-08T16:56:17+00:00","og_image":[{"width":600,"height":600,"url":"https:\/\/www.miomiorun.com\/app\/uploads\/2024\/03\/Hoka-Mach-6-youth-peony-cerise-1147553-PNYC.webp","type":"image\/webp"}],"twitter_card":"summary_large_image","twitter_misc":{"Est. reading time":"1 minute"},"schema":{"@context":"https:\/\/schema.org","@graph":[{"@type":"WebPage","@id":"https:\/\/www.miomiorun.com\/fr\/produit\/mach-6-kdz\/","url":"https:\/\/www.miomiorun.com\/fr\/produit\/mach-6-kdz\/","name":"Hoka Mach 6 KDZ - chaussures de course- MioMioRun","isPartOf":{"@id":"https:\/\/www.miomiorun.com\/fr\/#website"},"primaryImageOfPage":{"@id":"https:\/\/www.miomiorun.com\/fr\/produit\/mach-6-kdz\/#primaryimage"},"image":{"@id":"https:\/\/www.miomiorun.com\/fr\/produit\/mach-6-kdz\/#primaryimage"},"thumbnailUrl":"https:\/\/www.miomiorun.com\/app\/uploads\/2024\/03\/Hoka-Mach-6-youth-peony-cerise-1147553-PNYC.webp","datePublished":"2024-03-05T10:45:30+00:00","dateModified":"2026-05-08T16:56:17+00:00","description":"La Mach 6 pour enfants est l\u00e9g\u00e8re, rapide et ind\u00e9niablement confortable. Une chaussure dynamique et inarr\u00eatable con\u00e7ue pour parcourir de longues distances","breadcrumb":{"@id":"https:\/\/www.miomiorun.com\/fr\/produit\/mach-6-kdz\/#breadcrumb"},"inLanguage":"fr-FR","potentialAction":[{"@type":"ReadAction","target":["https:\/\/www.miomiorun.com\/fr\/produit\/mach-6-kdz\/"]}]},{"@type":"ImageObject","inLanguage":"fr-FR","@id":"https:\/\/www.miomiorun.com\/fr\/produit\/mach-6-kdz\/#primaryimage","url":"https:\/\/www.miomiorun.com\/app\/uploads\/2024\/03\/Hoka-Mach-6-youth-peony-cerise-1147553-PNYC.webp","contentUrl":"https:\/\/www.miomiorun.com\/app\/uploads\/2024\/03\/Hoka-Mach-6-youth-peony-cerise-1147553-PNYC.webp","width":600,"height":600,"caption":"Hoka Mach 6 youth peony cerise 1147553 PNYC"},{"@type":"BreadcrumbList","@id":"https:\/\/www.miomiorun.com\/fr\/produit\/mach-6-kdz\/#breadcrumb","itemListElement":[{"@type":"ListItem","position":1,"name":"Home","item":"https:\/\/www.miomiorun.com\/fr\/home-page\/"},{"@type":"ListItem","position":2,"name":"Shop","item":"https:\/\/www.miomiorun.com\/shop\/"},{"@type":"ListItem","position":3,"name":"Mach 6 KDZ"}]},{"@type":"WebSite","@id":"https:\/\/www.miomiorun.com\/fr\/#website","url":"https:\/\/www.miomiorun.com\/fr\/","name":"MioMioRun","description":"Boutique 100% running et trail","publisher":{"@id":"https:\/\/www.miomiorun.com\/fr\/#organization"},"potentialAction":[{"@type":"SearchAction","target":{"@type":"EntryPoint","urlTemplate":"https:\/\/www.miomiorun.com\/fr\/?s={search_term_string}"},"query-input":{"@type":"PropertyValueSpecification","valueRequired":true,"valueName":"search_term_string"}}],"inLanguage":"fr-FR"},{"@type":"Organization","@id":"https:\/\/www.miomiorun.com\/fr\/#organization","name":"MioMio Run","url":"https:\/\/www.miomiorun.com\/fr\/","logo":{"@type":"ImageObject","inLanguage":"fr-FR","@id":"https:\/\/www.miomiorun.com\/fr\/#\/schema\/logo\/image\/","url":"https:\/\/www.miomiorun.com\/app\/uploads\/2019\/12\/logomio.png","contentUrl":"https:\/\/www.miomiorun.com\/app\/uploads\/2019\/12\/logomio.png","width":115,"height":82,"caption":"MioMio Run"},"image":{"@id":"https:\/\/www.miomiorun.com\/fr\/#\/schema\/logo\/image\/"},"sameAs":["https:\/\/www.facebook.com\/miomiorun\/","https:\/\/www.instagram.com\/miomiorun\/"]}]}},"_links":{"self":[{"href":"https:\/\/www.miomiorun.com\/fr\/wp-json\/wp\/v2\/product\/289160","targetHints":{"allow":["GET"]}}],"collection":[{"href":"https:\/\/www.miomiorun.com\/fr\/wp-json\/wp\/v2\/product"}],"about":[{"href":"https:\/\/www.miomiorun.com\/fr\/wp-json\/wp\/v2\/types\/product"}],"wp:featuredmedia":[{"embeddable":true,"href":"https:\/\/www.miomiorun.com\/fr\/wp-json\/wp\/v2\/media\/246128"}],"wp:attachment":[{"href":"https:\/\/www.miomiorun.com\/fr\/wp-json\/wp\/v2\/media?parent=289160"}],"wp:term":[{"taxonomy":"product_brand","embeddable":true,"href":"https:\/\/www.miomiorun.com\/fr\/wp-json\/wp\/v2\/product_brand?post=289160"},{"taxonomy":"product_cat","embeddable":true,"href":"https:\/\/www.miomiorun.com\/fr\/wp-json\/wp\/v2\/product_cat?post=289160"},{"taxonomy":"product_tag","embeddable":true,"href":"https:\/\/www.miomiorun.com\/fr\/wp-json\/wp\/v2\/product_tag?post=289160"}],"curies":[{"name":"wp","href":"https:\/\/api.w.org\/{rel}","templated":true}]}}