{"id":289142,"date":"2024-03-07T13:34:24","date_gmt":"2024-03-07T12:34:24","guid":{"rendered":"https:\/\/miomiorun.com\/prodotto\/pacer-t-shirt-uomo\/"},"modified":"2025-09-20T09:32:22","modified_gmt":"2025-09-20T07:32:22","slug":"pacer-t-shirt-homme","status":"publish","type":"product","link":"https:\/\/www.miomiorun.com\/fr\/produit\/pacer-t-shirt-homme\/","title":{"rendered":"Pacer T-shirt homme"},"content":{"rendered":"<div class=\"vc-row container\"><div class=\"vc-column\"><div class=\"vc-column-text\">Ne vous souciez pas de garder le rythme pendant les s\u00e9ances d&#8217;entra\u00eenement plus longues et les courses de moyenne distance. Le <strong>t-shirt Pacer<\/strong> pour homme est l\u00e9ger, doux sur la peau et le nouveau design est dynamique et frais.<\/p>\n<h3>Trait\u00e9 avec Polygiene\u00ae pour une plus longue dur\u00e9e de vie et moins de lavages.<\/h3>\n<h2>Informations techniques :<\/h2>\n<p>&nbsp;<\/p>\n<div class=\"data item content\" role=\"tabpanel\" aria-hidden=\"false\" data-role=\"content\" aria-labelledby=\"tab-label-techinfo\">\n<div class=\"techinfo-container\">\n<div class=\"techinfo-icons\">\n<div class=\"techinfo-icon\"><a><img decoding=\"async\" src=\"https:\/\/www.lasportiva.com\/media\/techinfo_icons\/traspirabilita.png\" alt=\"La Sportiva\" \/><\/a><\/div>\n<div><strong>Respirabilit\u00e9 : <\/strong>Produits tr\u00e8s respirants pour un confort climatique optimal.<\/div>\n<div class=\"techinfo-icon\"><a><img decoding=\"async\" src=\"https:\/\/www.lasportiva.com\/media\/techinfo_icons\/leggerezza.png\" alt=\"La Sportiva\" \/><\/a><\/div>\n<div><strong>L\u00e9g\u00e8ret\u00e9 <\/strong>: produits dont le poids est r\u00e9duit au minimum.<\/div>\n<div class=\"techinfo-icon\"><a><img decoding=\"async\" src=\"https:\/\/www.lasportiva.com\/media\/techinfo_icons\/polygiene.png\" alt=\"La Sportiva\" \/><\/a><\/div>\n<div>La technologie antibact\u00e9rienne et anti-odeurs Polygiene\u00ae est un traitement durable et efficace qui utilise des sels d&#8217;argent pour emp\u00eacher la formation de bact\u00e9ries responsables des odeurs. R\u00e9sultat ? <strong>Les v\u00eatements peuvent \u00eatre port\u00e9s plus longtemps sans \u00eatre lav\u00e9s.<\/strong><\/div>\n<div><\/div>\n<div><img decoding=\"async\" src=\"https:\/\/www.lasportiva.com\/media\/RECYCLEDfabric_Icone_75x75_1.png\" \/><\/div>\n<div>\n<p>La Sportiva fabrique des produits pour la montagne depuis 1928 au pied des Dolomites : c&#8217;est pourquoi l&#8217;attention port\u00e9e \u00e0 chaque d\u00e9tail qui peut faire la diff\u00e9rence, m\u00eame pour l&#8217;environnement, est maximale. Les logos <strong>RECYCLED FABRIC &amp; INSULATIONS<\/strong> identifient les produits \u00e9co-compatibles qui, gr\u00e2ce \u00e0 leurs choix de production et de construction, utilisent des mat\u00e9riaux d\u00e9riv\u00e9s de la r\u00e9utilisation du plastique, permettant ainsi au consommateur de faire un achat respectueux de l&#8217;environnement.<\/p>\n<p><strong>TISSU RECYCL\u00c9<\/strong><\/p>\n<ul>\n<li>Fibres de polyester fabriqu\u00e9es \u00e0 partir de bouteilles en plastique recycl\u00e9es et de proc\u00e9d\u00e9s respectueux de l&#8217;environnement.<\/li>\n<li>Les v\u00eatements fabriqu\u00e9s avec des tissus <strong>RECYCLES<\/strong> contribuent \u00e0 r\u00e9duire l&#8217;impact sur l&#8217;environnement<\/li>\n<li>Tous les produits p\u00e9trochimiques ont \u00e9t\u00e9 remplac\u00e9s par des bouteilles en plastique recycl\u00e9es.<\/li>\n<li>Le processus de production des fibres recycl\u00e9es r\u00e9duit les \u00e9missions de CO2 dans l&#8217;atmosph\u00e8re d&#8217;environ 54 % &#8211; Durabilit\u00e9 et qualit\u00e9 garanties dans le temps<\/li>\n<\/ul>\n<p><strong>Caract\u00e9ristiques :<\/strong><\/p>\n<ul>\n<li>Traitement anti-odeur et antibact\u00e9rien<strong><br \/>\n<\/strong><\/li>\n<li>Graphiques sublim\u00e9s inspir\u00e9s de la course<\/li>\n<\/ul>\n<\/div>\n<\/div>\n<\/div>\n<\/div>\n<div class=\"techinfo-icons\">\n<div class=\"techinfo-icon\"><\/div>\n<\/div>\n<div class=\"techinfo-description\"><b>Tissu : <\/b>&gt; principal : KSL06 100% Polyester recycl\u00e9<br \/>\n<b>Poids : <\/b>70<br \/>\n<b>Coupe : <\/b>REGULAR<\/div>\n<div class=\"data item content\" role=\"tabpanel\" aria-hidden=\"false\" data-role=\"content\" aria-labelledby=\"tab-label-techinfo\">\n<div class=\"techinfo-container\">\n<div class=\"techinfo-icons\">\n<div><\/div>\n<\/div>\n<div class=\"techinfo-description\"><\/div>\n<\/div>\n<\/div>\n<p><\/div><\/div><\/div>\n","protected":false},"excerpt":{"rendered":"<ul>\n<li>T-shirt id\u00e9al pour la course en montagne.<\/li>\n<li>L\u00e9ger, respirant et antibact\u00e9rien.<\/li>\n<\/ul>\n","protected":false},"featured_media":246386,"template":"","meta":{"_acf_changed":false,"inline_featured_image":false},"product_brand":[],"product_cat":[24449,24482,24484],"product_tag":[23597,23599],"class_list":{"0":"post-289142","1":"product","2":"type-product","3":"status-publish","4":"has-post-thumbnail","6":"product_cat-t-shirt-fr-3","7":"product_cat-vetements-pour-hommes-fr","8":"product_cat-homme","9":"product_tag-la-sportiva-fr","10":"product_tag-la-sportiva-homme","11":"pa_attivita-marcher","12":"pa_attivita-trail-fr","13":"pa_colore-pacer-t-shirt-m-hurricane-tropic-blue-fr","14":"pa_marca-la-sportiva-fr","15":"pa_sesso-homme","16":"pa_size-medium-fr","18":"first","19":"instock","20":"sale","21":"taxable","22":"shipping-taxable","23":"purchasable","24":"product-type-variable","25":"wvs-archive-product-wrapper"},"acf":[],"yoast_head":"<!-- This site is optimized with the Yoast SEO plugin v26.8 - https:\/\/yoast.com\/product\/yoast-seo-wordpress\/ -->\n<title>La Sportiva Pacer T-shirt homme - T-shirt de course - MioMioRun<\/title>\n<meta name=\"description\" content=\"Ne vous souciez pas de garder le rythme pendant les s\u00e9ances d&#039;entra\u00eenement plus longues et les courses de moyenne distance. Le T-shirt Pacer pour homme est l\u00e9ger et confortable.\" \/>\n<meta name=\"robots\" content=\"index, follow, max-snippet:-1, max-image-preview:large, max-video-preview:-1\" \/>\n<link rel=\"canonical\" href=\"https:\/\/www.miomiorun.com\/fr\/produit\/pacer-t-shirt-homme\/\" \/>\n<meta property=\"og:locale\" content=\"fr_FR\" \/>\n<meta property=\"og:type\" content=\"article\" \/>\n<meta property=\"og:title\" content=\"La Sportiva Pacer T-shirt homme - T-shirt de course - MioMioRun\" \/>\n<meta property=\"og:description\" content=\"Ne vous souciez pas de garder le rythme pendant les s\u00e9ances d&#039;entra\u00eenement plus longues et les courses de moyenne distance. Le T-shirt Pacer pour homme est l\u00e9ger et confortable.\" \/>\n<meta property=\"og:url\" content=\"https:\/\/www.miomiorun.com\/fr\/produit\/pacer-t-shirt-homme\/\" \/>\n<meta property=\"og:site_name\" content=\"MioMioRun\" \/>\n<meta property=\"article:publisher\" content=\"https:\/\/www.facebook.com\/miomiorun\/\" \/>\n<meta property=\"article:modified_time\" content=\"2025-09-20T07:32:22+00:00\" \/>\n<meta property=\"og:image\" content=\"https:\/\/www.miomiorun.com\/app\/uploads\/2024\/04\/La-sportiva-Pacer-t-shirt-M-hurricane-tropic-blue-P73642614.webp\" \/>\n\t<meta property=\"og:image:width\" content=\"600\" \/>\n\t<meta property=\"og:image:height\" content=\"600\" \/>\n\t<meta property=\"og:image:type\" content=\"image\/webp\" \/>\n<meta name=\"twitter:card\" content=\"summary_large_image\" \/>\n<meta name=\"twitter:label1\" content=\"Est. reading time\" \/>\n\t<meta name=\"twitter:data1\" content=\"2 minutes\" \/>\n<script type=\"application\/ld+json\" class=\"yoast-schema-graph\">{\"@context\":\"https:\/\/schema.org\",\"@graph\":[{\"@type\":\"WebPage\",\"@id\":\"https:\/\/www.miomiorun.com\/fr\/produit\/pacer-t-shirt-homme\/\",\"url\":\"https:\/\/www.miomiorun.com\/fr\/produit\/pacer-t-shirt-homme\/\",\"name\":\"La Sportiva Pacer T-shirt homme - T-shirt de course - MioMioRun\",\"isPartOf\":{\"@id\":\"https:\/\/www.miomiorun.com\/fr\/#website\"},\"primaryImageOfPage\":{\"@id\":\"https:\/\/www.miomiorun.com\/fr\/produit\/pacer-t-shirt-homme\/#primaryimage\"},\"image\":{\"@id\":\"https:\/\/www.miomiorun.com\/fr\/produit\/pacer-t-shirt-homme\/#primaryimage\"},\"thumbnailUrl\":\"https:\/\/www.miomiorun.com\/app\/uploads\/2024\/04\/La-sportiva-Pacer-t-shirt-M-hurricane-tropic-blue-P73642614.webp\",\"datePublished\":\"2024-03-07T12:34:24+00:00\",\"dateModified\":\"2025-09-20T07:32:22+00:00\",\"description\":\"Ne vous souciez pas de garder le rythme pendant les s\u00e9ances d'entra\u00eenement plus longues et les courses de moyenne distance. Le T-shirt Pacer pour homme est l\u00e9ger et confortable.\",\"breadcrumb\":{\"@id\":\"https:\/\/www.miomiorun.com\/fr\/produit\/pacer-t-shirt-homme\/#breadcrumb\"},\"inLanguage\":\"fr-FR\",\"potentialAction\":[{\"@type\":\"ReadAction\",\"target\":[\"https:\/\/www.miomiorun.com\/fr\/produit\/pacer-t-shirt-homme\/\"]}]},{\"@type\":\"ImageObject\",\"inLanguage\":\"fr-FR\",\"@id\":\"https:\/\/www.miomiorun.com\/fr\/produit\/pacer-t-shirt-homme\/#primaryimage\",\"url\":\"https:\/\/www.miomiorun.com\/app\/uploads\/2024\/04\/La-sportiva-Pacer-t-shirt-M-hurricane-tropic-blue-P73642614.webp\",\"contentUrl\":\"https:\/\/www.miomiorun.com\/app\/uploads\/2024\/04\/La-sportiva-Pacer-t-shirt-M-hurricane-tropic-blue-P73642614.webp\",\"width\":600,\"height\":600,\"caption\":\"La sportiva Pacer t-shirt M hurricane tropic blue P73642614\"},{\"@type\":\"BreadcrumbList\",\"@id\":\"https:\/\/www.miomiorun.com\/fr\/produit\/pacer-t-shirt-homme\/#breadcrumb\",\"itemListElement\":[{\"@type\":\"ListItem\",\"position\":1,\"name\":\"Home\",\"item\":\"https:\/\/www.miomiorun.com\/fr\/home-page\/\"},{\"@type\":\"ListItem\",\"position\":2,\"name\":\"Shop\",\"item\":\"https:\/\/www.miomiorun.com\/shop\/\"},{\"@type\":\"ListItem\",\"position\":3,\"name\":\"Pacer T-shirt homme\"}]},{\"@type\":\"WebSite\",\"@id\":\"https:\/\/www.miomiorun.com\/fr\/#website\",\"url\":\"https:\/\/www.miomiorun.com\/fr\/\",\"name\":\"MioMioRun\",\"description\":\"Boutique 100% running et trail\",\"publisher\":{\"@id\":\"https:\/\/www.miomiorun.com\/fr\/#organization\"},\"potentialAction\":[{\"@type\":\"SearchAction\",\"target\":{\"@type\":\"EntryPoint\",\"urlTemplate\":\"https:\/\/www.miomiorun.com\/fr\/?s={search_term_string}\"},\"query-input\":{\"@type\":\"PropertyValueSpecification\",\"valueRequired\":true,\"valueName\":\"search_term_string\"}}],\"inLanguage\":\"fr-FR\"},{\"@type\":\"Organization\",\"@id\":\"https:\/\/www.miomiorun.com\/fr\/#organization\",\"name\":\"MioMio Run\",\"url\":\"https:\/\/www.miomiorun.com\/fr\/\",\"logo\":{\"@type\":\"ImageObject\",\"inLanguage\":\"fr-FR\",\"@id\":\"https:\/\/www.miomiorun.com\/fr\/#\/schema\/logo\/image\/\",\"url\":\"https:\/\/www.miomiorun.com\/app\/uploads\/2019\/12\/logomio.png\",\"contentUrl\":\"https:\/\/www.miomiorun.com\/app\/uploads\/2019\/12\/logomio.png\",\"width\":115,\"height\":82,\"caption\":\"MioMio Run\"},\"image\":{\"@id\":\"https:\/\/www.miomiorun.com\/fr\/#\/schema\/logo\/image\/\"},\"sameAs\":[\"https:\/\/www.facebook.com\/miomiorun\/\",\"https:\/\/www.instagram.com\/miomiorun\/\"]}]}<\/script>\n<!-- \/ Yoast SEO plugin. -->","yoast_head_json":{"title":"La Sportiva Pacer T-shirt homme - T-shirt de course - MioMioRun","description":"Ne vous souciez pas de garder le rythme pendant les s\u00e9ances d'entra\u00eenement plus longues et les courses de moyenne distance. Le T-shirt Pacer pour homme est l\u00e9ger et confortable.","robots":{"index":"index","follow":"follow","max-snippet":"max-snippet:-1","max-image-preview":"max-image-preview:large","max-video-preview":"max-video-preview:-1"},"canonical":"https:\/\/www.miomiorun.com\/fr\/produit\/pacer-t-shirt-homme\/","og_locale":"fr_FR","og_type":"article","og_title":"La Sportiva Pacer T-shirt homme - T-shirt de course - MioMioRun","og_description":"Ne vous souciez pas de garder le rythme pendant les s\u00e9ances d'entra\u00eenement plus longues et les courses de moyenne distance. Le T-shirt Pacer pour homme est l\u00e9ger et confortable.","og_url":"https:\/\/www.miomiorun.com\/fr\/produit\/pacer-t-shirt-homme\/","og_site_name":"MioMioRun","article_publisher":"https:\/\/www.facebook.com\/miomiorun\/","article_modified_time":"2025-09-20T07:32:22+00:00","og_image":[{"width":600,"height":600,"url":"https:\/\/www.miomiorun.com\/app\/uploads\/2024\/04\/La-sportiva-Pacer-t-shirt-M-hurricane-tropic-blue-P73642614.webp","type":"image\/webp"}],"twitter_card":"summary_large_image","twitter_misc":{"Est. reading time":"2 minutes"},"schema":{"@context":"https:\/\/schema.org","@graph":[{"@type":"WebPage","@id":"https:\/\/www.miomiorun.com\/fr\/produit\/pacer-t-shirt-homme\/","url":"https:\/\/www.miomiorun.com\/fr\/produit\/pacer-t-shirt-homme\/","name":"La Sportiva Pacer T-shirt homme - T-shirt de course - MioMioRun","isPartOf":{"@id":"https:\/\/www.miomiorun.com\/fr\/#website"},"primaryImageOfPage":{"@id":"https:\/\/www.miomiorun.com\/fr\/produit\/pacer-t-shirt-homme\/#primaryimage"},"image":{"@id":"https:\/\/www.miomiorun.com\/fr\/produit\/pacer-t-shirt-homme\/#primaryimage"},"thumbnailUrl":"https:\/\/www.miomiorun.com\/app\/uploads\/2024\/04\/La-sportiva-Pacer-t-shirt-M-hurricane-tropic-blue-P73642614.webp","datePublished":"2024-03-07T12:34:24+00:00","dateModified":"2025-09-20T07:32:22+00:00","description":"Ne vous souciez pas de garder le rythme pendant les s\u00e9ances d'entra\u00eenement plus longues et les courses de moyenne distance. Le T-shirt Pacer pour homme est l\u00e9ger et confortable.","breadcrumb":{"@id":"https:\/\/www.miomiorun.com\/fr\/produit\/pacer-t-shirt-homme\/#breadcrumb"},"inLanguage":"fr-FR","potentialAction":[{"@type":"ReadAction","target":["https:\/\/www.miomiorun.com\/fr\/produit\/pacer-t-shirt-homme\/"]}]},{"@type":"ImageObject","inLanguage":"fr-FR","@id":"https:\/\/www.miomiorun.com\/fr\/produit\/pacer-t-shirt-homme\/#primaryimage","url":"https:\/\/www.miomiorun.com\/app\/uploads\/2024\/04\/La-sportiva-Pacer-t-shirt-M-hurricane-tropic-blue-P73642614.webp","contentUrl":"https:\/\/www.miomiorun.com\/app\/uploads\/2024\/04\/La-sportiva-Pacer-t-shirt-M-hurricane-tropic-blue-P73642614.webp","width":600,"height":600,"caption":"La sportiva Pacer t-shirt M hurricane tropic blue P73642614"},{"@type":"BreadcrumbList","@id":"https:\/\/www.miomiorun.com\/fr\/produit\/pacer-t-shirt-homme\/#breadcrumb","itemListElement":[{"@type":"ListItem","position":1,"name":"Home","item":"https:\/\/www.miomiorun.com\/fr\/home-page\/"},{"@type":"ListItem","position":2,"name":"Shop","item":"https:\/\/www.miomiorun.com\/shop\/"},{"@type":"ListItem","position":3,"name":"Pacer T-shirt homme"}]},{"@type":"WebSite","@id":"https:\/\/www.miomiorun.com\/fr\/#website","url":"https:\/\/www.miomiorun.com\/fr\/","name":"MioMioRun","description":"Boutique 100% running et trail","publisher":{"@id":"https:\/\/www.miomiorun.com\/fr\/#organization"},"potentialAction":[{"@type":"SearchAction","target":{"@type":"EntryPoint","urlTemplate":"https:\/\/www.miomiorun.com\/fr\/?s={search_term_string}"},"query-input":{"@type":"PropertyValueSpecification","valueRequired":true,"valueName":"search_term_string"}}],"inLanguage":"fr-FR"},{"@type":"Organization","@id":"https:\/\/www.miomiorun.com\/fr\/#organization","name":"MioMio Run","url":"https:\/\/www.miomiorun.com\/fr\/","logo":{"@type":"ImageObject","inLanguage":"fr-FR","@id":"https:\/\/www.miomiorun.com\/fr\/#\/schema\/logo\/image\/","url":"https:\/\/www.miomiorun.com\/app\/uploads\/2019\/12\/logomio.png","contentUrl":"https:\/\/www.miomiorun.com\/app\/uploads\/2019\/12\/logomio.png","width":115,"height":82,"caption":"MioMio Run"},"image":{"@id":"https:\/\/www.miomiorun.com\/fr\/#\/schema\/logo\/image\/"},"sameAs":["https:\/\/www.facebook.com\/miomiorun\/","https:\/\/www.instagram.com\/miomiorun\/"]}]}},"_links":{"self":[{"href":"https:\/\/www.miomiorun.com\/fr\/wp-json\/wp\/v2\/product\/289142","targetHints":{"allow":["GET"]}}],"collection":[{"href":"https:\/\/www.miomiorun.com\/fr\/wp-json\/wp\/v2\/product"}],"about":[{"href":"https:\/\/www.miomiorun.com\/fr\/wp-json\/wp\/v2\/types\/product"}],"wp:featuredmedia":[{"embeddable":true,"href":"https:\/\/www.miomiorun.com\/fr\/wp-json\/wp\/v2\/media\/246386"}],"wp:attachment":[{"href":"https:\/\/www.miomiorun.com\/fr\/wp-json\/wp\/v2\/media?parent=289142"}],"wp:term":[{"taxonomy":"product_brand","embeddable":true,"href":"https:\/\/www.miomiorun.com\/fr\/wp-json\/wp\/v2\/product_brand?post=289142"},{"taxonomy":"product_cat","embeddable":true,"href":"https:\/\/www.miomiorun.com\/fr\/wp-json\/wp\/v2\/product_cat?post=289142"},{"taxonomy":"product_tag","embeddable":true,"href":"https:\/\/www.miomiorun.com\/fr\/wp-json\/wp\/v2\/product_tag?post=289142"}],"curies":[{"name":"wp","href":"https:\/\/api.w.org\/{rel}","templated":true}]}}