{"id":289106,"date":"2024-03-07T14:30:00","date_gmt":"2024-03-07T13:30:00","guid":{"rendered":"https:\/\/miomiorun.com\/prodotto\/cinquecento-t-shirt-kids\/"},"modified":"2026-05-08T21:57:46","modified_gmt":"2026-05-08T19:57:46","slug":"cinquecento-t-shirt-kids","status":"publish","type":"product","link":"https:\/\/www.miomiorun.com\/fr\/produit\/cinquecento-t-shirt-kids\/","title":{"rendered":"Cinquecento T-Shirt kids"},"content":{"rendered":"<h3 style=\"text-align: center;\">Tous \u00e0 bord : une nouvelle aventure verticale commence !<\/h3>\n<p>Le <strong>T-Shirt Cinquecento<\/strong> en version enfant r\u00e9unit petits et grands gr\u00e2ce \u00e0 la douceur du coton 100% biologique et au graphisme repr\u00e9sentant une ic\u00f4ne du Made in Italy. Amusant, confortable et pr\u00eat pour les aventures des jeunes fans d&#8217;outdoor et de La Sportiva !<\/p>\n<h3>Technologies<\/h3>\n<p><a href=\"https:\/\/www.lasportiva.com\/it\/cinquecento-t-shirt-k-giallo-r03100100#\"> <img loading=\"lazy\" decoding=\"async\" class=\"lazyloaded\" src=\"https:\/\/www.lasportiva.com\/media\/techinfo_icons\/regular-fit.png\" alt=\"La Sportiva\" width=\"75\" height=\"75\" data-src=\"https:\/\/www.lasportiva.com\/media\/techinfo_icons\/regular-fit.png\" \/> <\/a><\/p>\n<p><strong>Coupe r\u00e9guli\u00e8re : <\/strong>coupe technique et confortable.<\/p>\n<p>&nbsp;<\/p>\n<p><a href=\"https:\/\/www.lasportiva.com\/it\/cinquecento-t-shirt-k-giallo-r03100100#\"> <img loading=\"lazy\" decoding=\"async\" class=\"lazyloaded\" src=\"https:\/\/www.lasportiva.com\/media\/techinfo_icons\/leggerezza.png\" alt=\"La Sportiva\" width=\"75\" height=\"75\" data-src=\"https:\/\/www.lasportiva.com\/media\/techinfo_icons\/leggerezza.png\" \/> <\/a><\/p>\n<p><strong>L\u00e9g\u00e8ret\u00e9 : <\/strong>Des produits qui r\u00e9duisent le poids au minimum<\/p>\n<p>&nbsp;<\/p>\n<p><a href=\"https:\/\/www.lasportiva.com\/it\/cinquecento-t-shirt-k-giallo-r03100100#\"> <img loading=\"lazy\" decoding=\"async\" class=\"lazyloaded\" src=\"https:\/\/www.lasportiva.com\/media\/techinfo_icons\/organic-cotton.png\" alt=\"La Sportiva\" width=\"75\" height=\"75\" data-src=\"https:\/\/www.lasportiva.com\/media\/techinfo_icons\/organic-cotton.png\" \/> <\/a><\/p>\n<p><strong>La Sportiva a fait un choix pr\u00e9cis pour la cr\u00e9ation de sa ligne de T-Shirts en coton :<\/strong><strong>utiliser uniquement du coton certifi\u00e9 100% biologique dans le respect de l&#8217;environnement qui nous entoure et avec des avantages \u00e9vidents pour l&#8217;utilisateur final<\/strong><br \/>\nLe coton biologique est obtenu \u00e0 partir de plantations trait\u00e9es sans pesticides ni produits chimiques, en utilisant moins d&#8217;eau que la culture traditionnelle et sans utiliser de semences OGM. En plus de faire un choix \u00e9cologique, l&#8217;utilisateur pourra sentir la diff\u00e9rence imm\u00e9diatement : il ne produit pas d&#8217;irritation au contact de la peau, il est plus doux que le coton traditionnel, plus respirant et beaucoup plus confortable.<\/p>\n<p>&nbsp;<\/p>\n<p><a href=\"https:\/\/www.lasportiva.com\/it\/cinquecento-t-shirt-k-giallo-r03100100#\"> <img loading=\"lazy\" decoding=\"async\" class=\"lazyloaded\" src=\"https:\/\/www.lasportiva.com\/media\/techinfo_icons\/TOP.png\" alt=\"La Sportiva\" width=\"75\" height=\"75\" data-src=\"https:\/\/www.lasportiva.com\/media\/techinfo_icons\/TOP.png\" \/> <\/a><\/p>\n<p><strong>Hauts : <\/strong>T-shirts \u00e0 manches longues, \u00e0 manches courtes et sans manches. Chemises pour lui, hauts pour elle : tout ce dont vous avez besoin pour l&#8217;escalade et les loisirs, sans renoncer \u00e0 votre envie de grimper.<\/p>\n<p>&nbsp;<\/p>\n<div class=\"techinfo-icons\">\n<div class=\"techinfo-icon\"><\/div>\n<\/div>\n<div class=\"techinfo-description\"><b> Coupe : <\/b>Regular<br \/>\n<b> Tissu <\/b>: Principal : (KNM01) 100% coton biologique<br \/>\n<b> Poids : <\/b>72 g (130 cm)<\/div>\n","protected":false},"excerpt":{"rendered":"<ul>\n<li>T-shirt enfant id\u00e9al pour toutes les activit\u00e9s de plein air et les loisirs.<\/li>\n<li>En coton biologique.<\/li>\n<\/ul>\n","protected":false},"featured_media":246206,"template":"","meta":{"_acf_changed":false,"inline_featured_image":false},"product_brand":[],"product_cat":[22592,22591,22590],"product_tag":[23597,24181,24188],"class_list":{"0":"post-289106","1":"product","2":"type-product","3":"status-publish","4":"has-post-thumbnail","6":"product_cat-vetements-pour-enfants","7":"product_cat-vetements-pour-filles","8":"product_cat-enfant","9":"product_tag-la-sportiva-fr","10":"product_tag-la-sportiva-fille","11":"product_tag-la-sportiva-garcon","12":"pa_attivita-lifestyle-fr","13":"pa_attivita-marcher","14":"pa_attivita-running-fr","15":"pa_colore-cinquecento-t-shirt-k-tropic-blue-fr","16":"pa_marca-la-sportiva-fr","17":"pa_sesso-femme","18":"pa_sesso-homme","19":"pa_size-110-fr","20":"pa_size-130-fr","21":"pa_size-150-fr","23":"first","24":"instock","25":"sale","26":"taxable","27":"shipping-taxable","28":"purchasable","29":"product-type-variable","30":"wvs-archive-product-wrapper"},"acf":[],"yoast_head":"<!-- This site is optimized with the Yoast SEO plugin v26.8 - https:\/\/yoast.com\/product\/yoast-seo-wordpress\/ -->\n<title>La SportivaCinquecento T-Shirt kids - T-shirt running - MioMioRun.com<\/title>\n<meta name=\"description\" content=\"Cinquecento T-Shirt nella versione bambino mette d\u2019accordo grandi e piccini grazie al morbido cotone organico 100% ,divertente e comoda.\" \/>\n<meta name=\"robots\" content=\"index, follow, max-snippet:-1, max-image-preview:large, max-video-preview:-1\" \/>\n<link rel=\"canonical\" href=\"https:\/\/www.miomiorun.com\/fr\/produit\/cinquecento-t-shirt-kids\/\" \/>\n<meta property=\"og:locale\" content=\"fr_FR\" \/>\n<meta property=\"og:type\" content=\"article\" \/>\n<meta property=\"og:title\" content=\"La SportivaCinquecento T-Shirt kids - T-shirt running - MioMioRun.com\" \/>\n<meta property=\"og:description\" content=\"Cinquecento T-Shirt nella versione bambino mette d\u2019accordo grandi e piccini grazie al morbido cotone organico 100% ,divertente e comoda.\" \/>\n<meta property=\"og:url\" content=\"https:\/\/www.miomiorun.com\/fr\/produit\/cinquecento-t-shirt-kids\/\" \/>\n<meta property=\"og:site_name\" content=\"MioMioRun\" \/>\n<meta property=\"article:publisher\" content=\"https:\/\/www.facebook.com\/miomiorun\/\" \/>\n<meta property=\"article:modified_time\" content=\"2026-05-08T19:57:46+00:00\" \/>\n<meta property=\"og:image\" content=\"https:\/\/www.miomiorun.com\/app\/uploads\/2024\/04\/La-sportiva-Cinquecento-t-shirt-K-tropic-blue-R03614614.webp\" \/>\n\t<meta property=\"og:image:width\" content=\"600\" \/>\n\t<meta property=\"og:image:height\" content=\"600\" \/>\n\t<meta property=\"og:image:type\" content=\"image\/webp\" \/>\n<meta name=\"twitter:card\" content=\"summary_large_image\" \/>\n<meta name=\"twitter:label1\" content=\"Est. reading time\" \/>\n\t<meta name=\"twitter:data1\" content=\"1 minute\" \/>\n<script type=\"application\/ld+json\" class=\"yoast-schema-graph\">{\"@context\":\"https:\/\/schema.org\",\"@graph\":[{\"@type\":\"WebPage\",\"@id\":\"https:\/\/www.miomiorun.com\/fr\/produit\/cinquecento-t-shirt-kids\/\",\"url\":\"https:\/\/www.miomiorun.com\/fr\/produit\/cinquecento-t-shirt-kids\/\",\"name\":\"La SportivaCinquecento T-Shirt kids - T-shirt running - MioMioRun.com\",\"isPartOf\":{\"@id\":\"https:\/\/www.miomiorun.com\/fr\/#website\"},\"primaryImageOfPage\":{\"@id\":\"https:\/\/www.miomiorun.com\/fr\/produit\/cinquecento-t-shirt-kids\/#primaryimage\"},\"image\":{\"@id\":\"https:\/\/www.miomiorun.com\/fr\/produit\/cinquecento-t-shirt-kids\/#primaryimage\"},\"thumbnailUrl\":\"https:\/\/www.miomiorun.com\/app\/uploads\/2024\/04\/La-sportiva-Cinquecento-t-shirt-K-tropic-blue-R03614614.webp\",\"datePublished\":\"2024-03-07T13:30:00+00:00\",\"dateModified\":\"2026-05-08T19:57:46+00:00\",\"description\":\"Cinquecento T-Shirt nella versione bambino mette d\u2019accordo grandi e piccini grazie al morbido cotone organico 100% ,divertente e comoda.\",\"breadcrumb\":{\"@id\":\"https:\/\/www.miomiorun.com\/fr\/produit\/cinquecento-t-shirt-kids\/#breadcrumb\"},\"inLanguage\":\"fr-FR\",\"potentialAction\":[{\"@type\":\"ReadAction\",\"target\":[\"https:\/\/www.miomiorun.com\/fr\/produit\/cinquecento-t-shirt-kids\/\"]}]},{\"@type\":\"ImageObject\",\"inLanguage\":\"fr-FR\",\"@id\":\"https:\/\/www.miomiorun.com\/fr\/produit\/cinquecento-t-shirt-kids\/#primaryimage\",\"url\":\"https:\/\/www.miomiorun.com\/app\/uploads\/2024\/04\/La-sportiva-Cinquecento-t-shirt-K-tropic-blue-R03614614.webp\",\"contentUrl\":\"https:\/\/www.miomiorun.com\/app\/uploads\/2024\/04\/La-sportiva-Cinquecento-t-shirt-K-tropic-blue-R03614614.webp\",\"width\":600,\"height\":600,\"caption\":\"La sportiva Cinquecento t-shirt K tropic blue R03614614\"},{\"@type\":\"BreadcrumbList\",\"@id\":\"https:\/\/www.miomiorun.com\/fr\/produit\/cinquecento-t-shirt-kids\/#breadcrumb\",\"itemListElement\":[{\"@type\":\"ListItem\",\"position\":1,\"name\":\"Home\",\"item\":\"https:\/\/www.miomiorun.com\/fr\/home-page\/\"},{\"@type\":\"ListItem\",\"position\":2,\"name\":\"Shop\",\"item\":\"https:\/\/www.miomiorun.com\/shop\/\"},{\"@type\":\"ListItem\",\"position\":3,\"name\":\"Cinquecento T-Shirt kids\"}]},{\"@type\":\"WebSite\",\"@id\":\"https:\/\/www.miomiorun.com\/fr\/#website\",\"url\":\"https:\/\/www.miomiorun.com\/fr\/\",\"name\":\"MioMioRun\",\"description\":\"Boutique 100% running et trail\",\"publisher\":{\"@id\":\"https:\/\/www.miomiorun.com\/fr\/#organization\"},\"potentialAction\":[{\"@type\":\"SearchAction\",\"target\":{\"@type\":\"EntryPoint\",\"urlTemplate\":\"https:\/\/www.miomiorun.com\/fr\/?s={search_term_string}\"},\"query-input\":{\"@type\":\"PropertyValueSpecification\",\"valueRequired\":true,\"valueName\":\"search_term_string\"}}],\"inLanguage\":\"fr-FR\"},{\"@type\":\"Organization\",\"@id\":\"https:\/\/www.miomiorun.com\/fr\/#organization\",\"name\":\"MioMio Run\",\"url\":\"https:\/\/www.miomiorun.com\/fr\/\",\"logo\":{\"@type\":\"ImageObject\",\"inLanguage\":\"fr-FR\",\"@id\":\"https:\/\/www.miomiorun.com\/fr\/#\/schema\/logo\/image\/\",\"url\":\"https:\/\/www.miomiorun.com\/app\/uploads\/2019\/12\/logomio.png\",\"contentUrl\":\"https:\/\/www.miomiorun.com\/app\/uploads\/2019\/12\/logomio.png\",\"width\":115,\"height\":82,\"caption\":\"MioMio Run\"},\"image\":{\"@id\":\"https:\/\/www.miomiorun.com\/fr\/#\/schema\/logo\/image\/\"},\"sameAs\":[\"https:\/\/www.facebook.com\/miomiorun\/\",\"https:\/\/www.instagram.com\/miomiorun\/\"]}]}<\/script>\n<!-- \/ Yoast SEO plugin. -->","yoast_head_json":{"title":"La SportivaCinquecento T-Shirt kids - T-shirt running - MioMioRun.com","description":"Cinquecento T-Shirt nella versione bambino mette d\u2019accordo grandi e piccini grazie al morbido cotone organico 100% ,divertente e comoda.","robots":{"index":"index","follow":"follow","max-snippet":"max-snippet:-1","max-image-preview":"max-image-preview:large","max-video-preview":"max-video-preview:-1"},"canonical":"https:\/\/www.miomiorun.com\/fr\/produit\/cinquecento-t-shirt-kids\/","og_locale":"fr_FR","og_type":"article","og_title":"La SportivaCinquecento T-Shirt kids - T-shirt running - MioMioRun.com","og_description":"Cinquecento T-Shirt nella versione bambino mette d\u2019accordo grandi e piccini grazie al morbido cotone organico 100% ,divertente e comoda.","og_url":"https:\/\/www.miomiorun.com\/fr\/produit\/cinquecento-t-shirt-kids\/","og_site_name":"MioMioRun","article_publisher":"https:\/\/www.facebook.com\/miomiorun\/","article_modified_time":"2026-05-08T19:57:46+00:00","og_image":[{"width":600,"height":600,"url":"https:\/\/www.miomiorun.com\/app\/uploads\/2024\/04\/La-sportiva-Cinquecento-t-shirt-K-tropic-blue-R03614614.webp","type":"image\/webp"}],"twitter_card":"summary_large_image","twitter_misc":{"Est. reading time":"1 minute"},"schema":{"@context":"https:\/\/schema.org","@graph":[{"@type":"WebPage","@id":"https:\/\/www.miomiorun.com\/fr\/produit\/cinquecento-t-shirt-kids\/","url":"https:\/\/www.miomiorun.com\/fr\/produit\/cinquecento-t-shirt-kids\/","name":"La SportivaCinquecento T-Shirt kids - T-shirt running - MioMioRun.com","isPartOf":{"@id":"https:\/\/www.miomiorun.com\/fr\/#website"},"primaryImageOfPage":{"@id":"https:\/\/www.miomiorun.com\/fr\/produit\/cinquecento-t-shirt-kids\/#primaryimage"},"image":{"@id":"https:\/\/www.miomiorun.com\/fr\/produit\/cinquecento-t-shirt-kids\/#primaryimage"},"thumbnailUrl":"https:\/\/www.miomiorun.com\/app\/uploads\/2024\/04\/La-sportiva-Cinquecento-t-shirt-K-tropic-blue-R03614614.webp","datePublished":"2024-03-07T13:30:00+00:00","dateModified":"2026-05-08T19:57:46+00:00","description":"Cinquecento T-Shirt nella versione bambino mette d\u2019accordo grandi e piccini grazie al morbido cotone organico 100% ,divertente e comoda.","breadcrumb":{"@id":"https:\/\/www.miomiorun.com\/fr\/produit\/cinquecento-t-shirt-kids\/#breadcrumb"},"inLanguage":"fr-FR","potentialAction":[{"@type":"ReadAction","target":["https:\/\/www.miomiorun.com\/fr\/produit\/cinquecento-t-shirt-kids\/"]}]},{"@type":"ImageObject","inLanguage":"fr-FR","@id":"https:\/\/www.miomiorun.com\/fr\/produit\/cinquecento-t-shirt-kids\/#primaryimage","url":"https:\/\/www.miomiorun.com\/app\/uploads\/2024\/04\/La-sportiva-Cinquecento-t-shirt-K-tropic-blue-R03614614.webp","contentUrl":"https:\/\/www.miomiorun.com\/app\/uploads\/2024\/04\/La-sportiva-Cinquecento-t-shirt-K-tropic-blue-R03614614.webp","width":600,"height":600,"caption":"La sportiva Cinquecento t-shirt K tropic blue R03614614"},{"@type":"BreadcrumbList","@id":"https:\/\/www.miomiorun.com\/fr\/produit\/cinquecento-t-shirt-kids\/#breadcrumb","itemListElement":[{"@type":"ListItem","position":1,"name":"Home","item":"https:\/\/www.miomiorun.com\/fr\/home-page\/"},{"@type":"ListItem","position":2,"name":"Shop","item":"https:\/\/www.miomiorun.com\/shop\/"},{"@type":"ListItem","position":3,"name":"Cinquecento T-Shirt kids"}]},{"@type":"WebSite","@id":"https:\/\/www.miomiorun.com\/fr\/#website","url":"https:\/\/www.miomiorun.com\/fr\/","name":"MioMioRun","description":"Boutique 100% running et trail","publisher":{"@id":"https:\/\/www.miomiorun.com\/fr\/#organization"},"potentialAction":[{"@type":"SearchAction","target":{"@type":"EntryPoint","urlTemplate":"https:\/\/www.miomiorun.com\/fr\/?s={search_term_string}"},"query-input":{"@type":"PropertyValueSpecification","valueRequired":true,"valueName":"search_term_string"}}],"inLanguage":"fr-FR"},{"@type":"Organization","@id":"https:\/\/www.miomiorun.com\/fr\/#organization","name":"MioMio Run","url":"https:\/\/www.miomiorun.com\/fr\/","logo":{"@type":"ImageObject","inLanguage":"fr-FR","@id":"https:\/\/www.miomiorun.com\/fr\/#\/schema\/logo\/image\/","url":"https:\/\/www.miomiorun.com\/app\/uploads\/2019\/12\/logomio.png","contentUrl":"https:\/\/www.miomiorun.com\/app\/uploads\/2019\/12\/logomio.png","width":115,"height":82,"caption":"MioMio Run"},"image":{"@id":"https:\/\/www.miomiorun.com\/fr\/#\/schema\/logo\/image\/"},"sameAs":["https:\/\/www.facebook.com\/miomiorun\/","https:\/\/www.instagram.com\/miomiorun\/"]}]}},"_links":{"self":[{"href":"https:\/\/www.miomiorun.com\/fr\/wp-json\/wp\/v2\/product\/289106","targetHints":{"allow":["GET"]}}],"collection":[{"href":"https:\/\/www.miomiorun.com\/fr\/wp-json\/wp\/v2\/product"}],"about":[{"href":"https:\/\/www.miomiorun.com\/fr\/wp-json\/wp\/v2\/types\/product"}],"wp:featuredmedia":[{"embeddable":true,"href":"https:\/\/www.miomiorun.com\/fr\/wp-json\/wp\/v2\/media\/246206"}],"wp:attachment":[{"href":"https:\/\/www.miomiorun.com\/fr\/wp-json\/wp\/v2\/media?parent=289106"}],"wp:term":[{"taxonomy":"product_brand","embeddable":true,"href":"https:\/\/www.miomiorun.com\/fr\/wp-json\/wp\/v2\/product_brand?post=289106"},{"taxonomy":"product_cat","embeddable":true,"href":"https:\/\/www.miomiorun.com\/fr\/wp-json\/wp\/v2\/product_cat?post=289106"},{"taxonomy":"product_tag","embeddable":true,"href":"https:\/\/www.miomiorun.com\/fr\/wp-json\/wp\/v2\/product_tag?post=289106"}],"curies":[{"name":"wp","href":"https:\/\/api.w.org\/{rel}","templated":true}]}}