{"id":289058,"date":"2024-03-16T17:59:54","date_gmt":"2024-03-16T16:59:54","guid":{"rendered":"https:\/\/miomiorun.com\/prodotto\/distance-short-sleeve-3-0-donna\/"},"modified":"2025-06-16T16:40:46","modified_gmt":"2025-06-16T14:40:46","slug":"distance-short-sleeve-3-0-femme","status":"publish","type":"product","link":"https:\/\/www.miomiorun.com\/fr\/produit\/distance-short-sleeve-3-0-femme\/","title":{"rendered":"Distance Short Sleeve 3.0 femme"},"content":{"rendered":"<p>Derni\u00e8re version de notre t-shirt de course classique, le t-shirt \u00e0 manches courtes<strong> Distance 3.0<\/strong> pour femmes, qui s\u00e8che rapidement, est fabriqu\u00e9 dans un tout nouveau tissu super doux pour un confort sans distraction.<\/p>\n<p><strong>Caract\u00e9ristiques :<\/strong><\/p>\n<ul class=\"m-long-description__features\">\n<li class=\"m-long-description__feature\">\n<div class=\"m-long-description__feature--bullets\" aria-hidden=\"true\">S\u00e9chage rapide.<\/div>\n<\/li>\n<li class=\"m-long-description__feature\">\n<div class=\"m-long-description__feature--bullets\" aria-hidden=\"true\">Ultra-doux.<\/div>\n<\/li>\n<li class=\"m-long-description__feature\">\n<div class=\"m-long-description__feature--bullets\" aria-hidden=\"true\">Id\u00e9al pour la course \u00e0 pied.<\/div>\n<\/li>\n<\/ul>\n<p>&nbsp;<\/p>\n","protected":false},"excerpt":{"rendered":"<ul class=\"m-long-description__features\">\n<li class=\"m-long-description__feature\">S\u00e9chage rapide<\/li>\n<li class=\"m-long-description__feature\">Ultra doux<\/li>\n<li class=\"m-long-description__feature\">Coupe id\u00e9ale pour la course \u00e0 pied<\/li>\n<\/ul>\n","protected":false},"featured_media":245792,"template":"","meta":{"_acf_changed":false,"inline_featured_image":false},"product_brand":[],"product_cat":[22604,22596],"product_tag":[23462,23656],"class_list":{"0":"post-289058","1":"product","2":"type-product","3":"status-publish","4":"has-post-thumbnail","6":"product_cat-t-shirt","7":"product_cat-vetements-pour-femmes","8":"product_tag-brooks-fr","9":"product_tag-brooks-femme","10":"pa_attivita-fitness-fr","11":"pa_attivita-marcher","12":"pa_attivita-running-fr","13":"pa_colore-distance-short-sleeve-3-0-w-htr-glacier-fr","14":"pa_colore-distance-short-sleeve-3-0-w-neo-cayenne-fr","15":"pa_colore-distance-short-sleeve-3-0-white-run-happy-fr","16":"pa_marca-brooks-fr","17":"pa_sesso-femme","18":"pa_size-extra-small-fr","19":"pa_size-small-fr","20":"pa_size-medium-fr","21":"pa_size-large-fr","23":"first","24":"instock","25":"sale","26":"taxable","27":"shipping-taxable","28":"purchasable","29":"product-type-variable","30":"wvs-archive-product-wrapper"},"acf":[],"yoast_head":"<!-- This site is optimized with the Yoast SEO plugin v26.8 - https:\/\/yoast.com\/product\/yoast-seo-wordpress\/ -->\n<title>BrooksDistance Short Sleeve 3.0 femme - T-shirt de course- MioMioRun<\/title>\n<meta name=\"description\" content=\"Derni\u00e8re version de notre t-shirt de course classique, le t-shirt \u00e0 manches courtes Distance 3.0 pour femmes, qui s\u00e8che rapidement.\" \/>\n<meta name=\"robots\" content=\"index, follow, max-snippet:-1, max-image-preview:large, max-video-preview:-1\" \/>\n<link rel=\"canonical\" href=\"https:\/\/www.miomiorun.com\/fr\/produit\/distance-short-sleeve-3-0-femme\/\" \/>\n<meta property=\"og:locale\" content=\"fr_FR\" \/>\n<meta property=\"og:type\" content=\"article\" \/>\n<meta property=\"og:title\" content=\"BrooksDistance Short Sleeve 3.0 femme - T-shirt de course- MioMioRun\" \/>\n<meta property=\"og:description\" content=\"Derni\u00e8re version de notre t-shirt de course classique, le t-shirt \u00e0 manches courtes Distance 3.0 pour femmes, qui s\u00e8che rapidement.\" \/>\n<meta property=\"og:url\" content=\"https:\/\/www.miomiorun.com\/fr\/produit\/distance-short-sleeve-3-0-femme\/\" \/>\n<meta property=\"og:site_name\" content=\"MioMioRun\" \/>\n<meta property=\"article:publisher\" content=\"https:\/\/www.facebook.com\/miomiorun\/\" \/>\n<meta property=\"article:modified_time\" content=\"2025-06-16T14:40:46+00:00\" \/>\n<meta property=\"og:image\" content=\"https:\/\/www.miomiorun.com\/app\/uploads\/2024\/03\/Brooks-distance-short-sleeve-3.0-W-htr-glacier-green-221669342.jpg\" \/>\n\t<meta property=\"og:image:width\" content=\"600\" \/>\n\t<meta property=\"og:image:height\" content=\"600\" \/>\n\t<meta property=\"og:image:type\" content=\"image\/jpeg\" \/>\n<meta name=\"twitter:card\" content=\"summary_large_image\" \/>\n<script type=\"application\/ld+json\" class=\"yoast-schema-graph\">{\"@context\":\"https:\/\/schema.org\",\"@graph\":[{\"@type\":\"WebPage\",\"@id\":\"https:\/\/www.miomiorun.com\/fr\/produit\/distance-short-sleeve-3-0-femme\/\",\"url\":\"https:\/\/www.miomiorun.com\/fr\/produit\/distance-short-sleeve-3-0-femme\/\",\"name\":\"BrooksDistance Short Sleeve 3.0 femme - T-shirt de course- MioMioRun\",\"isPartOf\":{\"@id\":\"https:\/\/www.miomiorun.com\/fr\/#website\"},\"primaryImageOfPage\":{\"@id\":\"https:\/\/www.miomiorun.com\/fr\/produit\/distance-short-sleeve-3-0-femme\/#primaryimage\"},\"image\":{\"@id\":\"https:\/\/www.miomiorun.com\/fr\/produit\/distance-short-sleeve-3-0-femme\/#primaryimage\"},\"thumbnailUrl\":\"https:\/\/www.miomiorun.com\/app\/uploads\/2024\/03\/Brooks-distance-short-sleeve-3.0-W-htr-glacier-green-221669342.jpg\",\"datePublished\":\"2024-03-16T16:59:54+00:00\",\"dateModified\":\"2025-06-16T14:40:46+00:00\",\"description\":\"Derni\u00e8re version de notre t-shirt de course classique, le t-shirt \u00e0 manches courtes Distance 3.0 pour femmes, qui s\u00e8che rapidement.\",\"breadcrumb\":{\"@id\":\"https:\/\/www.miomiorun.com\/fr\/produit\/distance-short-sleeve-3-0-femme\/#breadcrumb\"},\"inLanguage\":\"fr-FR\",\"potentialAction\":[{\"@type\":\"ReadAction\",\"target\":[\"https:\/\/www.miomiorun.com\/fr\/produit\/distance-short-sleeve-3-0-femme\/\"]}]},{\"@type\":\"ImageObject\",\"inLanguage\":\"fr-FR\",\"@id\":\"https:\/\/www.miomiorun.com\/fr\/produit\/distance-short-sleeve-3-0-femme\/#primaryimage\",\"url\":\"https:\/\/www.miomiorun.com\/app\/uploads\/2024\/03\/Brooks-distance-short-sleeve-3.0-W-htr-glacier-green-221669342.jpg\",\"contentUrl\":\"https:\/\/www.miomiorun.com\/app\/uploads\/2024\/03\/Brooks-distance-short-sleeve-3.0-W-htr-glacier-green-221669342.jpg\",\"width\":600,\"height\":600,\"caption\":\"Brooks-distance-short-sleeve-3.0-W-htr-glacier-green-221669342\"},{\"@type\":\"BreadcrumbList\",\"@id\":\"https:\/\/www.miomiorun.com\/fr\/produit\/distance-short-sleeve-3-0-femme\/#breadcrumb\",\"itemListElement\":[{\"@type\":\"ListItem\",\"position\":1,\"name\":\"Home\",\"item\":\"https:\/\/www.miomiorun.com\/fr\/home-page\/\"},{\"@type\":\"ListItem\",\"position\":2,\"name\":\"Shop\",\"item\":\"https:\/\/www.miomiorun.com\/shop\/\"},{\"@type\":\"ListItem\",\"position\":3,\"name\":\"Distance Short Sleeve 3.0 femme\"}]},{\"@type\":\"WebSite\",\"@id\":\"https:\/\/www.miomiorun.com\/fr\/#website\",\"url\":\"https:\/\/www.miomiorun.com\/fr\/\",\"name\":\"MioMioRun\",\"description\":\"Boutique 100% running et trail\",\"publisher\":{\"@id\":\"https:\/\/www.miomiorun.com\/fr\/#organization\"},\"potentialAction\":[{\"@type\":\"SearchAction\",\"target\":{\"@type\":\"EntryPoint\",\"urlTemplate\":\"https:\/\/www.miomiorun.com\/fr\/?s={search_term_string}\"},\"query-input\":{\"@type\":\"PropertyValueSpecification\",\"valueRequired\":true,\"valueName\":\"search_term_string\"}}],\"inLanguage\":\"fr-FR\"},{\"@type\":\"Organization\",\"@id\":\"https:\/\/www.miomiorun.com\/fr\/#organization\",\"name\":\"MioMio Run\",\"url\":\"https:\/\/www.miomiorun.com\/fr\/\",\"logo\":{\"@type\":\"ImageObject\",\"inLanguage\":\"fr-FR\",\"@id\":\"https:\/\/www.miomiorun.com\/fr\/#\/schema\/logo\/image\/\",\"url\":\"https:\/\/www.miomiorun.com\/app\/uploads\/2019\/12\/logomio.png\",\"contentUrl\":\"https:\/\/www.miomiorun.com\/app\/uploads\/2019\/12\/logomio.png\",\"width\":115,\"height\":82,\"caption\":\"MioMio Run\"},\"image\":{\"@id\":\"https:\/\/www.miomiorun.com\/fr\/#\/schema\/logo\/image\/\"},\"sameAs\":[\"https:\/\/www.facebook.com\/miomiorun\/\",\"https:\/\/www.instagram.com\/miomiorun\/\"]}]}<\/script>\n<!-- \/ Yoast SEO plugin. -->","yoast_head_json":{"title":"BrooksDistance Short Sleeve 3.0 femme - T-shirt de course- MioMioRun","description":"Derni\u00e8re version de notre t-shirt de course classique, le t-shirt \u00e0 manches courtes Distance 3.0 pour femmes, qui s\u00e8che rapidement.","robots":{"index":"index","follow":"follow","max-snippet":"max-snippet:-1","max-image-preview":"max-image-preview:large","max-video-preview":"max-video-preview:-1"},"canonical":"https:\/\/www.miomiorun.com\/fr\/produit\/distance-short-sleeve-3-0-femme\/","og_locale":"fr_FR","og_type":"article","og_title":"BrooksDistance Short Sleeve 3.0 femme - T-shirt de course- MioMioRun","og_description":"Derni\u00e8re version de notre t-shirt de course classique, le t-shirt \u00e0 manches courtes Distance 3.0 pour femmes, qui s\u00e8che rapidement.","og_url":"https:\/\/www.miomiorun.com\/fr\/produit\/distance-short-sleeve-3-0-femme\/","og_site_name":"MioMioRun","article_publisher":"https:\/\/www.facebook.com\/miomiorun\/","article_modified_time":"2025-06-16T14:40:46+00:00","og_image":[{"width":600,"height":600,"url":"https:\/\/www.miomiorun.com\/app\/uploads\/2024\/03\/Brooks-distance-short-sleeve-3.0-W-htr-glacier-green-221669342.jpg","type":"image\/jpeg"}],"twitter_card":"summary_large_image","schema":{"@context":"https:\/\/schema.org","@graph":[{"@type":"WebPage","@id":"https:\/\/www.miomiorun.com\/fr\/produit\/distance-short-sleeve-3-0-femme\/","url":"https:\/\/www.miomiorun.com\/fr\/produit\/distance-short-sleeve-3-0-femme\/","name":"BrooksDistance Short Sleeve 3.0 femme - T-shirt de course- MioMioRun","isPartOf":{"@id":"https:\/\/www.miomiorun.com\/fr\/#website"},"primaryImageOfPage":{"@id":"https:\/\/www.miomiorun.com\/fr\/produit\/distance-short-sleeve-3-0-femme\/#primaryimage"},"image":{"@id":"https:\/\/www.miomiorun.com\/fr\/produit\/distance-short-sleeve-3-0-femme\/#primaryimage"},"thumbnailUrl":"https:\/\/www.miomiorun.com\/app\/uploads\/2024\/03\/Brooks-distance-short-sleeve-3.0-W-htr-glacier-green-221669342.jpg","datePublished":"2024-03-16T16:59:54+00:00","dateModified":"2025-06-16T14:40:46+00:00","description":"Derni\u00e8re version de notre t-shirt de course classique, le t-shirt \u00e0 manches courtes Distance 3.0 pour femmes, qui s\u00e8che rapidement.","breadcrumb":{"@id":"https:\/\/www.miomiorun.com\/fr\/produit\/distance-short-sleeve-3-0-femme\/#breadcrumb"},"inLanguage":"fr-FR","potentialAction":[{"@type":"ReadAction","target":["https:\/\/www.miomiorun.com\/fr\/produit\/distance-short-sleeve-3-0-femme\/"]}]},{"@type":"ImageObject","inLanguage":"fr-FR","@id":"https:\/\/www.miomiorun.com\/fr\/produit\/distance-short-sleeve-3-0-femme\/#primaryimage","url":"https:\/\/www.miomiorun.com\/app\/uploads\/2024\/03\/Brooks-distance-short-sleeve-3.0-W-htr-glacier-green-221669342.jpg","contentUrl":"https:\/\/www.miomiorun.com\/app\/uploads\/2024\/03\/Brooks-distance-short-sleeve-3.0-W-htr-glacier-green-221669342.jpg","width":600,"height":600,"caption":"Brooks-distance-short-sleeve-3.0-W-htr-glacier-green-221669342"},{"@type":"BreadcrumbList","@id":"https:\/\/www.miomiorun.com\/fr\/produit\/distance-short-sleeve-3-0-femme\/#breadcrumb","itemListElement":[{"@type":"ListItem","position":1,"name":"Home","item":"https:\/\/www.miomiorun.com\/fr\/home-page\/"},{"@type":"ListItem","position":2,"name":"Shop","item":"https:\/\/www.miomiorun.com\/shop\/"},{"@type":"ListItem","position":3,"name":"Distance Short Sleeve 3.0 femme"}]},{"@type":"WebSite","@id":"https:\/\/www.miomiorun.com\/fr\/#website","url":"https:\/\/www.miomiorun.com\/fr\/","name":"MioMioRun","description":"Boutique 100% running et trail","publisher":{"@id":"https:\/\/www.miomiorun.com\/fr\/#organization"},"potentialAction":[{"@type":"SearchAction","target":{"@type":"EntryPoint","urlTemplate":"https:\/\/www.miomiorun.com\/fr\/?s={search_term_string}"},"query-input":{"@type":"PropertyValueSpecification","valueRequired":true,"valueName":"search_term_string"}}],"inLanguage":"fr-FR"},{"@type":"Organization","@id":"https:\/\/www.miomiorun.com\/fr\/#organization","name":"MioMio Run","url":"https:\/\/www.miomiorun.com\/fr\/","logo":{"@type":"ImageObject","inLanguage":"fr-FR","@id":"https:\/\/www.miomiorun.com\/fr\/#\/schema\/logo\/image\/","url":"https:\/\/www.miomiorun.com\/app\/uploads\/2019\/12\/logomio.png","contentUrl":"https:\/\/www.miomiorun.com\/app\/uploads\/2019\/12\/logomio.png","width":115,"height":82,"caption":"MioMio Run"},"image":{"@id":"https:\/\/www.miomiorun.com\/fr\/#\/schema\/logo\/image\/"},"sameAs":["https:\/\/www.facebook.com\/miomiorun\/","https:\/\/www.instagram.com\/miomiorun\/"]}]}},"_links":{"self":[{"href":"https:\/\/www.miomiorun.com\/fr\/wp-json\/wp\/v2\/product\/289058","targetHints":{"allow":["GET"]}}],"collection":[{"href":"https:\/\/www.miomiorun.com\/fr\/wp-json\/wp\/v2\/product"}],"about":[{"href":"https:\/\/www.miomiorun.com\/fr\/wp-json\/wp\/v2\/types\/product"}],"wp:featuredmedia":[{"embeddable":true,"href":"https:\/\/www.miomiorun.com\/fr\/wp-json\/wp\/v2\/media\/245792"}],"wp:attachment":[{"href":"https:\/\/www.miomiorun.com\/fr\/wp-json\/wp\/v2\/media?parent=289058"}],"wp:term":[{"taxonomy":"product_brand","embeddable":true,"href":"https:\/\/www.miomiorun.com\/fr\/wp-json\/wp\/v2\/product_brand?post=289058"},{"taxonomy":"product_cat","embeddable":true,"href":"https:\/\/www.miomiorun.com\/fr\/wp-json\/wp\/v2\/product_cat?post=289058"},{"taxonomy":"product_tag","embeddable":true,"href":"https:\/\/www.miomiorun.com\/fr\/wp-json\/wp\/v2\/product_tag?post=289058"}],"curies":[{"name":"wp","href":"https:\/\/api.w.org\/{rel}","templated":true}]}}