{"id":289000,"date":"2023-11-14T15:27:45","date_gmt":"2023-11-14T14:27:45","guid":{"rendered":"https:\/\/miomiorun.com\/prodotto\/fleece-run-glove\/"},"modified":"2026-05-08T21:56:55","modified_gmt":"2026-05-08T19:56:55","slug":"fleece-run-glove","status":"publish","type":"product","link":"https:\/\/www.miomiorun.com\/fr\/produit\/fleece-run-glove\/","title":{"rendered":"Fleece Run Glove"},"content":{"rendered":"<p>Gants de <strong>course en<\/strong> polaire Ces gants en polaire douce et confortable gardent vos mains au chaud et sont indispensables les jours de grand froid. Le design profil\u00e9 offre un ajustement et une couverture id\u00e9aux pour que vous n&#8217;ayez jamais \u00e0 vous arr\u00eater.<\/p>\n<p><strong>Caract\u00e9ristiques :<\/strong><\/p>\n<p>&#8211; Gants en fibre de coton biologique<\/p>\n<p>&#8211; Tissu doux et confortable pour garder les mains au chaud<\/p>\n<p>&nbsp;<\/p>\n<p>&nbsp;<\/p>\n<p dir=\"ltr\" data-placeholder=\"Traduzione\">\n","protected":false},"excerpt":{"rendered":"<ul>\n<li>Gants en coton bio<\/li>\n<li>Id\u00e9aux pour garder les mains au chaud pendant vos activit\u00e9s<\/li>\n<\/ul>\n","protected":false},"featured_media":246046,"template":"","meta":{"_acf_changed":false,"inline_featured_image":false},"product_brand":[],"product_cat":[22581,22538],"product_tag":[23507,23505,23519],"class_list":{"0":"post-289000","1":"product","2":"type-product","3":"status-publish","4":"has-post-thumbnail","6":"product_cat-gants","7":"product_cat-accessoires","8":"product_tag-nike-fr","9":"product_tag-nike-femme","10":"product_tag-nike-homme","11":"pa_attivita-marcher","12":"pa_attivita-running-fr","13":"pa_marca-nike-fr","14":"pa_sesso-femme","15":"pa_sesso-homme","16":"pa_size-s-m-fr","17":"pa_size-l-xl-fr","19":"first","20":"instock","21":"sale","22":"taxable","23":"shipping-taxable","24":"purchasable","25":"product-type-variable","26":"wvs-archive-product-wrapper"},"acf":[],"yoast_head":"<!-- This site is optimized with the Yoast SEO plugin v26.8 - https:\/\/yoast.com\/product\/yoast-seo-wordpress\/ -->\n<title>Nike Fleece Run Glove - gants de course - MioMioRun.com<\/title>\n<meta name=\"description\" content=\"Gants de course en molleton doux et confortable pour garder vos mains au chaud. Ces gants sont indispensables les jours de grand froid.\" \/>\n<meta name=\"robots\" content=\"index, follow, max-snippet:-1, max-image-preview:large, max-video-preview:-1\" \/>\n<link rel=\"canonical\" href=\"https:\/\/www.miomiorun.com\/fr\/produit\/fleece-run-glove\/\" \/>\n<meta property=\"og:locale\" content=\"fr_FR\" \/>\n<meta property=\"og:type\" content=\"article\" \/>\n<meta property=\"og:title\" content=\"Nike Fleece Run Glove - gants de course - MioMioRun.com\" \/>\n<meta property=\"og:description\" content=\"Gants de course en molleton doux et confortable pour garder vos mains au chaud. Ces gants sont indispensables les jours de grand froid.\" \/>\n<meta property=\"og:url\" content=\"https:\/\/www.miomiorun.com\/fr\/produit\/fleece-run-glove\/\" \/>\n<meta property=\"og:site_name\" content=\"MioMioRun\" \/>\n<meta property=\"article:publisher\" content=\"https:\/\/www.facebook.com\/miomiorun\/\" \/>\n<meta property=\"article:modified_time\" content=\"2026-05-08T19:56:55+00:00\" \/>\n<meta property=\"og:image\" content=\"https:\/\/www.miomiorun.com\/app\/uploads\/2023\/11\/nike-fleece-run-glove-BK-BK-SL-N1002576082.webp\" \/>\n\t<meta property=\"og:image:width\" content=\"600\" \/>\n\t<meta property=\"og:image:height\" content=\"600\" \/>\n\t<meta property=\"og:image:type\" content=\"image\/webp\" \/>\n<meta name=\"twitter:card\" content=\"summary_large_image\" \/>\n<script type=\"application\/ld+json\" class=\"yoast-schema-graph\">{\"@context\":\"https:\/\/schema.org\",\"@graph\":[{\"@type\":\"WebPage\",\"@id\":\"https:\/\/www.miomiorun.com\/fr\/produit\/fleece-run-glove\/\",\"url\":\"https:\/\/www.miomiorun.com\/fr\/produit\/fleece-run-glove\/\",\"name\":\"Nike Fleece Run Glove - gants de course - MioMioRun.com\",\"isPartOf\":{\"@id\":\"https:\/\/www.miomiorun.com\/fr\/#website\"},\"primaryImageOfPage\":{\"@id\":\"https:\/\/www.miomiorun.com\/fr\/produit\/fleece-run-glove\/#primaryimage\"},\"image\":{\"@id\":\"https:\/\/www.miomiorun.com\/fr\/produit\/fleece-run-glove\/#primaryimage\"},\"thumbnailUrl\":\"https:\/\/www.miomiorun.com\/app\/uploads\/2023\/11\/nike-fleece-run-glove-BK-BK-SL-N1002576082.webp\",\"datePublished\":\"2023-11-14T14:27:45+00:00\",\"dateModified\":\"2026-05-08T19:56:55+00:00\",\"description\":\"Gants de course en molleton doux et confortable pour garder vos mains au chaud. Ces gants sont indispensables les jours de grand froid.\",\"breadcrumb\":{\"@id\":\"https:\/\/www.miomiorun.com\/fr\/produit\/fleece-run-glove\/#breadcrumb\"},\"inLanguage\":\"fr-FR\",\"potentialAction\":[{\"@type\":\"ReadAction\",\"target\":[\"https:\/\/www.miomiorun.com\/fr\/produit\/fleece-run-glove\/\"]}]},{\"@type\":\"ImageObject\",\"inLanguage\":\"fr-FR\",\"@id\":\"https:\/\/www.miomiorun.com\/fr\/produit\/fleece-run-glove\/#primaryimage\",\"url\":\"https:\/\/www.miomiorun.com\/app\/uploads\/2023\/11\/nike-fleece-run-glove-BK-BK-SL-N1002576082.webp\",\"contentUrl\":\"https:\/\/www.miomiorun.com\/app\/uploads\/2023\/11\/nike-fleece-run-glove-BK-BK-SL-N1002576082.webp\",\"width\":600,\"height\":600,\"caption\":\"nike fleece run glove BK BK SL N1002576082\"},{\"@type\":\"BreadcrumbList\",\"@id\":\"https:\/\/www.miomiorun.com\/fr\/produit\/fleece-run-glove\/#breadcrumb\",\"itemListElement\":[{\"@type\":\"ListItem\",\"position\":1,\"name\":\"Home\",\"item\":\"https:\/\/www.miomiorun.com\/fr\/home-page\/\"},{\"@type\":\"ListItem\",\"position\":2,\"name\":\"Shop\",\"item\":\"https:\/\/www.miomiorun.com\/shop\/\"},{\"@type\":\"ListItem\",\"position\":3,\"name\":\"Fleece Run Glove\"}]},{\"@type\":\"WebSite\",\"@id\":\"https:\/\/www.miomiorun.com\/fr\/#website\",\"url\":\"https:\/\/www.miomiorun.com\/fr\/\",\"name\":\"MioMioRun\",\"description\":\"Boutique 100% running et trail\",\"publisher\":{\"@id\":\"https:\/\/www.miomiorun.com\/fr\/#organization\"},\"potentialAction\":[{\"@type\":\"SearchAction\",\"target\":{\"@type\":\"EntryPoint\",\"urlTemplate\":\"https:\/\/www.miomiorun.com\/fr\/?s={search_term_string}\"},\"query-input\":{\"@type\":\"PropertyValueSpecification\",\"valueRequired\":true,\"valueName\":\"search_term_string\"}}],\"inLanguage\":\"fr-FR\"},{\"@type\":\"Organization\",\"@id\":\"https:\/\/www.miomiorun.com\/fr\/#organization\",\"name\":\"MioMio Run\",\"url\":\"https:\/\/www.miomiorun.com\/fr\/\",\"logo\":{\"@type\":\"ImageObject\",\"inLanguage\":\"fr-FR\",\"@id\":\"https:\/\/www.miomiorun.com\/fr\/#\/schema\/logo\/image\/\",\"url\":\"https:\/\/www.miomiorun.com\/app\/uploads\/2019\/12\/logomio.png\",\"contentUrl\":\"https:\/\/www.miomiorun.com\/app\/uploads\/2019\/12\/logomio.png\",\"width\":115,\"height\":82,\"caption\":\"MioMio Run\"},\"image\":{\"@id\":\"https:\/\/www.miomiorun.com\/fr\/#\/schema\/logo\/image\/\"},\"sameAs\":[\"https:\/\/www.facebook.com\/miomiorun\/\",\"https:\/\/www.instagram.com\/miomiorun\/\"]}]}<\/script>\n<!-- \/ Yoast SEO plugin. -->","yoast_head_json":{"title":"Nike Fleece Run Glove - gants de course - MioMioRun.com","description":"Gants de course en molleton doux et confortable pour garder vos mains au chaud. Ces gants sont indispensables les jours de grand froid.","robots":{"index":"index","follow":"follow","max-snippet":"max-snippet:-1","max-image-preview":"max-image-preview:large","max-video-preview":"max-video-preview:-1"},"canonical":"https:\/\/www.miomiorun.com\/fr\/produit\/fleece-run-glove\/","og_locale":"fr_FR","og_type":"article","og_title":"Nike Fleece Run Glove - gants de course - MioMioRun.com","og_description":"Gants de course en molleton doux et confortable pour garder vos mains au chaud. Ces gants sont indispensables les jours de grand froid.","og_url":"https:\/\/www.miomiorun.com\/fr\/produit\/fleece-run-glove\/","og_site_name":"MioMioRun","article_publisher":"https:\/\/www.facebook.com\/miomiorun\/","article_modified_time":"2026-05-08T19:56:55+00:00","og_image":[{"width":600,"height":600,"url":"https:\/\/www.miomiorun.com\/app\/uploads\/2023\/11\/nike-fleece-run-glove-BK-BK-SL-N1002576082.webp","type":"image\/webp"}],"twitter_card":"summary_large_image","schema":{"@context":"https:\/\/schema.org","@graph":[{"@type":"WebPage","@id":"https:\/\/www.miomiorun.com\/fr\/produit\/fleece-run-glove\/","url":"https:\/\/www.miomiorun.com\/fr\/produit\/fleece-run-glove\/","name":"Nike Fleece Run Glove - gants de course - MioMioRun.com","isPartOf":{"@id":"https:\/\/www.miomiorun.com\/fr\/#website"},"primaryImageOfPage":{"@id":"https:\/\/www.miomiorun.com\/fr\/produit\/fleece-run-glove\/#primaryimage"},"image":{"@id":"https:\/\/www.miomiorun.com\/fr\/produit\/fleece-run-glove\/#primaryimage"},"thumbnailUrl":"https:\/\/www.miomiorun.com\/app\/uploads\/2023\/11\/nike-fleece-run-glove-BK-BK-SL-N1002576082.webp","datePublished":"2023-11-14T14:27:45+00:00","dateModified":"2026-05-08T19:56:55+00:00","description":"Gants de course en molleton doux et confortable pour garder vos mains au chaud. Ces gants sont indispensables les jours de grand froid.","breadcrumb":{"@id":"https:\/\/www.miomiorun.com\/fr\/produit\/fleece-run-glove\/#breadcrumb"},"inLanguage":"fr-FR","potentialAction":[{"@type":"ReadAction","target":["https:\/\/www.miomiorun.com\/fr\/produit\/fleece-run-glove\/"]}]},{"@type":"ImageObject","inLanguage":"fr-FR","@id":"https:\/\/www.miomiorun.com\/fr\/produit\/fleece-run-glove\/#primaryimage","url":"https:\/\/www.miomiorun.com\/app\/uploads\/2023\/11\/nike-fleece-run-glove-BK-BK-SL-N1002576082.webp","contentUrl":"https:\/\/www.miomiorun.com\/app\/uploads\/2023\/11\/nike-fleece-run-glove-BK-BK-SL-N1002576082.webp","width":600,"height":600,"caption":"nike fleece run glove BK BK SL N1002576082"},{"@type":"BreadcrumbList","@id":"https:\/\/www.miomiorun.com\/fr\/produit\/fleece-run-glove\/#breadcrumb","itemListElement":[{"@type":"ListItem","position":1,"name":"Home","item":"https:\/\/www.miomiorun.com\/fr\/home-page\/"},{"@type":"ListItem","position":2,"name":"Shop","item":"https:\/\/www.miomiorun.com\/shop\/"},{"@type":"ListItem","position":3,"name":"Fleece Run Glove"}]},{"@type":"WebSite","@id":"https:\/\/www.miomiorun.com\/fr\/#website","url":"https:\/\/www.miomiorun.com\/fr\/","name":"MioMioRun","description":"Boutique 100% running et trail","publisher":{"@id":"https:\/\/www.miomiorun.com\/fr\/#organization"},"potentialAction":[{"@type":"SearchAction","target":{"@type":"EntryPoint","urlTemplate":"https:\/\/www.miomiorun.com\/fr\/?s={search_term_string}"},"query-input":{"@type":"PropertyValueSpecification","valueRequired":true,"valueName":"search_term_string"}}],"inLanguage":"fr-FR"},{"@type":"Organization","@id":"https:\/\/www.miomiorun.com\/fr\/#organization","name":"MioMio Run","url":"https:\/\/www.miomiorun.com\/fr\/","logo":{"@type":"ImageObject","inLanguage":"fr-FR","@id":"https:\/\/www.miomiorun.com\/fr\/#\/schema\/logo\/image\/","url":"https:\/\/www.miomiorun.com\/app\/uploads\/2019\/12\/logomio.png","contentUrl":"https:\/\/www.miomiorun.com\/app\/uploads\/2019\/12\/logomio.png","width":115,"height":82,"caption":"MioMio Run"},"image":{"@id":"https:\/\/www.miomiorun.com\/fr\/#\/schema\/logo\/image\/"},"sameAs":["https:\/\/www.facebook.com\/miomiorun\/","https:\/\/www.instagram.com\/miomiorun\/"]}]}},"_links":{"self":[{"href":"https:\/\/www.miomiorun.com\/fr\/wp-json\/wp\/v2\/product\/289000","targetHints":{"allow":["GET"]}}],"collection":[{"href":"https:\/\/www.miomiorun.com\/fr\/wp-json\/wp\/v2\/product"}],"about":[{"href":"https:\/\/www.miomiorun.com\/fr\/wp-json\/wp\/v2\/types\/product"}],"wp:featuredmedia":[{"embeddable":true,"href":"https:\/\/www.miomiorun.com\/fr\/wp-json\/wp\/v2\/media\/246046"}],"wp:attachment":[{"href":"https:\/\/www.miomiorun.com\/fr\/wp-json\/wp\/v2\/media?parent=289000"}],"wp:term":[{"taxonomy":"product_brand","embeddable":true,"href":"https:\/\/www.miomiorun.com\/fr\/wp-json\/wp\/v2\/product_brand?post=289000"},{"taxonomy":"product_cat","embeddable":true,"href":"https:\/\/www.miomiorun.com\/fr\/wp-json\/wp\/v2\/product_cat?post=289000"},{"taxonomy":"product_tag","embeddable":true,"href":"https:\/\/www.miomiorun.com\/fr\/wp-json\/wp\/v2\/product_tag?post=289000"}],"curies":[{"name":"wp","href":"https:\/\/api.w.org\/{rel}","templated":true}]}}