{"id":288987,"date":"2023-11-16T13:47:23","date_gmt":"2023-11-16T12:47:23","guid":{"rendered":"https:\/\/miomiorun.com\/prodotto\/ru4-endurance-short-reflectiv-uomo\/"},"modified":"2025-05-09T11:54:00","modified_gmt":"2025-05-09T09:54:00","slug":"ru4-endurance-short-reflectiv-homme","status":"publish","type":"product","link":"https:\/\/www.miomiorun.com\/fr\/produit\/ru4-endurance-short-reflectiv-homme\/","title":{"rendered":"Ru4 Endurance Short Reflectiv homme"},"content":{"rendered":"<p><div class=\"vc-row container\"><div class=\"vc-column\"><div class=\"vc-column-text\"><\/p>\n<div class=\"product-section product-detailed-page__section product-detailed-page__section--details\">\n<div class=\"product-section__content\">\n<div class=\"product-section product-detailed-page__section product-detailed-page__section--details\">\n<div>\n<div>\n<div class=\"product-section__content\">\n<div class=\"product-features\">\n<div id=\"accordion-panel-1\" class=\"product-specification__accordion-panel\">\n<div>\n<div class=\"product-features\">\n<div id=\"accordion-panel-1\" class=\"product-specification__accordion-panel\">\n<div>\n<div class=\"product-features\">\n<ul class=\"product-features__list\">\n<li class=\"product-features__item\">Chaussettes de course l\u00e9g\u00e8res avec un amorti moyen<\/li>\n<li class=\"product-features__item\">Construction respirante \u00e0 3 couches pour garder les pieds au sec et \u00e9viter les ampoules<\/li>\n<li class=\"product-features__item\">Coupe optimale adapt\u00e9e aux besoins sp\u00e9cifiques des pieds gauche et droit (true L\/R foot)<\/li>\n<li class=\"product-features__item\">Tissu en coton m\u00e9lang\u00e9 \u00e0 \u00e9vacuation ultra-rapide<\/li>\n<li class=\"product-features__item\">D\u00e9tails r\u00e9fl\u00e9chissants<\/li>\n<li class=\"product-features__item\">Amortissement moyen garantissant un confort ad\u00e9quat et prot\u00e9geant la zone la plus sollicit\u00e9e<\/li>\n<\/ul>\n<\/div>\n<\/div>\n<\/div>\n<\/div>\n<\/div>\n<\/div>\n<\/div>\n<\/div>\n<\/div>\n<\/div>\n<\/div>\n<\/div>\n<\/div>\n<div class=\"product-section product-detailed-page__section product-detailed-page__section--description\">\n<div>\n<div>\n<div class=\"product-section__content\">\n<div class=\"product-description\">\n<div class=\"product-description__content\">Gr\u00e2ce \u00e0 son rembourrage moyen, la RU4 Short pour hommes est notre chaussette de cheville polyvalente qui offre une protection ad\u00e9quate, avec un effet d&#8217;amortissement moyen et un bon contact avec la chaussure. De plus, le rembourrage pr\u00e9vient les ampoules en r\u00e9duisant les zones de pression. L&#8217;\u00e9vacuation rapide de l&#8217;humidit\u00e9 et l&#8217;excellente coupe permettent de faire du jogging en tout confort. Une bande en fil r\u00e9fl\u00e9chissant am\u00e9liore la visibilit\u00e9 en augmentant la s\u00e9curit\u00e9 dans des conditions de faible luminosit\u00e9.<\/div>\n<\/div>\n<\/div>\n<\/div>\n<\/div>\n<\/div>\n<p><\/div><\/div><\/div><div class=\"vc-row container\"><div class=\"vc-column\"><div class=\"vc-column-text\"><\/p>\n<div class=\"product-functional-symbols__image-container\"><img decoding=\"async\" class=\"product-functional-symbols__image aligncenter\" src=\"https:\/\/www.falke.com\/it_it\/9dd393d722265eb755772abd698b837041098075\/assets\/base\/staticImages\/functionalsymbols\/icon_feuchtigkeitsregulierend.svg\" \/><\/div>\n<div class=\"product-functional-symbols__name\" style=\"text-align: center;\">R\u00e9gule l&#8217;humidit\u00e9<\/div>\n<p><\/div><\/div><div class=\"vc-column\"><div class=\"vc-column-text\"><\/p>\n<div class=\"product-functional-symbols__image-container\"><\/div>\n<div class=\"product-functional-symbols__tooltip\">\n<div class=\"product-functional-symbols__tooltip-content\"><img decoding=\"async\" class=\"aligncenter\" src=\"https:\/\/www.falke.com\/it_it\/7006739c057511fa4f65afdfc9ac5b6e0a4be113\/assets\/base\/staticImages\/functionalsymbols\/icon_schnellste_ruecktrocknung.svg\" \/><\/div>\n<div style=\"text-align: center;\">S\u00e9chage plus rapide<\/div>\n<\/div>\n<p><\/div><\/div><div class=\"vc-column\"><div class=\"vc-column-text\"><img decoding=\"async\" class=\"product-functional-symbols__image\" src=\"https:\/\/www.falke.com\/it_it\/c5c163f4c436a6d5cac26cfd6ed02ad465473f2a\/assets\/base\/staticImages\/functionalsymbols\/icon_daempfende-wirkung.svg\" \/><\/p>\n<p>Effet amortisseur<\/div><\/div><\/div><div class=\"vc-row container\"><div class=\"vc-column\"><div class=\"vc-column-text\"><\/p>\n<ul>\n<li class=\"product-functional-symbols__symbol\"><img loading=\"lazy\" decoding=\"async\" class=\"product-functional-symbols__image aligncenter\" src=\"https:\/\/www.falke.com\/it_it\/10300ba30d2fee935faacdb4a1d756485b8d4223\/assets\/base\/staticImages\/functionalsymbols\/icon_reflektierend.svg\" alt=\"\" width=\"78\" height=\"78\" \/>\n<div class=\"product-functional-symbols__content\" style=\"text-align: center;\">\n<p class=\"product-functional-symbols__content-name\">R\u00e9fl\u00e9chissant<\/p>\n<p class=\"product-functional-symbols__content-description\">Insertion de r\u00e9flecteurs pour une meilleure s\u00e9curit\u00e9 dans l&#8217;obscurit\u00e9 et dans des conditions de mauvaise visibilit\u00e9.<\/p>\n<\/div>\n<\/li>\n<\/ul>\n<p><\/div><\/div><\/div><div class=\"vc-row container\"><div class=\"vc-column\"><div class=\"vc-column-text\"><strong>Mati\u00e8re<\/strong>: 42% coton, 36% polypropyl\u00e8ne, 21% polyamide, 1% \u00e9lasthanne.<\/p>\n<p><strong>Longueur de la jambe : Longueur de la cheville<\/strong>.<\/p>\n<p><strong>Rembourrage<\/strong>: Moyennement lourd .<\/p>\n<p><strong>Ajustement<\/strong>: Anatomique .<\/p>\n<p><strong>Semelle<\/strong>: Normale .<\/p>\n<p><strong>Look<\/strong>: Sportif .<\/div><\/div><\/div><\/p>\n","protected":false},"excerpt":{"rendered":"<ul>\n<li>\u00a0Chaussettes r\u00e9fl\u00e9chissantes pour \u00eatre visible m\u00eame dans l&#8217;obscurit\u00e9<\/li>\n<li>Effet amortissant<\/li>\n<\/ul>\n","protected":false},"featured_media":244192,"template":"","meta":{"_acf_changed":false,"inline_featured_image":false},"product_brand":[],"product_cat":[24256,24482],"product_tag":[23482,23606],"class_list":{"0":"post-288987","1":"product","2":"type-product","3":"status-publish","4":"has-post-thumbnail","6":"product_cat-chaussettes-fr","7":"product_cat-vetements-pour-hommes-fr","8":"product_tag-falke-fr","9":"product_tag-falke-homme","10":"pa_attivita-fitness-fr","11":"pa_attivita-marcher","12":"pa_attivita-running-fr","13":"pa_colore-ru4-short-reflectiv-black-fr","14":"pa_marca-falke-fr","15":"pa_sesso-homme","16":"pa_size-39-41-fr","17":"pa_size-42-43-fr","18":"pa_size-44-45-fr","20":"first","21":"instock","22":"sale","23":"taxable","24":"shipping-taxable","25":"purchasable","26":"product-type-variable","27":"wvs-archive-product-wrapper"},"acf":[],"yoast_head":"<!-- This site is optimized with the Yoast SEO plugin v26.8 - https:\/\/yoast.com\/product\/yoast-seo-wordpress\/ -->\n<title>Falke Ru4 Endurance Short Reflectiv homme - Chaussettes de course - MioMioRun<\/title>\n<meta name=\"description\" content=\"Gr\u00e2ce \u00e0 son amorti moyen, la RU4 pour homme est notre chaussette polyvalente et offre une protection ad\u00e9quate avec un amortissement moyen.\" \/>\n<meta name=\"robots\" content=\"index, follow, max-snippet:-1, max-image-preview:large, max-video-preview:-1\" \/>\n<link rel=\"canonical\" href=\"https:\/\/www.miomiorun.com\/fr\/produit\/ru4-endurance-short-reflectiv-homme\/\" \/>\n<meta property=\"og:locale\" content=\"fr_FR\" \/>\n<meta property=\"og:type\" content=\"article\" \/>\n<meta property=\"og:title\" content=\"Falke Ru4 Endurance Short Reflectiv homme - Chaussettes de course - MioMioRun\" \/>\n<meta property=\"og:description\" content=\"Gr\u00e2ce \u00e0 son amorti moyen, la RU4 pour homme est notre chaussette polyvalente et offre une protection ad\u00e9quate avec un amortissement moyen.\" \/>\n<meta property=\"og:url\" content=\"https:\/\/www.miomiorun.com\/fr\/produit\/ru4-endurance-short-reflectiv-homme\/\" \/>\n<meta property=\"og:site_name\" content=\"MioMioRun\" \/>\n<meta property=\"article:publisher\" content=\"https:\/\/www.facebook.com\/miomiorun\/\" \/>\n<meta property=\"article:modified_time\" content=\"2025-05-09T09:54:00+00:00\" \/>\n<meta property=\"og:image\" content=\"https:\/\/www.miomiorun.com\/app\/uploads\/2023\/12\/falke-ru4-short-reflectiv-black-16233-3008.jpg\" \/>\n\t<meta property=\"og:image:width\" content=\"600\" \/>\n\t<meta property=\"og:image:height\" content=\"600\" \/>\n\t<meta property=\"og:image:type\" content=\"image\/jpeg\" \/>\n<meta name=\"twitter:card\" content=\"summary_large_image\" \/>\n<meta name=\"twitter:label1\" content=\"Est. reading time\" \/>\n\t<meta name=\"twitter:data1\" content=\"1 minute\" \/>\n<script type=\"application\/ld+json\" class=\"yoast-schema-graph\">{\"@context\":\"https:\/\/schema.org\",\"@graph\":[{\"@type\":\"WebPage\",\"@id\":\"https:\/\/www.miomiorun.com\/fr\/produit\/ru4-endurance-short-reflectiv-homme\/\",\"url\":\"https:\/\/www.miomiorun.com\/fr\/produit\/ru4-endurance-short-reflectiv-homme\/\",\"name\":\"Falke Ru4 Endurance Short Reflectiv homme - Chaussettes de course - MioMioRun\",\"isPartOf\":{\"@id\":\"https:\/\/www.miomiorun.com\/fr\/#website\"},\"primaryImageOfPage\":{\"@id\":\"https:\/\/www.miomiorun.com\/fr\/produit\/ru4-endurance-short-reflectiv-homme\/#primaryimage\"},\"image\":{\"@id\":\"https:\/\/www.miomiorun.com\/fr\/produit\/ru4-endurance-short-reflectiv-homme\/#primaryimage\"},\"thumbnailUrl\":\"https:\/\/www.miomiorun.com\/app\/uploads\/2023\/12\/falke-ru4-short-reflectiv-black-16233-3008.jpg\",\"datePublished\":\"2023-11-16T12:47:23+00:00\",\"dateModified\":\"2025-05-09T09:54:00+00:00\",\"description\":\"Gr\u00e2ce \u00e0 son amorti moyen, la RU4 pour homme est notre chaussette polyvalente et offre une protection ad\u00e9quate avec un amortissement moyen.\",\"breadcrumb\":{\"@id\":\"https:\/\/www.miomiorun.com\/fr\/produit\/ru4-endurance-short-reflectiv-homme\/#breadcrumb\"},\"inLanguage\":\"fr-FR\",\"potentialAction\":[{\"@type\":\"ReadAction\",\"target\":[\"https:\/\/www.miomiorun.com\/fr\/produit\/ru4-endurance-short-reflectiv-homme\/\"]}]},{\"@type\":\"ImageObject\",\"inLanguage\":\"fr-FR\",\"@id\":\"https:\/\/www.miomiorun.com\/fr\/produit\/ru4-endurance-short-reflectiv-homme\/#primaryimage\",\"url\":\"https:\/\/www.miomiorun.com\/app\/uploads\/2023\/12\/falke-ru4-short-reflectiv-black-16233-3008.jpg\",\"contentUrl\":\"https:\/\/www.miomiorun.com\/app\/uploads\/2023\/12\/falke-ru4-short-reflectiv-black-16233-3008.jpg\",\"width\":600,\"height\":600,\"caption\":\"falke-ru4-short-reflectiv-black-16233-3008\"},{\"@type\":\"BreadcrumbList\",\"@id\":\"https:\/\/www.miomiorun.com\/fr\/produit\/ru4-endurance-short-reflectiv-homme\/#breadcrumb\",\"itemListElement\":[{\"@type\":\"ListItem\",\"position\":1,\"name\":\"Home\",\"item\":\"https:\/\/www.miomiorun.com\/fr\/home-page\/\"},{\"@type\":\"ListItem\",\"position\":2,\"name\":\"Shop\",\"item\":\"https:\/\/www.miomiorun.com\/shop\/\"},{\"@type\":\"ListItem\",\"position\":3,\"name\":\"Ru4 Endurance Short Reflectiv homme\"}]},{\"@type\":\"WebSite\",\"@id\":\"https:\/\/www.miomiorun.com\/fr\/#website\",\"url\":\"https:\/\/www.miomiorun.com\/fr\/\",\"name\":\"MioMioRun\",\"description\":\"Boutique 100% running et trail\",\"publisher\":{\"@id\":\"https:\/\/www.miomiorun.com\/fr\/#organization\"},\"potentialAction\":[{\"@type\":\"SearchAction\",\"target\":{\"@type\":\"EntryPoint\",\"urlTemplate\":\"https:\/\/www.miomiorun.com\/fr\/?s={search_term_string}\"},\"query-input\":{\"@type\":\"PropertyValueSpecification\",\"valueRequired\":true,\"valueName\":\"search_term_string\"}}],\"inLanguage\":\"fr-FR\"},{\"@type\":\"Organization\",\"@id\":\"https:\/\/www.miomiorun.com\/fr\/#organization\",\"name\":\"MioMio Run\",\"url\":\"https:\/\/www.miomiorun.com\/fr\/\",\"logo\":{\"@type\":\"ImageObject\",\"inLanguage\":\"fr-FR\",\"@id\":\"https:\/\/www.miomiorun.com\/fr\/#\/schema\/logo\/image\/\",\"url\":\"https:\/\/www.miomiorun.com\/app\/uploads\/2019\/12\/logomio.png\",\"contentUrl\":\"https:\/\/www.miomiorun.com\/app\/uploads\/2019\/12\/logomio.png\",\"width\":115,\"height\":82,\"caption\":\"MioMio Run\"},\"image\":{\"@id\":\"https:\/\/www.miomiorun.com\/fr\/#\/schema\/logo\/image\/\"},\"sameAs\":[\"https:\/\/www.facebook.com\/miomiorun\/\",\"https:\/\/www.instagram.com\/miomiorun\/\"]}]}<\/script>\n<!-- \/ Yoast SEO plugin. -->","yoast_head_json":{"title":"Falke Ru4 Endurance Short Reflectiv homme - Chaussettes de course - MioMioRun","description":"Gr\u00e2ce \u00e0 son amorti moyen, la RU4 pour homme est notre chaussette polyvalente et offre une protection ad\u00e9quate avec un amortissement moyen.","robots":{"index":"index","follow":"follow","max-snippet":"max-snippet:-1","max-image-preview":"max-image-preview:large","max-video-preview":"max-video-preview:-1"},"canonical":"https:\/\/www.miomiorun.com\/fr\/produit\/ru4-endurance-short-reflectiv-homme\/","og_locale":"fr_FR","og_type":"article","og_title":"Falke Ru4 Endurance Short Reflectiv homme - Chaussettes de course - MioMioRun","og_description":"Gr\u00e2ce \u00e0 son amorti moyen, la RU4 pour homme est notre chaussette polyvalente et offre une protection ad\u00e9quate avec un amortissement moyen.","og_url":"https:\/\/www.miomiorun.com\/fr\/produit\/ru4-endurance-short-reflectiv-homme\/","og_site_name":"MioMioRun","article_publisher":"https:\/\/www.facebook.com\/miomiorun\/","article_modified_time":"2025-05-09T09:54:00+00:00","og_image":[{"width":600,"height":600,"url":"https:\/\/www.miomiorun.com\/app\/uploads\/2023\/12\/falke-ru4-short-reflectiv-black-16233-3008.jpg","type":"image\/jpeg"}],"twitter_card":"summary_large_image","twitter_misc":{"Est. reading time":"1 minute"},"schema":{"@context":"https:\/\/schema.org","@graph":[{"@type":"WebPage","@id":"https:\/\/www.miomiorun.com\/fr\/produit\/ru4-endurance-short-reflectiv-homme\/","url":"https:\/\/www.miomiorun.com\/fr\/produit\/ru4-endurance-short-reflectiv-homme\/","name":"Falke Ru4 Endurance Short Reflectiv homme - Chaussettes de course - MioMioRun","isPartOf":{"@id":"https:\/\/www.miomiorun.com\/fr\/#website"},"primaryImageOfPage":{"@id":"https:\/\/www.miomiorun.com\/fr\/produit\/ru4-endurance-short-reflectiv-homme\/#primaryimage"},"image":{"@id":"https:\/\/www.miomiorun.com\/fr\/produit\/ru4-endurance-short-reflectiv-homme\/#primaryimage"},"thumbnailUrl":"https:\/\/www.miomiorun.com\/app\/uploads\/2023\/12\/falke-ru4-short-reflectiv-black-16233-3008.jpg","datePublished":"2023-11-16T12:47:23+00:00","dateModified":"2025-05-09T09:54:00+00:00","description":"Gr\u00e2ce \u00e0 son amorti moyen, la RU4 pour homme est notre chaussette polyvalente et offre une protection ad\u00e9quate avec un amortissement moyen.","breadcrumb":{"@id":"https:\/\/www.miomiorun.com\/fr\/produit\/ru4-endurance-short-reflectiv-homme\/#breadcrumb"},"inLanguage":"fr-FR","potentialAction":[{"@type":"ReadAction","target":["https:\/\/www.miomiorun.com\/fr\/produit\/ru4-endurance-short-reflectiv-homme\/"]}]},{"@type":"ImageObject","inLanguage":"fr-FR","@id":"https:\/\/www.miomiorun.com\/fr\/produit\/ru4-endurance-short-reflectiv-homme\/#primaryimage","url":"https:\/\/www.miomiorun.com\/app\/uploads\/2023\/12\/falke-ru4-short-reflectiv-black-16233-3008.jpg","contentUrl":"https:\/\/www.miomiorun.com\/app\/uploads\/2023\/12\/falke-ru4-short-reflectiv-black-16233-3008.jpg","width":600,"height":600,"caption":"falke-ru4-short-reflectiv-black-16233-3008"},{"@type":"BreadcrumbList","@id":"https:\/\/www.miomiorun.com\/fr\/produit\/ru4-endurance-short-reflectiv-homme\/#breadcrumb","itemListElement":[{"@type":"ListItem","position":1,"name":"Home","item":"https:\/\/www.miomiorun.com\/fr\/home-page\/"},{"@type":"ListItem","position":2,"name":"Shop","item":"https:\/\/www.miomiorun.com\/shop\/"},{"@type":"ListItem","position":3,"name":"Ru4 Endurance Short Reflectiv homme"}]},{"@type":"WebSite","@id":"https:\/\/www.miomiorun.com\/fr\/#website","url":"https:\/\/www.miomiorun.com\/fr\/","name":"MioMioRun","description":"Boutique 100% running et trail","publisher":{"@id":"https:\/\/www.miomiorun.com\/fr\/#organization"},"potentialAction":[{"@type":"SearchAction","target":{"@type":"EntryPoint","urlTemplate":"https:\/\/www.miomiorun.com\/fr\/?s={search_term_string}"},"query-input":{"@type":"PropertyValueSpecification","valueRequired":true,"valueName":"search_term_string"}}],"inLanguage":"fr-FR"},{"@type":"Organization","@id":"https:\/\/www.miomiorun.com\/fr\/#organization","name":"MioMio Run","url":"https:\/\/www.miomiorun.com\/fr\/","logo":{"@type":"ImageObject","inLanguage":"fr-FR","@id":"https:\/\/www.miomiorun.com\/fr\/#\/schema\/logo\/image\/","url":"https:\/\/www.miomiorun.com\/app\/uploads\/2019\/12\/logomio.png","contentUrl":"https:\/\/www.miomiorun.com\/app\/uploads\/2019\/12\/logomio.png","width":115,"height":82,"caption":"MioMio Run"},"image":{"@id":"https:\/\/www.miomiorun.com\/fr\/#\/schema\/logo\/image\/"},"sameAs":["https:\/\/www.facebook.com\/miomiorun\/","https:\/\/www.instagram.com\/miomiorun\/"]}]}},"_links":{"self":[{"href":"https:\/\/www.miomiorun.com\/fr\/wp-json\/wp\/v2\/product\/288987","targetHints":{"allow":["GET"]}}],"collection":[{"href":"https:\/\/www.miomiorun.com\/fr\/wp-json\/wp\/v2\/product"}],"about":[{"href":"https:\/\/www.miomiorun.com\/fr\/wp-json\/wp\/v2\/types\/product"}],"wp:featuredmedia":[{"embeddable":true,"href":"https:\/\/www.miomiorun.com\/fr\/wp-json\/wp\/v2\/media\/244192"}],"wp:attachment":[{"href":"https:\/\/www.miomiorun.com\/fr\/wp-json\/wp\/v2\/media?parent=288987"}],"wp:term":[{"taxonomy":"product_brand","embeddable":true,"href":"https:\/\/www.miomiorun.com\/fr\/wp-json\/wp\/v2\/product_brand?post=288987"},{"taxonomy":"product_cat","embeddable":true,"href":"https:\/\/www.miomiorun.com\/fr\/wp-json\/wp\/v2\/product_cat?post=288987"},{"taxonomy":"product_tag","embeddable":true,"href":"https:\/\/www.miomiorun.com\/fr\/wp-json\/wp\/v2\/product_tag?post=288987"}],"curies":[{"name":"wp","href":"https:\/\/api.w.org\/{rel}","templated":true}]}}