{"id":288985,"date":"2023-11-16T14:07:46","date_gmt":"2023-11-16T13:07:46","guid":{"rendered":"https:\/\/miomiorun.com\/prodotto\/camisole-ultralight-cool-donna-2\/"},"modified":"2025-05-09T12:00:40","modified_gmt":"2025-05-09T10:00:40","slug":"camisole-ultralight-cool-femme","status":"publish","type":"product","link":"https:\/\/www.miomiorun.com\/fr\/produit\/camisole-ultralight-cool-femme\/","title":{"rendered":"Camisole Ultralight Cool femme"},"content":{"rendered":"<p>La <strong>camisole Ultralight Cool<\/strong> pour femme est un sous-v\u00eatement fonctionnel con\u00e7u pour vous faire \u00e9conomiser de l&#8217;\u00e9nergie lors des entra\u00eenements les plus difficiles. Le sous-v\u00eatement fonctionnel Ultralight Cool aide le corps \u00e0 maintenir sa temp\u00e9rature basse, ce qui vous permet d&#8217;utiliser toute votre \u00e9nergie pour le sport. Le polyamide recycl\u00e9 \u00e9vacue l&#8217;humidit\u00e9 du corps et s\u00e8che rapidement, ce qui vous donne une sensation de fra\u00eecheur, de s\u00e9cheresse et de confort \u00e0 tout moment. Gr\u00e2ce \u00e0 la coupe anatomique et \u00e0 la technique de tricotage sans couture, le sous-v\u00eatement s&#8217;adapte parfaitement au corps et offre un soutien optimal pendant le sport.<\/p>\n<h3>Caract\u00e9ristiques :<\/h3>\n<ul>\n<li class=\"product-specification__symbol\">Convient aux temp\u00e9ratures chaudes \u00e0 tr\u00e8s chaudes<\/li>\n<li class=\"product-specification__symbol\">Extr\u00eamement l\u00e9ger : moins de 50 grammes<\/li>\n<li class=\"product-specification__symbol\">100% polyamide recycl\u00e9 &#8211; Un choix conscient sans compromis sur la l\u00e9g\u00e8ret\u00e9, la solidit\u00e9 et la durabilit\u00e9<\/li>\n<li class=\"product-specification__symbol\">Construction en polyamide recycl\u00e9 respirant et \u00e0 s\u00e9chage rapide pour une sensation de fra\u00eecheur, de s\u00e9cheresse et de confort \u00e0 tout moment.<\/li>\n<li class=\"product-specification__symbol\">Tricotage anatomique pour une libert\u00e9 de mouvement maximale pendant le sport<\/li>\n<li class=\"product-specification__symbol\">Convient aux activit\u00e9s de haute intensit\u00e9<\/li>\n<li>Coupe ajust\u00e9e<\/li>\n<\/ul>\n<div>\n<div class=\"product-features\"><\/div>\n<\/div>\n<p><strong><img decoding=\"async\" class=\"product-functional-symbols__image\" src=\"https:\/\/www.falke.com\/it_it\/c5c163f4c436a6d5cac26cfd6ed02ad465473f2a\/assets\/base\/staticImages\/functionalsymbols\/icon_feuchtigkeitsregulierend.svg\" \/><\/strong><\/p>\n<p><strong>R\u00e9gulation de l&#8217;humidit\u00e9 <\/strong>: sensation unique de s\u00e9cheresse sur la peau gr\u00e2ce \u00e0 la capacit\u00e9 d&#8217;absorption de l&#8217;humidit\u00e9.<\/p>\n<p><img loading=\"lazy\" decoding=\"async\" class=\"product-functional-symbols__image\" src=\"https:\/\/www.falke.com\/it_it\/c5c163f4c436a6d5cac26cfd6ed02ad465473f2a\/assets\/base\/staticImages\/functionalsymbols\/icon_schnellste_ruecktrocknung.svg\" width=\"99\" height=\"99\" \/><\/p>\n<p>S\u00e9chage <strong>plus rapide <\/strong>: mat\u00e9riau \u00e0 s\u00e9chage rapide.<\/p>\n<p>&nbsp;<\/p>\n<p><img loading=\"lazy\" decoding=\"async\" class=\"product-functional-symbols__image\" src=\"https:\/\/www.falke.com\/it_it\/10300ba30d2fee935faacdb4a1d756485b8d4223\/assets\/base\/staticImages\/functionalsymbols\/icon_cooling-effect.svg\" alt=\"\" width=\"100\" height=\"100\" \/><\/p>\n<div class=\"product-functional-symbols__content\">\n<p class=\"product-functional-symbols__content-name\"><strong>Effet rafra\u00eechissant : <\/strong>assure une temp\u00e9rature optimale.<\/p>\n<\/div>\n<p>&nbsp;<\/p>\n<p><img loading=\"lazy\" decoding=\"async\" class=\"product-functional-symbols__image\" src=\"https:\/\/www.falke.com\/it_it\/10300ba30d2fee935faacdb4a1d756485b8d4223\/assets\/base\/staticImages\/functionalsymbols\/icon_cool.svg\" alt=\"\" width=\"101\" height=\"101\" \/><\/p>\n<div class=\"product-functional-symbols__content\">\n<p class=\"product-functional-symbols__content-name\"><strong>Protection contre les temp\u00e9ratures ext\u00e9rieures douces\/chaudes : <\/strong>transport optimal de l&#8217;humidit\u00e9 et effet de refroidissement.<\/p>\n<p>&nbsp;<\/p>\n<\/div>\n","protected":false},"excerpt":{"rendered":"<ul>\n<li>D\u00e9bardeur id\u00e9al pour les temp\u00e9ratures chaudes.<\/li>\n<li>Coupe ajust\u00e9e.<\/li>\n<\/ul>\n","protected":false},"featured_media":244184,"template":"","meta":{"_acf_changed":false,"inline_featured_image":false},"product_brand":[],"product_cat":[22600,22596,22595],"product_tag":[23482,23493],"class_list":{"0":"post-288985","1":"product","2":"type-product","3":"status-publish","4":"has-post-thumbnail","6":"product_cat-sous-vetements","7":"product_cat-vetements-pour-femmes","8":"product_cat-femme","9":"product_tag-falke-fr","10":"product_tag-falke-femme","11":"pa_attivita-fitness-fr","12":"pa_attivita-marcher","13":"pa_attivita-running-fr","14":"pa_colore-camise-cool-w-rose-fr","15":"pa_colore-camise-cool-w-white-fr","16":"pa_marca-craft-fr","17":"pa_sesso-femme","18":"pa_size-extra-small-fr","19":"pa_size-small-fr","20":"pa_size-medium-fr","21":"pa_size-large-fr","23":"first","24":"instock","25":"sale","26":"taxable","27":"shipping-taxable","28":"purchasable","29":"product-type-variable","30":"wvs-archive-product-wrapper"},"acf":[],"yoast_head":"<!-- This site is optimized with the Yoast SEO plugin v26.8 - https:\/\/yoast.com\/product\/yoast-seo-wordpress\/ -->\n<title>FalkeCamisole Ultralight Cool femme - Sous-v\u00eatements sportifs- MioMioRun<\/title>\n<meta name=\"description\" content=\"La camisole Ultralight Cool pour femmes est un sous-v\u00eatement fonctionnel con\u00e7u pour vous faire \u00e9conomiser de l&#039;\u00e9nergie lors des entra\u00eenements les plus difficiles. Elle s\u00e8che rapidement.\" \/>\n<meta name=\"robots\" content=\"index, follow, max-snippet:-1, max-image-preview:large, max-video-preview:-1\" \/>\n<link rel=\"canonical\" href=\"https:\/\/www.miomiorun.com\/fr\/produit\/camisole-ultralight-cool-femme\/\" \/>\n<meta property=\"og:locale\" content=\"fr_FR\" \/>\n<meta property=\"og:type\" content=\"article\" \/>\n<meta property=\"og:title\" content=\"FalkeCamisole Ultralight Cool femme - Sous-v\u00eatements sportifs- MioMioRun\" \/>\n<meta property=\"og:description\" content=\"La camisole Ultralight Cool pour femmes est un sous-v\u00eatement fonctionnel con\u00e7u pour vous faire \u00e9conomiser de l&#039;\u00e9nergie lors des entra\u00eenements les plus difficiles. Elle s\u00e8che rapidement.\" \/>\n<meta property=\"og:url\" content=\"https:\/\/www.miomiorun.com\/fr\/produit\/camisole-ultralight-cool-femme\/\" \/>\n<meta property=\"og:site_name\" content=\"MioMioRun\" \/>\n<meta property=\"article:publisher\" content=\"https:\/\/www.facebook.com\/miomiorun\/\" \/>\n<meta property=\"article:modified_time\" content=\"2025-05-09T10:00:40+00:00\" \/>\n<meta property=\"og:image\" content=\"https:\/\/www.miomiorun.com\/app\/uploads\/2023\/12\/falke-camise-cool-W-white-33272-2860.jpg\" \/>\n\t<meta property=\"og:image:width\" content=\"600\" \/>\n\t<meta property=\"og:image:height\" content=\"600\" \/>\n\t<meta property=\"og:image:type\" content=\"image\/jpeg\" \/>\n<meta name=\"twitter:card\" content=\"summary_large_image\" \/>\n<meta name=\"twitter:label1\" content=\"Est. reading time\" \/>\n\t<meta name=\"twitter:data1\" content=\"1 minute\" \/>\n<script type=\"application\/ld+json\" class=\"yoast-schema-graph\">{\"@context\":\"https:\/\/schema.org\",\"@graph\":[{\"@type\":\"WebPage\",\"@id\":\"https:\/\/www.miomiorun.com\/fr\/produit\/camisole-ultralight-cool-femme\/\",\"url\":\"https:\/\/www.miomiorun.com\/fr\/produit\/camisole-ultralight-cool-femme\/\",\"name\":\"FalkeCamisole Ultralight Cool femme - Sous-v\u00eatements sportifs- MioMioRun\",\"isPartOf\":{\"@id\":\"https:\/\/www.miomiorun.com\/fr\/#website\"},\"primaryImageOfPage\":{\"@id\":\"https:\/\/www.miomiorun.com\/fr\/produit\/camisole-ultralight-cool-femme\/#primaryimage\"},\"image\":{\"@id\":\"https:\/\/www.miomiorun.com\/fr\/produit\/camisole-ultralight-cool-femme\/#primaryimage\"},\"thumbnailUrl\":\"https:\/\/www.miomiorun.com\/app\/uploads\/2023\/12\/falke-camise-cool-W-white-33272-2860.jpg\",\"datePublished\":\"2023-11-16T13:07:46+00:00\",\"dateModified\":\"2025-05-09T10:00:40+00:00\",\"description\":\"La camisole Ultralight Cool pour femmes est un sous-v\u00eatement fonctionnel con\u00e7u pour vous faire \u00e9conomiser de l'\u00e9nergie lors des entra\u00eenements les plus difficiles. Elle s\u00e8che rapidement.\",\"breadcrumb\":{\"@id\":\"https:\/\/www.miomiorun.com\/fr\/produit\/camisole-ultralight-cool-femme\/#breadcrumb\"},\"inLanguage\":\"fr-FR\",\"potentialAction\":[{\"@type\":\"ReadAction\",\"target\":[\"https:\/\/www.miomiorun.com\/fr\/produit\/camisole-ultralight-cool-femme\/\"]}]},{\"@type\":\"ImageObject\",\"inLanguage\":\"fr-FR\",\"@id\":\"https:\/\/www.miomiorun.com\/fr\/produit\/camisole-ultralight-cool-femme\/#primaryimage\",\"url\":\"https:\/\/www.miomiorun.com\/app\/uploads\/2023\/12\/falke-camise-cool-W-white-33272-2860.jpg\",\"contentUrl\":\"https:\/\/www.miomiorun.com\/app\/uploads\/2023\/12\/falke-camise-cool-W-white-33272-2860.jpg\",\"width\":600,\"height\":600,\"caption\":\"falke-camise-cool-W-white-33272-2860\"},{\"@type\":\"BreadcrumbList\",\"@id\":\"https:\/\/www.miomiorun.com\/fr\/produit\/camisole-ultralight-cool-femme\/#breadcrumb\",\"itemListElement\":[{\"@type\":\"ListItem\",\"position\":1,\"name\":\"Home\",\"item\":\"https:\/\/www.miomiorun.com\/fr\/home-page\/\"},{\"@type\":\"ListItem\",\"position\":2,\"name\":\"Shop\",\"item\":\"https:\/\/www.miomiorun.com\/shop\/\"},{\"@type\":\"ListItem\",\"position\":3,\"name\":\"Camisole Ultralight Cool femme\"}]},{\"@type\":\"WebSite\",\"@id\":\"https:\/\/www.miomiorun.com\/fr\/#website\",\"url\":\"https:\/\/www.miomiorun.com\/fr\/\",\"name\":\"MioMioRun\",\"description\":\"Boutique 100% running et trail\",\"publisher\":{\"@id\":\"https:\/\/www.miomiorun.com\/fr\/#organization\"},\"potentialAction\":[{\"@type\":\"SearchAction\",\"target\":{\"@type\":\"EntryPoint\",\"urlTemplate\":\"https:\/\/www.miomiorun.com\/fr\/?s={search_term_string}\"},\"query-input\":{\"@type\":\"PropertyValueSpecification\",\"valueRequired\":true,\"valueName\":\"search_term_string\"}}],\"inLanguage\":\"fr-FR\"},{\"@type\":\"Organization\",\"@id\":\"https:\/\/www.miomiorun.com\/fr\/#organization\",\"name\":\"MioMio Run\",\"url\":\"https:\/\/www.miomiorun.com\/fr\/\",\"logo\":{\"@type\":\"ImageObject\",\"inLanguage\":\"fr-FR\",\"@id\":\"https:\/\/www.miomiorun.com\/fr\/#\/schema\/logo\/image\/\",\"url\":\"https:\/\/www.miomiorun.com\/app\/uploads\/2019\/12\/logomio.png\",\"contentUrl\":\"https:\/\/www.miomiorun.com\/app\/uploads\/2019\/12\/logomio.png\",\"width\":115,\"height\":82,\"caption\":\"MioMio Run\"},\"image\":{\"@id\":\"https:\/\/www.miomiorun.com\/fr\/#\/schema\/logo\/image\/\"},\"sameAs\":[\"https:\/\/www.facebook.com\/miomiorun\/\",\"https:\/\/www.instagram.com\/miomiorun\/\"]}]}<\/script>\n<!-- \/ Yoast SEO plugin. -->","yoast_head_json":{"title":"FalkeCamisole Ultralight Cool femme - Sous-v\u00eatements sportifs- MioMioRun","description":"La camisole Ultralight Cool pour femmes est un sous-v\u00eatement fonctionnel con\u00e7u pour vous faire \u00e9conomiser de l'\u00e9nergie lors des entra\u00eenements les plus difficiles. Elle s\u00e8che rapidement.","robots":{"index":"index","follow":"follow","max-snippet":"max-snippet:-1","max-image-preview":"max-image-preview:large","max-video-preview":"max-video-preview:-1"},"canonical":"https:\/\/www.miomiorun.com\/fr\/produit\/camisole-ultralight-cool-femme\/","og_locale":"fr_FR","og_type":"article","og_title":"FalkeCamisole Ultralight Cool femme - Sous-v\u00eatements sportifs- MioMioRun","og_description":"La camisole Ultralight Cool pour femmes est un sous-v\u00eatement fonctionnel con\u00e7u pour vous faire \u00e9conomiser de l'\u00e9nergie lors des entra\u00eenements les plus difficiles. Elle s\u00e8che rapidement.","og_url":"https:\/\/www.miomiorun.com\/fr\/produit\/camisole-ultralight-cool-femme\/","og_site_name":"MioMioRun","article_publisher":"https:\/\/www.facebook.com\/miomiorun\/","article_modified_time":"2025-05-09T10:00:40+00:00","og_image":[{"width":600,"height":600,"url":"https:\/\/www.miomiorun.com\/app\/uploads\/2023\/12\/falke-camise-cool-W-white-33272-2860.jpg","type":"image\/jpeg"}],"twitter_card":"summary_large_image","twitter_misc":{"Est. reading time":"1 minute"},"schema":{"@context":"https:\/\/schema.org","@graph":[{"@type":"WebPage","@id":"https:\/\/www.miomiorun.com\/fr\/produit\/camisole-ultralight-cool-femme\/","url":"https:\/\/www.miomiorun.com\/fr\/produit\/camisole-ultralight-cool-femme\/","name":"FalkeCamisole Ultralight Cool femme - Sous-v\u00eatements sportifs- MioMioRun","isPartOf":{"@id":"https:\/\/www.miomiorun.com\/fr\/#website"},"primaryImageOfPage":{"@id":"https:\/\/www.miomiorun.com\/fr\/produit\/camisole-ultralight-cool-femme\/#primaryimage"},"image":{"@id":"https:\/\/www.miomiorun.com\/fr\/produit\/camisole-ultralight-cool-femme\/#primaryimage"},"thumbnailUrl":"https:\/\/www.miomiorun.com\/app\/uploads\/2023\/12\/falke-camise-cool-W-white-33272-2860.jpg","datePublished":"2023-11-16T13:07:46+00:00","dateModified":"2025-05-09T10:00:40+00:00","description":"La camisole Ultralight Cool pour femmes est un sous-v\u00eatement fonctionnel con\u00e7u pour vous faire \u00e9conomiser de l'\u00e9nergie lors des entra\u00eenements les plus difficiles. Elle s\u00e8che rapidement.","breadcrumb":{"@id":"https:\/\/www.miomiorun.com\/fr\/produit\/camisole-ultralight-cool-femme\/#breadcrumb"},"inLanguage":"fr-FR","potentialAction":[{"@type":"ReadAction","target":["https:\/\/www.miomiorun.com\/fr\/produit\/camisole-ultralight-cool-femme\/"]}]},{"@type":"ImageObject","inLanguage":"fr-FR","@id":"https:\/\/www.miomiorun.com\/fr\/produit\/camisole-ultralight-cool-femme\/#primaryimage","url":"https:\/\/www.miomiorun.com\/app\/uploads\/2023\/12\/falke-camise-cool-W-white-33272-2860.jpg","contentUrl":"https:\/\/www.miomiorun.com\/app\/uploads\/2023\/12\/falke-camise-cool-W-white-33272-2860.jpg","width":600,"height":600,"caption":"falke-camise-cool-W-white-33272-2860"},{"@type":"BreadcrumbList","@id":"https:\/\/www.miomiorun.com\/fr\/produit\/camisole-ultralight-cool-femme\/#breadcrumb","itemListElement":[{"@type":"ListItem","position":1,"name":"Home","item":"https:\/\/www.miomiorun.com\/fr\/home-page\/"},{"@type":"ListItem","position":2,"name":"Shop","item":"https:\/\/www.miomiorun.com\/shop\/"},{"@type":"ListItem","position":3,"name":"Camisole Ultralight Cool femme"}]},{"@type":"WebSite","@id":"https:\/\/www.miomiorun.com\/fr\/#website","url":"https:\/\/www.miomiorun.com\/fr\/","name":"MioMioRun","description":"Boutique 100% running et trail","publisher":{"@id":"https:\/\/www.miomiorun.com\/fr\/#organization"},"potentialAction":[{"@type":"SearchAction","target":{"@type":"EntryPoint","urlTemplate":"https:\/\/www.miomiorun.com\/fr\/?s={search_term_string}"},"query-input":{"@type":"PropertyValueSpecification","valueRequired":true,"valueName":"search_term_string"}}],"inLanguage":"fr-FR"},{"@type":"Organization","@id":"https:\/\/www.miomiorun.com\/fr\/#organization","name":"MioMio Run","url":"https:\/\/www.miomiorun.com\/fr\/","logo":{"@type":"ImageObject","inLanguage":"fr-FR","@id":"https:\/\/www.miomiorun.com\/fr\/#\/schema\/logo\/image\/","url":"https:\/\/www.miomiorun.com\/app\/uploads\/2019\/12\/logomio.png","contentUrl":"https:\/\/www.miomiorun.com\/app\/uploads\/2019\/12\/logomio.png","width":115,"height":82,"caption":"MioMio Run"},"image":{"@id":"https:\/\/www.miomiorun.com\/fr\/#\/schema\/logo\/image\/"},"sameAs":["https:\/\/www.facebook.com\/miomiorun\/","https:\/\/www.instagram.com\/miomiorun\/"]}]}},"_links":{"self":[{"href":"https:\/\/www.miomiorun.com\/fr\/wp-json\/wp\/v2\/product\/288985","targetHints":{"allow":["GET"]}}],"collection":[{"href":"https:\/\/www.miomiorun.com\/fr\/wp-json\/wp\/v2\/product"}],"about":[{"href":"https:\/\/www.miomiorun.com\/fr\/wp-json\/wp\/v2\/types\/product"}],"wp:featuredmedia":[{"embeddable":true,"href":"https:\/\/www.miomiorun.com\/fr\/wp-json\/wp\/v2\/media\/244184"}],"wp:attachment":[{"href":"https:\/\/www.miomiorun.com\/fr\/wp-json\/wp\/v2\/media?parent=288985"}],"wp:term":[{"taxonomy":"product_brand","embeddable":true,"href":"https:\/\/www.miomiorun.com\/fr\/wp-json\/wp\/v2\/product_brand?post=288985"},{"taxonomy":"product_cat","embeddable":true,"href":"https:\/\/www.miomiorun.com\/fr\/wp-json\/wp\/v2\/product_cat?post=288985"},{"taxonomy":"product_tag","embeddable":true,"href":"https:\/\/www.miomiorun.com\/fr\/wp-json\/wp\/v2\/product_tag?post=288985"}],"curies":[{"name":"wp","href":"https:\/\/api.w.org\/{rel}","templated":true}]}}