{"id":288983,"date":"2023-11-17T16:01:49","date_gmt":"2023-11-17T15:01:49","guid":{"rendered":"https:\/\/miomiorun.com\/prodotto\/staffa-da-tubolare-per-piccolo-diametro-virb\/"},"modified":"2025-05-09T12:02:48","modified_gmt":"2025-05-09T10:02:48","slug":"support-de-tuyau-pour-virb-de-petit-diametre","status":"publish","type":"product","link":"https:\/\/www.miomiorun.com\/fr\/produit\/support-de-tuyau-pour-virb-de-petit-diametre\/","title":{"rendered":"Support de tuyau pour VIRB de petit diam\u00e8tre"},"content":{"rendered":"<div class=\"vc-row container\"><div class=\"vc-column\"><div class=\"vc-column-text\">Montez la VIRB sur un cadre tubulaire de petit diam\u00e8tre pour capturer tous les moments de votre aventure. Utilisez l&#8217;insert \u00e9pais ou fin pour ajuster parfaitement la monture et fixer solidement la cam\u00e9ra dans la position souhait\u00e9e.<\/p>\n<p>Les diam\u00e8tres des tubes flexibles vont de 0,35&#8243; \u00e0 0,95&#8243; et le support peut \u00eatre utilis\u00e9 sur une vari\u00e9t\u00e9 de structures tubulaires, y compris les b\u00e2tons de ski, les canons d&#8217;armes \u00e0 feu et plus encore. Le support comprend des joints d&#8217;embo\u00eetement qui permettent un ajustement s\u00fbr pour un verrouillage plus fiable, durable et sans vibration.<\/div><\/div><\/div>\n","protected":false},"excerpt":{"rendered":"","protected":false},"featured_media":243978,"template":"","meta":{"_acf_changed":false,"inline_featured_image":false},"product_brand":[],"product_cat":[22537,22566],"product_tag":[23480],"class_list":{"0":"post-288983","1":"product","2":"type-product","3":"status-publish","4":"has-post-thumbnail","6":"product_cat-garmin-fr","7":"product_cat-accessoires-fr","8":"product_tag-garmin-fr","9":"pa_marca-garmin-fr","10":"pa_sesso-femme","11":"pa_sesso-homme","13":"first","14":"instock","15":"sale","16":"taxable","17":"shipping-taxable","18":"purchasable","19":"product-type-simple"},"acf":[],"yoast_head":"<!-- This site is optimized with the Yoast SEO plugin v26.8 - https:\/\/yoast.com\/product\/yoast-seo-wordpress\/ -->\n<title>Garmin Support de tuyau pour VIRB de petit diam\u00e8tre - accessoires garmin - MioMioRun<\/title>\n<meta name=\"description\" content=\"Installez la VIRB sur un cadre tubulaire de petit diam\u00e8tre pour immortaliser tous les moments de votre aventure. D\u00e9couvrez-le avec nous\" \/>\n<meta name=\"robots\" content=\"index, follow, max-snippet:-1, max-image-preview:large, max-video-preview:-1\" \/>\n<link rel=\"canonical\" href=\"https:\/\/www.miomiorun.com\/fr\/produit\/support-de-tuyau-pour-virb-de-petit-diametre\/\" \/>\n<meta property=\"og:locale\" content=\"fr_FR\" \/>\n<meta property=\"og:type\" content=\"article\" \/>\n<meta property=\"og:title\" content=\"Garmin Support de tuyau pour VIRB de petit diam\u00e8tre - accessoires garmin - MioMioRun\" \/>\n<meta property=\"og:description\" content=\"Installez la VIRB sur un cadre tubulaire de petit diam\u00e8tre pour immortaliser tous les moments de votre aventure. D\u00e9couvrez-le avec nous\" \/>\n<meta property=\"og:url\" content=\"https:\/\/www.miomiorun.com\/fr\/produit\/support-de-tuyau-pour-virb-de-petit-diametre\/\" \/>\n<meta property=\"og:site_name\" content=\"MioMioRun\" \/>\n<meta property=\"article:publisher\" content=\"https:\/\/www.facebook.com\/miomiorun\/\" \/>\n<meta property=\"article:modified_time\" content=\"2025-05-09T10:02:48+00:00\" \/>\n<meta property=\"og:image\" content=\"https:\/\/www.miomiorun.com\/app\/uploads\/2023\/11\/garmin-STAFFA-VIRB-010-11921-15.jpg\" \/>\n\t<meta property=\"og:image:width\" content=\"600\" \/>\n\t<meta property=\"og:image:height\" content=\"600\" \/>\n\t<meta property=\"og:image:type\" content=\"image\/jpeg\" \/>\n<meta name=\"twitter:card\" content=\"summary_large_image\" \/>\n<meta name=\"twitter:label1\" content=\"Est. reading time\" \/>\n\t<meta name=\"twitter:data1\" content=\"1 minute\" \/>\n<script type=\"application\/ld+json\" class=\"yoast-schema-graph\">{\"@context\":\"https:\/\/schema.org\",\"@graph\":[{\"@type\":\"WebPage\",\"@id\":\"https:\/\/www.miomiorun.com\/fr\/produit\/support-de-tuyau-pour-virb-de-petit-diametre\/\",\"url\":\"https:\/\/www.miomiorun.com\/fr\/produit\/support-de-tuyau-pour-virb-de-petit-diametre\/\",\"name\":\"Garmin Support de tuyau pour VIRB de petit diam\u00e8tre - accessoires garmin - MioMioRun\",\"isPartOf\":{\"@id\":\"https:\/\/www.miomiorun.com\/fr\/#website\"},\"primaryImageOfPage\":{\"@id\":\"https:\/\/www.miomiorun.com\/fr\/produit\/support-de-tuyau-pour-virb-de-petit-diametre\/#primaryimage\"},\"image\":{\"@id\":\"https:\/\/www.miomiorun.com\/fr\/produit\/support-de-tuyau-pour-virb-de-petit-diametre\/#primaryimage\"},\"thumbnailUrl\":\"https:\/\/www.miomiorun.com\/app\/uploads\/2023\/11\/garmin-STAFFA-VIRB-010-11921-15.jpg\",\"datePublished\":\"2023-11-17T15:01:49+00:00\",\"dateModified\":\"2025-05-09T10:02:48+00:00\",\"description\":\"Installez la VIRB sur un cadre tubulaire de petit diam\u00e8tre pour immortaliser tous les moments de votre aventure. D\u00e9couvrez-le avec nous\",\"breadcrumb\":{\"@id\":\"https:\/\/www.miomiorun.com\/fr\/produit\/support-de-tuyau-pour-virb-de-petit-diametre\/#breadcrumb\"},\"inLanguage\":\"fr-FR\",\"potentialAction\":[{\"@type\":\"ReadAction\",\"target\":[\"https:\/\/www.miomiorun.com\/fr\/produit\/support-de-tuyau-pour-virb-de-petit-diametre\/\"]}]},{\"@type\":\"ImageObject\",\"inLanguage\":\"fr-FR\",\"@id\":\"https:\/\/www.miomiorun.com\/fr\/produit\/support-de-tuyau-pour-virb-de-petit-diametre\/#primaryimage\",\"url\":\"https:\/\/www.miomiorun.com\/app\/uploads\/2023\/11\/garmin-STAFFA-VIRB-010-11921-15.jpg\",\"contentUrl\":\"https:\/\/www.miomiorun.com\/app\/uploads\/2023\/11\/garmin-STAFFA-VIRB-010-11921-15.jpg\",\"width\":600,\"height\":600,\"caption\":\"garmin-STAFFA-VIRB-010-11921-15\"},{\"@type\":\"BreadcrumbList\",\"@id\":\"https:\/\/www.miomiorun.com\/fr\/produit\/support-de-tuyau-pour-virb-de-petit-diametre\/#breadcrumb\",\"itemListElement\":[{\"@type\":\"ListItem\",\"position\":1,\"name\":\"Home\",\"item\":\"https:\/\/www.miomiorun.com\/fr\/home-page\/\"},{\"@type\":\"ListItem\",\"position\":2,\"name\":\"Shop\",\"item\":\"https:\/\/www.miomiorun.com\/shop\/\"},{\"@type\":\"ListItem\",\"position\":3,\"name\":\"Support de tuyau pour VIRB de petit diam\u00e8tre\"}]},{\"@type\":\"WebSite\",\"@id\":\"https:\/\/www.miomiorun.com\/fr\/#website\",\"url\":\"https:\/\/www.miomiorun.com\/fr\/\",\"name\":\"MioMioRun\",\"description\":\"Boutique 100% running et trail\",\"publisher\":{\"@id\":\"https:\/\/www.miomiorun.com\/fr\/#organization\"},\"potentialAction\":[{\"@type\":\"SearchAction\",\"target\":{\"@type\":\"EntryPoint\",\"urlTemplate\":\"https:\/\/www.miomiorun.com\/fr\/?s={search_term_string}\"},\"query-input\":{\"@type\":\"PropertyValueSpecification\",\"valueRequired\":true,\"valueName\":\"search_term_string\"}}],\"inLanguage\":\"fr-FR\"},{\"@type\":\"Organization\",\"@id\":\"https:\/\/www.miomiorun.com\/fr\/#organization\",\"name\":\"MioMio Run\",\"url\":\"https:\/\/www.miomiorun.com\/fr\/\",\"logo\":{\"@type\":\"ImageObject\",\"inLanguage\":\"fr-FR\",\"@id\":\"https:\/\/www.miomiorun.com\/fr\/#\/schema\/logo\/image\/\",\"url\":\"https:\/\/www.miomiorun.com\/app\/uploads\/2019\/12\/logomio.png\",\"contentUrl\":\"https:\/\/www.miomiorun.com\/app\/uploads\/2019\/12\/logomio.png\",\"width\":115,\"height\":82,\"caption\":\"MioMio Run\"},\"image\":{\"@id\":\"https:\/\/www.miomiorun.com\/fr\/#\/schema\/logo\/image\/\"},\"sameAs\":[\"https:\/\/www.facebook.com\/miomiorun\/\",\"https:\/\/www.instagram.com\/miomiorun\/\"]}]}<\/script>\n<!-- \/ Yoast SEO plugin. -->","yoast_head_json":{"title":"Garmin Support de tuyau pour VIRB de petit diam\u00e8tre - accessoires garmin - MioMioRun","description":"Installez la VIRB sur un cadre tubulaire de petit diam\u00e8tre pour immortaliser tous les moments de votre aventure. D\u00e9couvrez-le avec nous","robots":{"index":"index","follow":"follow","max-snippet":"max-snippet:-1","max-image-preview":"max-image-preview:large","max-video-preview":"max-video-preview:-1"},"canonical":"https:\/\/www.miomiorun.com\/fr\/produit\/support-de-tuyau-pour-virb-de-petit-diametre\/","og_locale":"fr_FR","og_type":"article","og_title":"Garmin Support de tuyau pour VIRB de petit diam\u00e8tre - accessoires garmin - MioMioRun","og_description":"Installez la VIRB sur un cadre tubulaire de petit diam\u00e8tre pour immortaliser tous les moments de votre aventure. D\u00e9couvrez-le avec nous","og_url":"https:\/\/www.miomiorun.com\/fr\/produit\/support-de-tuyau-pour-virb-de-petit-diametre\/","og_site_name":"MioMioRun","article_publisher":"https:\/\/www.facebook.com\/miomiorun\/","article_modified_time":"2025-05-09T10:02:48+00:00","og_image":[{"width":600,"height":600,"url":"https:\/\/www.miomiorun.com\/app\/uploads\/2023\/11\/garmin-STAFFA-VIRB-010-11921-15.jpg","type":"image\/jpeg"}],"twitter_card":"summary_large_image","twitter_misc":{"Est. reading time":"1 minute"},"schema":{"@context":"https:\/\/schema.org","@graph":[{"@type":"WebPage","@id":"https:\/\/www.miomiorun.com\/fr\/produit\/support-de-tuyau-pour-virb-de-petit-diametre\/","url":"https:\/\/www.miomiorun.com\/fr\/produit\/support-de-tuyau-pour-virb-de-petit-diametre\/","name":"Garmin Support de tuyau pour VIRB de petit diam\u00e8tre - accessoires garmin - MioMioRun","isPartOf":{"@id":"https:\/\/www.miomiorun.com\/fr\/#website"},"primaryImageOfPage":{"@id":"https:\/\/www.miomiorun.com\/fr\/produit\/support-de-tuyau-pour-virb-de-petit-diametre\/#primaryimage"},"image":{"@id":"https:\/\/www.miomiorun.com\/fr\/produit\/support-de-tuyau-pour-virb-de-petit-diametre\/#primaryimage"},"thumbnailUrl":"https:\/\/www.miomiorun.com\/app\/uploads\/2023\/11\/garmin-STAFFA-VIRB-010-11921-15.jpg","datePublished":"2023-11-17T15:01:49+00:00","dateModified":"2025-05-09T10:02:48+00:00","description":"Installez la VIRB sur un cadre tubulaire de petit diam\u00e8tre pour immortaliser tous les moments de votre aventure. D\u00e9couvrez-le avec nous","breadcrumb":{"@id":"https:\/\/www.miomiorun.com\/fr\/produit\/support-de-tuyau-pour-virb-de-petit-diametre\/#breadcrumb"},"inLanguage":"fr-FR","potentialAction":[{"@type":"ReadAction","target":["https:\/\/www.miomiorun.com\/fr\/produit\/support-de-tuyau-pour-virb-de-petit-diametre\/"]}]},{"@type":"ImageObject","inLanguage":"fr-FR","@id":"https:\/\/www.miomiorun.com\/fr\/produit\/support-de-tuyau-pour-virb-de-petit-diametre\/#primaryimage","url":"https:\/\/www.miomiorun.com\/app\/uploads\/2023\/11\/garmin-STAFFA-VIRB-010-11921-15.jpg","contentUrl":"https:\/\/www.miomiorun.com\/app\/uploads\/2023\/11\/garmin-STAFFA-VIRB-010-11921-15.jpg","width":600,"height":600,"caption":"garmin-STAFFA-VIRB-010-11921-15"},{"@type":"BreadcrumbList","@id":"https:\/\/www.miomiorun.com\/fr\/produit\/support-de-tuyau-pour-virb-de-petit-diametre\/#breadcrumb","itemListElement":[{"@type":"ListItem","position":1,"name":"Home","item":"https:\/\/www.miomiorun.com\/fr\/home-page\/"},{"@type":"ListItem","position":2,"name":"Shop","item":"https:\/\/www.miomiorun.com\/shop\/"},{"@type":"ListItem","position":3,"name":"Support de tuyau pour VIRB de petit diam\u00e8tre"}]},{"@type":"WebSite","@id":"https:\/\/www.miomiorun.com\/fr\/#website","url":"https:\/\/www.miomiorun.com\/fr\/","name":"MioMioRun","description":"Boutique 100% running et trail","publisher":{"@id":"https:\/\/www.miomiorun.com\/fr\/#organization"},"potentialAction":[{"@type":"SearchAction","target":{"@type":"EntryPoint","urlTemplate":"https:\/\/www.miomiorun.com\/fr\/?s={search_term_string}"},"query-input":{"@type":"PropertyValueSpecification","valueRequired":true,"valueName":"search_term_string"}}],"inLanguage":"fr-FR"},{"@type":"Organization","@id":"https:\/\/www.miomiorun.com\/fr\/#organization","name":"MioMio Run","url":"https:\/\/www.miomiorun.com\/fr\/","logo":{"@type":"ImageObject","inLanguage":"fr-FR","@id":"https:\/\/www.miomiorun.com\/fr\/#\/schema\/logo\/image\/","url":"https:\/\/www.miomiorun.com\/app\/uploads\/2019\/12\/logomio.png","contentUrl":"https:\/\/www.miomiorun.com\/app\/uploads\/2019\/12\/logomio.png","width":115,"height":82,"caption":"MioMio Run"},"image":{"@id":"https:\/\/www.miomiorun.com\/fr\/#\/schema\/logo\/image\/"},"sameAs":["https:\/\/www.facebook.com\/miomiorun\/","https:\/\/www.instagram.com\/miomiorun\/"]}]}},"_links":{"self":[{"href":"https:\/\/www.miomiorun.com\/fr\/wp-json\/wp\/v2\/product\/288983","targetHints":{"allow":["GET"]}}],"collection":[{"href":"https:\/\/www.miomiorun.com\/fr\/wp-json\/wp\/v2\/product"}],"about":[{"href":"https:\/\/www.miomiorun.com\/fr\/wp-json\/wp\/v2\/types\/product"}],"wp:featuredmedia":[{"embeddable":true,"href":"https:\/\/www.miomiorun.com\/fr\/wp-json\/wp\/v2\/media\/243978"}],"wp:attachment":[{"href":"https:\/\/www.miomiorun.com\/fr\/wp-json\/wp\/v2\/media?parent=288983"}],"wp:term":[{"taxonomy":"product_brand","embeddable":true,"href":"https:\/\/www.miomiorun.com\/fr\/wp-json\/wp\/v2\/product_brand?post=288983"},{"taxonomy":"product_cat","embeddable":true,"href":"https:\/\/www.miomiorun.com\/fr\/wp-json\/wp\/v2\/product_cat?post=288983"},{"taxonomy":"product_tag","embeddable":true,"href":"https:\/\/www.miomiorun.com\/fr\/wp-json\/wp\/v2\/product_tag?post=288983"}],"curies":[{"name":"wp","href":"https:\/\/api.w.org\/{rel}","templated":true}]}}