{"id":288931,"date":"2023-11-29T19:12:35","date_gmt":"2023-11-29T18:12:35","guid":{"rendered":"https:\/\/miomiorun.com\/prodotto\/hs-inner-glove-mf-touch\/"},"modified":"2026-05-08T21:56:04","modified_gmt":"2026-05-08T19:56:04","slug":"hs-inner-glove-mf-touch","status":"publish","type":"product","link":"https:\/\/www.miomiorun.com\/fr\/produit\/hs-inner-glove-mf-touch\/","title":{"rendered":"HS Inner Glove mf touch"},"content":{"rendered":"<div id=\"tw-target-text-container\" class=\"tw-ta-container F0azHf tw-nfl\" tabindex=\"0\">\n<p id=\"tw-target-text\" class=\"tw-data-text tw-text-large XcVN5d tw-ta\" dir=\"ltr\" data-placeholder=\"Traduzione\"><span class=\"Y2IQFc\" lang=\"it\">Gant int\u00e9rieur confortable en polaire extensible qui favorise les mouvements. Le Inner Glove MF Touch est \u00e9quip\u00e9 de l&#8217;astucieuse technologie LEKI mf Touch au bout du pouce et de l&#8217;index : vous pouvez ainsi utiliser votre smartphone sans avoir \u00e0 retirer le gant.<\/span><\/p>\n<\/div>\n<div class=\"col-7 col-lg-6 product-highlight-content-container\">\n<div class=\"product-highlight-headline\">\n<h3 class=\"product-headline\">Polyvalent<\/h3>\n<\/div>\n<div class=\"product-highlight-content\">\n<p>Gant polyvalent sans syst\u00e8me d&#8217;anneau int\u00e9gr\u00e9<\/p>\n<div class=\"col-7 col-lg-6 product-highlight-content-container\">\n<div class=\"product-highlight-headline\">\n<h3 class=\"product-headline\">Coupe confort<\/h3>\n<\/div>\n<div class=\"product-highlight-content\">\n<p>Une taille un peu plus confortable pour un maximum de confort et des mains toujours chaudes.<\/p>\n<div class=\"col-7 col-lg-6 product-highlight-content-container\">\n<div class=\"product-highlight-headline\">\n<h3 class=\"product-headline\">Les principes de base<\/h3>\n<\/div>\n<div class=\"product-highlight-content\">\n<p>Le niveau de chaleur d\u00e9pend des mat\u00e9riaux qui composent l&#8217;enveloppe, l&#8217;isolation et la doublure int\u00e9rieure, ainsi que des caract\u00e9ristiques hydrophobes du gant. Le confort et la structure influencent \u00e9galement le niveau de chaleur.<\/p>\n<\/div>\n<\/div>\n<\/div>\n<\/div>\n<\/div>\n<\/div>\n<div id=\"tw-target-text-container\" class=\"tw-ta-container F0azHf tw-nfl\" tabindex=\"0\">\n<p class=\"tw-data-text tw-text-large XcVN5d tw-ta\" dir=\"ltr\" data-placeholder=\"Traduzione\"><span class=\"Y2IQFc\" lang=\"it\"><strong>SMART GLOVES :<\/strong><\/span><\/p>\n<p class=\"tw-data-text tw-text-large XcVN5d tw-ta\" dir=\"ltr\" data-placeholder=\"Traduzione\"><span class=\"Y2IQFc\" lang=\"it\">Ces gants de ski Leki sont compatibles avec votre smartphone : gr\u00e2ce \u00e0 la technologie LEKI MF Touch sur le pouce et l&#8217;index, vous pouvez facilement regarder votre smartphone sans avoir \u00e0 les glisser.<\/span><\/p>\n<p class=\"tw-data-text tw-text-large XcVN5d tw-ta\" dir=\"ltr\" data-placeholder=\"Traduzione\"><span class=\"Y2IQFc\" lang=\"it\"><strong>CHALEUR GARANTIE :<\/strong><\/span><\/p>\n<p class=\"tw-data-text tw-text-large XcVN5d tw-ta\" dir=\"ltr\" data-placeholder=\"Traduzione\"><span class=\"Y2IQFc\" lang=\"it\">Ces gants de ski Leki offrent chaleur et confort m\u00eame lorsque les temp\u00e9ratures sont plus froides gr\u00e2ce aux mat\u00e9riaux isolants et hydrophobes.<\/span><\/p>\n<\/div>\n<div id=\"tw-target-rmn-container\" class=\"tw-target-rmn tw-ta-container F0azHf tw-nfl\">\n<pre id=\"tw-target-rmn\" class=\"tw-data-placeholder tw-text-small tw-ta\" dir=\"ltr\" data-placeholder=\"\">\r\n\r\n<\/pre>\n<\/div>\n","protected":false},"excerpt":{"rendered":"<p><span style=\"font-weight: 400;\">\u00a0<\/span><\/p>\n<p>&nbsp;<\/p>\n","protected":false},"featured_media":244162,"template":"","meta":{"_acf_changed":false,"inline_featured_image":false},"product_brand":[],"product_cat":[22581,22538],"product_tag":[23596,24173,23626],"class_list":{"0":"post-288931","1":"product","2":"type-product","3":"status-publish","4":"has-post-thumbnail","6":"product_cat-gants","7":"product_cat-accessoires","8":"product_tag-leki-fr","9":"product_tag-leki-femme","10":"product_tag-leki-homme","11":"pa_attivita-marcher","12":"pa_attivita-outdoor-fr","13":"pa_attivita-running-fr","14":"pa_attivita-trail-fr","15":"pa_colore-hs-inner-glove-mf-touch-black-fr","16":"pa_marca-leki-fr","17":"pa_sesso-femme","18":"pa_sesso-homme","19":"pa_size-7-fr","20":"pa_size-7-5-fr","21":"pa_size-8-fr","22":"pa_size-8-5-fr","23":"pa_size-9-fr","24":"pa_size-9-5-fr","25":"pa_size-10-fr","27":"first","28":"instock","29":"sale","30":"taxable","31":"shipping-taxable","32":"purchasable","33":"product-type-variable","34":"wvs-archive-product-wrapper"},"acf":[],"yoast_head":"<!-- This site is optimized with the Yoast SEO plugin v26.8 - https:\/\/yoast.com\/product\/yoast-seo-wordpress\/ -->\n<title>Leki HS Inner Glove mf touch - Gants de course- MioMioRun<\/title>\n<meta name=\"description\" content=\"Gant int\u00e9rieur confortable en polaire extensible qui favorise les mouvements. Le gant int\u00e9rieur MF Touch vous permet d&#039;utiliser votre smartphone sans avoir \u00e0 retirer le gant.\" \/>\n<meta name=\"robots\" content=\"index, follow, max-snippet:-1, max-image-preview:large, max-video-preview:-1\" \/>\n<link rel=\"canonical\" href=\"https:\/\/www.miomiorun.com\/fr\/produit\/hs-inner-glove-mf-touch\/\" \/>\n<meta property=\"og:locale\" content=\"fr_FR\" \/>\n<meta property=\"og:type\" content=\"article\" \/>\n<meta property=\"og:title\" content=\"Leki HS Inner Glove mf touch - Gants de course- MioMioRun\" \/>\n<meta property=\"og:description\" content=\"Gant int\u00e9rieur confortable en polaire extensible qui favorise les mouvements. Le gant int\u00e9rieur MF Touch vous permet d&#039;utiliser votre smartphone sans avoir \u00e0 retirer le gant.\" \/>\n<meta property=\"og:url\" content=\"https:\/\/www.miomiorun.com\/fr\/produit\/hs-inner-glove-mf-touch\/\" \/>\n<meta property=\"og:site_name\" content=\"MioMioRun\" \/>\n<meta property=\"article:publisher\" content=\"https:\/\/www.facebook.com\/miomiorun\/\" \/>\n<meta property=\"article:modified_time\" content=\"2026-05-08T19:56:04+00:00\" \/>\n<meta property=\"og:image\" content=\"https:\/\/www.miomiorun.com\/app\/uploads\/2023\/11\/leki-HS-inner-glove-mf-touch-black-653814301.jpg\" \/>\n\t<meta property=\"og:image:width\" content=\"600\" \/>\n\t<meta property=\"og:image:height\" content=\"600\" \/>\n\t<meta property=\"og:image:type\" content=\"image\/jpeg\" \/>\n<meta name=\"twitter:card\" content=\"summary_large_image\" \/>\n<meta name=\"twitter:label1\" content=\"Est. reading time\" \/>\n\t<meta name=\"twitter:data1\" content=\"1 minute\" \/>\n<script type=\"application\/ld+json\" class=\"yoast-schema-graph\">{\"@context\":\"https:\/\/schema.org\",\"@graph\":[{\"@type\":\"WebPage\",\"@id\":\"https:\/\/www.miomiorun.com\/fr\/produit\/hs-inner-glove-mf-touch\/\",\"url\":\"https:\/\/www.miomiorun.com\/fr\/produit\/hs-inner-glove-mf-touch\/\",\"name\":\"Leki HS Inner Glove mf touch - Gants de course- MioMioRun\",\"isPartOf\":{\"@id\":\"https:\/\/www.miomiorun.com\/fr\/#website\"},\"primaryImageOfPage\":{\"@id\":\"https:\/\/www.miomiorun.com\/fr\/produit\/hs-inner-glove-mf-touch\/#primaryimage\"},\"image\":{\"@id\":\"https:\/\/www.miomiorun.com\/fr\/produit\/hs-inner-glove-mf-touch\/#primaryimage\"},\"thumbnailUrl\":\"https:\/\/www.miomiorun.com\/app\/uploads\/2023\/11\/leki-HS-inner-glove-mf-touch-black-653814301.jpg\",\"datePublished\":\"2023-11-29T18:12:35+00:00\",\"dateModified\":\"2026-05-08T19:56:04+00:00\",\"description\":\"Gant int\u00e9rieur confortable en polaire extensible qui favorise les mouvements. Le gant int\u00e9rieur MF Touch vous permet d'utiliser votre smartphone sans avoir \u00e0 retirer le gant.\",\"breadcrumb\":{\"@id\":\"https:\/\/www.miomiorun.com\/fr\/produit\/hs-inner-glove-mf-touch\/#breadcrumb\"},\"inLanguage\":\"fr-FR\",\"potentialAction\":[{\"@type\":\"ReadAction\",\"target\":[\"https:\/\/www.miomiorun.com\/fr\/produit\/hs-inner-glove-mf-touch\/\"]}]},{\"@type\":\"ImageObject\",\"inLanguage\":\"fr-FR\",\"@id\":\"https:\/\/www.miomiorun.com\/fr\/produit\/hs-inner-glove-mf-touch\/#primaryimage\",\"url\":\"https:\/\/www.miomiorun.com\/app\/uploads\/2023\/11\/leki-HS-inner-glove-mf-touch-black-653814301.jpg\",\"contentUrl\":\"https:\/\/www.miomiorun.com\/app\/uploads\/2023\/11\/leki-HS-inner-glove-mf-touch-black-653814301.jpg\",\"width\":600,\"height\":600,\"caption\":\"leki-HS-inner-glove-mf-touch-black-653814301\"},{\"@type\":\"BreadcrumbList\",\"@id\":\"https:\/\/www.miomiorun.com\/fr\/produit\/hs-inner-glove-mf-touch\/#breadcrumb\",\"itemListElement\":[{\"@type\":\"ListItem\",\"position\":1,\"name\":\"Home\",\"item\":\"https:\/\/www.miomiorun.com\/fr\/home-page\/\"},{\"@type\":\"ListItem\",\"position\":2,\"name\":\"Shop\",\"item\":\"https:\/\/www.miomiorun.com\/shop\/\"},{\"@type\":\"ListItem\",\"position\":3,\"name\":\"HS Inner Glove mf touch\"}]},{\"@type\":\"WebSite\",\"@id\":\"https:\/\/www.miomiorun.com\/fr\/#website\",\"url\":\"https:\/\/www.miomiorun.com\/fr\/\",\"name\":\"MioMioRun\",\"description\":\"Boutique 100% running et trail\",\"publisher\":{\"@id\":\"https:\/\/www.miomiorun.com\/fr\/#organization\"},\"potentialAction\":[{\"@type\":\"SearchAction\",\"target\":{\"@type\":\"EntryPoint\",\"urlTemplate\":\"https:\/\/www.miomiorun.com\/fr\/?s={search_term_string}\"},\"query-input\":{\"@type\":\"PropertyValueSpecification\",\"valueRequired\":true,\"valueName\":\"search_term_string\"}}],\"inLanguage\":\"fr-FR\"},{\"@type\":\"Organization\",\"@id\":\"https:\/\/www.miomiorun.com\/fr\/#organization\",\"name\":\"MioMio Run\",\"url\":\"https:\/\/www.miomiorun.com\/fr\/\",\"logo\":{\"@type\":\"ImageObject\",\"inLanguage\":\"fr-FR\",\"@id\":\"https:\/\/www.miomiorun.com\/fr\/#\/schema\/logo\/image\/\",\"url\":\"https:\/\/www.miomiorun.com\/app\/uploads\/2019\/12\/logomio.png\",\"contentUrl\":\"https:\/\/www.miomiorun.com\/app\/uploads\/2019\/12\/logomio.png\",\"width\":115,\"height\":82,\"caption\":\"MioMio Run\"},\"image\":{\"@id\":\"https:\/\/www.miomiorun.com\/fr\/#\/schema\/logo\/image\/\"},\"sameAs\":[\"https:\/\/www.facebook.com\/miomiorun\/\",\"https:\/\/www.instagram.com\/miomiorun\/\"]}]}<\/script>\n<!-- \/ Yoast SEO plugin. -->","yoast_head_json":{"title":"Leki HS Inner Glove mf touch - Gants de course- MioMioRun","description":"Gant int\u00e9rieur confortable en polaire extensible qui favorise les mouvements. Le gant int\u00e9rieur MF Touch vous permet d'utiliser votre smartphone sans avoir \u00e0 retirer le gant.","robots":{"index":"index","follow":"follow","max-snippet":"max-snippet:-1","max-image-preview":"max-image-preview:large","max-video-preview":"max-video-preview:-1"},"canonical":"https:\/\/www.miomiorun.com\/fr\/produit\/hs-inner-glove-mf-touch\/","og_locale":"fr_FR","og_type":"article","og_title":"Leki HS Inner Glove mf touch - Gants de course- MioMioRun","og_description":"Gant int\u00e9rieur confortable en polaire extensible qui favorise les mouvements. Le gant int\u00e9rieur MF Touch vous permet d'utiliser votre smartphone sans avoir \u00e0 retirer le gant.","og_url":"https:\/\/www.miomiorun.com\/fr\/produit\/hs-inner-glove-mf-touch\/","og_site_name":"MioMioRun","article_publisher":"https:\/\/www.facebook.com\/miomiorun\/","article_modified_time":"2026-05-08T19:56:04+00:00","og_image":[{"width":600,"height":600,"url":"https:\/\/www.miomiorun.com\/app\/uploads\/2023\/11\/leki-HS-inner-glove-mf-touch-black-653814301.jpg","type":"image\/jpeg"}],"twitter_card":"summary_large_image","twitter_misc":{"Est. reading time":"1 minute"},"schema":{"@context":"https:\/\/schema.org","@graph":[{"@type":"WebPage","@id":"https:\/\/www.miomiorun.com\/fr\/produit\/hs-inner-glove-mf-touch\/","url":"https:\/\/www.miomiorun.com\/fr\/produit\/hs-inner-glove-mf-touch\/","name":"Leki HS Inner Glove mf touch - Gants de course- MioMioRun","isPartOf":{"@id":"https:\/\/www.miomiorun.com\/fr\/#website"},"primaryImageOfPage":{"@id":"https:\/\/www.miomiorun.com\/fr\/produit\/hs-inner-glove-mf-touch\/#primaryimage"},"image":{"@id":"https:\/\/www.miomiorun.com\/fr\/produit\/hs-inner-glove-mf-touch\/#primaryimage"},"thumbnailUrl":"https:\/\/www.miomiorun.com\/app\/uploads\/2023\/11\/leki-HS-inner-glove-mf-touch-black-653814301.jpg","datePublished":"2023-11-29T18:12:35+00:00","dateModified":"2026-05-08T19:56:04+00:00","description":"Gant int\u00e9rieur confortable en polaire extensible qui favorise les mouvements. Le gant int\u00e9rieur MF Touch vous permet d'utiliser votre smartphone sans avoir \u00e0 retirer le gant.","breadcrumb":{"@id":"https:\/\/www.miomiorun.com\/fr\/produit\/hs-inner-glove-mf-touch\/#breadcrumb"},"inLanguage":"fr-FR","potentialAction":[{"@type":"ReadAction","target":["https:\/\/www.miomiorun.com\/fr\/produit\/hs-inner-glove-mf-touch\/"]}]},{"@type":"ImageObject","inLanguage":"fr-FR","@id":"https:\/\/www.miomiorun.com\/fr\/produit\/hs-inner-glove-mf-touch\/#primaryimage","url":"https:\/\/www.miomiorun.com\/app\/uploads\/2023\/11\/leki-HS-inner-glove-mf-touch-black-653814301.jpg","contentUrl":"https:\/\/www.miomiorun.com\/app\/uploads\/2023\/11\/leki-HS-inner-glove-mf-touch-black-653814301.jpg","width":600,"height":600,"caption":"leki-HS-inner-glove-mf-touch-black-653814301"},{"@type":"BreadcrumbList","@id":"https:\/\/www.miomiorun.com\/fr\/produit\/hs-inner-glove-mf-touch\/#breadcrumb","itemListElement":[{"@type":"ListItem","position":1,"name":"Home","item":"https:\/\/www.miomiorun.com\/fr\/home-page\/"},{"@type":"ListItem","position":2,"name":"Shop","item":"https:\/\/www.miomiorun.com\/shop\/"},{"@type":"ListItem","position":3,"name":"HS Inner Glove mf touch"}]},{"@type":"WebSite","@id":"https:\/\/www.miomiorun.com\/fr\/#website","url":"https:\/\/www.miomiorun.com\/fr\/","name":"MioMioRun","description":"Boutique 100% running et trail","publisher":{"@id":"https:\/\/www.miomiorun.com\/fr\/#organization"},"potentialAction":[{"@type":"SearchAction","target":{"@type":"EntryPoint","urlTemplate":"https:\/\/www.miomiorun.com\/fr\/?s={search_term_string}"},"query-input":{"@type":"PropertyValueSpecification","valueRequired":true,"valueName":"search_term_string"}}],"inLanguage":"fr-FR"},{"@type":"Organization","@id":"https:\/\/www.miomiorun.com\/fr\/#organization","name":"MioMio Run","url":"https:\/\/www.miomiorun.com\/fr\/","logo":{"@type":"ImageObject","inLanguage":"fr-FR","@id":"https:\/\/www.miomiorun.com\/fr\/#\/schema\/logo\/image\/","url":"https:\/\/www.miomiorun.com\/app\/uploads\/2019\/12\/logomio.png","contentUrl":"https:\/\/www.miomiorun.com\/app\/uploads\/2019\/12\/logomio.png","width":115,"height":82,"caption":"MioMio Run"},"image":{"@id":"https:\/\/www.miomiorun.com\/fr\/#\/schema\/logo\/image\/"},"sameAs":["https:\/\/www.facebook.com\/miomiorun\/","https:\/\/www.instagram.com\/miomiorun\/"]}]}},"_links":{"self":[{"href":"https:\/\/www.miomiorun.com\/fr\/wp-json\/wp\/v2\/product\/288931","targetHints":{"allow":["GET"]}}],"collection":[{"href":"https:\/\/www.miomiorun.com\/fr\/wp-json\/wp\/v2\/product"}],"about":[{"href":"https:\/\/www.miomiorun.com\/fr\/wp-json\/wp\/v2\/types\/product"}],"wp:featuredmedia":[{"embeddable":true,"href":"https:\/\/www.miomiorun.com\/fr\/wp-json\/wp\/v2\/media\/244162"}],"wp:attachment":[{"href":"https:\/\/www.miomiorun.com\/fr\/wp-json\/wp\/v2\/media?parent=288931"}],"wp:term":[{"taxonomy":"product_brand","embeddable":true,"href":"https:\/\/www.miomiorun.com\/fr\/wp-json\/wp\/v2\/product_brand?post=288931"},{"taxonomy":"product_cat","embeddable":true,"href":"https:\/\/www.miomiorun.com\/fr\/wp-json\/wp\/v2\/product_cat?post=288931"},{"taxonomy":"product_tag","embeddable":true,"href":"https:\/\/www.miomiorun.com\/fr\/wp-json\/wp\/v2\/product_tag?post=288931"}],"curies":[{"name":"wp","href":"https:\/\/api.w.org\/{rel}","templated":true}]}}